{"id":11591,"date":"2025-06-23T13:51:06","date_gmt":"2025-06-23T13:51:06","guid":{"rendered":"https:\/\/xenonkungen.com\/produkt\/interior-led-list-770mmon-offsvart\/"},"modified":"2026-04-11T00:48:03","modified_gmt":"2026-04-10T23:48:03","slug":"innvendig-led-stripe-770-mm-off-svart","status":"publish","type":"product","link":"https:\/\/xenonkungen.com\/no\/produkt\/innvendig-led-stripe-770-mm-off-svart\/","title":{"rendered":"Innvendig LED-stripe 770 mm \/ P\u00c5 \/ AV \/ Svart"},"content":{"rendered":"<h1>Elegant innvendig arbeidsbelysning<\/h1>\n<p>Denne innvendige arbeidslampen av h\u00f8y kvalitet er utviklet for \u00e5 dekke behovet for hvit dagslysbelysning i kj\u00f8ret\u00f8y, servicebiler, campingvogner med mer. Den ber\u00f8ringsf\u00f8lsomme av\/p\u00e5-knappen og den robuste aluminiumsprofilen gj\u00f8r den enkel \u00e5 bruke og slitesterk.<\/p>\n<h2>Funksjoner og fordeler<\/h2>\n<ul>\n<li>Dagslyshvit (6500K) LED-belysning for optimalt arbeidsmilj\u00f8.<\/li>\n<li>Ber\u00f8ringsf\u00f8lsom av\/p\u00e5-knapp for rask og enkel kontroll av lyset.<\/li>\n<li>Slank og stabil aluminiumsprofil for en diskret og holdbar installasjon.<\/li>\n<li>Slagfast, frostet polykarbonatlinse for jevn lysfordeling.<\/li>\n<li>St\u00f8t- og vibrasjonsbestandig, helt nedsenkbar og sikker mot h\u00f8ytrykksspyling, IP67-klassifisert.<\/li>\n<li>Solid elektrolyttfarget aluminiumsramme for langvarig bruk.<\/li>\n<\/ul>\n<p>Denne arbeidslampen er ikke bare funksjonell, men ogs\u00e5 estetisk tiltalende, noe som gj\u00f8r den til et perfekt valg for alle som setter pris p\u00e5 b\u00e5de kvalitet og design i arbeidsmilj\u00f8et sitt.<\/p>\n<p>Ber\u00f8ringsf\u00f8lsom av\/p\u00e5-bryter<\/p>","protected":false},"excerpt":{"rendered":"<p>Slimmad Interi\u00f6r Arbetsbelysning Denna h\u00f6gkvalitativa interi\u00f6r arbetsbelysning \u00e4r designad f\u00f6r att tillgodose behovet av dagsljusvit belysning i fordon, servicebilar, husvagnar med mera. Dess ber\u00f6ringsk\u00e4nsliga av\/p\u00e5 knapp och den stabila aluminiumprofilen erbjuder anv\u00e4ndarv\u00e4nlighet och h\u00e5llbarhet. Egenskaper och F\u00f6rdelar Dagsljusvit (6500K) LED-belysning f\u00f6r optimal arbetsmilj\u00f6. Ber\u00f6ringsk\u00e4nslig av\/p\u00e5 knapp f\u00f6r snabb och smidig ljuskontroll. Slimmad och stabil aluminiumprofil [&hellip;]<\/p>","protected":false},"featured_media":10797,"comment_status":"closed","ping_status":"closed","template":"","meta":{"_acf_changed":false,"_smort_price_nok":"475","_smort_price_dkk":"302","_smort_price_eur":"40.45","_smort_sale_price_nok":"","_smort_sale_price_dkk":"","_smort_sale_price_eur":"","smort_restorder":"","shipmondo_restorder":"","_kad_blocks_custom_css":"","_kad_blocks_head_custom_js":"","_kad_blocks_body_custom_js":"","_kad_blocks_footer_custom_js":"","smort_custom_pricelist_1":"425.6","smort_custom_pricelist_2":"425.6","smort_custom_pricelist_3":"404.32","smort_custom_pricelist_4":"608","smort_custom_pricelist_5":"425.6"},"anvandningsomrade":[166,238,2816],"bilmarken":[],"product_brand":[1252],"product_cat":[2586],"product_tag":[],"class_list":{"0":"post-11591","1":"product","2":"type-product","3":"status-publish","4":"has-post-thumbnail","6":"anvandningsomrade-lastbil","7":"anvandningsomrade-slap","8":"anvandningsomrade-trailer","9":"product_brand-lea","10":"product_cat-interiorbelysning-slap","11":"pa_fargtemperatur-6500k","12":"pa_fuktskydd-varde-ipxx-ip67","13":"pa_storlek-mm-770x40x11","14":"pa_stromforbrukning-07a-28v","15":"pa_stromforbrukning-14a-138v","16":"pa_volt-v-159","17":"pa_volt-v-160","19":"first","20":"instock","21":"taxable","22":"shipping-taxable","23":"purchasable","24":"product-type-variable"},"bundled_by":[],"bundle_stock_status":"instock","bundle_stock_quantity":2,"bundle_virtual":false,"bundle_layout":"","bundle_add_to_cart_form_location":"","bundle_editable_in_cart":false,"bundle_sold_individually_context":"","bundle_item_grouping":"","bundle_min_size":"","bundle_max_size":"","bundle_price":[],"bundled_items":[],"bundle_sell_ids":[],"acf":[],"yoast_head":"<!-- This site is optimized with the Yoast SEO plugin v27.0 - https:\/\/yoast.com\/product\/yoast-seo-wordpress\/ -->\n<title>Interi\u00f6r LED-list 770mm|ON\/OFF|Svart - Xenonkungen<\/title>\n<meta name=\"robots\" content=\"index, follow, max-snippet:-1, max-image-preview:large, max-video-preview:-1\" \/>\n<link rel=\"canonical\" href=\"https:\/\/xenonkungen.com\/no\/produkt\/innvendig-led-stripe-770-mm-off-svart\/\" \/>\n<meta property=\"og:locale\" content=\"nb_NO\" \/>\n<meta property=\"og:type\" content=\"article\" \/>\n<meta property=\"og:title\" content=\"Interi\u00f6r LED-list 770mm|ON\/OFF|Svart - Xenonkungen\" \/>\n<meta property=\"og:description\" content=\"Slimmad Interi\u00f6r Arbetsbelysning Denna h\u00f6gkvalitativa interi\u00f6r arbetsbelysning \u00e4r designad f\u00f6r att tillgodose behovet av dagsljusvit belysning i fordon, servicebilar, husvagnar med mera. Dess ber\u00f6ringsk\u00e4nsliga av\/p\u00e5 knapp och den stabila aluminiumprofilen erbjuder anv\u00e4ndarv\u00e4nlighet och h\u00e5llbarhet. Egenskaper och F\u00f6rdelar Dagsljusvit (6500K) LED-belysning f\u00f6r optimal arbetsmilj\u00f6. Ber\u00f6ringsk\u00e4nslig av\/p\u00e5 knapp f\u00f6r snabb och smidig ljuskontroll. Slimmad och stabil aluminiumprofil [&hellip;]\" \/>\n<meta property=\"og:url\" content=\"https:\/\/xenonkungen.com\/no\/produkt\/innvendig-led-stripe-770-mm-off-svart\/\" \/>\n<meta property=\"og:site_name\" content=\"Xenonkungen\" \/>\n<meta property=\"article:modified_time\" content=\"2026-04-10T23:48:03+00:00\" \/>\n<meta property=\"og:image\" content=\"https:\/\/xenonkungen.com\/wp-content\/uploads\/2025\/06\/38119935-origpic-efdcaa.png\" \/>\n\t<meta property=\"og:image:width\" content=\"700\" \/>\n\t<meta property=\"og:image:height\" content=\"700\" \/>\n\t<meta property=\"og:image:type\" content=\"image\/png\" \/>\n<meta name=\"twitter:card\" content=\"summary_large_image\" \/>\n<meta name=\"twitter:label1\" content=\"Ansl. lesetid\" \/>\n\t<meta name=\"twitter:data1\" content=\"1 minutt\" \/>\n<script type=\"application\/ld+json\" class=\"yoast-schema-graph\">{\"@context\":\"https:\/\/schema.org\",\"@graph\":[{\"@type\":\"WebPage\",\"@id\":\"https:\/\/xenonkungen.com\/de\/produkt\/interior-led-list-770mmon-offsvart\/\",\"url\":\"https:\/\/xenonkungen.com\/de\/produkt\/interior-led-list-770mmon-offsvart\/\",\"name\":\"Interi\u00f6r LED-list 770mm|ON\/OFF|Svart - Xenonkungen\",\"isPartOf\":{\"@id\":\"https:\/\/xenonkungen.com\/#website\"},\"primaryImageOfPage\":{\"@id\":\"https:\/\/xenonkungen.com\/de\/produkt\/interior-led-list-770mmon-offsvart\/#primaryimage\"},\"image\":{\"@id\":\"https:\/\/xenonkungen.com\/de\/produkt\/interior-led-list-770mmon-offsvart\/#primaryimage\"},\"thumbnailUrl\":\"https:\/\/xenonkungen.com\/wp-content\/uploads\/2025\/06\/38119935-origpic-efdcaa.png\",\"datePublished\":\"2025-06-23T13:51:06+00:00\",\"dateModified\":\"2026-04-10T23:48:03+00:00\",\"breadcrumb\":{\"@id\":\"https:\/\/xenonkungen.com\/de\/produkt\/interior-led-list-770mmon-offsvart\/#breadcrumb\"},\"inLanguage\":\"nb-NO\",\"potentialAction\":[{\"@type\":\"ReadAction\",\"target\":[\"https:\/\/xenonkungen.com\/de\/produkt\/interior-led-list-770mmon-offsvart\/\"]}]},{\"@type\":\"ImageObject\",\"inLanguage\":\"nb-NO\",\"@id\":\"https:\/\/xenonkungen.com\/de\/produkt\/interior-led-list-770mmon-offsvart\/#primaryimage\",\"url\":\"https:\/\/xenonkungen.com\/wp-content\/uploads\/2025\/06\/38119935-origpic-efdcaa.png\",\"contentUrl\":\"https:\/\/xenonkungen.com\/wp-content\/uploads\/2025\/06\/38119935-origpic-efdcaa.png\",\"width\":700,\"height\":700},{\"@type\":\"BreadcrumbList\",\"@id\":\"https:\/\/xenonkungen.com\/de\/produkt\/interior-led-list-770mmon-offsvart\/#breadcrumb\",\"itemListElement\":[{\"@type\":\"ListItem\",\"position\":1,\"name\":\"Hem\",\"item\":\"https:\/\/xenonkungen.com\/\"},{\"@type\":\"ListItem\",\"position\":2,\"name\":\"Shop\",\"item\":\"https:\/\/xenonkungen.com\/shop\/\"},{\"@type\":\"ListItem\",\"position\":3,\"name\":\"Interi\u00f6r LED-list 770mm|ON\/OFF|Svart\"}]},{\"@type\":\"WebSite\",\"@id\":\"https:\/\/xenonkungen.com\/#website\",\"url\":\"https:\/\/xenonkungen.com\/\",\"name\":\"Xenonkungen\",\"description\":\"\",\"potentialAction\":[{\"@type\":\"SearchAction\",\"target\":{\"@type\":\"EntryPoint\",\"urlTemplate\":\"https:\/\/xenonkungen.com\/?s={search_term_string}\"},\"query-input\":{\"@type\":\"PropertyValueSpecification\",\"valueRequired\":true,\"valueName\":\"search_term_string\"}}],\"inLanguage\":\"nb-NO\"}]}<\/script>\n<!-- \/ Yoast SEO plugin. -->","yoast_head_json":{"title":"Innvendig LED-stripe 770 mm | AV\/P\u00c5 | Svart - Xenonkungen","robots":{"index":"index","follow":"follow","max-snippet":"max-snippet:-1","max-image-preview":"max-image-preview:large","max-video-preview":"max-video-preview:-1"},"canonical":"https:\/\/xenonkungen.com\/no\/produkt\/innvendig-led-stripe-770-mm-off-svart\/","og_locale":"nb_NO","og_type":"article","og_title":"Interi\u00f6r LED-list 770mm|ON\/OFF|Svart - Xenonkungen","og_description":"Slimmad Interi\u00f6r Arbetsbelysning Denna h\u00f6gkvalitativa interi\u00f6r arbetsbelysning \u00e4r designad f\u00f6r att tillgodose behovet av dagsljusvit belysning i fordon, servicebilar, husvagnar med mera. Dess ber\u00f6ringsk\u00e4nsliga av\/p\u00e5 knapp och den stabila aluminiumprofilen erbjuder anv\u00e4ndarv\u00e4nlighet och h\u00e5llbarhet. Egenskaper och F\u00f6rdelar Dagsljusvit (6500K) LED-belysning f\u00f6r optimal arbetsmilj\u00f6. Ber\u00f6ringsk\u00e4nslig av\/p\u00e5 knapp f\u00f6r snabb och smidig ljuskontroll. Slimmad och stabil aluminiumprofil [&hellip;]","og_url":"https:\/\/xenonkungen.com\/no\/produkt\/innvendig-led-stripe-770-mm-off-svart\/","og_site_name":"Xenonkungen","article_modified_time":"2026-04-10T23:48:03+00:00","og_image":[{"width":700,"height":700,"url":"https:\/\/xenonkungen.com\/wp-content\/uploads\/2025\/06\/38119935-origpic-efdcaa.png","type":"image\/png"}],"twitter_card":"summary_large_image","twitter_misc":{"Ansl. lesetid":"1 minutt"},"schema":{"@context":"https:\/\/schema.org","@graph":[{"@type":"WebPage","@id":"https:\/\/xenonkungen.com\/de\/produkt\/interior-led-list-770mmon-offsvart\/","url":"https:\/\/xenonkungen.com\/de\/produkt\/interior-led-list-770mmon-offsvart\/","name":"Innvendig LED-stripe 770 mm | AV\/P\u00c5 | Svart - Xenonkungen","isPartOf":{"@id":"https:\/\/xenonkungen.com\/#website"},"primaryImageOfPage":{"@id":"https:\/\/xenonkungen.com\/de\/produkt\/interior-led-list-770mmon-offsvart\/#primaryimage"},"image":{"@id":"https:\/\/xenonkungen.com\/de\/produkt\/interior-led-list-770mmon-offsvart\/#primaryimage"},"thumbnailUrl":"https:\/\/xenonkungen.com\/wp-content\/uploads\/2025\/06\/38119935-origpic-efdcaa.png","datePublished":"2025-06-23T13:51:06+00:00","dateModified":"2026-04-10T23:48:03+00:00","breadcrumb":{"@id":"https:\/\/xenonkungen.com\/de\/produkt\/interior-led-list-770mmon-offsvart\/#breadcrumb"},"inLanguage":"nb-NO","potentialAction":[{"@type":"ReadAction","target":["https:\/\/xenonkungen.com\/de\/produkt\/interior-led-list-770mmon-offsvart\/"]}]},{"@type":"ImageObject","inLanguage":"nb-NO","@id":"https:\/\/xenonkungen.com\/de\/produkt\/interior-led-list-770mmon-offsvart\/#primaryimage","url":"https:\/\/xenonkungen.com\/wp-content\/uploads\/2025\/06\/38119935-origpic-efdcaa.png","contentUrl":"https:\/\/xenonkungen.com\/wp-content\/uploads\/2025\/06\/38119935-origpic-efdcaa.png","width":700,"height":700},{"@type":"BreadcrumbList","@id":"https:\/\/xenonkungen.com\/de\/produkt\/interior-led-list-770mmon-offsvart\/#breadcrumb","itemListElement":[{"@type":"ListItem","position":1,"name":"Hem","item":"https:\/\/xenonkungen.com\/"},{"@type":"ListItem","position":2,"name":"Shop","item":"https:\/\/xenonkungen.com\/shop\/"},{"@type":"ListItem","position":3,"name":"Interi\u00f6r LED-list 770mm|ON\/OFF|Svart"}]},{"@type":"WebSite","@id":"https:\/\/xenonkungen.com\/#website","url":"https:\/\/xenonkungen.com\/","name":"Xenonkungen","description":"","potentialAction":[{"@type":"SearchAction","target":{"@type":"EntryPoint","urlTemplate":"https:\/\/xenonkungen.com\/?s={search_term_string}"},"query-input":{"@type":"PropertyValueSpecification","valueRequired":true,"valueName":"search_term_string"}}],"inLanguage":"nb-NO"}]}},"taxonomy_info":{"anvandningsomrade":[{"value":166,"label":"Lastbil"},{"value":238,"label":"SL\u00c4P"},{"value":2816,"label":"TRAILER"}],"product_brand":[{"value":1252,"label":"LEA"}],"product_cat":[{"value":2586,"label":"Interi\u00f6rbelysning"}],"pa_fargtemperatur":[{"value":353,"label":"6500K"}],"pa_fuktskydd-varde-ipxx":[{"value":333,"label":"IP67"}],"pa_storlek-mm":[{"value":2407,"label":"770x40x11"}],"pa_stromforbrukning":[{"value":2264,"label":"0,7A @28V"},{"value":2263,"label":"1,4A @13,8V"}],"pa_volt-v":[{"value":159,"label":"12"},{"value":160,"label":"24"}]},"featured_image_src_large":["https:\/\/xenonkungen.com\/wp-content\/uploads\/2025\/06\/38119935-origpic-efdcaa.png",700,700,false],"author_info":[],"comment_info":0,"_links":{"self":[{"href":"https:\/\/xenonkungen.com\/no\/wp-json\/wp\/v2\/product\/11591","targetHints":{"allow":["GET"]}}],"collection":[{"href":"https:\/\/xenonkungen.com\/no\/wp-json\/wp\/v2\/product"}],"about":[{"href":"https:\/\/xenonkungen.com\/no\/wp-json\/wp\/v2\/types\/product"}],"replies":[{"embeddable":true,"href":"https:\/\/xenonkungen.com\/no\/wp-json\/wp\/v2\/comments?post=11591"}],"wp:featuredmedia":[{"embeddable":true,"href":"https:\/\/xenonkungen.com\/no\/wp-json\/wp\/v2\/media\/10797"}],"wp:attachment":[{"href":"https:\/\/xenonkungen.com\/no\/wp-json\/wp\/v2\/media?parent=11591"}],"wp:term":[{"taxonomy":"anvandningsomrade","embeddable":true,"href":"https:\/\/xenonkungen.com\/no\/wp-json\/wp\/v2\/anvandningsomrade?post=11591"},{"taxonomy":"bilmarken","embeddable":true,"href":"https:\/\/xenonkungen.com\/no\/wp-json\/wp\/v2\/bilmarken?post=11591"},{"taxonomy":"product_brand","embeddable":true,"href":"https:\/\/xenonkungen.com\/no\/wp-json\/wp\/v2\/product_brand?post=11591"},{"taxonomy":"product_cat","embeddable":true,"href":"https:\/\/xenonkungen.com\/no\/wp-json\/wp\/v2\/product_cat?post=11591"},{"taxonomy":"product_tag","embeddable":true,"href":"https:\/\/xenonkungen.com\/no\/wp-json\/wp\/v2\/product_tag?post=11591"}],"curies":[{"name":"wp","href":"https:\/\/api.w.org\/{rel}","templated":true}]}}