{"id":11612,"date":"2025-06-23T13:51:13","date_gmt":"2025-06-23T13:51:13","guid":{"rendered":"https:\/\/xenonkungen.com\/produkt\/interiorlampa-o80mmnightsilver\/"},"modified":"2025-12-10T14:51:45","modified_gmt":"2025-12-10T13:51:45","slug":"innvendig-lampe-o80mm-nattsolv","status":"publish","type":"product","link":"https:\/\/xenonkungen.com\/no\/produkt\/innvendig-lampe-o80mm-nattsolv\/","title":{"rendered":"Innvendig belysning \u00d880mm|Natt|S\u00f8lv"},"content":{"rendered":"<h1 class=\"title\">LED-interi\u00f8rlys med s\u00f8lvfarget kiste og varmt hvitt lys<\/h1>\n<p class=\"description\">En innovativ LED-innredningslampe som gir b\u00e5de varmt hvitt lys p\u00e5 dagtid og r\u00f8dt nattlys for minimal forstyrrelse om natten. Lampen er designet med en trykknapp for enkel inn- og utkobling og en slagfast linse, noe som sikrer lang holdbarhet og tilpasningsdyktig belysning i alle situasjoner.<\/p>\n<h2 class=\"subtitle\">Funksjoner og egenskaper:<\/h2>\n<ul class=\"list\">\n<li>Elegant ramme i s\u00f8lvfinish for et moderne utseende.<\/li>\n<li>Varmhvit LED for et koselig lys, supplert med et r\u00f8dt nattlys.<\/li>\n<li>Enkel betjening med trykknapp for \u00e5 bytte mellom lysmodusene.<\/li>\n<li>360-graders lysfordeling for omfattende belysning.<\/li>\n<li>IP67-klassifisering for optimal motstand mot vann og st\u00f8v.<\/li>\n<li>Kortslutningsbeskyttelse for ekstra sikkerhet.<\/li>\n<\/ul>\n<h2 class=\"subtitle\">Bruksomr\u00e5der:<\/h2>\n<p class=\"usage-text\">Ideell for kj\u00f8ret\u00f8y, hjem og arbeidsplasser der det er behov for fleksibel og p\u00e5litelig belysning.<\/p>\n<h2 class=\"subtitle\">Installasjon:<\/h2>\n<p class=\"installation-text\">Lampen er designet for enkel montering, og takket v\u00e6re den kompakte st\u00f8rrelsen og de fleksible monteringsalternativene kan den raskt installeres i en rekke ulike milj\u00f8er.<\/p>","protected":false},"excerpt":{"rendered":"<p>LED Interi\u00f6rlampa med Silverfinish Sarg och Varmvitt Ljus En innovativ LED interi\u00f6rlampa som erbjuder b\u00e5de varmvitt ljus f\u00f6r dagtid och ett r\u00f6tt nattljusl\u00e4ge f\u00f6r minimal st\u00f6rning under nattetid. Utformad med en tryckknapp f\u00f6r enkel omkoppling och en slagt\u00e5lig lins, garanterar denna lampa h\u00e5llbarhet och anpassningsbar belysning f\u00f6r alla situationer. Funktioner och Egenskaper: Elegant silverfinish sarg [&hellip;]<\/p>","protected":false},"featured_media":10837,"comment_status":"closed","ping_status":"closed","template":"","meta":{"_acf_changed":false,"_smort_price_nok":"235","_smort_price_dkk":"149","_smort_price_eur":"20","_smort_sale_price_nok":"","_smort_sale_price_dkk":"","_smort_sale_price_eur":"","smort_restorder":"","shipmondo_restorder":"","_kad_blocks_custom_css":"","_kad_blocks_head_custom_js":"","_kad_blocks_body_custom_js":"","_kad_blocks_footer_custom_js":"","smort_custom_pricelist_1":"134.4","smort_custom_pricelist_2":"134.4","smort_custom_pricelist_3":"127.68","smort_custom_pricelist_4":"192","smort_custom_pricelist_5":"134.4"},"anvandningsomrade":[166,238,2816],"bilmarken":[],"product_brand":[1252],"product_cat":[2586],"product_tag":[],"class_list":{"0":"post-11612","1":"product","2":"type-product","3":"status-publish","4":"has-post-thumbnail","6":"anvandningsomrade-lastbil","7":"anvandningsomrade-slap","8":"anvandningsomrade-trailer","9":"product_brand-lea","10":"product_cat-interiorbelysning-slap","11":"pa_fuktskydd-varde-ipxx-ip67","12":"pa_storlek-mm-80x14","13":"pa_stromforbrukning-004a-28v","14":"pa_stromforbrukning-009a-138v","15":"pa_volt-v-159","16":"pa_volt-v-160","18":"first","19":"instock","20":"taxable","21":"shipping-taxable","22":"purchasable","23":"product-type-variable"},"bundled_by":[],"bundle_stock_status":"instock","bundle_stock_quantity":4,"bundle_virtual":false,"bundle_layout":"","bundle_add_to_cart_form_location":"","bundle_editable_in_cart":false,"bundle_sold_individually_context":"","bundle_item_grouping":"","bundle_min_size":"","bundle_max_size":"","bundle_price":[],"bundled_items":[],"bundle_sell_ids":[],"acf":[],"yoast_head":"<!-- This site is optimized with the Yoast SEO plugin v27.0 - https:\/\/yoast.com\/product\/yoast-seo-wordpress\/ -->\n<title>Interi\u00f6rlampa \u00d880mm|Night|Silver - Xenonkungen<\/title>\n<meta name=\"robots\" content=\"index, follow, max-snippet:-1, max-image-preview:large, max-video-preview:-1\" \/>\n<link rel=\"canonical\" href=\"https:\/\/xenonkungen.com\/no\/produkt\/innvendig-lampe-o80mm-nattsolv\/\" \/>\n<meta property=\"og:locale\" content=\"nb_NO\" \/>\n<meta property=\"og:type\" content=\"article\" \/>\n<meta property=\"og:title\" content=\"Interi\u00f6rlampa \u00d880mm|Night|Silver - Xenonkungen\" \/>\n<meta property=\"og:description\" content=\"LED Interi\u00f6rlampa med Silverfinish Sarg och Varmvitt Ljus En innovativ LED interi\u00f6rlampa som erbjuder b\u00e5de varmvitt ljus f\u00f6r dagtid och ett r\u00f6tt nattljusl\u00e4ge f\u00f6r minimal st\u00f6rning under nattetid. Utformad med en tryckknapp f\u00f6r enkel omkoppling och en slagt\u00e5lig lins, garanterar denna lampa h\u00e5llbarhet och anpassningsbar belysning f\u00f6r alla situationer. Funktioner och Egenskaper: Elegant silverfinish sarg [&hellip;]\" \/>\n<meta property=\"og:url\" content=\"https:\/\/xenonkungen.com\/no\/produkt\/innvendig-lampe-o80mm-nattsolv\/\" \/>\n<meta property=\"og:site_name\" content=\"Xenonkungen\" \/>\n<meta property=\"article:modified_time\" content=\"2025-12-10T13:51:45+00:00\" \/>\n<meta property=\"og:image\" content=\"https:\/\/xenonkungen.com\/wp-content\/uploads\/2025\/06\/7338018-origpic-e808ff.jpg\" \/>\n\t<meta property=\"og:image:width\" content=\"600\" \/>\n\t<meta property=\"og:image:height\" content=\"600\" \/>\n\t<meta property=\"og:image:type\" content=\"image\/jpeg\" \/>\n<meta name=\"twitter:card\" content=\"summary_large_image\" \/>\n<meta name=\"twitter:label1\" content=\"Ansl. lesetid\" \/>\n\t<meta name=\"twitter:data1\" content=\"1 minutt\" \/>\n<script type=\"application\/ld+json\" class=\"yoast-schema-graph\">{\"@context\":\"https:\/\/schema.org\",\"@graph\":[{\"@type\":\"WebPage\",\"@id\":\"https:\/\/xenonkungen.com\/produkt\/interiorlampa-o80mmnightsilver\/\",\"url\":\"https:\/\/xenonkungen.com\/produkt\/interiorlampa-o80mmnightsilver\/\",\"name\":\"Interi\u00f6rlampa \u00d880mm|Night|Silver - Xenonkungen\",\"isPartOf\":{\"@id\":\"https:\/\/xenonkungen.com\/#website\"},\"primaryImageOfPage\":{\"@id\":\"https:\/\/xenonkungen.com\/produkt\/interiorlampa-o80mmnightsilver\/#primaryimage\"},\"image\":{\"@id\":\"https:\/\/xenonkungen.com\/produkt\/interiorlampa-o80mmnightsilver\/#primaryimage\"},\"thumbnailUrl\":\"https:\/\/xenonkungen.com\/wp-content\/uploads\/2025\/06\/7338018-origpic-e808ff.jpg\",\"datePublished\":\"2025-06-23T13:51:13+00:00\",\"dateModified\":\"2025-12-10T13:51:45+00:00\",\"breadcrumb\":{\"@id\":\"https:\/\/xenonkungen.com\/produkt\/interiorlampa-o80mmnightsilver\/#breadcrumb\"},\"inLanguage\":\"nb-NO\",\"potentialAction\":[{\"@type\":\"ReadAction\",\"target\":[\"https:\/\/xenonkungen.com\/produkt\/interiorlampa-o80mmnightsilver\/\"]}]},{\"@type\":\"ImageObject\",\"inLanguage\":\"nb-NO\",\"@id\":\"https:\/\/xenonkungen.com\/produkt\/interiorlampa-o80mmnightsilver\/#primaryimage\",\"url\":\"https:\/\/xenonkungen.com\/wp-content\/uploads\/2025\/06\/7338018-origpic-e808ff.jpg\",\"contentUrl\":\"https:\/\/xenonkungen.com\/wp-content\/uploads\/2025\/06\/7338018-origpic-e808ff.jpg\",\"width\":600,\"height\":600},{\"@type\":\"BreadcrumbList\",\"@id\":\"https:\/\/xenonkungen.com\/produkt\/interiorlampa-o80mmnightsilver\/#breadcrumb\",\"itemListElement\":[{\"@type\":\"ListItem\",\"position\":1,\"name\":\"Hem\",\"item\":\"https:\/\/xenonkungen.com\/\"},{\"@type\":\"ListItem\",\"position\":2,\"name\":\"Shop\",\"item\":\"https:\/\/xenonkungen.com\/shop\/\"},{\"@type\":\"ListItem\",\"position\":3,\"name\":\"Interi\u00f6rlampa \u00d880mm|Night|Silver\"}]},{\"@type\":\"WebSite\",\"@id\":\"https:\/\/xenonkungen.com\/#website\",\"url\":\"https:\/\/xenonkungen.com\/\",\"name\":\"Xenonkungen\",\"description\":\"\",\"potentialAction\":[{\"@type\":\"SearchAction\",\"target\":{\"@type\":\"EntryPoint\",\"urlTemplate\":\"https:\/\/xenonkungen.com\/?s={search_term_string}\"},\"query-input\":{\"@type\":\"PropertyValueSpecification\",\"valueRequired\":true,\"valueName\":\"search_term_string\"}}],\"inLanguage\":\"nb-NO\"}]}<\/script>\n<!-- \/ Yoast SEO plugin. -->","yoast_head_json":{"title":"Innvendig lampe \u00d880mm|Natt|S\u00f8lv - Xenon-kongen","robots":{"index":"index","follow":"follow","max-snippet":"max-snippet:-1","max-image-preview":"max-image-preview:large","max-video-preview":"max-video-preview:-1"},"canonical":"https:\/\/xenonkungen.com\/no\/produkt\/innvendig-lampe-o80mm-nattsolv\/","og_locale":"nb_NO","og_type":"article","og_title":"Interi\u00f6rlampa \u00d880mm|Night|Silver - Xenonkungen","og_description":"LED Interi\u00f6rlampa med Silverfinish Sarg och Varmvitt Ljus En innovativ LED interi\u00f6rlampa som erbjuder b\u00e5de varmvitt ljus f\u00f6r dagtid och ett r\u00f6tt nattljusl\u00e4ge f\u00f6r minimal st\u00f6rning under nattetid. Utformad med en tryckknapp f\u00f6r enkel omkoppling och en slagt\u00e5lig lins, garanterar denna lampa h\u00e5llbarhet och anpassningsbar belysning f\u00f6r alla situationer. Funktioner och Egenskaper: Elegant silverfinish sarg [&hellip;]","og_url":"https:\/\/xenonkungen.com\/no\/produkt\/innvendig-lampe-o80mm-nattsolv\/","og_site_name":"Xenonkungen","article_modified_time":"2025-12-10T13:51:45+00:00","og_image":[{"width":600,"height":600,"url":"https:\/\/xenonkungen.com\/wp-content\/uploads\/2025\/06\/7338018-origpic-e808ff.jpg","type":"image\/jpeg"}],"twitter_card":"summary_large_image","twitter_misc":{"Ansl. lesetid":"1 minutt"},"schema":{"@context":"https:\/\/schema.org","@graph":[{"@type":"WebPage","@id":"https:\/\/xenonkungen.com\/produkt\/interiorlampa-o80mmnightsilver\/","url":"https:\/\/xenonkungen.com\/produkt\/interiorlampa-o80mmnightsilver\/","name":"Innvendig lampe \u00d880mm|Natt|S\u00f8lv - Xenon-kongen","isPartOf":{"@id":"https:\/\/xenonkungen.com\/#website"},"primaryImageOfPage":{"@id":"https:\/\/xenonkungen.com\/produkt\/interiorlampa-o80mmnightsilver\/#primaryimage"},"image":{"@id":"https:\/\/xenonkungen.com\/produkt\/interiorlampa-o80mmnightsilver\/#primaryimage"},"thumbnailUrl":"https:\/\/xenonkungen.com\/wp-content\/uploads\/2025\/06\/7338018-origpic-e808ff.jpg","datePublished":"2025-06-23T13:51:13+00:00","dateModified":"2025-12-10T13:51:45+00:00","breadcrumb":{"@id":"https:\/\/xenonkungen.com\/produkt\/interiorlampa-o80mmnightsilver\/#breadcrumb"},"inLanguage":"nb-NO","potentialAction":[{"@type":"ReadAction","target":["https:\/\/xenonkungen.com\/produkt\/interiorlampa-o80mmnightsilver\/"]}]},{"@type":"ImageObject","inLanguage":"nb-NO","@id":"https:\/\/xenonkungen.com\/produkt\/interiorlampa-o80mmnightsilver\/#primaryimage","url":"https:\/\/xenonkungen.com\/wp-content\/uploads\/2025\/06\/7338018-origpic-e808ff.jpg","contentUrl":"https:\/\/xenonkungen.com\/wp-content\/uploads\/2025\/06\/7338018-origpic-e808ff.jpg","width":600,"height":600},{"@type":"BreadcrumbList","@id":"https:\/\/xenonkungen.com\/produkt\/interiorlampa-o80mmnightsilver\/#breadcrumb","itemListElement":[{"@type":"ListItem","position":1,"name":"Hem","item":"https:\/\/xenonkungen.com\/"},{"@type":"ListItem","position":2,"name":"Shop","item":"https:\/\/xenonkungen.com\/shop\/"},{"@type":"ListItem","position":3,"name":"Interi\u00f6rlampa \u00d880mm|Night|Silver"}]},{"@type":"WebSite","@id":"https:\/\/xenonkungen.com\/#website","url":"https:\/\/xenonkungen.com\/","name":"Xenonkungen","description":"","potentialAction":[{"@type":"SearchAction","target":{"@type":"EntryPoint","urlTemplate":"https:\/\/xenonkungen.com\/?s={search_term_string}"},"query-input":{"@type":"PropertyValueSpecification","valueRequired":true,"valueName":"search_term_string"}}],"inLanguage":"nb-NO"}]}},"taxonomy_info":{"anvandningsomrade":[{"value":166,"label":"Lastbil"},{"value":238,"label":"SL\u00c4P"},{"value":2816,"label":"TRAILER"}],"product_brand":[{"value":1252,"label":"LEA"}],"product_cat":[{"value":2586,"label":"Interi\u00f6rbelysning"}],"pa_fuktskydd-varde-ipxx":[{"value":333,"label":"IP67"}],"pa_storlek-mm":[{"value":2409,"label":"80x14"}],"pa_stromforbrukning":[{"value":1872,"label":"0,04A @28V"},{"value":2267,"label":"0,09A @13,8V"}],"pa_volt-v":[{"value":159,"label":"12"},{"value":160,"label":"24"}]},"featured_image_src_large":["https:\/\/xenonkungen.com\/wp-content\/uploads\/2025\/06\/7338018-origpic-e808ff.jpg",600,600,false],"author_info":[],"comment_info":0,"_links":{"self":[{"href":"https:\/\/xenonkungen.com\/no\/wp-json\/wp\/v2\/product\/11612","targetHints":{"allow":["GET"]}}],"collection":[{"href":"https:\/\/xenonkungen.com\/no\/wp-json\/wp\/v2\/product"}],"about":[{"href":"https:\/\/xenonkungen.com\/no\/wp-json\/wp\/v2\/types\/product"}],"replies":[{"embeddable":true,"href":"https:\/\/xenonkungen.com\/no\/wp-json\/wp\/v2\/comments?post=11612"}],"wp:featuredmedia":[{"embeddable":true,"href":"https:\/\/xenonkungen.com\/no\/wp-json\/wp\/v2\/media\/10837"}],"wp:attachment":[{"href":"https:\/\/xenonkungen.com\/no\/wp-json\/wp\/v2\/media?parent=11612"}],"wp:term":[{"taxonomy":"anvandningsomrade","embeddable":true,"href":"https:\/\/xenonkungen.com\/no\/wp-json\/wp\/v2\/anvandningsomrade?post=11612"},{"taxonomy":"bilmarken","embeddable":true,"href":"https:\/\/xenonkungen.com\/no\/wp-json\/wp\/v2\/bilmarken?post=11612"},{"taxonomy":"product_brand","embeddable":true,"href":"https:\/\/xenonkungen.com\/no\/wp-json\/wp\/v2\/product_brand?post=11612"},{"taxonomy":"product_cat","embeddable":true,"href":"https:\/\/xenonkungen.com\/no\/wp-json\/wp\/v2\/product_cat?post=11612"},{"taxonomy":"product_tag","embeddable":true,"href":"https:\/\/xenonkungen.com\/no\/wp-json\/wp\/v2\/product_tag?post=11612"}],"curies":[{"name":"wp","href":"https:\/\/api.w.org\/{rel}","templated":true}]}}