{"id":11633,"date":"2025-06-23T13:51:18","date_gmt":"2025-06-23T13:51:18","guid":{"rendered":"https:\/\/xenonkungen.com\/produkt\/ledramp-paket-luxtar-x24-black-edition-infalld-240w\/"},"modified":"2026-05-13T16:03:03","modified_gmt":"2026-05-13T15:03:03","slug":"led-rampepakke-luxtar-x24-svart-utgave-inkludert-240w","status":"publish","type":"product","link":"https:\/\/xenonkungen.com\/no\/produkt\/led-rampepakke-luxtar-x24-svart-utgave-inkludert-240w\/","title":{"rendered":"Ledrampepakke LUXTAR\u00ae X24 Black Edition - Innfelt | 240W"},"content":{"rendered":"<h1>Komplett ferdig pakke med h\u00e5ndl\u00f8per, brakett og kabling<\/h1>\n<p>Luxtar\u00ae X24 er utstyrt med Cree XML2 LED og gir hele 10 050 faktiske lumen og en rekkevidde p\u00e5 630 m (Driving) | 880 m (Spot). Dette er mulig med karakteristiske reflektorer og sidemonterte diodelamper.<\/p>\n<p>Ekstra lysbrakett i pulverlakkert metallplate som er spesiallaget for v\u00e5r Luxtar X24 LED-rampe. Festes bak reg-skiltet og gir et elegant, innfelt utseende.<\/p>\n<p>OBS!<br \/>\n240W | 24 000 Lumen er de teoretiske verdiene til Luxtar X24, og som du kan ta i betraktning n\u00e5r du sammenligner med andre alternativer p\u00e5 markedet (som legger vekt p\u00e5 teoretiske data).<\/p>\n<p>177,6 W | 10 050 Lumen er de faktiske verdiene for Luxtar\u00ae LED-spotlight X24.<br \/>\nDenne verdien p\u00e5 10 050 lm tilsvarer omtrent 10 ganger mer lys enn 55 W halogen (ca. 1000 lm) eller 3 ganger mer lys enn 35 W xenon (ca. 3200 lm).<\/p>\n<p>Luxtar\u00ae X24 finnes i to versjoner med ulike reflektorer og lysm\u00f8nstre. Driving, ogs\u00e5 kalt Remote, og Spot.<br \/>\nDriving | Remote-lyset har optimaliserte reflektorer som gir et bredt og jevnt lysbilde, og med 10 050 lumen f\u00e5r du ogs\u00e5 en perfekt rekkevidde p\u00e5 ca. 630 meter ved 1 lux.<br \/>\nDriving er det popul\u00e6re valget, som gir fantastisk bredde uten at det g\u00e5r p\u00e5 bekostning av lengden.<br \/>\nSpot | Narrow beam har glatte reflektorer, noe som betyr at alt lyset sendes rett frem og gir en rekkevidde p\u00e5 ca. 870-900 meter ved 1 Lux.<br \/>\nSpotlights med en kastelengde p\u00e5 rundt 900 meter passer for dem som kj\u00f8rer p\u00e5 ukurante tider eller ruter med mindre m\u00f8ter der det er mulig \u00e5 bruke et langkastende lys.<\/p>\n<p>Luxtar\u00ae LED rampe X24 er et egnet hjelpelys for personbil | varebil | pickup | lastebil.<\/p>","protected":false},"excerpt":{"rendered":"<p>Komplett pakke for deg som vil ha mye lys, h\u00f8y kvalitet til en lav pris.<\/p>\n<p><b>Universalfeste som passer de fleste biler<\/b><\/p>\n<p><b>Kan bestilles med 2 forskjellige reflekser, Driving eller Spot<\/b><\/p>\n<p><b>Fungerer like godt p\u00e5 personbiler som p\u00e5 lastebiler<\/b><\/p>\n<p><b>10 500 lumen ut av lampen, det er omtrent 10 ganger mer enn en halogenlampe!<\/b><\/p>","protected":false},"featured_media":7417,"comment_status":"closed","ping_status":"closed","template":"","meta":{"_acf_changed":false,"_smort_price_nok":"4588","_smort_price_dkk":"2914","_smort_price_eur":"390.44","_smort_sale_price_nok":"","_smort_sale_price_dkk":"","_smort_sale_price_eur":"","smort_restorder":"","shipmondo_restorder":"","_kad_blocks_custom_css":"","_kad_blocks_head_custom_js":"","_kad_blocks_body_custom_js":"","_kad_blocks_footer_custom_js":"","smort_custom_pricelist_1":"","smort_custom_pricelist_2":"","smort_custom_pricelist_3":"","smort_custom_pricelist_4":"","smort_custom_pricelist_5":""},"anvandningsomrade":[207,166,167,1915],"bilmarken":[168],"product_brand":[103],"product_cat":[2826,2541,18,2160,1916],"product_tag":[],"class_list":{"0":"post-11633","1":"product","2":"type-product","3":"status-publish","4":"has-post-thumbnail","6":"anvandningsomrade-husbil","7":"anvandningsomrade-lastbil","8":"anvandningsomrade-personbil","9":"anvandningsomrade-skapbil","10":"bilmarken-alla","11":"product_brand-luxtar","12":"product_cat-luxtar","13":"product_cat-luxtar-x-serie-black-ledramper","14":"product_cat-led-ramper-ljusramper","15":"product_cat-luxtar-x-serie-black","16":"product_cat-ledrampspaket","17":"pa_faktisk-effekts-forbrukning-1922","18":"pa_fuktskydd-varde-ipxx-ip68","19":"pa_godkannande-ce-emc-rohs","20":"pa_ljusbild-driving","21":"pa_ljusbild-spot","22":"pa_storlek-mm-674x63x85","23":"pa_stromforbrukning-148a-12v","24":"pa_stromforbrukning-75a-24v","25":"pa_volt-v-multivolt-9-12-16-18-24-28-30-32","27":"first","28":"onbackorder","29":"taxable","30":"shipping-taxable","31":"purchasable","32":"product-type-variable"},"bundled_by":[],"bundle_stock_status":"onbackorder","bundle_stock_quantity":null,"bundle_virtual":false,"bundle_layout":"","bundle_add_to_cart_form_location":"","bundle_editable_in_cart":false,"bundle_sold_individually_context":"","bundle_item_grouping":"","bundle_min_size":"","bundle_max_size":"","bundle_price":[],"bundled_items":[],"bundle_sell_ids":[],"acf":[],"yoast_head":"<!-- This site is optimized with the Yoast SEO plugin v27.0 - https:\/\/yoast.com\/product\/yoast-seo-wordpress\/ -->\n<title>Ledramp Paket LUXTAR\u00ae X24 Black Edition - Inf\u00e4lld | 240W - Xenonkungen<\/title>\n<meta name=\"robots\" content=\"index, follow, max-snippet:-1, max-image-preview:large, max-video-preview:-1\" \/>\n<link rel=\"canonical\" href=\"https:\/\/xenonkungen.com\/no\/produkt\/led-rampepakke-luxtar-x24-svart-utgave-inkludert-240w\/\" \/>\n<meta property=\"og:locale\" content=\"nb_NO\" \/>\n<meta property=\"og:type\" content=\"article\" \/>\n<meta property=\"og:title\" content=\"Ledramp Paket LUXTAR\u00ae X24 Black Edition - Inf\u00e4lld | 240W - Xenonkungen\" \/>\n<meta property=\"og:description\" content=\"Komplett paket f\u00f6r dig som \u00f6nskar mycket ljus, h\u00f6g kvalitet till ett l\u00e5gt pris.  Universalf\u00e4ste som passar de flesta bilar  Kan best\u00e4llas med 2 olika reflektorer, Driving eller Spot  Fungerar lika bra p\u00e5 personbilar som lastbilar  10 500 Lumen ut ur rampen, Det \u00e4r ca 10 g\u00e5nger mer \u00e4n ett halogenhelljus!\" \/>\n<meta property=\"og:url\" content=\"https:\/\/xenonkungen.com\/no\/produkt\/led-rampepakke-luxtar-x24-svart-utgave-inkludert-240w\/\" \/>\n<meta property=\"og:site_name\" content=\"Xenonkungen\" \/>\n<meta property=\"article:modified_time\" content=\"2026-05-13T15:03:03+00:00\" \/>\n<meta property=\"og:image\" content=\"https:\/\/xenonkungen.com\/wp-content\/uploads\/2025\/04\/174905355-origpic-36e47f.png\" \/>\n\t<meta property=\"og:image:width\" content=\"1000\" \/>\n\t<meta property=\"og:image:height\" content=\"1000\" \/>\n\t<meta property=\"og:image:type\" content=\"image\/png\" \/>\n<meta name=\"twitter:card\" content=\"summary_large_image\" \/>\n<meta name=\"twitter:label1\" content=\"Ansl. lesetid\" \/>\n\t<meta name=\"twitter:data1\" content=\"2 minutter\" \/>\n<script type=\"application\/ld+json\" class=\"yoast-schema-graph\">{\"@context\":\"https:\/\/schema.org\",\"@graph\":[{\"@type\":\"WebPage\",\"@id\":\"https:\/\/xenonkungen.com\/produkt\/ledramp-paket-luxtar-x24-black-edition-infalld-240w\/\",\"url\":\"https:\/\/xenonkungen.com\/produkt\/ledramp-paket-luxtar-x24-black-edition-infalld-240w\/\",\"name\":\"Ledramp Paket LUXTAR\u00ae X24 Black Edition - Inf\u00e4lld | 240W - Xenonkungen\",\"isPartOf\":{\"@id\":\"https:\/\/xenonkungen.com\/#website\"},\"primaryImageOfPage\":{\"@id\":\"https:\/\/xenonkungen.com\/produkt\/ledramp-paket-luxtar-x24-black-edition-infalld-240w\/#primaryimage\"},\"image\":{\"@id\":\"https:\/\/xenonkungen.com\/produkt\/ledramp-paket-luxtar-x24-black-edition-infalld-240w\/#primaryimage\"},\"thumbnailUrl\":\"https:\/\/xenonkungen.com\/wp-content\/uploads\/2025\/04\/174905355-origpic-36e47f.png\",\"datePublished\":\"2025-06-23T13:51:18+00:00\",\"dateModified\":\"2026-05-13T15:03:03+00:00\",\"breadcrumb\":{\"@id\":\"https:\/\/xenonkungen.com\/produkt\/ledramp-paket-luxtar-x24-black-edition-infalld-240w\/#breadcrumb\"},\"inLanguage\":\"nb-NO\",\"potentialAction\":[{\"@type\":\"ReadAction\",\"target\":[\"https:\/\/xenonkungen.com\/produkt\/ledramp-paket-luxtar-x24-black-edition-infalld-240w\/\"]}]},{\"@type\":\"ImageObject\",\"inLanguage\":\"nb-NO\",\"@id\":\"https:\/\/xenonkungen.com\/produkt\/ledramp-paket-luxtar-x24-black-edition-infalld-240w\/#primaryimage\",\"url\":\"https:\/\/xenonkungen.com\/wp-content\/uploads\/2025\/04\/174905355-origpic-36e47f.png\",\"contentUrl\":\"https:\/\/xenonkungen.com\/wp-content\/uploads\/2025\/04\/174905355-origpic-36e47f.png\",\"width\":1000,\"height\":1000},{\"@type\":\"BreadcrumbList\",\"@id\":\"https:\/\/xenonkungen.com\/produkt\/ledramp-paket-luxtar-x24-black-edition-infalld-240w\/#breadcrumb\",\"itemListElement\":[{\"@type\":\"ListItem\",\"position\":1,\"name\":\"Hem\",\"item\":\"https:\/\/xenonkungen.com\/\"},{\"@type\":\"ListItem\",\"position\":2,\"name\":\"Shop\",\"item\":\"https:\/\/xenonkungen.com\/shop\/\"},{\"@type\":\"ListItem\",\"position\":3,\"name\":\"Ledramp Paket LUXTAR\u00ae X24 Black Edition &#8211; Inf\u00e4lld | 240W\"}]},{\"@type\":\"WebSite\",\"@id\":\"https:\/\/xenonkungen.com\/#website\",\"url\":\"https:\/\/xenonkungen.com\/\",\"name\":\"Xenonkungen\",\"description\":\"\",\"potentialAction\":[{\"@type\":\"SearchAction\",\"target\":{\"@type\":\"EntryPoint\",\"urlTemplate\":\"https:\/\/xenonkungen.com\/?s={search_term_string}\"},\"query-input\":{\"@type\":\"PropertyValueSpecification\",\"valueRequired\":true,\"valueName\":\"search_term_string\"}}],\"inLanguage\":\"nb-NO\"}]}<\/script>\n<!-- \/ Yoast SEO plugin. -->","yoast_head_json":{"title":"LED-flomlyspakke LUXTAR\u00ae X24 Black Edition - Innfelt | 240W - Xenonkungen","robots":{"index":"index","follow":"follow","max-snippet":"max-snippet:-1","max-image-preview":"max-image-preview:large","max-video-preview":"max-video-preview:-1"},"canonical":"https:\/\/xenonkungen.com\/no\/produkt\/led-rampepakke-luxtar-x24-svart-utgave-inkludert-240w\/","og_locale":"nb_NO","og_type":"article","og_title":"Ledramp Paket LUXTAR\u00ae X24 Black Edition - Inf\u00e4lld | 240W - Xenonkungen","og_description":"Komplett paket f\u00f6r dig som \u00f6nskar mycket ljus, h\u00f6g kvalitet till ett l\u00e5gt pris.  Universalf\u00e4ste som passar de flesta bilar  Kan best\u00e4llas med 2 olika reflektorer, Driving eller Spot  Fungerar lika bra p\u00e5 personbilar som lastbilar  10 500 Lumen ut ur rampen, Det \u00e4r ca 10 g\u00e5nger mer \u00e4n ett halogenhelljus!","og_url":"https:\/\/xenonkungen.com\/no\/produkt\/led-rampepakke-luxtar-x24-svart-utgave-inkludert-240w\/","og_site_name":"Xenonkungen","article_modified_time":"2026-05-13T15:03:03+00:00","og_image":[{"width":1000,"height":1000,"url":"https:\/\/xenonkungen.com\/wp-content\/uploads\/2025\/04\/174905355-origpic-36e47f.png","type":"image\/png"}],"twitter_card":"summary_large_image","twitter_misc":{"Ansl. lesetid":"2 minutter"},"schema":{"@context":"https:\/\/schema.org","@graph":[{"@type":"WebPage","@id":"https:\/\/xenonkungen.com\/produkt\/ledramp-paket-luxtar-x24-black-edition-infalld-240w\/","url":"https:\/\/xenonkungen.com\/produkt\/ledramp-paket-luxtar-x24-black-edition-infalld-240w\/","name":"LED-flomlyspakke LUXTAR\u00ae X24 Black Edition - Innfelt | 240W - Xenonkungen","isPartOf":{"@id":"https:\/\/xenonkungen.com\/#website"},"primaryImageOfPage":{"@id":"https:\/\/xenonkungen.com\/produkt\/ledramp-paket-luxtar-x24-black-edition-infalld-240w\/#primaryimage"},"image":{"@id":"https:\/\/xenonkungen.com\/produkt\/ledramp-paket-luxtar-x24-black-edition-infalld-240w\/#primaryimage"},"thumbnailUrl":"https:\/\/xenonkungen.com\/wp-content\/uploads\/2025\/04\/174905355-origpic-36e47f.png","datePublished":"2025-06-23T13:51:18+00:00","dateModified":"2026-05-13T15:03:03+00:00","breadcrumb":{"@id":"https:\/\/xenonkungen.com\/produkt\/ledramp-paket-luxtar-x24-black-edition-infalld-240w\/#breadcrumb"},"inLanguage":"nb-NO","potentialAction":[{"@type":"ReadAction","target":["https:\/\/xenonkungen.com\/produkt\/ledramp-paket-luxtar-x24-black-edition-infalld-240w\/"]}]},{"@type":"ImageObject","inLanguage":"nb-NO","@id":"https:\/\/xenonkungen.com\/produkt\/ledramp-paket-luxtar-x24-black-edition-infalld-240w\/#primaryimage","url":"https:\/\/xenonkungen.com\/wp-content\/uploads\/2025\/04\/174905355-origpic-36e47f.png","contentUrl":"https:\/\/xenonkungen.com\/wp-content\/uploads\/2025\/04\/174905355-origpic-36e47f.png","width":1000,"height":1000},{"@type":"BreadcrumbList","@id":"https:\/\/xenonkungen.com\/produkt\/ledramp-paket-luxtar-x24-black-edition-infalld-240w\/#breadcrumb","itemListElement":[{"@type":"ListItem","position":1,"name":"Hem","item":"https:\/\/xenonkungen.com\/"},{"@type":"ListItem","position":2,"name":"Shop","item":"https:\/\/xenonkungen.com\/shop\/"},{"@type":"ListItem","position":3,"name":"Ledramp Paket LUXTAR\u00ae X24 Black Edition &#8211; Inf\u00e4lld | 240W"}]},{"@type":"WebSite","@id":"https:\/\/xenonkungen.com\/#website","url":"https:\/\/xenonkungen.com\/","name":"Xenonkungen","description":"","potentialAction":[{"@type":"SearchAction","target":{"@type":"EntryPoint","urlTemplate":"https:\/\/xenonkungen.com\/?s={search_term_string}"},"query-input":{"@type":"PropertyValueSpecification","valueRequired":true,"valueName":"search_term_string"}}],"inLanguage":"nb-NO"}]}},"taxonomy_info":{"anvandningsomrade":[{"value":207,"label":"Husbil"},{"value":166,"label":"Lastbil"},{"value":167,"label":"PERSONBIL"},{"value":1915,"label":"Sk\u00e5pbil"}],"bilmarken":[{"value":168,"label":"Alla"}],"product_brand":[{"value":103,"label":"LUXTAR"}],"product_cat":[{"value":2826,"label":"LUXTAR"},{"value":2541,"label":"Luxtar X-Serie Black"},{"value":18,"label":"LED Ramper \/ Ljusramper"},{"value":2160,"label":"LUXTAR X-serie B"},{"value":1916,"label":"Ledrampspaket"}],"pa_faktisk-effekts-forbrukning":[{"value":1922,"label":"177,6"}],"pa_fuktskydd-varde-ipxx":[{"value":177,"label":"IP68"}],"pa_godkannande":[{"value":325,"label":"CE, EMC, RoHS"}],"pa_ljusbild":[{"value":178,"label":"Driving"},{"value":1177,"label":"Spot"}],"pa_storlek-mm":[{"value":1921,"label":"674x63x85"}],"pa_stromforbrukning":[{"value":1923,"label":"14,8A @12V"},{"value":1924,"label":"7,5A @24V"}],"pa_volt-v":[{"value":521,"label":"Multivolt, 9, 12, 16, 18, 24, 28, 30, 32"}]},"featured_image_src_large":["https:\/\/xenonkungen.com\/wp-content\/uploads\/2025\/04\/174905355-origpic-36e47f.png",1000,1000,false],"author_info":[],"comment_info":1,"_links":{"self":[{"href":"https:\/\/xenonkungen.com\/no\/wp-json\/wp\/v2\/product\/11633","targetHints":{"allow":["GET"]}}],"collection":[{"href":"https:\/\/xenonkungen.com\/no\/wp-json\/wp\/v2\/product"}],"about":[{"href":"https:\/\/xenonkungen.com\/no\/wp-json\/wp\/v2\/types\/product"}],"replies":[{"embeddable":true,"href":"https:\/\/xenonkungen.com\/no\/wp-json\/wp\/v2\/comments?post=11633"}],"wp:featuredmedia":[{"embeddable":true,"href":"https:\/\/xenonkungen.com\/no\/wp-json\/wp\/v2\/media\/7417"}],"wp:attachment":[{"href":"https:\/\/xenonkungen.com\/no\/wp-json\/wp\/v2\/media?parent=11633"}],"wp:term":[{"taxonomy":"anvandningsomrade","embeddable":true,"href":"https:\/\/xenonkungen.com\/no\/wp-json\/wp\/v2\/anvandningsomrade?post=11633"},{"taxonomy":"bilmarken","embeddable":true,"href":"https:\/\/xenonkungen.com\/no\/wp-json\/wp\/v2\/bilmarken?post=11633"},{"taxonomy":"product_brand","embeddable":true,"href":"https:\/\/xenonkungen.com\/no\/wp-json\/wp\/v2\/product_brand?post=11633"},{"taxonomy":"product_cat","embeddable":true,"href":"https:\/\/xenonkungen.com\/no\/wp-json\/wp\/v2\/product_cat?post=11633"},{"taxonomy":"product_tag","embeddable":true,"href":"https:\/\/xenonkungen.com\/no\/wp-json\/wp\/v2\/product_tag?post=11633"}],"curies":[{"name":"wp","href":"https:\/\/api.w.org\/{rel}","templated":true}]}}