{"id":11696,"date":"2025-06-23T13:51:41","date_gmt":"2025-06-23T13:51:41","guid":{"rendered":"https:\/\/xenonkungen.com\/produkt\/interiorlampa-o143mm-on-off-chrome\/"},"modified":"2026-04-11T00:40:16","modified_gmt":"2026-04-10T23:40:16","slug":"innvendig-lampe-o143mm-pa-av-krom","status":"publish","type":"product","link":"https:\/\/xenonkungen.com\/no\/produkt\/innvendig-lampe-o143mm-pa-av-krom\/","title":{"rendered":"Innvendig belysning \u00d8143 mm | P\u00c5\/AV | Krom"},"content":{"rendered":"<div class=\"container\">\n<div class=\"feature\">\n<h1 class=\"title\">LED-interi\u00f8rlys med av\/d\u00f8r\/p\u00e5-knapp og ramme i krom<\/h1>\n<p class=\"description\">En sofistikert LED-interi\u00f8rlampe utstyrt med en av\/p\u00e5\/p\u00e5-knapp for optimal kontroll, omgitt av en elegant kromramme. Den kj\u00f8lig hvite LED-teknologien gir et kraftig lys som tilsvarer en 60 W gl\u00f8dep\u00e6re, perfekt for alle kj\u00f8ret\u00f8y eller rom som krever tilpassbar og effektiv belysning.<\/p>\n<\/div>\n<div class=\"feature\">\n<h2 class=\"subtitle\">Funksjoner og egenskaper:<\/h2>\n<ul class=\"list\">\n<li>Fleksibel lysstyring med av\/d\u00f8r\/p\u00e5-funksjon.<\/li>\n<li>Effektiv kj\u00f8lig hvit LED for h\u00f8y lysstyrke.<\/li>\n<li>Elegant kromramme for en moderne estetikk.<\/li>\n<li>360 graders lysspredning gjennom en slagfast polykarbonatlinse.<\/li>\n<li>Slitesterk konstruksjon med IP67-klassifisering for st\u00f8t-, vibrasjons- og vannmotstand.<\/li>\n<li>Kortslutningsbeskyttelse for \u00f8kt brukersikkerhet.<\/li>\n<\/ul>\n<\/div>\n<div class=\"usage\">\n<h2 class=\"subtitle\">Bruksomr\u00e5der:<\/h2>\n<p class=\"usage-text\">Ideell for kj\u00f8ret\u00f8y, inkludert biler, lastebiler, bobiler og b\u00e5ter, samt kommersielle og industrielle omr\u00e5der der det er \u00f8nskelig med tilpassbar belysning.<\/p>\n<\/div>\n<div class=\"installation\">\n<h2 class=\"subtitle\">Installasjon:<\/h2>\n<p class=\"installation-text\">Lampen er designet for enkel utenp\u00e5liggende montering og kan raskt installeres for \u00e5 forbedre interi\u00f8ret med sitt stilige utseende og kraftige belysning.<\/p>\n<\/div>\n<\/div>\n<p><strong>Garanti:<\/strong> 3 \u00e5r<\/p>","protected":false},"excerpt":{"rendered":"<p>LED Interi\u00f6rlampa med Av\/D\u00f6rr\/P\u00e5 Knapp och Kromsarg En sofistikerad LED interi\u00f6rlampa utrustad med en Av\/D\u00f6rr\/P\u00e5 knapp f\u00f6r optimal kontroll, omgiven av en elegant kromsarg. Dess cool white LED-teknologi levererar ett kraftfullt ljus motsvarande en 60W gl\u00f6dlampa, perfekt f\u00f6r alla fordon eller utrymmen som kr\u00e4ver anpassningsbar och effektiv belysning. Funktioner och Egenskaper: Flexibel ljuskontroll med Av\/D\u00f6rr\/P\u00e5 [&hellip;]<\/p>","protected":false},"featured_media":11003,"comment_status":"closed","ping_status":"closed","template":"","meta":{"_acf_changed":false,"_smort_price_nok":"1228","_smort_price_dkk":"780","_smort_price_eur":"104.54","_smort_sale_price_nok":"","_smort_sale_price_dkk":"","_smort_sale_price_eur":"","smort_restorder":"","shipmondo_restorder":"","_kad_blocks_custom_css":"","_kad_blocks_head_custom_js":"","_kad_blocks_body_custom_js":"","_kad_blocks_footer_custom_js":"","smort_custom_pricelist_1":null,"smort_custom_pricelist_2":null,"smort_custom_pricelist_3":null,"smort_custom_pricelist_4":null,"smort_custom_pricelist_5":null},"anvandningsomrade":[166,238,2816],"bilmarken":[],"product_brand":[1252],"product_cat":[2586],"product_tag":[],"class_list":{"0":"post-11696","1":"product","2":"type-product","3":"status-publish","4":"has-post-thumbnail","6":"anvandningsomrade-lastbil","7":"anvandningsomrade-slap","8":"anvandningsomrade-trailer","9":"product_brand-lea","10":"product_cat-interiorbelysning-slap","11":"pa_storlek-mm-143x40","12":"pa_stromforbrukning-027a-28v","13":"pa_stromforbrukning-046a-138v","14":"pa_volt-v-159","15":"pa_volt-v-160","17":"first","18":"onbackorder","19":"taxable","20":"shipping-taxable","21":"purchasable","22":"product-type-variable"},"bundled_by":[],"bundle_stock_status":"onbackorder","bundle_stock_quantity":null,"bundle_virtual":false,"bundle_layout":"","bundle_add_to_cart_form_location":"","bundle_editable_in_cart":false,"bundle_sold_individually_context":"","bundle_item_grouping":"","bundle_min_size":"","bundle_max_size":"","bundle_price":[],"bundled_items":[],"bundle_sell_ids":[],"acf":[],"yoast_head":"<!-- This site is optimized with the Yoast SEO plugin v27.0 - https:\/\/yoast.com\/product\/yoast-seo-wordpress\/ -->\n<title>Interi\u00f6rlampa \u00d8143mm | ON\/OFF | Chrome - Xenonkungen<\/title>\n<meta name=\"robots\" content=\"index, follow, max-snippet:-1, max-image-preview:large, max-video-preview:-1\" \/>\n<link rel=\"canonical\" href=\"https:\/\/xenonkungen.com\/no\/produkt\/innvendig-lampe-o143mm-pa-av-krom\/\" \/>\n<meta property=\"og:locale\" content=\"nb_NO\" \/>\n<meta property=\"og:type\" content=\"article\" \/>\n<meta property=\"og:title\" content=\"Interi\u00f6rlampa \u00d8143mm | ON\/OFF | Chrome - Xenonkungen\" \/>\n<meta property=\"og:description\" content=\"LED Interi\u00f6rlampa med Av\/D\u00f6rr\/P\u00e5 Knapp och Kromsarg En sofistikerad LED interi\u00f6rlampa utrustad med en Av\/D\u00f6rr\/P\u00e5 knapp f\u00f6r optimal kontroll, omgiven av en elegant kromsarg. Dess cool white LED-teknologi levererar ett kraftfullt ljus motsvarande en 60W gl\u00f6dlampa, perfekt f\u00f6r alla fordon eller utrymmen som kr\u00e4ver anpassningsbar och effektiv belysning. Funktioner och Egenskaper: Flexibel ljuskontroll med Av\/D\u00f6rr\/P\u00e5 [&hellip;]\" \/>\n<meta property=\"og:url\" content=\"https:\/\/xenonkungen.com\/no\/produkt\/innvendig-lampe-o143mm-pa-av-krom\/\" \/>\n<meta property=\"og:site_name\" content=\"Xenonkungen\" \/>\n<meta property=\"article:modified_time\" content=\"2026-04-10T23:40:16+00:00\" \/>\n<meta property=\"og:image\" content=\"https:\/\/xenonkungen.com\/wp-content\/uploads\/2025\/06\/7338325-origpic-9f19ea.jpg\" \/>\n\t<meta property=\"og:image:width\" content=\"500\" \/>\n\t<meta property=\"og:image:height\" content=\"500\" \/>\n\t<meta property=\"og:image:type\" content=\"image\/jpeg\" \/>\n<meta name=\"twitter:card\" content=\"summary_large_image\" \/>\n<meta name=\"twitter:label1\" content=\"Ansl. lesetid\" \/>\n\t<meta name=\"twitter:data1\" content=\"1 minutt\" \/>\n<script type=\"application\/ld+json\" class=\"yoast-schema-graph\">{\"@context\":\"https:\/\/schema.org\",\"@graph\":[{\"@type\":\"WebPage\",\"@id\":\"https:\/\/xenonkungen.com\/nl\/product\/interiorlampa-o143mm-on-off-chrome\/\",\"url\":\"https:\/\/xenonkungen.com\/nl\/product\/interiorlampa-o143mm-on-off-chrome\/\",\"name\":\"Interi\u00f6rlampa \u00d8143mm | ON\/OFF | Chrome - Xenonkungen\",\"isPartOf\":{\"@id\":\"https:\/\/xenonkungen.com\/#website\"},\"primaryImageOfPage\":{\"@id\":\"https:\/\/xenonkungen.com\/nl\/product\/interiorlampa-o143mm-on-off-chrome\/#primaryimage\"},\"image\":{\"@id\":\"https:\/\/xenonkungen.com\/nl\/product\/interiorlampa-o143mm-on-off-chrome\/#primaryimage\"},\"thumbnailUrl\":\"https:\/\/xenonkungen.com\/wp-content\/uploads\/2025\/06\/7338325-origpic-9f19ea.jpg\",\"datePublished\":\"2025-06-23T13:51:41+00:00\",\"dateModified\":\"2026-04-10T23:40:16+00:00\",\"breadcrumb\":{\"@id\":\"https:\/\/xenonkungen.com\/nl\/product\/interiorlampa-o143mm-on-off-chrome\/#breadcrumb\"},\"inLanguage\":\"nb-NO\",\"potentialAction\":[{\"@type\":\"ReadAction\",\"target\":[\"https:\/\/xenonkungen.com\/nl\/product\/interiorlampa-o143mm-on-off-chrome\/\"]}]},{\"@type\":\"ImageObject\",\"inLanguage\":\"nb-NO\",\"@id\":\"https:\/\/xenonkungen.com\/nl\/product\/interiorlampa-o143mm-on-off-chrome\/#primaryimage\",\"url\":\"https:\/\/xenonkungen.com\/wp-content\/uploads\/2025\/06\/7338325-origpic-9f19ea.jpg\",\"contentUrl\":\"https:\/\/xenonkungen.com\/wp-content\/uploads\/2025\/06\/7338325-origpic-9f19ea.jpg\",\"width\":500,\"height\":500},{\"@type\":\"BreadcrumbList\",\"@id\":\"https:\/\/xenonkungen.com\/nl\/product\/interiorlampa-o143mm-on-off-chrome\/#breadcrumb\",\"itemListElement\":[{\"@type\":\"ListItem\",\"position\":1,\"name\":\"Hem\",\"item\":\"https:\/\/xenonkungen.com\/\"},{\"@type\":\"ListItem\",\"position\":2,\"name\":\"Shop\",\"item\":\"https:\/\/xenonkungen.com\/shop\/\"},{\"@type\":\"ListItem\",\"position\":3,\"name\":\"Interi\u00f6rlampa \u00d8143mm | ON\/OFF | Chrome\"}]},{\"@type\":\"WebSite\",\"@id\":\"https:\/\/xenonkungen.com\/#website\",\"url\":\"https:\/\/xenonkungen.com\/\",\"name\":\"Xenonkungen\",\"description\":\"\",\"potentialAction\":[{\"@type\":\"SearchAction\",\"target\":{\"@type\":\"EntryPoint\",\"urlTemplate\":\"https:\/\/xenonkungen.com\/?s={search_term_string}\"},\"query-input\":{\"@type\":\"PropertyValueSpecification\",\"valueRequired\":true,\"valueName\":\"search_term_string\"}}],\"inLanguage\":\"nb-NO\"}]}<\/script>\n<!-- \/ Yoast SEO plugin. -->","yoast_head_json":{"title":"Innvendig lampe \u00d8143 mm | AV\/P\u00c5 | Krom - Xenon-kongen","robots":{"index":"index","follow":"follow","max-snippet":"max-snippet:-1","max-image-preview":"max-image-preview:large","max-video-preview":"max-video-preview:-1"},"canonical":"https:\/\/xenonkungen.com\/no\/produkt\/innvendig-lampe-o143mm-pa-av-krom\/","og_locale":"nb_NO","og_type":"article","og_title":"Interi\u00f6rlampa \u00d8143mm | ON\/OFF | Chrome - Xenonkungen","og_description":"LED Interi\u00f6rlampa med Av\/D\u00f6rr\/P\u00e5 Knapp och Kromsarg En sofistikerad LED interi\u00f6rlampa utrustad med en Av\/D\u00f6rr\/P\u00e5 knapp f\u00f6r optimal kontroll, omgiven av en elegant kromsarg. Dess cool white LED-teknologi levererar ett kraftfullt ljus motsvarande en 60W gl\u00f6dlampa, perfekt f\u00f6r alla fordon eller utrymmen som kr\u00e4ver anpassningsbar och effektiv belysning. Funktioner och Egenskaper: Flexibel ljuskontroll med Av\/D\u00f6rr\/P\u00e5 [&hellip;]","og_url":"https:\/\/xenonkungen.com\/no\/produkt\/innvendig-lampe-o143mm-pa-av-krom\/","og_site_name":"Xenonkungen","article_modified_time":"2026-04-10T23:40:16+00:00","og_image":[{"width":500,"height":500,"url":"https:\/\/xenonkungen.com\/wp-content\/uploads\/2025\/06\/7338325-origpic-9f19ea.jpg","type":"image\/jpeg"}],"twitter_card":"summary_large_image","twitter_misc":{"Ansl. lesetid":"1 minutt"},"schema":{"@context":"https:\/\/schema.org","@graph":[{"@type":"WebPage","@id":"https:\/\/xenonkungen.com\/nl\/product\/interiorlampa-o143mm-on-off-chrome\/","url":"https:\/\/xenonkungen.com\/nl\/product\/interiorlampa-o143mm-on-off-chrome\/","name":"Innvendig lampe \u00d8143 mm | AV\/P\u00c5 | Krom - Xenon-kongen","isPartOf":{"@id":"https:\/\/xenonkungen.com\/#website"},"primaryImageOfPage":{"@id":"https:\/\/xenonkungen.com\/nl\/product\/interiorlampa-o143mm-on-off-chrome\/#primaryimage"},"image":{"@id":"https:\/\/xenonkungen.com\/nl\/product\/interiorlampa-o143mm-on-off-chrome\/#primaryimage"},"thumbnailUrl":"https:\/\/xenonkungen.com\/wp-content\/uploads\/2025\/06\/7338325-origpic-9f19ea.jpg","datePublished":"2025-06-23T13:51:41+00:00","dateModified":"2026-04-10T23:40:16+00:00","breadcrumb":{"@id":"https:\/\/xenonkungen.com\/nl\/product\/interiorlampa-o143mm-on-off-chrome\/#breadcrumb"},"inLanguage":"nb-NO","potentialAction":[{"@type":"ReadAction","target":["https:\/\/xenonkungen.com\/nl\/product\/interiorlampa-o143mm-on-off-chrome\/"]}]},{"@type":"ImageObject","inLanguage":"nb-NO","@id":"https:\/\/xenonkungen.com\/nl\/product\/interiorlampa-o143mm-on-off-chrome\/#primaryimage","url":"https:\/\/xenonkungen.com\/wp-content\/uploads\/2025\/06\/7338325-origpic-9f19ea.jpg","contentUrl":"https:\/\/xenonkungen.com\/wp-content\/uploads\/2025\/06\/7338325-origpic-9f19ea.jpg","width":500,"height":500},{"@type":"BreadcrumbList","@id":"https:\/\/xenonkungen.com\/nl\/product\/interiorlampa-o143mm-on-off-chrome\/#breadcrumb","itemListElement":[{"@type":"ListItem","position":1,"name":"Hem","item":"https:\/\/xenonkungen.com\/"},{"@type":"ListItem","position":2,"name":"Shop","item":"https:\/\/xenonkungen.com\/shop\/"},{"@type":"ListItem","position":3,"name":"Interi\u00f6rlampa \u00d8143mm | ON\/OFF | Chrome"}]},{"@type":"WebSite","@id":"https:\/\/xenonkungen.com\/#website","url":"https:\/\/xenonkungen.com\/","name":"Xenonkungen","description":"","potentialAction":[{"@type":"SearchAction","target":{"@type":"EntryPoint","urlTemplate":"https:\/\/xenonkungen.com\/?s={search_term_string}"},"query-input":{"@type":"PropertyValueSpecification","valueRequired":true,"valueName":"search_term_string"}}],"inLanguage":"nb-NO"}]}},"taxonomy_info":{"anvandningsomrade":[{"value":166,"label":"Lastbil"},{"value":238,"label":"SL\u00c4P"},{"value":2816,"label":"TRAILER"}],"product_brand":[{"value":1252,"label":"LEA"}],"product_cat":[{"value":2586,"label":"Interi\u00f6rbelysning"}],"pa_storlek-mm":[{"value":2422,"label":"143x40"}],"pa_stromforbrukning":[{"value":2243,"label":"0,27A @28V"},{"value":2302,"label":"0,46A @13,8V"}],"pa_volt-v":[{"value":159,"label":"12"},{"value":160,"label":"24"}]},"featured_image_src_large":["https:\/\/xenonkungen.com\/wp-content\/uploads\/2025\/06\/7338325-origpic-9f19ea.jpg",500,500,false],"author_info":[],"comment_info":0,"_links":{"self":[{"href":"https:\/\/xenonkungen.com\/no\/wp-json\/wp\/v2\/product\/11696","targetHints":{"allow":["GET"]}}],"collection":[{"href":"https:\/\/xenonkungen.com\/no\/wp-json\/wp\/v2\/product"}],"about":[{"href":"https:\/\/xenonkungen.com\/no\/wp-json\/wp\/v2\/types\/product"}],"replies":[{"embeddable":true,"href":"https:\/\/xenonkungen.com\/no\/wp-json\/wp\/v2\/comments?post=11696"}],"wp:featuredmedia":[{"embeddable":true,"href":"https:\/\/xenonkungen.com\/no\/wp-json\/wp\/v2\/media\/11003"}],"wp:attachment":[{"href":"https:\/\/xenonkungen.com\/no\/wp-json\/wp\/v2\/media?parent=11696"}],"wp:term":[{"taxonomy":"anvandningsomrade","embeddable":true,"href":"https:\/\/xenonkungen.com\/no\/wp-json\/wp\/v2\/anvandningsomrade?post=11696"},{"taxonomy":"bilmarken","embeddable":true,"href":"https:\/\/xenonkungen.com\/no\/wp-json\/wp\/v2\/bilmarken?post=11696"},{"taxonomy":"product_brand","embeddable":true,"href":"https:\/\/xenonkungen.com\/no\/wp-json\/wp\/v2\/product_brand?post=11696"},{"taxonomy":"product_cat","embeddable":true,"href":"https:\/\/xenonkungen.com\/no\/wp-json\/wp\/v2\/product_cat?post=11696"},{"taxonomy":"product_tag","embeddable":true,"href":"https:\/\/xenonkungen.com\/no\/wp-json\/wp\/v2\/product_tag?post=11696"}],"curies":[{"name":"wp","href":"https:\/\/api.w.org\/{rel}","templated":true}]}}