{"id":11717,"date":"2025-06-23T13:51:49","date_gmt":"2025-06-23T13:51:49","guid":{"rendered":"https:\/\/xenonkungen.com\/produkt\/interior-led-list-600mm-frost\/"},"modified":"2026-04-11T00:36:43","modified_gmt":"2026-04-10T23:36:43","slug":"innvendig-led-stripe-600-mm-frostet","status":"publish","type":"product","link":"https:\/\/xenonkungen.com\/no\/produkt\/innvendig-led-stripe-600-mm-frostet\/","title":{"rendered":"Innvendig LED-liste 600 mm | Frost"},"content":{"rendered":"<div class=\"container\">\n<h1>Slank 600 mm LED-stanglampe for interi\u00f8rbelysning<\/h1>\n<p>Denne slanke LED-stavlampen er perfekt til bruk i interi\u00f8rbelysning i 12 V\/24 V-biler og andre bruksomr\u00e5der der det er behov for fluorescerende lys av h\u00f8y kvalitet. Med en h\u00f8yde p\u00e5 bare 10 mm og en bredde p\u00e5 25 mm er denne armaturen en diskret, men kraftig lyskilde.<\/p>\n<h2>Kjennetegn<\/h2>\n<ul>\n<li>Kulhvite diodelamper med h\u00f8y lysstyrke som gir et fluorescenslignende lys tilsvarende ca. 40\/60 W gl\u00f8delampe.<\/li>\n<li>Polykarbonatlinse med ugjennomsiktig optikk som gir en dempet lysstr\u00f8m p\u00e5 80 lux\/m, ideelt for dempet belysning.<\/li>\n<li>Stabil og slitesterk konstruksjon med en ramme av polykarbonat som sikrer lang levetid og holdbarhet.<\/li>\n<li>St\u00f8t- og vibrasjonsbestandig, helt nedsenkbar og IP67-klassifisert for optimal ytelse under t\u00f8ffe forhold.<\/li>\n<li>Kortslutningsbeskyttet for \u00f8kt brukersikkerhet og produktp\u00e5litelighet.<\/li>\n<\/ul>\n<p>Med sin effektive belysningskapasitet og robuste konstruksjon er denne LED-stolpelampen et utmerket valg for alle som er p\u00e5 utkikk etter en p\u00e5litelig og energieffektiv lyskilde til kj\u00f8ret\u00f8yet eller arbeidsplassen.<\/p>\n<\/div>\n<p><strong>Garanti: <\/strong>3 \u00e5r<\/p>","protected":false},"excerpt":{"rendered":"<p>Slim 600mm LED Stavlampa f\u00f6r Interi\u00f6r Belysning Denna slim designade LED stavlampa \u00e4r perfekt f\u00f6r anv\u00e4ndning inom interi\u00f6r belysning f\u00f6r 12V\/24V fordon och andra applikationer d\u00e4r h\u00f6gkvalitativ, lysr\u00f6rsliknande ljus efterfr\u00e5gas. Med endast 10mm i h\u00f6jd och 25mm i bredd, erbjuder denna armatur en diskret men kraftfull ljusk\u00e4lla. Egenskaper High brightness Cool white diodlampor som ger [&hellip;]<\/p>","protected":false},"featured_media":11049,"comment_status":"closed","ping_status":"closed","template":"","meta":{"_acf_changed":false,"_smort_price_nok":"1015","_smort_price_dkk":"645","_smort_price_eur":"86.36","_smort_sale_price_nok":"","_smort_sale_price_dkk":"","_smort_sale_price_eur":"","smort_restorder":"","shipmondo_restorder":"","_kad_blocks_custom_css":"","_kad_blocks_head_custom_js":"","_kad_blocks_body_custom_js":"","_kad_blocks_footer_custom_js":"","smort_custom_pricelist_1":"532","smort_custom_pricelist_2":"532","smort_custom_pricelist_3":"505.4","smort_custom_pricelist_4":"760","smort_custom_pricelist_5":"532"},"anvandningsomrade":[166,238,2816],"bilmarken":[],"product_brand":[1252],"product_cat":[2586],"product_tag":[],"class_list":{"0":"post-11717","1":"product","2":"type-product","3":"status-publish","4":"has-post-thumbnail","6":"anvandningsomrade-lastbil","7":"anvandningsomrade-slap","8":"anvandningsomrade-trailer","9":"product_brand-lea","10":"product_cat-interiorbelysning-slap","11":"pa_storlek-mm-600x25x10","12":"pa_stromforbrukning-031a-28v","13":"pa_stromforbrukning-058a-138v","14":"pa_volt-v-159","15":"pa_volt-v-160","17":"first","18":"instock","19":"taxable","20":"shipping-taxable","21":"purchasable","22":"product-type-variable"},"bundled_by":[],"bundle_stock_status":"instock","bundle_stock_quantity":4,"bundle_virtual":false,"bundle_layout":"","bundle_add_to_cart_form_location":"","bundle_editable_in_cart":false,"bundle_sold_individually_context":"","bundle_item_grouping":"","bundle_min_size":"","bundle_max_size":"","bundle_price":[],"bundled_items":[],"bundle_sell_ids":[],"acf":[],"yoast_head":"<!-- This site is optimized with the Yoast SEO plugin v27.0 - https:\/\/yoast.com\/product\/yoast-seo-wordpress\/ -->\n<title>Interi\u00f6r LED-list 600mm | Frost - Xenonkungen<\/title>\n<meta name=\"robots\" content=\"index, follow, max-snippet:-1, max-image-preview:large, max-video-preview:-1\" \/>\n<link rel=\"canonical\" href=\"https:\/\/xenonkungen.com\/no\/produkt\/innvendig-led-stripe-600-mm-frostet\/\" \/>\n<meta property=\"og:locale\" content=\"nb_NO\" \/>\n<meta property=\"og:type\" content=\"article\" \/>\n<meta property=\"og:title\" content=\"Interi\u00f6r LED-list 600mm | Frost - Xenonkungen\" \/>\n<meta property=\"og:description\" content=\"Slim 600mm LED Stavlampa f\u00f6r Interi\u00f6r Belysning Denna slim designade LED stavlampa \u00e4r perfekt f\u00f6r anv\u00e4ndning inom interi\u00f6r belysning f\u00f6r 12V\/24V fordon och andra applikationer d\u00e4r h\u00f6gkvalitativ, lysr\u00f6rsliknande ljus efterfr\u00e5gas. Med endast 10mm i h\u00f6jd och 25mm i bredd, erbjuder denna armatur en diskret men kraftfull ljusk\u00e4lla. Egenskaper High brightness Cool white diodlampor som ger [&hellip;]\" \/>\n<meta property=\"og:url\" content=\"https:\/\/xenonkungen.com\/no\/produkt\/innvendig-led-stripe-600-mm-frostet\/\" \/>\n<meta property=\"og:site_name\" content=\"Xenonkungen\" \/>\n<meta property=\"article:modified_time\" content=\"2026-04-10T23:36:43+00:00\" \/>\n<meta property=\"og:image\" content=\"https:\/\/xenonkungen.com\/wp-content\/uploads\/2025\/06\/25571915-origpic-5ce96c.jpg\" \/>\n\t<meta property=\"og:image:width\" content=\"800\" \/>\n\t<meta property=\"og:image:height\" content=\"800\" \/>\n\t<meta property=\"og:image:type\" content=\"image\/jpeg\" \/>\n<meta name=\"twitter:card\" content=\"summary_large_image\" \/>\n<meta name=\"twitter:label1\" content=\"Ansl. lesetid\" \/>\n\t<meta name=\"twitter:data1\" content=\"1 minutt\" \/>\n<script type=\"application\/ld+json\" class=\"yoast-schema-graph\">{\"@context\":\"https:\/\/schema.org\",\"@graph\":[{\"@type\":\"WebPage\",\"@id\":\"https:\/\/xenonkungen.com\/fi\/tuote\/sisakayttoon-tarkoitettu-led-nauha-600-mmn-huurre\/\",\"url\":\"https:\/\/xenonkungen.com\/fi\/tuote\/sisakayttoon-tarkoitettu-led-nauha-600-mmn-huurre\/\",\"name\":\"Interi\u00f6r LED-list 600mm | Frost - Xenonkungen\",\"isPartOf\":{\"@id\":\"https:\/\/xenonkungen.com\/#website\"},\"primaryImageOfPage\":{\"@id\":\"https:\/\/xenonkungen.com\/fi\/tuote\/sisakayttoon-tarkoitettu-led-nauha-600-mmn-huurre\/#primaryimage\"},\"image\":{\"@id\":\"https:\/\/xenonkungen.com\/fi\/tuote\/sisakayttoon-tarkoitettu-led-nauha-600-mmn-huurre\/#primaryimage\"},\"thumbnailUrl\":\"https:\/\/xenonkungen.com\/wp-content\/uploads\/2025\/06\/25571915-origpic-5ce96c.jpg\",\"datePublished\":\"2025-06-23T13:51:49+00:00\",\"dateModified\":\"2026-04-10T23:36:43+00:00\",\"breadcrumb\":{\"@id\":\"https:\/\/xenonkungen.com\/fi\/tuote\/sisakayttoon-tarkoitettu-led-nauha-600-mmn-huurre\/#breadcrumb\"},\"inLanguage\":\"nb-NO\",\"potentialAction\":[{\"@type\":\"ReadAction\",\"target\":[\"https:\/\/xenonkungen.com\/fi\/tuote\/sisakayttoon-tarkoitettu-led-nauha-600-mmn-huurre\/\"]}]},{\"@type\":\"ImageObject\",\"inLanguage\":\"nb-NO\",\"@id\":\"https:\/\/xenonkungen.com\/fi\/tuote\/sisakayttoon-tarkoitettu-led-nauha-600-mmn-huurre\/#primaryimage\",\"url\":\"https:\/\/xenonkungen.com\/wp-content\/uploads\/2025\/06\/25571915-origpic-5ce96c.jpg\",\"contentUrl\":\"https:\/\/xenonkungen.com\/wp-content\/uploads\/2025\/06\/25571915-origpic-5ce96c.jpg\",\"width\":800,\"height\":800},{\"@type\":\"BreadcrumbList\",\"@id\":\"https:\/\/xenonkungen.com\/fi\/tuote\/sisakayttoon-tarkoitettu-led-nauha-600-mmn-huurre\/#breadcrumb\",\"itemListElement\":[{\"@type\":\"ListItem\",\"position\":1,\"name\":\"Hem\",\"item\":\"https:\/\/xenonkungen.com\/\"},{\"@type\":\"ListItem\",\"position\":2,\"name\":\"Shop\",\"item\":\"https:\/\/xenonkungen.com\/shop\/\"},{\"@type\":\"ListItem\",\"position\":3,\"name\":\"Interi\u00f6r LED-list 600mm | Frost\"}]},{\"@type\":\"WebSite\",\"@id\":\"https:\/\/xenonkungen.com\/#website\",\"url\":\"https:\/\/xenonkungen.com\/\",\"name\":\"Xenonkungen\",\"description\":\"\",\"potentialAction\":[{\"@type\":\"SearchAction\",\"target\":{\"@type\":\"EntryPoint\",\"urlTemplate\":\"https:\/\/xenonkungen.com\/?s={search_term_string}\"},\"query-input\":{\"@type\":\"PropertyValueSpecification\",\"valueRequired\":true,\"valueName\":\"search_term_string\"}}],\"inLanguage\":\"nb-NO\"}]}<\/script>\n<!-- \/ Yoast SEO plugin. -->","yoast_head_json":{"title":"Innvendig LED-stripe 600 mm | Frost - Xenonkungen","robots":{"index":"index","follow":"follow","max-snippet":"max-snippet:-1","max-image-preview":"max-image-preview:large","max-video-preview":"max-video-preview:-1"},"canonical":"https:\/\/xenonkungen.com\/no\/produkt\/innvendig-led-stripe-600-mm-frostet\/","og_locale":"nb_NO","og_type":"article","og_title":"Interi\u00f6r LED-list 600mm | Frost - Xenonkungen","og_description":"Slim 600mm LED Stavlampa f\u00f6r Interi\u00f6r Belysning Denna slim designade LED stavlampa \u00e4r perfekt f\u00f6r anv\u00e4ndning inom interi\u00f6r belysning f\u00f6r 12V\/24V fordon och andra applikationer d\u00e4r h\u00f6gkvalitativ, lysr\u00f6rsliknande ljus efterfr\u00e5gas. Med endast 10mm i h\u00f6jd och 25mm i bredd, erbjuder denna armatur en diskret men kraftfull ljusk\u00e4lla. Egenskaper High brightness Cool white diodlampor som ger [&hellip;]","og_url":"https:\/\/xenonkungen.com\/no\/produkt\/innvendig-led-stripe-600-mm-frostet\/","og_site_name":"Xenonkungen","article_modified_time":"2026-04-10T23:36:43+00:00","og_image":[{"width":800,"height":800,"url":"https:\/\/xenonkungen.com\/wp-content\/uploads\/2025\/06\/25571915-origpic-5ce96c.jpg","type":"image\/jpeg"}],"twitter_card":"summary_large_image","twitter_misc":{"Ansl. lesetid":"1 minutt"},"schema":{"@context":"https:\/\/schema.org","@graph":[{"@type":"WebPage","@id":"https:\/\/xenonkungen.com\/fi\/tuote\/sisakayttoon-tarkoitettu-led-nauha-600-mmn-huurre\/","url":"https:\/\/xenonkungen.com\/fi\/tuote\/sisakayttoon-tarkoitettu-led-nauha-600-mmn-huurre\/","name":"Innvendig LED-stripe 600 mm | Frost - Xenonkungen","isPartOf":{"@id":"https:\/\/xenonkungen.com\/#website"},"primaryImageOfPage":{"@id":"https:\/\/xenonkungen.com\/fi\/tuote\/sisakayttoon-tarkoitettu-led-nauha-600-mmn-huurre\/#primaryimage"},"image":{"@id":"https:\/\/xenonkungen.com\/fi\/tuote\/sisakayttoon-tarkoitettu-led-nauha-600-mmn-huurre\/#primaryimage"},"thumbnailUrl":"https:\/\/xenonkungen.com\/wp-content\/uploads\/2025\/06\/25571915-origpic-5ce96c.jpg","datePublished":"2025-06-23T13:51:49+00:00","dateModified":"2026-04-10T23:36:43+00:00","breadcrumb":{"@id":"https:\/\/xenonkungen.com\/fi\/tuote\/sisakayttoon-tarkoitettu-led-nauha-600-mmn-huurre\/#breadcrumb"},"inLanguage":"nb-NO","potentialAction":[{"@type":"ReadAction","target":["https:\/\/xenonkungen.com\/fi\/tuote\/sisakayttoon-tarkoitettu-led-nauha-600-mmn-huurre\/"]}]},{"@type":"ImageObject","inLanguage":"nb-NO","@id":"https:\/\/xenonkungen.com\/fi\/tuote\/sisakayttoon-tarkoitettu-led-nauha-600-mmn-huurre\/#primaryimage","url":"https:\/\/xenonkungen.com\/wp-content\/uploads\/2025\/06\/25571915-origpic-5ce96c.jpg","contentUrl":"https:\/\/xenonkungen.com\/wp-content\/uploads\/2025\/06\/25571915-origpic-5ce96c.jpg","width":800,"height":800},{"@type":"BreadcrumbList","@id":"https:\/\/xenonkungen.com\/fi\/tuote\/sisakayttoon-tarkoitettu-led-nauha-600-mmn-huurre\/#breadcrumb","itemListElement":[{"@type":"ListItem","position":1,"name":"Hem","item":"https:\/\/xenonkungen.com\/"},{"@type":"ListItem","position":2,"name":"Shop","item":"https:\/\/xenonkungen.com\/shop\/"},{"@type":"ListItem","position":3,"name":"Interi\u00f6r LED-list 600mm | Frost"}]},{"@type":"WebSite","@id":"https:\/\/xenonkungen.com\/#website","url":"https:\/\/xenonkungen.com\/","name":"Xenonkungen","description":"","potentialAction":[{"@type":"SearchAction","target":{"@type":"EntryPoint","urlTemplate":"https:\/\/xenonkungen.com\/?s={search_term_string}"},"query-input":{"@type":"PropertyValueSpecification","valueRequired":true,"valueName":"search_term_string"}}],"inLanguage":"nb-NO"}]}},"taxonomy_info":{"anvandningsomrade":[{"value":166,"label":"Lastbil"},{"value":238,"label":"SL\u00c4P"},{"value":2816,"label":"TRAILER"}],"product_brand":[{"value":1252,"label":"LEA"}],"product_cat":[{"value":2586,"label":"Interi\u00f6rbelysning"}],"pa_storlek-mm":[{"value":2424,"label":"600x25x10"}],"pa_stromforbrukning":[{"value":2305,"label":"0,31A @28V"},{"value":2304,"label":"0,58A @13,8V"}],"pa_volt-v":[{"value":159,"label":"12"},{"value":160,"label":"24"}]},"featured_image_src_large":["https:\/\/xenonkungen.com\/wp-content\/uploads\/2025\/06\/25571915-origpic-5ce96c.jpg",800,800,false],"author_info":[],"comment_info":0,"_links":{"self":[{"href":"https:\/\/xenonkungen.com\/no\/wp-json\/wp\/v2\/product\/11717","targetHints":{"allow":["GET"]}}],"collection":[{"href":"https:\/\/xenonkungen.com\/no\/wp-json\/wp\/v2\/product"}],"about":[{"href":"https:\/\/xenonkungen.com\/no\/wp-json\/wp\/v2\/types\/product"}],"replies":[{"embeddable":true,"href":"https:\/\/xenonkungen.com\/no\/wp-json\/wp\/v2\/comments?post=11717"}],"wp:featuredmedia":[{"embeddable":true,"href":"https:\/\/xenonkungen.com\/no\/wp-json\/wp\/v2\/media\/11049"}],"wp:attachment":[{"href":"https:\/\/xenonkungen.com\/no\/wp-json\/wp\/v2\/media?parent=11717"}],"wp:term":[{"taxonomy":"anvandningsomrade","embeddable":true,"href":"https:\/\/xenonkungen.com\/no\/wp-json\/wp\/v2\/anvandningsomrade?post=11717"},{"taxonomy":"bilmarken","embeddable":true,"href":"https:\/\/xenonkungen.com\/no\/wp-json\/wp\/v2\/bilmarken?post=11717"},{"taxonomy":"product_brand","embeddable":true,"href":"https:\/\/xenonkungen.com\/no\/wp-json\/wp\/v2\/product_brand?post=11717"},{"taxonomy":"product_cat","embeddable":true,"href":"https:\/\/xenonkungen.com\/no\/wp-json\/wp\/v2\/product_cat?post=11717"},{"taxonomy":"product_tag","embeddable":true,"href":"https:\/\/xenonkungen.com\/no\/wp-json\/wp\/v2\/product_tag?post=11717"}],"curies":[{"name":"wp","href":"https:\/\/api.w.org\/{rel}","templated":true}]}}