{"id":11738,"date":"2025-06-23T13:51:56","date_gmt":"2025-06-23T13:51:56","guid":{"rendered":"https:\/\/xenonkungen.com\/produkt\/interior-led-list-100mm-frost\/"},"modified":"2026-04-11T00:36:57","modified_gmt":"2026-04-10T23:36:57","slug":"innvendig-led-stripe-100-mm-frostet","status":"publish","type":"product","link":"https:\/\/xenonkungen.com\/no\/produkt\/innvendig-led-stripe-100-mm-frostet\/","title":{"rendered":"Innvendig LED-stripe 100 mm | Frost"},"content":{"rendered":"<div class=\"container\">\n<h1>Slank 100 mm LED-stanglampe for interi\u00f8rbelysning<\/h1>\n<p>Denne slanke 100 mm LED-stavlampen er et utmerket valg for innvendig belysning av h\u00f8y kvalitet i 12 V\/24 V-biler og lignende bruksomr\u00e5der. De kompakte dimensjonene p\u00e5 bare 10 mm i h\u00f8yden og 25 mm i bredden gj\u00f8r den til en diskret, men effektiv lyskilde.<\/p>\n<p>Med Cool white-diodelamper med h\u00f8y lysstyrke gir den et fluorescerende lys som er perfekt for \u00e5 forbedre sikten og arbeidsforholdene i kj\u00f8ret\u00f8y. Den er utstyrt med en polykarbonatlinse med optiske egenskaper som sikrer optimalt lysutbytte og spredning.<\/p>\n<h2>Funksjoner og fordeler<\/h2>\n<ul>\n<li>Ultrakompakt design for enkel integrering i ulike rom.<\/li>\n<li>Gir et kraftig og effektivt fluorescenslignende lys.<\/li>\n<li>Polykarbonatlinse med optiske egenskaper for optimal lysspredning.<\/li>\n<li>Robust og slitesterk konstruksjon, st\u00f8t- og vibrasjonsbestandig, IP67-klassifisert og kortslutningsbeskyttet.<\/li>\n<\/ul>\n<p>Denne LED-stanglampen er den perfekte belysningsl\u00f8sningen for deg som trenger p\u00e5litelig og holdbar innvendig belysning i kj\u00f8ret\u00f8y, servicebiler, campingvogner og andre lignende milj\u00f8er. Den h\u00f8ye kvaliteten p\u00e5 design og ytelse gj\u00f8r den til en uvurderlig del av utstyret ditt.<\/p>\n<\/div>\n<p><strong>Ugjennomsiktig<\/strong> - dempet lys (10 lux\/m)<\/p>\n<p>Tilsvarer ca. 10 W gl\u00f8delys,<\/p>\n<p><strong>Garanti:<\/strong> 3 \u00e5r<\/p>","protected":false},"excerpt":{"rendered":"<p>Slim 100mm LED Stavlampa f\u00f6r Interi\u00f6r Belysning Denna Slim 100mm LED stavlampa \u00e4r ett utm\u00e4rkt val f\u00f6r att tillhandah\u00e5lla h\u00f6gkvalitativ interi\u00f6r belysning i 12V\/24V fordon och liknande applikationer. Dess kompakta dimensioner, med endast 10mm i h\u00f6jd och 25mm i bredd, g\u00f6r den till en diskret men effektiv ljusk\u00e4lla. Med high brightness Cool white diodlampor erbjuder [&hellip;]<\/p>","protected":false},"featured_media":11096,"comment_status":"closed","ping_status":"closed","template":"","meta":{"_acf_changed":false,"_smort_price_nok":"139","_smort_price_dkk":"88","_smort_price_eur":"11.82","_smort_sale_price_nok":"","_smort_sale_price_dkk":"","_smort_sale_price_eur":"","smort_restorder":"","shipmondo_restorder":"","_kad_blocks_custom_css":"","_kad_blocks_head_custom_js":"","_kad_blocks_body_custom_js":"","_kad_blocks_footer_custom_js":"","smort_custom_pricelist_1":null,"smort_custom_pricelist_2":null,"smort_custom_pricelist_3":null,"smort_custom_pricelist_4":null,"smort_custom_pricelist_5":null},"anvandningsomrade":[166,238,2816],"bilmarken":[],"product_brand":[1252],"product_cat":[2586],"product_tag":[],"class_list":{"0":"post-11738","1":"product","2":"type-product","3":"status-publish","4":"has-post-thumbnail","6":"anvandningsomrade-lastbil","7":"anvandningsomrade-slap","8":"anvandningsomrade-trailer","9":"product_brand-lea","10":"product_cat-interiorbelysning-slap","11":"pa_storlek-mm-100x25x10","12":"pa_stromforbrukning-005a-28v","13":"pa_stromforbrukning-011a-138v","14":"pa_volt-v-159","15":"pa_volt-v-160","17":"first","18":"instock","19":"taxable","20":"shipping-taxable","21":"purchasable","22":"product-type-variable"},"bundled_by":[],"bundle_stock_status":"instock","bundle_stock_quantity":null,"bundle_virtual":false,"bundle_layout":"","bundle_add_to_cart_form_location":"","bundle_editable_in_cart":false,"bundle_sold_individually_context":"","bundle_item_grouping":"","bundle_min_size":"","bundle_max_size":"","bundle_price":[],"bundled_items":[],"bundle_sell_ids":[],"acf":[],"yoast_head":"<!-- This site is optimized with the Yoast SEO plugin v27.0 - https:\/\/yoast.com\/product\/yoast-seo-wordpress\/ -->\n<title>Interi\u00f6r LED-list 100mm | Frost - Xenonkungen<\/title>\n<meta name=\"robots\" content=\"index, follow, max-snippet:-1, max-image-preview:large, max-video-preview:-1\" \/>\n<link rel=\"canonical\" href=\"https:\/\/xenonkungen.com\/no\/produkt\/innvendig-led-stripe-100-mm-frostet\/\" \/>\n<meta property=\"og:locale\" content=\"nb_NO\" \/>\n<meta property=\"og:type\" content=\"article\" \/>\n<meta property=\"og:title\" content=\"Interi\u00f6r LED-list 100mm | Frost - Xenonkungen\" \/>\n<meta property=\"og:description\" content=\"Slim 100mm LED Stavlampa f\u00f6r Interi\u00f6r Belysning Denna Slim 100mm LED stavlampa \u00e4r ett utm\u00e4rkt val f\u00f6r att tillhandah\u00e5lla h\u00f6gkvalitativ interi\u00f6r belysning i 12V\/24V fordon och liknande applikationer. Dess kompakta dimensioner, med endast 10mm i h\u00f6jd och 25mm i bredd, g\u00f6r den till en diskret men effektiv ljusk\u00e4lla. Med high brightness Cool white diodlampor erbjuder [&hellip;]\" \/>\n<meta property=\"og:url\" content=\"https:\/\/xenonkungen.com\/no\/produkt\/innvendig-led-stripe-100-mm-frostet\/\" \/>\n<meta property=\"og:site_name\" content=\"Xenonkungen\" \/>\n<meta property=\"article:modified_time\" content=\"2026-04-10T23:36:57+00:00\" \/>\n<meta property=\"og:image\" content=\"https:\/\/xenonkungen.com\/wp-content\/uploads\/2025\/06\/25569914-origpic-0afdd5.jpg\" \/>\n\t<meta property=\"og:image:width\" content=\"800\" \/>\n\t<meta property=\"og:image:height\" content=\"800\" \/>\n\t<meta property=\"og:image:type\" content=\"image\/jpeg\" \/>\n<meta name=\"twitter:card\" content=\"summary_large_image\" \/>\n<meta name=\"twitter:label1\" content=\"Ansl. lesetid\" \/>\n\t<meta name=\"twitter:data1\" content=\"2 minutter\" \/>\n<script type=\"application\/ld+json\" class=\"yoast-schema-graph\">{\"@context\":\"https:\/\/schema.org\",\"@graph\":[{\"@type\":\"WebPage\",\"@id\":\"https:\/\/xenonkungen.com\/no\/produkt\/innvendig-led-stripe-100-mm-frostet\/\",\"url\":\"https:\/\/xenonkungen.com\/no\/produkt\/innvendig-led-stripe-100-mm-frostet\/\",\"name\":\"Interi\u00f6r LED-list 100mm | Frost - Xenonkungen\",\"isPartOf\":{\"@id\":\"https:\/\/xenonkungen.com\/#website\"},\"primaryImageOfPage\":{\"@id\":\"https:\/\/xenonkungen.com\/no\/produkt\/innvendig-led-stripe-100-mm-frostet\/#primaryimage\"},\"image\":{\"@id\":\"https:\/\/xenonkungen.com\/no\/produkt\/innvendig-led-stripe-100-mm-frostet\/#primaryimage\"},\"thumbnailUrl\":\"https:\/\/xenonkungen.com\/wp-content\/uploads\/2025\/06\/25569914-origpic-0afdd5.jpg\",\"datePublished\":\"2025-06-23T13:51:56+00:00\",\"dateModified\":\"2026-04-10T23:36:57+00:00\",\"breadcrumb\":{\"@id\":\"https:\/\/xenonkungen.com\/no\/produkt\/innvendig-led-stripe-100-mm-frostet\/#breadcrumb\"},\"inLanguage\":\"nb-NO\",\"potentialAction\":[{\"@type\":\"ReadAction\",\"target\":[\"https:\/\/xenonkungen.com\/no\/produkt\/innvendig-led-stripe-100-mm-frostet\/\"]}]},{\"@type\":\"ImageObject\",\"inLanguage\":\"nb-NO\",\"@id\":\"https:\/\/xenonkungen.com\/no\/produkt\/innvendig-led-stripe-100-mm-frostet\/#primaryimage\",\"url\":\"https:\/\/xenonkungen.com\/wp-content\/uploads\/2025\/06\/25569914-origpic-0afdd5.jpg\",\"contentUrl\":\"https:\/\/xenonkungen.com\/wp-content\/uploads\/2025\/06\/25569914-origpic-0afdd5.jpg\",\"width\":800,\"height\":800},{\"@type\":\"BreadcrumbList\",\"@id\":\"https:\/\/xenonkungen.com\/no\/produkt\/innvendig-led-stripe-100-mm-frostet\/#breadcrumb\",\"itemListElement\":[{\"@type\":\"ListItem\",\"position\":1,\"name\":\"Hem\",\"item\":\"https:\/\/xenonkungen.com\/\"},{\"@type\":\"ListItem\",\"position\":2,\"name\":\"Shop\",\"item\":\"https:\/\/xenonkungen.com\/shop\/\"},{\"@type\":\"ListItem\",\"position\":3,\"name\":\"Interi\u00f6r LED-list 100mm | Frost\"}]},{\"@type\":\"WebSite\",\"@id\":\"https:\/\/xenonkungen.com\/#website\",\"url\":\"https:\/\/xenonkungen.com\/\",\"name\":\"Xenonkungen\",\"description\":\"\",\"potentialAction\":[{\"@type\":\"SearchAction\",\"target\":{\"@type\":\"EntryPoint\",\"urlTemplate\":\"https:\/\/xenonkungen.com\/?s={search_term_string}\"},\"query-input\":{\"@type\":\"PropertyValueSpecification\",\"valueRequired\":true,\"valueName\":\"search_term_string\"}}],\"inLanguage\":\"nb-NO\"}]}<\/script>\n<!-- \/ Yoast SEO plugin. -->","yoast_head_json":{"title":"Innvendig LED-stripe 100 mm | Frost - Xenonkungen","robots":{"index":"index","follow":"follow","max-snippet":"max-snippet:-1","max-image-preview":"max-image-preview:large","max-video-preview":"max-video-preview:-1"},"canonical":"https:\/\/xenonkungen.com\/no\/produkt\/innvendig-led-stripe-100-mm-frostet\/","og_locale":"nb_NO","og_type":"article","og_title":"Interi\u00f6r LED-list 100mm | Frost - Xenonkungen","og_description":"Slim 100mm LED Stavlampa f\u00f6r Interi\u00f6r Belysning Denna Slim 100mm LED stavlampa \u00e4r ett utm\u00e4rkt val f\u00f6r att tillhandah\u00e5lla h\u00f6gkvalitativ interi\u00f6r belysning i 12V\/24V fordon och liknande applikationer. Dess kompakta dimensioner, med endast 10mm i h\u00f6jd och 25mm i bredd, g\u00f6r den till en diskret men effektiv ljusk\u00e4lla. Med high brightness Cool white diodlampor erbjuder [&hellip;]","og_url":"https:\/\/xenonkungen.com\/no\/produkt\/innvendig-led-stripe-100-mm-frostet\/","og_site_name":"Xenonkungen","article_modified_time":"2026-04-10T23:36:57+00:00","og_image":[{"width":800,"height":800,"url":"https:\/\/xenonkungen.com\/wp-content\/uploads\/2025\/06\/25569914-origpic-0afdd5.jpg","type":"image\/jpeg"}],"twitter_card":"summary_large_image","twitter_misc":{"Ansl. lesetid":"2 minutter"},"schema":{"@context":"https:\/\/schema.org","@graph":[{"@type":"WebPage","@id":"https:\/\/xenonkungen.com\/no\/produkt\/innvendig-led-stripe-100-mm-frostet\/","url":"https:\/\/xenonkungen.com\/no\/produkt\/innvendig-led-stripe-100-mm-frostet\/","name":"Innvendig LED-stripe 100 mm | Frost - Xenonkungen","isPartOf":{"@id":"https:\/\/xenonkungen.com\/#website"},"primaryImageOfPage":{"@id":"https:\/\/xenonkungen.com\/no\/produkt\/innvendig-led-stripe-100-mm-frostet\/#primaryimage"},"image":{"@id":"https:\/\/xenonkungen.com\/no\/produkt\/innvendig-led-stripe-100-mm-frostet\/#primaryimage"},"thumbnailUrl":"https:\/\/xenonkungen.com\/wp-content\/uploads\/2025\/06\/25569914-origpic-0afdd5.jpg","datePublished":"2025-06-23T13:51:56+00:00","dateModified":"2026-04-10T23:36:57+00:00","breadcrumb":{"@id":"https:\/\/xenonkungen.com\/no\/produkt\/innvendig-led-stripe-100-mm-frostet\/#breadcrumb"},"inLanguage":"nb-NO","potentialAction":[{"@type":"ReadAction","target":["https:\/\/xenonkungen.com\/no\/produkt\/innvendig-led-stripe-100-mm-frostet\/"]}]},{"@type":"ImageObject","inLanguage":"nb-NO","@id":"https:\/\/xenonkungen.com\/no\/produkt\/innvendig-led-stripe-100-mm-frostet\/#primaryimage","url":"https:\/\/xenonkungen.com\/wp-content\/uploads\/2025\/06\/25569914-origpic-0afdd5.jpg","contentUrl":"https:\/\/xenonkungen.com\/wp-content\/uploads\/2025\/06\/25569914-origpic-0afdd5.jpg","width":800,"height":800},{"@type":"BreadcrumbList","@id":"https:\/\/xenonkungen.com\/no\/produkt\/innvendig-led-stripe-100-mm-frostet\/#breadcrumb","itemListElement":[{"@type":"ListItem","position":1,"name":"Hem","item":"https:\/\/xenonkungen.com\/"},{"@type":"ListItem","position":2,"name":"Shop","item":"https:\/\/xenonkungen.com\/shop\/"},{"@type":"ListItem","position":3,"name":"Interi\u00f6r LED-list 100mm | Frost"}]},{"@type":"WebSite","@id":"https:\/\/xenonkungen.com\/#website","url":"https:\/\/xenonkungen.com\/","name":"Xenonkungen","description":"","potentialAction":[{"@type":"SearchAction","target":{"@type":"EntryPoint","urlTemplate":"https:\/\/xenonkungen.com\/?s={search_term_string}"},"query-input":{"@type":"PropertyValueSpecification","valueRequired":true,"valueName":"search_term_string"}}],"inLanguage":"nb-NO"}]}},"taxonomy_info":{"anvandningsomrade":[{"value":166,"label":"Lastbil"},{"value":238,"label":"SL\u00c4P"},{"value":2816,"label":"TRAILER"}],"product_brand":[{"value":1252,"label":"LEA"}],"product_cat":[{"value":2586,"label":"Interi\u00f6rbelysning"}],"pa_storlek-mm":[{"value":2051,"label":"100x25x10"}],"pa_stromforbrukning":[{"value":1881,"label":"0,05A @28V"},{"value":2078,"label":"0,11A @13,8V"}],"pa_volt-v":[{"value":159,"label":"12"},{"value":160,"label":"24"}]},"featured_image_src_large":["https:\/\/xenonkungen.com\/wp-content\/uploads\/2025\/06\/25569914-origpic-0afdd5.jpg",800,800,false],"author_info":[],"comment_info":0,"_links":{"self":[{"href":"https:\/\/xenonkungen.com\/no\/wp-json\/wp\/v2\/product\/11738","targetHints":{"allow":["GET"]}}],"collection":[{"href":"https:\/\/xenonkungen.com\/no\/wp-json\/wp\/v2\/product"}],"about":[{"href":"https:\/\/xenonkungen.com\/no\/wp-json\/wp\/v2\/types\/product"}],"replies":[{"embeddable":true,"href":"https:\/\/xenonkungen.com\/no\/wp-json\/wp\/v2\/comments?post=11738"}],"wp:featuredmedia":[{"embeddable":true,"href":"https:\/\/xenonkungen.com\/no\/wp-json\/wp\/v2\/media\/11096"}],"wp:attachment":[{"href":"https:\/\/xenonkungen.com\/no\/wp-json\/wp\/v2\/media?parent=11738"}],"wp:term":[{"taxonomy":"anvandningsomrade","embeddable":true,"href":"https:\/\/xenonkungen.com\/no\/wp-json\/wp\/v2\/anvandningsomrade?post=11738"},{"taxonomy":"bilmarken","embeddable":true,"href":"https:\/\/xenonkungen.com\/no\/wp-json\/wp\/v2\/bilmarken?post=11738"},{"taxonomy":"product_brand","embeddable":true,"href":"https:\/\/xenonkungen.com\/no\/wp-json\/wp\/v2\/product_brand?post=11738"},{"taxonomy":"product_cat","embeddable":true,"href":"https:\/\/xenonkungen.com\/no\/wp-json\/wp\/v2\/product_cat?post=11738"},{"taxonomy":"product_tag","embeddable":true,"href":"https:\/\/xenonkungen.com\/no\/wp-json\/wp\/v2\/product_tag?post=11738"}],"curies":[{"name":"wp","href":"https:\/\/api.w.org\/{rel}","templated":true}]}}