{"id":11807,"date":"2025-06-23T13:52:24","date_gmt":"2025-06-23T13:52:24","guid":{"rendered":"https:\/\/xenonkungen.com\/produkt\/luxtar-ledramp-x12-black-edition-120w\/"},"modified":"2026-04-24T16:42:23","modified_gmt":"2026-04-24T15:42:23","slug":"luxtar-led-rampe-x12-svart-utgave-120w","status":"publish","type":"product","link":"https:\/\/xenonkungen.com\/no\/produkt\/luxtar-led-rampe-x12-svart-utgave-120w\/","title":{"rendered":"LUXTAR\u00ae Ledramp X12 Black Edition 120W <36cm>"},"content":{"rendered":"<h2><strong>Luxtar\u00ae X12 Ledrampe Black Edition<\/strong><\/h2>\n<p>Luxtar X-serien er designet med sidemonterte diodelamper som ikke bare er unike, men som ogs\u00e5 forbedrer ytelsen. Black Edition har et diskret utseende, samtidig som den leverer topp ytelse for bedre sikt.<\/p>\n<p>Luxtar X12 Black Edition er ideell for deg som vil ha det beste fra to verdener: stil og ytelse.<\/p>\n<p><strong>Teoretiske verdier for LED-rampe <\/strong><br \/>\n120 W og 7 392 lumen<\/p>\n<p>Luxtar Led rampe X 12 har en teoretisk verdi p\u00e5 120 W og 7 392 lumen. N\u00e5r du sammenligner andre alternativer p\u00e5 markedet, b\u00f8r du ha disse faktorene i bakhodet.<\/p>\n<p><strong>Faktiske verdier for LED-rampe <\/strong><br \/>\n87,6 W og 6 013 lumen<\/p>\n<p>Hvis du sammenligner den faktiske utgangsverdien p\u00e5 87,6 watt og 6 012 lumen, kan den sammenlignes med nesten 6 halogenlamper med 55W som har en lysverdi p\u00e5 ca. 1 000 lumen (+-200lm).<\/p>\n<p><strong>St\u00f8rrelse<\/strong><br \/>\n36 cm<\/p>\n<p><strong>volt<\/strong><br \/>\n10-32<\/p>\n<p><strong>Bruksomr\u00e5der<\/strong><br \/>\nPersonbil | Nyttekj\u00f8ret\u00f8y | Varebil | Lastebil | Pickup<\/p>\n<p><strong>Valg av reflektor\/lysm\u00f8nster p\u00e5 LED Ramp<\/strong><br \/>\nSpot og kj\u00f8ring<\/p>\n<p>Spot: Optimalisert for maksimal rekkevidde, smalt lysm\u00f8nster. Passer for deg som prioriterer lysets rekkevidde eller ved h\u00f8yere hastigheter der fokuset naturlig nok ligger p\u00e5 lengre avstander.<\/p>\n<p>Kj\u00f8ring: Optimalisert for bred str\u00e5le med redusert rekkevidde. Ogs\u00e5 kalt langt lysbilde. Passer for deg som \u00f8nsker et bredt lys for bedre sidesikt.<\/p>","protected":false},"excerpt":{"rendered":"<p><i>Luxtar\u00ae X12 Black Edition har en lysintensitet p\u00e5 6013 lumen og er 36 cm lang. Lysstyrken kan sammenlignes med 6 originale halogen 55w | 1000 Lumen (+-200 lm). <\/i><\/p>","protected":false},"featured_media":11241,"comment_status":"closed","ping_status":"closed","template":"","meta":{"_acf_changed":false,"_smort_price_nok":"1469","_smort_price_dkk":"1422","_smort_price_eur":"190.45","_smort_sale_price_nok":"","_smort_sale_price_dkk":"","_smort_sale_price_eur":"","smort_restorder":"","shipmondo_restorder":"","_kad_blocks_custom_css":"","_kad_blocks_head_custom_js":"","_kad_blocks_body_custom_js":"","_kad_blocks_footer_custom_js":"","smort_custom_pricelist_1":null,"smort_custom_pricelist_2":null,"smort_custom_pricelist_3":null,"smort_custom_pricelist_4":null,"smort_custom_pricelist_5":null},"anvandningsomrade":[],"bilmarken":[],"product_brand":[103],"product_cat":[2966,2539,2826,2541,2160,1402],"product_tag":[],"class_list":{"0":"post-11807","1":"product","2":"type-product","3":"status-publish","4":"has-post-thumbnail","6":"product_brand-luxtar","7":"product_cat-ledramp-rak","8":"product_cat-ledramper","9":"product_cat-luxtar","10":"product_cat-luxtar-x-serie-black-ledramper","11":"product_cat-luxtar-x-serie-black","12":"product_cat-outlet","13":"pa_faktisk-effekts-forbrukning-2359","14":"pa_fuktskydd-varde-ipxx-ip68","15":"pa_godkannande-ce-emc-rohs","16":"pa_lampsockel-kontakt-hb4-9006","17":"pa_led-chips-effekt-w-310","18":"pa_ljusbild-driving","19":"pa_ljusbild-spot","20":"pa_storlek-mm-362x63x85","21":"pa_stromforbrukning-36a-24v","22":"pa_stromforbrukning-64a-137v","23":"pa_volt-v-multivolt-9-12-14-18-24-28-32","25":"first","26":"instock","27":"taxable","28":"shipping-taxable","29":"purchasable","30":"product-type-variable"},"bundled_by":[],"bundle_stock_status":"instock","bundle_stock_quantity":null,"bundle_virtual":false,"bundle_layout":"","bundle_add_to_cart_form_location":"","bundle_editable_in_cart":false,"bundle_sold_individually_context":"","bundle_item_grouping":"","bundle_min_size":"","bundle_max_size":"","bundle_price":[],"bundled_items":[],"bundle_sell_ids":[],"acf":[],"yoast_head":"<!-- This site is optimized with the Yoast SEO plugin v27.0 - https:\/\/yoast.com\/product\/yoast-seo-wordpress\/ -->\n<title>LUXTAR\u00ae Ledramp X12 Black Edition 120W  - Xenonkungen<\/title>\n<meta name=\"robots\" content=\"index, follow, max-snippet:-1, max-image-preview:large, max-video-preview:-1\" \/>\n<link rel=\"canonical\" href=\"https:\/\/xenonkungen.com\/no\/produkt\/luxtar-led-rampe-x12-svart-utgave-120w\/\" \/>\n<meta property=\"og:locale\" content=\"nb_NO\" \/>\n<meta property=\"og:type\" content=\"article\" \/>\n<meta property=\"og:title\" content=\"LUXTAR\u00ae Ledramp X12 Black Edition 120W  - Xenonkungen\" \/>\n<meta property=\"og:description\" content=\"Luxtar\u00ae X12 Black Edition har en ljusintensitet p\u00e5 6013 lumen och \u00e4r 36 cm l\u00e5ng. Ljusstyrkan kan j\u00e4mf\u00f6ras med 6 original halogen p\u00e5 55w | 1 000 Lumen (+-200 lm).\" \/>\n<meta property=\"og:url\" content=\"https:\/\/xenonkungen.com\/no\/produkt\/luxtar-led-rampe-x12-svart-utgave-120w\/\" \/>\n<meta property=\"og:site_name\" content=\"Xenonkungen\" \/>\n<meta property=\"article:modified_time\" content=\"2026-04-24T15:42:23+00:00\" \/>\n<meta property=\"og:image\" content=\"https:\/\/xenonkungen.com\/wp-content\/uploads\/2025\/06\/184973411-origpic-d8b557.png\" \/>\n\t<meta property=\"og:image:width\" content=\"1000\" \/>\n\t<meta property=\"og:image:height\" content=\"867\" \/>\n\t<meta property=\"og:image:type\" content=\"image\/png\" \/>\n<meta name=\"twitter:card\" content=\"summary_large_image\" \/>\n<meta name=\"twitter:label1\" content=\"Ansl. lesetid\" \/>\n\t<meta name=\"twitter:data1\" content=\"1 minutt\" \/>\n<script type=\"application\/ld+json\" class=\"yoast-schema-graph\">{\"@context\":\"https:\/\/schema.org\",\"@graph\":[{\"@type\":\"WebPage\",\"@id\":\"https:\/\/xenonkungen.com\/produkt\/luxtar-ledramp-x12-black-edition-120w\/\",\"url\":\"https:\/\/xenonkungen.com\/produkt\/luxtar-ledramp-x12-black-edition-120w\/\",\"name\":\"LUXTAR\u00ae Ledramp X12 Black Edition 120W - Xenonkungen\",\"isPartOf\":{\"@id\":\"https:\/\/xenonkungen.com\/#website\"},\"primaryImageOfPage\":{\"@id\":\"https:\/\/xenonkungen.com\/produkt\/luxtar-ledramp-x12-black-edition-120w\/#primaryimage\"},\"image\":{\"@id\":\"https:\/\/xenonkungen.com\/produkt\/luxtar-ledramp-x12-black-edition-120w\/#primaryimage\"},\"thumbnailUrl\":\"https:\/\/xenonkungen.com\/wp-content\/uploads\/2025\/06\/184973411-origpic-d8b557.png\",\"datePublished\":\"2025-06-23T13:52:24+00:00\",\"dateModified\":\"2026-04-24T15:42:23+00:00\",\"breadcrumb\":{\"@id\":\"https:\/\/xenonkungen.com\/produkt\/luxtar-ledramp-x12-black-edition-120w\/#breadcrumb\"},\"inLanguage\":\"nb-NO\",\"potentialAction\":[{\"@type\":\"ReadAction\",\"target\":[\"https:\/\/xenonkungen.com\/produkt\/luxtar-ledramp-x12-black-edition-120w\/\"]}]},{\"@type\":\"ImageObject\",\"inLanguage\":\"nb-NO\",\"@id\":\"https:\/\/xenonkungen.com\/produkt\/luxtar-ledramp-x12-black-edition-120w\/#primaryimage\",\"url\":\"https:\/\/xenonkungen.com\/wp-content\/uploads\/2025\/06\/184973411-origpic-d8b557.png\",\"contentUrl\":\"https:\/\/xenonkungen.com\/wp-content\/uploads\/2025\/06\/184973411-origpic-d8b557.png\",\"width\":1000,\"height\":867},{\"@type\":\"BreadcrumbList\",\"@id\":\"https:\/\/xenonkungen.com\/produkt\/luxtar-ledramp-x12-black-edition-120w\/#breadcrumb\",\"itemListElement\":[{\"@type\":\"ListItem\",\"position\":1,\"name\":\"Hem\",\"item\":\"https:\/\/xenonkungen.com\/\"},{\"@type\":\"ListItem\",\"position\":2,\"name\":\"Shop\",\"item\":\"https:\/\/xenonkungen.com\/shop\/\"},{\"@type\":\"ListItem\",\"position\":3,\"name\":\"LUXTAR\u00ae Ledramp X12 Black Edition 120W\"}]},{\"@type\":\"WebSite\",\"@id\":\"https:\/\/xenonkungen.com\/#website\",\"url\":\"https:\/\/xenonkungen.com\/\",\"name\":\"Xenonkungen\",\"description\":\"\",\"potentialAction\":[{\"@type\":\"SearchAction\",\"target\":{\"@type\":\"EntryPoint\",\"urlTemplate\":\"https:\/\/xenonkungen.com\/?s={search_term_string}\"},\"query-input\":{\"@type\":\"PropertyValueSpecification\",\"valueRequired\":true,\"valueName\":\"search_term_string\"}}],\"inLanguage\":\"nb-NO\"}]}<\/script>\n<!-- \/ Yoast SEO plugin. -->","yoast_head_json":{"title":"LUXTAR\u00ae LED-rampe X12 Black Edition 120W - Xenon-kongen","robots":{"index":"index","follow":"follow","max-snippet":"max-snippet:-1","max-image-preview":"max-image-preview:large","max-video-preview":"max-video-preview:-1"},"canonical":"https:\/\/xenonkungen.com\/no\/produkt\/luxtar-led-rampe-x12-svart-utgave-120w\/","og_locale":"nb_NO","og_type":"article","og_title":"LUXTAR\u00ae Ledramp X12 Black Edition 120W  - Xenonkungen","og_description":"Luxtar\u00ae X12 Black Edition har en ljusintensitet p\u00e5 6013 lumen och \u00e4r 36 cm l\u00e5ng. Ljusstyrkan kan j\u00e4mf\u00f6ras med 6 original halogen p\u00e5 55w | 1 000 Lumen (+-200 lm).","og_url":"https:\/\/xenonkungen.com\/no\/produkt\/luxtar-led-rampe-x12-svart-utgave-120w\/","og_site_name":"Xenonkungen","article_modified_time":"2026-04-24T15:42:23+00:00","og_image":[{"width":1000,"height":867,"url":"https:\/\/xenonkungen.com\/wp-content\/uploads\/2025\/06\/184973411-origpic-d8b557.png","type":"image\/png"}],"twitter_card":"summary_large_image","twitter_misc":{"Ansl. lesetid":"1 minutt"},"schema":{"@context":"https:\/\/schema.org","@graph":[{"@type":"WebPage","@id":"https:\/\/xenonkungen.com\/produkt\/luxtar-ledramp-x12-black-edition-120w\/","url":"https:\/\/xenonkungen.com\/produkt\/luxtar-ledramp-x12-black-edition-120w\/","name":"LUXTAR\u00ae LED-rampe X12 Black Edition 120W \u2013 Xenon-kongen","isPartOf":{"@id":"https:\/\/xenonkungen.com\/#website"},"primaryImageOfPage":{"@id":"https:\/\/xenonkungen.com\/produkt\/luxtar-ledramp-x12-black-edition-120w\/#primaryimage"},"image":{"@id":"https:\/\/xenonkungen.com\/produkt\/luxtar-ledramp-x12-black-edition-120w\/#primaryimage"},"thumbnailUrl":"https:\/\/xenonkungen.com\/wp-content\/uploads\/2025\/06\/184973411-origpic-d8b557.png","datePublished":"2025-06-23T13:52:24+00:00","dateModified":"2026-04-24T15:42:23+00:00","breadcrumb":{"@id":"https:\/\/xenonkungen.com\/produkt\/luxtar-ledramp-x12-black-edition-120w\/#breadcrumb"},"inLanguage":"nb-NO","potentialAction":[{"@type":"ReadAction","target":["https:\/\/xenonkungen.com\/produkt\/luxtar-ledramp-x12-black-edition-120w\/"]}]},{"@type":"ImageObject","inLanguage":"nb-NO","@id":"https:\/\/xenonkungen.com\/produkt\/luxtar-ledramp-x12-black-edition-120w\/#primaryimage","url":"https:\/\/xenonkungen.com\/wp-content\/uploads\/2025\/06\/184973411-origpic-d8b557.png","contentUrl":"https:\/\/xenonkungen.com\/wp-content\/uploads\/2025\/06\/184973411-origpic-d8b557.png","width":1000,"height":867},{"@type":"BreadcrumbList","@id":"https:\/\/xenonkungen.com\/produkt\/luxtar-ledramp-x12-black-edition-120w\/#breadcrumb","itemListElement":[{"@type":"ListItem","position":1,"name":"Hem","item":"https:\/\/xenonkungen.com\/"},{"@type":"ListItem","position":2,"name":"Shop","item":"https:\/\/xenonkungen.com\/shop\/"},{"@type":"ListItem","position":3,"name":"LUXTAR\u00ae Ledramp X12 Black Edition 120W"}]},{"@type":"WebSite","@id":"https:\/\/xenonkungen.com\/#website","url":"https:\/\/xenonkungen.com\/","name":"Xenonkungen","description":"","potentialAction":[{"@type":"SearchAction","target":{"@type":"EntryPoint","urlTemplate":"https:\/\/xenonkungen.com\/?s={search_term_string}"},"query-input":{"@type":"PropertyValueSpecification","valueRequired":true,"valueName":"search_term_string"}}],"inLanguage":"nb-NO"}]}},"taxonomy_info":{"product_brand":[{"value":103,"label":"LUXTAR"}],"product_cat":[{"value":2966,"label":"Ledramp Rak"},{"value":2539,"label":"LEDRAMPER"},{"value":2826,"label":"LUXTAR"},{"value":2541,"label":"Luxtar X-Serie Black"},{"value":2160,"label":"LUXTAR X-serie B"},{"value":1402,"label":"Outlet"}],"pa_faktisk-effekts-forbrukning":[{"value":2359,"label":"87,6"}],"pa_fuktskydd-varde-ipxx":[{"value":177,"label":"IP68"}],"pa_godkannande":[{"value":325,"label":"CE, EMC, RoHS"}],"pa_lampsockel-kontakt":[{"value":328,"label":"HB4 , 9006"}],"pa_led-chips-effekt-w":[{"value":310,"label":"120"}],"pa_ljusbild":[{"value":178,"label":"Driving"},{"value":1177,"label":"Spot"}],"pa_storlek-mm":[{"value":2435,"label":"362x63x85"}],"pa_stromforbrukning":[{"value":2361,"label":"3,6A @24V"},{"value":2360,"label":"6,4A @13,7V"}],"pa_volt-v":[{"value":321,"label":"Multivolt, 9, 12, 14, 18, 24, 28, 32"}]},"featured_image_src_large":["https:\/\/xenonkungen.com\/wp-content\/uploads\/2025\/06\/184973411-origpic-d8b557.png",1000,867,false],"author_info":[],"comment_info":0,"_links":{"self":[{"href":"https:\/\/xenonkungen.com\/no\/wp-json\/wp\/v2\/product\/11807","targetHints":{"allow":["GET"]}}],"collection":[{"href":"https:\/\/xenonkungen.com\/no\/wp-json\/wp\/v2\/product"}],"about":[{"href":"https:\/\/xenonkungen.com\/no\/wp-json\/wp\/v2\/types\/product"}],"replies":[{"embeddable":true,"href":"https:\/\/xenonkungen.com\/no\/wp-json\/wp\/v2\/comments?post=11807"}],"wp:featuredmedia":[{"embeddable":true,"href":"https:\/\/xenonkungen.com\/no\/wp-json\/wp\/v2\/media\/11241"}],"wp:attachment":[{"href":"https:\/\/xenonkungen.com\/no\/wp-json\/wp\/v2\/media?parent=11807"}],"wp:term":[{"taxonomy":"anvandningsomrade","embeddable":true,"href":"https:\/\/xenonkungen.com\/no\/wp-json\/wp\/v2\/anvandningsomrade?post=11807"},{"taxonomy":"bilmarken","embeddable":true,"href":"https:\/\/xenonkungen.com\/no\/wp-json\/wp\/v2\/bilmarken?post=11807"},{"taxonomy":"product_brand","embeddable":true,"href":"https:\/\/xenonkungen.com\/no\/wp-json\/wp\/v2\/product_brand?post=11807"},{"taxonomy":"product_cat","embeddable":true,"href":"https:\/\/xenonkungen.com\/no\/wp-json\/wp\/v2\/product_cat?post=11807"},{"taxonomy":"product_tag","embeddable":true,"href":"https:\/\/xenonkungen.com\/no\/wp-json\/wp\/v2\/product_tag?post=11807"}],"curies":[{"name":"wp","href":"https:\/\/api.w.org\/{rel}","templated":true}]}}