{"id":11816,"date":"2025-06-23T13:52:27","date_gmt":"2025-06-23T13:52:27","guid":{"rendered":"https:\/\/xenonkungen.com\/produkt\/luxtar-x20-black-edition-200w-utsedd-till-basta-led-rampen\/"},"modified":"2026-05-12T13:12:15","modified_gmt":"2026-05-12T12:12:15","slug":"luxtar-x20-black-edition-200w-karet-til-beste-led-lysbjelke","status":"publish","type":"product","link":"https:\/\/xenonkungen.com\/no\/produkt\/luxtar-x20-black-edition-200w-karet-til-beste-led-lysbjelke\/","title":{"rendered":"LUXTAR X20 Black Edition 200W <57cm> Utnevnt til beste LED-rampe"},"content":{"rendered":"<h2><strong>LUXTAR\u00ae Ledramp X20 Black Edition<\/strong><\/h2>\n<p>Luxtar\u00ae X20 Black Edition LED-rampen er 57 cm lang og leverer hele 10 021 faktiske lumen. Den har et fantastisk lysutbytte som virkelig lyser opp de m\u00f8rke veiene. Black Edition har ogs\u00e5 et diskret design for bedre estetikk.<\/p>\n<p>Du kan ikke f\u00e5 en bedre WOW-f\u00f8lelse i prisklassen 3000kr-6000 SEK<\/p>\n<p>X20 Driving har en rekkevidde p\u00e5 1 lux p\u00e5 ca. 510 meter, som avtar til 0,25 lux p\u00e5 ca. 720 meter, og er ogs\u00e5 E-godkjent. Kj\u00f8rereflekser gir et bredt og fint lysbilde over hele veien og er det mest popul\u00e6re valget blant v\u00e5re LED-rampemodeller.<\/p>\n<p>X20 Spot har en betydelig lengre rekkevidde p\u00e5 1 Lux p\u00e5 720 meter, en forskjell p\u00e5 ca. 40%. X20 Spot har et smalere lyskasterm\u00f8nster enn Driving og passer for deg som prioriterer lang rekkevidde fremfor et bredt lyskasterm\u00f8nster.<\/p>\n<p><strong>Teoretiske verdier for LED-rampe<\/strong><br \/>\n200 W og 12 450 lumen<\/p>\n<p>Luxtar Led rampe X 20 har en teoretisk verdi p\u00e5 200 W og 12 450 lumen. N\u00e5r du skal velge mellom andre produkter p\u00e5 markedet, er det viktig \u00e5 ha disse verdiene i bakhodet.<\/p>\n<p><strong>Faktiske verdier for LED-rampe<\/strong><br \/>\n151..2W &amp; 10 021 lumen<\/p>\n<p>Den faktiske effekten p\u00e5 10 021 lumen er mer enn 10 ganger s\u00e5 h\u00f8y som lyseffekten til en 55 W halogenlampe (1000 lumen + 200 lm).<\/p>\n<p><strong>St\u00f8rrelse<\/strong><br \/>\n57 cm<\/p>\n<p><strong>volt<\/strong><br \/>\n10-32<\/p>\n<p><strong>Bruksomr\u00e5der<\/strong><br \/>\nPersonbil | Nyttekj\u00f8ret\u00f8y | Transportkj\u00f8ret\u00f8y | Lastebil<\/p>\n<p><strong>Valg av reflektor\/lysm\u00f8nster p\u00e5 LED Ramp<\/strong><br \/>\nSpot og kj\u00f8ring<\/p>\n<p>Spot: Optimalisert for maksimal rekkevidde, smalt lysbilde. Passer for deg som prioriterer lysets rekkevidde. X20 Spot har en betydelig lengre rekkevidde enn Driving med 1 Lux p\u00e5 720 meter, noe som utgj\u00f8r en forskjell p\u00e5 ca. 40 %. Det smalere lyskasterm\u00f8nsteret er mer egnet for dem som kj\u00f8rer p\u00e5 lange, \u00e5pne motorveier der rekkevidden er av stor betydning.<\/p>\n<p>Driving: Optimalisert for bredstr\u00e5lende lys med redusert rekkevidde. Ogs\u00e5 kjent som et langtrekkende lysm\u00f8nster, og passer for deg som \u00f8nsker et bredt lys for bedre sidesikt (se bildet nedenfor). Luxtar X20 Driving gir 1 lux p\u00e5 510 meter og 0,25 lux p\u00e5 720 meter, og er ogs\u00e5 E-godkjent.<\/p>","protected":false},"excerpt":{"rendered":"<p><i>N\u00e5 er testvinneren og en av Sveriges mest popul\u00e6re Led-rampemodeller tilgjengelig i en nedtonet design som er mer diskret og smelter inn i omgivelsene. X-serien har en s\u00e6regen design som er synlig p\u00e5 de unike reflektorene med sidemonterte diodelamper og dermed gir en forbedret ytelse. <\/i><\/p>\n<p>Luxtar X20 ble k\u00e5ret til den beste ledede rampen i 2021, 2022 og 2023 i kategorien \"best valuta for pengene\".<\/p>\n<p>Selges ogs\u00e5 i pakker: <a href=\"https:\/\/www.xenonkungen.com\/se\/produkter\/extraljus\/extraljus-paket\/ljusramp-paket-x20-driving-bast.html\">Luxtar X20 med innfelt brakett<\/a><\/p>","protected":false},"featured_media":11267,"comment_status":"closed","ping_status":"closed","template":"","meta":{"_acf_changed":false,"_smort_price_nok":"3199","_smort_price_dkk":"2032","_smort_price_eur":"272.26","_smort_sale_price_nok":"","_smort_sale_price_dkk":"","_smort_sale_price_eur":"","smort_restorder":"","shipmondo_restorder":"","_kad_blocks_custom_css":"","_kad_blocks_head_custom_js":"","_kad_blocks_body_custom_js":"","_kad_blocks_footer_custom_js":"","smort_custom_pricelist_1":"","smort_custom_pricelist_2":"","smort_custom_pricelist_3":"","smort_custom_pricelist_4":"","smort_custom_pricelist_5":""},"anvandningsomrade":[],"bilmarken":[],"product_brand":[103],"product_cat":[2966,2539,2826,2541,2160],"product_tag":[],"class_list":{"0":"post-11816","1":"product","2":"type-product","3":"status-publish","4":"has-post-thumbnail","6":"product_brand-luxtar","7":"product_cat-ledramp-rak","8":"product_cat-ledramper","9":"product_cat-luxtar","10":"product_cat-luxtar-x-serie-black-ledramper","11":"product_cat-luxtar-x-serie-black","12":"pa_faktisk-effekts-forbrukning-2198","13":"pa_fuktskydd-varde-ipxx-ip68","14":"pa_godkannande-ce-emc-rohs","15":"pa_lampsockel-kontakt-hb4-9006","16":"pa_led-chips-effekt-w-1025","17":"pa_ljusbild-driving","18":"pa_ljusbild-spot","19":"pa_storlek-mm-570x63x85","20":"pa_stromforbrukning-121a-137v","21":"pa_stromforbrukning-62a-24v","22":"pa_volt-v-multivolt-9-12-14-18-24-28-32","24":"first","25":"instock","26":"taxable","27":"shipping-taxable","28":"purchasable","29":"product-type-variable"},"bundled_by":[],"bundle_stock_status":"instock","bundle_stock_quantity":null,"bundle_virtual":false,"bundle_layout":"","bundle_add_to_cart_form_location":"","bundle_editable_in_cart":false,"bundle_sold_individually_context":"","bundle_item_grouping":"","bundle_min_size":"","bundle_max_size":"","bundle_price":[],"bundled_items":[],"bundle_sell_ids":[],"acf":[],"yoast_head":"<!-- This site is optimized with the Yoast SEO plugin v27.0 - https:\/\/yoast.com\/product\/yoast-seo-wordpress\/ -->\n<title>LUXTAR X20 Black Edition 200W  Utsedd till B\u00e4sta LED-rampen - Xenonkungen<\/title>\n<meta name=\"robots\" content=\"index, follow, max-snippet:-1, max-image-preview:large, max-video-preview:-1\" \/>\n<link rel=\"canonical\" href=\"https:\/\/xenonkungen.com\/no\/produkt\/luxtar-x20-black-edition-200w-karet-til-beste-led-lysbjelke\/\" \/>\n<meta property=\"og:locale\" content=\"nb_NO\" \/>\n<meta property=\"og:type\" content=\"article\" \/>\n<meta property=\"og:title\" content=\"LUXTAR X20 Black Edition 200W  Utsedd till B\u00e4sta LED-rampen - Xenonkungen\" \/>\n<meta property=\"og:description\" content=\"Nu finns testvinnaren och en av Sveriges mest popul\u00e4ra Led ramp modeller i en nedtonad design som \u00e4r mer diskret och sm\u00e4lter in. X-serien har en distinkt design som syns p\u00e5 de unika reflektorerna med sidomonterade diodlampor och ger d\u00e4rmed en f\u00f6rb\u00e4ttrad prestanda.   Luxtar X20 blev korad b\u00e4sta led rampen \u00e5r 2021, 2022 och 2023 i kategorin, mest f\u00f6r pengarna.  S\u00e4ljs \u00e4ven i paket: Luxtar X20 med inf\u00e4llnadsf\u00e4ste\" \/>\n<meta property=\"og:url\" content=\"https:\/\/xenonkungen.com\/no\/produkt\/luxtar-x20-black-edition-200w-karet-til-beste-led-lysbjelke\/\" \/>\n<meta property=\"og:site_name\" content=\"Xenonkungen\" \/>\n<meta property=\"article:modified_time\" content=\"2026-05-12T12:12:15+00:00\" \/>\n<meta property=\"og:image\" content=\"https:\/\/xenonkungen.com\/wp-content\/uploads\/2025\/06\/184973327-origpic-594dd0.png\" \/>\n\t<meta property=\"og:image:width\" content=\"1000\" \/>\n\t<meta property=\"og:image:height\" content=\"716\" \/>\n\t<meta property=\"og:image:type\" content=\"image\/png\" \/>\n<meta name=\"twitter:card\" content=\"summary_large_image\" \/>\n<meta name=\"twitter:label1\" content=\"Ansl. lesetid\" \/>\n\t<meta name=\"twitter:data1\" content=\"2 minutter\" \/>\n<script type=\"application\/ld+json\" class=\"yoast-schema-graph\">{\"@context\":\"https:\/\/schema.org\",\"@graph\":[{\"@type\":\"WebPage\",\"@id\":\"https:\/\/xenonkungen.com\/produkt\/luxtar-x20-black-edition-200w-utsedd-till-basta-led-rampen\/\",\"url\":\"https:\/\/xenonkungen.com\/produkt\/luxtar-x20-black-edition-200w-utsedd-till-basta-led-rampen\/\",\"name\":\"LUXTAR X20 Black Edition 200W Utsedd till B\u00e4sta LED-rampen - Xenonkungen\",\"isPartOf\":{\"@id\":\"https:\/\/xenonkungen.com\/#website\"},\"primaryImageOfPage\":{\"@id\":\"https:\/\/xenonkungen.com\/produkt\/luxtar-x20-black-edition-200w-utsedd-till-basta-led-rampen\/#primaryimage\"},\"image\":{\"@id\":\"https:\/\/xenonkungen.com\/produkt\/luxtar-x20-black-edition-200w-utsedd-till-basta-led-rampen\/#primaryimage\"},\"thumbnailUrl\":\"https:\/\/xenonkungen.com\/wp-content\/uploads\/2025\/06\/184973327-origpic-594dd0.png\",\"datePublished\":\"2025-06-23T13:52:27+00:00\",\"dateModified\":\"2026-05-12T12:12:15+00:00\",\"breadcrumb\":{\"@id\":\"https:\/\/xenonkungen.com\/produkt\/luxtar-x20-black-edition-200w-utsedd-till-basta-led-rampen\/#breadcrumb\"},\"inLanguage\":\"nb-NO\",\"potentialAction\":[{\"@type\":\"ReadAction\",\"target\":[\"https:\/\/xenonkungen.com\/produkt\/luxtar-x20-black-edition-200w-utsedd-till-basta-led-rampen\/\"]}]},{\"@type\":\"ImageObject\",\"inLanguage\":\"nb-NO\",\"@id\":\"https:\/\/xenonkungen.com\/produkt\/luxtar-x20-black-edition-200w-utsedd-till-basta-led-rampen\/#primaryimage\",\"url\":\"https:\/\/xenonkungen.com\/wp-content\/uploads\/2025\/06\/184973327-origpic-594dd0.png\",\"contentUrl\":\"https:\/\/xenonkungen.com\/wp-content\/uploads\/2025\/06\/184973327-origpic-594dd0.png\",\"width\":1000,\"height\":716},{\"@type\":\"BreadcrumbList\",\"@id\":\"https:\/\/xenonkungen.com\/produkt\/luxtar-x20-black-edition-200w-utsedd-till-basta-led-rampen\/#breadcrumb\",\"itemListElement\":[{\"@type\":\"ListItem\",\"position\":1,\"name\":\"Hem\",\"item\":\"https:\/\/xenonkungen.com\/\"},{\"@type\":\"ListItem\",\"position\":2,\"name\":\"Shop\",\"item\":\"https:\/\/xenonkungen.com\/shop\/\"},{\"@type\":\"ListItem\",\"position\":3,\"name\":\"LUXTAR X20 Black Edition 200W Utsedd till B\u00e4sta LED-rampen\"}]},{\"@type\":\"WebSite\",\"@id\":\"https:\/\/xenonkungen.com\/#website\",\"url\":\"https:\/\/xenonkungen.com\/\",\"name\":\"Xenonkungen\",\"description\":\"\",\"potentialAction\":[{\"@type\":\"SearchAction\",\"target\":{\"@type\":\"EntryPoint\",\"urlTemplate\":\"https:\/\/xenonkungen.com\/?s={search_term_string}\"},\"query-input\":{\"@type\":\"PropertyValueSpecification\",\"valueRequired\":true,\"valueName\":\"search_term_string\"}}],\"inLanguage\":\"nb-NO\"}]}<\/script>\n<!-- \/ Yoast SEO plugin. -->","yoast_head_json":{"title":"LUXTAR X20 Black Edition 200W k\u00e5ret til beste LED-lysbjelke \u2013 Xenon King","robots":{"index":"index","follow":"follow","max-snippet":"max-snippet:-1","max-image-preview":"max-image-preview:large","max-video-preview":"max-video-preview:-1"},"canonical":"https:\/\/xenonkungen.com\/no\/produkt\/luxtar-x20-black-edition-200w-karet-til-beste-led-lysbjelke\/","og_locale":"nb_NO","og_type":"article","og_title":"LUXTAR X20 Black Edition 200W  Utsedd till B\u00e4sta LED-rampen - Xenonkungen","og_description":"Nu finns testvinnaren och en av Sveriges mest popul\u00e4ra Led ramp modeller i en nedtonad design som \u00e4r mer diskret och sm\u00e4lter in. X-serien har en distinkt design som syns p\u00e5 de unika reflektorerna med sidomonterade diodlampor och ger d\u00e4rmed en f\u00f6rb\u00e4ttrad prestanda.   Luxtar X20 blev korad b\u00e4sta led rampen \u00e5r 2021, 2022 och 2023 i kategorin, mest f\u00f6r pengarna.  S\u00e4ljs \u00e4ven i paket: Luxtar X20 med inf\u00e4llnadsf\u00e4ste","og_url":"https:\/\/xenonkungen.com\/no\/produkt\/luxtar-x20-black-edition-200w-karet-til-beste-led-lysbjelke\/","og_site_name":"Xenonkungen","article_modified_time":"2026-05-12T12:12:15+00:00","og_image":[{"width":1000,"height":716,"url":"https:\/\/xenonkungen.com\/wp-content\/uploads\/2025\/06\/184973327-origpic-594dd0.png","type":"image\/png"}],"twitter_card":"summary_large_image","twitter_misc":{"Ansl. lesetid":"2 minutter"},"schema":{"@context":"https:\/\/schema.org","@graph":[{"@type":"WebPage","@id":"https:\/\/xenonkungen.com\/produkt\/luxtar-x20-black-edition-200w-utsedd-till-basta-led-rampen\/","url":"https:\/\/xenonkungen.com\/produkt\/luxtar-x20-black-edition-200w-utsedd-till-basta-led-rampen\/","name":"LUXTAR X20 Black Edition 200W k\u00e5ret til beste LED-lysbjelke \u2013 Xenon King","isPartOf":{"@id":"https:\/\/xenonkungen.com\/#website"},"primaryImageOfPage":{"@id":"https:\/\/xenonkungen.com\/produkt\/luxtar-x20-black-edition-200w-utsedd-till-basta-led-rampen\/#primaryimage"},"image":{"@id":"https:\/\/xenonkungen.com\/produkt\/luxtar-x20-black-edition-200w-utsedd-till-basta-led-rampen\/#primaryimage"},"thumbnailUrl":"https:\/\/xenonkungen.com\/wp-content\/uploads\/2025\/06\/184973327-origpic-594dd0.png","datePublished":"2025-06-23T13:52:27+00:00","dateModified":"2026-05-12T12:12:15+00:00","breadcrumb":{"@id":"https:\/\/xenonkungen.com\/produkt\/luxtar-x20-black-edition-200w-utsedd-till-basta-led-rampen\/#breadcrumb"},"inLanguage":"nb-NO","potentialAction":[{"@type":"ReadAction","target":["https:\/\/xenonkungen.com\/produkt\/luxtar-x20-black-edition-200w-utsedd-till-basta-led-rampen\/"]}]},{"@type":"ImageObject","inLanguage":"nb-NO","@id":"https:\/\/xenonkungen.com\/produkt\/luxtar-x20-black-edition-200w-utsedd-till-basta-led-rampen\/#primaryimage","url":"https:\/\/xenonkungen.com\/wp-content\/uploads\/2025\/06\/184973327-origpic-594dd0.png","contentUrl":"https:\/\/xenonkungen.com\/wp-content\/uploads\/2025\/06\/184973327-origpic-594dd0.png","width":1000,"height":716},{"@type":"BreadcrumbList","@id":"https:\/\/xenonkungen.com\/produkt\/luxtar-x20-black-edition-200w-utsedd-till-basta-led-rampen\/#breadcrumb","itemListElement":[{"@type":"ListItem","position":1,"name":"Hem","item":"https:\/\/xenonkungen.com\/"},{"@type":"ListItem","position":2,"name":"Shop","item":"https:\/\/xenonkungen.com\/shop\/"},{"@type":"ListItem","position":3,"name":"LUXTAR X20 Black Edition 200W Utsedd till B\u00e4sta LED-rampen"}]},{"@type":"WebSite","@id":"https:\/\/xenonkungen.com\/#website","url":"https:\/\/xenonkungen.com\/","name":"Xenonkungen","description":"","potentialAction":[{"@type":"SearchAction","target":{"@type":"EntryPoint","urlTemplate":"https:\/\/xenonkungen.com\/?s={search_term_string}"},"query-input":{"@type":"PropertyValueSpecification","valueRequired":true,"valueName":"search_term_string"}}],"inLanguage":"nb-NO"}]}},"taxonomy_info":{"product_brand":[{"value":103,"label":"LUXTAR"}],"product_cat":[{"value":2966,"label":"Ledramp Rak"},{"value":2539,"label":"LEDRAMPER"},{"value":2826,"label":"LUXTAR"},{"value":2541,"label":"Luxtar X-Serie Black"},{"value":2160,"label":"LUXTAR X-serie B"}],"pa_faktisk-effekts-forbrukning":[{"value":2198,"label":"151,2"}],"pa_fuktskydd-varde-ipxx":[{"value":177,"label":"IP68"}],"pa_godkannande":[{"value":325,"label":"CE, EMC, RoHS"}],"pa_lampsockel-kontakt":[{"value":328,"label":"HB4 , 9006"}],"pa_led-chips-effekt-w":[{"value":1025,"label":"200"}],"pa_ljusbild":[{"value":178,"label":"Driving"},{"value":1177,"label":"Spot"}],"pa_storlek-mm":[{"value":2197,"label":"570x63x85"}],"pa_stromforbrukning":[{"value":2367,"label":"12,1A @13,7V"},{"value":2275,"label":"6,2A @24V"}],"pa_volt-v":[{"value":321,"label":"Multivolt, 9, 12, 14, 18, 24, 28, 32"}]},"featured_image_src_large":["https:\/\/xenonkungen.com\/wp-content\/uploads\/2025\/06\/184973327-origpic-594dd0.png",1000,716,false],"author_info":[],"comment_info":4,"_links":{"self":[{"href":"https:\/\/xenonkungen.com\/no\/wp-json\/wp\/v2\/product\/11816","targetHints":{"allow":["GET"]}}],"collection":[{"href":"https:\/\/xenonkungen.com\/no\/wp-json\/wp\/v2\/product"}],"about":[{"href":"https:\/\/xenonkungen.com\/no\/wp-json\/wp\/v2\/types\/product"}],"replies":[{"embeddable":true,"href":"https:\/\/xenonkungen.com\/no\/wp-json\/wp\/v2\/comments?post=11816"}],"wp:featuredmedia":[{"embeddable":true,"href":"https:\/\/xenonkungen.com\/no\/wp-json\/wp\/v2\/media\/11267"}],"wp:attachment":[{"href":"https:\/\/xenonkungen.com\/no\/wp-json\/wp\/v2\/media?parent=11816"}],"wp:term":[{"taxonomy":"anvandningsomrade","embeddable":true,"href":"https:\/\/xenonkungen.com\/no\/wp-json\/wp\/v2\/anvandningsomrade?post=11816"},{"taxonomy":"bilmarken","embeddable":true,"href":"https:\/\/xenonkungen.com\/no\/wp-json\/wp\/v2\/bilmarken?post=11816"},{"taxonomy":"product_brand","embeddable":true,"href":"https:\/\/xenonkungen.com\/no\/wp-json\/wp\/v2\/product_brand?post=11816"},{"taxonomy":"product_cat","embeddable":true,"href":"https:\/\/xenonkungen.com\/no\/wp-json\/wp\/v2\/product_cat?post=11816"},{"taxonomy":"product_tag","embeddable":true,"href":"https:\/\/xenonkungen.com\/no\/wp-json\/wp\/v2\/product_tag?post=11816"}],"curies":[{"name":"wp","href":"https:\/\/api.w.org\/{rel}","templated":true}]}}