{"id":11828,"date":"2025-06-23T13:52:32","date_gmt":"2025-06-23T13:52:32","guid":{"rendered":"https:\/\/xenonkungen.com\/produkt\/luxtar-ledramp-x40-black-edition-400w\/"},"modified":"2026-03-25T14:30:01","modified_gmt":"2026-03-25T13:30:01","slug":"luxtar-led-rampe-x40-svart-utgave-400w","status":"publish","type":"product","link":"https:\/\/xenonkungen.com\/no\/produkt\/luxtar-led-rampe-x40-svart-utgave-400w\/","title":{"rendered":"LUXTAR\u00ae Ledramp X40 Black Edition 400W <109cm>"},"content":{"rendered":"<h2><strong>LUXTAR\u00ae LED rampe X40 Black Edition<\/strong><\/h2>\n<p>Luxtar\u00ae X-Series LED-ramper har en unik design med sidemonterte diodelamper for forbedret ytelse. Black Edition tilbyr b\u00e5de stil og ytelse.<\/p>\n<p>Verdiene som vanligvis oppgis, er de teoretiske verdiene, som for X40 er 400 W | 22 250 Lumen.<\/p>\n<p><strong>Teoretiske verdier for LED-rampe <\/strong><br \/>\n400 W og 22 250 lumen<\/p>\n<p>Luxtar Led Ramp X40 har en teoretisk verdi p\u00e5 400 W og 22 250 lumen. N\u00e5r du sammenligner andre alternativer p\u00e5 markedet, b\u00f8r du ha disse faktorene i bakhodet.<\/p>\n<p><strong>Faktiske verdier for LED-rampe <\/strong><br \/>\n400 W og 20 042 lumen<\/p>\n<p><strong>St\u00f8rrelse<\/strong><br \/>\n109 cm<\/p>\n<p><strong>volt<\/strong><br \/>\n10-32<\/p>\n<p><strong>Bruksomr\u00e5der<\/strong><br \/>\nNyttekj\u00f8ret\u00f8y | Lastebil | Pickup<\/p>\n<p><strong>Valg av reflektor\/lysm\u00f8nster p\u00e5 LED Ramp<\/strong><br \/>\nSpot og kj\u00f8ring<\/p>\n<p>Spot: Optimalisert for maksimal rekkevidde, smalt lysm\u00f8nster<br \/>\nKj\u00f8ring: Optimalisert for bredt lysm\u00f8nster med redusert rekkevidde<\/p>\n<p>Spot - Passer for dem som prioriterer lysets rekkevidde eller ved h\u00f8yere hastigheter der fokuset naturlig nok ligger p\u00e5 lengre avstander.<\/p>\n<p>Driving - ogs\u00e5 kalt fjernlys - passer for deg som \u00f8nsker et bredt lys for bedre sikt til siden.<\/p>","protected":false},"excerpt":{"rendered":"<p><i>Luxtar\u00ae X40 Black Edition har en faktisk lysintensitet p\u00e5 20 042 lumen og er 109 cm lang, noe som gir et utrolig lysutbytte og kan sammenlignes med nesten 17 halogen 55w | 1 000 lumen (+-200 lm). <\/i><\/p>","protected":false},"featured_media":11300,"comment_status":"closed","ping_status":"closed","template":"","meta":{"_acf_changed":false,"_smort_price_nok":"4339","_smort_price_dkk":"3932","_smort_price_eur":"526.79","_smort_sale_price_nok":"","_smort_sale_price_dkk":"","_smort_sale_price_eur":"","smort_restorder":"","shipmondo_restorder":"","_kad_blocks_custom_css":"","_kad_blocks_head_custom_js":"","_kad_blocks_body_custom_js":"","_kad_blocks_footer_custom_js":"","smort_custom_pricelist_1":null,"smort_custom_pricelist_2":null,"smort_custom_pricelist_3":null,"smort_custom_pricelist_4":null,"smort_custom_pricelist_5":null},"anvandningsomrade":[],"bilmarken":[],"product_brand":[103],"product_cat":[2966,2539,2826,2822,2824,2541,2160,1402],"product_tag":[],"class_list":{"0":"post-11828","1":"product","2":"type-product","3":"status-publish","4":"has-post-thumbnail","6":"product_brand-luxtar","7":"product_cat-ledramp-rak","8":"product_cat-ledramper","9":"product_cat-luxtar","10":"product_cat-luxtar-arbetsljus","11":"product_cat-luxtar-ledramper","12":"product_cat-luxtar-x-serie-black-ledramper","13":"product_cat-luxtar-x-serie-black","14":"product_cat-outlet","15":"pa_faktisk-effekts-forbrukning-2375","16":"pa_fuktskydd-varde-ipxx-ip68","17":"pa_godkannande-ce-emc-rohs","18":"pa_lampsockel-kontakt-open-wire","19":"pa_led-chips-effekt-w-400","20":"pa_ljusbild-driving","21":"pa_ljusbild-spot","22":"pa_storlek-mm-1090x63x85","23":"pa_stromforbrukning-125a-24v","24":"pa_stromforbrukning-243a-137v","25":"pa_volt-v-multivolt-9-12-14-18-24-28-32","27":"first","28":"instock","29":"taxable","30":"shipping-taxable","31":"purchasable","32":"product-type-variable"},"bundled_by":[],"bundle_stock_status":"instock","bundle_stock_quantity":null,"bundle_virtual":false,"bundle_layout":"","bundle_add_to_cart_form_location":"","bundle_editable_in_cart":false,"bundle_sold_individually_context":"","bundle_item_grouping":"","bundle_min_size":"","bundle_max_size":"","bundle_price":[],"bundled_items":[],"bundle_sell_ids":[],"acf":[],"yoast_head":"<!-- This site is optimized with the Yoast SEO plugin v27.0 - https:\/\/yoast.com\/product\/yoast-seo-wordpress\/ -->\n<title>LUXTAR\u00ae Ledramp X40 Black Edition 400W  - Xenonkungen<\/title>\n<meta name=\"robots\" content=\"index, follow, max-snippet:-1, max-image-preview:large, max-video-preview:-1\" \/>\n<link rel=\"canonical\" href=\"https:\/\/xenonkungen.com\/no\/produkt\/luxtar-led-rampe-x40-svart-utgave-400w\/\" \/>\n<meta property=\"og:locale\" content=\"nb_NO\" \/>\n<meta property=\"og:type\" content=\"article\" \/>\n<meta property=\"og:title\" content=\"LUXTAR\u00ae Ledramp X40 Black Edition 400W  - Xenonkungen\" \/>\n<meta property=\"og:description\" content=\"Luxtar\u00ae X40 Black Edition har en faktisk ljusintensitet p\u00e5 20 042 lumen och \u00e4r 109 cm, vilket resulterar i en otrolig ljusbild och kan j\u00e4mf\u00f6ras med n\u00e4rmare 17 halogen p\u00e5 55w | 1 000 Lumen (+-200 lm).\" \/>\n<meta property=\"og:url\" content=\"https:\/\/xenonkungen.com\/no\/produkt\/luxtar-led-rampe-x40-svart-utgave-400w\/\" \/>\n<meta property=\"og:site_name\" content=\"Xenonkungen\" \/>\n<meta property=\"article:modified_time\" content=\"2026-03-25T13:30:01+00:00\" \/>\n<meta property=\"og:image\" content=\"https:\/\/xenonkungen.com\/wp-content\/uploads\/2025\/06\/184971227-origpic-31e590.png\" \/>\n\t<meta property=\"og:image:width\" content=\"1000\" \/>\n\t<meta property=\"og:image:height\" content=\"460\" \/>\n\t<meta property=\"og:image:type\" content=\"image\/png\" \/>\n<meta name=\"twitter:card\" content=\"summary_large_image\" \/>\n<meta name=\"twitter:label1\" content=\"Ansl. lesetid\" \/>\n\t<meta name=\"twitter:data1\" content=\"1 minutt\" \/>\n<script type=\"application\/ld+json\" class=\"yoast-schema-graph\">{\"@context\":\"https:\/\/schema.org\",\"@graph\":[{\"@type\":\"WebPage\",\"@id\":\"https:\/\/xenonkungen.com\/produkt\/luxtar-ledramp-x40-black-edition-400w\/\",\"url\":\"https:\/\/xenonkungen.com\/produkt\/luxtar-ledramp-x40-black-edition-400w\/\",\"name\":\"LUXTAR\u00ae Ledramp X40 Black Edition 400W - Xenonkungen\",\"isPartOf\":{\"@id\":\"https:\/\/xenonkungen.com\/#website\"},\"primaryImageOfPage\":{\"@id\":\"https:\/\/xenonkungen.com\/produkt\/luxtar-ledramp-x40-black-edition-400w\/#primaryimage\"},\"image\":{\"@id\":\"https:\/\/xenonkungen.com\/produkt\/luxtar-ledramp-x40-black-edition-400w\/#primaryimage\"},\"thumbnailUrl\":\"https:\/\/xenonkungen.com\/wp-content\/uploads\/2025\/06\/184971227-origpic-31e590.png\",\"datePublished\":\"2025-06-23T13:52:32+00:00\",\"dateModified\":\"2026-03-25T13:30:01+00:00\",\"breadcrumb\":{\"@id\":\"https:\/\/xenonkungen.com\/produkt\/luxtar-ledramp-x40-black-edition-400w\/#breadcrumb\"},\"inLanguage\":\"nb-NO\",\"potentialAction\":[{\"@type\":\"ReadAction\",\"target\":[\"https:\/\/xenonkungen.com\/produkt\/luxtar-ledramp-x40-black-edition-400w\/\"]}]},{\"@type\":\"ImageObject\",\"inLanguage\":\"nb-NO\",\"@id\":\"https:\/\/xenonkungen.com\/produkt\/luxtar-ledramp-x40-black-edition-400w\/#primaryimage\",\"url\":\"https:\/\/xenonkungen.com\/wp-content\/uploads\/2025\/06\/184971227-origpic-31e590.png\",\"contentUrl\":\"https:\/\/xenonkungen.com\/wp-content\/uploads\/2025\/06\/184971227-origpic-31e590.png\",\"width\":1000,\"height\":460},{\"@type\":\"BreadcrumbList\",\"@id\":\"https:\/\/xenonkungen.com\/produkt\/luxtar-ledramp-x40-black-edition-400w\/#breadcrumb\",\"itemListElement\":[{\"@type\":\"ListItem\",\"position\":1,\"name\":\"Hem\",\"item\":\"https:\/\/xenonkungen.com\/\"},{\"@type\":\"ListItem\",\"position\":2,\"name\":\"Shop\",\"item\":\"https:\/\/xenonkungen.com\/shop\/\"},{\"@type\":\"ListItem\",\"position\":3,\"name\":\"LUXTAR\u00ae Ledramp X40 Black Edition 400W\"}]},{\"@type\":\"WebSite\",\"@id\":\"https:\/\/xenonkungen.com\/#website\",\"url\":\"https:\/\/xenonkungen.com\/\",\"name\":\"Xenonkungen\",\"description\":\"\",\"potentialAction\":[{\"@type\":\"SearchAction\",\"target\":{\"@type\":\"EntryPoint\",\"urlTemplate\":\"https:\/\/xenonkungen.com\/?s={search_term_string}\"},\"query-input\":{\"@type\":\"PropertyValueSpecification\",\"valueRequired\":true,\"valueName\":\"search_term_string\"}}],\"inLanguage\":\"nb-NO\"}]}<\/script>\n<!-- \/ Yoast SEO plugin. -->","yoast_head_json":{"title":"LUXTAR\u00ae Led-rampe X40 Black Edition 400W \u2013 Xenon-kongen","robots":{"index":"index","follow":"follow","max-snippet":"max-snippet:-1","max-image-preview":"max-image-preview:large","max-video-preview":"max-video-preview:-1"},"canonical":"https:\/\/xenonkungen.com\/no\/produkt\/luxtar-led-rampe-x40-svart-utgave-400w\/","og_locale":"nb_NO","og_type":"article","og_title":"LUXTAR\u00ae Ledramp X40 Black Edition 400W  - Xenonkungen","og_description":"Luxtar\u00ae X40 Black Edition har en faktisk ljusintensitet p\u00e5 20 042 lumen och \u00e4r 109 cm, vilket resulterar i en otrolig ljusbild och kan j\u00e4mf\u00f6ras med n\u00e4rmare 17 halogen p\u00e5 55w | 1 000 Lumen (+-200 lm).","og_url":"https:\/\/xenonkungen.com\/no\/produkt\/luxtar-led-rampe-x40-svart-utgave-400w\/","og_site_name":"Xenonkungen","article_modified_time":"2026-03-25T13:30:01+00:00","og_image":[{"width":1000,"height":460,"url":"https:\/\/xenonkungen.com\/wp-content\/uploads\/2025\/06\/184971227-origpic-31e590.png","type":"image\/png"}],"twitter_card":"summary_large_image","twitter_misc":{"Ansl. lesetid":"1 minutt"},"schema":{"@context":"https:\/\/schema.org","@graph":[{"@type":"WebPage","@id":"https:\/\/xenonkungen.com\/produkt\/luxtar-ledramp-x40-black-edition-400w\/","url":"https:\/\/xenonkungen.com\/produkt\/luxtar-ledramp-x40-black-edition-400w\/","name":"LUXTAR\u00ae LED-rampe X40 Black Edition 400W \u2013 Xenon-kongen","isPartOf":{"@id":"https:\/\/xenonkungen.com\/#website"},"primaryImageOfPage":{"@id":"https:\/\/xenonkungen.com\/produkt\/luxtar-ledramp-x40-black-edition-400w\/#primaryimage"},"image":{"@id":"https:\/\/xenonkungen.com\/produkt\/luxtar-ledramp-x40-black-edition-400w\/#primaryimage"},"thumbnailUrl":"https:\/\/xenonkungen.com\/wp-content\/uploads\/2025\/06\/184971227-origpic-31e590.png","datePublished":"2025-06-23T13:52:32+00:00","dateModified":"2026-03-25T13:30:01+00:00","breadcrumb":{"@id":"https:\/\/xenonkungen.com\/produkt\/luxtar-ledramp-x40-black-edition-400w\/#breadcrumb"},"inLanguage":"nb-NO","potentialAction":[{"@type":"ReadAction","target":["https:\/\/xenonkungen.com\/produkt\/luxtar-ledramp-x40-black-edition-400w\/"]}]},{"@type":"ImageObject","inLanguage":"nb-NO","@id":"https:\/\/xenonkungen.com\/produkt\/luxtar-ledramp-x40-black-edition-400w\/#primaryimage","url":"https:\/\/xenonkungen.com\/wp-content\/uploads\/2025\/06\/184971227-origpic-31e590.png","contentUrl":"https:\/\/xenonkungen.com\/wp-content\/uploads\/2025\/06\/184971227-origpic-31e590.png","width":1000,"height":460},{"@type":"BreadcrumbList","@id":"https:\/\/xenonkungen.com\/produkt\/luxtar-ledramp-x40-black-edition-400w\/#breadcrumb","itemListElement":[{"@type":"ListItem","position":1,"name":"Hem","item":"https:\/\/xenonkungen.com\/"},{"@type":"ListItem","position":2,"name":"Shop","item":"https:\/\/xenonkungen.com\/shop\/"},{"@type":"ListItem","position":3,"name":"LUXTAR\u00ae Ledramp X40 Black Edition 400W"}]},{"@type":"WebSite","@id":"https:\/\/xenonkungen.com\/#website","url":"https:\/\/xenonkungen.com\/","name":"Xenonkungen","description":"","potentialAction":[{"@type":"SearchAction","target":{"@type":"EntryPoint","urlTemplate":"https:\/\/xenonkungen.com\/?s={search_term_string}"},"query-input":{"@type":"PropertyValueSpecification","valueRequired":true,"valueName":"search_term_string"}}],"inLanguage":"nb-NO"}]}},"taxonomy_info":{"product_brand":[{"value":103,"label":"LUXTAR"}],"product_cat":[{"value":2966,"label":"Ledramp Rak"},{"value":2539,"label":"LEDRAMPER"},{"value":2826,"label":"LUXTAR"},{"value":2822,"label":"Luxtar - Arbetsljus"},{"value":2824,"label":"Luxtar - Ledramper"},{"value":2541,"label":"Luxtar X-Serie Black"},{"value":2160,"label":"LUXTAR X-serie Black"},{"value":1402,"label":"Outlet"}],"pa_faktisk-effekts-forbrukning":[{"value":2375,"label":"291,6"}],"pa_fuktskydd-varde-ipxx":[{"value":177,"label":"IP68"}],"pa_godkannande":[{"value":325,"label":"CE, EMC, RoHS"}],"pa_lampsockel-kontakt":[{"value":324,"label":"Open Wire"}],"pa_led-chips-effekt-w":[{"value":400,"label":"108"}],"pa_ljusbild":[{"value":178,"label":"Driving"},{"value":1177,"label":"Spot"}],"pa_storlek-mm":[{"value":2436,"label":"1090x63x85"}],"pa_stromforbrukning":[{"value":2377,"label":"12,5A @24V"},{"value":2376,"label":"24,3A @13,7V"}],"pa_volt-v":[{"value":321,"label":"Multivolt, 9, 12, 14, 18, 24, 28, 32"}]},"featured_image_src_large":["https:\/\/xenonkungen.com\/wp-content\/uploads\/2025\/06\/184971227-origpic-31e590.png",1000,460,false],"author_info":[],"comment_info":0,"_links":{"self":[{"href":"https:\/\/xenonkungen.com\/no\/wp-json\/wp\/v2\/product\/11828","targetHints":{"allow":["GET"]}}],"collection":[{"href":"https:\/\/xenonkungen.com\/no\/wp-json\/wp\/v2\/product"}],"about":[{"href":"https:\/\/xenonkungen.com\/no\/wp-json\/wp\/v2\/types\/product"}],"replies":[{"embeddable":true,"href":"https:\/\/xenonkungen.com\/no\/wp-json\/wp\/v2\/comments?post=11828"}],"wp:featuredmedia":[{"embeddable":true,"href":"https:\/\/xenonkungen.com\/no\/wp-json\/wp\/v2\/media\/11300"}],"wp:attachment":[{"href":"https:\/\/xenonkungen.com\/no\/wp-json\/wp\/v2\/media?parent=11828"}],"wp:term":[{"taxonomy":"anvandningsomrade","embeddable":true,"href":"https:\/\/xenonkungen.com\/no\/wp-json\/wp\/v2\/anvandningsomrade?post=11828"},{"taxonomy":"bilmarken","embeddable":true,"href":"https:\/\/xenonkungen.com\/no\/wp-json\/wp\/v2\/bilmarken?post=11828"},{"taxonomy":"product_brand","embeddable":true,"href":"https:\/\/xenonkungen.com\/no\/wp-json\/wp\/v2\/product_brand?post=11828"},{"taxonomy":"product_cat","embeddable":true,"href":"https:\/\/xenonkungen.com\/no\/wp-json\/wp\/v2\/product_cat?post=11828"},{"taxonomy":"product_tag","embeddable":true,"href":"https:\/\/xenonkungen.com\/no\/wp-json\/wp\/v2\/product_tag?post=11828"}],"curies":[{"name":"wp","href":"https:\/\/api.w.org\/{rel}","templated":true}]}}