{"id":12020,"date":"2025-08-26T09:50:16","date_gmt":"2025-08-26T09:50:16","guid":{"rendered":"https:\/\/xenonkungen.com\/?post_type=product&#038;p=12020"},"modified":"2025-12-10T14:52:47","modified_gmt":"2025-12-10T13:52:47","slug":"meguiars-ultimate-keramiske-belegg","status":"publish","type":"product","link":"https:\/\/xenonkungen.com\/no\/produkt\/meguiars-ultimate-keramiske-belegg\/","title":{"rendered":"Meguiar's Ultimate Ceramic Coating"},"content":{"rendered":"<h1 class=\"product_title entry-title\">Ultimativt keramisk belegg<\/h1>\n<p><strong>For best mulig resultat anbefaler vi at lakken er i best mulig stand f\u00f8r bruk.<\/strong><\/p>\n<p><strong>Gj\u00f8r en tretrinns polering (leire, gni og polere) f\u00f8r p\u00e5f\u00f8ring for \u00e5 sikre best mulig vedheft og finish.<\/strong><\/p>\n<p>INSTRUKSJONER: VASK GODT Vask og t\u00f8rk bilen grundig f\u00f8r p\u00e5f\u00f8ring. P\u00e5f\u00f8r i skyggen, p\u00e5 kj\u00f8lige overflater. Hvis overflaten er varm n\u00e5r du p\u00e5f\u00f8rer produktet, vil du oppleve et ujevnt resultat. Vi anbefaler \u00e5 bruke mikrofiber av h\u00f8yeste kvalitet, for eksempel Meguiar's\u00ae Supreme Shine\u2122 &amp; Even Coat Microfibre Applicator Pads.<\/p>\n<ol>\n<li>Spray produktet p\u00e5 en mikrofiberapplikator som f.eks.\u00a0<a href=\"https:\/\/xenonkungen.com\/produkt\/meguiars-even-coat-applicator-pads-2-pack\/\">Meguiar's X3080<\/a>. Vi anbefaler at du lager ett panel om gangen.<\/li>\n<li>Fordel produktet med trinsen med et lett til moderat trykk over panelet i en kryssende bevegelse. Dette trinnet er det som aktiverer herdeprosessen.<\/li>\n<li>Vent ca. 15 sekunder, og t\u00f8rk deretter av produktet med en ren mikrofiberklut etter at du har p\u00e5f\u00f8rt det p\u00e5 overflaten.<\/li>\n<li>Fortsett denne prosessen i hele kj\u00f8ret\u00f8yet.<\/li>\n<li>Vask alle mikrofiberkluter og trinser umiddelbart etter behandling.<\/li>\n<\/ol>\n<p>Du kan bruke dette produktet p\u00e5 andre utvendige overflater, for eksempel plastlister, dekaler, lakkbeskyttelsesfilm (PPF) og hjul. F\u00f8lg samme fremgangsm\u00e5te for disse andre utvendige overflatene. Holdbarheten vil variere avhengig av overflatens opprinnelige tilstand.<\/p>\n<p><strong>VEDLIKEHOLD:<\/strong><\/p>\n<p>Ved \u00e5 vaske bilen ofte sikrer du maksimal holdbarhet s\u00e5 lenge som mulig. Vask bilen med pH-balansert bilsjampo, for eksempel Meguiar's\u00ae Ultimate Wash &amp; Wax eller Meguiar's\u00ae Hybrid Ceramic Wash &amp; Wax.<\/p>\n<p>For \u00e5 sikre at Ultimate Ceramic Coating opprettholder finishen s\u00e5 lenge som mulig, b\u00f8r du kun bruke f\u00f8rsteklasses vedlikeholdsprodukter som Meguiar's\u00ae Ultimate Quik Detailer\u2122 eller Meguiar's\u00ae Hybrid Ceramic Detailer, s\u00e5 ofte som \u00f8nskelig.<\/p>\n<p><strong><em>ADVARSEL:<\/em><\/strong>\u00a0Etter at lakken har blitt behandlet med Ultimate Ceramic Coating, m\u00e5 du ikke bruke leire, poleringsmiddel, rubbing, flytende voks eller pastavoks p\u00e5 bilen din, da disse vil fjerne eller redusere effekten av belegget.<\/p>\n<p><strong>INSTRUKSJONER FOR BRUK:<\/strong> Spray, spre og t\u00f8rk av. Ikke overdos\u00e9r - \u00e9n flaske er nok til fire mellomstore biler! Anbefales ikke for matt eller satenglakk, da det vil gi u\u00f8nsket glans.<\/p>\n<p><strong>Innhold:<\/strong> 236 ml<\/p>\n<p><h2>Fargekoding<\/h2>\n<p><a href=\"https:\/\/meguiars.se\/wp-content\/uploads\/2024\/03\/Label-MeguiarsUltimateCeramicCoatingG2401_1.0_66423-5.pdf\" target=\"_blank\" rel=\"noopener\">https:\/\/meguiars.se\/wp-content\/uploads\/2024\/03\/Label-MeguiarsUltimateCeramicCoatingG2401_1.0_66423-5.pdf<\/a><\/p>","protected":false},"excerpt":{"rendered":"<p>Meguiar&#039;s Ultimate Ceramic Coating \u2013 Patentert teknologi herder produktet til en solid barriere som ligner p\u00e5 profesjonell keramisk lakkbeskyttelse!<\/p>\n<ul>\n<li>Utrolig vannavst\u00f8tende med eksepsjonell holdbarhet<\/li>\n<li>\u00d8ker glans og glatthet \u2013 samtidig som den skjuler mindre defekter<\/li>\n<li>Prim\u00e6rt utviklet for utvendig lakk, men fungerer ogs\u00e5 bra p\u00e5 plastdeler, dekaler, PPF og felger<\/li>\n<\/ul>","protected":false},"featured_media":12021,"comment_status":"open","ping_status":"closed","template":"","meta":{"_acf_changed":false,"_smort_price_nok":"458","_smort_price_dkk":"291","_smort_price_eur":"39","_smort_sale_price_nok":"","_smort_sale_price_dkk":"","_smort_sale_price_eur":"","smort_restorder":"","shipmondo_restorder":"","_kad_blocks_custom_css":"","_kad_blocks_head_custom_js":"","_kad_blocks_body_custom_js":"","_kad_blocks_footer_custom_js":"","smort_custom_pricelist_1":"274.56","smort_custom_pricelist_2":"274.56","smort_custom_pricelist_3":"240.24","smort_custom_pricelist_4":"343.2","smort_custom_pricelist_5":"274.56"},"anvandningsomrade":[],"bilmarken":[],"product_brand":[1383],"product_cat":[2614,378],"product_tag":[],"class_list":{"0":"post-12020","1":"product","2":"type-product","3":"status-publish","4":"has-post-thumbnail","6":"product_brand-meguiars","7":"product_cat-lackskydd","8":"product_cat-bilvard","10":"first","11":"onbackorder","12":"taxable","13":"shipping-taxable","14":"purchasable","15":"product-type-simple"},"bundled_by":[],"bundle_stock_status":"onbackorder","bundle_stock_quantity":0,"bundle_virtual":false,"bundle_layout":"","bundle_add_to_cart_form_location":"","bundle_editable_in_cart":false,"bundle_sold_individually_context":"","bundle_item_grouping":"","bundle_min_size":"","bundle_max_size":"","bundle_price":[],"bundled_items":[],"bundle_sell_ids":[],"acf":[],"yoast_head":"<!-- This site is optimized with the Yoast SEO plugin v27.0 - https:\/\/yoast.com\/product\/yoast-seo-wordpress\/ -->\n<title>Meguiar\u2019s Ultimate Ceramic Coating - Xenonkungen<\/title>\n<meta name=\"robots\" content=\"index, follow, max-snippet:-1, max-image-preview:large, max-video-preview:-1\" \/>\n<link rel=\"canonical\" href=\"https:\/\/xenonkungen.com\/no\/produkt\/meguiars-ultimate-keramiske-belegg\/\" \/>\n<meta property=\"og:locale\" content=\"nb_NO\" \/>\n<meta property=\"og:type\" content=\"article\" \/>\n<meta property=\"og:title\" content=\"Meguiar\u2019s Ultimate Ceramic Coating - Xenonkungen\" \/>\n<meta property=\"og:description\" content=\"Meguiar\u2019s Ultimate Ceramic Coating \u2013 Patenterad teknologi h\u00e4rdar produkten till en solid barri\u00e4r liknande professionella keramiska lackskydd!   Otroligt vattenavst\u00f6tande med exceptionell h\u00e5llbarhet  \u00d6kar glans och sl\u00e4thet \u2013 samtidigt d\u00f6ljs l\u00e4ttare defekter  Prim\u00e4rt utvecklad f\u00f6r exteri\u00f6r lack men fungerar \u00e4ven bra p\u00e5 plastdetaljer, dekaler, PPF och f\u00e4lgar\" \/>\n<meta property=\"og:url\" content=\"https:\/\/xenonkungen.com\/no\/produkt\/meguiars-ultimate-keramiske-belegg\/\" \/>\n<meta property=\"og:site_name\" content=\"Xenonkungen\" \/>\n<meta property=\"article:modified_time\" content=\"2025-12-10T13:52:47+00:00\" \/>\n<meta property=\"og:image\" content=\"https:\/\/xenonkungen.com\/wp-content\/uploads\/2025\/06\/G240108_UltimateCeramicCoating_Fr_10x10-2.png\" \/>\n\t<meta property=\"og:image:width\" content=\"2048\" \/>\n\t<meta property=\"og:image:height\" content=\"2048\" \/>\n\t<meta property=\"og:image:type\" content=\"image\/png\" \/>\n<meta name=\"twitter:card\" content=\"summary_large_image\" \/>\n<meta name=\"twitter:label1\" content=\"Ansl. lesetid\" \/>\n\t<meta name=\"twitter:data1\" content=\"2 minutter\" \/>\n<script type=\"application\/ld+json\" class=\"yoast-schema-graph\">{\"@context\":\"https:\/\/schema.org\",\"@graph\":[{\"@type\":\"WebPage\",\"@id\":\"https:\/\/xenonkungen.com\/produkt\/meguiars-ultimate-ceramic-coating\/\",\"url\":\"https:\/\/xenonkungen.com\/produkt\/meguiars-ultimate-ceramic-coating\/\",\"name\":\"Meguiar\u2019s Ultimate Ceramic Coating - Xenonkungen\",\"isPartOf\":{\"@id\":\"https:\/\/xenonkungen.com\/#website\"},\"primaryImageOfPage\":{\"@id\":\"https:\/\/xenonkungen.com\/produkt\/meguiars-ultimate-ceramic-coating\/#primaryimage\"},\"image\":{\"@id\":\"https:\/\/xenonkungen.com\/produkt\/meguiars-ultimate-ceramic-coating\/#primaryimage\"},\"thumbnailUrl\":\"https:\/\/xenonkungen.com\/wp-content\/uploads\/2025\/06\/G240108_UltimateCeramicCoating_Fr_10x10-2.png\",\"datePublished\":\"2025-08-26T09:50:16+00:00\",\"dateModified\":\"2025-12-10T13:52:47+00:00\",\"breadcrumb\":{\"@id\":\"https:\/\/xenonkungen.com\/produkt\/meguiars-ultimate-ceramic-coating\/#breadcrumb\"},\"inLanguage\":\"nb-NO\",\"potentialAction\":[{\"@type\":\"ReadAction\",\"target\":[\"https:\/\/xenonkungen.com\/produkt\/meguiars-ultimate-ceramic-coating\/\"]}]},{\"@type\":\"ImageObject\",\"inLanguage\":\"nb-NO\",\"@id\":\"https:\/\/xenonkungen.com\/produkt\/meguiars-ultimate-ceramic-coating\/#primaryimage\",\"url\":\"https:\/\/xenonkungen.com\/wp-content\/uploads\/2025\/06\/G240108_UltimateCeramicCoating_Fr_10x10-2.png\",\"contentUrl\":\"https:\/\/xenonkungen.com\/wp-content\/uploads\/2025\/06\/G240108_UltimateCeramicCoating_Fr_10x10-2.png\",\"width\":2048,\"height\":2048},{\"@type\":\"BreadcrumbList\",\"@id\":\"https:\/\/xenonkungen.com\/produkt\/meguiars-ultimate-ceramic-coating\/#breadcrumb\",\"itemListElement\":[{\"@type\":\"ListItem\",\"position\":1,\"name\":\"Hem\",\"item\":\"https:\/\/xenonkungen.com\/\"},{\"@type\":\"ListItem\",\"position\":2,\"name\":\"Shop\",\"item\":\"https:\/\/xenonkungen.com\/shop\/\"},{\"@type\":\"ListItem\",\"position\":3,\"name\":\"Meguiar\u2019s Ultimate Ceramic Coating\"}]},{\"@type\":\"WebSite\",\"@id\":\"https:\/\/xenonkungen.com\/#website\",\"url\":\"https:\/\/xenonkungen.com\/\",\"name\":\"Xenonkungen\",\"description\":\"\",\"potentialAction\":[{\"@type\":\"SearchAction\",\"target\":{\"@type\":\"EntryPoint\",\"urlTemplate\":\"https:\/\/xenonkungen.com\/?s={search_term_string}\"},\"query-input\":{\"@type\":\"PropertyValueSpecification\",\"valueRequired\":true,\"valueName\":\"search_term_string\"}}],\"inLanguage\":\"nb-NO\"}]}<\/script>\n<!-- \/ Yoast SEO plugin. -->","yoast_head_json":{"title":"Meguiar&#039;s Ultimate Ceramic Coating \u2013 Xenon-kongen","robots":{"index":"index","follow":"follow","max-snippet":"max-snippet:-1","max-image-preview":"max-image-preview:large","max-video-preview":"max-video-preview:-1"},"canonical":"https:\/\/xenonkungen.com\/no\/produkt\/meguiars-ultimate-keramiske-belegg\/","og_locale":"nb_NO","og_type":"article","og_title":"Meguiar\u2019s Ultimate Ceramic Coating - Xenonkungen","og_description":"Meguiar\u2019s Ultimate Ceramic Coating \u2013 Patenterad teknologi h\u00e4rdar produkten till en solid barri\u00e4r liknande professionella keramiska lackskydd!   Otroligt vattenavst\u00f6tande med exceptionell h\u00e5llbarhet  \u00d6kar glans och sl\u00e4thet \u2013 samtidigt d\u00f6ljs l\u00e4ttare defekter  Prim\u00e4rt utvecklad f\u00f6r exteri\u00f6r lack men fungerar \u00e4ven bra p\u00e5 plastdetaljer, dekaler, PPF och f\u00e4lgar","og_url":"https:\/\/xenonkungen.com\/no\/produkt\/meguiars-ultimate-keramiske-belegg\/","og_site_name":"Xenonkungen","article_modified_time":"2025-12-10T13:52:47+00:00","og_image":[{"width":2048,"height":2048,"url":"https:\/\/xenonkungen.com\/wp-content\/uploads\/2025\/06\/G240108_UltimateCeramicCoating_Fr_10x10-2.png","type":"image\/png"}],"twitter_card":"summary_large_image","twitter_misc":{"Ansl. lesetid":"2 minutter"},"schema":{"@context":"https:\/\/schema.org","@graph":[{"@type":"WebPage","@id":"https:\/\/xenonkungen.com\/produkt\/meguiars-ultimate-ceramic-coating\/","url":"https:\/\/xenonkungen.com\/produkt\/meguiars-ultimate-ceramic-coating\/","name":"Meguiar&#039;s Ultimate Ceramic Coating \u2013 Xenon-kongen","isPartOf":{"@id":"https:\/\/xenonkungen.com\/#website"},"primaryImageOfPage":{"@id":"https:\/\/xenonkungen.com\/produkt\/meguiars-ultimate-ceramic-coating\/#primaryimage"},"image":{"@id":"https:\/\/xenonkungen.com\/produkt\/meguiars-ultimate-ceramic-coating\/#primaryimage"},"thumbnailUrl":"https:\/\/xenonkungen.com\/wp-content\/uploads\/2025\/06\/G240108_UltimateCeramicCoating_Fr_10x10-2.png","datePublished":"2025-08-26T09:50:16+00:00","dateModified":"2025-12-10T13:52:47+00:00","breadcrumb":{"@id":"https:\/\/xenonkungen.com\/produkt\/meguiars-ultimate-ceramic-coating\/#breadcrumb"},"inLanguage":"nb-NO","potentialAction":[{"@type":"ReadAction","target":["https:\/\/xenonkungen.com\/produkt\/meguiars-ultimate-ceramic-coating\/"]}]},{"@type":"ImageObject","inLanguage":"nb-NO","@id":"https:\/\/xenonkungen.com\/produkt\/meguiars-ultimate-ceramic-coating\/#primaryimage","url":"https:\/\/xenonkungen.com\/wp-content\/uploads\/2025\/06\/G240108_UltimateCeramicCoating_Fr_10x10-2.png","contentUrl":"https:\/\/xenonkungen.com\/wp-content\/uploads\/2025\/06\/G240108_UltimateCeramicCoating_Fr_10x10-2.png","width":2048,"height":2048},{"@type":"BreadcrumbList","@id":"https:\/\/xenonkungen.com\/produkt\/meguiars-ultimate-ceramic-coating\/#breadcrumb","itemListElement":[{"@type":"ListItem","position":1,"name":"Hem","item":"https:\/\/xenonkungen.com\/"},{"@type":"ListItem","position":2,"name":"Shop","item":"https:\/\/xenonkungen.com\/shop\/"},{"@type":"ListItem","position":3,"name":"Meguiar\u2019s Ultimate Ceramic Coating"}]},{"@type":"WebSite","@id":"https:\/\/xenonkungen.com\/#website","url":"https:\/\/xenonkungen.com\/","name":"Xenonkungen","description":"","potentialAction":[{"@type":"SearchAction","target":{"@type":"EntryPoint","urlTemplate":"https:\/\/xenonkungen.com\/?s={search_term_string}"},"query-input":{"@type":"PropertyValueSpecification","valueRequired":true,"valueName":"search_term_string"}}],"inLanguage":"nb-NO"}]}},"taxonomy_info":{"product_brand":[{"value":1383,"label":"Meguiar's"}],"product_cat":[{"value":2614,"label":"4 | Bilvax &amp; Lackskydd"},{"value":378,"label":"Bilv\u00e5rd"}]},"featured_image_src_large":["https:\/\/xenonkungen.com\/wp-content\/uploads\/2025\/06\/G240108_UltimateCeramicCoating_Fr_10x10-2-1024x1024.png",1024,1024,true],"author_info":[],"comment_info":0,"_links":{"self":[{"href":"https:\/\/xenonkungen.com\/no\/wp-json\/wp\/v2\/product\/12020","targetHints":{"allow":["GET"]}}],"collection":[{"href":"https:\/\/xenonkungen.com\/no\/wp-json\/wp\/v2\/product"}],"about":[{"href":"https:\/\/xenonkungen.com\/no\/wp-json\/wp\/v2\/types\/product"}],"replies":[{"embeddable":true,"href":"https:\/\/xenonkungen.com\/no\/wp-json\/wp\/v2\/comments?post=12020"}],"wp:featuredmedia":[{"embeddable":true,"href":"https:\/\/xenonkungen.com\/no\/wp-json\/wp\/v2\/media\/12021"}],"wp:attachment":[{"href":"https:\/\/xenonkungen.com\/no\/wp-json\/wp\/v2\/media?parent=12020"}],"wp:term":[{"taxonomy":"anvandningsomrade","embeddable":true,"href":"https:\/\/xenonkungen.com\/no\/wp-json\/wp\/v2\/anvandningsomrade?post=12020"},{"taxonomy":"bilmarken","embeddable":true,"href":"https:\/\/xenonkungen.com\/no\/wp-json\/wp\/v2\/bilmarken?post=12020"},{"taxonomy":"product_brand","embeddable":true,"href":"https:\/\/xenonkungen.com\/no\/wp-json\/wp\/v2\/product_brand?post=12020"},{"taxonomy":"product_cat","embeddable":true,"href":"https:\/\/xenonkungen.com\/no\/wp-json\/wp\/v2\/product_cat?post=12020"},{"taxonomy":"product_tag","embeddable":true,"href":"https:\/\/xenonkungen.com\/no\/wp-json\/wp\/v2\/product_tag?post=12020"}],"curies":[{"name":"wp","href":"https:\/\/api.w.org\/{rel}","templated":true}]}}