{"id":12038,"date":"2025-07-02T08:39:07","date_gmt":"2025-07-02T08:39:07","guid":{"rendered":"https:\/\/xenonkungen.com\/?post_type=product&#038;p=12038"},"modified":"2026-04-01T07:56:22","modified_gmt":"2026-04-01T06:56:22","slug":"meguiars-ultimate-jernfjerner","status":"publish","type":"product","link":"https:\/\/xenonkungen.com\/no\/produkt\/meguiars-ultimate-jernfjerner\/","title":{"rendered":"Meguiar's Ultimate Iron Remover"},"content":{"rendered":"<h2>Den ultimate jernfjerneren<\/h2>\n<p>Meguiar's Ultimate Iron Remover er den ultimate l\u00f8sningen for \u00e5 fjerne innst\u00f8pte flyrustpartikler, industrielt nedfall og bremsest\u00f8v fra bilens lakk, glass og kromoverflater. Denne kraftige formelen l\u00f8ser trygt og effektivt opp jernoksid, er pH-balansert og endrer farge etter hvert som den l\u00f8ser opp og bryter ned forurensninger. Denne brukervennlige jernfjerneren er et must for alle bilentusiaster som \u00f8nsker de beste resultatene.<\/p>\n<p><strong>Innhold:<\/strong> 710 ml<\/p>\n<p>&nbsp;<\/p>\n<h2>Sikkerhetsdatablad<\/h2>\n<p><a href=\"https:\/\/meguiars.se\/wp-content\/uploads\/2025\/04\/MeguiarsG2505UltimateIronRemover_1.0_74903.pdf\" target=\"_blank\" rel=\"noopener\"><br \/>\nMeguiarsG2505UltimateIronRemover_1.0_74903 (PDF)<br \/>\n<\/a><\/p>\n<p>&nbsp;<\/p>","protected":false},"excerpt":{"rendered":"<p><strong>BRUKERVENNLIG FORMEL:<\/strong> Dette ferdigblandede produktet er enkelt \u00e5 bruke - spray produktet p\u00e5 overflaten, la det virke i 30 sekunder, arbeid med en fuktig vaskehanske og skyll av med vann. Deretter er kj\u00f8ret\u00f8yet klart til \u00e5 vaskes med en hvilken som helst sjampo.<\/p>\n<p><strong>BRUK P\u00c5 FORSKJELLIGE OVERFLATER:<\/strong> Meguiar's Ultimate Iron Remover er optimalisert for bruk p\u00e5 lakk, glass og krom - den fjerner sk\u00e5nsomt u\u00f8nskede og skadelige jernoksidpartikler fra lakk p\u00e5 biler, motorsykler, b\u00e5ter, bobiler og mer.<\/p>","protected":false},"featured_media":12039,"comment_status":"open","ping_status":"closed","template":"","meta":{"_acf_changed":false,"_smort_price_nok":"220","_smort_price_dkk":"189","_smort_price_eur":"25.36","_smort_sale_price_nok":"220","_smort_sale_price_dkk":"","_smort_sale_price_eur":"20.27","smort_restorder":"","shipmondo_restorder":"","_kad_blocks_custom_css":"","_kad_blocks_head_custom_js":"","_kad_blocks_body_custom_js":"","_kad_blocks_footer_custom_js":"","smort_custom_pricelist_1":"178.56","smort_custom_pricelist_2":"178.56","smort_custom_pricelist_3":"156.24","smort_custom_pricelist_4":"223.2","smort_custom_pricelist_5":"178.56"},"anvandningsomrade":[],"bilmarken":[],"product_brand":[1383],"product_cat":[2988,2622,378,1402],"product_tag":[],"class_list":{"0":"post-12038","1":"product","2":"type-product","3":"status-publish","4":"has-post-thumbnail","6":"product_brand-meguiars","7":"product_cat-biltvatt","8":"product_cat-fortvatt","9":"product_cat-bilvard","10":"product_cat-outlet","12":"first","13":"instock","14":"sale","15":"taxable","16":"shipping-taxable","17":"purchasable","18":"product-type-simple"},"bundled_by":["26306"],"bundle_stock_status":"instock","bundle_stock_quantity":2,"bundle_virtual":false,"bundle_layout":"","bundle_add_to_cart_form_location":"","bundle_editable_in_cart":false,"bundle_sold_individually_context":"","bundle_item_grouping":"","bundle_min_size":"","bundle_max_size":"","bundle_price":[],"bundled_items":[],"bundle_sell_ids":[],"acf":[],"yoast_head":"<!-- This site is optimized with the Yoast SEO plugin v27.0 - https:\/\/yoast.com\/product\/yoast-seo-wordpress\/ -->\n<title>Meguiar\u2019s Ultimate Iron Remover - Xenonkungen<\/title>\n<meta name=\"robots\" content=\"index, follow, max-snippet:-1, max-image-preview:large, max-video-preview:-1\" \/>\n<link rel=\"canonical\" href=\"https:\/\/xenonkungen.com\/no\/produkt\/meguiars-ultimate-jernfjerner\/\" \/>\n<meta property=\"og:locale\" content=\"nb_NO\" \/>\n<meta property=\"og:type\" content=\"article\" \/>\n<meta property=\"og:title\" content=\"Meguiar\u2019s Ultimate Iron Remover - Xenonkungen\" \/>\n<meta property=\"og:description\" content=\"EASY-TO-USE FORMULA: Denna f\u00e4rdigblandade produkt \u00e4r l\u00e4tt att anv\u00e4nda \u2013 spraya helt enkelt produkten p\u00e5 ytan, l\u00e5t vila i 30 sekunder, arbeta med en fuktig tv\u00e4tthandske, sk\u00f6lj av med vatten. Sedan \u00e4r fordonet redo att tv\u00e4ttas med valfritt schampo.  ANV\u00c4NDNING P\u00c5 OLIKA YTOR: Meguiar\u2019s Ultimate Iron Remover \u00e4r optimerad f\u00f6r anv\u00e4ndning p\u00e5 lack, glas och krom \u2013 Den tar varsamt bort o\u00f6nskade och skadliga j\u00e4rnoxidpartiklar fr\u00e5n lack p\u00e5 bilar, motorcyklar, b\u00e5tar, husbilar mm.\" \/>\n<meta property=\"og:url\" content=\"https:\/\/xenonkungen.com\/no\/produkt\/meguiars-ultimate-jernfjerner\/\" \/>\n<meta property=\"og:site_name\" content=\"Xenonkungen\" \/>\n<meta property=\"article:modified_time\" content=\"2026-04-01T06:56:22+00:00\" \/>\n<meta property=\"og:image\" content=\"https:\/\/xenonkungen.com\/wp-content\/uploads\/2025\/07\/G250524_UltimateIronRemover_Front_10x10-1024x1024.png\" \/>\n\t<meta property=\"og:image:width\" content=\"1024\" \/>\n\t<meta property=\"og:image:height\" content=\"1024\" \/>\n\t<meta property=\"og:image:type\" content=\"image\/png\" \/>\n<meta name=\"twitter:card\" content=\"summary_large_image\" \/>\n<meta name=\"twitter:label1\" content=\"Ansl. lesetid\" \/>\n\t<meta name=\"twitter:data1\" content=\"1 minutt\" \/>\n<script type=\"application\/ld+json\" class=\"yoast-schema-graph\">{\"@context\":\"https:\/\/schema.org\",\"@graph\":[{\"@type\":\"WebPage\",\"@id\":\"https:\/\/xenonkungen.com\/produkt\/meguiars-ultimate-iron-remover\/\",\"url\":\"https:\/\/xenonkungen.com\/produkt\/meguiars-ultimate-iron-remover\/\",\"name\":\"Meguiar\u2019s Ultimate Iron Remover - Xenonkungen\",\"isPartOf\":{\"@id\":\"https:\/\/xenonkungen.com\/#website\"},\"primaryImageOfPage\":{\"@id\":\"https:\/\/xenonkungen.com\/produkt\/meguiars-ultimate-iron-remover\/#primaryimage\"},\"image\":{\"@id\":\"https:\/\/xenonkungen.com\/produkt\/meguiars-ultimate-iron-remover\/#primaryimage\"},\"thumbnailUrl\":\"https:\/\/xenonkungen.com\/wp-content\/uploads\/2025\/07\/G250524_UltimateIronRemover_Front_10x10.png\",\"datePublished\":\"2025-07-02T08:39:07+00:00\",\"dateModified\":\"2026-04-01T06:56:22+00:00\",\"breadcrumb\":{\"@id\":\"https:\/\/xenonkungen.com\/produkt\/meguiars-ultimate-iron-remover\/#breadcrumb\"},\"inLanguage\":\"nb-NO\",\"potentialAction\":[{\"@type\":\"ReadAction\",\"target\":[\"https:\/\/xenonkungen.com\/produkt\/meguiars-ultimate-iron-remover\/\"]}]},{\"@type\":\"ImageObject\",\"inLanguage\":\"nb-NO\",\"@id\":\"https:\/\/xenonkungen.com\/produkt\/meguiars-ultimate-iron-remover\/#primaryimage\",\"url\":\"https:\/\/xenonkungen.com\/wp-content\/uploads\/2025\/07\/G250524_UltimateIronRemover_Front_10x10.png\",\"contentUrl\":\"https:\/\/xenonkungen.com\/wp-content\/uploads\/2025\/07\/G250524_UltimateIronRemover_Front_10x10.png\",\"width\":2560,\"height\":2560},{\"@type\":\"BreadcrumbList\",\"@id\":\"https:\/\/xenonkungen.com\/produkt\/meguiars-ultimate-iron-remover\/#breadcrumb\",\"itemListElement\":[{\"@type\":\"ListItem\",\"position\":1,\"name\":\"Hem\",\"item\":\"https:\/\/xenonkungen.com\/\"},{\"@type\":\"ListItem\",\"position\":2,\"name\":\"Shop\",\"item\":\"https:\/\/xenonkungen.com\/shop\/\"},{\"@type\":\"ListItem\",\"position\":3,\"name\":\"Meguiar\u2019s Ultimate Iron Remover\"}]},{\"@type\":\"WebSite\",\"@id\":\"https:\/\/xenonkungen.com\/#website\",\"url\":\"https:\/\/xenonkungen.com\/\",\"name\":\"Xenonkungen\",\"description\":\"\",\"potentialAction\":[{\"@type\":\"SearchAction\",\"target\":{\"@type\":\"EntryPoint\",\"urlTemplate\":\"https:\/\/xenonkungen.com\/?s={search_term_string}\"},\"query-input\":{\"@type\":\"PropertyValueSpecification\",\"valueRequired\":true,\"valueName\":\"search_term_string\"}}],\"inLanguage\":\"nb-NO\"}]}<\/script>\n<!-- \/ Yoast SEO plugin. -->","yoast_head_json":{"title":"Meguiar&#039;s Ultimate Iron Remover - Xenon-kongen","robots":{"index":"index","follow":"follow","max-snippet":"max-snippet:-1","max-image-preview":"max-image-preview:large","max-video-preview":"max-video-preview:-1"},"canonical":"https:\/\/xenonkungen.com\/no\/produkt\/meguiars-ultimate-jernfjerner\/","og_locale":"nb_NO","og_type":"article","og_title":"Meguiar\u2019s Ultimate Iron Remover - Xenonkungen","og_description":"EASY-TO-USE FORMULA: Denna f\u00e4rdigblandade produkt \u00e4r l\u00e4tt att anv\u00e4nda \u2013 spraya helt enkelt produkten p\u00e5 ytan, l\u00e5t vila i 30 sekunder, arbeta med en fuktig tv\u00e4tthandske, sk\u00f6lj av med vatten. Sedan \u00e4r fordonet redo att tv\u00e4ttas med valfritt schampo.  ANV\u00c4NDNING P\u00c5 OLIKA YTOR: Meguiar\u2019s Ultimate Iron Remover \u00e4r optimerad f\u00f6r anv\u00e4ndning p\u00e5 lack, glas och krom \u2013 Den tar varsamt bort o\u00f6nskade och skadliga j\u00e4rnoxidpartiklar fr\u00e5n lack p\u00e5 bilar, motorcyklar, b\u00e5tar, husbilar mm.","og_url":"https:\/\/xenonkungen.com\/no\/produkt\/meguiars-ultimate-jernfjerner\/","og_site_name":"Xenonkungen","article_modified_time":"2026-04-01T06:56:22+00:00","og_image":[{"width":1024,"height":1024,"url":"https:\/\/xenonkungen.com\/wp-content\/uploads\/2025\/07\/G250524_UltimateIronRemover_Front_10x10-1024x1024.png","type":"image\/png"}],"twitter_card":"summary_large_image","twitter_misc":{"Ansl. lesetid":"1 minutt"},"schema":{"@context":"https:\/\/schema.org","@graph":[{"@type":"WebPage","@id":"https:\/\/xenonkungen.com\/produkt\/meguiars-ultimate-iron-remover\/","url":"https:\/\/xenonkungen.com\/produkt\/meguiars-ultimate-iron-remover\/","name":"Meguiar&#039;s Ultimate Iron Remover - Xenon-kongen","isPartOf":{"@id":"https:\/\/xenonkungen.com\/#website"},"primaryImageOfPage":{"@id":"https:\/\/xenonkungen.com\/produkt\/meguiars-ultimate-iron-remover\/#primaryimage"},"image":{"@id":"https:\/\/xenonkungen.com\/produkt\/meguiars-ultimate-iron-remover\/#primaryimage"},"thumbnailUrl":"https:\/\/xenonkungen.com\/wp-content\/uploads\/2025\/07\/G250524_UltimateIronRemover_Front_10x10.png","datePublished":"2025-07-02T08:39:07+00:00","dateModified":"2026-04-01T06:56:22+00:00","breadcrumb":{"@id":"https:\/\/xenonkungen.com\/produkt\/meguiars-ultimate-iron-remover\/#breadcrumb"},"inLanguage":"nb-NO","potentialAction":[{"@type":"ReadAction","target":["https:\/\/xenonkungen.com\/produkt\/meguiars-ultimate-iron-remover\/"]}]},{"@type":"ImageObject","inLanguage":"nb-NO","@id":"https:\/\/xenonkungen.com\/produkt\/meguiars-ultimate-iron-remover\/#primaryimage","url":"https:\/\/xenonkungen.com\/wp-content\/uploads\/2025\/07\/G250524_UltimateIronRemover_Front_10x10.png","contentUrl":"https:\/\/xenonkungen.com\/wp-content\/uploads\/2025\/07\/G250524_UltimateIronRemover_Front_10x10.png","width":2560,"height":2560},{"@type":"BreadcrumbList","@id":"https:\/\/xenonkungen.com\/produkt\/meguiars-ultimate-iron-remover\/#breadcrumb","itemListElement":[{"@type":"ListItem","position":1,"name":"Hem","item":"https:\/\/xenonkungen.com\/"},{"@type":"ListItem","position":2,"name":"Shop","item":"https:\/\/xenonkungen.com\/shop\/"},{"@type":"ListItem","position":3,"name":"Meguiar\u2019s Ultimate Iron Remover"}]},{"@type":"WebSite","@id":"https:\/\/xenonkungen.com\/#website","url":"https:\/\/xenonkungen.com\/","name":"Xenonkungen","description":"","potentialAction":[{"@type":"SearchAction","target":{"@type":"EntryPoint","urlTemplate":"https:\/\/xenonkungen.com\/?s={search_term_string}"},"query-input":{"@type":"PropertyValueSpecification","valueRequired":true,"valueName":"search_term_string"}}],"inLanguage":"nb-NO"}]}},"taxonomy_info":{"product_brand":[{"value":1383,"label":"Meguiar's"}],"product_cat":[{"value":2988,"label":"1 | Biltv\u00e4tt"},{"value":2622,"label":"F\u00f6rtv\u00e4tt"},{"value":378,"label":"Bilv\u00e5rd"},{"value":1402,"label":"Outlet"}]},"featured_image_src_large":["https:\/\/xenonkungen.com\/wp-content\/uploads\/2025\/07\/G250524_UltimateIronRemover_Front_10x10-1024x1024.png",1024,1024,true],"author_info":[],"comment_info":0,"_links":{"self":[{"href":"https:\/\/xenonkungen.com\/no\/wp-json\/wp\/v2\/product\/12038","targetHints":{"allow":["GET"]}}],"collection":[{"href":"https:\/\/xenonkungen.com\/no\/wp-json\/wp\/v2\/product"}],"about":[{"href":"https:\/\/xenonkungen.com\/no\/wp-json\/wp\/v2\/types\/product"}],"replies":[{"embeddable":true,"href":"https:\/\/xenonkungen.com\/no\/wp-json\/wp\/v2\/comments?post=12038"}],"wp:featuredmedia":[{"embeddable":true,"href":"https:\/\/xenonkungen.com\/no\/wp-json\/wp\/v2\/media\/12039"}],"wp:attachment":[{"href":"https:\/\/xenonkungen.com\/no\/wp-json\/wp\/v2\/media?parent=12038"}],"wp:term":[{"taxonomy":"anvandningsomrade","embeddable":true,"href":"https:\/\/xenonkungen.com\/no\/wp-json\/wp\/v2\/anvandningsomrade?post=12038"},{"taxonomy":"bilmarken","embeddable":true,"href":"https:\/\/xenonkungen.com\/no\/wp-json\/wp\/v2\/bilmarken?post=12038"},{"taxonomy":"product_brand","embeddable":true,"href":"https:\/\/xenonkungen.com\/no\/wp-json\/wp\/v2\/product_brand?post=12038"},{"taxonomy":"product_cat","embeddable":true,"href":"https:\/\/xenonkungen.com\/no\/wp-json\/wp\/v2\/product_cat?post=12038"},{"taxonomy":"product_tag","embeddable":true,"href":"https:\/\/xenonkungen.com\/no\/wp-json\/wp\/v2\/product_tag?post=12038"}],"curies":[{"name":"wp","href":"https:\/\/api.w.org\/{rel}","templated":true}]}}