{"id":12053,"date":"2025-07-02T11:37:50","date_gmt":"2025-07-02T11:37:50","guid":{"rendered":"https:\/\/xenonkungen.com\/?post_type=product&#038;p=12053"},"modified":"2026-03-26T10:55:05","modified_gmt":"2026-03-26T09:55:05","slug":"meguiars-one-solution-kaldavfetting-ekstra-1-l","status":"publish","type":"product","link":"https:\/\/xenonkungen.com\/no\/produkt\/meguiars-one-solution-kaldavfetting-ekstra-1-l\/","title":{"rendered":"Meguiar's One Solution Callus Degreaser Extra | 1L"},"content":{"rendered":"<h2>One Solution Callus Degreaser Extra | 1L<\/h2>\n<p><strong>Flammet tomat<\/strong><br \/>\nKaldavfettingsmiddel er et emulgerende kaldavfettingsmiddel med meget god l\u00f8selighet. Produktet har ekstra tilsetningsstoffer som \u00f8ker effekten og gj\u00f8r produktet mer hurtigvirkende enn andre lavaromatiske kaldavfettingsmidler. Egnet for rengj\u00f8ring av kj\u00f8ret\u00f8y og maskindeler som er tilsmusset av for eksempel asfalt, tj\u00e6re, fett og lignende.<\/p>\n<p><strong>Kjennetegn<\/strong><br \/>\nKaldavfetting inneholder en effektiv emulgatorpakke, som gir produktet en ekstremt god evne til \u00e5 fukte ulike overflater og dermed \u00f8ke l\u00f8seligheten kraftig. I motsetning til tradisjonelle kaldavfettingsmidler fungerer Cold Degreaser Extra sv\u00e6rt effektivt ogs\u00e5 p\u00e5 v\u00e5te overflater. Produktet er lavaromatisk, noe som betyr at det bare har en svak egenlukt, noe som gir et bedre arbeidsmilj\u00f8 for brukeren. Den emulgerende egenskapen gj\u00f8r skylling med vann mer effektivt.<\/p>\n<p><strong>Oljeseparasjon<\/strong><br \/>\nProduktet skiller seg raskt fra vann.<\/p>\n<p><strong>Instruksjoner for bruk<\/strong><br \/>\nSpray p\u00e5 med lavt trykk og la virke i noen minutter. Skyll deretter med vann.<\/p>\n<p><strong>Dosering<\/strong><br \/>\nProduktet brukes ufortynnet.<\/p>\n<p><strong>Innhold:<\/strong> 1 L<\/p>\n<h2>Sikkerhetsdatablad<\/h2>\n<p><a href=\"https:\/\/meguiars.se\/wp-content\/uploads\/2025\/04\/KemhusetABKallavfettningExtra_1.1_39444.pdf\" target=\"_blank\" rel=\"noopener\"><br \/>\nKemhusetABCall avfettingExtra_1.1_39444 (PDF)<br \/>\n<\/a><\/p>\n<p>&nbsp;<\/p>","protected":false},"excerpt":{"rendered":"<p>Kaldavfetting med ekstra tilsetningsstoffer som gj\u00f8r produktet mer hurtigvirkende. Lav egenlukt, noe som gir et bedre arbeidsmilj\u00f8 for brukeren.<\/p>","protected":false},"featured_media":12054,"comment_status":"open","ping_status":"closed","template":"","meta":{"_acf_changed":false,"_smort_price_nok":"84","_smort_price_dkk":"67","_smort_price_eur":"9","_smort_sale_price_nok":"84","_smort_sale_price_dkk":"","_smort_sale_price_eur":"7.18","smort_restorder":"","shipmondo_restorder":"","_kad_blocks_custom_css":"","_kad_blocks_head_custom_js":"","_kad_blocks_body_custom_js":"","_kad_blocks_footer_custom_js":"","smort_custom_pricelist_1":"63.36","smort_custom_pricelist_2":"55.44","smort_custom_pricelist_3":"55.44","smort_custom_pricelist_4":"79.2","smort_custom_pricelist_5":"55.44"},"anvandningsomrade":[],"bilmarken":[],"product_brand":[1383],"product_cat":[2989,2622,378],"product_tag":[],"class_list":{"0":"post-12053","1":"product","2":"type-product","3":"status-publish","4":"has-post-thumbnail","6":"product_brand-meguiars","7":"product_cat-avfettning","8":"product_cat-fortvatt","9":"product_cat-bilvard","11":"first","12":"instock","13":"sale","14":"taxable","15":"shipping-taxable","16":"purchasable","17":"product-type-simple"},"bundled_by":["26306"],"bundle_stock_status":"instock","bundle_stock_quantity":5,"bundle_virtual":false,"bundle_layout":"","bundle_add_to_cart_form_location":"","bundle_editable_in_cart":false,"bundle_sold_individually_context":"","bundle_item_grouping":"","bundle_min_size":"","bundle_max_size":"","bundle_price":[],"bundled_items":[],"bundle_sell_ids":[],"acf":[],"yoast_head":"<!-- This site is optimized with the Yoast SEO plugin v27.0 - https:\/\/yoast.com\/product\/yoast-seo-wordpress\/ -->\n<title>Meguiar&#039;s One Solution Kallavfettning Extra | 1L - Xenonkungen<\/title>\n<meta name=\"robots\" content=\"index, follow, max-snippet:-1, max-image-preview:large, max-video-preview:-1\" \/>\n<link rel=\"canonical\" href=\"https:\/\/xenonkungen.com\/no\/produkt\/meguiars-one-solution-kaldavfetting-ekstra-1-l\/\" \/>\n<meta property=\"og:locale\" content=\"nb_NO\" \/>\n<meta property=\"og:type\" content=\"article\" \/>\n<meta property=\"og:title\" content=\"Meguiar&#039;s One Solution Kallavfettning Extra | 1L - Xenonkungen\" \/>\n<meta property=\"og:description\" content=\"Kallavfettning med extra tillsatser som g\u00f6r produkten mer snabbverkande. L\u00e5g egendoft som medf\u00f6r b\u00e4ttre arbetsmilj\u00f6 f\u00f6r anv\u00e4ndaren.\" \/>\n<meta property=\"og:url\" content=\"https:\/\/xenonkungen.com\/no\/produkt\/meguiars-one-solution-kaldavfetting-ekstra-1-l\/\" \/>\n<meta property=\"og:site_name\" content=\"Xenonkungen\" \/>\n<meta property=\"article:modified_time\" content=\"2026-03-26T09:55:05+00:00\" \/>\n<meta property=\"og:image\" content=\"https:\/\/xenonkungen.com\/wp-content\/uploads\/2025\/07\/PhotoRoom-20231221_112848_2-e1704790314605.png\" \/>\n\t<meta property=\"og:image:width\" content=\"542\" \/>\n\t<meta property=\"og:image:height\" content=\"1047\" \/>\n\t<meta property=\"og:image:type\" content=\"image\/png\" \/>\n<meta name=\"twitter:card\" content=\"summary_large_image\" \/>\n<meta name=\"twitter:label1\" content=\"Ansl. lesetid\" \/>\n\t<meta name=\"twitter:data1\" content=\"1 minutt\" \/>\n<script type=\"application\/ld+json\" class=\"yoast-schema-graph\">{\"@context\":\"https:\/\/schema.org\",\"@graph\":[{\"@type\":\"WebPage\",\"@id\":\"https:\/\/xenonkungen.com\/produkt\/meguiars-one-solution-kallavfettning-extra-1l\/\",\"url\":\"https:\/\/xenonkungen.com\/produkt\/meguiars-one-solution-kallavfettning-extra-1l\/\",\"name\":\"Meguiar's One Solution Kallavfettning Extra | 1L - Xenonkungen\",\"isPartOf\":{\"@id\":\"https:\/\/xenonkungen.com\/#website\"},\"primaryImageOfPage\":{\"@id\":\"https:\/\/xenonkungen.com\/produkt\/meguiars-one-solution-kallavfettning-extra-1l\/#primaryimage\"},\"image\":{\"@id\":\"https:\/\/xenonkungen.com\/produkt\/meguiars-one-solution-kallavfettning-extra-1l\/#primaryimage\"},\"thumbnailUrl\":\"https:\/\/xenonkungen.com\/wp-content\/uploads\/2025\/07\/PhotoRoom-20231221_112848_2-e1704790314605.png\",\"datePublished\":\"2025-07-02T11:37:50+00:00\",\"dateModified\":\"2026-03-26T09:55:05+00:00\",\"breadcrumb\":{\"@id\":\"https:\/\/xenonkungen.com\/produkt\/meguiars-one-solution-kallavfettning-extra-1l\/#breadcrumb\"},\"inLanguage\":\"nb-NO\",\"potentialAction\":[{\"@type\":\"ReadAction\",\"target\":[\"https:\/\/xenonkungen.com\/produkt\/meguiars-one-solution-kallavfettning-extra-1l\/\"]}]},{\"@type\":\"ImageObject\",\"inLanguage\":\"nb-NO\",\"@id\":\"https:\/\/xenonkungen.com\/produkt\/meguiars-one-solution-kallavfettning-extra-1l\/#primaryimage\",\"url\":\"https:\/\/xenonkungen.com\/wp-content\/uploads\/2025\/07\/PhotoRoom-20231221_112848_2-e1704790314605.png\",\"contentUrl\":\"https:\/\/xenonkungen.com\/wp-content\/uploads\/2025\/07\/PhotoRoom-20231221_112848_2-e1704790314605.png\",\"width\":542,\"height\":1047},{\"@type\":\"BreadcrumbList\",\"@id\":\"https:\/\/xenonkungen.com\/produkt\/meguiars-one-solution-kallavfettning-extra-1l\/#breadcrumb\",\"itemListElement\":[{\"@type\":\"ListItem\",\"position\":1,\"name\":\"Hem\",\"item\":\"https:\/\/xenonkungen.com\/\"},{\"@type\":\"ListItem\",\"position\":2,\"name\":\"Shop\",\"item\":\"https:\/\/xenonkungen.com\/shop\/\"},{\"@type\":\"ListItem\",\"position\":3,\"name\":\"Meguiar&#8217;s One Solution Kallavfettning Extra | 1L\"}]},{\"@type\":\"WebSite\",\"@id\":\"https:\/\/xenonkungen.com\/#website\",\"url\":\"https:\/\/xenonkungen.com\/\",\"name\":\"Xenonkungen\",\"description\":\"\",\"potentialAction\":[{\"@type\":\"SearchAction\",\"target\":{\"@type\":\"EntryPoint\",\"urlTemplate\":\"https:\/\/xenonkungen.com\/?s={search_term_string}\"},\"query-input\":{\"@type\":\"PropertyValueSpecification\",\"valueRequired\":true,\"valueName\":\"search_term_string\"}}],\"inLanguage\":\"nb-NO\"}]}<\/script>\n<!-- \/ Yoast SEO plugin. -->","yoast_head_json":{"title":"Meguiar&#039;s One Solution Kaldavfetting Ekstra | 1L - Xenonkungen","robots":{"index":"index","follow":"follow","max-snippet":"max-snippet:-1","max-image-preview":"max-image-preview:large","max-video-preview":"max-video-preview:-1"},"canonical":"https:\/\/xenonkungen.com\/no\/produkt\/meguiars-one-solution-kaldavfetting-ekstra-1-l\/","og_locale":"nb_NO","og_type":"article","og_title":"Meguiar's One Solution Kallavfettning Extra | 1L - Xenonkungen","og_description":"Kallavfettning med extra tillsatser som g\u00f6r produkten mer snabbverkande. L\u00e5g egendoft som medf\u00f6r b\u00e4ttre arbetsmilj\u00f6 f\u00f6r anv\u00e4ndaren.","og_url":"https:\/\/xenonkungen.com\/no\/produkt\/meguiars-one-solution-kaldavfetting-ekstra-1-l\/","og_site_name":"Xenonkungen","article_modified_time":"2026-03-26T09:55:05+00:00","og_image":[{"width":542,"height":1047,"url":"https:\/\/xenonkungen.com\/wp-content\/uploads\/2025\/07\/PhotoRoom-20231221_112848_2-e1704790314605.png","type":"image\/png"}],"twitter_card":"summary_large_image","twitter_misc":{"Ansl. lesetid":"1 minutt"},"schema":{"@context":"https:\/\/schema.org","@graph":[{"@type":"WebPage","@id":"https:\/\/xenonkungen.com\/produkt\/meguiars-one-solution-kallavfettning-extra-1l\/","url":"https:\/\/xenonkungen.com\/produkt\/meguiars-one-solution-kallavfettning-extra-1l\/","name":"Meguiar&#039;s One Solution Kaldavfetting Ekstra | 1L - Xenonkungen","isPartOf":{"@id":"https:\/\/xenonkungen.com\/#website"},"primaryImageOfPage":{"@id":"https:\/\/xenonkungen.com\/produkt\/meguiars-one-solution-kallavfettning-extra-1l\/#primaryimage"},"image":{"@id":"https:\/\/xenonkungen.com\/produkt\/meguiars-one-solution-kallavfettning-extra-1l\/#primaryimage"},"thumbnailUrl":"https:\/\/xenonkungen.com\/wp-content\/uploads\/2025\/07\/PhotoRoom-20231221_112848_2-e1704790314605.png","datePublished":"2025-07-02T11:37:50+00:00","dateModified":"2026-03-26T09:55:05+00:00","breadcrumb":{"@id":"https:\/\/xenonkungen.com\/produkt\/meguiars-one-solution-kallavfettning-extra-1l\/#breadcrumb"},"inLanguage":"nb-NO","potentialAction":[{"@type":"ReadAction","target":["https:\/\/xenonkungen.com\/produkt\/meguiars-one-solution-kallavfettning-extra-1l\/"]}]},{"@type":"ImageObject","inLanguage":"nb-NO","@id":"https:\/\/xenonkungen.com\/produkt\/meguiars-one-solution-kallavfettning-extra-1l\/#primaryimage","url":"https:\/\/xenonkungen.com\/wp-content\/uploads\/2025\/07\/PhotoRoom-20231221_112848_2-e1704790314605.png","contentUrl":"https:\/\/xenonkungen.com\/wp-content\/uploads\/2025\/07\/PhotoRoom-20231221_112848_2-e1704790314605.png","width":542,"height":1047},{"@type":"BreadcrumbList","@id":"https:\/\/xenonkungen.com\/produkt\/meguiars-one-solution-kallavfettning-extra-1l\/#breadcrumb","itemListElement":[{"@type":"ListItem","position":1,"name":"Hem","item":"https:\/\/xenonkungen.com\/"},{"@type":"ListItem","position":2,"name":"Shop","item":"https:\/\/xenonkungen.com\/shop\/"},{"@type":"ListItem","position":3,"name":"Meguiar&#8217;s One Solution Kallavfettning Extra | 1L"}]},{"@type":"WebSite","@id":"https:\/\/xenonkungen.com\/#website","url":"https:\/\/xenonkungen.com\/","name":"Xenonkungen","description":"","potentialAction":[{"@type":"SearchAction","target":{"@type":"EntryPoint","urlTemplate":"https:\/\/xenonkungen.com\/?s={search_term_string}"},"query-input":{"@type":"PropertyValueSpecification","valueRequired":true,"valueName":"search_term_string"}}],"inLanguage":"nb-NO"}]}},"taxonomy_info":{"product_brand":[{"value":1383,"label":"Meguiar's"}],"product_cat":[{"value":2989,"label":"2 | Avfettning"},{"value":2622,"label":"F\u00f6rtv\u00e4tt"},{"value":378,"label":"Bilv\u00e5rd"}]},"featured_image_src_large":["https:\/\/xenonkungen.com\/wp-content\/uploads\/2025\/07\/PhotoRoom-20231221_112848_2-e1704790314605-530x1024.png",530,1024,true],"author_info":[],"comment_info":0,"_links":{"self":[{"href":"https:\/\/xenonkungen.com\/no\/wp-json\/wp\/v2\/product\/12053","targetHints":{"allow":["GET"]}}],"collection":[{"href":"https:\/\/xenonkungen.com\/no\/wp-json\/wp\/v2\/product"}],"about":[{"href":"https:\/\/xenonkungen.com\/no\/wp-json\/wp\/v2\/types\/product"}],"replies":[{"embeddable":true,"href":"https:\/\/xenonkungen.com\/no\/wp-json\/wp\/v2\/comments?post=12053"}],"wp:featuredmedia":[{"embeddable":true,"href":"https:\/\/xenonkungen.com\/no\/wp-json\/wp\/v2\/media\/12054"}],"wp:attachment":[{"href":"https:\/\/xenonkungen.com\/no\/wp-json\/wp\/v2\/media?parent=12053"}],"wp:term":[{"taxonomy":"anvandningsomrade","embeddable":true,"href":"https:\/\/xenonkungen.com\/no\/wp-json\/wp\/v2\/anvandningsomrade?post=12053"},{"taxonomy":"bilmarken","embeddable":true,"href":"https:\/\/xenonkungen.com\/no\/wp-json\/wp\/v2\/bilmarken?post=12053"},{"taxonomy":"product_brand","embeddable":true,"href":"https:\/\/xenonkungen.com\/no\/wp-json\/wp\/v2\/product_brand?post=12053"},{"taxonomy":"product_cat","embeddable":true,"href":"https:\/\/xenonkungen.com\/no\/wp-json\/wp\/v2\/product_cat?post=12053"},{"taxonomy":"product_tag","embeddable":true,"href":"https:\/\/xenonkungen.com\/no\/wp-json\/wp\/v2\/product_tag?post=12053"}],"curies":[{"name":"wp","href":"https:\/\/api.w.org\/{rel}","templated":true}]}}