{"id":12055,"date":"2025-07-02T12:35:12","date_gmt":"2025-07-02T12:35:12","guid":{"rendered":"https:\/\/xenonkungen.com\/?post_type=product&#038;p=12055"},"modified":"2026-03-26T10:55:06","modified_gmt":"2026-03-26T09:55:06","slug":"meguiars-one-solution-avfettingsmiddel-1-l","status":"publish","type":"product","link":"https:\/\/xenonkungen.com\/no\/produkt\/meguiars-one-solution-avfettingsmiddel-1-l\/","title":{"rendered":"Meguiar's One Solution Avfettingsmiddel | 1L"},"content":{"rendered":"<h2>One Solution Avfettingsmiddel | 1L<\/h2>\n<p>Produktet inneholder emulgatorer som p\u00e5 en unik m\u00e5te binder den petroleumsbaserte delen til den alkaliske delen, noe som gir fordelene med b\u00e5de den alkaliske effekten og petroleumseffekten.<\/p>\n<p><strong>Bruksanvisning:\u00a0<\/strong>Spray direkte p\u00e5 kj\u00f8ret\u00f8y og felger, la virke i noen minutter og skyll deretter overflaten med vann og helst med h\u00f8yt trykk for best resultat. Bruk en felgb\u00f8rste om n\u00f8dvendig.<\/p>\n<p><strong>Innhold:<\/strong> 1 L<\/p>\n<h2>Sikkerhetsdatablad<\/h2>\n<p><a href=\"https:\/\/kemhuset.se\/wp-content\/uploads\/sites\/2\/2024\/01\/One-Solution-DegreaserAvfettning.pdf\" target=\"_blank\" rel=\"noopener\"><br \/>\nOne Solution Degreaser Avfetting (PDF)<br \/>\n<\/a><\/p>\n<p>&nbsp;<\/p>","protected":false},"excerpt":{"rendered":"<p>One Solution Degreaser er en sv\u00e6rt effektiv og unik hybridkombinasjon av b\u00e5de alkalisk og petroleumsbasert avfettingsmiddel som er ekstremt effektivt til \u00e5 l\u00f8se opp det vanligste smusset, for eksempel asfalt, veismuss, salt osv.<\/p>","protected":false},"featured_media":12056,"comment_status":"open","ping_status":"closed","template":"","meta":{"_acf_changed":false,"_smort_price_nok":"76","_smort_price_dkk":"60","_smort_price_eur":"8.09","_smort_sale_price_nok":"76","_smort_sale_price_dkk":"","_smort_sale_price_eur":"6.45","smort_restorder":"","shipmondo_restorder":"","_kad_blocks_custom_css":"","_kad_blocks_head_custom_js":"","_kad_blocks_body_custom_js":"","_kad_blocks_footer_custom_js":"","smort_custom_pricelist_1":"56.96","smort_custom_pricelist_2":"49.84","smort_custom_pricelist_3":"49.84","smort_custom_pricelist_4":"71.2","smort_custom_pricelist_5":"49.84"},"anvandningsomrade":[],"bilmarken":[],"product_brand":[1383],"product_cat":[2989,2622,378],"product_tag":[],"class_list":{"0":"post-12055","1":"product","2":"type-product","3":"status-publish","4":"has-post-thumbnail","6":"product_brand-meguiars","7":"product_cat-avfettning","8":"product_cat-fortvatt","9":"product_cat-bilvard","11":"first","12":"instock","13":"sale","14":"taxable","15":"shipping-taxable","16":"purchasable","17":"product-type-simple"},"bundled_by":["26306"],"bundle_stock_status":"instock","bundle_stock_quantity":2,"bundle_virtual":false,"bundle_layout":"","bundle_add_to_cart_form_location":"","bundle_editable_in_cart":false,"bundle_sold_individually_context":"","bundle_item_grouping":"","bundle_min_size":"","bundle_max_size":"","bundle_price":[],"bundled_items":[],"bundle_sell_ids":[],"acf":[],"yoast_head":"<!-- This site is optimized with the Yoast SEO plugin v27.0 - https:\/\/yoast.com\/product\/yoast-seo-wordpress\/ -->\n<title>Meguiar&#039;s One Solution Degreaser | 1L - Xenonkungen<\/title>\n<meta name=\"robots\" content=\"index, follow, max-snippet:-1, max-image-preview:large, max-video-preview:-1\" \/>\n<link rel=\"canonical\" href=\"https:\/\/xenonkungen.com\/no\/produkt\/meguiars-one-solution-avfettingsmiddel-1-l\/\" \/>\n<meta property=\"og:locale\" content=\"nb_NO\" \/>\n<meta property=\"og:type\" content=\"article\" \/>\n<meta property=\"og:title\" content=\"Meguiar&#039;s One Solution Degreaser | 1L - Xenonkungen\" \/>\n<meta property=\"og:description\" content=\"One Solution Degreaser avfettning \u00e4r en h\u00f6geffektiv och unik hybrid kombination av b\u00e5de alkalisk och petroleumbaserad avfettning som \u00e4r extremt h\u00f6geffektiv p\u00e5 att l\u00f6sa den mest f\u00f6rekommande smutsen som: asfalt, v\u00e4gsmuts, salt m.m.\" \/>\n<meta property=\"og:url\" content=\"https:\/\/xenonkungen.com\/no\/produkt\/meguiars-one-solution-avfettingsmiddel-1-l\/\" \/>\n<meta property=\"og:site_name\" content=\"Xenonkungen\" \/>\n<meta property=\"article:modified_time\" content=\"2026-03-26T09:55:06+00:00\" \/>\n<meta property=\"og:image\" content=\"https:\/\/xenonkungen.com\/wp-content\/uploads\/2025\/07\/PhotoRoom-20231221_112847_1-e1704790327280.png\" \/>\n\t<meta property=\"og:image:width\" content=\"582\" \/>\n\t<meta property=\"og:image:height\" content=\"972\" \/>\n\t<meta property=\"og:image:type\" content=\"image\/png\" \/>\n<meta name=\"twitter:card\" content=\"summary_large_image\" \/>\n<meta name=\"twitter:label1\" content=\"Ansl. lesetid\" \/>\n\t<meta name=\"twitter:data1\" content=\"1 minutt\" \/>\n<script type=\"application\/ld+json\" class=\"yoast-schema-graph\">{\"@context\":\"https:\/\/schema.org\",\"@graph\":[{\"@type\":\"WebPage\",\"@id\":\"https:\/\/xenonkungen.com\/produkt\/meguiars-one-solution-degreaser-1l\/\",\"url\":\"https:\/\/xenonkungen.com\/produkt\/meguiars-one-solution-degreaser-1l\/\",\"name\":\"Meguiar's One Solution Degreaser | 1L - Xenonkungen\",\"isPartOf\":{\"@id\":\"https:\/\/xenonkungen.com\/#website\"},\"primaryImageOfPage\":{\"@id\":\"https:\/\/xenonkungen.com\/produkt\/meguiars-one-solution-degreaser-1l\/#primaryimage\"},\"image\":{\"@id\":\"https:\/\/xenonkungen.com\/produkt\/meguiars-one-solution-degreaser-1l\/#primaryimage\"},\"thumbnailUrl\":\"https:\/\/xenonkungen.com\/wp-content\/uploads\/2025\/07\/PhotoRoom-20231221_112847_1-e1704790327280.png\",\"datePublished\":\"2025-07-02T12:35:12+00:00\",\"dateModified\":\"2026-03-26T09:55:06+00:00\",\"breadcrumb\":{\"@id\":\"https:\/\/xenonkungen.com\/produkt\/meguiars-one-solution-degreaser-1l\/#breadcrumb\"},\"inLanguage\":\"nb-NO\",\"potentialAction\":[{\"@type\":\"ReadAction\",\"target\":[\"https:\/\/xenonkungen.com\/produkt\/meguiars-one-solution-degreaser-1l\/\"]}]},{\"@type\":\"ImageObject\",\"inLanguage\":\"nb-NO\",\"@id\":\"https:\/\/xenonkungen.com\/produkt\/meguiars-one-solution-degreaser-1l\/#primaryimage\",\"url\":\"https:\/\/xenonkungen.com\/wp-content\/uploads\/2025\/07\/PhotoRoom-20231221_112847_1-e1704790327280.png\",\"contentUrl\":\"https:\/\/xenonkungen.com\/wp-content\/uploads\/2025\/07\/PhotoRoom-20231221_112847_1-e1704790327280.png\",\"width\":582,\"height\":972},{\"@type\":\"BreadcrumbList\",\"@id\":\"https:\/\/xenonkungen.com\/produkt\/meguiars-one-solution-degreaser-1l\/#breadcrumb\",\"itemListElement\":[{\"@type\":\"ListItem\",\"position\":1,\"name\":\"Hem\",\"item\":\"https:\/\/xenonkungen.com\/\"},{\"@type\":\"ListItem\",\"position\":2,\"name\":\"Shop\",\"item\":\"https:\/\/xenonkungen.com\/shop\/\"},{\"@type\":\"ListItem\",\"position\":3,\"name\":\"Meguiar&#8217;s One Solution Degreaser | 1L\"}]},{\"@type\":\"WebSite\",\"@id\":\"https:\/\/xenonkungen.com\/#website\",\"url\":\"https:\/\/xenonkungen.com\/\",\"name\":\"Xenonkungen\",\"description\":\"\",\"potentialAction\":[{\"@type\":\"SearchAction\",\"target\":{\"@type\":\"EntryPoint\",\"urlTemplate\":\"https:\/\/xenonkungen.com\/?s={search_term_string}\"},\"query-input\":{\"@type\":\"PropertyValueSpecification\",\"valueRequired\":true,\"valueName\":\"search_term_string\"}}],\"inLanguage\":\"nb-NO\"}]}<\/script>\n<!-- \/ Yoast SEO plugin. -->","yoast_head_json":{"title":"Meguiar&#039;s One Solution Avfettingsmiddel | 1L - Xenon-kongen","robots":{"index":"index","follow":"follow","max-snippet":"max-snippet:-1","max-image-preview":"max-image-preview:large","max-video-preview":"max-video-preview:-1"},"canonical":"https:\/\/xenonkungen.com\/no\/produkt\/meguiars-one-solution-avfettingsmiddel-1-l\/","og_locale":"nb_NO","og_type":"article","og_title":"Meguiar's One Solution Degreaser | 1L - Xenonkungen","og_description":"One Solution Degreaser avfettning \u00e4r en h\u00f6geffektiv och unik hybrid kombination av b\u00e5de alkalisk och petroleumbaserad avfettning som \u00e4r extremt h\u00f6geffektiv p\u00e5 att l\u00f6sa den mest f\u00f6rekommande smutsen som: asfalt, v\u00e4gsmuts, salt m.m.","og_url":"https:\/\/xenonkungen.com\/no\/produkt\/meguiars-one-solution-avfettingsmiddel-1-l\/","og_site_name":"Xenonkungen","article_modified_time":"2026-03-26T09:55:06+00:00","og_image":[{"width":582,"height":972,"url":"https:\/\/xenonkungen.com\/wp-content\/uploads\/2025\/07\/PhotoRoom-20231221_112847_1-e1704790327280.png","type":"image\/png"}],"twitter_card":"summary_large_image","twitter_misc":{"Ansl. lesetid":"1 minutt"},"schema":{"@context":"https:\/\/schema.org","@graph":[{"@type":"WebPage","@id":"https:\/\/xenonkungen.com\/produkt\/meguiars-one-solution-degreaser-1l\/","url":"https:\/\/xenonkungen.com\/produkt\/meguiars-one-solution-degreaser-1l\/","name":"Meguiar&#039;s One Solution Avfettingsmiddel | 1L - Xenon-kongen","isPartOf":{"@id":"https:\/\/xenonkungen.com\/#website"},"primaryImageOfPage":{"@id":"https:\/\/xenonkungen.com\/produkt\/meguiars-one-solution-degreaser-1l\/#primaryimage"},"image":{"@id":"https:\/\/xenonkungen.com\/produkt\/meguiars-one-solution-degreaser-1l\/#primaryimage"},"thumbnailUrl":"https:\/\/xenonkungen.com\/wp-content\/uploads\/2025\/07\/PhotoRoom-20231221_112847_1-e1704790327280.png","datePublished":"2025-07-02T12:35:12+00:00","dateModified":"2026-03-26T09:55:06+00:00","breadcrumb":{"@id":"https:\/\/xenonkungen.com\/produkt\/meguiars-one-solution-degreaser-1l\/#breadcrumb"},"inLanguage":"nb-NO","potentialAction":[{"@type":"ReadAction","target":["https:\/\/xenonkungen.com\/produkt\/meguiars-one-solution-degreaser-1l\/"]}]},{"@type":"ImageObject","inLanguage":"nb-NO","@id":"https:\/\/xenonkungen.com\/produkt\/meguiars-one-solution-degreaser-1l\/#primaryimage","url":"https:\/\/xenonkungen.com\/wp-content\/uploads\/2025\/07\/PhotoRoom-20231221_112847_1-e1704790327280.png","contentUrl":"https:\/\/xenonkungen.com\/wp-content\/uploads\/2025\/07\/PhotoRoom-20231221_112847_1-e1704790327280.png","width":582,"height":972},{"@type":"BreadcrumbList","@id":"https:\/\/xenonkungen.com\/produkt\/meguiars-one-solution-degreaser-1l\/#breadcrumb","itemListElement":[{"@type":"ListItem","position":1,"name":"Hem","item":"https:\/\/xenonkungen.com\/"},{"@type":"ListItem","position":2,"name":"Shop","item":"https:\/\/xenonkungen.com\/shop\/"},{"@type":"ListItem","position":3,"name":"Meguiar&#8217;s One Solution Degreaser | 1L"}]},{"@type":"WebSite","@id":"https:\/\/xenonkungen.com\/#website","url":"https:\/\/xenonkungen.com\/","name":"Xenonkungen","description":"","potentialAction":[{"@type":"SearchAction","target":{"@type":"EntryPoint","urlTemplate":"https:\/\/xenonkungen.com\/?s={search_term_string}"},"query-input":{"@type":"PropertyValueSpecification","valueRequired":true,"valueName":"search_term_string"}}],"inLanguage":"nb-NO"}]}},"taxonomy_info":{"product_brand":[{"value":1383,"label":"Meguiar's"}],"product_cat":[{"value":2989,"label":"2 | Avfettning"},{"value":2622,"label":"F\u00f6rtv\u00e4tt"},{"value":378,"label":"Bilv\u00e5rd"}]},"featured_image_src_large":["https:\/\/xenonkungen.com\/wp-content\/uploads\/2025\/07\/PhotoRoom-20231221_112847_1-e1704790327280.png",582,972,false],"author_info":[],"comment_info":0,"_links":{"self":[{"href":"https:\/\/xenonkungen.com\/no\/wp-json\/wp\/v2\/product\/12055","targetHints":{"allow":["GET"]}}],"collection":[{"href":"https:\/\/xenonkungen.com\/no\/wp-json\/wp\/v2\/product"}],"about":[{"href":"https:\/\/xenonkungen.com\/no\/wp-json\/wp\/v2\/types\/product"}],"replies":[{"embeddable":true,"href":"https:\/\/xenonkungen.com\/no\/wp-json\/wp\/v2\/comments?post=12055"}],"wp:featuredmedia":[{"embeddable":true,"href":"https:\/\/xenonkungen.com\/no\/wp-json\/wp\/v2\/media\/12056"}],"wp:attachment":[{"href":"https:\/\/xenonkungen.com\/no\/wp-json\/wp\/v2\/media?parent=12055"}],"wp:term":[{"taxonomy":"anvandningsomrade","embeddable":true,"href":"https:\/\/xenonkungen.com\/no\/wp-json\/wp\/v2\/anvandningsomrade?post=12055"},{"taxonomy":"bilmarken","embeddable":true,"href":"https:\/\/xenonkungen.com\/no\/wp-json\/wp\/v2\/bilmarken?post=12055"},{"taxonomy":"product_brand","embeddable":true,"href":"https:\/\/xenonkungen.com\/no\/wp-json\/wp\/v2\/product_brand?post=12055"},{"taxonomy":"product_cat","embeddable":true,"href":"https:\/\/xenonkungen.com\/no\/wp-json\/wp\/v2\/product_cat?post=12055"},{"taxonomy":"product_tag","embeddable":true,"href":"https:\/\/xenonkungen.com\/no\/wp-json\/wp\/v2\/product_tag?post=12055"}],"curies":[{"name":"wp","href":"https:\/\/api.w.org\/{rel}","templated":true}]}}