{"id":12319,"date":"2025-08-13T08:26:23","date_gmt":"2025-08-13T08:26:23","guid":{"rendered":"https:\/\/xenonkungen.com\/?post_type=product&#038;p=12319"},"modified":"2026-04-24T16:41:27","modified_gmt":"2026-04-24T15:41:27","slug":"luxtar-led-lampe-x6-60w","status":"publish","type":"product","link":"https:\/\/xenonkungen.com\/no\/produkt\/luxtar-led-lampe-x6-60w\/","title":{"rendered":"LUXTAR\u00ae Ledramp X6 | Spot <21cm>"},"content":{"rendered":"<p>Luxtar X-Series LED-rampen har en unik design og er utstyrt med reflektorer med sidemonterte diodelamper, noe som forbedrer ytelsen betydelig.<\/p>\n<p><strong>60 W | 6 000 lumen<\/strong> er de teoretiske verdiene av <strong>Luxtar X6<\/strong> og som du kan ta hensyn til n\u00e5r du sammenligner med andre alternativer p\u00e5 markedet (som legger vekt p\u00e5 teoretiske data).<\/p>\n<p><strong>43,2 W | 2 512 lumen<\/strong> er de faktiske verdiene for Luxtar Ledramp X6 og som du kan vurdere n\u00e5r du sammenligner med halogen 55W | 1000 Lumen (+-200lm) gir litt over <strong>2 ganger mer lys<\/strong>.<\/p>\n<p>De mindre modellene i X-serien gir det samme fine lysbildet som den E-merkede modellen X10. Denne st\u00f8rrelsen gir godt lys for mindre kj\u00f8ret\u00f8y som ATV-er, firehjulinger, scootere eller som et vinklet tillegg til en st\u00f8rre led-rampe for bilen?<\/p>\n<p><strong>Valg av reflektor\/lysm\u00f8nster<\/strong><br \/>\nSpot: Optimalisert for maksimal rekkevidde, smalt og langt lysbilde<\/p>\n<p>Luxtar X-Series LED-lysbjelken passer for deg som prioriterer lysets rekkevidde eller ved h\u00f8yere hastigheter der fokuset naturlig nok er p\u00e5 lengre avstander.<\/p>","protected":false},"excerpt":{"rendered":"<p>206 mm led-lysrampe som gir gode 3232 lumen for f.eks. mindre kj\u00f8ret\u00f8y eller som et supplement.<\/p>","protected":false},"featured_media":12321,"comment_status":"open","ping_status":"closed","template":"","meta":{"_acf_changed":false,"_smort_price_nok":"641","_smort_price_dkk":"811","_smort_price_eur":"108.63","_smort_sale_price_nok":"641","_smort_sale_price_dkk":"","_smort_sale_price_eur":"54.54","smort_restorder":"","shipmondo_restorder":"","_kad_blocks_custom_css":"","_kad_blocks_head_custom_js":"","_kad_blocks_body_custom_js":"","_kad_blocks_footer_custom_js":"","smort_custom_pricelist_1":"764.8","smort_custom_pricelist_2":"500","smort_custom_pricelist_3":"475","smort_custom_pricelist_4":"956","smort_custom_pricelist_5":"500"},"anvandningsomrade":[],"bilmarken":[],"product_brand":[103],"product_cat":[2966,2826,2161],"product_tag":[],"class_list":{"0":"post-12319","1":"product","2":"type-product","3":"status-publish","4":"has-post-thumbnail","6":"product_brand-luxtar","7":"product_cat-ledramp-rak","8":"product_cat-luxtar","9":"product_cat-luxtar-x-serie","11":"first","12":"instock","13":"sale","14":"taxable","15":"shipping-taxable","16":"purchasable","17":"product-type-simple"},"bundled_by":[],"bundle_stock_status":"instock","bundle_stock_quantity":2,"bundle_virtual":false,"bundle_layout":"","bundle_add_to_cart_form_location":"","bundle_editable_in_cart":false,"bundle_sold_individually_context":"","bundle_item_grouping":"","bundle_min_size":"","bundle_max_size":"","bundle_price":[],"bundled_items":[],"bundle_sell_ids":[],"acf":[],"yoast_head":"<!-- This site is optimized with the Yoast SEO plugin v27.0 - https:\/\/yoast.com\/product\/yoast-seo-wordpress\/ -->\n<title>LUXTAR\u00ae Ledramp X6 | Spot  - Xenonkungen<\/title>\n<meta name=\"robots\" content=\"index, follow, max-snippet:-1, max-image-preview:large, max-video-preview:-1\" \/>\n<link rel=\"canonical\" href=\"https:\/\/xenonkungen.com\/no\/produkt\/luxtar-led-lampe-x6-60w\/\" \/>\n<meta property=\"og:locale\" content=\"nb_NO\" \/>\n<meta property=\"og:type\" content=\"article\" \/>\n<meta property=\"og:title\" content=\"LUXTAR\u00ae Ledramp X6 | Spot  - Xenonkungen\" \/>\n<meta property=\"og:description\" content=\"206mm ledramp som ger goda 3232lumen f\u00f6r t.ex. mindre fordon eller som komplement.\" \/>\n<meta property=\"og:url\" content=\"https:\/\/xenonkungen.com\/no\/produkt\/luxtar-led-lampe-x6-60w\/\" \/>\n<meta property=\"og:site_name\" content=\"Xenonkungen\" \/>\n<meta property=\"article:modified_time\" content=\"2026-04-24T15:41:27+00:00\" \/>\n<meta property=\"og:image\" content=\"https:\/\/xenonkungen.com\/wp-content\/uploads\/2025\/08\/X6-Spot.png\" \/>\n\t<meta property=\"og:image:width\" content=\"1000\" \/>\n\t<meta property=\"og:image:height\" content=\"1000\" \/>\n\t<meta property=\"og:image:type\" content=\"image\/png\" \/>\n<meta name=\"twitter:card\" content=\"summary_large_image\" \/>\n<meta name=\"twitter:label1\" content=\"Ansl. lesetid\" \/>\n\t<meta name=\"twitter:data1\" content=\"1 minutt\" \/>\n<script type=\"application\/ld+json\" class=\"yoast-schema-graph\">{\"@context\":\"https:\/\/schema.org\",\"@graph\":[{\"@type\":\"WebPage\",\"@id\":\"https:\/\/xenonkungen.com\/produkt\/luxtar-ledramp-x6-60w\/\",\"url\":\"https:\/\/xenonkungen.com\/produkt\/luxtar-ledramp-x6-60w\/\",\"name\":\"LUXTAR\u00ae Ledramp X6 | Spot - Xenonkungen\",\"isPartOf\":{\"@id\":\"https:\/\/xenonkungen.com\/#website\"},\"primaryImageOfPage\":{\"@id\":\"https:\/\/xenonkungen.com\/produkt\/luxtar-ledramp-x6-60w\/#primaryimage\"},\"image\":{\"@id\":\"https:\/\/xenonkungen.com\/produkt\/luxtar-ledramp-x6-60w\/#primaryimage\"},\"thumbnailUrl\":\"https:\/\/xenonkungen.com\/wp-content\/uploads\/2025\/08\/X6-Spot.png\",\"datePublished\":\"2025-08-13T08:26:23+00:00\",\"dateModified\":\"2026-04-24T15:41:27+00:00\",\"breadcrumb\":{\"@id\":\"https:\/\/xenonkungen.com\/produkt\/luxtar-ledramp-x6-60w\/#breadcrumb\"},\"inLanguage\":\"nb-NO\",\"potentialAction\":[{\"@type\":\"ReadAction\",\"target\":[\"https:\/\/xenonkungen.com\/produkt\/luxtar-ledramp-x6-60w\/\"]}]},{\"@type\":\"ImageObject\",\"inLanguage\":\"nb-NO\",\"@id\":\"https:\/\/xenonkungen.com\/produkt\/luxtar-ledramp-x6-60w\/#primaryimage\",\"url\":\"https:\/\/xenonkungen.com\/wp-content\/uploads\/2025\/08\/X6-Spot.png\",\"contentUrl\":\"https:\/\/xenonkungen.com\/wp-content\/uploads\/2025\/08\/X6-Spot.png\",\"width\":1000,\"height\":1000},{\"@type\":\"BreadcrumbList\",\"@id\":\"https:\/\/xenonkungen.com\/produkt\/luxtar-ledramp-x6-60w\/#breadcrumb\",\"itemListElement\":[{\"@type\":\"ListItem\",\"position\":1,\"name\":\"Hem\",\"item\":\"https:\/\/xenonkungen.com\/\"},{\"@type\":\"ListItem\",\"position\":2,\"name\":\"Shop\",\"item\":\"https:\/\/xenonkungen.com\/shop\/\"},{\"@type\":\"ListItem\",\"position\":3,\"name\":\"LUXTAR\u00ae Ledramp X6 | Spot\"}]},{\"@type\":\"WebSite\",\"@id\":\"https:\/\/xenonkungen.com\/#website\",\"url\":\"https:\/\/xenonkungen.com\/\",\"name\":\"Xenonkungen\",\"description\":\"\",\"potentialAction\":[{\"@type\":\"SearchAction\",\"target\":{\"@type\":\"EntryPoint\",\"urlTemplate\":\"https:\/\/xenonkungen.com\/?s={search_term_string}\"},\"query-input\":{\"@type\":\"PropertyValueSpecification\",\"valueRequired\":true,\"valueName\":\"search_term_string\"}}],\"inLanguage\":\"nb-NO\"}]}<\/script>\n<!-- \/ Yoast SEO plugin. -->","yoast_head_json":{"title":"LUXTAR\u00ae LED-rampe X6 | Spotlight \u2013 Xenon-kongen","robots":{"index":"index","follow":"follow","max-snippet":"max-snippet:-1","max-image-preview":"max-image-preview:large","max-video-preview":"max-video-preview:-1"},"canonical":"https:\/\/xenonkungen.com\/no\/produkt\/luxtar-led-lampe-x6-60w\/","og_locale":"nb_NO","og_type":"article","og_title":"LUXTAR\u00ae Ledramp X6 | Spot  - Xenonkungen","og_description":"206mm ledramp som ger goda 3232lumen f\u00f6r t.ex. mindre fordon eller som komplement.","og_url":"https:\/\/xenonkungen.com\/no\/produkt\/luxtar-led-lampe-x6-60w\/","og_site_name":"Xenonkungen","article_modified_time":"2026-04-24T15:41:27+00:00","og_image":[{"width":1000,"height":1000,"url":"https:\/\/xenonkungen.com\/wp-content\/uploads\/2025\/08\/X6-Spot.png","type":"image\/png"}],"twitter_card":"summary_large_image","twitter_misc":{"Ansl. lesetid":"1 minutt"},"schema":{"@context":"https:\/\/schema.org","@graph":[{"@type":"WebPage","@id":"https:\/\/xenonkungen.com\/produkt\/luxtar-ledramp-x6-60w\/","url":"https:\/\/xenonkungen.com\/produkt\/luxtar-ledramp-x6-60w\/","name":"LUXTAR\u00ae LED-rampe X6 | Spotlight \u2013 Xenon-kongen","isPartOf":{"@id":"https:\/\/xenonkungen.com\/#website"},"primaryImageOfPage":{"@id":"https:\/\/xenonkungen.com\/produkt\/luxtar-ledramp-x6-60w\/#primaryimage"},"image":{"@id":"https:\/\/xenonkungen.com\/produkt\/luxtar-ledramp-x6-60w\/#primaryimage"},"thumbnailUrl":"https:\/\/xenonkungen.com\/wp-content\/uploads\/2025\/08\/X6-Spot.png","datePublished":"2025-08-13T08:26:23+00:00","dateModified":"2026-04-24T15:41:27+00:00","breadcrumb":{"@id":"https:\/\/xenonkungen.com\/produkt\/luxtar-ledramp-x6-60w\/#breadcrumb"},"inLanguage":"nb-NO","potentialAction":[{"@type":"ReadAction","target":["https:\/\/xenonkungen.com\/produkt\/luxtar-ledramp-x6-60w\/"]}]},{"@type":"ImageObject","inLanguage":"nb-NO","@id":"https:\/\/xenonkungen.com\/produkt\/luxtar-ledramp-x6-60w\/#primaryimage","url":"https:\/\/xenonkungen.com\/wp-content\/uploads\/2025\/08\/X6-Spot.png","contentUrl":"https:\/\/xenonkungen.com\/wp-content\/uploads\/2025\/08\/X6-Spot.png","width":1000,"height":1000},{"@type":"BreadcrumbList","@id":"https:\/\/xenonkungen.com\/produkt\/luxtar-ledramp-x6-60w\/#breadcrumb","itemListElement":[{"@type":"ListItem","position":1,"name":"Hem","item":"https:\/\/xenonkungen.com\/"},{"@type":"ListItem","position":2,"name":"Shop","item":"https:\/\/xenonkungen.com\/shop\/"},{"@type":"ListItem","position":3,"name":"LUXTAR\u00ae Ledramp X6 | Spot"}]},{"@type":"WebSite","@id":"https:\/\/xenonkungen.com\/#website","url":"https:\/\/xenonkungen.com\/","name":"Xenonkungen","description":"","potentialAction":[{"@type":"SearchAction","target":{"@type":"EntryPoint","urlTemplate":"https:\/\/xenonkungen.com\/?s={search_term_string}"},"query-input":{"@type":"PropertyValueSpecification","valueRequired":true,"valueName":"search_term_string"}}],"inLanguage":"nb-NO"}]}},"taxonomy_info":{"product_brand":[{"value":103,"label":"LUXTAR"}],"product_cat":[{"value":2966,"label":"Ledramp Rak"},{"value":2826,"label":"LUXTAR"},{"value":2161,"label":"LUXTAR X-serie"}]},"featured_image_src_large":["https:\/\/xenonkungen.com\/wp-content\/uploads\/2025\/08\/X6-Spot.png",1000,1000,false],"author_info":[],"comment_info":0,"_links":{"self":[{"href":"https:\/\/xenonkungen.com\/no\/wp-json\/wp\/v2\/product\/12319","targetHints":{"allow":["GET"]}}],"collection":[{"href":"https:\/\/xenonkungen.com\/no\/wp-json\/wp\/v2\/product"}],"about":[{"href":"https:\/\/xenonkungen.com\/no\/wp-json\/wp\/v2\/types\/product"}],"replies":[{"embeddable":true,"href":"https:\/\/xenonkungen.com\/no\/wp-json\/wp\/v2\/comments?post=12319"}],"wp:featuredmedia":[{"embeddable":true,"href":"https:\/\/xenonkungen.com\/no\/wp-json\/wp\/v2\/media\/12321"}],"wp:attachment":[{"href":"https:\/\/xenonkungen.com\/no\/wp-json\/wp\/v2\/media?parent=12319"}],"wp:term":[{"taxonomy":"anvandningsomrade","embeddable":true,"href":"https:\/\/xenonkungen.com\/no\/wp-json\/wp\/v2\/anvandningsomrade?post=12319"},{"taxonomy":"bilmarken","embeddable":true,"href":"https:\/\/xenonkungen.com\/no\/wp-json\/wp\/v2\/bilmarken?post=12319"},{"taxonomy":"product_brand","embeddable":true,"href":"https:\/\/xenonkungen.com\/no\/wp-json\/wp\/v2\/product_brand?post=12319"},{"taxonomy":"product_cat","embeddable":true,"href":"https:\/\/xenonkungen.com\/no\/wp-json\/wp\/v2\/product_cat?post=12319"},{"taxonomy":"product_tag","embeddable":true,"href":"https:\/\/xenonkungen.com\/no\/wp-json\/wp\/v2\/product_tag?post=12319"}],"curies":[{"name":"wp","href":"https:\/\/api.w.org\/{rel}","templated":true}]}}