{"id":1248,"date":"2025-04-15T08:01:28","date_gmt":"2025-04-15T08:01:28","guid":{"rendered":"https:\/\/xenonkungen.com\/product\/rorfaste-49mm\/"},"modified":"2026-04-25T21:46:54","modified_gmt":"2026-04-25T20:46:54","slug":"rorfeste-49-mm","status":"publish","type":"product","link":"https:\/\/xenonkungen.com\/no\/produkt\/rorfeste-49-mm\/","title":{"rendered":"R\u00f8rbrakett 49 mm"},"content":{"rendered":"<h1>R\u00f8rbrakett for montering av ekstralys, LED-ramper, arbeidslys osv. p\u00e5 r\u00f8r som f.eks. frontb\u00f8yler, velteb\u00f8yler, sykkelstyrer osv.<\/h1>\n<p>Leter du etter en r\u00f8rbrakett? Her er en brakett som ikke krever boring, men som enkelt klemmes fast med de medf\u00f8lgende skruene. Dette bidrar til \u00e5 minimere innvirkningen p\u00e5 maskinen og gir flere installasjonsalternativer.<br \/>Tubefestet er universelt, men s\u00f8rg for \u00e5 justere den ekstra lysbasen riktig for \u00e5 f\u00e5 et best mulig lysbilde.<\/p>\n<p>Denne r\u00f8rbraketten er beregnet for montering av ekstralys, LED-ramper, arbeidslys osv. p\u00e5 r\u00f8r som f.eks. frontb\u00f8yler, velteb\u00f8yler, sykkelstyrer osv. <\/p>\n<p>Enkel installasjon uten behov for andre tilleggsprogrammer.<\/p>\n<p>V\u00e5r r\u00f8rbrakett er dobbelt pulverlakkert i svart og er laget av aluminium, som skal t\u00e5le alle v\u00e5re t\u00f8ffe milj\u00f8er.<\/p>\n<p>Denne r\u00f8rbraketten kan utvides til maksimalt 52 mm. <\/p>\n<p><strong>Godt \u00e5 vite<\/strong><br \/>Dimensjonene p\u00e5 r\u00f8rbraketten.<br \/>Innvendig dimensjon uten beskyttelsesgummi: 49 mm<br \/>Hull for montering av lampen: 13,5 mm<\/p>\n<p>V\u00e5r r\u00f8rbrakett har en egen serie der ulike st\u00f8rrelser er tilgjengelige for ulike form\u00e5l, se fanen \"installasjonsmaterialer\".<\/p>\n<p><strong>Innhold i leveransen<\/strong><br \/>2 r\u00f8rklemmer<br \/>4 stk skruer<br \/>2 stk L\u00e5seskiver<br \/>2 stk Beskyttende gummi<br \/>1. unbrakon\u00f8kkel.<\/p>\n<p><strong>Garanti<\/strong><br \/><span>1 \u00e5r<\/span><\/p>","protected":false},"excerpt":{"rendered":"<p>Stabil brakett for de som har en eksisterende bue eller et r\u00f8r hvor man kan plassere klemmen, for montering av ekstra lys, LED-lys eller arbeidslys.<\/p>","protected":false},"featured_media":1249,"comment_status":"closed","ping_status":"open","template":"","meta":{"_acf_changed":false,"_smort_price_nok":"176","_smort_price_dkk":"112","_smort_price_eur":"15","_smort_sale_price_nok":"","_smort_sale_price_dkk":"","_smort_sale_price_eur":"","smort_restorder":"","shipmondo_restorder":"","_kad_blocks_custom_css":"","_kad_blocks_head_custom_js":"","_kad_blocks_body_custom_js":"","_kad_blocks_footer_custom_js":"","smort_custom_pricelist_1":"105.6","smort_custom_pricelist_2":"92.4","smort_custom_pricelist_3":"87.78","smort_custom_pricelist_4":"132","smort_custom_pricelist_5":"92.4"},"anvandningsomrade":[],"bilmarken":[],"product_brand":[117],"product_cat":[2971,2841,2460,390],"product_tag":[],"class_list":{"0":"post-1248","1":"product","2":"type-product","3":"status-publish","4":"has-post-thumbnail","6":"product_brand-xenonkungen","7":"product_cat-ledramp-fasten","8":"product_cat-installation-extraljus","9":"product_cat-klamfasten","10":"product_cat-installation","11":"pa_storlek-mm-396","13":"first","14":"instock","15":"taxable","16":"shipping-taxable","17":"purchasable","18":"product-type-simple"},"bundled_by":[],"bundle_stock_status":"instock","bundle_stock_quantity":18,"bundle_virtual":false,"bundle_layout":"","bundle_add_to_cart_form_location":"","bundle_editable_in_cart":false,"bundle_sold_individually_context":"","bundle_item_grouping":"","bundle_min_size":"","bundle_max_size":"","bundle_price":[],"bundled_items":[],"bundle_sell_ids":[],"acf":[],"yoast_head":"<!-- This site is optimized with the Yoast SEO plugin v27.0 - https:\/\/yoast.com\/product\/yoast-seo-wordpress\/ -->\n<title>R\u00f6rf\u00e4ste 49mm - Xenonkungen<\/title>\n<meta name=\"robots\" content=\"index, follow, max-snippet:-1, max-image-preview:large, max-video-preview:-1\" \/>\n<link rel=\"canonical\" href=\"https:\/\/xenonkungen.com\/no\/produkt\/rorfeste-49-mm\/\" \/>\n<meta property=\"og:locale\" content=\"nb_NO\" \/>\n<meta property=\"og:type\" content=\"article\" \/>\n<meta property=\"og:title\" content=\"R\u00f6rf\u00e4ste 49mm - Xenonkungen\" \/>\n<meta property=\"og:description\" content=\"Stabilt f\u00e4ste f\u00f6r dig som har en befintlig b\u00e5ge eller n\u00e5got r\u00f6r d\u00e4r du kan s\u00e4tta kl\u00e4mman, f\u00f6r montage av extraljus, ledramp eller arbetsbelysning.\" \/>\n<meta property=\"og:url\" content=\"https:\/\/xenonkungen.com\/no\/produkt\/rorfeste-49-mm\/\" \/>\n<meta property=\"og:site_name\" content=\"Xenonkungen\" \/>\n<meta property=\"article:modified_time\" content=\"2026-04-25T20:46:54+00:00\" \/>\n<meta property=\"og:image\" content=\"https:\/\/xenonkungen.com\/wp-content\/uploads\/2025\/04\/162632221-origpic-82c769.png\" \/>\n\t<meta property=\"og:image:width\" content=\"1000\" \/>\n\t<meta property=\"og:image:height\" content=\"679\" \/>\n\t<meta property=\"og:image:type\" content=\"image\/png\" \/>\n<meta name=\"twitter:card\" content=\"summary_large_image\" \/>\n<meta name=\"twitter:label1\" content=\"Ansl. lesetid\" \/>\n\t<meta name=\"twitter:data1\" content=\"1 minutt\" \/>\n<script type=\"application\/ld+json\" class=\"yoast-schema-graph\">{\"@context\":\"https:\/\/schema.org\",\"@graph\":[{\"@type\":\"WebPage\",\"@id\":\"https:\/\/xenonkungen.com\/produkt\/rorfaste-49mm\/\",\"url\":\"https:\/\/xenonkungen.com\/produkt\/rorfaste-49mm\/\",\"name\":\"R\u00f6rf\u00e4ste 49mm - Xenonkungen\",\"isPartOf\":{\"@id\":\"https:\/\/xenonkungen.com\/#website\"},\"primaryImageOfPage\":{\"@id\":\"https:\/\/xenonkungen.com\/produkt\/rorfaste-49mm\/#primaryimage\"},\"image\":{\"@id\":\"https:\/\/xenonkungen.com\/produkt\/rorfaste-49mm\/#primaryimage\"},\"thumbnailUrl\":\"https:\/\/xenonkungen.com\/wp-content\/uploads\/2025\/04\/162632221-origpic-82c769.png\",\"datePublished\":\"2025-04-15T08:01:28+00:00\",\"dateModified\":\"2026-04-25T20:46:54+00:00\",\"breadcrumb\":{\"@id\":\"https:\/\/xenonkungen.com\/produkt\/rorfaste-49mm\/#breadcrumb\"},\"inLanguage\":\"nb-NO\",\"potentialAction\":[{\"@type\":\"ReadAction\",\"target\":[\"https:\/\/xenonkungen.com\/produkt\/rorfaste-49mm\/\"]}]},{\"@type\":\"ImageObject\",\"inLanguage\":\"nb-NO\",\"@id\":\"https:\/\/xenonkungen.com\/produkt\/rorfaste-49mm\/#primaryimage\",\"url\":\"https:\/\/xenonkungen.com\/wp-content\/uploads\/2025\/04\/162632221-origpic-82c769.png\",\"contentUrl\":\"https:\/\/xenonkungen.com\/wp-content\/uploads\/2025\/04\/162632221-origpic-82c769.png\",\"width\":1000,\"height\":679},{\"@type\":\"BreadcrumbList\",\"@id\":\"https:\/\/xenonkungen.com\/produkt\/rorfaste-49mm\/#breadcrumb\",\"itemListElement\":[{\"@type\":\"ListItem\",\"position\":1,\"name\":\"Hem\",\"item\":\"https:\/\/xenonkungen.com\/\"},{\"@type\":\"ListItem\",\"position\":2,\"name\":\"Shop\",\"item\":\"https:\/\/xenonkungen.com\/shop\/\"},{\"@type\":\"ListItem\",\"position\":3,\"name\":\"R\u00f6rf\u00e4ste 49mm\"}]},{\"@type\":\"WebSite\",\"@id\":\"https:\/\/xenonkungen.com\/#website\",\"url\":\"https:\/\/xenonkungen.com\/\",\"name\":\"Xenonkungen\",\"description\":\"\",\"potentialAction\":[{\"@type\":\"SearchAction\",\"target\":{\"@type\":\"EntryPoint\",\"urlTemplate\":\"https:\/\/xenonkungen.com\/?s={search_term_string}\"},\"query-input\":{\"@type\":\"PropertyValueSpecification\",\"valueRequired\":true,\"valueName\":\"search_term_string\"}}],\"inLanguage\":\"nb-NO\"}]}<\/script>\n<!-- \/ Yoast SEO plugin. -->","yoast_head_json":{"title":"R\u00f8rfeste 49mm - Xenonkungen","robots":{"index":"index","follow":"follow","max-snippet":"max-snippet:-1","max-image-preview":"max-image-preview:large","max-video-preview":"max-video-preview:-1"},"canonical":"https:\/\/xenonkungen.com\/no\/produkt\/rorfeste-49-mm\/","og_locale":"nb_NO","og_type":"article","og_title":"R\u00f6rf\u00e4ste 49mm - Xenonkungen","og_description":"Stabilt f\u00e4ste f\u00f6r dig som har en befintlig b\u00e5ge eller n\u00e5got r\u00f6r d\u00e4r du kan s\u00e4tta kl\u00e4mman, f\u00f6r montage av extraljus, ledramp eller arbetsbelysning.","og_url":"https:\/\/xenonkungen.com\/no\/produkt\/rorfeste-49-mm\/","og_site_name":"Xenonkungen","article_modified_time":"2026-04-25T20:46:54+00:00","og_image":[{"width":1000,"height":679,"url":"https:\/\/xenonkungen.com\/wp-content\/uploads\/2025\/04\/162632221-origpic-82c769.png","type":"image\/png"}],"twitter_card":"summary_large_image","twitter_misc":{"Ansl. lesetid":"1 minutt"},"schema":{"@context":"https:\/\/schema.org","@graph":[{"@type":"WebPage","@id":"https:\/\/xenonkungen.com\/produkt\/rorfaste-49mm\/","url":"https:\/\/xenonkungen.com\/produkt\/rorfaste-49mm\/","name":"R\u00f8rfeste 49mm - Xenonkungen","isPartOf":{"@id":"https:\/\/xenonkungen.com\/#website"},"primaryImageOfPage":{"@id":"https:\/\/xenonkungen.com\/produkt\/rorfaste-49mm\/#primaryimage"},"image":{"@id":"https:\/\/xenonkungen.com\/produkt\/rorfaste-49mm\/#primaryimage"},"thumbnailUrl":"https:\/\/xenonkungen.com\/wp-content\/uploads\/2025\/04\/162632221-origpic-82c769.png","datePublished":"2025-04-15T08:01:28+00:00","dateModified":"2026-04-25T20:46:54+00:00","breadcrumb":{"@id":"https:\/\/xenonkungen.com\/produkt\/rorfaste-49mm\/#breadcrumb"},"inLanguage":"nb-NO","potentialAction":[{"@type":"ReadAction","target":["https:\/\/xenonkungen.com\/produkt\/rorfaste-49mm\/"]}]},{"@type":"ImageObject","inLanguage":"nb-NO","@id":"https:\/\/xenonkungen.com\/produkt\/rorfaste-49mm\/#primaryimage","url":"https:\/\/xenonkungen.com\/wp-content\/uploads\/2025\/04\/162632221-origpic-82c769.png","contentUrl":"https:\/\/xenonkungen.com\/wp-content\/uploads\/2025\/04\/162632221-origpic-82c769.png","width":1000,"height":679},{"@type":"BreadcrumbList","@id":"https:\/\/xenonkungen.com\/produkt\/rorfaste-49mm\/#breadcrumb","itemListElement":[{"@type":"ListItem","position":1,"name":"Hem","item":"https:\/\/xenonkungen.com\/"},{"@type":"ListItem","position":2,"name":"Shop","item":"https:\/\/xenonkungen.com\/shop\/"},{"@type":"ListItem","position":3,"name":"R\u00f6rf\u00e4ste 49mm"}]},{"@type":"WebSite","@id":"https:\/\/xenonkungen.com\/#website","url":"https:\/\/xenonkungen.com\/","name":"Xenonkungen","description":"","potentialAction":[{"@type":"SearchAction","target":{"@type":"EntryPoint","urlTemplate":"https:\/\/xenonkungen.com\/?s={search_term_string}"},"query-input":{"@type":"PropertyValueSpecification","valueRequired":true,"valueName":"search_term_string"}}],"inLanguage":"nb-NO"}]}},"taxonomy_info":{"product_brand":[{"value":117,"label":"Xenonkungen"}],"product_cat":[{"value":2971,"label":"F\u00e4sten"},{"value":2841,"label":"Installation extraljus"},{"value":2460,"label":"Kl\u00e4mf\u00e4sten"},{"value":390,"label":"Installation"}],"pa_storlek-mm":[{"value":396,"label":"49"}]},"featured_image_src_large":["https:\/\/xenonkungen.com\/wp-content\/uploads\/2025\/04\/162632221-origpic-82c769.png",1000,679,false],"author_info":[],"comment_info":0,"_links":{"self":[{"href":"https:\/\/xenonkungen.com\/no\/wp-json\/wp\/v2\/product\/1248","targetHints":{"allow":["GET"]}}],"collection":[{"href":"https:\/\/xenonkungen.com\/no\/wp-json\/wp\/v2\/product"}],"about":[{"href":"https:\/\/xenonkungen.com\/no\/wp-json\/wp\/v2\/types\/product"}],"replies":[{"embeddable":true,"href":"https:\/\/xenonkungen.com\/no\/wp-json\/wp\/v2\/comments?post=1248"}],"wp:featuredmedia":[{"embeddable":true,"href":"https:\/\/xenonkungen.com\/no\/wp-json\/wp\/v2\/media\/1249"}],"wp:attachment":[{"href":"https:\/\/xenonkungen.com\/no\/wp-json\/wp\/v2\/media?parent=1248"}],"wp:term":[{"taxonomy":"anvandningsomrade","embeddable":true,"href":"https:\/\/xenonkungen.com\/no\/wp-json\/wp\/v2\/anvandningsomrade?post=1248"},{"taxonomy":"bilmarken","embeddable":true,"href":"https:\/\/xenonkungen.com\/no\/wp-json\/wp\/v2\/bilmarken?post=1248"},{"taxonomy":"product_brand","embeddable":true,"href":"https:\/\/xenonkungen.com\/no\/wp-json\/wp\/v2\/product_brand?post=1248"},{"taxonomy":"product_cat","embeddable":true,"href":"https:\/\/xenonkungen.com\/no\/wp-json\/wp\/v2\/product_cat?post=1248"},{"taxonomy":"product_tag","embeddable":true,"href":"https:\/\/xenonkungen.com\/no\/wp-json\/wp\/v2\/product_tag?post=1248"}],"curies":[{"name":"wp","href":"https:\/\/api.w.org\/{rel}","templated":true}]}}