{"id":1269,"date":"2025-04-15T08:01:28","date_gmt":"2025-04-15T08:01:28","guid":{"rendered":"https:\/\/xenonkungen.com\/product\/motorcykel-strombrytare-on-off-12v\/"},"modified":"2026-05-13T07:52:53","modified_gmt":"2026-05-13T06:52:53","slug":"motorsykkelsikring-pa-av-12v","status":"publish","type":"product","link":"https:\/\/xenonkungen.com\/no\/produkt\/motorsykkelsikring-pa-av-12v\/","title":{"rendered":"Motorsykkelbryter P\u00c5\/AV | 12V"},"content":{"rendered":"<h1>P\u00c5\/AV-bryter for motorsykkel<\/h1>\n<p>Bryter for motorsykkel med monteringsring som passer p\u00e5 styret. <\/p>\n<p>Hvis du skal montere ekstra lys, eller bare trenger en ny n\u00f8dstoppbryter til motorsykkelen, er dette et godt alternativ. <\/p>\n<p>Du kan ganske enkelt sende str\u00f8mmen gjennom, og du har full kontroll over belysningen. <\/p>\n<p><strong>Innhold i leveransen<\/strong> <br \/>1 d\u00f8dmannsknapp med 15 cm kabel med festering for 21-22 mm styre.<br \/>Kabel med 3 ledere <br \/>R\u00f8d +<br \/>Svart<br \/>Gul + str\u00f8m til armatur (ekstra lys)<\/p>","protected":false},"excerpt":{"rendered":"<p>ON\/OFF Str\u00f6mbrytare f\u00f6r motorcykel Str\u00f6mbrytare f\u00f6r motorcykel med f\u00e4st-ring som passar p\u00e5 styret. Ska ni montera extra lampor, eller helt enkelt beh\u00f6ver en ny d\u00f6darknapp till motorcykeln \u00e4r detta ett bra alternativ. Ni kan enkelt leda str\u00f6mmen igenom, s\u00e5 har ni full kontroll p\u00e5 belysningen. Leveransinneh\u00e5ll 1 st d\u00f6darknapp med 15cm kabel med f\u00e4string f\u00f6r [&hellip;]<\/p>","protected":false},"featured_media":1270,"comment_status":"closed","ping_status":"open","template":"","meta":{"_acf_changed":false,"_smort_price_nok":"148","_smort_price_dkk":"94","_smort_price_eur":"12.64","_smort_sale_price_nok":"","_smort_sale_price_dkk":"","_smort_sale_price_eur":"","smort_restorder":"","shipmondo_restorder":"","_kad_blocks_custom_css":"","_kad_blocks_head_custom_js":"","_kad_blocks_body_custom_js":"","_kad_blocks_footer_custom_js":"","smort_custom_pricelist_1":"88.96","smort_custom_pricelist_2":"77.84","smort_custom_pricelist_3":"73.95","smort_custom_pricelist_4":"111.2","smort_custom_pricelist_5":"77.84"},"anvandningsomrade":[],"bilmarken":[],"product_brand":[],"product_cat":[390],"product_tag":[],"class_list":{"0":"post-1269","1":"product","2":"type-product","3":"status-publish","4":"has-post-thumbnail","6":"product_cat-installation","7":"pa_volt-v-159","9":"first","10":"instock","11":"taxable","12":"shipping-taxable","13":"purchasable","14":"product-type-simple"},"bundled_by":[],"bundle_stock_status":"instock","bundle_stock_quantity":69,"bundle_virtual":false,"bundle_layout":"","bundle_add_to_cart_form_location":"","bundle_editable_in_cart":false,"bundle_sold_individually_context":"","bundle_item_grouping":"","bundle_min_size":"","bundle_max_size":"","bundle_price":[],"bundled_items":[],"bundle_sell_ids":[],"acf":[],"yoast_head":"<!-- This site is optimized with the Yoast SEO plugin v27.0 - https:\/\/yoast.com\/product\/yoast-seo-wordpress\/ -->\n<title>Motorcykel Str\u00f6mbrytare ON\/OFF | 12V - Xenonkungen<\/title>\n<meta name=\"robots\" content=\"index, follow, max-snippet:-1, max-image-preview:large, max-video-preview:-1\" \/>\n<link rel=\"canonical\" href=\"https:\/\/xenonkungen.com\/no\/produkt\/motorsykkelsikring-pa-av-12v\/\" \/>\n<meta property=\"og:locale\" content=\"nb_NO\" \/>\n<meta property=\"og:type\" content=\"article\" \/>\n<meta property=\"og:title\" content=\"Motorcykel Str\u00f6mbrytare ON\/OFF | 12V - Xenonkungen\" \/>\n<meta property=\"og:description\" content=\"ON\/OFF Str\u00f6mbrytare f\u00f6r motorcykel Str\u00f6mbrytare f\u00f6r motorcykel med f\u00e4st-ring som passar p\u00e5 styret. Ska ni montera extra lampor, eller helt enkelt beh\u00f6ver en ny d\u00f6darknapp till motorcykeln \u00e4r detta ett bra alternativ. Ni kan enkelt leda str\u00f6mmen igenom, s\u00e5 har ni full kontroll p\u00e5 belysningen. Leveransinneh\u00e5ll 1 st d\u00f6darknapp med 15cm kabel med f\u00e4string f\u00f6r [&hellip;]\" \/>\n<meta property=\"og:url\" content=\"https:\/\/xenonkungen.com\/no\/produkt\/motorsykkelsikring-pa-av-12v\/\" \/>\n<meta property=\"og:site_name\" content=\"Xenonkungen\" \/>\n<meta property=\"article:modified_time\" content=\"2026-05-13T06:52:53+00:00\" \/>\n<meta property=\"og:image\" content=\"https:\/\/xenonkungen.com\/wp-content\/uploads\/2025\/04\/178004203-origpic-4e7c97.png\" \/>\n\t<meta property=\"og:image:width\" content=\"1000\" \/>\n\t<meta property=\"og:image:height\" content=\"1000\" \/>\n\t<meta property=\"og:image:type\" content=\"image\/png\" \/>\n<meta name=\"twitter:card\" content=\"summary_large_image\" \/>\n<script type=\"application\/ld+json\" class=\"yoast-schema-graph\">{\"@context\":\"https:\/\/schema.org\",\"@graph\":[{\"@type\":\"WebPage\",\"@id\":\"https:\/\/xenonkungen.com\/no\/produkt\/motorsykkelsikring-pa-av-12v\/\",\"url\":\"https:\/\/xenonkungen.com\/no\/produkt\/motorsykkelsikring-pa-av-12v\/\",\"name\":\"Motorcykel Str\u00f6mbrytare ON\/OFF | 12V - Xenonkungen\",\"isPartOf\":{\"@id\":\"https:\/\/xenonkungen.com\/#website\"},\"primaryImageOfPage\":{\"@id\":\"https:\/\/xenonkungen.com\/no\/produkt\/motorsykkelsikring-pa-av-12v\/#primaryimage\"},\"image\":{\"@id\":\"https:\/\/xenonkungen.com\/no\/produkt\/motorsykkelsikring-pa-av-12v\/#primaryimage\"},\"thumbnailUrl\":\"https:\/\/xenonkungen.com\/wp-content\/uploads\/2025\/04\/178004203-origpic-4e7c97.png\",\"datePublished\":\"2025-04-15T08:01:28+00:00\",\"dateModified\":\"2026-05-13T06:52:53+00:00\",\"breadcrumb\":{\"@id\":\"https:\/\/xenonkungen.com\/no\/produkt\/motorsykkelsikring-pa-av-12v\/#breadcrumb\"},\"inLanguage\":\"nb-NO\",\"potentialAction\":[{\"@type\":\"ReadAction\",\"target\":[\"https:\/\/xenonkungen.com\/no\/produkt\/motorsykkelsikring-pa-av-12v\/\"]}]},{\"@type\":\"ImageObject\",\"inLanguage\":\"nb-NO\",\"@id\":\"https:\/\/xenonkungen.com\/no\/produkt\/motorsykkelsikring-pa-av-12v\/#primaryimage\",\"url\":\"https:\/\/xenonkungen.com\/wp-content\/uploads\/2025\/04\/178004203-origpic-4e7c97.png\",\"contentUrl\":\"https:\/\/xenonkungen.com\/wp-content\/uploads\/2025\/04\/178004203-origpic-4e7c97.png\",\"width\":1000,\"height\":1000},{\"@type\":\"BreadcrumbList\",\"@id\":\"https:\/\/xenonkungen.com\/no\/produkt\/motorsykkelsikring-pa-av-12v\/#breadcrumb\",\"itemListElement\":[{\"@type\":\"ListItem\",\"position\":1,\"name\":\"Hem\",\"item\":\"https:\/\/xenonkungen.com\/\"},{\"@type\":\"ListItem\",\"position\":2,\"name\":\"Shop\",\"item\":\"https:\/\/xenonkungen.com\/shop\/\"},{\"@type\":\"ListItem\",\"position\":3,\"name\":\"Motorcykel Str\u00f6mbrytare ON\/OFF | 12V\"}]},{\"@type\":\"WebSite\",\"@id\":\"https:\/\/xenonkungen.com\/#website\",\"url\":\"https:\/\/xenonkungen.com\/\",\"name\":\"Xenonkungen\",\"description\":\"\",\"potentialAction\":[{\"@type\":\"SearchAction\",\"target\":{\"@type\":\"EntryPoint\",\"urlTemplate\":\"https:\/\/xenonkungen.com\/?s={search_term_string}\"},\"query-input\":{\"@type\":\"PropertyValueSpecification\",\"valueRequired\":true,\"valueName\":\"search_term_string\"}}],\"inLanguage\":\"nb-NO\"}]}<\/script>\n<!-- \/ Yoast SEO plugin. -->","yoast_head_json":{"title":"Motorsykkelbryter P\u00c5\/AV | 12V - Xenonkungen","robots":{"index":"index","follow":"follow","max-snippet":"max-snippet:-1","max-image-preview":"max-image-preview:large","max-video-preview":"max-video-preview:-1"},"canonical":"https:\/\/xenonkungen.com\/no\/produkt\/motorsykkelsikring-pa-av-12v\/","og_locale":"nb_NO","og_type":"article","og_title":"Motorcykel Str\u00f6mbrytare ON\/OFF | 12V - Xenonkungen","og_description":"ON\/OFF Str\u00f6mbrytare f\u00f6r motorcykel Str\u00f6mbrytare f\u00f6r motorcykel med f\u00e4st-ring som passar p\u00e5 styret. Ska ni montera extra lampor, eller helt enkelt beh\u00f6ver en ny d\u00f6darknapp till motorcykeln \u00e4r detta ett bra alternativ. Ni kan enkelt leda str\u00f6mmen igenom, s\u00e5 har ni full kontroll p\u00e5 belysningen. Leveransinneh\u00e5ll 1 st d\u00f6darknapp med 15cm kabel med f\u00e4string f\u00f6r [&hellip;]","og_url":"https:\/\/xenonkungen.com\/no\/produkt\/motorsykkelsikring-pa-av-12v\/","og_site_name":"Xenonkungen","article_modified_time":"2026-05-13T06:52:53+00:00","og_image":[{"width":1000,"height":1000,"url":"https:\/\/xenonkungen.com\/wp-content\/uploads\/2025\/04\/178004203-origpic-4e7c97.png","type":"image\/png"}],"twitter_card":"summary_large_image","schema":{"@context":"https:\/\/schema.org","@graph":[{"@type":"WebPage","@id":"https:\/\/xenonkungen.com\/no\/produkt\/motorsykkelsikring-pa-av-12v\/","url":"https:\/\/xenonkungen.com\/no\/produkt\/motorsykkelsikring-pa-av-12v\/","name":"Motorsykkelbryter P\u00c5\/AV | 12V - Xenonkungen","isPartOf":{"@id":"https:\/\/xenonkungen.com\/#website"},"primaryImageOfPage":{"@id":"https:\/\/xenonkungen.com\/no\/produkt\/motorsykkelsikring-pa-av-12v\/#primaryimage"},"image":{"@id":"https:\/\/xenonkungen.com\/no\/produkt\/motorsykkelsikring-pa-av-12v\/#primaryimage"},"thumbnailUrl":"https:\/\/xenonkungen.com\/wp-content\/uploads\/2025\/04\/178004203-origpic-4e7c97.png","datePublished":"2025-04-15T08:01:28+00:00","dateModified":"2026-05-13T06:52:53+00:00","breadcrumb":{"@id":"https:\/\/xenonkungen.com\/no\/produkt\/motorsykkelsikring-pa-av-12v\/#breadcrumb"},"inLanguage":"nb-NO","potentialAction":[{"@type":"ReadAction","target":["https:\/\/xenonkungen.com\/no\/produkt\/motorsykkelsikring-pa-av-12v\/"]}]},{"@type":"ImageObject","inLanguage":"nb-NO","@id":"https:\/\/xenonkungen.com\/no\/produkt\/motorsykkelsikring-pa-av-12v\/#primaryimage","url":"https:\/\/xenonkungen.com\/wp-content\/uploads\/2025\/04\/178004203-origpic-4e7c97.png","contentUrl":"https:\/\/xenonkungen.com\/wp-content\/uploads\/2025\/04\/178004203-origpic-4e7c97.png","width":1000,"height":1000},{"@type":"BreadcrumbList","@id":"https:\/\/xenonkungen.com\/no\/produkt\/motorsykkelsikring-pa-av-12v\/#breadcrumb","itemListElement":[{"@type":"ListItem","position":1,"name":"Hem","item":"https:\/\/xenonkungen.com\/"},{"@type":"ListItem","position":2,"name":"Shop","item":"https:\/\/xenonkungen.com\/shop\/"},{"@type":"ListItem","position":3,"name":"Motorcykel Str\u00f6mbrytare ON\/OFF | 12V"}]},{"@type":"WebSite","@id":"https:\/\/xenonkungen.com\/#website","url":"https:\/\/xenonkungen.com\/","name":"Xenonkungen","description":"","potentialAction":[{"@type":"SearchAction","target":{"@type":"EntryPoint","urlTemplate":"https:\/\/xenonkungen.com\/?s={search_term_string}"},"query-input":{"@type":"PropertyValueSpecification","valueRequired":true,"valueName":"search_term_string"}}],"inLanguage":"nb-NO"}]}},"taxonomy_info":{"product_cat":[{"value":390,"label":"Installation"}],"pa_volt-v":[{"value":159,"label":"12"}]},"featured_image_src_large":["https:\/\/xenonkungen.com\/wp-content\/uploads\/2025\/04\/178004203-origpic-4e7c97.png",1000,1000,false],"author_info":[],"comment_info":2,"_links":{"self":[{"href":"https:\/\/xenonkungen.com\/no\/wp-json\/wp\/v2\/product\/1269","targetHints":{"allow":["GET"]}}],"collection":[{"href":"https:\/\/xenonkungen.com\/no\/wp-json\/wp\/v2\/product"}],"about":[{"href":"https:\/\/xenonkungen.com\/no\/wp-json\/wp\/v2\/types\/product"}],"replies":[{"embeddable":true,"href":"https:\/\/xenonkungen.com\/no\/wp-json\/wp\/v2\/comments?post=1269"}],"wp:featuredmedia":[{"embeddable":true,"href":"https:\/\/xenonkungen.com\/no\/wp-json\/wp\/v2\/media\/1270"}],"wp:attachment":[{"href":"https:\/\/xenonkungen.com\/no\/wp-json\/wp\/v2\/media?parent=1269"}],"wp:term":[{"taxonomy":"anvandningsomrade","embeddable":true,"href":"https:\/\/xenonkungen.com\/no\/wp-json\/wp\/v2\/anvandningsomrade?post=1269"},{"taxonomy":"bilmarken","embeddable":true,"href":"https:\/\/xenonkungen.com\/no\/wp-json\/wp\/v2\/bilmarken?post=1269"},{"taxonomy":"product_brand","embeddable":true,"href":"https:\/\/xenonkungen.com\/no\/wp-json\/wp\/v2\/product_brand?post=1269"},{"taxonomy":"product_cat","embeddable":true,"href":"https:\/\/xenonkungen.com\/no\/wp-json\/wp\/v2\/product_cat?post=1269"},{"taxonomy":"product_tag","embeddable":true,"href":"https:\/\/xenonkungen.com\/no\/wp-json\/wp\/v2\/product_tag?post=1269"}],"curies":[{"name":"wp","href":"https:\/\/api.w.org\/{rel}","templated":true}]}}