{"id":13397,"date":"2025-09-05T11:45:37","date_gmt":"2025-09-05T11:45:37","guid":{"rendered":"https:\/\/xenonkungen.com\/?post_type=product&#038;p=13397"},"modified":"2026-04-11T00:34:09","modified_gmt":"2026-04-10T23:34:09","slug":"liten-pakke-3d-maxpider-tesla-modell-3-2024","status":"publish","type":"product","link":"https:\/\/xenonkungen.com\/no\/produkt\/liten-pakke-3d-maxpider-tesla-modell-3-2024\/","title":{"rendered":"Liten pakke 3D Maxpider Tesla Model 3 2024+"},"content":{"rendered":"<p data-start=\"96\" data-end=\"172\"><strong data-start=\"96\" data-end=\"170\">3D Maxpider gulvmatter - f\u00f8rsteklasses beskyttelse for Tesla Model 3 (liten pakke)<\/strong><\/p>\n<p data-start=\"174\" data-end=\"424\">\u00d8k f\u00f8lelsen av din Tesla Model 3 med <strong data-start=\"211\" data-end=\"226\">3D Maxpider<\/strong>, et av de mest verdsatte merkene i Tesla-verdenen. Disse mattene er kjent blant erfarne Tesla-eiere for sine <strong data-start=\"343\" data-end=\"421\">usl\u00e5elig passform, eksklusiv kvalitet og innovativ 3-lagskonstruksjon<\/strong>.<\/p>\n<p data-start=\"426\" data-end=\"594\">Enten du kj\u00f8rer i bytrafikk eller p\u00e5 landsbygda med gj\u00f8rme, grus og regn, vil 3D Maxpider-mattene <strong data-start=\"524\" data-end=\"591\">maksimal beskyttelse og en f\u00f8rsteklasses f\u00f8lelse som skiller seg ut fra mengden<\/strong>.<\/p>\n<p data-start=\"596\" data-end=\"627\"><strong data-start=\"596\" data-end=\"625\">Fordeler med 3D Maxpider:<\/strong><\/p>\n<ul data-start=\"628\" data-end=\"945\">\n<li data-start=\"628\" data-end=\"663\">\n<p data-start=\"630\" data-end=\"663\">Tilpasset for Tesla Model 3<\/p>\n<\/li>\n<li data-start=\"664\" data-end=\"736\">\n<p data-start=\"666\" data-end=\"736\">3D-design med h\u00f8ye kanter for \u00e5 holde smuss, vann og grus p\u00e5 plass<\/p>\n<\/li>\n<li data-start=\"737\" data-end=\"791\">\n<p data-start=\"739\" data-end=\"791\">Laget av lettvektsmateriale av h\u00f8yeste kvalitet<\/p>\n<\/li>\n<li data-start=\"792\" data-end=\"859\">\n<p data-start=\"794\" data-end=\"859\">3-lags konstruksjon for holdbarhet, komfort og f\u00f8rsteklasses f\u00f8lelse<\/p>\n<\/li>\n<li data-start=\"860\" data-end=\"903\">\n<p data-start=\"862\" data-end=\"903\">Luktfri - ingen u\u00f8nsket lukt i bilen<\/p>\n<\/li>\n<li data-start=\"904\" data-end=\"945\">\n<p data-start=\"906\" data-end=\"945\">Eksklusiv design som fremhever interi\u00f8ret<\/p>\n<\/li>\n<\/ul>\n<p data-start=\"947\" data-end=\"982\"><strong data-start=\"947\" data-end=\"980\">Den lille pakken inneholder:<\/strong><\/p>\n<ul data-start=\"983\" data-end=\"1138\">\n<li data-start=\"983\" data-end=\"1010\">\n<p data-start=\"985\" data-end=\"1010\">Gulvmatte for f\u00f8rersiden<\/p>\n<\/li>\n<li data-start=\"1011\" data-end=\"1048\">\n<p data-start=\"1013\" data-end=\"1048\">Gulvmatte for passasjersiden foran<\/p>\n<\/li>\n<li data-start=\"1049\" data-end=\"1074\">\n<p data-start=\"1051\" data-end=\"1074\">Gulvmatte for baksetet<\/p>\n<\/li>\n<li data-start=\"1075\" data-end=\"1123\">\n<p data-start=\"1077\" data-end=\"1123\">Bagasjeromsteppe (stort bagasjerom bak)<\/p>\n<\/li>\n<li data-start=\"1124\" data-end=\"1138\">\n<p data-start=\"1126\" data-end=\"1138\">Frunkmat<\/p>\n<\/li>\n<\/ul>\n<p data-start=\"1140\" data-end=\"1268\">Med 3D Maxpider f\u00e5r du ikke bare beskyttelse - du f\u00e5r en <strong data-start=\"1191\" data-end=\"1209\">f\u00f8rsteklasses l\u00f8sning<\/strong> som kombinerer funksjon, stil og komfort i verdensklasse.<\/p>\n<p data-start=\"1270\" data-end=\"1374\">Gi din Tesla Model 3 den beskyttelsen og elegansen den fortjener - bestill din 3D Maxpider-pakke i dag!<\/p>","protected":false},"excerpt":{"rendered":"<p>3D Maxpider golvmattor \u2013 Premiumskydd till Tesla Model 3 (Litet paket) Lyft k\u00e4nslan i din Tesla Model 3 med 3D Maxpider, ett av de mest uppskattade varum\u00e4rkena inom Tesla-v\u00e4rlden. Dessa mattor \u00e4r k\u00e4nda bland erfarna Tesla-\u00e4gare f\u00f6r sin oslagbara passform, exklusiva kvalitet och innovativa 3-lagerskonstruktion. Oavsett om du k\u00f6r i stadstrafik eller p\u00e5 landet med [&hellip;]<\/p>","protected":false},"featured_media":13406,"comment_status":"open","ping_status":"closed","template":"","meta":{"_acf_changed":false,"_smort_price_nok":"3733","_smort_price_dkk":"2372","_smort_price_eur":"317.71","_smort_sale_price_nok":"","_smort_sale_price_dkk":"","_smort_sale_price_eur":"269.99","smort_restorder":"","shipmondo_restorder":"","_kad_blocks_custom_css":"","_kad_blocks_head_custom_js":"","_kad_blocks_body_custom_js":"","_kad_blocks_footer_custom_js":"","smort_custom_pricelist_1":"2516.4","smort_custom_pricelist_2":"2516.4","smort_custom_pricelist_3":"2516.4","smort_custom_pricelist_4":"2796","smort_custom_pricelist_5":"2516.4"},"anvandningsomrade":[],"bilmarken":[290],"product_brand":[2792],"product_cat":[2809],"product_tag":[],"class_list":{"0":"post-13397","1":"product","2":"type-product","3":"status-publish","4":"has-post-thumbnail","6":"bilmarken-tesla","7":"product_brand-tesla","8":"product_cat-mattpaket","10":"first","11":"outofstock","12":"taxable","13":"shipping-taxable","14":"purchasable","15":"product-type-simple"},"bundled_by":[],"bundle_stock_status":"outofstock","bundle_stock_quantity":0,"bundle_virtual":false,"bundle_layout":"","bundle_add_to_cart_form_location":"","bundle_editable_in_cart":false,"bundle_sold_individually_context":"","bundle_item_grouping":"","bundle_min_size":"","bundle_max_size":"","bundle_price":[],"bundled_items":[],"bundle_sell_ids":[],"acf":[],"yoast_head":"<!-- This site is optimized with the Yoast SEO plugin v27.0 - https:\/\/yoast.com\/product\/yoast-seo-wordpress\/ -->\n<title>Litet Paket 3D Maxpider Tesla Model 3 2024+ - Xenonkungen<\/title>\n<meta name=\"robots\" content=\"index, follow, max-snippet:-1, max-image-preview:large, max-video-preview:-1\" \/>\n<link rel=\"canonical\" href=\"https:\/\/xenonkungen.com\/no\/produkt\/liten-pakke-3d-maxpider-tesla-modell-3-2024\/\" \/>\n<meta property=\"og:locale\" content=\"nb_NO\" \/>\n<meta property=\"og:type\" content=\"article\" \/>\n<meta property=\"og:title\" content=\"Litet Paket 3D Maxpider Tesla Model 3 2024+ - Xenonkungen\" \/>\n<meta property=\"og:description\" content=\"3D Maxpider golvmattor \u2013 Premiumskydd till Tesla Model 3 (Litet paket) Lyft k\u00e4nslan i din Tesla Model 3 med 3D Maxpider, ett av de mest uppskattade varum\u00e4rkena inom Tesla-v\u00e4rlden. Dessa mattor \u00e4r k\u00e4nda bland erfarna Tesla-\u00e4gare f\u00f6r sin oslagbara passform, exklusiva kvalitet och innovativa 3-lagerskonstruktion. Oavsett om du k\u00f6r i stadstrafik eller p\u00e5 landet med [&hellip;]\" \/>\n<meta property=\"og:url\" content=\"https:\/\/xenonkungen.com\/no\/produkt\/liten-pakke-3d-maxpider-tesla-modell-3-2024\/\" \/>\n<meta property=\"og:site_name\" content=\"Xenonkungen\" \/>\n<meta property=\"article:modified_time\" content=\"2026-04-10T23:34:09+00:00\" \/>\n<meta property=\"og:image\" content=\"https:\/\/xenonkungen.com\/wp-content\/uploads\/2025\/09\/H56752.webp\" \/>\n\t<meta property=\"og:image:width\" content=\"493\" \/>\n\t<meta property=\"og:image:height\" content=\"666\" \/>\n\t<meta property=\"og:image:type\" content=\"image\/webp\" \/>\n<meta name=\"twitter:card\" content=\"summary_large_image\" \/>\n<meta name=\"twitter:label1\" content=\"Ansl. lesetid\" \/>\n\t<meta name=\"twitter:data1\" content=\"2 minutter\" \/>\n<script type=\"application\/ld+json\" class=\"yoast-schema-graph\">{\"@context\":\"https:\/\/schema.org\",\"@graph\":[{\"@type\":\"WebPage\",\"@id\":\"https:\/\/xenonkungen.com\/produkt\/litet-paket-3d-maxpider-tesla-model-3-2024\/\",\"url\":\"https:\/\/xenonkungen.com\/produkt\/litet-paket-3d-maxpider-tesla-model-3-2024\/\",\"name\":\"Litet Paket 3D Maxpider Tesla Model 3 2024+ - Xenonkungen\",\"isPartOf\":{\"@id\":\"https:\/\/xenonkungen.com\/#website\"},\"primaryImageOfPage\":{\"@id\":\"https:\/\/xenonkungen.com\/produkt\/litet-paket-3d-maxpider-tesla-model-3-2024\/#primaryimage\"},\"image\":{\"@id\":\"https:\/\/xenonkungen.com\/produkt\/litet-paket-3d-maxpider-tesla-model-3-2024\/#primaryimage\"},\"thumbnailUrl\":\"https:\/\/xenonkungen.com\/wp-content\/uploads\/2025\/09\/H56752.webp\",\"datePublished\":\"2025-09-05T11:45:37+00:00\",\"dateModified\":\"2026-04-10T23:34:09+00:00\",\"breadcrumb\":{\"@id\":\"https:\/\/xenonkungen.com\/produkt\/litet-paket-3d-maxpider-tesla-model-3-2024\/#breadcrumb\"},\"inLanguage\":\"nb-NO\",\"potentialAction\":[{\"@type\":\"ReadAction\",\"target\":[\"https:\/\/xenonkungen.com\/produkt\/litet-paket-3d-maxpider-tesla-model-3-2024\/\"]}]},{\"@type\":\"ImageObject\",\"inLanguage\":\"nb-NO\",\"@id\":\"https:\/\/xenonkungen.com\/produkt\/litet-paket-3d-maxpider-tesla-model-3-2024\/#primaryimage\",\"url\":\"https:\/\/xenonkungen.com\/wp-content\/uploads\/2025\/09\/H56752.webp\",\"contentUrl\":\"https:\/\/xenonkungen.com\/wp-content\/uploads\/2025\/09\/H56752.webp\",\"width\":493,\"height\":666},{\"@type\":\"BreadcrumbList\",\"@id\":\"https:\/\/xenonkungen.com\/produkt\/litet-paket-3d-maxpider-tesla-model-3-2024\/#breadcrumb\",\"itemListElement\":[{\"@type\":\"ListItem\",\"position\":1,\"name\":\"Hem\",\"item\":\"https:\/\/xenonkungen.com\/\"},{\"@type\":\"ListItem\",\"position\":2,\"name\":\"Shop\",\"item\":\"https:\/\/xenonkungen.com\/shop\/\"},{\"@type\":\"ListItem\",\"position\":3,\"name\":\"Litet Paket 3D Maxpider Tesla Model 3 2024+\"}]},{\"@type\":\"WebSite\",\"@id\":\"https:\/\/xenonkungen.com\/#website\",\"url\":\"https:\/\/xenonkungen.com\/\",\"name\":\"Xenonkungen\",\"description\":\"\",\"potentialAction\":[{\"@type\":\"SearchAction\",\"target\":{\"@type\":\"EntryPoint\",\"urlTemplate\":\"https:\/\/xenonkungen.com\/?s={search_term_string}\"},\"query-input\":{\"@type\":\"PropertyValueSpecification\",\"valueRequired\":true,\"valueName\":\"search_term_string\"}}],\"inLanguage\":\"nb-NO\"}]}<\/script>\n<!-- \/ Yoast SEO plugin. -->","yoast_head_json":{"title":"Liten pakke 3D Maxpider Tesla Model 3 2024+ - Xenonkungen","robots":{"index":"index","follow":"follow","max-snippet":"max-snippet:-1","max-image-preview":"max-image-preview:large","max-video-preview":"max-video-preview:-1"},"canonical":"https:\/\/xenonkungen.com\/no\/produkt\/liten-pakke-3d-maxpider-tesla-modell-3-2024\/","og_locale":"nb_NO","og_type":"article","og_title":"Litet Paket 3D Maxpider Tesla Model 3 2024+ - Xenonkungen","og_description":"3D Maxpider golvmattor \u2013 Premiumskydd till Tesla Model 3 (Litet paket) Lyft k\u00e4nslan i din Tesla Model 3 med 3D Maxpider, ett av de mest uppskattade varum\u00e4rkena inom Tesla-v\u00e4rlden. Dessa mattor \u00e4r k\u00e4nda bland erfarna Tesla-\u00e4gare f\u00f6r sin oslagbara passform, exklusiva kvalitet och innovativa 3-lagerskonstruktion. Oavsett om du k\u00f6r i stadstrafik eller p\u00e5 landet med [&hellip;]","og_url":"https:\/\/xenonkungen.com\/no\/produkt\/liten-pakke-3d-maxpider-tesla-modell-3-2024\/","og_site_name":"Xenonkungen","article_modified_time":"2026-04-10T23:34:09+00:00","og_image":[{"width":493,"height":666,"url":"https:\/\/xenonkungen.com\/wp-content\/uploads\/2025\/09\/H56752.webp","type":"image\/webp"}],"twitter_card":"summary_large_image","twitter_misc":{"Ansl. lesetid":"2 minutter"},"schema":{"@context":"https:\/\/schema.org","@graph":[{"@type":"WebPage","@id":"https:\/\/xenonkungen.com\/produkt\/litet-paket-3d-maxpider-tesla-model-3-2024\/","url":"https:\/\/xenonkungen.com\/produkt\/litet-paket-3d-maxpider-tesla-model-3-2024\/","name":"Liten pakke 3D Maxpider Tesla Model 3 2024+ - Xenonkungen","isPartOf":{"@id":"https:\/\/xenonkungen.com\/#website"},"primaryImageOfPage":{"@id":"https:\/\/xenonkungen.com\/produkt\/litet-paket-3d-maxpider-tesla-model-3-2024\/#primaryimage"},"image":{"@id":"https:\/\/xenonkungen.com\/produkt\/litet-paket-3d-maxpider-tesla-model-3-2024\/#primaryimage"},"thumbnailUrl":"https:\/\/xenonkungen.com\/wp-content\/uploads\/2025\/09\/H56752.webp","datePublished":"2025-09-05T11:45:37+00:00","dateModified":"2026-04-10T23:34:09+00:00","breadcrumb":{"@id":"https:\/\/xenonkungen.com\/produkt\/litet-paket-3d-maxpider-tesla-model-3-2024\/#breadcrumb"},"inLanguage":"nb-NO","potentialAction":[{"@type":"ReadAction","target":["https:\/\/xenonkungen.com\/produkt\/litet-paket-3d-maxpider-tesla-model-3-2024\/"]}]},{"@type":"ImageObject","inLanguage":"nb-NO","@id":"https:\/\/xenonkungen.com\/produkt\/litet-paket-3d-maxpider-tesla-model-3-2024\/#primaryimage","url":"https:\/\/xenonkungen.com\/wp-content\/uploads\/2025\/09\/H56752.webp","contentUrl":"https:\/\/xenonkungen.com\/wp-content\/uploads\/2025\/09\/H56752.webp","width":493,"height":666},{"@type":"BreadcrumbList","@id":"https:\/\/xenonkungen.com\/produkt\/litet-paket-3d-maxpider-tesla-model-3-2024\/#breadcrumb","itemListElement":[{"@type":"ListItem","position":1,"name":"Hem","item":"https:\/\/xenonkungen.com\/"},{"@type":"ListItem","position":2,"name":"Shop","item":"https:\/\/xenonkungen.com\/shop\/"},{"@type":"ListItem","position":3,"name":"Litet Paket 3D Maxpider Tesla Model 3 2024+"}]},{"@type":"WebSite","@id":"https:\/\/xenonkungen.com\/#website","url":"https:\/\/xenonkungen.com\/","name":"Xenonkungen","description":"","potentialAction":[{"@type":"SearchAction","target":{"@type":"EntryPoint","urlTemplate":"https:\/\/xenonkungen.com\/?s={search_term_string}"},"query-input":{"@type":"PropertyValueSpecification","valueRequired":true,"valueName":"search_term_string"}}],"inLanguage":"nb-NO"}]}},"taxonomy_info":{"bilmarken":[{"value":290,"label":"Tesla"}],"product_brand":[{"value":2792,"label":"TESLA"}],"product_cat":[{"value":2809,"label":"Mattpaket"}]},"featured_image_src_large":["https:\/\/xenonkungen.com\/wp-content\/uploads\/2025\/09\/H56752.webp",493,666,false],"author_info":[],"comment_info":0,"_links":{"self":[{"href":"https:\/\/xenonkungen.com\/no\/wp-json\/wp\/v2\/product\/13397","targetHints":{"allow":["GET"]}}],"collection":[{"href":"https:\/\/xenonkungen.com\/no\/wp-json\/wp\/v2\/product"}],"about":[{"href":"https:\/\/xenonkungen.com\/no\/wp-json\/wp\/v2\/types\/product"}],"replies":[{"embeddable":true,"href":"https:\/\/xenonkungen.com\/no\/wp-json\/wp\/v2\/comments?post=13397"}],"wp:featuredmedia":[{"embeddable":true,"href":"https:\/\/xenonkungen.com\/no\/wp-json\/wp\/v2\/media\/13406"}],"wp:attachment":[{"href":"https:\/\/xenonkungen.com\/no\/wp-json\/wp\/v2\/media?parent=13397"}],"wp:term":[{"taxonomy":"anvandningsomrade","embeddable":true,"href":"https:\/\/xenonkungen.com\/no\/wp-json\/wp\/v2\/anvandningsomrade?post=13397"},{"taxonomy":"bilmarken","embeddable":true,"href":"https:\/\/xenonkungen.com\/no\/wp-json\/wp\/v2\/bilmarken?post=13397"},{"taxonomy":"product_brand","embeddable":true,"href":"https:\/\/xenonkungen.com\/no\/wp-json\/wp\/v2\/product_brand?post=13397"},{"taxonomy":"product_cat","embeddable":true,"href":"https:\/\/xenonkungen.com\/no\/wp-json\/wp\/v2\/product_cat?post=13397"},{"taxonomy":"product_tag","embeddable":true,"href":"https:\/\/xenonkungen.com\/no\/wp-json\/wp\/v2\/product_tag?post=13397"}],"curies":[{"name":"wp","href":"https:\/\/api.w.org\/{rel}","templated":true}]}}