{"id":1427,"date":"2025-04-15T08:02:50","date_gmt":"2025-04-15T08:02:50","guid":{"rendered":"https:\/\/xenonkungen.com\/product\/split-kontakt-1dt-till-2dt\/"},"modified":"2026-04-11T00:16:23","modified_gmt":"2026-04-10T23:16:23","slug":"delt-kontakt-1dt-til-2dt","status":"publish","type":"product","link":"https:\/\/xenonkungen.com\/no\/produkt\/delt-kontakt-1dt-til-2dt\/","title":{"rendered":"Delt kontakt 1DT til 2DT"},"content":{"rendered":"<h1>Delt kontakt 1DT til 2DT<\/h1>\n<p>DT-kabel (Deutch-kontakt) for enkel splitting fra 1 kabel til 2. Helt vanntette tilkoblinger s\u00f8rger for at du unng\u00e5r fuktproblemer som kan oppst\u00e5 n\u00e5r du skj\u00f8ter en kabel. <\/p>\n<p>Ideell for montering av st\u00f8rre ryggelys, arbeidslys og hjelpelys<\/p>\n<p>Kabelen er 2,5 mm2 tykk og 20 cm lang. <\/p>\n<p><strong>Innhold i leveransen<\/strong><br \/>Kabel med 1 hunn- og 2 hannkontakter<\/p>","protected":false},"excerpt":{"rendered":"<p>Kabel for \u00e5 enkelt f\u00e5 2 utganger ut av 1 deutch-plugg. Ideell for ekstra lys eller st\u00f8rre arbeidslamper med DT-kontakt<\/p>","protected":false},"featured_media":1428,"comment_status":"closed","ping_status":"closed","template":"","meta":{"_acf_changed":false,"_smort_price_nok":"106","_smort_price_dkk":"60","_smort_price_eur":"8.09","_smort_sale_price_nok":"","_smort_sale_price_dkk":"","_smort_sale_price_eur":"","smort_restorder":"","shipmondo_restorder":"","_kad_blocks_custom_css":"","_kad_blocks_head_custom_js":"","_kad_blocks_body_custom_js":"","_kad_blocks_footer_custom_js":"","smort_custom_pricelist_1":"63.36","smort_custom_pricelist_2":"55.44","smort_custom_pricelist_3":"51.48","smort_custom_pricelist_4":"79.2","smort_custom_pricelist_5":"55.44"},"anvandningsomrade":[],"bilmarken":[],"product_brand":[2793],"product_cat":[2841,2467,390],"product_tag":[],"class_list":{"0":"post-1427","1":"product","2":"type-product","3":"status-publish","4":"has-post-thumbnail","6":"product_brand-ovrigt","7":"product_cat-installation-extraljus","8":"product_cat-kabel","9":"product_cat-installation","10":"pa_lampsockel-kontakt-dt","12":"first","13":"instock","14":"taxable","15":"shipping-taxable","16":"purchasable","17":"product-type-simple"},"bundled_by":["9566"],"bundle_stock_status":"instock","bundle_stock_quantity":160,"bundle_virtual":false,"bundle_layout":"","bundle_add_to_cart_form_location":"","bundle_editable_in_cart":false,"bundle_sold_individually_context":"","bundle_item_grouping":"","bundle_min_size":"","bundle_max_size":"","bundle_price":[],"bundled_items":[],"bundle_sell_ids":[],"acf":[],"yoast_head":"<!-- This site is optimized with the Yoast SEO plugin v27.0 - https:\/\/yoast.com\/product\/yoast-seo-wordpress\/ -->\n<title>Split kontakt 1DT till 2DT - Xenonkungen<\/title>\n<meta name=\"robots\" content=\"index, follow, max-snippet:-1, max-image-preview:large, max-video-preview:-1\" \/>\n<link rel=\"canonical\" href=\"https:\/\/xenonkungen.com\/no\/produkt\/delt-kontakt-1dt-til-2dt\/\" \/>\n<meta property=\"og:locale\" content=\"nb_NO\" \/>\n<meta property=\"og:type\" content=\"article\" \/>\n<meta property=\"og:title\" content=\"Split kontakt 1DT till 2DT - Xenonkungen\" \/>\n<meta property=\"og:description\" content=\"Kabel f\u00f6r att enkelt f\u00e5 2 utg\u00e5ngar ur 1 deutch-kontakt. Perfekt f\u00f6r extraljus eller st\u00f6rre arbetsbelysning med DT kontakt\" \/>\n<meta property=\"og:url\" content=\"https:\/\/xenonkungen.com\/no\/produkt\/delt-kontakt-1dt-til-2dt\/\" \/>\n<meta property=\"og:site_name\" content=\"Xenonkungen\" \/>\n<meta property=\"article:modified_time\" content=\"2026-04-10T23:16:23+00:00\" \/>\n<meta property=\"og:image\" content=\"https:\/\/xenonkungen.com\/wp-content\/uploads\/2025\/04\/188111293-origpic-0cc8d4.png\" \/>\n\t<meta property=\"og:image:width\" content=\"2112\" \/>\n\t<meta property=\"og:image:height\" content=\"2112\" \/>\n\t<meta property=\"og:image:type\" content=\"image\/png\" \/>\n<meta name=\"twitter:card\" content=\"summary_large_image\" \/>\n<script type=\"application\/ld+json\" class=\"yoast-schema-graph\">{\"@context\":\"https:\/\/schema.org\",\"@graph\":[{\"@type\":\"WebPage\",\"@id\":\"https:\/\/xenonkungen.com\/nl\/product\/split-kontakt-1dt-till-2dt\/\",\"url\":\"https:\/\/xenonkungen.com\/nl\/product\/split-kontakt-1dt-till-2dt\/\",\"name\":\"Split kontakt 1DT till 2DT - Xenonkungen\",\"isPartOf\":{\"@id\":\"https:\/\/xenonkungen.com\/#website\"},\"primaryImageOfPage\":{\"@id\":\"https:\/\/xenonkungen.com\/nl\/product\/split-kontakt-1dt-till-2dt\/#primaryimage\"},\"image\":{\"@id\":\"https:\/\/xenonkungen.com\/nl\/product\/split-kontakt-1dt-till-2dt\/#primaryimage\"},\"thumbnailUrl\":\"https:\/\/xenonkungen.com\/wp-content\/uploads\/2025\/04\/188111293-origpic-0cc8d4.png\",\"datePublished\":\"2025-04-15T08:02:50+00:00\",\"dateModified\":\"2026-04-10T23:16:23+00:00\",\"breadcrumb\":{\"@id\":\"https:\/\/xenonkungen.com\/nl\/product\/split-kontakt-1dt-till-2dt\/#breadcrumb\"},\"inLanguage\":\"nb-NO\",\"potentialAction\":[{\"@type\":\"ReadAction\",\"target\":[\"https:\/\/xenonkungen.com\/nl\/product\/split-kontakt-1dt-till-2dt\/\"]}]},{\"@type\":\"ImageObject\",\"inLanguage\":\"nb-NO\",\"@id\":\"https:\/\/xenonkungen.com\/nl\/product\/split-kontakt-1dt-till-2dt\/#primaryimage\",\"url\":\"https:\/\/xenonkungen.com\/wp-content\/uploads\/2025\/04\/188111293-origpic-0cc8d4.png\",\"contentUrl\":\"https:\/\/xenonkungen.com\/wp-content\/uploads\/2025\/04\/188111293-origpic-0cc8d4.png\",\"width\":2112,\"height\":2112},{\"@type\":\"BreadcrumbList\",\"@id\":\"https:\/\/xenonkungen.com\/nl\/product\/split-kontakt-1dt-till-2dt\/#breadcrumb\",\"itemListElement\":[{\"@type\":\"ListItem\",\"position\":1,\"name\":\"Hem\",\"item\":\"https:\/\/xenonkungen.com\/\"},{\"@type\":\"ListItem\",\"position\":2,\"name\":\"Shop\",\"item\":\"https:\/\/xenonkungen.com\/shop\/\"},{\"@type\":\"ListItem\",\"position\":3,\"name\":\"Split kontakt 1DT till 2DT\"}]},{\"@type\":\"WebSite\",\"@id\":\"https:\/\/xenonkungen.com\/#website\",\"url\":\"https:\/\/xenonkungen.com\/\",\"name\":\"Xenonkungen\",\"description\":\"\",\"potentialAction\":[{\"@type\":\"SearchAction\",\"target\":{\"@type\":\"EntryPoint\",\"urlTemplate\":\"https:\/\/xenonkungen.com\/?s={search_term_string}\"},\"query-input\":{\"@type\":\"PropertyValueSpecification\",\"valueRequired\":true,\"valueName\":\"search_term_string\"}}],\"inLanguage\":\"nb-NO\"}]}<\/script>\n<!-- \/ Yoast SEO plugin. -->","yoast_head_json":{"title":"Delt kontakt 1DT til 2DT - Xenonkungen","robots":{"index":"index","follow":"follow","max-snippet":"max-snippet:-1","max-image-preview":"max-image-preview:large","max-video-preview":"max-video-preview:-1"},"canonical":"https:\/\/xenonkungen.com\/no\/produkt\/delt-kontakt-1dt-til-2dt\/","og_locale":"nb_NO","og_type":"article","og_title":"Split kontakt 1DT till 2DT - Xenonkungen","og_description":"Kabel f\u00f6r att enkelt f\u00e5 2 utg\u00e5ngar ur 1 deutch-kontakt. Perfekt f\u00f6r extraljus eller st\u00f6rre arbetsbelysning med DT kontakt","og_url":"https:\/\/xenonkungen.com\/no\/produkt\/delt-kontakt-1dt-til-2dt\/","og_site_name":"Xenonkungen","article_modified_time":"2026-04-10T23:16:23+00:00","og_image":[{"width":2112,"height":2112,"url":"https:\/\/xenonkungen.com\/wp-content\/uploads\/2025\/04\/188111293-origpic-0cc8d4.png","type":"image\/png"}],"twitter_card":"summary_large_image","schema":{"@context":"https:\/\/schema.org","@graph":[{"@type":"WebPage","@id":"https:\/\/xenonkungen.com\/nl\/product\/split-kontakt-1dt-till-2dt\/","url":"https:\/\/xenonkungen.com\/nl\/product\/split-kontakt-1dt-till-2dt\/","name":"Delt kontakt 1DT til 2DT - Xenonkungen","isPartOf":{"@id":"https:\/\/xenonkungen.com\/#website"},"primaryImageOfPage":{"@id":"https:\/\/xenonkungen.com\/nl\/product\/split-kontakt-1dt-till-2dt\/#primaryimage"},"image":{"@id":"https:\/\/xenonkungen.com\/nl\/product\/split-kontakt-1dt-till-2dt\/#primaryimage"},"thumbnailUrl":"https:\/\/xenonkungen.com\/wp-content\/uploads\/2025\/04\/188111293-origpic-0cc8d4.png","datePublished":"2025-04-15T08:02:50+00:00","dateModified":"2026-04-10T23:16:23+00:00","breadcrumb":{"@id":"https:\/\/xenonkungen.com\/nl\/product\/split-kontakt-1dt-till-2dt\/#breadcrumb"},"inLanguage":"nb-NO","potentialAction":[{"@type":"ReadAction","target":["https:\/\/xenonkungen.com\/nl\/product\/split-kontakt-1dt-till-2dt\/"]}]},{"@type":"ImageObject","inLanguage":"nb-NO","@id":"https:\/\/xenonkungen.com\/nl\/product\/split-kontakt-1dt-till-2dt\/#primaryimage","url":"https:\/\/xenonkungen.com\/wp-content\/uploads\/2025\/04\/188111293-origpic-0cc8d4.png","contentUrl":"https:\/\/xenonkungen.com\/wp-content\/uploads\/2025\/04\/188111293-origpic-0cc8d4.png","width":2112,"height":2112},{"@type":"BreadcrumbList","@id":"https:\/\/xenonkungen.com\/nl\/product\/split-kontakt-1dt-till-2dt\/#breadcrumb","itemListElement":[{"@type":"ListItem","position":1,"name":"Hem","item":"https:\/\/xenonkungen.com\/"},{"@type":"ListItem","position":2,"name":"Shop","item":"https:\/\/xenonkungen.com\/shop\/"},{"@type":"ListItem","position":3,"name":"Split kontakt 1DT till 2DT"}]},{"@type":"WebSite","@id":"https:\/\/xenonkungen.com\/#website","url":"https:\/\/xenonkungen.com\/","name":"Xenonkungen","description":"","potentialAction":[{"@type":"SearchAction","target":{"@type":"EntryPoint","urlTemplate":"https:\/\/xenonkungen.com\/?s={search_term_string}"},"query-input":{"@type":"PropertyValueSpecification","valueRequired":true,"valueName":"search_term_string"}}],"inLanguage":"nb-NO"}]}},"taxonomy_info":{"product_brand":[{"value":2793,"label":"\u00d6VRIGT"}],"product_cat":[{"value":2841,"label":"Installation extraljus"},{"value":2467,"label":"Kabel"},{"value":390,"label":"Installation"}],"pa_lampsockel-kontakt":[{"value":329,"label":"DT"}]},"featured_image_src_large":["https:\/\/xenonkungen.com\/wp-content\/uploads\/2025\/04\/188111293-origpic-0cc8d4-1024x1024.png",1024,1024,true],"author_info":[],"comment_info":0,"_links":{"self":[{"href":"https:\/\/xenonkungen.com\/no\/wp-json\/wp\/v2\/product\/1427","targetHints":{"allow":["GET"]}}],"collection":[{"href":"https:\/\/xenonkungen.com\/no\/wp-json\/wp\/v2\/product"}],"about":[{"href":"https:\/\/xenonkungen.com\/no\/wp-json\/wp\/v2\/types\/product"}],"replies":[{"embeddable":true,"href":"https:\/\/xenonkungen.com\/no\/wp-json\/wp\/v2\/comments?post=1427"}],"wp:featuredmedia":[{"embeddable":true,"href":"https:\/\/xenonkungen.com\/no\/wp-json\/wp\/v2\/media\/1428"}],"wp:attachment":[{"href":"https:\/\/xenonkungen.com\/no\/wp-json\/wp\/v2\/media?parent=1427"}],"wp:term":[{"taxonomy":"anvandningsomrade","embeddable":true,"href":"https:\/\/xenonkungen.com\/no\/wp-json\/wp\/v2\/anvandningsomrade?post=1427"},{"taxonomy":"bilmarken","embeddable":true,"href":"https:\/\/xenonkungen.com\/no\/wp-json\/wp\/v2\/bilmarken?post=1427"},{"taxonomy":"product_brand","embeddable":true,"href":"https:\/\/xenonkungen.com\/no\/wp-json\/wp\/v2\/product_brand?post=1427"},{"taxonomy":"product_cat","embeddable":true,"href":"https:\/\/xenonkungen.com\/no\/wp-json\/wp\/v2\/product_cat?post=1427"},{"taxonomy":"product_tag","embeddable":true,"href":"https:\/\/xenonkungen.com\/no\/wp-json\/wp\/v2\/product_tag?post=1427"}],"curies":[{"name":"wp","href":"https:\/\/api.w.org\/{rel}","templated":true}]}}