{"id":1431,"date":"2025-04-15T08:04:00","date_gmt":"2025-04-15T08:04:00","guid":{"rendered":"https:\/\/xenonkungen.com\/product\/hid-decoder\/"},"modified":"2026-04-25T22:37:27","modified_gmt":"2026-04-25T21:37:27","slug":"skjult-dekoder","status":"publish","type":"product","link":"https:\/\/xenonkungen.com\/no\/produkt\/skjult-dekoder\/","title":{"rendered":"HID-dekoder"},"content":{"rendered":"<h1>Probleml\u00f8ser for lampeadvarsler<\/h1>\n<p>HID Decoder 9-16V er en avbryter som muliggj\u00f8r drift og\/eller fikser lampevarsel etter konvertering til xenonlys hvis slike problemer oppst\u00e5r? Kan ogs\u00e5 l\u00f8se Canbus-problemer i noen tilfeller.<\/p>\n<p>Universal for 9-16 V forkoblinger.<\/p>\n<p>L\u00f8ser problemer for blant annet f\u00f8lgende biler:<br \/>Chrysler 300C fjernlys (+ 50W xenon-sett)<br \/>Saab 9-3 2006 T\u00e5kelys (+ HID Canceller 103147)<br \/>Saab 9-5 2006-, 2011- (+ Basic xenon kit)<br \/>&#8211;<\/p>\n<p>Ingen garanti for funksjon, da det alltid finnes unntak avhengig av ballast og kj\u00f8ret\u00f8y\/modell.<\/p>\n<p><em>Vi vil kj\u00f8pe tilbake eller bytte til en annen versjon hvis det er n\u00f8dvendig (res. mulig prisforskjell).<\/em><\/p>","protected":false},"excerpt":{"rendered":"<p>Probleml\u00f6sare f\u00f6r lampvarningar HID Decoder 9-16V \u00e4r en canceller som m\u00f6jligg\u00f6r funktion och\/eller \u00e5tg\u00e4rdar lampvarning efter konvertering till xenonljus om dylika problem uppst\u00e5r? Kan \u00e4ven \u00e5tg\u00e4rda Canbus problem i vissa fall. Universal f\u00f6r 9-16V ballaster. \u00c5tg\u00e4rdar problem f\u00f6r bl.a. f\u00f6ljande bilar:Chrysler 300C helljus (+ 50W xenonkit)Saab 9-3 2006 dimljus (+ HID Canceller 103147)Saab 9-5 2006-, [&hellip;]<\/p>","protected":false},"featured_media":1432,"comment_status":"closed","ping_status":"open","template":"","meta":{"_acf_changed":false,"_smort_price_nok":"160","_smort_price_dkk":"102","_smort_price_eur":"13.64","_smort_sale_price_nok":"","_smort_sale_price_dkk":"","_smort_sale_price_eur":"","smort_restorder":"","shipmondo_restorder":"","_kad_blocks_custom_css":"","_kad_blocks_head_custom_js":"","_kad_blocks_body_custom_js":"","_kad_blocks_footer_custom_js":"","smort_custom_pricelist_1":"96","smort_custom_pricelist_2":"84","smort_custom_pricelist_3":"79.8","smort_custom_pricelist_4":"120","smort_custom_pricelist_5":"84"},"anvandningsomrade":[],"bilmarken":[],"product_brand":[2793],"product_cat":[2487,477,390],"product_tag":[],"class_list":{"0":"post-1431","1":"product","2":"type-product","3":"status-publish","4":"has-post-thumbnail","6":"product_brand-ovrigt","7":"product_cat-canbus-installation","8":"product_cat-canbus-emc","9":"product_cat-installation","10":"pa_lampsockel-kontakt-9006-hb4","11":"pa_volt-v-multivolt-9-12-16","13":"first","14":"instock","15":"taxable","16":"shipping-taxable","17":"purchasable","18":"product-type-simple"},"bundled_by":[],"bundle_stock_status":"instock","bundle_stock_quantity":110,"bundle_virtual":false,"bundle_layout":"","bundle_add_to_cart_form_location":"","bundle_editable_in_cart":false,"bundle_sold_individually_context":"","bundle_item_grouping":"","bundle_min_size":"","bundle_max_size":"","bundle_price":[],"bundled_items":[],"bundle_sell_ids":[],"acf":[],"yoast_head":"<!-- This site is optimized with the Yoast SEO plugin v27.0 - https:\/\/yoast.com\/product\/yoast-seo-wordpress\/ -->\n<title>HID Decoder - Xenonkungen<\/title>\n<meta name=\"robots\" content=\"index, follow, max-snippet:-1, max-image-preview:large, max-video-preview:-1\" \/>\n<link rel=\"canonical\" href=\"https:\/\/xenonkungen.com\/no\/produkt\/skjult-dekoder\/\" \/>\n<meta property=\"og:locale\" content=\"nb_NO\" \/>\n<meta property=\"og:type\" content=\"article\" \/>\n<meta property=\"og:title\" content=\"HID Decoder - Xenonkungen\" \/>\n<meta property=\"og:description\" content=\"Probleml\u00f6sare f\u00f6r lampvarningar HID Decoder 9-16V \u00e4r en canceller som m\u00f6jligg\u00f6r funktion och\/eller \u00e5tg\u00e4rdar lampvarning efter konvertering till xenonljus om dylika problem uppst\u00e5r? Kan \u00e4ven \u00e5tg\u00e4rda Canbus problem i vissa fall. Universal f\u00f6r 9-16V ballaster. \u00c5tg\u00e4rdar problem f\u00f6r bl.a. f\u00f6ljande bilar:Chrysler 300C helljus (+ 50W xenonkit)Saab 9-3 2006 dimljus (+ HID Canceller 103147)Saab 9-5 2006-, [&hellip;]\" \/>\n<meta property=\"og:url\" content=\"https:\/\/xenonkungen.com\/no\/produkt\/skjult-dekoder\/\" \/>\n<meta property=\"og:site_name\" content=\"Xenonkungen\" \/>\n<meta property=\"article:modified_time\" content=\"2026-04-25T21:37:27+00:00\" \/>\n<meta property=\"og:image\" content=\"https:\/\/xenonkungen.com\/wp-content\/uploads\/2025\/04\/998054-origpic-6d6684.png\" \/>\n\t<meta property=\"og:image:width\" content=\"1000\" \/>\n\t<meta property=\"og:image:height\" content=\"1000\" \/>\n\t<meta property=\"og:image:type\" content=\"image\/png\" \/>\n<meta name=\"twitter:card\" content=\"summary_large_image\" \/>\n<meta name=\"twitter:label1\" content=\"Ansl. lesetid\" \/>\n\t<meta name=\"twitter:data1\" content=\"1 minutt\" \/>\n<script type=\"application\/ld+json\" class=\"yoast-schema-graph\">{\"@context\":\"https:\/\/schema.org\",\"@graph\":[{\"@type\":\"WebPage\",\"@id\":\"https:\/\/xenonkungen.com\/produkt\/hid-decoder\/\",\"url\":\"https:\/\/xenonkungen.com\/produkt\/hid-decoder\/\",\"name\":\"HID Decoder - Xenonkungen\",\"isPartOf\":{\"@id\":\"https:\/\/xenonkungen.com\/#website\"},\"primaryImageOfPage\":{\"@id\":\"https:\/\/xenonkungen.com\/produkt\/hid-decoder\/#primaryimage\"},\"image\":{\"@id\":\"https:\/\/xenonkungen.com\/produkt\/hid-decoder\/#primaryimage\"},\"thumbnailUrl\":\"https:\/\/xenonkungen.com\/wp-content\/uploads\/2025\/04\/998054-origpic-6d6684.png\",\"datePublished\":\"2025-04-15T08:04:00+00:00\",\"dateModified\":\"2026-04-25T21:37:27+00:00\",\"breadcrumb\":{\"@id\":\"https:\/\/xenonkungen.com\/produkt\/hid-decoder\/#breadcrumb\"},\"inLanguage\":\"nb-NO\",\"potentialAction\":[{\"@type\":\"ReadAction\",\"target\":[\"https:\/\/xenonkungen.com\/produkt\/hid-decoder\/\"]}]},{\"@type\":\"ImageObject\",\"inLanguage\":\"nb-NO\",\"@id\":\"https:\/\/xenonkungen.com\/produkt\/hid-decoder\/#primaryimage\",\"url\":\"https:\/\/xenonkungen.com\/wp-content\/uploads\/2025\/04\/998054-origpic-6d6684.png\",\"contentUrl\":\"https:\/\/xenonkungen.com\/wp-content\/uploads\/2025\/04\/998054-origpic-6d6684.png\",\"width\":1000,\"height\":1000},{\"@type\":\"BreadcrumbList\",\"@id\":\"https:\/\/xenonkungen.com\/produkt\/hid-decoder\/#breadcrumb\",\"itemListElement\":[{\"@type\":\"ListItem\",\"position\":1,\"name\":\"Hem\",\"item\":\"https:\/\/xenonkungen.com\/\"},{\"@type\":\"ListItem\",\"position\":2,\"name\":\"Shop\",\"item\":\"https:\/\/xenonkungen.com\/shop\/\"},{\"@type\":\"ListItem\",\"position\":3,\"name\":\"HID Decoder\"}]},{\"@type\":\"WebSite\",\"@id\":\"https:\/\/xenonkungen.com\/#website\",\"url\":\"https:\/\/xenonkungen.com\/\",\"name\":\"Xenonkungen\",\"description\":\"\",\"potentialAction\":[{\"@type\":\"SearchAction\",\"target\":{\"@type\":\"EntryPoint\",\"urlTemplate\":\"https:\/\/xenonkungen.com\/?s={search_term_string}\"},\"query-input\":{\"@type\":\"PropertyValueSpecification\",\"valueRequired\":true,\"valueName\":\"search_term_string\"}}],\"inLanguage\":\"nb-NO\"}]}<\/script>\n<!-- \/ Yoast SEO plugin. -->","yoast_head_json":{"title":"HID-dekoder - Xenon King","robots":{"index":"index","follow":"follow","max-snippet":"max-snippet:-1","max-image-preview":"max-image-preview:large","max-video-preview":"max-video-preview:-1"},"canonical":"https:\/\/xenonkungen.com\/no\/produkt\/skjult-dekoder\/","og_locale":"nb_NO","og_type":"article","og_title":"HID Decoder - Xenonkungen","og_description":"Probleml\u00f6sare f\u00f6r lampvarningar HID Decoder 9-16V \u00e4r en canceller som m\u00f6jligg\u00f6r funktion och\/eller \u00e5tg\u00e4rdar lampvarning efter konvertering till xenonljus om dylika problem uppst\u00e5r? Kan \u00e4ven \u00e5tg\u00e4rda Canbus problem i vissa fall. Universal f\u00f6r 9-16V ballaster. \u00c5tg\u00e4rdar problem f\u00f6r bl.a. f\u00f6ljande bilar:Chrysler 300C helljus (+ 50W xenonkit)Saab 9-3 2006 dimljus (+ HID Canceller 103147)Saab 9-5 2006-, [&hellip;]","og_url":"https:\/\/xenonkungen.com\/no\/produkt\/skjult-dekoder\/","og_site_name":"Xenonkungen","article_modified_time":"2026-04-25T21:37:27+00:00","og_image":[{"width":1000,"height":1000,"url":"https:\/\/xenonkungen.com\/wp-content\/uploads\/2025\/04\/998054-origpic-6d6684.png","type":"image\/png"}],"twitter_card":"summary_large_image","twitter_misc":{"Ansl. lesetid":"1 minutt"},"schema":{"@context":"https:\/\/schema.org","@graph":[{"@type":"WebPage","@id":"https:\/\/xenonkungen.com\/produkt\/hid-decoder\/","url":"https:\/\/xenonkungen.com\/produkt\/hid-decoder\/","name":"HID-dekoder - Xenon King","isPartOf":{"@id":"https:\/\/xenonkungen.com\/#website"},"primaryImageOfPage":{"@id":"https:\/\/xenonkungen.com\/produkt\/hid-decoder\/#primaryimage"},"image":{"@id":"https:\/\/xenonkungen.com\/produkt\/hid-decoder\/#primaryimage"},"thumbnailUrl":"https:\/\/xenonkungen.com\/wp-content\/uploads\/2025\/04\/998054-origpic-6d6684.png","datePublished":"2025-04-15T08:04:00+00:00","dateModified":"2026-04-25T21:37:27+00:00","breadcrumb":{"@id":"https:\/\/xenonkungen.com\/produkt\/hid-decoder\/#breadcrumb"},"inLanguage":"nb-NO","potentialAction":[{"@type":"ReadAction","target":["https:\/\/xenonkungen.com\/produkt\/hid-decoder\/"]}]},{"@type":"ImageObject","inLanguage":"nb-NO","@id":"https:\/\/xenonkungen.com\/produkt\/hid-decoder\/#primaryimage","url":"https:\/\/xenonkungen.com\/wp-content\/uploads\/2025\/04\/998054-origpic-6d6684.png","contentUrl":"https:\/\/xenonkungen.com\/wp-content\/uploads\/2025\/04\/998054-origpic-6d6684.png","width":1000,"height":1000},{"@type":"BreadcrumbList","@id":"https:\/\/xenonkungen.com\/produkt\/hid-decoder\/#breadcrumb","itemListElement":[{"@type":"ListItem","position":1,"name":"Hem","item":"https:\/\/xenonkungen.com\/"},{"@type":"ListItem","position":2,"name":"Shop","item":"https:\/\/xenonkungen.com\/shop\/"},{"@type":"ListItem","position":3,"name":"HID Decoder"}]},{"@type":"WebSite","@id":"https:\/\/xenonkungen.com\/#website","url":"https:\/\/xenonkungen.com\/","name":"Xenonkungen","description":"","potentialAction":[{"@type":"SearchAction","target":{"@type":"EntryPoint","urlTemplate":"https:\/\/xenonkungen.com\/?s={search_term_string}"},"query-input":{"@type":"PropertyValueSpecification","valueRequired":true,"valueName":"search_term_string"}}],"inLanguage":"nb-NO"}]}},"taxonomy_info":{"product_brand":[{"value":2793,"label":"\u00d6VRIGT"}],"product_cat":[{"value":2487,"label":"Canbus"},{"value":477,"label":"Canbus | EMC"},{"value":390,"label":"Installation"}],"pa_lampsockel-kontakt":[{"value":326,"label":"9006 , HB4"}],"pa_volt-v":[{"value":476,"label":"Multivolt, 9, 12, 16"}]},"featured_image_src_large":["https:\/\/xenonkungen.com\/wp-content\/uploads\/2025\/04\/998054-origpic-6d6684.png",1000,1000,false],"author_info":[],"comment_info":0,"_links":{"self":[{"href":"https:\/\/xenonkungen.com\/no\/wp-json\/wp\/v2\/product\/1431","targetHints":{"allow":["GET"]}}],"collection":[{"href":"https:\/\/xenonkungen.com\/no\/wp-json\/wp\/v2\/product"}],"about":[{"href":"https:\/\/xenonkungen.com\/no\/wp-json\/wp\/v2\/types\/product"}],"replies":[{"embeddable":true,"href":"https:\/\/xenonkungen.com\/no\/wp-json\/wp\/v2\/comments?post=1431"}],"wp:featuredmedia":[{"embeddable":true,"href":"https:\/\/xenonkungen.com\/no\/wp-json\/wp\/v2\/media\/1432"}],"wp:attachment":[{"href":"https:\/\/xenonkungen.com\/no\/wp-json\/wp\/v2\/media?parent=1431"}],"wp:term":[{"taxonomy":"anvandningsomrade","embeddable":true,"href":"https:\/\/xenonkungen.com\/no\/wp-json\/wp\/v2\/anvandningsomrade?post=1431"},{"taxonomy":"bilmarken","embeddable":true,"href":"https:\/\/xenonkungen.com\/no\/wp-json\/wp\/v2\/bilmarken?post=1431"},{"taxonomy":"product_brand","embeddable":true,"href":"https:\/\/xenonkungen.com\/no\/wp-json\/wp\/v2\/product_brand?post=1431"},{"taxonomy":"product_cat","embeddable":true,"href":"https:\/\/xenonkungen.com\/no\/wp-json\/wp\/v2\/product_cat?post=1431"},{"taxonomy":"product_tag","embeddable":true,"href":"https:\/\/xenonkungen.com\/no\/wp-json\/wp\/v2\/product_tag?post=1431"}],"curies":[{"name":"wp","href":"https:\/\/api.w.org\/{rel}","templated":true}]}}