{"id":15366,"date":"2025-10-10T12:54:59","date_gmt":"2025-10-10T12:54:59","guid":{"rendered":"https:\/\/xenonkungen.com\/?post_type=product&#038;p=15366"},"modified":"2026-02-06T16:45:30","modified_gmt":"2026-02-06T15:45:30","slug":"osram-originallinje-h2-24-v-70-w","status":"publish","type":"product","link":"https:\/\/xenonkungen.com\/no\/produkt\/osram-originallinje-h2-24-v-70-w\/","title":{"rendered":"OSRAM ORIGINAL LINE - H2 - 24 V - 70 W"},"content":{"rendered":"<p data-start=\"140\" data-end=\"217\"><strong data-start=\"140\" data-end=\"215\">OSRAM ORIGINAL LINE - p\u00e5litelige og rimelige reservedeler til lastebiler<\/strong><\/p>\n<p data-start=\"219\" data-end=\"486\">N\u00e5r du vil ha kvalitet uten \u00e5 betale mer enn n\u00f8dvendig <strong data-start=\"280\" data-end=\"303\">OSRAM ORIGINAL LINE<\/strong> det opplagte valget. Disse robuste 24 V-halogenlampene er utviklet for \u00e5 gi p\u00e5litelig ytelse i alle typer lastebiler, busser og nyttekj\u00f8ret\u00f8y - dag etter dag, kilometer etter kilometer.<\/p>\n<p data-start=\"488\" data-end=\"766\">De samme lampene brukes av mange kjente bilprodusenter som originalutstyr, noe som sikrer <strong data-start=\"588\" data-end=\"625\">OEM-kvalitet og perfekt passform<\/strong>. Du f\u00e5r en lampe som holder h\u00f8y standard, gir stabil lysstyrke og t\u00e5ler t\u00f8ffe forhold - alt til en meget konkurransedyktig pris.<\/p>\n<p data-start=\"768\" data-end=\"783\"><strong data-start=\"768\" data-end=\"781\">Fordeler:<\/strong><\/p>\n<ul data-start=\"784\" data-end=\"1088\">\n<li data-start=\"784\" data-end=\"853\">\n<p data-start=\"786\" data-end=\"853\">Kostnadseffektive originale reservedeler med dokumentert OSRAM-kvalitet<\/p>\n<\/li>\n<li data-start=\"854\" data-end=\"916\">\n<p data-start=\"856\" data-end=\"916\">Brukes som standard i nye biler fra ledende produsenter<\/p>\n<\/li>\n<li data-start=\"917\" data-end=\"977\">\n<p data-start=\"919\" data-end=\"977\">P\u00e5litelig lysstyrke og lang levetid for sikker kj\u00f8ring<\/p>\n<\/li>\n<li data-start=\"978\" data-end=\"1031\">\n<p data-start=\"980\" data-end=\"1031\">Bredt produktutvalg som dekker de fleste 24 V-behov<\/p>\n<\/li>\n<li data-start=\"1032\" data-end=\"1088\">\n<p data-start=\"1034\" data-end=\"1088\">Perfekt balanse mellom pris, ytelse og holdbarhet<\/p>\n<\/li>\n<\/ul>\n<p data-start=\"1090\" data-end=\"1233\">Velg OSRAM ORIGINAL LINE - et trygt, smart og rimelig valg for deg som vil ha <strong data-start=\"1172\" data-end=\"1205\">samme kvalitet som originalen<\/strong>, til en <strong data-start=\"1216\" data-end=\"1230\">lavere pris<\/strong>.<\/p>","protected":false},"excerpt":{"rendered":"<p>OSRAM ORIGINAL LINE \u2013 p\u00e5litliga och prisv\u00e4rda reservdelar f\u00f6r lastbilar N\u00e4r du vill ha kvalitet utan att betala mer \u00e4n n\u00f6dv\u00e4ndigt \u00e4r OSRAM ORIGINAL LINE det sj\u00e4lvklara valet. Dessa robusta 24 V-halogenlampor \u00e4r utvecklade f\u00f6r att ge p\u00e5litlig prestanda i alla typer av lastbilar, bussar och nyttofordon \u2013 dag efter dag, mil efter mil. Samma [&hellip;]<\/p>","protected":false},"featured_media":15374,"comment_status":"open","ping_status":"closed","template":"","meta":{"_acf_changed":false,"_smort_price_nok":"51","_smort_price_dkk":"33","_smort_price_eur":"4.36","_smort_sale_price_nok":"","_smort_sale_price_dkk":"","_smort_sale_price_eur":"","smort_restorder":"","shipmondo_restorder":"","_kad_blocks_custom_css":"","_kad_blocks_head_custom_js":"","_kad_blocks_body_custom_js":"","_kad_blocks_footer_custom_js":"","smort_custom_pricelist_1":"30.72","smort_custom_pricelist_2":"26.88","smort_custom_pricelist_3":"26.88","smort_custom_pricelist_4":"38.4","smort_custom_pricelist_5":"26.88"},"anvandningsomrade":[],"bilmarken":[],"product_brand":[108],"product_cat":[844],"product_tag":[],"class_list":{"0":"post-15366","1":"product","2":"type-product","3":"status-publish","4":"has-post-thumbnail","6":"product_brand-osram","7":"product_cat-halogen","9":"first","10":"instock","11":"taxable","12":"shipping-taxable","13":"purchasable","14":"product-type-simple"},"bundled_by":[],"bundle_stock_status":"instock","bundle_stock_quantity":8,"bundle_virtual":false,"bundle_layout":"","bundle_add_to_cart_form_location":"","bundle_editable_in_cart":false,"bundle_sold_individually_context":"","bundle_item_grouping":"","bundle_min_size":"","bundle_max_size":"","bundle_price":[],"bundled_items":[],"bundle_sell_ids":[],"acf":[],"yoast_head":"<!-- This site is optimized with the Yoast SEO plugin v27.0 - https:\/\/yoast.com\/product\/yoast-seo-wordpress\/ -->\n<title>OSRAM ORIGINAL LINE - H2 - 24 V - 70 W - Xenonkungen<\/title>\n<meta name=\"robots\" content=\"index, follow, max-snippet:-1, max-image-preview:large, max-video-preview:-1\" \/>\n<link rel=\"canonical\" href=\"https:\/\/xenonkungen.com\/no\/produkt\/osram-originallinje-h2-24-v-70-w\/\" \/>\n<meta property=\"og:locale\" content=\"nb_NO\" \/>\n<meta property=\"og:type\" content=\"article\" \/>\n<meta property=\"og:title\" content=\"OSRAM ORIGINAL LINE - H2 - 24 V - 70 W - Xenonkungen\" \/>\n<meta property=\"og:description\" content=\"OSRAM ORIGINAL LINE \u2013 p\u00e5litliga och prisv\u00e4rda reservdelar f\u00f6r lastbilar N\u00e4r du vill ha kvalitet utan att betala mer \u00e4n n\u00f6dv\u00e4ndigt \u00e4r OSRAM ORIGINAL LINE det sj\u00e4lvklara valet. Dessa robusta 24 V-halogenlampor \u00e4r utvecklade f\u00f6r att ge p\u00e5litlig prestanda i alla typer av lastbilar, bussar och nyttofordon \u2013 dag efter dag, mil efter mil. Samma [&hellip;]\" \/>\n<meta property=\"og:url\" content=\"https:\/\/xenonkungen.com\/no\/produkt\/osram-originallinje-h2-24-v-70-w\/\" \/>\n<meta property=\"og:site_name\" content=\"Xenonkungen\" \/>\n<meta property=\"article:modified_time\" content=\"2026-02-06T15:45:30+00:00\" \/>\n<meta property=\"og:image\" content=\"https:\/\/xenonkungen.com\/wp-content\/uploads\/2025\/10\/Small-for-web-and-ppt-327662_64175.jpg\" \/>\n\t<meta property=\"og:image:width\" content=\"1024\" \/>\n\t<meta property=\"og:image:height\" content=\"1243\" \/>\n\t<meta property=\"og:image:type\" content=\"image\/jpeg\" \/>\n<meta name=\"twitter:card\" content=\"summary_large_image\" \/>\n<meta name=\"twitter:label1\" content=\"Ansl. lesetid\" \/>\n\t<meta name=\"twitter:data1\" content=\"1 minutt\" \/>\n<script type=\"application\/ld+json\" class=\"yoast-schema-graph\">{\"@context\":\"https:\/\/schema.org\",\"@graph\":[{\"@type\":\"WebPage\",\"@id\":\"https:\/\/xenonkungen.com\/produkt\/osram-original-line-h2-24-v-70-w\/\",\"url\":\"https:\/\/xenonkungen.com\/produkt\/osram-original-line-h2-24-v-70-w\/\",\"name\":\"OSRAM ORIGINAL LINE - H2 - 24 V - 70 W - Xenonkungen\",\"isPartOf\":{\"@id\":\"https:\/\/xenonkungen.com\/#website\"},\"primaryImageOfPage\":{\"@id\":\"https:\/\/xenonkungen.com\/produkt\/osram-original-line-h2-24-v-70-w\/#primaryimage\"},\"image\":{\"@id\":\"https:\/\/xenonkungen.com\/produkt\/osram-original-line-h2-24-v-70-w\/#primaryimage\"},\"thumbnailUrl\":\"https:\/\/xenonkungen.com\/wp-content\/uploads\/2025\/10\/Small-for-web-and-ppt-327662_64175.jpg\",\"datePublished\":\"2025-10-10T12:54:59+00:00\",\"dateModified\":\"2026-02-06T15:45:30+00:00\",\"breadcrumb\":{\"@id\":\"https:\/\/xenonkungen.com\/produkt\/osram-original-line-h2-24-v-70-w\/#breadcrumb\"},\"inLanguage\":\"nb-NO\",\"potentialAction\":[{\"@type\":\"ReadAction\",\"target\":[\"https:\/\/xenonkungen.com\/produkt\/osram-original-line-h2-24-v-70-w\/\"]}]},{\"@type\":\"ImageObject\",\"inLanguage\":\"nb-NO\",\"@id\":\"https:\/\/xenonkungen.com\/produkt\/osram-original-line-h2-24-v-70-w\/#primaryimage\",\"url\":\"https:\/\/xenonkungen.com\/wp-content\/uploads\/2025\/10\/Small-for-web-and-ppt-327662_64175.jpg\",\"contentUrl\":\"https:\/\/xenonkungen.com\/wp-content\/uploads\/2025\/10\/Small-for-web-and-ppt-327662_64175.jpg\",\"width\":1024,\"height\":1243},{\"@type\":\"BreadcrumbList\",\"@id\":\"https:\/\/xenonkungen.com\/produkt\/osram-original-line-h2-24-v-70-w\/#breadcrumb\",\"itemListElement\":[{\"@type\":\"ListItem\",\"position\":1,\"name\":\"Hem\",\"item\":\"https:\/\/xenonkungen.com\/\"},{\"@type\":\"ListItem\",\"position\":2,\"name\":\"Shop\",\"item\":\"https:\/\/xenonkungen.com\/shop\/\"},{\"@type\":\"ListItem\",\"position\":3,\"name\":\"OSRAM ORIGINAL LINE &#8211; H2 &#8211; 24 V &#8211; 70 W\"}]},{\"@type\":\"WebSite\",\"@id\":\"https:\/\/xenonkungen.com\/#website\",\"url\":\"https:\/\/xenonkungen.com\/\",\"name\":\"Xenonkungen\",\"description\":\"\",\"potentialAction\":[{\"@type\":\"SearchAction\",\"target\":{\"@type\":\"EntryPoint\",\"urlTemplate\":\"https:\/\/xenonkungen.com\/?s={search_term_string}\"},\"query-input\":{\"@type\":\"PropertyValueSpecification\",\"valueRequired\":true,\"valueName\":\"search_term_string\"}}],\"inLanguage\":\"nb-NO\"}]}<\/script>\n<!-- \/ Yoast SEO plugin. -->","yoast_head_json":{"title":"OSRAM ORIGINAL LINE - H2 - 24 V - 70 W - Xenon-kongen","robots":{"index":"index","follow":"follow","max-snippet":"max-snippet:-1","max-image-preview":"max-image-preview:large","max-video-preview":"max-video-preview:-1"},"canonical":"https:\/\/xenonkungen.com\/no\/produkt\/osram-originallinje-h2-24-v-70-w\/","og_locale":"nb_NO","og_type":"article","og_title":"OSRAM ORIGINAL LINE - H2 - 24 V - 70 W - Xenonkungen","og_description":"OSRAM ORIGINAL LINE \u2013 p\u00e5litliga och prisv\u00e4rda reservdelar f\u00f6r lastbilar N\u00e4r du vill ha kvalitet utan att betala mer \u00e4n n\u00f6dv\u00e4ndigt \u00e4r OSRAM ORIGINAL LINE det sj\u00e4lvklara valet. Dessa robusta 24 V-halogenlampor \u00e4r utvecklade f\u00f6r att ge p\u00e5litlig prestanda i alla typer av lastbilar, bussar och nyttofordon \u2013 dag efter dag, mil efter mil. Samma [&hellip;]","og_url":"https:\/\/xenonkungen.com\/no\/produkt\/osram-originallinje-h2-24-v-70-w\/","og_site_name":"Xenonkungen","article_modified_time":"2026-02-06T15:45:30+00:00","og_image":[{"width":1024,"height":1243,"url":"https:\/\/xenonkungen.com\/wp-content\/uploads\/2025\/10\/Small-for-web-and-ppt-327662_64175.jpg","type":"image\/jpeg"}],"twitter_card":"summary_large_image","twitter_misc":{"Ansl. lesetid":"1 minutt"},"schema":{"@context":"https:\/\/schema.org","@graph":[{"@type":"WebPage","@id":"https:\/\/xenonkungen.com\/produkt\/osram-original-line-h2-24-v-70-w\/","url":"https:\/\/xenonkungen.com\/produkt\/osram-original-line-h2-24-v-70-w\/","name":"OSRAM ORIGINAL LINE - H2 - 24 V - 70 W - Xenon-kongen","isPartOf":{"@id":"https:\/\/xenonkungen.com\/#website"},"primaryImageOfPage":{"@id":"https:\/\/xenonkungen.com\/produkt\/osram-original-line-h2-24-v-70-w\/#primaryimage"},"image":{"@id":"https:\/\/xenonkungen.com\/produkt\/osram-original-line-h2-24-v-70-w\/#primaryimage"},"thumbnailUrl":"https:\/\/xenonkungen.com\/wp-content\/uploads\/2025\/10\/Small-for-web-and-ppt-327662_64175.jpg","datePublished":"2025-10-10T12:54:59+00:00","dateModified":"2026-02-06T15:45:30+00:00","breadcrumb":{"@id":"https:\/\/xenonkungen.com\/produkt\/osram-original-line-h2-24-v-70-w\/#breadcrumb"},"inLanguage":"nb-NO","potentialAction":[{"@type":"ReadAction","target":["https:\/\/xenonkungen.com\/produkt\/osram-original-line-h2-24-v-70-w\/"]}]},{"@type":"ImageObject","inLanguage":"nb-NO","@id":"https:\/\/xenonkungen.com\/produkt\/osram-original-line-h2-24-v-70-w\/#primaryimage","url":"https:\/\/xenonkungen.com\/wp-content\/uploads\/2025\/10\/Small-for-web-and-ppt-327662_64175.jpg","contentUrl":"https:\/\/xenonkungen.com\/wp-content\/uploads\/2025\/10\/Small-for-web-and-ppt-327662_64175.jpg","width":1024,"height":1243},{"@type":"BreadcrumbList","@id":"https:\/\/xenonkungen.com\/produkt\/osram-original-line-h2-24-v-70-w\/#breadcrumb","itemListElement":[{"@type":"ListItem","position":1,"name":"Hem","item":"https:\/\/xenonkungen.com\/"},{"@type":"ListItem","position":2,"name":"Shop","item":"https:\/\/xenonkungen.com\/shop\/"},{"@type":"ListItem","position":3,"name":"OSRAM ORIGINAL LINE &#8211; H2 &#8211; 24 V &#8211; 70 W"}]},{"@type":"WebSite","@id":"https:\/\/xenonkungen.com\/#website","url":"https:\/\/xenonkungen.com\/","name":"Xenonkungen","description":"","potentialAction":[{"@type":"SearchAction","target":{"@type":"EntryPoint","urlTemplate":"https:\/\/xenonkungen.com\/?s={search_term_string}"},"query-input":{"@type":"PropertyValueSpecification","valueRequired":true,"valueName":"search_term_string"}}],"inLanguage":"nb-NO"}]}},"taxonomy_info":{"product_brand":[{"value":108,"label":"OSRAM"}],"product_cat":[{"value":844,"label":"Halogen"}]},"featured_image_src_large":["https:\/\/xenonkungen.com\/wp-content\/uploads\/2025\/10\/Small-for-web-and-ppt-327662_64175-844x1024.jpg",844,1024,true],"author_info":[],"comment_info":0,"_links":{"self":[{"href":"https:\/\/xenonkungen.com\/no\/wp-json\/wp\/v2\/product\/15366","targetHints":{"allow":["GET"]}}],"collection":[{"href":"https:\/\/xenonkungen.com\/no\/wp-json\/wp\/v2\/product"}],"about":[{"href":"https:\/\/xenonkungen.com\/no\/wp-json\/wp\/v2\/types\/product"}],"replies":[{"embeddable":true,"href":"https:\/\/xenonkungen.com\/no\/wp-json\/wp\/v2\/comments?post=15366"}],"wp:featuredmedia":[{"embeddable":true,"href":"https:\/\/xenonkungen.com\/no\/wp-json\/wp\/v2\/media\/15374"}],"wp:attachment":[{"href":"https:\/\/xenonkungen.com\/no\/wp-json\/wp\/v2\/media?parent=15366"}],"wp:term":[{"taxonomy":"anvandningsomrade","embeddable":true,"href":"https:\/\/xenonkungen.com\/no\/wp-json\/wp\/v2\/anvandningsomrade?post=15366"},{"taxonomy":"bilmarken","embeddable":true,"href":"https:\/\/xenonkungen.com\/no\/wp-json\/wp\/v2\/bilmarken?post=15366"},{"taxonomy":"product_brand","embeddable":true,"href":"https:\/\/xenonkungen.com\/no\/wp-json\/wp\/v2\/product_brand?post=15366"},{"taxonomy":"product_cat","embeddable":true,"href":"https:\/\/xenonkungen.com\/no\/wp-json\/wp\/v2\/product_cat?post=15366"},{"taxonomy":"product_tag","embeddable":true,"href":"https:\/\/xenonkungen.com\/no\/wp-json\/wp\/v2\/product_tag?post=15366"}],"curies":[{"name":"wp","href":"https:\/\/api.w.org\/{rel}","templated":true}]}}