{"id":1571,"date":"2025-04-15T08:24:37","date_gmt":"2025-04-15T08:24:37","guid":{"rendered":"https:\/\/xenonkungen.com\/product\/avstorningsskydd-ferritblock-6-mm\/"},"modified":"2026-03-12T16:48:30","modified_gmt":"2026-03-12T15:48:30","slug":"overspenningsvern-ferrittblokk-6-mm","status":"publish","type":"product","link":"https:\/\/xenonkungen.com\/no\/produkt\/overspenningsvern-ferrittblokk-6-mm\/","title":{"rendered":"Interferensdemping Ferrittblokk 6 mm"},"content":{"rendered":"<h1>Ferrittblokk 6 mm<\/h1>\n<h4 class=\"bq gh gn ct fz\">Blokker for undertrykkelse av radiointerferens<\/h4>\n<div class=\"bq gp ee jl jm au h9 fs at\">\n<div class=\"\">Ferrittblokk for \u00e5 dempe u\u00f8nsket radiointerferens (30-600 MHz). Klemmes rundt kabelen til enheten som skal forstyrres. Dimensjonene er tilpasset kabelens diameter.<\/div>\n<\/div>","protected":false},"excerpt":{"rendered":"<p>Undertrykker u\u00f8nsket radiointerferens 30-600 Mhz<\/p>","protected":false},"featured_media":1572,"comment_status":"closed","ping_status":"open","template":"","meta":{"_acf_changed":false,"_smort_price_nok":"74","_smort_price_dkk":"47","_smort_price_eur":"6.27","_smort_sale_price_nok":"","_smort_sale_price_dkk":"","_smort_sale_price_eur":"","smort_restorder":"","shipmondo_restorder":"","_kad_blocks_custom_css":"","_kad_blocks_head_custom_js":"","_kad_blocks_body_custom_js":"","_kad_blocks_footer_custom_js":"","smort_custom_pricelist_1":"44.16","smort_custom_pricelist_2":"38.64","smort_custom_pricelist_3":"35.88","smort_custom_pricelist_4":"55.2","smort_custom_pricelist_5":"35.88"},"anvandningsomrade":[],"bilmarken":[],"product_brand":[117],"product_cat":[2487,390],"product_tag":[],"class_list":{"0":"post-1571","1":"product","2":"type-product","3":"status-publish","4":"has-post-thumbnail","6":"product_brand-xenonkungen","7":"product_cat-canbus-installation","8":"product_cat-installation","10":"first","11":"onbackorder","12":"taxable","13":"shipping-taxable","14":"purchasable","15":"product-type-simple"},"bundled_by":[],"bundle_stock_status":"onbackorder","bundle_stock_quantity":0,"bundle_virtual":false,"bundle_layout":"","bundle_add_to_cart_form_location":"","bundle_editable_in_cart":false,"bundle_sold_individually_context":"","bundle_item_grouping":"","bundle_min_size":"","bundle_max_size":"","bundle_price":[],"bundled_items":[],"bundle_sell_ids":[],"acf":[],"yoast_head":"<!-- This site is optimized with the Yoast SEO plugin v27.0 - https:\/\/yoast.com\/product\/yoast-seo-wordpress\/ -->\n<title>Avst\u00f6rningsskydd Ferritblock 6 mm - Xenonkungen<\/title>\n<meta name=\"robots\" content=\"index, follow, max-snippet:-1, max-image-preview:large, max-video-preview:-1\" \/>\n<link rel=\"canonical\" href=\"https:\/\/xenonkungen.com\/no\/produkt\/overspenningsvern-ferrittblokk-6-mm\/\" \/>\n<meta property=\"og:locale\" content=\"nb_NO\" \/>\n<meta property=\"og:type\" content=\"article\" \/>\n<meta property=\"og:title\" content=\"Avst\u00f6rningsskydd Ferritblock 6 mm - Xenonkungen\" \/>\n<meta property=\"og:description\" content=\"D\u00e4mpa o\u00f6nskade radiost\u00f6rningar 30-600 Mhz\" \/>\n<meta property=\"og:url\" content=\"https:\/\/xenonkungen.com\/no\/produkt\/overspenningsvern-ferrittblokk-6-mm\/\" \/>\n<meta property=\"og:site_name\" content=\"Xenonkungen\" \/>\n<meta property=\"article:modified_time\" content=\"2026-03-12T15:48:30+00:00\" \/>\n<meta property=\"og:image\" content=\"https:\/\/xenonkungen.com\/wp-content\/uploads\/2025\/04\/30092162-01.jpg\" \/>\n\t<meta property=\"og:image:width\" content=\"600\" \/>\n\t<meta property=\"og:image:height\" content=\"336\" \/>\n\t<meta property=\"og:image:type\" content=\"image\/jpeg\" \/>\n<meta name=\"twitter:card\" content=\"summary_large_image\" \/>\n<script type=\"application\/ld+json\" class=\"yoast-schema-graph\">{\"@context\":\"https:\/\/schema.org\",\"@graph\":[{\"@type\":\"WebPage\",\"@id\":\"https:\/\/xenonkungen.com\/produkt\/avstorningsskydd-ferritblock-6-mm\/\",\"url\":\"https:\/\/xenonkungen.com\/produkt\/avstorningsskydd-ferritblock-6-mm\/\",\"name\":\"Avst\u00f6rningsskydd Ferritblock 6 mm - Xenonkungen\",\"isPartOf\":{\"@id\":\"https:\/\/xenonkungen.com\/#website\"},\"primaryImageOfPage\":{\"@id\":\"https:\/\/xenonkungen.com\/produkt\/avstorningsskydd-ferritblock-6-mm\/#primaryimage\"},\"image\":{\"@id\":\"https:\/\/xenonkungen.com\/produkt\/avstorningsskydd-ferritblock-6-mm\/#primaryimage\"},\"thumbnailUrl\":\"https:\/\/xenonkungen.com\/wp-content\/uploads\/2025\/04\/30092162-01.jpg\",\"datePublished\":\"2025-04-15T08:24:37+00:00\",\"dateModified\":\"2026-03-12T15:48:30+00:00\",\"breadcrumb\":{\"@id\":\"https:\/\/xenonkungen.com\/produkt\/avstorningsskydd-ferritblock-6-mm\/#breadcrumb\"},\"inLanguage\":\"nb-NO\",\"potentialAction\":[{\"@type\":\"ReadAction\",\"target\":[\"https:\/\/xenonkungen.com\/produkt\/avstorningsskydd-ferritblock-6-mm\/\"]}]},{\"@type\":\"ImageObject\",\"inLanguage\":\"nb-NO\",\"@id\":\"https:\/\/xenonkungen.com\/produkt\/avstorningsskydd-ferritblock-6-mm\/#primaryimage\",\"url\":\"https:\/\/xenonkungen.com\/wp-content\/uploads\/2025\/04\/30092162-01.jpg\",\"contentUrl\":\"https:\/\/xenonkungen.com\/wp-content\/uploads\/2025\/04\/30092162-01.jpg\",\"width\":600,\"height\":336},{\"@type\":\"BreadcrumbList\",\"@id\":\"https:\/\/xenonkungen.com\/produkt\/avstorningsskydd-ferritblock-6-mm\/#breadcrumb\",\"itemListElement\":[{\"@type\":\"ListItem\",\"position\":1,\"name\":\"Hem\",\"item\":\"https:\/\/xenonkungen.com\/\"},{\"@type\":\"ListItem\",\"position\":2,\"name\":\"Shop\",\"item\":\"https:\/\/xenonkungen.com\/shop\/\"},{\"@type\":\"ListItem\",\"position\":3,\"name\":\"Avst\u00f6rningsskydd Ferritblock 6 mm\"}]},{\"@type\":\"WebSite\",\"@id\":\"https:\/\/xenonkungen.com\/#website\",\"url\":\"https:\/\/xenonkungen.com\/\",\"name\":\"Xenonkungen\",\"description\":\"\",\"potentialAction\":[{\"@type\":\"SearchAction\",\"target\":{\"@type\":\"EntryPoint\",\"urlTemplate\":\"https:\/\/xenonkungen.com\/?s={search_term_string}\"},\"query-input\":{\"@type\":\"PropertyValueSpecification\",\"valueRequired\":true,\"valueName\":\"search_term_string\"}}],\"inLanguage\":\"nb-NO\"}]}<\/script>\n<!-- \/ Yoast SEO plugin. -->","yoast_head_json":{"title":"Interferensbeskyttelse Ferrittblokk 6 mm - Xenonkungen","robots":{"index":"index","follow":"follow","max-snippet":"max-snippet:-1","max-image-preview":"max-image-preview:large","max-video-preview":"max-video-preview:-1"},"canonical":"https:\/\/xenonkungen.com\/no\/produkt\/overspenningsvern-ferrittblokk-6-mm\/","og_locale":"nb_NO","og_type":"article","og_title":"Avst\u00f6rningsskydd Ferritblock 6 mm - Xenonkungen","og_description":"D\u00e4mpa o\u00f6nskade radiost\u00f6rningar 30-600 Mhz","og_url":"https:\/\/xenonkungen.com\/no\/produkt\/overspenningsvern-ferrittblokk-6-mm\/","og_site_name":"Xenonkungen","article_modified_time":"2026-03-12T15:48:30+00:00","og_image":[{"width":600,"height":336,"url":"https:\/\/xenonkungen.com\/wp-content\/uploads\/2025\/04\/30092162-01.jpg","type":"image\/jpeg"}],"twitter_card":"summary_large_image","schema":{"@context":"https:\/\/schema.org","@graph":[{"@type":"WebPage","@id":"https:\/\/xenonkungen.com\/produkt\/avstorningsskydd-ferritblock-6-mm\/","url":"https:\/\/xenonkungen.com\/produkt\/avstorningsskydd-ferritblock-6-mm\/","name":"Interferensbeskyttelse Ferrittblokk 6 mm - Xenonkungen","isPartOf":{"@id":"https:\/\/xenonkungen.com\/#website"},"primaryImageOfPage":{"@id":"https:\/\/xenonkungen.com\/produkt\/avstorningsskydd-ferritblock-6-mm\/#primaryimage"},"image":{"@id":"https:\/\/xenonkungen.com\/produkt\/avstorningsskydd-ferritblock-6-mm\/#primaryimage"},"thumbnailUrl":"https:\/\/xenonkungen.com\/wp-content\/uploads\/2025\/04\/30092162-01.jpg","datePublished":"2025-04-15T08:24:37+00:00","dateModified":"2026-03-12T15:48:30+00:00","breadcrumb":{"@id":"https:\/\/xenonkungen.com\/produkt\/avstorningsskydd-ferritblock-6-mm\/#breadcrumb"},"inLanguage":"nb-NO","potentialAction":[{"@type":"ReadAction","target":["https:\/\/xenonkungen.com\/produkt\/avstorningsskydd-ferritblock-6-mm\/"]}]},{"@type":"ImageObject","inLanguage":"nb-NO","@id":"https:\/\/xenonkungen.com\/produkt\/avstorningsskydd-ferritblock-6-mm\/#primaryimage","url":"https:\/\/xenonkungen.com\/wp-content\/uploads\/2025\/04\/30092162-01.jpg","contentUrl":"https:\/\/xenonkungen.com\/wp-content\/uploads\/2025\/04\/30092162-01.jpg","width":600,"height":336},{"@type":"BreadcrumbList","@id":"https:\/\/xenonkungen.com\/produkt\/avstorningsskydd-ferritblock-6-mm\/#breadcrumb","itemListElement":[{"@type":"ListItem","position":1,"name":"Hem","item":"https:\/\/xenonkungen.com\/"},{"@type":"ListItem","position":2,"name":"Shop","item":"https:\/\/xenonkungen.com\/shop\/"},{"@type":"ListItem","position":3,"name":"Avst\u00f6rningsskydd Ferritblock 6 mm"}]},{"@type":"WebSite","@id":"https:\/\/xenonkungen.com\/#website","url":"https:\/\/xenonkungen.com\/","name":"Xenonkungen","description":"","potentialAction":[{"@type":"SearchAction","target":{"@type":"EntryPoint","urlTemplate":"https:\/\/xenonkungen.com\/?s={search_term_string}"},"query-input":{"@type":"PropertyValueSpecification","valueRequired":true,"valueName":"search_term_string"}}],"inLanguage":"nb-NO"}]}},"taxonomy_info":{"product_brand":[{"value":117,"label":"Xenonkungen"}],"product_cat":[{"value":2487,"label":"Canbus"},{"value":390,"label":"Installation"}]},"featured_image_src_large":["https:\/\/xenonkungen.com\/wp-content\/uploads\/2025\/04\/30092162-01.jpg",600,336,false],"author_info":[],"comment_info":0,"_links":{"self":[{"href":"https:\/\/xenonkungen.com\/no\/wp-json\/wp\/v2\/product\/1571","targetHints":{"allow":["GET"]}}],"collection":[{"href":"https:\/\/xenonkungen.com\/no\/wp-json\/wp\/v2\/product"}],"about":[{"href":"https:\/\/xenonkungen.com\/no\/wp-json\/wp\/v2\/types\/product"}],"replies":[{"embeddable":true,"href":"https:\/\/xenonkungen.com\/no\/wp-json\/wp\/v2\/comments?post=1571"}],"wp:featuredmedia":[{"embeddable":true,"href":"https:\/\/xenonkungen.com\/no\/wp-json\/wp\/v2\/media\/1572"}],"wp:attachment":[{"href":"https:\/\/xenonkungen.com\/no\/wp-json\/wp\/v2\/media?parent=1571"}],"wp:term":[{"taxonomy":"anvandningsomrade","embeddable":true,"href":"https:\/\/xenonkungen.com\/no\/wp-json\/wp\/v2\/anvandningsomrade?post=1571"},{"taxonomy":"bilmarken","embeddable":true,"href":"https:\/\/xenonkungen.com\/no\/wp-json\/wp\/v2\/bilmarken?post=1571"},{"taxonomy":"product_brand","embeddable":true,"href":"https:\/\/xenonkungen.com\/no\/wp-json\/wp\/v2\/product_brand?post=1571"},{"taxonomy":"product_cat","embeddable":true,"href":"https:\/\/xenonkungen.com\/no\/wp-json\/wp\/v2\/product_cat?post=1571"},{"taxonomy":"product_tag","embeddable":true,"href":"https:\/\/xenonkungen.com\/no\/wp-json\/wp\/v2\/product_tag?post=1571"}],"curies":[{"name":"wp","href":"https:\/\/api.w.org\/{rel}","templated":true}]}}