{"id":16132,"date":"2025-10-21T11:05:50","date_gmt":"2025-10-21T11:05:50","guid":{"rendered":"https:\/\/xenonkungen.com\/?post_type=product&#038;p=16132"},"modified":"2026-05-08T15:40:15","modified_gmt":"2026-05-08T14:40:15","slug":"nbb-alpha-225-h1-vaskemaskin","status":"publish","type":"product","link":"https:\/\/xenonkungen.com\/no\/produkt\/nbb-alpha-225-h1-vaskemaskin\/","title":{"rendered":"NBB Alpha 225 H1 brett"},"content":{"rendered":"<h3 data-start=\"138\" data-end=\"187\">Adapter for H1 til NBB Alpha 225 Extra light<\/h3>\n<p data-start=\"189\" data-end=\"318\">Praktisk tilbeh\u00f8r for deg som mangler eller har mistet skiven n\u00e5r du monterer H1-lamper i dine NBB Alpha 225 ekstralys.<\/p>\n<p data-start=\"320\" data-end=\"448\">Denne adapteren gj\u00f8r installasjonen enkel og sikker, samtidig som den sikrer perfekt passform for best mulig lysutbytte og ytelse.<\/p>\n<p data-start=\"450\" data-end=\"638\">- Passer til NBB Alpha 225 ekstra lett<br data-start=\"482\" data-end=\"485\" \/>- For installasjon av H1-lamper<br data-start=\"513\" data-end=\"516\" \/>- Enkel og smidig installasjon<br data-start=\"547\" data-end=\"550\" \/>- Sikker passform og n\u00f8yaktig lysbilde<br data-start=\"587\" data-end=\"590\" \/>- Perfekt erstatning hvis originalplaten mangler<\/p>","protected":false},"excerpt":{"rendered":"<p>Adapter f\u00f6r H1 till NBB Alpha 225 Extraljus Praktiskt tillbeh\u00f6r f\u00f6r dig som saknar eller har tappat bort brickan vid montering av H1-lampor i dina NBB Alpha 225 extraljus. Med denna adapter blir monteringen enkel och s\u00e4ker samtidigt som lampan f\u00e5r perfekt passform f\u00f6r b\u00e4sta ljusbild och prestanda. \u2022 Passar NBB Alpha 225 extraljus\u2022 F\u00f6r [&hellip;]<\/p>","protected":false},"featured_media":16134,"comment_status":"open","ping_status":"closed","template":"","meta":{"_acf_changed":false,"_smort_price_nok":"43","_smort_price_dkk":"27","_smort_price_eur":"3.64","_smort_sale_price_nok":"","_smort_sale_price_dkk":"","_smort_sale_price_eur":"2.73","smort_restorder":"","shipmondo_restorder":"","_kad_blocks_custom_css":"","_kad_blocks_head_custom_js":"","_kad_blocks_body_custom_js":"","_kad_blocks_footer_custom_js":"","smort_custom_pricelist_1":"25.6","smort_custom_pricelist_2":"22.4","smort_custom_pricelist_3":"20.8","smort_custom_pricelist_4":"32","smort_custom_pricelist_5":"25.6"},"anvandningsomrade":[],"bilmarken":[],"product_brand":[104],"product_cat":[2545,2841,2544,142,390],"product_tag":[],"class_list":{"0":"post-16132","1":"product","2":"type-product","3":"status-publish","4":"has-post-thumbnail","6":"product_brand-nbb","7":"product_cat-tillbehor-installation","8":"product_cat-installation-extraljus","9":"product_cat-nbb-xenon-led","10":"product_cat-extraljus","11":"product_cat-installation","13":"first","14":"instock","15":"taxable","16":"shipping-taxable","17":"purchasable","18":"product-type-simple"},"bundled_by":[],"bundle_stock_status":"instock","bundle_stock_quantity":440,"bundle_virtual":false,"bundle_layout":"","bundle_add_to_cart_form_location":"","bundle_editable_in_cart":false,"bundle_sold_individually_context":"","bundle_item_grouping":"","bundle_min_size":"","bundle_max_size":"","bundle_price":[],"bundled_items":[],"bundle_sell_ids":[],"acf":[],"yoast_head":"<!-- This site is optimized with the Yoast SEO plugin v27.0 - https:\/\/yoast.com\/product\/yoast-seo-wordpress\/ -->\n<title>NBB Alpha 225 H1 Bricka - Xenonkungen<\/title>\n<meta name=\"robots\" content=\"index, follow, max-snippet:-1, max-image-preview:large, max-video-preview:-1\" \/>\n<link rel=\"canonical\" href=\"https:\/\/xenonkungen.com\/no\/produkt\/nbb-alpha-225-h1-vaskemaskin\/\" \/>\n<meta property=\"og:locale\" content=\"nb_NO\" \/>\n<meta property=\"og:type\" content=\"article\" \/>\n<meta property=\"og:title\" content=\"NBB Alpha 225 H1 Bricka - Xenonkungen\" \/>\n<meta property=\"og:description\" content=\"Adapter f\u00f6r H1 till NBB Alpha 225 Extraljus Praktiskt tillbeh\u00f6r f\u00f6r dig som saknar eller har tappat bort brickan vid montering av H1-lampor i dina NBB Alpha 225 extraljus. Med denna adapter blir monteringen enkel och s\u00e4ker samtidigt som lampan f\u00e5r perfekt passform f\u00f6r b\u00e4sta ljusbild och prestanda. \u2022 Passar NBB Alpha 225 extraljus\u2022 F\u00f6r [&hellip;]\" \/>\n<meta property=\"og:url\" content=\"https:\/\/xenonkungen.com\/no\/produkt\/nbb-alpha-225-h1-vaskemaskin\/\" \/>\n<meta property=\"og:site_name\" content=\"Xenonkungen\" \/>\n<meta property=\"article:modified_time\" content=\"2026-05-08T14:40:15+00:00\" \/>\n<meta property=\"og:image\" content=\"https:\/\/xenonkungen.com\/wp-content\/uploads\/2025\/10\/NBB-H1-Brickor-ArtNr-XXX-XK259581.png\" \/>\n\t<meta property=\"og:image:width\" content=\"900\" \/>\n\t<meta property=\"og:image:height\" content=\"848\" \/>\n\t<meta property=\"og:image:type\" content=\"image\/png\" \/>\n<meta name=\"twitter:card\" content=\"summary_large_image\" \/>\n<meta name=\"twitter:label1\" content=\"Ansl. lesetid\" \/>\n\t<meta name=\"twitter:data1\" content=\"1 minutt\" \/>\n<script type=\"application\/ld+json\" class=\"yoast-schema-graph\">{\"@context\":\"https:\/\/schema.org\",\"@graph\":[{\"@type\":\"WebPage\",\"@id\":\"https:\/\/xenonkungen.com\/produkt\/nbb-alpha-225-h1-bricka\/\",\"url\":\"https:\/\/xenonkungen.com\/produkt\/nbb-alpha-225-h1-bricka\/\",\"name\":\"NBB Alpha 225 H1 Bricka - Xenonkungen\",\"isPartOf\":{\"@id\":\"https:\/\/xenonkungen.com\/#website\"},\"primaryImageOfPage\":{\"@id\":\"https:\/\/xenonkungen.com\/produkt\/nbb-alpha-225-h1-bricka\/#primaryimage\"},\"image\":{\"@id\":\"https:\/\/xenonkungen.com\/produkt\/nbb-alpha-225-h1-bricka\/#primaryimage\"},\"thumbnailUrl\":\"https:\/\/xenonkungen.com\/wp-content\/uploads\/2025\/10\/NBB-H1-Brickor-ArtNr-XXX-XK259581.png\",\"datePublished\":\"2025-10-21T11:05:50+00:00\",\"dateModified\":\"2026-05-08T14:40:15+00:00\",\"breadcrumb\":{\"@id\":\"https:\/\/xenonkungen.com\/produkt\/nbb-alpha-225-h1-bricka\/#breadcrumb\"},\"inLanguage\":\"nb-NO\",\"potentialAction\":[{\"@type\":\"ReadAction\",\"target\":[\"https:\/\/xenonkungen.com\/produkt\/nbb-alpha-225-h1-bricka\/\"]}]},{\"@type\":\"ImageObject\",\"inLanguage\":\"nb-NO\",\"@id\":\"https:\/\/xenonkungen.com\/produkt\/nbb-alpha-225-h1-bricka\/#primaryimage\",\"url\":\"https:\/\/xenonkungen.com\/wp-content\/uploads\/2025\/10\/NBB-H1-Brickor-ArtNr-XXX-XK259581.png\",\"contentUrl\":\"https:\/\/xenonkungen.com\/wp-content\/uploads\/2025\/10\/NBB-H1-Brickor-ArtNr-XXX-XK259581.png\",\"width\":900,\"height\":848},{\"@type\":\"BreadcrumbList\",\"@id\":\"https:\/\/xenonkungen.com\/produkt\/nbb-alpha-225-h1-bricka\/#breadcrumb\",\"itemListElement\":[{\"@type\":\"ListItem\",\"position\":1,\"name\":\"Hem\",\"item\":\"https:\/\/xenonkungen.com\/\"},{\"@type\":\"ListItem\",\"position\":2,\"name\":\"Shop\",\"item\":\"https:\/\/xenonkungen.com\/shop\/\"},{\"@type\":\"ListItem\",\"position\":3,\"name\":\"NBB Alpha 225 H1 Bricka\"}]},{\"@type\":\"WebSite\",\"@id\":\"https:\/\/xenonkungen.com\/#website\",\"url\":\"https:\/\/xenonkungen.com\/\",\"name\":\"Xenonkungen\",\"description\":\"\",\"potentialAction\":[{\"@type\":\"SearchAction\",\"target\":{\"@type\":\"EntryPoint\",\"urlTemplate\":\"https:\/\/xenonkungen.com\/?s={search_term_string}\"},\"query-input\":{\"@type\":\"PropertyValueSpecification\",\"valueRequired\":true,\"valueName\":\"search_term_string\"}}],\"inLanguage\":\"nb-NO\"}]}<\/script>\n<!-- \/ Yoast SEO plugin. -->","yoast_head_json":{"title":"NBB Alpha 225 H1 Skive - Xenonkungen","robots":{"index":"index","follow":"follow","max-snippet":"max-snippet:-1","max-image-preview":"max-image-preview:large","max-video-preview":"max-video-preview:-1"},"canonical":"https:\/\/xenonkungen.com\/no\/produkt\/nbb-alpha-225-h1-vaskemaskin\/","og_locale":"nb_NO","og_type":"article","og_title":"NBB Alpha 225 H1 Bricka - Xenonkungen","og_description":"Adapter f\u00f6r H1 till NBB Alpha 225 Extraljus Praktiskt tillbeh\u00f6r f\u00f6r dig som saknar eller har tappat bort brickan vid montering av H1-lampor i dina NBB Alpha 225 extraljus. Med denna adapter blir monteringen enkel och s\u00e4ker samtidigt som lampan f\u00e5r perfekt passform f\u00f6r b\u00e4sta ljusbild och prestanda. \u2022 Passar NBB Alpha 225 extraljus\u2022 F\u00f6r [&hellip;]","og_url":"https:\/\/xenonkungen.com\/no\/produkt\/nbb-alpha-225-h1-vaskemaskin\/","og_site_name":"Xenonkungen","article_modified_time":"2026-05-08T14:40:15+00:00","og_image":[{"width":900,"height":848,"url":"https:\/\/xenonkungen.com\/wp-content\/uploads\/2025\/10\/NBB-H1-Brickor-ArtNr-XXX-XK259581.png","type":"image\/png"}],"twitter_card":"summary_large_image","twitter_misc":{"Ansl. lesetid":"1 minutt"},"schema":{"@context":"https:\/\/schema.org","@graph":[{"@type":"WebPage","@id":"https:\/\/xenonkungen.com\/produkt\/nbb-alpha-225-h1-bricka\/","url":"https:\/\/xenonkungen.com\/produkt\/nbb-alpha-225-h1-bricka\/","name":"NBB Alpha 225 H1 Skive - Xenonkungen","isPartOf":{"@id":"https:\/\/xenonkungen.com\/#website"},"primaryImageOfPage":{"@id":"https:\/\/xenonkungen.com\/produkt\/nbb-alpha-225-h1-bricka\/#primaryimage"},"image":{"@id":"https:\/\/xenonkungen.com\/produkt\/nbb-alpha-225-h1-bricka\/#primaryimage"},"thumbnailUrl":"https:\/\/xenonkungen.com\/wp-content\/uploads\/2025\/10\/NBB-H1-Brickor-ArtNr-XXX-XK259581.png","datePublished":"2025-10-21T11:05:50+00:00","dateModified":"2026-05-08T14:40:15+00:00","breadcrumb":{"@id":"https:\/\/xenonkungen.com\/produkt\/nbb-alpha-225-h1-bricka\/#breadcrumb"},"inLanguage":"nb-NO","potentialAction":[{"@type":"ReadAction","target":["https:\/\/xenonkungen.com\/produkt\/nbb-alpha-225-h1-bricka\/"]}]},{"@type":"ImageObject","inLanguage":"nb-NO","@id":"https:\/\/xenonkungen.com\/produkt\/nbb-alpha-225-h1-bricka\/#primaryimage","url":"https:\/\/xenonkungen.com\/wp-content\/uploads\/2025\/10\/NBB-H1-Brickor-ArtNr-XXX-XK259581.png","contentUrl":"https:\/\/xenonkungen.com\/wp-content\/uploads\/2025\/10\/NBB-H1-Brickor-ArtNr-XXX-XK259581.png","width":900,"height":848},{"@type":"BreadcrumbList","@id":"https:\/\/xenonkungen.com\/produkt\/nbb-alpha-225-h1-bricka\/#breadcrumb","itemListElement":[{"@type":"ListItem","position":1,"name":"Hem","item":"https:\/\/xenonkungen.com\/"},{"@type":"ListItem","position":2,"name":"Shop","item":"https:\/\/xenonkungen.com\/shop\/"},{"@type":"ListItem","position":3,"name":"NBB Alpha 225 H1 Bricka"}]},{"@type":"WebSite","@id":"https:\/\/xenonkungen.com\/#website","url":"https:\/\/xenonkungen.com\/","name":"Xenonkungen","description":"","potentialAction":[{"@type":"SearchAction","target":{"@type":"EntryPoint","urlTemplate":"https:\/\/xenonkungen.com\/?s={search_term_string}"},"query-input":{"@type":"PropertyValueSpecification","valueRequired":true,"valueName":"search_term_string"}}],"inLanguage":"nb-NO"}]}},"taxonomy_info":{"product_brand":[{"value":104,"label":"NBB"}],"product_cat":[{"value":2545,"label":"INSTALLATION"},{"value":2841,"label":"Installation extraljus"},{"value":2544,"label":"NBB Xenon\/LED"},{"value":142,"label":"Extraljus"},{"value":390,"label":"Installation"}]},"featured_image_src_large":["https:\/\/xenonkungen.com\/wp-content\/uploads\/2025\/10\/NBB-H1-Brickor-ArtNr-XXX-XK259581.png",900,848,false],"author_info":[],"comment_info":1,"_links":{"self":[{"href":"https:\/\/xenonkungen.com\/no\/wp-json\/wp\/v2\/product\/16132","targetHints":{"allow":["GET"]}}],"collection":[{"href":"https:\/\/xenonkungen.com\/no\/wp-json\/wp\/v2\/product"}],"about":[{"href":"https:\/\/xenonkungen.com\/no\/wp-json\/wp\/v2\/types\/product"}],"replies":[{"embeddable":true,"href":"https:\/\/xenonkungen.com\/no\/wp-json\/wp\/v2\/comments?post=16132"}],"wp:featuredmedia":[{"embeddable":true,"href":"https:\/\/xenonkungen.com\/no\/wp-json\/wp\/v2\/media\/16134"}],"wp:attachment":[{"href":"https:\/\/xenonkungen.com\/no\/wp-json\/wp\/v2\/media?parent=16132"}],"wp:term":[{"taxonomy":"anvandningsomrade","embeddable":true,"href":"https:\/\/xenonkungen.com\/no\/wp-json\/wp\/v2\/anvandningsomrade?post=16132"},{"taxonomy":"bilmarken","embeddable":true,"href":"https:\/\/xenonkungen.com\/no\/wp-json\/wp\/v2\/bilmarken?post=16132"},{"taxonomy":"product_brand","embeddable":true,"href":"https:\/\/xenonkungen.com\/no\/wp-json\/wp\/v2\/product_brand?post=16132"},{"taxonomy":"product_cat","embeddable":true,"href":"https:\/\/xenonkungen.com\/no\/wp-json\/wp\/v2\/product_cat?post=16132"},{"taxonomy":"product_tag","embeddable":true,"href":"https:\/\/xenonkungen.com\/no\/wp-json\/wp\/v2\/product_tag?post=16132"}],"curies":[{"name":"wp","href":"https:\/\/api.w.org\/{rel}","templated":true}]}}