{"id":1636,"date":"2025-04-15T08:25:43","date_gmt":"2025-04-15T08:25:43","guid":{"rendered":"https:\/\/xenonkungen.com\/product\/led-decoder-motstand-5w\/"},"modified":"2026-04-21T23:19:34","modified_gmt":"2026-04-21T22:19:34","slug":"led-dekodermotstand-5w","status":"publish","type":"product","link":"https:\/\/xenonkungen.com\/no\/produkt\/led-dekodermotstand-5w\/","title":{"rendered":"LED-dekoder \/ motstand 5W"},"content":{"rendered":"<p>Brukes for \u00e5 eliminere feilmeldinger ved ettermontering av LED-lamper. Motstanden kobles parallelt med LED-lampen. MERK: Det kreves \u00e9n motstand per lampe.<\/p>\n<p>Monteres for \u00e5 \u00f8ke str\u00f8mforbruket til en LED-lampe hvis bilens varslingssystem (Canbus) varsler om en \u00f8delagt lampe.<\/p>\n<p><strong>Spesifikasjoner:<\/strong><\/p>\n<ul>\n<li>Tilsvarer en 5 W-p\u00e6re (baklys, posisjonslys, skiltlys)<\/li>\n<li>En effektmotstand per lampe er n\u00f8dvendig for montering<\/li>\n<li>Kabellengde: 27 cm<\/li>\n<li>Leveres individuelt<\/li>\n<\/ul>","protected":false},"excerpt":{"rendered":"<p>Brukes for \u00e5 eliminere feilmeldinger ved ettermontering av LED-lamper. Motstanden kobles parallelt med LED-lampen. MERK: \u00c9n motstand er n\u00f8dvendig per lampe. Installeres for \u00e5 \u00f8ke str\u00f8mforbruket til en LED-lampe, hvis bilens varslingssystem (Canbus) varsler om en \u00f8delagt lampe. Spesifikasjoner: Tilsvarer 5 W gl\u00f8delampe (baklys, posisjonslys, nummerskiltlys) \u00c9n effektmotstand per lampe er n\u00f8dvendig ved installasjon Kabellengde: 27 cm Leveres enkeltvis<\/p>","protected":false},"featured_media":1637,"comment_status":"closed","ping_status":"closed","template":"","meta":{"_acf_changed":false,"_smort_price_nok":"52","_smort_price_dkk":"33","_smort_price_eur":"4.45","_smort_sale_price_nok":"","_smort_sale_price_dkk":"","_smort_sale_price_eur":"3.34","smort_restorder":"","shipmondo_restorder":"","_kad_blocks_custom_css":"","_kad_blocks_head_custom_js":"","_kad_blocks_body_custom_js":"","_kad_blocks_footer_custom_js":"","smort_custom_pricelist_1":"31.36","smort_custom_pricelist_2":"27.44","smort_custom_pricelist_3":"26.07","smort_custom_pricelist_4":"39.2","smort_custom_pricelist_5":"27.44"},"anvandningsomrade":[],"bilmarken":[],"product_brand":[2793],"product_cat":[390],"product_tag":[],"class_list":{"0":"post-1636","1":"product","2":"type-product","3":"status-publish","4":"has-post-thumbnail","6":"product_brand-ovrigt","7":"product_cat-installation","8":"pa_faktisk-effekts-forbrukning-540","9":"pa_volt-v-multivolt-12-24","11":"first","12":"instock","13":"taxable","14":"shipping-taxable","15":"purchasable","16":"product-type-simple"},"bundled_by":[],"bundle_stock_status":"instock","bundle_stock_quantity":22,"bundle_virtual":false,"bundle_layout":"","bundle_add_to_cart_form_location":"","bundle_editable_in_cart":false,"bundle_sold_individually_context":"","bundle_item_grouping":"","bundle_min_size":"","bundle_max_size":"","bundle_price":[],"bundled_items":[],"bundle_sell_ids":[],"acf":[],"yoast_head":"<!-- This site is optimized with the Yoast SEO plugin v27.0 - https:\/\/yoast.com\/product\/yoast-seo-wordpress\/ -->\n<title>LED Decoder \/ motst\u00e5nd 5W - Xenonkungen<\/title>\n<meta name=\"robots\" content=\"index, follow, max-snippet:-1, max-image-preview:large, max-video-preview:-1\" \/>\n<link rel=\"canonical\" href=\"https:\/\/xenonkungen.com\/no\/produkt\/led-dekodermotstand-5w\/\" \/>\n<meta property=\"og:locale\" content=\"nb_NO\" \/>\n<meta property=\"og:type\" content=\"article\" \/>\n<meta property=\"og:title\" content=\"LED Decoder \/ motst\u00e5nd 5W - Xenonkungen\" \/>\n<meta property=\"og:description\" content=\"Anv\u00e4nds f\u00f6r att eliminera felmeddelande vid eftermontering av LED-lampor. Motst\u00e5ndet parallellkopplas med LED-lampan. OBS: Det kr\u00e4vs ett motst\u00e5nd per lampa. Monteras f\u00f6r att \u00f6ka str\u00f6mf\u00f6rbrukningen p\u00e5 en LED-lampa, om bilens varningssystem (Canbus) varnar om trasig lampa. Specifikationer: Motsvarar 5 W-gl\u00f6dlampa (bakljus, positionsljus, skyltbelysning) Ett effektmotst\u00e5nd per lampa beh\u00f6vs vid montering Kabell\u00e4ngd: 27 cm Levereras styckvis\" \/>\n<meta property=\"og:url\" content=\"https:\/\/xenonkungen.com\/no\/produkt\/led-dekodermotstand-5w\/\" \/>\n<meta property=\"og:site_name\" content=\"Xenonkungen\" \/>\n<meta property=\"article:modified_time\" content=\"2026-04-21T22:19:34+00:00\" \/>\n<meta property=\"og:image\" content=\"https:\/\/xenonkungen.com\/wp-content\/uploads\/2025\/04\/169699673-origpic-cd167e.png\" \/>\n\t<meta property=\"og:image:width\" content=\"1000\" \/>\n\t<meta property=\"og:image:height\" content=\"1000\" \/>\n\t<meta property=\"og:image:type\" content=\"image\/png\" \/>\n<meta name=\"twitter:card\" content=\"summary_large_image\" \/>\n<script type=\"application\/ld+json\" class=\"yoast-schema-graph\">{\"@context\":\"https:\/\/schema.org\",\"@graph\":[{\"@type\":\"WebPage\",\"@id\":\"https:\/\/xenonkungen.com\/produkt\/led-decoder-motstand-5w\/\",\"url\":\"https:\/\/xenonkungen.com\/produkt\/led-decoder-motstand-5w\/\",\"name\":\"LED Decoder \/ motst\u00e5nd 5W - Xenonkungen\",\"isPartOf\":{\"@id\":\"https:\/\/xenonkungen.com\/#website\"},\"primaryImageOfPage\":{\"@id\":\"https:\/\/xenonkungen.com\/produkt\/led-decoder-motstand-5w\/#primaryimage\"},\"image\":{\"@id\":\"https:\/\/xenonkungen.com\/produkt\/led-decoder-motstand-5w\/#primaryimage\"},\"thumbnailUrl\":\"https:\/\/xenonkungen.com\/wp-content\/uploads\/2025\/04\/169699673-origpic-cd167e.png\",\"datePublished\":\"2025-04-15T08:25:43+00:00\",\"dateModified\":\"2026-04-21T22:19:34+00:00\",\"breadcrumb\":{\"@id\":\"https:\/\/xenonkungen.com\/produkt\/led-decoder-motstand-5w\/#breadcrumb\"},\"inLanguage\":\"nb-NO\",\"potentialAction\":[{\"@type\":\"ReadAction\",\"target\":[\"https:\/\/xenonkungen.com\/produkt\/led-decoder-motstand-5w\/\"]}]},{\"@type\":\"ImageObject\",\"inLanguage\":\"nb-NO\",\"@id\":\"https:\/\/xenonkungen.com\/produkt\/led-decoder-motstand-5w\/#primaryimage\",\"url\":\"https:\/\/xenonkungen.com\/wp-content\/uploads\/2025\/04\/169699673-origpic-cd167e.png\",\"contentUrl\":\"https:\/\/xenonkungen.com\/wp-content\/uploads\/2025\/04\/169699673-origpic-cd167e.png\",\"width\":1000,\"height\":1000},{\"@type\":\"BreadcrumbList\",\"@id\":\"https:\/\/xenonkungen.com\/produkt\/led-decoder-motstand-5w\/#breadcrumb\",\"itemListElement\":[{\"@type\":\"ListItem\",\"position\":1,\"name\":\"Hem\",\"item\":\"https:\/\/xenonkungen.com\/\"},{\"@type\":\"ListItem\",\"position\":2,\"name\":\"Shop\",\"item\":\"https:\/\/xenonkungen.com\/shop\/\"},{\"@type\":\"ListItem\",\"position\":3,\"name\":\"LED Decoder \/ motst\u00e5nd 5W\"}]},{\"@type\":\"WebSite\",\"@id\":\"https:\/\/xenonkungen.com\/#website\",\"url\":\"https:\/\/xenonkungen.com\/\",\"name\":\"Xenonkungen\",\"description\":\"\",\"potentialAction\":[{\"@type\":\"SearchAction\",\"target\":{\"@type\":\"EntryPoint\",\"urlTemplate\":\"https:\/\/xenonkungen.com\/?s={search_term_string}\"},\"query-input\":{\"@type\":\"PropertyValueSpecification\",\"valueRequired\":true,\"valueName\":\"search_term_string\"}}],\"inLanguage\":\"nb-NO\"}]}<\/script>\n<!-- \/ Yoast SEO plugin. -->","yoast_head_json":{"title":"LED-dekoder \/ motstand 5W - Xenonkungen","robots":{"index":"index","follow":"follow","max-snippet":"max-snippet:-1","max-image-preview":"max-image-preview:large","max-video-preview":"max-video-preview:-1"},"canonical":"https:\/\/xenonkungen.com\/no\/produkt\/led-dekodermotstand-5w\/","og_locale":"nb_NO","og_type":"article","og_title":"LED Decoder \/ motst\u00e5nd 5W - Xenonkungen","og_description":"Anv\u00e4nds f\u00f6r att eliminera felmeddelande vid eftermontering av LED-lampor. Motst\u00e5ndet parallellkopplas med LED-lampan. OBS: Det kr\u00e4vs ett motst\u00e5nd per lampa. Monteras f\u00f6r att \u00f6ka str\u00f6mf\u00f6rbrukningen p\u00e5 en LED-lampa, om bilens varningssystem (Canbus) varnar om trasig lampa. Specifikationer: Motsvarar 5 W-gl\u00f6dlampa (bakljus, positionsljus, skyltbelysning) Ett effektmotst\u00e5nd per lampa beh\u00f6vs vid montering Kabell\u00e4ngd: 27 cm Levereras styckvis","og_url":"https:\/\/xenonkungen.com\/no\/produkt\/led-dekodermotstand-5w\/","og_site_name":"Xenonkungen","article_modified_time":"2026-04-21T22:19:34+00:00","og_image":[{"width":1000,"height":1000,"url":"https:\/\/xenonkungen.com\/wp-content\/uploads\/2025\/04\/169699673-origpic-cd167e.png","type":"image\/png"}],"twitter_card":"summary_large_image","schema":{"@context":"https:\/\/schema.org","@graph":[{"@type":"WebPage","@id":"https:\/\/xenonkungen.com\/produkt\/led-decoder-motstand-5w\/","url":"https:\/\/xenonkungen.com\/produkt\/led-decoder-motstand-5w\/","name":"LED-dekoder \/ motstand 5W - Xenonkungen","isPartOf":{"@id":"https:\/\/xenonkungen.com\/#website"},"primaryImageOfPage":{"@id":"https:\/\/xenonkungen.com\/produkt\/led-decoder-motstand-5w\/#primaryimage"},"image":{"@id":"https:\/\/xenonkungen.com\/produkt\/led-decoder-motstand-5w\/#primaryimage"},"thumbnailUrl":"https:\/\/xenonkungen.com\/wp-content\/uploads\/2025\/04\/169699673-origpic-cd167e.png","datePublished":"2025-04-15T08:25:43+00:00","dateModified":"2026-04-21T22:19:34+00:00","breadcrumb":{"@id":"https:\/\/xenonkungen.com\/produkt\/led-decoder-motstand-5w\/#breadcrumb"},"inLanguage":"nb-NO","potentialAction":[{"@type":"ReadAction","target":["https:\/\/xenonkungen.com\/produkt\/led-decoder-motstand-5w\/"]}]},{"@type":"ImageObject","inLanguage":"nb-NO","@id":"https:\/\/xenonkungen.com\/produkt\/led-decoder-motstand-5w\/#primaryimage","url":"https:\/\/xenonkungen.com\/wp-content\/uploads\/2025\/04\/169699673-origpic-cd167e.png","contentUrl":"https:\/\/xenonkungen.com\/wp-content\/uploads\/2025\/04\/169699673-origpic-cd167e.png","width":1000,"height":1000},{"@type":"BreadcrumbList","@id":"https:\/\/xenonkungen.com\/produkt\/led-decoder-motstand-5w\/#breadcrumb","itemListElement":[{"@type":"ListItem","position":1,"name":"Hem","item":"https:\/\/xenonkungen.com\/"},{"@type":"ListItem","position":2,"name":"Shop","item":"https:\/\/xenonkungen.com\/shop\/"},{"@type":"ListItem","position":3,"name":"LED Decoder \/ motst\u00e5nd 5W"}]},{"@type":"WebSite","@id":"https:\/\/xenonkungen.com\/#website","url":"https:\/\/xenonkungen.com\/","name":"Xenonkungen","description":"","potentialAction":[{"@type":"SearchAction","target":{"@type":"EntryPoint","urlTemplate":"https:\/\/xenonkungen.com\/?s={search_term_string}"},"query-input":{"@type":"PropertyValueSpecification","valueRequired":true,"valueName":"search_term_string"}}],"inLanguage":"nb-NO"}]}},"taxonomy_info":{"product_brand":[{"value":2793,"label":"\u00d6VRIGT"}],"product_cat":[{"value":390,"label":"Installation"}],"pa_faktisk-effekts-forbrukning":[{"value":540,"label":"5"}],"pa_volt-v":[{"value":382,"label":"Multivolt, 12, 24"}]},"featured_image_src_large":["https:\/\/xenonkungen.com\/wp-content\/uploads\/2025\/04\/169699673-origpic-cd167e.png",1000,1000,false],"author_info":[],"comment_info":0,"_links":{"self":[{"href":"https:\/\/xenonkungen.com\/no\/wp-json\/wp\/v2\/product\/1636","targetHints":{"allow":["GET"]}}],"collection":[{"href":"https:\/\/xenonkungen.com\/no\/wp-json\/wp\/v2\/product"}],"about":[{"href":"https:\/\/xenonkungen.com\/no\/wp-json\/wp\/v2\/types\/product"}],"replies":[{"embeddable":true,"href":"https:\/\/xenonkungen.com\/no\/wp-json\/wp\/v2\/comments?post=1636"}],"wp:featuredmedia":[{"embeddable":true,"href":"https:\/\/xenonkungen.com\/no\/wp-json\/wp\/v2\/media\/1637"}],"wp:attachment":[{"href":"https:\/\/xenonkungen.com\/no\/wp-json\/wp\/v2\/media?parent=1636"}],"wp:term":[{"taxonomy":"anvandningsomrade","embeddable":true,"href":"https:\/\/xenonkungen.com\/no\/wp-json\/wp\/v2\/anvandningsomrade?post=1636"},{"taxonomy":"bilmarken","embeddable":true,"href":"https:\/\/xenonkungen.com\/no\/wp-json\/wp\/v2\/bilmarken?post=1636"},{"taxonomy":"product_brand","embeddable":true,"href":"https:\/\/xenonkungen.com\/no\/wp-json\/wp\/v2\/product_brand?post=1636"},{"taxonomy":"product_cat","embeddable":true,"href":"https:\/\/xenonkungen.com\/no\/wp-json\/wp\/v2\/product_cat?post=1636"},{"taxonomy":"product_tag","embeddable":true,"href":"https:\/\/xenonkungen.com\/no\/wp-json\/wp\/v2\/product_tag?post=1636"}],"curies":[{"name":"wp","href":"https:\/\/api.w.org\/{rel}","templated":true}]}}