{"id":17454,"date":"2025-11-06T15:00:55","date_gmt":"2025-11-06T14:00:55","guid":{"rendered":"https:\/\/xenonkungen.com\/?post_type=product&#038;p=17454"},"modified":"2026-03-12T13:22:19","modified_gmt":"2026-03-12T12:22:19","slug":"osram-led-lyskilde-cube-mx230-cb-amber-extreme-9","status":"publish","type":"product","link":"https:\/\/xenonkungen.com\/no\/produkt\/osram-led-lyskilde-cube-mx230-cb-amber-extreme-9\/","title":{"rendered":"Osram LEDriving\u00ae CUBE MX230-CB AMBER EXTREME | 9\u2033"},"content":{"rendered":"<p><strong>OSRAM LEDriving MX-serien 9\u2033 \u2013 Maksimal ytelse. Overalt.<\/strong><\/p>\n<p>OSRAM MX-serien er bygget for de som \u00f8nsker ekte lys.<br \/>\nEt f\u00f8rsteklasses LED-ekstralys som leverer brutal lysutbytte, moderne design og en robust konstruksjon som t\u00e5ler alt fra lange asfaltskj\u00f8ringer til t\u00f8ffe arbeidsmilj\u00f8er og terreng.<\/p>\n<p>Med opptil 10 000 lumen i boost-optikk og avansert kombinasjonsoptikk f\u00e5r du b\u00e5de lengde og bredde i samme lysm\u00f8nster \u2013 perfekt sikt uavhengig av hastighet, terreng eller v\u00e6r.<\/p>\n<p><strong>4-i-1 \u2013 velg uttrykk og funksjon<\/strong><\/p>\n<p>MX-serien tilbyr fleksibelt belysningsoppsett:<\/p>\n<ul>\n<li>Sterkt lys<\/li>\n<li>Boost-modus<\/li>\n<li>Hvitt posisjonslys<\/li>\n<li>Gult posisjonslys<\/li>\n<\/ul>\n<p>Du velger stilen \u2013 et rent OEM-utseende eller et mer aggressivt rallyinspirert uttrykk.<\/p>\n<p><strong>Bygget for t\u00f8ff bruk<\/strong><\/p>\n<p>Robust aluminiumshus, polykarbonatlinse og IP6K8\/IP6K9K-sertifisering betyr at lampen er vanntett, st\u00f8vtett og vibrasjonsbestandig \u2013 hele \u00e5ret.<\/p>\n<p><strong>Perfekt egnet for:<\/strong><\/p>\n<ul>\n<li>Bil \/ personbil<\/li>\n<li>Lastebil \/ lastebil<\/li>\n<li>4\u00d74 \/ Terrengkj\u00f8ret\u00f8y<\/li>\n<li>ATV-er og UTV-er<\/li>\n<li>Landbruksmaskiner<\/li>\n<li>Arbeidskj\u00f8ret\u00f8y \/ nyttekj\u00f8ret\u00f8y<\/li>\n<li>Bygg\/entrepren\u00f8r<\/li>\n<li>Campingvogn\/bobil og tilhenger<\/li>\n<\/ul>\n<p><strong>Kort sagt:<\/strong><\/p>\n<p>OSRAM MX-serien er laget for maksimal sikt, presisjon og sikkerhet \u2013 der du trenger lys som virkelig leverer.<\/p>\n<p><strong>Dette er inkludert i pakken<\/strong><\/p>\n<ul>\n<li>OSRAM LEDriving Cube MX230<\/li>\n<li>Monteringsbrakett + 2. stabiliseringsstang<\/li>\n<li>Hannkontakt med l\u00f8se ledere<\/li>\n<\/ul>\n<p>F\u00f8rsteklasses lysytelse \u2013 uansett hvor veien f\u00f8rer.<\/p>\n<p><strong>5 \u00e5rs garanti.<\/strong><\/p>\n<p><a href=\"https:\/\/xenonkungen.com\/?attachment_id=17543\" rel=\"attachment wp-att-17543\"><img loading=\"lazy\" decoding=\"async\" class=\"alignnone size-full wp-image-17543\" src=\"https:\/\/xenonkungen.com\/wp-content\/uploads\/2025\/11\/Skarmbild-2025-11-06-151812.png\" alt=\"\" width=\"298\" height=\"54\" srcset=\"https:\/\/xenonkungen.com\/wp-content\/uploads\/2025\/11\/Skarmbild-2025-11-06-151812.png 298w, https:\/\/xenonkungen.com\/wp-content\/uploads\/2025\/11\/Skarmbild-2025-11-06-151812-18x3.png 18w\" sizes=\"auto, (max-width: 298px) 100vw, 298px\" \/><\/a><\/p>\n<p>OSRAM har v\u00e6rt en global leder innen bilbelysning i over 110 \u00e5r og er i dag en av verdens st\u00f8rste og mest respekterte produsenter i bransjen. Det er ingen tilfeldighet \u2013 det er resultatet av kompromissl\u00f8s kvalitet, avansert konstruksjon og grundig testing.<\/p>\n<p>Hver dag leveres nye kj\u00f8ret\u00f8y fra fabrikken hvor mer enn <em>halv<\/em> utstyrt med originale OSRAM-lys. OSRAM er ogs\u00e5 <strong>nummer 1 globalt n\u00e5r det gjelder produksjon av LED-brikke<\/strong>, og det er nettopp derfor de ogs\u00e5 er den \u00e5penbare favoritten blant entusiaster, profesjonelle mont\u00f8rer, verksteder og OEM-produsenter over hele verden.<\/p>\n<p>Som en tysk produsent st\u00e5r OSRAM for presisjon, robust konstruksjon og ekte holdbarhet. Hver komponent \u2013 fra hus og kj\u00f8ling til linse, tetning og intern elektronikk \u2013 er utviklet for \u00e5 t\u00e5le trykk, fuktighet, salt, vibrasjoner, ekstrem kulde\/varme og kontinuerlig bruk over en sv\u00e6rt lang periode. Dette er ikke bare sterkt lys \u2013 dette er kvalitet bygget for \u00e5 overleve t\u00f8ffe realiteter.<\/p>\n<p>Derfor kan OSRAM dra <strong>lange garantier<\/strong> med trygghet \u2013 konstruksjonene er slitesterke.<\/p>\n<p>OSRAM er ikke bare markedsleder.<br \/>\nOSRAM er m\u00e5lestokken som resten av bransjen pr\u00f8ver \u00e5 m\u00e5le seg mot.<\/p>\n<p>Derfor er OSRAM ogs\u00e5 s\u00e5 ofte <strong>f\u00f8rstevalget \u2013 den \u00e5penbare favoritten<\/strong> for de som \u00f8nsker lysytelse og holdbarhet uten kompromisser.<\/p>\n<p>Dette er ekte kvalitet.<br \/>\nDette er OSRAM.<\/p>","protected":false},"excerpt":{"rendered":"<p>OSRAM LEDriving MX Series 9\u2033 \u2013 Maximal prestanda. \u00d6verallt. OSRAM MX Series \u00e4r byggd f\u00f6r dig som vill ha riktigt ljus p\u00e5 riktigt. Ett premium LED-extraljus som levererar brutalt ljusfl\u00f6de, modern design och en robust konstruktion som t\u00e5l allt fr\u00e5n l\u00e5ng asfaltspendling till tunga arbetsmilj\u00f6er och offroad. Med upp till 10 000 lumen i boost [&hellip;]<\/p>","protected":false},"featured_media":17523,"comment_status":"open","ping_status":"closed","template":"","meta":{"_acf_changed":false,"_smort_price_nok":"3199","_smort_price_dkk":"","_smort_price_eur":"","_smort_sale_price_nok":"","_smort_sale_price_dkk":"","_smort_sale_price_eur":"","smort_restorder":"","shipmondo_restorder":"","_kad_blocks_custom_css":"","_kad_blocks_head_custom_js":"","_kad_blocks_body_custom_js":"","_kad_blocks_footer_custom_js":"","smort_custom_pricelist_1":"1437.6","smort_custom_pricelist_2":"1437.6","smort_custom_pricelist_3":"1437.6","smort_custom_pricelist_4":"2396","smort_custom_pricelist_5":"1437.6"},"anvandningsomrade":[],"bilmarken":[],"product_brand":[108],"product_cat":[2839,16,142],"product_tag":[],"class_list":{"0":"post-17454","1":"product","2":"type-product","3":"status-publish","4":"has-post-thumbnail","6":"product_brand-osram","7":"product_cat-extraljus-9","8":"product_cat-uncategorized","9":"product_cat-extraljus","10":"pa_fargtemperatur-6000k","11":"pa_fargtemperatur-1700k","12":"pa_volt-v-multivolt-10-12-16-18-24-28-30-32","14":"first","15":"instock","16":"taxable","17":"shipping-taxable","18":"purchasable","19":"product-type-simple"},"bundled_by":[],"bundle_stock_status":"instock","bundle_stock_quantity":65,"bundle_virtual":false,"bundle_layout":"","bundle_add_to_cart_form_location":"","bundle_editable_in_cart":false,"bundle_sold_individually_context":"","bundle_item_grouping":"","bundle_min_size":"","bundle_max_size":"","bundle_price":[],"bundled_items":[],"bundle_sell_ids":[],"acf":[],"yoast_head":"<!-- This site is optimized with the Yoast SEO plugin v27.0 - https:\/\/yoast.com\/product\/yoast-seo-wordpress\/ -->\n<title>Osram LEDriving\u00ae CUBE MX230-CB AMBER EXTREME | 9&quot; - Xenonkungen<\/title>\n<meta name=\"robots\" content=\"index, follow, max-snippet:-1, max-image-preview:large, max-video-preview:-1\" \/>\n<link rel=\"canonical\" href=\"https:\/\/xenonkungen.com\/no\/produkt\/osram-led-lyskilde-cube-mx230-cb-amber-extreme-9\/\" \/>\n<meta property=\"og:locale\" content=\"nb_NO\" \/>\n<meta property=\"og:type\" content=\"article\" \/>\n<meta property=\"og:title\" content=\"Osram LEDriving\u00ae CUBE MX230-CB AMBER EXTREME | 9&quot; - Xenonkungen\" \/>\n<meta property=\"og:description\" content=\"OSRAM LEDriving MX Series 9\u2033 \u2013 Maximal prestanda. \u00d6verallt. OSRAM MX Series \u00e4r byggd f\u00f6r dig som vill ha riktigt ljus p\u00e5 riktigt. Ett premium LED-extraljus som levererar brutalt ljusfl\u00f6de, modern design och en robust konstruktion som t\u00e5l allt fr\u00e5n l\u00e5ng asfaltspendling till tunga arbetsmilj\u00f6er och offroad. Med upp till 10 000 lumen i boost [&hellip;]\" \/>\n<meta property=\"og:url\" content=\"https:\/\/xenonkungen.com\/no\/produkt\/osram-led-lyskilde-cube-mx230-cb-amber-extreme-9\/\" \/>\n<meta property=\"og:site_name\" content=\"Xenonkungen\" \/>\n<meta property=\"article:modified_time\" content=\"2026-03-12T12:22:19+00:00\" \/>\n<meta property=\"og:image\" content=\"https:\/\/xenonkungen.com\/wp-content\/uploads\/2025\/11\/Large-PI_WFPIO-328_LEDriving_Cube_MX230-CB_Amber_EXTREME_LEDDL137-CB_X_Side_Light1_Amber_04.jpg\" \/>\n\t<meta property=\"og:image:width\" content=\"1920\" \/>\n\t<meta property=\"og:image:height\" content=\"1920\" \/>\n\t<meta property=\"og:image:type\" content=\"image\/jpeg\" \/>\n<meta name=\"twitter:card\" content=\"summary_large_image\" \/>\n<meta name=\"twitter:label1\" content=\"Ansl. lesetid\" \/>\n\t<meta name=\"twitter:data1\" content=\"3 minutter\" \/>\n<script type=\"application\/ld+json\" class=\"yoast-schema-graph\">{\"@context\":\"https:\/\/schema.org\",\"@graph\":[{\"@type\":\"WebPage\",\"@id\":\"https:\/\/xenonkungen.com\/produkt\/osram-ledriving-cube-mx230-cb-amber-extreme-9\/\",\"url\":\"https:\/\/xenonkungen.com\/produkt\/osram-ledriving-cube-mx230-cb-amber-extreme-9\/\",\"name\":\"Osram LEDriving\u00ae CUBE MX230-CB AMBER EXTREME | 9\\\" - Xenonkungen\",\"isPartOf\":{\"@id\":\"https:\/\/xenonkungen.com\/#website\"},\"primaryImageOfPage\":{\"@id\":\"https:\/\/xenonkungen.com\/produkt\/osram-ledriving-cube-mx230-cb-amber-extreme-9\/#primaryimage\"},\"image\":{\"@id\":\"https:\/\/xenonkungen.com\/produkt\/osram-ledriving-cube-mx230-cb-amber-extreme-9\/#primaryimage\"},\"thumbnailUrl\":\"https:\/\/xenonkungen.com\/wp-content\/uploads\/2025\/11\/Large-PI_WFPIO-328_LEDriving_Cube_MX230-CB_Amber_EXTREME_LEDDL137-CB_X_Side_Light1_Amber_04.jpg\",\"datePublished\":\"2025-11-06T14:00:55+00:00\",\"dateModified\":\"2026-03-12T12:22:19+00:00\",\"breadcrumb\":{\"@id\":\"https:\/\/xenonkungen.com\/produkt\/osram-ledriving-cube-mx230-cb-amber-extreme-9\/#breadcrumb\"},\"inLanguage\":\"nb-NO\",\"potentialAction\":[{\"@type\":\"ReadAction\",\"target\":[\"https:\/\/xenonkungen.com\/produkt\/osram-ledriving-cube-mx230-cb-amber-extreme-9\/\"]}]},{\"@type\":\"ImageObject\",\"inLanguage\":\"nb-NO\",\"@id\":\"https:\/\/xenonkungen.com\/produkt\/osram-ledriving-cube-mx230-cb-amber-extreme-9\/#primaryimage\",\"url\":\"https:\/\/xenonkungen.com\/wp-content\/uploads\/2025\/11\/Large-PI_WFPIO-328_LEDriving_Cube_MX230-CB_Amber_EXTREME_LEDDL137-CB_X_Side_Light1_Amber_04.jpg\",\"contentUrl\":\"https:\/\/xenonkungen.com\/wp-content\/uploads\/2025\/11\/Large-PI_WFPIO-328_LEDriving_Cube_MX230-CB_Amber_EXTREME_LEDDL137-CB_X_Side_Light1_Amber_04.jpg\",\"width\":1920,\"height\":1920},{\"@type\":\"BreadcrumbList\",\"@id\":\"https:\/\/xenonkungen.com\/produkt\/osram-ledriving-cube-mx230-cb-amber-extreme-9\/#breadcrumb\",\"itemListElement\":[{\"@type\":\"ListItem\",\"position\":1,\"name\":\"Hem\",\"item\":\"https:\/\/xenonkungen.com\/\"},{\"@type\":\"ListItem\",\"position\":2,\"name\":\"Shop\",\"item\":\"https:\/\/xenonkungen.com\/shop\/\"},{\"@type\":\"ListItem\",\"position\":3,\"name\":\"Osram LEDriving\u00ae CUBE MX230-CB AMBER EXTREME | 9&#8243;\"}]},{\"@type\":\"WebSite\",\"@id\":\"https:\/\/xenonkungen.com\/#website\",\"url\":\"https:\/\/xenonkungen.com\/\",\"name\":\"Xenonkungen\",\"description\":\"\",\"potentialAction\":[{\"@type\":\"SearchAction\",\"target\":{\"@type\":\"EntryPoint\",\"urlTemplate\":\"https:\/\/xenonkungen.com\/?s={search_term_string}\"},\"query-input\":{\"@type\":\"PropertyValueSpecification\",\"valueRequired\":true,\"valueName\":\"search_term_string\"}}],\"inLanguage\":\"nb-NO\"}]}<\/script>\n<!-- \/ Yoast SEO plugin. -->","yoast_head_json":{"title":"Osram LEDriving\u00ae CUBE MX230-CB AMBER EXTREME | 9&quot; \u2013 Xenon-kongen","robots":{"index":"index","follow":"follow","max-snippet":"max-snippet:-1","max-image-preview":"max-image-preview:large","max-video-preview":"max-video-preview:-1"},"canonical":"https:\/\/xenonkungen.com\/no\/produkt\/osram-led-lyskilde-cube-mx230-cb-amber-extreme-9\/","og_locale":"nb_NO","og_type":"article","og_title":"Osram LEDriving\u00ae CUBE MX230-CB AMBER EXTREME | 9\" - Xenonkungen","og_description":"OSRAM LEDriving MX Series 9\u2033 \u2013 Maximal prestanda. \u00d6verallt. OSRAM MX Series \u00e4r byggd f\u00f6r dig som vill ha riktigt ljus p\u00e5 riktigt. Ett premium LED-extraljus som levererar brutalt ljusfl\u00f6de, modern design och en robust konstruktion som t\u00e5l allt fr\u00e5n l\u00e5ng asfaltspendling till tunga arbetsmilj\u00f6er och offroad. Med upp till 10 000 lumen i boost [&hellip;]","og_url":"https:\/\/xenonkungen.com\/no\/produkt\/osram-led-lyskilde-cube-mx230-cb-amber-extreme-9\/","og_site_name":"Xenonkungen","article_modified_time":"2026-03-12T12:22:19+00:00","og_image":[{"width":1920,"height":1920,"url":"https:\/\/xenonkungen.com\/wp-content\/uploads\/2025\/11\/Large-PI_WFPIO-328_LEDriving_Cube_MX230-CB_Amber_EXTREME_LEDDL137-CB_X_Side_Light1_Amber_04.jpg","type":"image\/jpeg"}],"twitter_card":"summary_large_image","twitter_misc":{"Ansl. lesetid":"3 minutter"},"schema":{"@context":"https:\/\/schema.org","@graph":[{"@type":"WebPage","@id":"https:\/\/xenonkungen.com\/produkt\/osram-ledriving-cube-mx230-cb-amber-extreme-9\/","url":"https:\/\/xenonkungen.com\/produkt\/osram-ledriving-cube-mx230-cb-amber-extreme-9\/","name":"Osram LEDriving\u00ae CUBE MX230-CB AMBER EXTREME | 9&quot; \u2013 Xenon-kongen","isPartOf":{"@id":"https:\/\/xenonkungen.com\/#website"},"primaryImageOfPage":{"@id":"https:\/\/xenonkungen.com\/produkt\/osram-ledriving-cube-mx230-cb-amber-extreme-9\/#primaryimage"},"image":{"@id":"https:\/\/xenonkungen.com\/produkt\/osram-ledriving-cube-mx230-cb-amber-extreme-9\/#primaryimage"},"thumbnailUrl":"https:\/\/xenonkungen.com\/wp-content\/uploads\/2025\/11\/Large-PI_WFPIO-328_LEDriving_Cube_MX230-CB_Amber_EXTREME_LEDDL137-CB_X_Side_Light1_Amber_04.jpg","datePublished":"2025-11-06T14:00:55+00:00","dateModified":"2026-03-12T12:22:19+00:00","breadcrumb":{"@id":"https:\/\/xenonkungen.com\/produkt\/osram-ledriving-cube-mx230-cb-amber-extreme-9\/#breadcrumb"},"inLanguage":"nb-NO","potentialAction":[{"@type":"ReadAction","target":["https:\/\/xenonkungen.com\/produkt\/osram-ledriving-cube-mx230-cb-amber-extreme-9\/"]}]},{"@type":"ImageObject","inLanguage":"nb-NO","@id":"https:\/\/xenonkungen.com\/produkt\/osram-ledriving-cube-mx230-cb-amber-extreme-9\/#primaryimage","url":"https:\/\/xenonkungen.com\/wp-content\/uploads\/2025\/11\/Large-PI_WFPIO-328_LEDriving_Cube_MX230-CB_Amber_EXTREME_LEDDL137-CB_X_Side_Light1_Amber_04.jpg","contentUrl":"https:\/\/xenonkungen.com\/wp-content\/uploads\/2025\/11\/Large-PI_WFPIO-328_LEDriving_Cube_MX230-CB_Amber_EXTREME_LEDDL137-CB_X_Side_Light1_Amber_04.jpg","width":1920,"height":1920},{"@type":"BreadcrumbList","@id":"https:\/\/xenonkungen.com\/produkt\/osram-ledriving-cube-mx230-cb-amber-extreme-9\/#breadcrumb","itemListElement":[{"@type":"ListItem","position":1,"name":"Hem","item":"https:\/\/xenonkungen.com\/"},{"@type":"ListItem","position":2,"name":"Shop","item":"https:\/\/xenonkungen.com\/shop\/"},{"@type":"ListItem","position":3,"name":"Osram LEDriving\u00ae CUBE MX230-CB AMBER EXTREME | 9&#8243;"}]},{"@type":"WebSite","@id":"https:\/\/xenonkungen.com\/#website","url":"https:\/\/xenonkungen.com\/","name":"Xenonkungen","description":"","potentialAction":[{"@type":"SearchAction","target":{"@type":"EntryPoint","urlTemplate":"https:\/\/xenonkungen.com\/?s={search_term_string}"},"query-input":{"@type":"PropertyValueSpecification","valueRequired":true,"valueName":"search_term_string"}}],"inLanguage":"nb-NO"}]}},"taxonomy_info":{"product_brand":[{"value":108,"label":"OSRAM"}],"product_cat":[{"value":2839,"label":"Extraljus 9\""},{"value":16,"label":"Uncategorized"},{"value":142,"label":"Extraljus"}],"pa_fargtemperatur":[{"value":188,"label":"6000K"},{"value":2794,"label":"1700K"}],"pa_volt-v":[{"value":1084,"label":"Multivolt, 10, 12, 16, 18, 24, 28, 30, 32"}]},"featured_image_src_large":["https:\/\/xenonkungen.com\/wp-content\/uploads\/2025\/11\/Large-PI_WFPIO-328_LEDriving_Cube_MX230-CB_Amber_EXTREME_LEDDL137-CB_X_Side_Light1_Amber_04-1024x1024.jpg",1024,1024,true],"author_info":[],"comment_info":0,"_links":{"self":[{"href":"https:\/\/xenonkungen.com\/no\/wp-json\/wp\/v2\/product\/17454","targetHints":{"allow":["GET"]}}],"collection":[{"href":"https:\/\/xenonkungen.com\/no\/wp-json\/wp\/v2\/product"}],"about":[{"href":"https:\/\/xenonkungen.com\/no\/wp-json\/wp\/v2\/types\/product"}],"replies":[{"embeddable":true,"href":"https:\/\/xenonkungen.com\/no\/wp-json\/wp\/v2\/comments?post=17454"}],"wp:featuredmedia":[{"embeddable":true,"href":"https:\/\/xenonkungen.com\/no\/wp-json\/wp\/v2\/media\/17523"}],"wp:attachment":[{"href":"https:\/\/xenonkungen.com\/no\/wp-json\/wp\/v2\/media?parent=17454"}],"wp:term":[{"taxonomy":"anvandningsomrade","embeddable":true,"href":"https:\/\/xenonkungen.com\/no\/wp-json\/wp\/v2\/anvandningsomrade?post=17454"},{"taxonomy":"bilmarken","embeddable":true,"href":"https:\/\/xenonkungen.com\/no\/wp-json\/wp\/v2\/bilmarken?post=17454"},{"taxonomy":"product_brand","embeddable":true,"href":"https:\/\/xenonkungen.com\/no\/wp-json\/wp\/v2\/product_brand?post=17454"},{"taxonomy":"product_cat","embeddable":true,"href":"https:\/\/xenonkungen.com\/no\/wp-json\/wp\/v2\/product_cat?post=17454"},{"taxonomy":"product_tag","embeddable":true,"href":"https:\/\/xenonkungen.com\/no\/wp-json\/wp\/v2\/product_tag?post=17454"}],"curies":[{"name":"wp","href":"https:\/\/api.w.org\/{rel}","templated":true}]}}