{"id":1870,"date":"2025-04-15T08:29:32","date_gmt":"2025-04-15T08:29:32","guid":{"rendered":"https:\/\/xenonkungen.com\/product\/nightshift-pro-arbetsljus-wl120-10-200-lumen\/"},"modified":"2026-04-29T12:56:06","modified_gmt":"2026-04-29T11:56:06","slug":"nightshift-pro-arbeidslys-wl120-10-200-lumen","status":"publish","type":"product","link":"https:\/\/xenonkungen.com\/no\/produkt\/nightshift-pro-arbeidslys-wl120-10-200-lumen\/","title":{"rendered":"Luxtar PRO arbeidslys WL120 | 10 200 lumen"},"content":{"rendered":"<h1>V\u00e5r mest robuste arbeidslampe noensinne!<\/h1>\n<p>Med sine 10200 lumen 120W er det ingenting som kan unnslippe \u00e5 bli opplyst! Lykten har et solid aluminiumshus, en solid brakettfot i rustfritt st\u00e5l og en linse i polykarbonat klasse 5. Dette gj\u00f8r den til en arbeidslykt som t\u00e5ler virkelig t\u00f8ffe forhold.<\/p>\n<p>Med IP69K-klassifisering t\u00e5ler den det meste av v\u00e5tt og v\u00e6r du kan utsette den for.<\/p>\n<p>Lykten er utstyrt med 12 stk. 10 W Osram LED-brikker, som gir rikelig med kraft og lang levetid. 85 graders str\u00e5levinkel gir deg et bredt og langt arbeidslys, perfekt n\u00e5r du ikke kan komme n\u00e6r nok til arbeidsplassen.<\/p>\n<p>Lykten er multivolt-tilpasset, fungerer fra 9-32 V, er EMC-godkjent med CISPR 25-sertifisering, slik at den ikke forstyrrer annet mulig utstyr.<\/p>\n<p>Tilkoblingen gj\u00f8res enkelt via den integrerte, vanntette DT-kontakten.<\/p>\n<p>Som du kan se, er det ikke spart p\u00e5 noe n\u00e5r det gjelder denne arbeidslykten. Rikelig med lys og t\u00e5ler litt av hvert!<\/p>","protected":false},"excerpt":{"rendered":"<p>En av de t\u00f8ffeste arbeidslyktene p\u00e5 markedet!<\/p>","protected":false},"featured_media":29824,"comment_status":"closed","ping_status":"closed","template":"","meta":{"_acf_changed":false,"_smort_price_nok":"3092","_smort_price_dkk":"1964","_smort_price_eur":"263.17","_smort_sale_price_nok":"","_smort_sale_price_dkk":"","_smort_sale_price_eur":"","smort_restorder":"","shipmondo_restorder":"","_kad_blocks_custom_css":"","_kad_blocks_head_custom_js":"","_kad_blocks_body_custom_js":"","_kad_blocks_footer_custom_js":"","smort_custom_pricelist_1":"1852.8","smort_custom_pricelist_2":"1389.6","smort_custom_pricelist_3":"1320.12","smort_custom_pricelist_4":"2316","smort_custom_pricelist_5":"1389.6"},"anvandningsomrade":[],"bilmarken":[],"product_brand":[103],"product_cat":[2482,508],"product_tag":[],"class_list":{"0":"post-1870","1":"product","2":"type-product","3":"status-publish","4":"has-post-thumbnail","6":"product_brand-luxtar","7":"product_cat-pro-serie","8":"product_cat-arbetsbelysning","9":"pa_fuktskydd-varde-ipxx-ip69k","10":"pa_godkannande-emc-cispr-25","11":"pa_lampsockel-kontakt-dt","12":"pa_led-chips-effekt-w-310","13":"pa_ljusbild-flood","14":"pa_ljusspridning-grader-688","15":"pa_storlek-mm-183x119x88","16":"pa_volt-v-multivolt-9-12-16-18-24-28-30-32","18":"first","19":"instock","20":"taxable","21":"shipping-taxable","22":"purchasable","23":"product-type-simple"},"bundled_by":[],"bundle_stock_status":"instock","bundle_stock_quantity":75,"bundle_virtual":false,"bundle_layout":"","bundle_add_to_cart_form_location":"","bundle_editable_in_cart":false,"bundle_sold_individually_context":"","bundle_item_grouping":"","bundle_min_size":"","bundle_max_size":"","bundle_price":[],"bundled_items":[],"bundle_sell_ids":[],"acf":[],"yoast_head":"<!-- This site is optimized with the Yoast SEO plugin v27.0 - https:\/\/yoast.com\/product\/yoast-seo-wordpress\/ -->\n<title>Luxtar PRO Arbetsljus WL120 | 10 200 Lumen - Xenonkungen<\/title>\n<meta name=\"robots\" content=\"index, follow, max-snippet:-1, max-image-preview:large, max-video-preview:-1\" \/>\n<link rel=\"canonical\" href=\"https:\/\/xenonkungen.com\/no\/produkt\/nightshift-pro-arbeidslys-wl120-10-200-lumen\/\" \/>\n<meta property=\"og:locale\" content=\"nb_NO\" \/>\n<meta property=\"og:type\" content=\"article\" \/>\n<meta property=\"og:title\" content=\"Luxtar PRO Arbetsljus WL120 | 10 200 Lumen - Xenonkungen\" \/>\n<meta property=\"og:description\" content=\"Ett av marknadens tuffaste arbetsljus!\" \/>\n<meta property=\"og:url\" content=\"https:\/\/xenonkungen.com\/no\/produkt\/nightshift-pro-arbeidslys-wl120-10-200-lumen\/\" \/>\n<meta property=\"og:site_name\" content=\"Xenonkungen\" \/>\n<meta property=\"article:modified_time\" content=\"2026-04-29T11:56:06+00:00\" \/>\n<meta property=\"og:image\" content=\"https:\/\/xenonkungen.com\/wp-content\/uploads\/2025\/04\/WL120.png\" \/>\n\t<meta property=\"og:image:width\" content=\"1080\" \/>\n\t<meta property=\"og:image:height\" content=\"1350\" \/>\n\t<meta property=\"og:image:type\" content=\"image\/png\" \/>\n<meta name=\"twitter:card\" content=\"summary_large_image\" \/>\n<meta name=\"twitter:label1\" content=\"Ansl. lesetid\" \/>\n\t<meta name=\"twitter:data1\" content=\"1 minutt\" \/>\n<script type=\"application\/ld+json\" class=\"yoast-schema-graph\">{\"@context\":\"https:\/\/schema.org\",\"@graph\":[{\"@type\":\"WebPage\",\"@id\":\"https:\/\/xenonkungen.com\/produkt\/nightshift-pro-arbetsljus-wl120-10-200-lumen\/\",\"url\":\"https:\/\/xenonkungen.com\/produkt\/nightshift-pro-arbetsljus-wl120-10-200-lumen\/\",\"name\":\"Luxtar PRO Arbetsljus WL120 | 10 200 Lumen - Xenonkungen\",\"isPartOf\":{\"@id\":\"https:\/\/xenonkungen.com\/#website\"},\"primaryImageOfPage\":{\"@id\":\"https:\/\/xenonkungen.com\/produkt\/nightshift-pro-arbetsljus-wl120-10-200-lumen\/#primaryimage\"},\"image\":{\"@id\":\"https:\/\/xenonkungen.com\/produkt\/nightshift-pro-arbetsljus-wl120-10-200-lumen\/#primaryimage\"},\"thumbnailUrl\":\"https:\/\/xenonkungen.com\/wp-content\/uploads\/2025\/04\/WL120.png\",\"datePublished\":\"2025-04-15T08:29:32+00:00\",\"dateModified\":\"2026-04-29T11:56:06+00:00\",\"breadcrumb\":{\"@id\":\"https:\/\/xenonkungen.com\/produkt\/nightshift-pro-arbetsljus-wl120-10-200-lumen\/#breadcrumb\"},\"inLanguage\":\"nb-NO\",\"potentialAction\":[{\"@type\":\"ReadAction\",\"target\":[\"https:\/\/xenonkungen.com\/produkt\/nightshift-pro-arbetsljus-wl120-10-200-lumen\/\"]}]},{\"@type\":\"ImageObject\",\"inLanguage\":\"nb-NO\",\"@id\":\"https:\/\/xenonkungen.com\/produkt\/nightshift-pro-arbetsljus-wl120-10-200-lumen\/#primaryimage\",\"url\":\"https:\/\/xenonkungen.com\/wp-content\/uploads\/2025\/04\/WL120.png\",\"contentUrl\":\"https:\/\/xenonkungen.com\/wp-content\/uploads\/2025\/04\/WL120.png\",\"width\":1080,\"height\":1350},{\"@type\":\"BreadcrumbList\",\"@id\":\"https:\/\/xenonkungen.com\/produkt\/nightshift-pro-arbetsljus-wl120-10-200-lumen\/#breadcrumb\",\"itemListElement\":[{\"@type\":\"ListItem\",\"position\":1,\"name\":\"Hem\",\"item\":\"https:\/\/xenonkungen.com\/\"},{\"@type\":\"ListItem\",\"position\":2,\"name\":\"Shop\",\"item\":\"https:\/\/xenonkungen.com\/shop\/\"},{\"@type\":\"ListItem\",\"position\":3,\"name\":\"Luxtar PRO Arbetsljus WL120 | 10 200 Lumen\"}]},{\"@type\":\"WebSite\",\"@id\":\"https:\/\/xenonkungen.com\/#website\",\"url\":\"https:\/\/xenonkungen.com\/\",\"name\":\"Xenonkungen\",\"description\":\"\",\"potentialAction\":[{\"@type\":\"SearchAction\",\"target\":{\"@type\":\"EntryPoint\",\"urlTemplate\":\"https:\/\/xenonkungen.com\/?s={search_term_string}\"},\"query-input\":{\"@type\":\"PropertyValueSpecification\",\"valueRequired\":true,\"valueName\":\"search_term_string\"}}],\"inLanguage\":\"nb-NO\"}]}<\/script>\n<!-- \/ Yoast SEO plugin. -->","yoast_head_json":{"title":"Luxtar PRO Arbetsljus WL120 | 10 200 Lumen - Xenonkungen","robots":{"index":"index","follow":"follow","max-snippet":"max-snippet:-1","max-image-preview":"max-image-preview:large","max-video-preview":"max-video-preview:-1"},"canonical":"https:\/\/xenonkungen.com\/no\/produkt\/nightshift-pro-arbeidslys-wl120-10-200-lumen\/","og_locale":"nb_NO","og_type":"article","og_title":"Luxtar PRO Arbetsljus WL120 | 10 200 Lumen - Xenonkungen","og_description":"Ett av marknadens tuffaste arbetsljus!","og_url":"https:\/\/xenonkungen.com\/no\/produkt\/nightshift-pro-arbeidslys-wl120-10-200-lumen\/","og_site_name":"Xenonkungen","article_modified_time":"2026-04-29T11:56:06+00:00","og_image":[{"width":1080,"height":1350,"url":"https:\/\/xenonkungen.com\/wp-content\/uploads\/2025\/04\/WL120.png","type":"image\/png"}],"twitter_card":"summary_large_image","twitter_misc":{"Ansl. lesetid":"1 minutt"},"schema":{"@context":"https:\/\/schema.org","@graph":[{"@type":"WebPage","@id":"https:\/\/xenonkungen.com\/produkt\/nightshift-pro-arbetsljus-wl120-10-200-lumen\/","url":"https:\/\/xenonkungen.com\/produkt\/nightshift-pro-arbetsljus-wl120-10-200-lumen\/","name":"Luxtar PRO Arbetsljus WL120 | 10 200 Lumen - Xenonkungen","isPartOf":{"@id":"https:\/\/xenonkungen.com\/#website"},"primaryImageOfPage":{"@id":"https:\/\/xenonkungen.com\/produkt\/nightshift-pro-arbetsljus-wl120-10-200-lumen\/#primaryimage"},"image":{"@id":"https:\/\/xenonkungen.com\/produkt\/nightshift-pro-arbetsljus-wl120-10-200-lumen\/#primaryimage"},"thumbnailUrl":"https:\/\/xenonkungen.com\/wp-content\/uploads\/2025\/04\/WL120.png","datePublished":"2025-04-15T08:29:32+00:00","dateModified":"2026-04-29T11:56:06+00:00","breadcrumb":{"@id":"https:\/\/xenonkungen.com\/produkt\/nightshift-pro-arbetsljus-wl120-10-200-lumen\/#breadcrumb"},"inLanguage":"nb-NO","potentialAction":[{"@type":"ReadAction","target":["https:\/\/xenonkungen.com\/produkt\/nightshift-pro-arbetsljus-wl120-10-200-lumen\/"]}]},{"@type":"ImageObject","inLanguage":"nb-NO","@id":"https:\/\/xenonkungen.com\/produkt\/nightshift-pro-arbetsljus-wl120-10-200-lumen\/#primaryimage","url":"https:\/\/xenonkungen.com\/wp-content\/uploads\/2025\/04\/WL120.png","contentUrl":"https:\/\/xenonkungen.com\/wp-content\/uploads\/2025\/04\/WL120.png","width":1080,"height":1350},{"@type":"BreadcrumbList","@id":"https:\/\/xenonkungen.com\/produkt\/nightshift-pro-arbetsljus-wl120-10-200-lumen\/#breadcrumb","itemListElement":[{"@type":"ListItem","position":1,"name":"Hem","item":"https:\/\/xenonkungen.com\/"},{"@type":"ListItem","position":2,"name":"Shop","item":"https:\/\/xenonkungen.com\/shop\/"},{"@type":"ListItem","position":3,"name":"Luxtar PRO Arbetsljus WL120 | 10 200 Lumen"}]},{"@type":"WebSite","@id":"https:\/\/xenonkungen.com\/#website","url":"https:\/\/xenonkungen.com\/","name":"Xenonkungen","description":"","potentialAction":[{"@type":"SearchAction","target":{"@type":"EntryPoint","urlTemplate":"https:\/\/xenonkungen.com\/?s={search_term_string}"},"query-input":{"@type":"PropertyValueSpecification","valueRequired":true,"valueName":"search_term_string"}}],"inLanguage":"nb-NO"}]}},"taxonomy_info":{"product_brand":[{"value":103,"label":"LUXTAR"}],"product_cat":[{"value":2482,"label":"PRO-serie"},{"value":508,"label":"Arbetsbelysning"}],"pa_fuktskydd-varde-ipxx":[{"value":155,"label":"IP69K"}],"pa_godkannande":[{"value":689,"label":"EMC, CISPR 25"}],"pa_lampsockel-kontakt":[{"value":329,"label":"DT"}],"pa_led-chips-effekt-w":[{"value":310,"label":"120"}],"pa_ljusbild":[{"value":503,"label":"FLOOD"}],"pa_ljusspridning-grader":[{"value":688,"label":"85"}],"pa_storlek-mm":[{"value":687,"label":"183x119x88"}],"pa_volt-v":[{"value":521,"label":"Multivolt, 9, 12, 16, 18, 24, 28, 30, 32"}]},"featured_image_src_large":["https:\/\/xenonkungen.com\/wp-content\/uploads\/2025\/04\/WL120-819x1024.png",819,1024,true],"author_info":[],"comment_info":0,"_links":{"self":[{"href":"https:\/\/xenonkungen.com\/no\/wp-json\/wp\/v2\/product\/1870","targetHints":{"allow":["GET"]}}],"collection":[{"href":"https:\/\/xenonkungen.com\/no\/wp-json\/wp\/v2\/product"}],"about":[{"href":"https:\/\/xenonkungen.com\/no\/wp-json\/wp\/v2\/types\/product"}],"replies":[{"embeddable":true,"href":"https:\/\/xenonkungen.com\/no\/wp-json\/wp\/v2\/comments?post=1870"}],"wp:featuredmedia":[{"embeddable":true,"href":"https:\/\/xenonkungen.com\/no\/wp-json\/wp\/v2\/media\/29824"}],"wp:attachment":[{"href":"https:\/\/xenonkungen.com\/no\/wp-json\/wp\/v2\/media?parent=1870"}],"wp:term":[{"taxonomy":"anvandningsomrade","embeddable":true,"href":"https:\/\/xenonkungen.com\/no\/wp-json\/wp\/v2\/anvandningsomrade?post=1870"},{"taxonomy":"bilmarken","embeddable":true,"href":"https:\/\/xenonkungen.com\/no\/wp-json\/wp\/v2\/bilmarken?post=1870"},{"taxonomy":"product_brand","embeddable":true,"href":"https:\/\/xenonkungen.com\/no\/wp-json\/wp\/v2\/product_brand?post=1870"},{"taxonomy":"product_cat","embeddable":true,"href":"https:\/\/xenonkungen.com\/no\/wp-json\/wp\/v2\/product_cat?post=1870"},{"taxonomy":"product_tag","embeddable":true,"href":"https:\/\/xenonkungen.com\/no\/wp-json\/wp\/v2\/product_tag?post=1870"}],"curies":[{"name":"wp","href":"https:\/\/api.w.org\/{rel}","templated":true}]}}