{"id":1916,"date":"2025-04-15T08:30:26","date_gmt":"2025-04-15T08:30:26","guid":{"rendered":"https:\/\/xenonkungen.com\/product\/nightshift-til48-arbetsljus-r10\/"},"modified":"2026-05-04T10:49:48","modified_gmt":"2026-05-04T09:49:48","slug":"luxtar-til48-arbetsljus-r10","status":"publish","type":"product","link":"https:\/\/xenonkungen.com\/no\/produkt\/luxtar-til48-arbetsljus-r10\/","title":{"rendered":"Luxtar TIL48 arbeidslys | R10"},"content":{"rendered":"<h1>Vinklet arbeidslys\/baklys<\/h1>\n<p>En helt ny m\u00e5te \u00e5 designe arbeidslykter p\u00e5 som er perfekt egnet for montering p\u00e5 for eksempel lastebilen, skapet, traktoren eller skurtreskeren! Vinklet brakett som gj\u00f8r at den kan integreres mot karosseriet og gi deg lys der det trengs mest.<\/p>\n<p>48 W effekt og 4700 lumen gir nok lys til \u00e5 lyse opp arbeidsomr\u00e5det, noe som tilsvarer omtrent 4 standard fjernlys i ren lyseffekt.<\/p>\n<p>Arbeidslyset kan brukes p\u00e5 b\u00e5de 12 og 24 volt. Beskyttet mot spenningsspisser p\u00e5 opptil 36 V.<\/p>","protected":false},"excerpt":{"rendered":"<p>Vinklet arbeidslys fra Nightshift som kan integreres i karosseriet p\u00e5 en elegant m\u00e5te. Gir 4700 lumen lys akkurat der du vil ha det!<\/p>\n<p>Vinkel: 35\u00b0.<br \/>\nDen medf\u00f8lgende delen utvider vinkelen til 48\u00b0.<\/p>","protected":false},"featured_media":1917,"comment_status":"closed","ping_status":"closed","template":"","meta":{"_acf_changed":false,"_smort_price_nok":"742","_smort_price_dkk":"472","_smort_price_eur":"63.18","_smort_sale_price_nok":"","_smort_sale_price_dkk":"","_smort_sale_price_eur":"","smort_restorder":"","shipmondo_restorder":"","_kad_blocks_custom_css":"","_kad_blocks_head_custom_js":"","_kad_blocks_body_custom_js":"","_kad_blocks_footer_custom_js":"","smort_custom_pricelist_1":"444.8","smort_custom_pricelist_2":"389.2","smort_custom_pricelist_3":"369.74","smort_custom_pricelist_4":"556","smort_custom_pricelist_5":"389.2"},"anvandningsomrade":[],"bilmarken":[],"product_brand":[103],"product_cat":[2479,2480,508],"product_tag":[],"class_list":{"0":"post-1916","1":"product","2":"type-product","3":"status-publish","4":"has-post-thumbnail","6":"product_brand-luxtar","7":"product_cat-backljus-backljus","8":"product_cat-nightshift","9":"product_cat-arbetsbelysning","10":"pa_fargtemperatur-5700k","11":"pa_fuktskydd-varde-ipxx-ip68","12":"pa_godkannande-ece-r3-r10-ce-cispr25-class-3","13":"pa_lampsockel-kontakt-dt","14":"pa_led-chips-effekt-w-712","15":"pa_ljusbild-flood","16":"pa_ljusspridning-grader-709","17":"pa_storlek-mm-242x42x42","18":"pa_volt-v-multivolt-9-12-16-18-24-28-30-32-36","20":"first","21":"instock","22":"taxable","23":"shipping-taxable","24":"purchasable","25":"product-type-simple"},"bundled_by":[],"bundle_stock_status":"instock","bundle_stock_quantity":26,"bundle_virtual":false,"bundle_layout":"","bundle_add_to_cart_form_location":"","bundle_editable_in_cart":false,"bundle_sold_individually_context":"","bundle_item_grouping":"","bundle_min_size":"","bundle_max_size":"","bundle_price":[],"bundled_items":[],"bundle_sell_ids":[],"acf":[],"yoast_head":"<!-- This site is optimized with the Yoast SEO plugin v27.0 - https:\/\/yoast.com\/product\/yoast-seo-wordpress\/ -->\n<title>Luxtar TIL48 Arbetsljus | R10 - Xenonkungen<\/title>\n<meta name=\"robots\" content=\"index, follow, max-snippet:-1, max-image-preview:large, max-video-preview:-1\" \/>\n<link rel=\"canonical\" href=\"https:\/\/xenonkungen.com\/no\/produkt\/luxtar-til48-arbetsljus-r10\/\" \/>\n<meta property=\"og:locale\" content=\"nb_NO\" \/>\n<meta property=\"og:type\" content=\"article\" \/>\n<meta property=\"og:title\" content=\"Luxtar TIL48 Arbetsljus | R10 - Xenonkungen\" \/>\n<meta property=\"og:description\" content=\"Vinklat arbetsljus fr\u00e5n Nightshift som kan integreras snyggt mot karossen. Ger 4700lumen ljus precis d\u00e4r du vill ha det!  Vinkel: 35\u00b0 Medf\u00f6ljande del ut\u00f6kar vinkeln till 48\u00b0.\" \/>\n<meta property=\"og:url\" content=\"https:\/\/xenonkungen.com\/no\/produkt\/luxtar-til48-arbetsljus-r10\/\" \/>\n<meta property=\"og:site_name\" content=\"Xenonkungen\" \/>\n<meta property=\"article:modified_time\" content=\"2026-05-04T09:49:48+00:00\" \/>\n<meta property=\"og:image\" content=\"https:\/\/xenonkungen.com\/wp-content\/uploads\/2025\/04\/NightShift-Arbetsljus-TIL48-ArtNr-70861-CA193910-PNNG-1000px.png\" \/>\n\t<meta property=\"og:image:width\" content=\"1000\" \/>\n\t<meta property=\"og:image:height\" content=\"320\" \/>\n\t<meta property=\"og:image:type\" content=\"image\/png\" \/>\n<meta name=\"twitter:card\" content=\"summary_large_image\" \/>\n<meta name=\"twitter:label1\" content=\"Ansl. lesetid\" \/>\n\t<meta name=\"twitter:data1\" content=\"1 minutt\" \/>\n<script type=\"application\/ld+json\" class=\"yoast-schema-graph\">{\"@context\":\"https:\/\/schema.org\",\"@graph\":[{\"@type\":\"WebPage\",\"@id\":\"https:\/\/xenonkungen.com\/produkt\/luxtar-til48-arbetsljus-r10\/\",\"url\":\"https:\/\/xenonkungen.com\/produkt\/luxtar-til48-arbetsljus-r10\/\",\"name\":\"Luxtar TIL48 Arbetsljus | R10 - Xenonkungen\",\"isPartOf\":{\"@id\":\"https:\/\/xenonkungen.com\/#website\"},\"primaryImageOfPage\":{\"@id\":\"https:\/\/xenonkungen.com\/produkt\/luxtar-til48-arbetsljus-r10\/#primaryimage\"},\"image\":{\"@id\":\"https:\/\/xenonkungen.com\/produkt\/luxtar-til48-arbetsljus-r10\/#primaryimage\"},\"thumbnailUrl\":\"https:\/\/xenonkungen.com\/wp-content\/uploads\/2025\/04\/NightShift-Arbetsljus-TIL48-ArtNr-70861-CA193910-PNNG-1000px.png\",\"datePublished\":\"2025-04-15T08:30:26+00:00\",\"dateModified\":\"2026-05-04T09:49:48+00:00\",\"breadcrumb\":{\"@id\":\"https:\/\/xenonkungen.com\/produkt\/luxtar-til48-arbetsljus-r10\/#breadcrumb\"},\"inLanguage\":\"nb-NO\",\"potentialAction\":[{\"@type\":\"ReadAction\",\"target\":[\"https:\/\/xenonkungen.com\/produkt\/luxtar-til48-arbetsljus-r10\/\"]}]},{\"@type\":\"ImageObject\",\"inLanguage\":\"nb-NO\",\"@id\":\"https:\/\/xenonkungen.com\/produkt\/luxtar-til48-arbetsljus-r10\/#primaryimage\",\"url\":\"https:\/\/xenonkungen.com\/wp-content\/uploads\/2025\/04\/NightShift-Arbetsljus-TIL48-ArtNr-70861-CA193910-PNNG-1000px.png\",\"contentUrl\":\"https:\/\/xenonkungen.com\/wp-content\/uploads\/2025\/04\/NightShift-Arbetsljus-TIL48-ArtNr-70861-CA193910-PNNG-1000px.png\",\"width\":1000,\"height\":320},{\"@type\":\"BreadcrumbList\",\"@id\":\"https:\/\/xenonkungen.com\/produkt\/luxtar-til48-arbetsljus-r10\/#breadcrumb\",\"itemListElement\":[{\"@type\":\"ListItem\",\"position\":1,\"name\":\"Hem\",\"item\":\"https:\/\/xenonkungen.com\/\"},{\"@type\":\"ListItem\",\"position\":2,\"name\":\"Shop\",\"item\":\"https:\/\/xenonkungen.com\/shop\/\"},{\"@type\":\"ListItem\",\"position\":3,\"name\":\"Luxtar TIL48 Arbetsljus | R10\"}]},{\"@type\":\"WebSite\",\"@id\":\"https:\/\/xenonkungen.com\/#website\",\"url\":\"https:\/\/xenonkungen.com\/\",\"name\":\"Xenonkungen\",\"description\":\"\",\"potentialAction\":[{\"@type\":\"SearchAction\",\"target\":{\"@type\":\"EntryPoint\",\"urlTemplate\":\"https:\/\/xenonkungen.com\/?s={search_term_string}\"},\"query-input\":{\"@type\":\"PropertyValueSpecification\",\"valueRequired\":true,\"valueName\":\"search_term_string\"}}],\"inLanguage\":\"nb-NO\"}]}<\/script>\n<!-- \/ Yoast SEO plugin. -->","yoast_head_json":{"title":"Luxtar TIL48 Arbetsljus | R10 - Xenonkungen","robots":{"index":"index","follow":"follow","max-snippet":"max-snippet:-1","max-image-preview":"max-image-preview:large","max-video-preview":"max-video-preview:-1"},"canonical":"https:\/\/xenonkungen.com\/no\/produkt\/luxtar-til48-arbetsljus-r10\/","og_locale":"nb_NO","og_type":"article","og_title":"Luxtar TIL48 Arbetsljus | R10 - Xenonkungen","og_description":"Vinklat arbetsljus fr\u00e5n Nightshift som kan integreras snyggt mot karossen. Ger 4700lumen ljus precis d\u00e4r du vill ha det!  Vinkel: 35\u00b0 Medf\u00f6ljande del ut\u00f6kar vinkeln till 48\u00b0.","og_url":"https:\/\/xenonkungen.com\/no\/produkt\/luxtar-til48-arbetsljus-r10\/","og_site_name":"Xenonkungen","article_modified_time":"2026-05-04T09:49:48+00:00","og_image":[{"width":1000,"height":320,"url":"https:\/\/xenonkungen.com\/wp-content\/uploads\/2025\/04\/NightShift-Arbetsljus-TIL48-ArtNr-70861-CA193910-PNNG-1000px.png","type":"image\/png"}],"twitter_card":"summary_large_image","twitter_misc":{"Ansl. lesetid":"1 minutt"},"schema":{"@context":"https:\/\/schema.org","@graph":[{"@type":"WebPage","@id":"https:\/\/xenonkungen.com\/produkt\/luxtar-til48-arbetsljus-r10\/","url":"https:\/\/xenonkungen.com\/produkt\/luxtar-til48-arbetsljus-r10\/","name":"Luxtar TIL48 Arbetsljus | R10 - Xenonkungen","isPartOf":{"@id":"https:\/\/xenonkungen.com\/#website"},"primaryImageOfPage":{"@id":"https:\/\/xenonkungen.com\/produkt\/luxtar-til48-arbetsljus-r10\/#primaryimage"},"image":{"@id":"https:\/\/xenonkungen.com\/produkt\/luxtar-til48-arbetsljus-r10\/#primaryimage"},"thumbnailUrl":"https:\/\/xenonkungen.com\/wp-content\/uploads\/2025\/04\/NightShift-Arbetsljus-TIL48-ArtNr-70861-CA193910-PNNG-1000px.png","datePublished":"2025-04-15T08:30:26+00:00","dateModified":"2026-05-04T09:49:48+00:00","breadcrumb":{"@id":"https:\/\/xenonkungen.com\/produkt\/luxtar-til48-arbetsljus-r10\/#breadcrumb"},"inLanguage":"nb-NO","potentialAction":[{"@type":"ReadAction","target":["https:\/\/xenonkungen.com\/produkt\/luxtar-til48-arbetsljus-r10\/"]}]},{"@type":"ImageObject","inLanguage":"nb-NO","@id":"https:\/\/xenonkungen.com\/produkt\/luxtar-til48-arbetsljus-r10\/#primaryimage","url":"https:\/\/xenonkungen.com\/wp-content\/uploads\/2025\/04\/NightShift-Arbetsljus-TIL48-ArtNr-70861-CA193910-PNNG-1000px.png","contentUrl":"https:\/\/xenonkungen.com\/wp-content\/uploads\/2025\/04\/NightShift-Arbetsljus-TIL48-ArtNr-70861-CA193910-PNNG-1000px.png","width":1000,"height":320},{"@type":"BreadcrumbList","@id":"https:\/\/xenonkungen.com\/produkt\/luxtar-til48-arbetsljus-r10\/#breadcrumb","itemListElement":[{"@type":"ListItem","position":1,"name":"Hem","item":"https:\/\/xenonkungen.com\/"},{"@type":"ListItem","position":2,"name":"Shop","item":"https:\/\/xenonkungen.com\/shop\/"},{"@type":"ListItem","position":3,"name":"Luxtar TIL48 Arbetsljus | R10"}]},{"@type":"WebSite","@id":"https:\/\/xenonkungen.com\/#website","url":"https:\/\/xenonkungen.com\/","name":"Xenonkungen","description":"","potentialAction":[{"@type":"SearchAction","target":{"@type":"EntryPoint","urlTemplate":"https:\/\/xenonkungen.com\/?s={search_term_string}"},"query-input":{"@type":"PropertyValueSpecification","valueRequired":true,"valueName":"search_term_string"}}],"inLanguage":"nb-NO"}]}},"taxonomy_info":{"product_brand":[{"value":103,"label":"LUXTAR"}],"product_cat":[{"value":2479,"label":"Backljus"},{"value":2480,"label":"Nightshift"},{"value":508,"label":"Arbetsbelysning"}],"pa_fargtemperatur":[{"value":226,"label":"5700K"}],"pa_fuktskydd-varde-ipxx":[{"value":177,"label":"IP68"}],"pa_godkannande":[{"value":710,"label":"ECE, R3, R10, CE, CISPR25, Class-3"}],"pa_lampsockel-kontakt":[{"value":329,"label":"DT"}],"pa_led-chips-effekt-w":[{"value":712,"label":"48"}],"pa_ljusbild":[{"value":503,"label":"FLOOD"}],"pa_ljusspridning-grader":[{"value":709,"label":"70"}],"pa_storlek-mm":[{"value":711,"label":"242x42x42"}],"pa_volt-v":[{"value":504,"label":"Multivolt, 9, 12, 16, 18, 24, 28, 30, 32, 36"}]},"featured_image_src_large":["https:\/\/xenonkungen.com\/wp-content\/uploads\/2025\/04\/NightShift-Arbetsljus-TIL48-ArtNr-70861-CA193910-PNNG-1000px.png",1000,320,false],"author_info":[],"comment_info":0,"_links":{"self":[{"href":"https:\/\/xenonkungen.com\/no\/wp-json\/wp\/v2\/product\/1916","targetHints":{"allow":["GET"]}}],"collection":[{"href":"https:\/\/xenonkungen.com\/no\/wp-json\/wp\/v2\/product"}],"about":[{"href":"https:\/\/xenonkungen.com\/no\/wp-json\/wp\/v2\/types\/product"}],"replies":[{"embeddable":true,"href":"https:\/\/xenonkungen.com\/no\/wp-json\/wp\/v2\/comments?post=1916"}],"wp:featuredmedia":[{"embeddable":true,"href":"https:\/\/xenonkungen.com\/no\/wp-json\/wp\/v2\/media\/1917"}],"wp:attachment":[{"href":"https:\/\/xenonkungen.com\/no\/wp-json\/wp\/v2\/media?parent=1916"}],"wp:term":[{"taxonomy":"anvandningsomrade","embeddable":true,"href":"https:\/\/xenonkungen.com\/no\/wp-json\/wp\/v2\/anvandningsomrade?post=1916"},{"taxonomy":"bilmarken","embeddable":true,"href":"https:\/\/xenonkungen.com\/no\/wp-json\/wp\/v2\/bilmarken?post=1916"},{"taxonomy":"product_brand","embeddable":true,"href":"https:\/\/xenonkungen.com\/no\/wp-json\/wp\/v2\/product_brand?post=1916"},{"taxonomy":"product_cat","embeddable":true,"href":"https:\/\/xenonkungen.com\/no\/wp-json\/wp\/v2\/product_cat?post=1916"},{"taxonomy":"product_tag","embeddable":true,"href":"https:\/\/xenonkungen.com\/no\/wp-json\/wp\/v2\/product_tag?post=1916"}],"curies":[{"name":"wp","href":"https:\/\/api.w.org\/{rel}","templated":true}]}}