{"id":1923,"date":"2025-04-15T08:30:26","date_gmt":"2025-04-15T08:30:26","guid":{"rendered":"https:\/\/xenonkungen.com\/product\/nightshift-revo-backljus-med-blixtljusfunktion\/"},"modified":"2026-05-04T10:49:45","modified_gmt":"2026-05-04T09:49:45","slug":"luxtar-revo-backljus-med-blixtljusfunktion","status":"publish","type":"product","link":"https:\/\/xenonkungen.com\/no\/produkt\/luxtar-revo-backljus-med-blixtljusfunktion\/","title":{"rendered":"Luxtar\u00ae REVO Ryggelys med blitsfunksjon"},"content":{"rendered":"<h1>Luxtar\u00ae REVO Backljus<\/h1>\n<p>Dette er et praktisk rygge-\/arbeidslys med innebygd blinklys.<br \/>\nKan brukes b\u00e5de som baklys og som arbeidslys.<\/p>\n<p>Kraftig ryggelys med bred flomstr\u00e5le. Sender ut et skarpt hvitt lys p\u00e5 6000K med 2700 lm som gir deg en rekkevidde p\u00e5 opptil 37 meter.<br \/>\nLommelykten er utstyrt med 4 stk. 3 W ravfargede dioder, slik at du er synlig p\u00e5 lang avstand.<\/p>","protected":false},"excerpt":{"rendered":"<p>Nightshift Revo leverer et skarpt hvitt lys p\u00e5 6000K med 2700 lm som gir deg en rekkevidde p\u00e5 opptil 37 meter.<\/p>\n<p>Revo er ogs\u00e5 godkjent for bruk som baklys i henhold til ECE R23.<\/p>","protected":false},"featured_media":1924,"comment_status":"closed","ping_status":"closed","template":"","meta":{"_acf_changed":false,"_smort_price_nok":"1063","_smort_price_dkk":"675","_smort_price_eur":"90.45","_smort_sale_price_nok":"","_smort_sale_price_dkk":"","_smort_sale_price_eur":"","smort_restorder":"","shipmondo_restorder":"","_kad_blocks_custom_css":"","_kad_blocks_head_custom_js":"","_kad_blocks_body_custom_js":"","_kad_blocks_footer_custom_js":"","smort_custom_pricelist_1":"636.8","smort_custom_pricelist_2":"477.6","smort_custom_pricelist_3":"453.72","smort_custom_pricelist_4":"796","smort_custom_pricelist_5":"477.6"},"anvandningsomrade":[166,238],"bilmarken":[],"product_brand":[103],"product_cat":[2585,2479,2587,2579,2849,2480,508,934],"product_tag":[],"class_list":{"0":"post-1923","1":"product","2":"type-product","3":"status-publish","4":"has-post-thumbnail","6":"anvandningsomrade-lastbil","7":"anvandningsomrade-slap","8":"product_brand-luxtar","9":"product_cat-backljus","10":"product_cat-backljus-backljus","11":"product_cat-blixtljus-varningsljus-varningsljus","12":"product_cat-blixtljus-varningsljus","13":"product_cat-malvin","14":"product_cat-nightshift","15":"product_cat-arbetsbelysning","16":"product_cat-blixtljus","17":"pa_faktisk-effekts-forbrukning-715","18":"pa_fargtemperatur-6000k","19":"pa_fuktskydd-varde-ipxx-ip69k","20":"pa_godkannande-ece-r23-r65-r10-ce-emc-rohs","21":"pa_lampsockel-kontakt-dt4","22":"pa_led-chips-effekt-w-714","23":"pa_ljusbild-flood","24":"pa_ljusspridning-grader-502","25":"pa_storlek-mm-165x41x61","27":"first","28":"instock","29":"taxable","30":"shipping-taxable","31":"purchasable","32":"product-type-simple"},"bundled_by":[],"bundle_stock_status":"instock","bundle_stock_quantity":58,"bundle_virtual":false,"bundle_layout":"","bundle_add_to_cart_form_location":"","bundle_editable_in_cart":false,"bundle_sold_individually_context":"","bundle_item_grouping":"","bundle_min_size":"","bundle_max_size":"","bundle_price":[],"bundled_items":[],"bundle_sell_ids":[],"acf":[],"yoast_head":"<!-- This site is optimized with the Yoast SEO plugin v27.0 - https:\/\/yoast.com\/product\/yoast-seo-wordpress\/ -->\n<title>Luxtar\u00ae REVO Backljus med blixtljusfunktion - Xenonkungen<\/title>\n<meta name=\"robots\" content=\"index, follow, max-snippet:-1, max-image-preview:large, max-video-preview:-1\" \/>\n<link rel=\"canonical\" href=\"https:\/\/xenonkungen.com\/no\/produkt\/luxtar-revo-backljus-med-blixtljusfunktion\/\" \/>\n<meta property=\"og:locale\" content=\"nb_NO\" \/>\n<meta property=\"og:type\" content=\"article\" \/>\n<meta property=\"og:title\" content=\"Luxtar\u00ae REVO Backljus med blixtljusfunktion - Xenonkungen\" \/>\n<meta property=\"og:description\" content=\"Nightshift Revo levererar ett krispigt vitt ljus p\u00e5 6000K med 2700lm som ger dig en r\u00e4ckvidd p\u00e5 upp till 37m.  Revo \u00e4r \u00e4ven godk\u00e4nt att anv\u00e4ndas som backljus enligt ECE R23.\" \/>\n<meta property=\"og:url\" content=\"https:\/\/xenonkungen.com\/no\/produkt\/luxtar-revo-backljus-med-blixtljusfunktion\/\" \/>\n<meta property=\"og:site_name\" content=\"Xenonkungen\" \/>\n<meta property=\"article:modified_time\" content=\"2026-05-04T09:49:45+00:00\" \/>\n<meta property=\"og:image\" content=\"https:\/\/xenonkungen.com\/wp-content\/uploads\/2025\/04\/NightShift-BLW0408S2-6-scaled.png\" \/>\n\t<meta property=\"og:image:width\" content=\"2560\" \/>\n\t<meta property=\"og:image:height\" content=\"878\" \/>\n\t<meta property=\"og:image:type\" content=\"image\/png\" \/>\n<meta name=\"twitter:card\" content=\"summary_large_image\" \/>\n<meta name=\"twitter:label1\" content=\"Ansl. lesetid\" \/>\n\t<meta name=\"twitter:data1\" content=\"1 minutt\" \/>\n<script type=\"application\/ld+json\" class=\"yoast-schema-graph\">{\"@context\":\"https:\/\/schema.org\",\"@graph\":[{\"@type\":\"WebPage\",\"@id\":\"https:\/\/xenonkungen.com\/produkt\/luxtar-revo-backljus-med-blixtljusfunktion\/\",\"url\":\"https:\/\/xenonkungen.com\/produkt\/luxtar-revo-backljus-med-blixtljusfunktion\/\",\"name\":\"Luxtar\u00ae REVO Backljus med blixtljusfunktion - Xenonkungen\",\"isPartOf\":{\"@id\":\"https:\/\/xenonkungen.com\/#website\"},\"primaryImageOfPage\":{\"@id\":\"https:\/\/xenonkungen.com\/produkt\/luxtar-revo-backljus-med-blixtljusfunktion\/#primaryimage\"},\"image\":{\"@id\":\"https:\/\/xenonkungen.com\/produkt\/luxtar-revo-backljus-med-blixtljusfunktion\/#primaryimage\"},\"thumbnailUrl\":\"https:\/\/xenonkungen.com\/wp-content\/uploads\/2025\/04\/NightShift-BLW0408S2-6-scaled.png\",\"datePublished\":\"2025-04-15T08:30:26+00:00\",\"dateModified\":\"2026-05-04T09:49:45+00:00\",\"breadcrumb\":{\"@id\":\"https:\/\/xenonkungen.com\/produkt\/luxtar-revo-backljus-med-blixtljusfunktion\/#breadcrumb\"},\"inLanguage\":\"nb-NO\",\"potentialAction\":[{\"@type\":\"ReadAction\",\"target\":[\"https:\/\/xenonkungen.com\/produkt\/luxtar-revo-backljus-med-blixtljusfunktion\/\"]}]},{\"@type\":\"ImageObject\",\"inLanguage\":\"nb-NO\",\"@id\":\"https:\/\/xenonkungen.com\/produkt\/luxtar-revo-backljus-med-blixtljusfunktion\/#primaryimage\",\"url\":\"https:\/\/xenonkungen.com\/wp-content\/uploads\/2025\/04\/NightShift-BLW0408S2-6-scaled.png\",\"contentUrl\":\"https:\/\/xenonkungen.com\/wp-content\/uploads\/2025\/04\/NightShift-BLW0408S2-6-scaled.png\",\"width\":2560,\"height\":878},{\"@type\":\"BreadcrumbList\",\"@id\":\"https:\/\/xenonkungen.com\/produkt\/luxtar-revo-backljus-med-blixtljusfunktion\/#breadcrumb\",\"itemListElement\":[{\"@type\":\"ListItem\",\"position\":1,\"name\":\"Hem\",\"item\":\"https:\/\/xenonkungen.com\/\"},{\"@type\":\"ListItem\",\"position\":2,\"name\":\"Shop\",\"item\":\"https:\/\/xenonkungen.com\/shop\/\"},{\"@type\":\"ListItem\",\"position\":3,\"name\":\"Luxtar\u00ae REVO Backljus med blixtljusfunktion\"}]},{\"@type\":\"WebSite\",\"@id\":\"https:\/\/xenonkungen.com\/#website\",\"url\":\"https:\/\/xenonkungen.com\/\",\"name\":\"Xenonkungen\",\"description\":\"\",\"potentialAction\":[{\"@type\":\"SearchAction\",\"target\":{\"@type\":\"EntryPoint\",\"urlTemplate\":\"https:\/\/xenonkungen.com\/?s={search_term_string}\"},\"query-input\":{\"@type\":\"PropertyValueSpecification\",\"valueRequired\":true,\"valueName\":\"search_term_string\"}}],\"inLanguage\":\"nb-NO\"}]}<\/script>\n<!-- \/ Yoast SEO plugin. -->","yoast_head_json":{"title":"Luxtar\u00ae REVO Backljus med blixtljusfunktion - Xenonkungen","robots":{"index":"index","follow":"follow","max-snippet":"max-snippet:-1","max-image-preview":"max-image-preview:large","max-video-preview":"max-video-preview:-1"},"canonical":"https:\/\/xenonkungen.com\/no\/produkt\/luxtar-revo-backljus-med-blixtljusfunktion\/","og_locale":"nb_NO","og_type":"article","og_title":"Luxtar\u00ae REVO Backljus med blixtljusfunktion - Xenonkungen","og_description":"Nightshift Revo levererar ett krispigt vitt ljus p\u00e5 6000K med 2700lm som ger dig en r\u00e4ckvidd p\u00e5 upp till 37m.  Revo \u00e4r \u00e4ven godk\u00e4nt att anv\u00e4ndas som backljus enligt ECE R23.","og_url":"https:\/\/xenonkungen.com\/no\/produkt\/luxtar-revo-backljus-med-blixtljusfunktion\/","og_site_name":"Xenonkungen","article_modified_time":"2026-05-04T09:49:45+00:00","og_image":[{"width":2560,"height":878,"url":"https:\/\/xenonkungen.com\/wp-content\/uploads\/2025\/04\/NightShift-BLW0408S2-6-scaled.png","type":"image\/png"}],"twitter_card":"summary_large_image","twitter_misc":{"Ansl. lesetid":"1 minutt"},"schema":{"@context":"https:\/\/schema.org","@graph":[{"@type":"WebPage","@id":"https:\/\/xenonkungen.com\/produkt\/luxtar-revo-backljus-med-blixtljusfunktion\/","url":"https:\/\/xenonkungen.com\/produkt\/luxtar-revo-backljus-med-blixtljusfunktion\/","name":"Luxtar\u00ae REVO Backljus med blixtljusfunktion - Xenonkungen","isPartOf":{"@id":"https:\/\/xenonkungen.com\/#website"},"primaryImageOfPage":{"@id":"https:\/\/xenonkungen.com\/produkt\/luxtar-revo-backljus-med-blixtljusfunktion\/#primaryimage"},"image":{"@id":"https:\/\/xenonkungen.com\/produkt\/luxtar-revo-backljus-med-blixtljusfunktion\/#primaryimage"},"thumbnailUrl":"https:\/\/xenonkungen.com\/wp-content\/uploads\/2025\/04\/NightShift-BLW0408S2-6-scaled.png","datePublished":"2025-04-15T08:30:26+00:00","dateModified":"2026-05-04T09:49:45+00:00","breadcrumb":{"@id":"https:\/\/xenonkungen.com\/produkt\/luxtar-revo-backljus-med-blixtljusfunktion\/#breadcrumb"},"inLanguage":"nb-NO","potentialAction":[{"@type":"ReadAction","target":["https:\/\/xenonkungen.com\/produkt\/luxtar-revo-backljus-med-blixtljusfunktion\/"]}]},{"@type":"ImageObject","inLanguage":"nb-NO","@id":"https:\/\/xenonkungen.com\/produkt\/luxtar-revo-backljus-med-blixtljusfunktion\/#primaryimage","url":"https:\/\/xenonkungen.com\/wp-content\/uploads\/2025\/04\/NightShift-BLW0408S2-6-scaled.png","contentUrl":"https:\/\/xenonkungen.com\/wp-content\/uploads\/2025\/04\/NightShift-BLW0408S2-6-scaled.png","width":2560,"height":878},{"@type":"BreadcrumbList","@id":"https:\/\/xenonkungen.com\/produkt\/luxtar-revo-backljus-med-blixtljusfunktion\/#breadcrumb","itemListElement":[{"@type":"ListItem","position":1,"name":"Hem","item":"https:\/\/xenonkungen.com\/"},{"@type":"ListItem","position":2,"name":"Shop","item":"https:\/\/xenonkungen.com\/shop\/"},{"@type":"ListItem","position":3,"name":"Luxtar\u00ae REVO Backljus med blixtljusfunktion"}]},{"@type":"WebSite","@id":"https:\/\/xenonkungen.com\/#website","url":"https:\/\/xenonkungen.com\/","name":"Xenonkungen","description":"","potentialAction":[{"@type":"SearchAction","target":{"@type":"EntryPoint","urlTemplate":"https:\/\/xenonkungen.com\/?s={search_term_string}"},"query-input":{"@type":"PropertyValueSpecification","valueRequired":true,"valueName":"search_term_string"}}],"inLanguage":"nb-NO"}]}},"taxonomy_info":{"anvandningsomrade":[{"value":166,"label":"Lastbil"},{"value":238,"label":"SL\u00c4P"}],"product_brand":[{"value":103,"label":"LUXTAR"}],"product_cat":[{"value":2585,"label":"Backljus"},{"value":2479,"label":"Backljus"},{"value":2587,"label":"Blixtljus\/Varningsljus"},{"value":2579,"label":"Blixtljus\/Varningsljus"},{"value":2849,"label":"Malvins VW Golf"},{"value":2480,"label":"Nightshift"},{"value":508,"label":"Arbetsbelysning"},{"value":934,"label":"Blixtljus"}],"pa_faktisk-effekts-forbrukning":[{"value":715,"label":"12"}],"pa_fargtemperatur":[{"value":188,"label":"6000K"}],"pa_fuktskydd-varde-ipxx":[{"value":155,"label":"IP69K"}],"pa_godkannande":[{"value":716,"label":"ECE, R23, R65, R10, CE, EMC, RoHS"}],"pa_lampsockel-kontakt":[{"value":404,"label":"DT4"}],"pa_led-chips-effekt-w":[{"value":714,"label":"32"}],"pa_ljusbild":[{"value":503,"label":"FLOOD"}],"pa_ljusspridning-grader":[{"value":502,"label":"90"}],"pa_storlek-mm":[{"value":713,"label":"165x41x61"}]},"featured_image_src_large":["https:\/\/xenonkungen.com\/wp-content\/uploads\/2025\/04\/NightShift-BLW0408S2-6-1024x351.png",1024,351,true],"author_info":[],"comment_info":0,"_links":{"self":[{"href":"https:\/\/xenonkungen.com\/no\/wp-json\/wp\/v2\/product\/1923","targetHints":{"allow":["GET"]}}],"collection":[{"href":"https:\/\/xenonkungen.com\/no\/wp-json\/wp\/v2\/product"}],"about":[{"href":"https:\/\/xenonkungen.com\/no\/wp-json\/wp\/v2\/types\/product"}],"replies":[{"embeddable":true,"href":"https:\/\/xenonkungen.com\/no\/wp-json\/wp\/v2\/comments?post=1923"}],"wp:featuredmedia":[{"embeddable":true,"href":"https:\/\/xenonkungen.com\/no\/wp-json\/wp\/v2\/media\/1924"}],"wp:attachment":[{"href":"https:\/\/xenonkungen.com\/no\/wp-json\/wp\/v2\/media?parent=1923"}],"wp:term":[{"taxonomy":"anvandningsomrade","embeddable":true,"href":"https:\/\/xenonkungen.com\/no\/wp-json\/wp\/v2\/anvandningsomrade?post=1923"},{"taxonomy":"bilmarken","embeddable":true,"href":"https:\/\/xenonkungen.com\/no\/wp-json\/wp\/v2\/bilmarken?post=1923"},{"taxonomy":"product_brand","embeddable":true,"href":"https:\/\/xenonkungen.com\/no\/wp-json\/wp\/v2\/product_brand?post=1923"},{"taxonomy":"product_cat","embeddable":true,"href":"https:\/\/xenonkungen.com\/no\/wp-json\/wp\/v2\/product_cat?post=1923"},{"taxonomy":"product_tag","embeddable":true,"href":"https:\/\/xenonkungen.com\/no\/wp-json\/wp\/v2\/product_tag?post=1923"}],"curies":[{"name":"wp","href":"https:\/\/api.w.org\/{rel}","templated":true}]}}