{"id":20984,"date":"2025-12-12T15:18:48","date_gmt":"2025-12-12T14:18:48","guid":{"rendered":"https:\/\/xenonkungen.com\/?post_type=product&#038;p=20984"},"modified":"2026-05-08T15:41:30","modified_gmt":"2026-05-08T14:41:30","slug":"osram-dekkforsegling-essensiell","status":"publish","type":"product","link":"https:\/\/xenonkungen.com\/no\/produkt\/osram-dekkforsegling-essensiell\/","title":{"rendered":"OSRAM Tyreseal Essential"},"content":{"rendered":"<h3 data-start=\"97\" data-end=\"125\">OSRAM TIREseal ESSENTIAL<\/h3>\n<p data-start=\"127\" data-end=\"384\"><strong data-start=\"127\" data-end=\"155\">OSRAM TIREseal ESSENTIAL<\/strong> er et dekkforseglingsmiddel som fungerer som en direkte erstatning for bilens originale forseglingsmiddel. Produktet er produsert i henhold til originalspesifikasjoner med den nyeste partikkelgelteknologien for rask og effektiv punkteringsreparasjon.<\/p>\n<p data-start=\"386\" data-end=\"702\">Tetningsmiddelet reparerer punkteringer opptil <strong data-start=\"429\" data-end=\"437\">6 mm<\/strong> og gj\u00f8r det mulig \u00e5 fortsette \u00e5 kj\u00f8re i opptil <strong data-start=\"485\" data-end=\"495\">200 km<\/strong>, slik at du trygt kan fullf\u00f8re reisen eller komme deg til n\u00e6rmeste verksted for dekkskift. Ingen jekk eller verkt\u00f8y n\u00f8dvendig \u2013 reparasjonen er rask, enkel og f\u00e5r deg tilbake p\u00e5 veien innen <strong data-start=\"687\" data-end=\"701\">10 minutter<\/strong>.<\/p>\n<p data-start=\"704\" data-end=\"1027\">Formelen er utformet for \u00e5 str\u00f8mme gjennom ventilen, noe som gj\u00f8r den <strong data-start=\"771\" data-end=\"810\">trygg \u00e5 bruke med TPMS-ventiler<\/strong>Ventilinnsatsen trenger ikke \u00e5 fjernes. Flasken har en universell design som gj\u00f8r at den kan oppbevares sammen med bilens originale tetningssett og er kompatibel med <strong data-start=\"977\" data-end=\"1026\">OSRAM dekkpumper og de fleste andre pumper<\/strong>.<\/p>\n<p data-start=\"1029\" data-end=\"1193\">N\u00e5r dekket er fjernet, kan tetningsmiddelet enkelt skylles ut for \u00e5 muliggj\u00f8re en permanent reparasjon. L\u00f8sningen er <strong data-start=\"1145\" data-end=\"1172\">giftfri og milj\u00f8vennlig<\/strong> n\u00e5r den skylles bort.<\/p>\n<p data-start=\"1195\" data-end=\"1542\">\u2022 Direkte erstatning for bilens originale tetningsmiddel<br data-start=\"1246\" data-end=\"1249\" \/>\u2022 Reparerer punkteringer opptil 6 mm<br data-start=\"1283\" data-end=\"1286\" \/>\u2022 Kj\u00f8rbar i opptil 200 km etter reparasjon<br data-start=\"1324\" data-end=\"1327\" \/>\u2022 Rask og enkel reparasjon uten verkt\u00f8y<br data-start=\"1368\" data-end=\"1371\" \/>\u2022 Trygg for TPMS-ventiler<br data-start=\"1396\" data-end=\"1399\" \/>\u2022 Universalflaske \u2013 kompatibel med de fleste dekkpumper<br data-start=\"1456\" data-end=\"1459\" \/>\u2022 Lett \u00e5 vaske ut for permanent reparasjon<br data-start=\"1504\" data-end=\"1507\" \/>\u2022 Giftfri og milj\u00f8vennlig l\u00f8sning<\/p>","protected":false},"excerpt":{"rendered":"<p>OSRAM TYREseal ESSENTIAL OSRAM TYREseal ESSENTIAL \u00e4r ett d\u00e4ckt\u00e4tningsmedel som fungerar som en direkt ers\u00e4ttare till bilens originalt\u00e4tningsmedel. Produkten \u00e4r tillverkad enligt OE-specifikation med den senaste partikelgel-tekniken f\u00f6r snabb och effektiv lagning vid punktering. T\u00e4tningsmedlet lagar punkteringar upp till 6 mm och g\u00f6r det m\u00f6jligt att k\u00f6ra vidare i upp till 200 km, s\u00e5 att [&hellip;]<\/p>","protected":false},"featured_media":20986,"comment_status":"open","ping_status":"closed","template":"","meta":{"_acf_changed":false,"_smort_price_nok":"246","_smort_price_dkk":"","_smort_price_eur":"","_smort_sale_price_nok":"","_smort_sale_price_dkk":"","_smort_sale_price_eur":"","smort_restorder":"","shipmondo_restorder":"","_kad_blocks_custom_css":"","_kad_blocks_head_custom_js":"","_kad_blocks_body_custom_js":"","_kad_blocks_footer_custom_js":"","smort_custom_pricelist_1":"147.2","smort_custom_pricelist_2":"128.8","smort_custom_pricelist_3":"119.6","smort_custom_pricelist_4":"184","smort_custom_pricelist_5":"128.8"},"anvandningsomrade":[],"bilmarken":[],"product_brand":[108],"product_cat":[2653,377],"product_tag":[],"class_list":{"0":"post-20984","1":"product","2":"type-product","3":"status-publish","4":"has-post-thumbnail","6":"product_brand-osram","7":"product_cat-dackpump","8":"product_cat-biltillbehor","10":"first","11":"instock","12":"taxable","13":"shipping-taxable","14":"purchasable","15":"product-type-simple"},"bundled_by":[],"bundle_stock_status":"instock","bundle_stock_quantity":5,"bundle_virtual":false,"bundle_layout":"","bundle_add_to_cart_form_location":"","bundle_editable_in_cart":false,"bundle_sold_individually_context":"","bundle_item_grouping":"","bundle_min_size":"","bundle_max_size":"","bundle_price":[],"bundled_items":[],"bundle_sell_ids":[],"acf":[],"yoast_head":"<!-- This site is optimized with the Yoast SEO plugin v27.0 - https:\/\/yoast.com\/product\/yoast-seo-wordpress\/ -->\n<title>OSRAM Tyreseal Essential - Xenonkungen<\/title>\n<meta name=\"robots\" content=\"index, follow, max-snippet:-1, max-image-preview:large, max-video-preview:-1\" \/>\n<link rel=\"canonical\" href=\"https:\/\/xenonkungen.com\/no\/produkt\/osram-dekkforsegling-essensiell\/\" \/>\n<meta property=\"og:locale\" content=\"nb_NO\" \/>\n<meta property=\"og:type\" content=\"article\" \/>\n<meta property=\"og:title\" content=\"OSRAM Tyreseal Essential - Xenonkungen\" \/>\n<meta property=\"og:description\" content=\"OSRAM TYREseal ESSENTIAL OSRAM TYREseal ESSENTIAL \u00e4r ett d\u00e4ckt\u00e4tningsmedel som fungerar som en direkt ers\u00e4ttare till bilens originalt\u00e4tningsmedel. Produkten \u00e4r tillverkad enligt OE-specifikation med den senaste partikelgel-tekniken f\u00f6r snabb och effektiv lagning vid punktering. T\u00e4tningsmedlet lagar punkteringar upp till 6 mm och g\u00f6r det m\u00f6jligt att k\u00f6ra vidare i upp till 200 km, s\u00e5 att [&hellip;]\" \/>\n<meta property=\"og:url\" content=\"https:\/\/xenonkungen.com\/no\/produkt\/osram-dekkforsegling-essensiell\/\" \/>\n<meta property=\"og:site_name\" content=\"Xenonkungen\" \/>\n<meta property=\"article:modified_time\" content=\"2026-05-08T14:41:30+00:00\" \/>\n<meta property=\"og:image\" content=\"https:\/\/xenonkungen.com\/wp-content\/uploads\/2025\/12\/Small-for-web-and-ppt-OTSK6ESN_STUDIO_003.jpg\" \/>\n\t<meta property=\"og:image:width\" content=\"1024\" \/>\n\t<meta property=\"og:image:height\" content=\"968\" \/>\n\t<meta property=\"og:image:type\" content=\"image\/jpeg\" \/>\n<meta name=\"twitter:card\" content=\"summary_large_image\" \/>\n<meta name=\"twitter:label1\" content=\"Ansl. lesetid\" \/>\n\t<meta name=\"twitter:data1\" content=\"2 minutter\" \/>\n<script type=\"application\/ld+json\" class=\"yoast-schema-graph\">{\"@context\":\"https:\/\/schema.org\",\"@graph\":[{\"@type\":\"WebPage\",\"@id\":\"https:\/\/xenonkungen.com\/produkt\/osram-tyreseal-essential\/\",\"url\":\"https:\/\/xenonkungen.com\/produkt\/osram-tyreseal-essential\/\",\"name\":\"OSRAM Tyreseal Essential - Xenonkungen\",\"isPartOf\":{\"@id\":\"https:\/\/xenonkungen.com\/#website\"},\"primaryImageOfPage\":{\"@id\":\"https:\/\/xenonkungen.com\/produkt\/osram-tyreseal-essential\/#primaryimage\"},\"image\":{\"@id\":\"https:\/\/xenonkungen.com\/produkt\/osram-tyreseal-essential\/#primaryimage\"},\"thumbnailUrl\":\"https:\/\/xenonkungen.com\/wp-content\/uploads\/2025\/12\/Small-for-web-and-ppt-OTSK6ESN_STUDIO_003.jpg\",\"datePublished\":\"2025-12-12T14:18:48+00:00\",\"dateModified\":\"2026-05-08T14:41:30+00:00\",\"breadcrumb\":{\"@id\":\"https:\/\/xenonkungen.com\/produkt\/osram-tyreseal-essential\/#breadcrumb\"},\"inLanguage\":\"nb-NO\",\"potentialAction\":[{\"@type\":\"ReadAction\",\"target\":[\"https:\/\/xenonkungen.com\/produkt\/osram-tyreseal-essential\/\"]}]},{\"@type\":\"ImageObject\",\"inLanguage\":\"nb-NO\",\"@id\":\"https:\/\/xenonkungen.com\/produkt\/osram-tyreseal-essential\/#primaryimage\",\"url\":\"https:\/\/xenonkungen.com\/wp-content\/uploads\/2025\/12\/Small-for-web-and-ppt-OTSK6ESN_STUDIO_003.jpg\",\"contentUrl\":\"https:\/\/xenonkungen.com\/wp-content\/uploads\/2025\/12\/Small-for-web-and-ppt-OTSK6ESN_STUDIO_003.jpg\",\"width\":1024,\"height\":968},{\"@type\":\"BreadcrumbList\",\"@id\":\"https:\/\/xenonkungen.com\/produkt\/osram-tyreseal-essential\/#breadcrumb\",\"itemListElement\":[{\"@type\":\"ListItem\",\"position\":1,\"name\":\"Hem\",\"item\":\"https:\/\/xenonkungen.com\/\"},{\"@type\":\"ListItem\",\"position\":2,\"name\":\"Shop\",\"item\":\"https:\/\/xenonkungen.com\/shop\/\"},{\"@type\":\"ListItem\",\"position\":3,\"name\":\"OSRAM Tyreseal Essential\"}]},{\"@type\":\"WebSite\",\"@id\":\"https:\/\/xenonkungen.com\/#website\",\"url\":\"https:\/\/xenonkungen.com\/\",\"name\":\"Xenonkungen\",\"description\":\"\",\"potentialAction\":[{\"@type\":\"SearchAction\",\"target\":{\"@type\":\"EntryPoint\",\"urlTemplate\":\"https:\/\/xenonkungen.com\/?s={search_term_string}\"},\"query-input\":{\"@type\":\"PropertyValueSpecification\",\"valueRequired\":true,\"valueName\":\"search_term_string\"}}],\"inLanguage\":\"nb-NO\"}]}<\/script>\n<!-- \/ Yoast SEO plugin. -->","yoast_head_json":{"title":"OSRAM Tyreseal Essential \u2013 Xenon-kongen","robots":{"index":"index","follow":"follow","max-snippet":"max-snippet:-1","max-image-preview":"max-image-preview:large","max-video-preview":"max-video-preview:-1"},"canonical":"https:\/\/xenonkungen.com\/no\/produkt\/osram-dekkforsegling-essensiell\/","og_locale":"nb_NO","og_type":"article","og_title":"OSRAM Tyreseal Essential - Xenonkungen","og_description":"OSRAM TYREseal ESSENTIAL OSRAM TYREseal ESSENTIAL \u00e4r ett d\u00e4ckt\u00e4tningsmedel som fungerar som en direkt ers\u00e4ttare till bilens originalt\u00e4tningsmedel. Produkten \u00e4r tillverkad enligt OE-specifikation med den senaste partikelgel-tekniken f\u00f6r snabb och effektiv lagning vid punktering. T\u00e4tningsmedlet lagar punkteringar upp till 6 mm och g\u00f6r det m\u00f6jligt att k\u00f6ra vidare i upp till 200 km, s\u00e5 att [&hellip;]","og_url":"https:\/\/xenonkungen.com\/no\/produkt\/osram-dekkforsegling-essensiell\/","og_site_name":"Xenonkungen","article_modified_time":"2026-05-08T14:41:30+00:00","og_image":[{"width":1024,"height":968,"url":"https:\/\/xenonkungen.com\/wp-content\/uploads\/2025\/12\/Small-for-web-and-ppt-OTSK6ESN_STUDIO_003.jpg","type":"image\/jpeg"}],"twitter_card":"summary_large_image","twitter_misc":{"Ansl. lesetid":"2 minutter"},"schema":{"@context":"https:\/\/schema.org","@graph":[{"@type":"WebPage","@id":"https:\/\/xenonkungen.com\/produkt\/osram-tyreseal-essential\/","url":"https:\/\/xenonkungen.com\/produkt\/osram-tyreseal-essential\/","name":"OSRAM Tyreseal Essential \u2013 Xenon-kongen","isPartOf":{"@id":"https:\/\/xenonkungen.com\/#website"},"primaryImageOfPage":{"@id":"https:\/\/xenonkungen.com\/produkt\/osram-tyreseal-essential\/#primaryimage"},"image":{"@id":"https:\/\/xenonkungen.com\/produkt\/osram-tyreseal-essential\/#primaryimage"},"thumbnailUrl":"https:\/\/xenonkungen.com\/wp-content\/uploads\/2025\/12\/Small-for-web-and-ppt-OTSK6ESN_STUDIO_003.jpg","datePublished":"2025-12-12T14:18:48+00:00","dateModified":"2026-05-08T14:41:30+00:00","breadcrumb":{"@id":"https:\/\/xenonkungen.com\/produkt\/osram-tyreseal-essential\/#breadcrumb"},"inLanguage":"nb-NO","potentialAction":[{"@type":"ReadAction","target":["https:\/\/xenonkungen.com\/produkt\/osram-tyreseal-essential\/"]}]},{"@type":"ImageObject","inLanguage":"nb-NO","@id":"https:\/\/xenonkungen.com\/produkt\/osram-tyreseal-essential\/#primaryimage","url":"https:\/\/xenonkungen.com\/wp-content\/uploads\/2025\/12\/Small-for-web-and-ppt-OTSK6ESN_STUDIO_003.jpg","contentUrl":"https:\/\/xenonkungen.com\/wp-content\/uploads\/2025\/12\/Small-for-web-and-ppt-OTSK6ESN_STUDIO_003.jpg","width":1024,"height":968},{"@type":"BreadcrumbList","@id":"https:\/\/xenonkungen.com\/produkt\/osram-tyreseal-essential\/#breadcrumb","itemListElement":[{"@type":"ListItem","position":1,"name":"Hem","item":"https:\/\/xenonkungen.com\/"},{"@type":"ListItem","position":2,"name":"Shop","item":"https:\/\/xenonkungen.com\/shop\/"},{"@type":"ListItem","position":3,"name":"OSRAM Tyreseal Essential"}]},{"@type":"WebSite","@id":"https:\/\/xenonkungen.com\/#website","url":"https:\/\/xenonkungen.com\/","name":"Xenonkungen","description":"","potentialAction":[{"@type":"SearchAction","target":{"@type":"EntryPoint","urlTemplate":"https:\/\/xenonkungen.com\/?s={search_term_string}"},"query-input":{"@type":"PropertyValueSpecification","valueRequired":true,"valueName":"search_term_string"}}],"inLanguage":"nb-NO"}]}},"taxonomy_info":{"product_brand":[{"value":108,"label":"OSRAM"}],"product_cat":[{"value":2653,"label":"D\u00e4ckpump"},{"value":377,"label":"Biltillbeh\u00f6r"}]},"featured_image_src_large":["https:\/\/xenonkungen.com\/wp-content\/uploads\/2025\/12\/Small-for-web-and-ppt-OTSK6ESN_STUDIO_003.jpg",1024,968,false],"author_info":[],"comment_info":0,"_links":{"self":[{"href":"https:\/\/xenonkungen.com\/no\/wp-json\/wp\/v2\/product\/20984","targetHints":{"allow":["GET"]}}],"collection":[{"href":"https:\/\/xenonkungen.com\/no\/wp-json\/wp\/v2\/product"}],"about":[{"href":"https:\/\/xenonkungen.com\/no\/wp-json\/wp\/v2\/types\/product"}],"replies":[{"embeddable":true,"href":"https:\/\/xenonkungen.com\/no\/wp-json\/wp\/v2\/comments?post=20984"}],"wp:featuredmedia":[{"embeddable":true,"href":"https:\/\/xenonkungen.com\/no\/wp-json\/wp\/v2\/media\/20986"}],"wp:attachment":[{"href":"https:\/\/xenonkungen.com\/no\/wp-json\/wp\/v2\/media?parent=20984"}],"wp:term":[{"taxonomy":"anvandningsomrade","embeddable":true,"href":"https:\/\/xenonkungen.com\/no\/wp-json\/wp\/v2\/anvandningsomrade?post=20984"},{"taxonomy":"bilmarken","embeddable":true,"href":"https:\/\/xenonkungen.com\/no\/wp-json\/wp\/v2\/bilmarken?post=20984"},{"taxonomy":"product_brand","embeddable":true,"href":"https:\/\/xenonkungen.com\/no\/wp-json\/wp\/v2\/product_brand?post=20984"},{"taxonomy":"product_cat","embeddable":true,"href":"https:\/\/xenonkungen.com\/no\/wp-json\/wp\/v2\/product_cat?post=20984"},{"taxonomy":"product_tag","embeddable":true,"href":"https:\/\/xenonkungen.com\/no\/wp-json\/wp\/v2\/product_tag?post=20984"}],"curies":[{"name":"wp","href":"https:\/\/api.w.org\/{rel}","templated":true}]}}