{"id":21277,"date":"2025-12-18T11:27:28","date_gmt":"2025-12-18T10:27:28","guid":{"rendered":"https:\/\/xenonkungen.com\/?post_type=product&#038;p=21277"},"modified":"2026-04-17T16:21:51","modified_gmt":"2026-04-17T15:21:51","slug":"luxtar-twilight-black-2-hendelsespakke","status":"publish","type":"product","link":"https:\/\/xenonkungen.com\/no\/produkt\/luxtar-twilight-black-2-hendelsespakke\/","title":{"rendered":"Luxtar Twilight innbyggingssett &gt;&gt;Svart<&lt; | TESLA Model Y Juniper"},"content":{"rendered":"<h2>Luxtar Twilight innfelt sett &gt;&gt;Svart&lt;&lt; | TESLA Model Y Juniper \u2013 Elegant og h\u00f8ytytende belysning for din Tesla<\/h2>\n<p>For Tesla-eieren som \u00f8nsker stil, kraft og sikkerhet, er\u00a0<strong>Luxtar Twilight innbyggingssett &gt;&gt;Svart&lt;&lt;<\/strong>\u00a0en s\u00f8ml\u00f8s og kraftig belysningsl\u00f8sning. Med en lysstyrke p\u00e5\u00a0<strong>300W<\/strong>\u00a0og en imponerende lysstr\u00f8m p\u00e5\u00a0<strong>18 140 lumen<\/strong>gir denne LED-rampen uovertruffen synlighet og sikkerhet p\u00e5 veien. Lysrekkevidden n\u00e5r ut til hele\u00a0<strong>1 lux p\u00e5 794 meters h\u00f8yde<\/strong>\u00a0(R112-standard: 1 lux p\u00e5 430 meter), noe som betyr optimalt lys under m\u00f8rke og utfordrende forhold.<\/p>\n<p>Pakken inneholder en\u00a0<strong>spesialdesignet svart innfelt brakett<\/strong> for Tesla, noe som sikrer perfekt passform og en diskr\u00e9 installasjon som passer inn i bilens elegante design og passform <strong>Modell Y fra 2025<\/strong><\/p>\n<p><strong>Jevn og sikker styring<\/strong>\u00a0er mulig med\u00a0<strong>XBB OBD-II-dongle + PowerUnit<\/strong>\u00a0og\u00a0<strong>Tesla-kompatible OBD2-adaptere<\/strong>Denne avanserte l\u00f8sningen gir full CANBUS-funksjonalitet og s\u00f8ml\u00f8s integrering med bilens systemer. Denne avanserte l\u00f8sningen unng\u00e5r feilmeldinger og forstyrrelser, noe som gj\u00f8r betjeningen enkel og trygg.<\/p>\n<p>For \u00e5 sikre p\u00e5litelig str\u00f8mforsyning og langvarig ytelse, f\u00f8lger det ogs\u00e5 med\u00a0<strong>Luxtar rel\u00e9kabelsett DTP-4 X1 12V med 80A rel\u00e9<\/strong>. For best mulig signaloverf\u00f8ring og stabilitet anbefaler vi\u00a0<strong>103179XR-DT Kabelsett for XBB-str\u00f8mforsyning \u2013 DT<\/strong>, et kabelsett av h\u00f8y kvalitet utviklet for \u00e5 t\u00e5le t\u00f8ffe forhold og gi en robust og p\u00e5litelig tilkobling. Dette kobles deretter til med de doble rel\u00e9kabelsettene. Se koblingsskjemaet nedenfor.<\/p>\n<h3>Funksjoner og fordeler:<\/h3>\n<ul>\n<li><strong>Effekt:<\/strong>\u00a0300W<\/li>\n<li><strong>Lysstr\u00f8m:<\/strong>\u00a018 140 lumen<\/li>\n<li><strong>Omfang:<\/strong>\u00a01 lux ved 794 meter \/ R112-standard: 1 lux ved 430 meter<\/li>\n<li><strong>Innfelt brakett:<\/strong>\u00a0Skreddersydd for Tesla, i elegant svart<\/li>\n<li><strong>CANBUS-kompatibilitet<\/strong>\u00a0med XBB OBD-II-dongle + PowerUnit og Tesla OBD2-adapter for enkel installasjon<\/li>\n<li><strong>Rel\u00e9kabelsett:<\/strong>\u00a0DTP-4 X1 12V 80A rel\u00e9 og\u00a0<strong>103179XR-DT Kabelsett<\/strong>\u00a0for XBB-str\u00f8mforsyning \u2013 DT for stabil og p\u00e5litelig signaloverf\u00f8ring<\/li>\n<\/ul>\n<p>Opplev den perfekte kombinasjonen av eleganse og ytelse med\u00a0<strong>Luxtar Twilight innbyggingssett &gt;&gt;Svart&lt;&lt;<\/strong>\u00a0for Tesla og f\u00e5 en belysningsl\u00f8sning som forbedrer b\u00e5de sikkerheten og estetikken p\u00e5 veien.<\/p>\n<h2><a href=\"https:\/\/xenonkungen.com\/wp-content\/uploads\/2025\/10\/XBB-Canbus-over-15A-inkoppling.pdf\">Klikk her for \u00e5 se koblingsskjemaet, doble rel\u00e9koblingsnett med XBB\u00a0<\/a><\/h2>","protected":false},"excerpt":{"rendered":"<p>Opplev kraften og elegansen i Luxtar Twilight &gt;&gt;Black&lt;&lt; innfelt pakke for Tesla. Med 300 W og 18 140 lumen gir denne LED-l\u00f8sningen av h\u00f8y kvalitet maksimal sikkerhet og et perfekt tilpasset design for m\u00f8rke, krevende kj\u00f8reforhold.<\/p>","protected":false},"featured_media":15098,"comment_status":"open","ping_status":"closed","template":"","meta":{"_acf_changed":false,"_smort_price_nok":"8807","_smort_price_dkk":"","_smort_price_eur":"","_smort_sale_price_nok":"","_smort_sale_price_dkk":"","_smort_sale_price_eur":"","smort_restorder":"","shipmondo_restorder":"","_kad_blocks_custom_css":"","_kad_blocks_head_custom_js":"","_kad_blocks_body_custom_js":"","_kad_blocks_footer_custom_js":"","smort_custom_pricelist_1":"5276.8","smort_custom_pricelist_2":"4617.2","smort_custom_pricelist_3":"4287.4","smort_custom_pricelist_4":"6596","smort_custom_pricelist_5":"4617.2"},"anvandningsomrade":[],"bilmarken":[],"product_brand":[],"product_cat":[16],"product_tag":[],"class_list":{"0":"post-21277","1":"product","2":"type-product","3":"status-publish","4":"has-post-thumbnail","6":"product_cat-uncategorized","8":"first","9":"onbackorder","10":"taxable","11":"shipping-taxable","12":"purchasable","13":"product-type-bundle"},"bundled_by":[],"bundle_stock_status":"instock","bundle_stock_quantity":74,"bundle_virtual":false,"bundle_layout":"default","bundle_add_to_cart_form_location":"default","bundle_editable_in_cart":false,"bundle_sold_individually_context":"product","bundle_item_grouping":"parent","bundle_min_size":"","bundle_max_size":"","bundle_price":{"price":{"min":{"incl_tax":"8806.74","excl_tax":"7045.38660132"},"max":{"incl_tax":"8806.74","excl_tax":"7045.38660132"}},"regular_price":{"min":{"incl_tax":"8806.74","excl_tax":"7045.38660132"},"max":{"incl_tax":"8806.74","excl_tax":"7045.38660132"}}},"bundled_items":[{"bundled_item_id":501,"product_id":944,"menu_order":0,"quantity_min":1,"quantity_max":1,"quantity_default":1,"priced_individually":false,"shipped_individually":false,"override_title":false,"title":"LUXTAR Twilight | 300W","override_description":false,"description":"","optional":false,"hide_thumbnail":false,"discount":"","override_variations":false,"allowed_variations":[],"override_default_variation_attributes":false,"default_variation_attributes":[],"single_product_visibility":"visible","cart_visibility":"visible","order_visibility":"visible","single_product_price_visibility":"visible","cart_price_visibility":"visible","order_price_visibility":"visible","stock_status":"in_stock"},{"bundled_item_id":502,"product_id":1069,"menu_order":1,"quantity_min":1,"quantity_max":1,"quantity_default":1,"priced_individually":false,"shipped_individually":false,"override_title":false,"title":"Luxtar rel\u00e9kabelsett DTP-4 X1 12V 80A rel\u00e9","override_description":false,"description":"","optional":false,"hide_thumbnail":false,"discount":"","override_variations":false,"allowed_variations":[],"override_default_variation_attributes":false,"default_variation_attributes":[],"single_product_visibility":"visible","cart_visibility":"visible","order_visibility":"visible","single_product_price_visibility":"visible","cart_price_visibility":"visible","order_price_visibility":"visible","stock_status":"in_stock"},{"bundled_item_id":503,"product_id":1538,"menu_order":2,"quantity_min":1,"quantity_max":1,"quantity_default":1,"priced_individually":false,"shipped_individually":false,"override_title":false,"title":"XBB OBD-II-dongle + PowerUnit","override_description":false,"description":"","optional":false,"hide_thumbnail":false,"discount":"","override_variations":false,"allowed_variations":[],"override_default_variation_attributes":false,"default_variation_attributes":[],"single_product_visibility":"visible","cart_visibility":"visible","order_visibility":"visible","single_product_price_visibility":"visible","cart_price_visibility":"visible","order_price_visibility":"visible","stock_status":"on_backorder"},{"bundled_item_id":504,"product_id":2605,"menu_order":3,"quantity_min":1,"quantity_max":1,"quantity_default":1,"priced_individually":false,"shipped_individually":false,"override_title":false,"title":"Kabelsett for XBB Power Unit - DT","override_description":false,"description":"","optional":false,"hide_thumbnail":false,"discount":"","override_variations":false,"allowed_variations":[],"override_default_variation_attributes":false,"default_variation_attributes":[],"single_product_visibility":"visible","cart_visibility":"visible","order_visibility":"visible","single_product_price_visibility":"visible","cart_price_visibility":"visible","order_price_visibility":"visible","stock_status":"in_stock"},{"bundled_item_id":505,"product_id":2747,"menu_order":4,"quantity_min":1,"quantity_max":1,"quantity_default":1,"priced_individually":false,"shipped_individually":false,"override_title":false,"title":"Ekstra lysbrakett for Tesla LEDramp - Innfelt brakett Svart","override_description":false,"description":"","optional":false,"hide_thumbnail":false,"discount":"","override_variations":false,"allowed_variations":[],"override_default_variation_attributes":false,"default_variation_attributes":[],"single_product_visibility":"visible","cart_visibility":"visible","order_visibility":"visible","single_product_price_visibility":"visible","cart_price_visibility":"visible","order_price_visibility":"visible","stock_status":"in_stock"},{"bundled_item_id":506,"product_id":21200,"menu_order":5,"quantity_min":1,"quantity_max":1,"quantity_default":1,"priced_individually":false,"shipped_individually":false,"override_title":false,"title":"Tesla OBD2-adapter | Model Y (Juniper 2025) | 20-pinners","override_description":false,"description":"","optional":false,"hide_thumbnail":false,"discount":"","override_variations":false,"allowed_variations":[],"override_default_variation_attributes":false,"default_variation_attributes":[],"single_product_visibility":"visible","cart_visibility":"visible","order_visibility":"visible","single_product_price_visibility":"visible","cart_price_visibility":"visible","order_price_visibility":"visible","stock_status":"in_stock"}],"bundle_sell_ids":[],"acf":[],"yoast_head":"<!-- This site is optimized with the Yoast SEO plugin v27.0 - https:\/\/yoast.com\/product\/yoast-seo-wordpress\/ -->\n<title>Inf\u00e4llnadspaket Luxtar Twilight &gt;&gt;Black<\/title>\n<meta name=\"robots\" content=\"index, follow, max-snippet:-1, max-image-preview:large, max-video-preview:-1\" \/>\n<link rel=\"canonical\" href=\"https:\/\/xenonkungen.com\/no\/produkt\/luxtar-twilight-black-2-hendelsespakke\/\" \/>\n<meta property=\"og:locale\" content=\"nb_NO\" \/>\n<meta property=\"og:type\" content=\"article\" \/>\n<meta property=\"og:title\" content=\"Inf\u00e4llnadspaket Luxtar Twilight &gt;&gt;Black\" \/>\n<meta property=\"og:description\" content=\"Upplev kraften och elegansen i Luxtar Twilight &gt;&gt;Black&lt;&lt; Inbyggnadspaket f\u00f6r Tesla. Med 300W och 18 140 lumen ger denna h\u00f6gkvalitativa LED-l\u00f6sning maximal s\u00e4kerhet och en perfekt anpassad design f\u00f6r m\u00f6rka, kr\u00e4vande k\u00f6rf\u00f6rh\u00e5llanden.\" \/>\n<meta property=\"og:url\" content=\"https:\/\/xenonkungen.com\/no\/produkt\/luxtar-twilight-black-2-hendelsespakke\/\" \/>\n<meta property=\"og:site_name\" content=\"Xenonkungen\" \/>\n<meta property=\"article:modified_time\" content=\"2026-04-17T15:21:51+00:00\" \/>\n<meta property=\"og:image\" content=\"https:\/\/xenonkungen.com\/wp-content\/uploads\/2025\/10\/216087107-origpic-70be2d-1-1.webp\" \/>\n\t<meta property=\"og:image:width\" content=\"1920\" \/>\n\t<meta property=\"og:image:height\" content=\"1103\" \/>\n\t<meta property=\"og:image:type\" content=\"image\/webp\" \/>\n<meta name=\"twitter:card\" content=\"summary_large_image\" \/>\n<meta name=\"twitter:label1\" content=\"Ansl. lesetid\" \/>\n\t<meta name=\"twitter:data1\" content=\"2 minutter\" \/>\n<script type=\"application\/ld+json\" class=\"yoast-schema-graph\">{\"@context\":\"https:\/\/schema.org\",\"@graph\":[{\"@type\":\"WebPage\",\"@id\":\"https:\/\/xenonkungen.com\/produkt\/infallnadspaket-luxtar-twilight-black-2\/\",\"url\":\"https:\/\/xenonkungen.com\/produkt\/infallnadspaket-luxtar-twilight-black-2\/\",\"name\":\"Inf\u00e4llnadspaket Luxtar Twilight >>Black\",\"isPartOf\":{\"@id\":\"https:\/\/xenonkungen.com\/#website\"},\"primaryImageOfPage\":{\"@id\":\"https:\/\/xenonkungen.com\/produkt\/infallnadspaket-luxtar-twilight-black-2\/#primaryimage\"},\"image\":{\"@id\":\"https:\/\/xenonkungen.com\/produkt\/infallnadspaket-luxtar-twilight-black-2\/#primaryimage\"},\"thumbnailUrl\":\"https:\/\/xenonkungen.com\/wp-content\/uploads\/2025\/10\/216087107-origpic-70be2d-1-1.webp\",\"datePublished\":\"2025-12-18T10:27:28+00:00\",\"dateModified\":\"2026-04-17T15:21:51+00:00\",\"breadcrumb\":{\"@id\":\"https:\/\/xenonkungen.com\/produkt\/infallnadspaket-luxtar-twilight-black-2\/#breadcrumb\"},\"inLanguage\":\"nb-NO\",\"potentialAction\":[{\"@type\":\"ReadAction\",\"target\":[\"https:\/\/xenonkungen.com\/produkt\/infallnadspaket-luxtar-twilight-black-2\/\"]}]},{\"@type\":\"ImageObject\",\"inLanguage\":\"nb-NO\",\"@id\":\"https:\/\/xenonkungen.com\/produkt\/infallnadspaket-luxtar-twilight-black-2\/#primaryimage\",\"url\":\"https:\/\/xenonkungen.com\/wp-content\/uploads\/2025\/10\/216087107-origpic-70be2d-1-1.webp\",\"contentUrl\":\"https:\/\/xenonkungen.com\/wp-content\/uploads\/2025\/10\/216087107-origpic-70be2d-1-1.webp\",\"width\":1920,\"height\":1103},{\"@type\":\"BreadcrumbList\",\"@id\":\"https:\/\/xenonkungen.com\/produkt\/infallnadspaket-luxtar-twilight-black-2\/#breadcrumb\",\"itemListElement\":[{\"@type\":\"ListItem\",\"position\":1,\"name\":\"Hem\",\"item\":\"https:\/\/xenonkungen.com\/\"},{\"@type\":\"ListItem\",\"position\":2,\"name\":\"Shop\",\"item\":\"https:\/\/xenonkungen.com\/shop\/\"},{\"@type\":\"ListItem\",\"position\":3,\"name\":\"Inf\u00e4llnadspaket Luxtar Twilight >>Black\"}]},{\"@type\":\"WebSite\",\"@id\":\"https:\/\/xenonkungen.com\/#website\",\"url\":\"https:\/\/xenonkungen.com\/\",\"name\":\"Xenonkungen\",\"description\":\"\",\"potentialAction\":[{\"@type\":\"SearchAction\",\"target\":{\"@type\":\"EntryPoint\",\"urlTemplate\":\"https:\/\/xenonkungen.com\/?s={search_term_string}\"},\"query-input\":{\"@type\":\"PropertyValueSpecification\",\"valueRequired\":true,\"valueName\":\"search_term_string\"}}],\"inLanguage\":\"nb-NO\"}]}<\/script>\n<!-- \/ Yoast SEO plugin. -->","yoast_head_json":{"title":"Luxtar Twilight innbyggingssett &gt;&gt;Svart","robots":{"index":"index","follow":"follow","max-snippet":"max-snippet:-1","max-image-preview":"max-image-preview:large","max-video-preview":"max-video-preview:-1"},"canonical":"https:\/\/xenonkungen.com\/no\/produkt\/luxtar-twilight-black-2-hendelsespakke\/","og_locale":"nb_NO","og_type":"article","og_title":"Inf\u00e4llnadspaket Luxtar Twilight >>Black","og_description":"Upplev kraften och elegansen i Luxtar Twilight &gt;&gt;Black&lt;&lt; Inbyggnadspaket f\u00f6r Tesla. Med 300W och 18 140 lumen ger denna h\u00f6gkvalitativa LED-l\u00f6sning maximal s\u00e4kerhet och en perfekt anpassad design f\u00f6r m\u00f6rka, kr\u00e4vande k\u00f6rf\u00f6rh\u00e5llanden.","og_url":"https:\/\/xenonkungen.com\/no\/produkt\/luxtar-twilight-black-2-hendelsespakke\/","og_site_name":"Xenonkungen","article_modified_time":"2026-04-17T15:21:51+00:00","og_image":[{"width":1920,"height":1103,"url":"https:\/\/xenonkungen.com\/wp-content\/uploads\/2025\/10\/216087107-origpic-70be2d-1-1.webp","type":"image\/webp"}],"twitter_card":"summary_large_image","twitter_misc":{"Ansl. lesetid":"2 minutter"},"schema":{"@context":"https:\/\/schema.org","@graph":[{"@type":"WebPage","@id":"https:\/\/xenonkungen.com\/produkt\/infallnadspaket-luxtar-twilight-black-2\/","url":"https:\/\/xenonkungen.com\/produkt\/infallnadspaket-luxtar-twilight-black-2\/","name":"Luxtar Twilight innbyggingssett &gt;&gt;Svart","isPartOf":{"@id":"https:\/\/xenonkungen.com\/#website"},"primaryImageOfPage":{"@id":"https:\/\/xenonkungen.com\/produkt\/infallnadspaket-luxtar-twilight-black-2\/#primaryimage"},"image":{"@id":"https:\/\/xenonkungen.com\/produkt\/infallnadspaket-luxtar-twilight-black-2\/#primaryimage"},"thumbnailUrl":"https:\/\/xenonkungen.com\/wp-content\/uploads\/2025\/10\/216087107-origpic-70be2d-1-1.webp","datePublished":"2025-12-18T10:27:28+00:00","dateModified":"2026-04-17T15:21:51+00:00","breadcrumb":{"@id":"https:\/\/xenonkungen.com\/produkt\/infallnadspaket-luxtar-twilight-black-2\/#breadcrumb"},"inLanguage":"nb-NO","potentialAction":[{"@type":"ReadAction","target":["https:\/\/xenonkungen.com\/produkt\/infallnadspaket-luxtar-twilight-black-2\/"]}]},{"@type":"ImageObject","inLanguage":"nb-NO","@id":"https:\/\/xenonkungen.com\/produkt\/infallnadspaket-luxtar-twilight-black-2\/#primaryimage","url":"https:\/\/xenonkungen.com\/wp-content\/uploads\/2025\/10\/216087107-origpic-70be2d-1-1.webp","contentUrl":"https:\/\/xenonkungen.com\/wp-content\/uploads\/2025\/10\/216087107-origpic-70be2d-1-1.webp","width":1920,"height":1103},{"@type":"BreadcrumbList","@id":"https:\/\/xenonkungen.com\/produkt\/infallnadspaket-luxtar-twilight-black-2\/#breadcrumb","itemListElement":[{"@type":"ListItem","position":1,"name":"Hem","item":"https:\/\/xenonkungen.com\/"},{"@type":"ListItem","position":2,"name":"Shop","item":"https:\/\/xenonkungen.com\/shop\/"},{"@type":"ListItem","position":3,"name":"Inf\u00e4llnadspaket Luxtar Twilight >>Black"}]},{"@type":"WebSite","@id":"https:\/\/xenonkungen.com\/#website","url":"https:\/\/xenonkungen.com\/","name":"Xenonkungen","description":"","potentialAction":[{"@type":"SearchAction","target":{"@type":"EntryPoint","urlTemplate":"https:\/\/xenonkungen.com\/?s={search_term_string}"},"query-input":{"@type":"PropertyValueSpecification","valueRequired":true,"valueName":"search_term_string"}}],"inLanguage":"nb-NO"}]}},"taxonomy_info":{"product_cat":[{"value":16,"label":"Uncategorized"}]},"featured_image_src_large":["https:\/\/xenonkungen.com\/wp-content\/uploads\/2025\/10\/216087107-origpic-70be2d-1-1-1024x588.webp",1024,588,true],"author_info":[],"comment_info":0,"_links":{"self":[{"href":"https:\/\/xenonkungen.com\/no\/wp-json\/wp\/v2\/product\/21277","targetHints":{"allow":["GET"]}}],"collection":[{"href":"https:\/\/xenonkungen.com\/no\/wp-json\/wp\/v2\/product"}],"about":[{"href":"https:\/\/xenonkungen.com\/no\/wp-json\/wp\/v2\/types\/product"}],"replies":[{"embeddable":true,"href":"https:\/\/xenonkungen.com\/no\/wp-json\/wp\/v2\/comments?post=21277"}],"wp:featuredmedia":[{"embeddable":true,"href":"https:\/\/xenonkungen.com\/no\/wp-json\/wp\/v2\/media\/15098"}],"wp:attachment":[{"href":"https:\/\/xenonkungen.com\/no\/wp-json\/wp\/v2\/media?parent=21277"}],"wp:term":[{"taxonomy":"anvandningsomrade","embeddable":true,"href":"https:\/\/xenonkungen.com\/no\/wp-json\/wp\/v2\/anvandningsomrade?post=21277"},{"taxonomy":"bilmarken","embeddable":true,"href":"https:\/\/xenonkungen.com\/no\/wp-json\/wp\/v2\/bilmarken?post=21277"},{"taxonomy":"product_brand","embeddable":true,"href":"https:\/\/xenonkungen.com\/no\/wp-json\/wp\/v2\/product_brand?post=21277"},{"taxonomy":"product_cat","embeddable":true,"href":"https:\/\/xenonkungen.com\/no\/wp-json\/wp\/v2\/product_cat?post=21277"},{"taxonomy":"product_tag","embeddable":true,"href":"https:\/\/xenonkungen.com\/no\/wp-json\/wp\/v2\/product_tag?post=21277"}],"curies":[{"name":"wp","href":"https:\/\/api.w.org\/{rel}","templated":true}]}}