{"id":2208,"date":"2025-04-15T08:34:24","date_gmt":"2025-04-15T08:34:24","guid":{"rendered":"https:\/\/xenonkungen.com\/product\/d2r-5000k-xenonlampor-xenonkungen\/"},"modified":"2026-05-08T13:25:15","modified_gmt":"2026-05-08T12:25:15","slug":"d2r-5000k-xenonlamper-xenonkongen","status":"publish","type":"product","link":"https:\/\/xenonkungen.com\/no\/produkt\/d2r-5000k-xenonlamper-xenonkongen\/","title":{"rendered":"D2R 5000K Xenon-lamper Xenon Heads\u00ae - Xenon-hoder"},"content":{"rendered":"<p>Xenonkungen <strong>D2R 5000K hvit<\/strong> standard xenonp\u00e6re for utskifting.<\/p>\n<p>5000K Pure White har en helt hvit lysfarge med kun et svakt bl\u00e5tt skj\u00e6r i lyset.<\/p>\n<p>Xenon-lampe type D2R brukes i de fleste Volvo-modell\u00e5r 1998-2009 ca, Mercedes C-. E-, S-klasse 1995-2002 ca med flere biler \/ modeller med reflektorlykter (mangler den runde projeksjonslinsen).<\/p>\n<p><em>En xenonp\u00e6re endrer b\u00e5de farge og intensitet i l\u00f8pet av levetiden. Hvis dine n\u00e5v\u00e6rende p\u00e6rer har en rosa fargetone, er styrken nesten halvert. Vi anbefaler at du bytter etter 5 \u00e5r\/8000 km for \u00e5 f\u00e5 best mulig lys.<\/em><\/p>\n<p><strong>Merk!<\/strong> <em>Bilens instruksjonsbok kan angi feil lampetype. Den sikreste m\u00e5ten er \u00e5 identifisere lampen direkte i bilen. Sammenlign ogs\u00e5 med Osrams lampeguide.<\/em><\/p>\n<p>Selges i par.<br \/>2 \u00e5rs garanti.<\/p>","protected":false},"excerpt":{"rendered":"<p>Oppgrader billysene dine med D2R 5000K Xenon-lamper fra Xenon King! Med imponerende lysstyrke og en fargetemperatur p\u00e5 5000K vil disse lyktene gi bilen din et moderne og stilig utseende, samtidig som de forbedrer sikten p\u00e5 veien. Xenon Kings h\u00f8ykvalitetslamper har ogs\u00e5 lang levetid og er enkle \u00e5 installere med plug-and-play. Bestill i dag og gj\u00f8r kj\u00f8reopplevelsen din enda bedre med Xenon King.<\/p>","protected":false},"featured_media":2209,"comment_status":"closed","ping_status":"open","template":"","meta":{"_acf_changed":false,"_smort_price_nok":"373","_smort_price_dkk":"237","_smort_price_eur":"31.73","_smort_sale_price_nok":"","_smort_sale_price_dkk":"","_smort_sale_price_eur":"23.79","smort_restorder":"","shipmondo_restorder":"","_kad_blocks_custom_css":"","_kad_blocks_head_custom_js":"","_kad_blocks_body_custom_js":"","_kad_blocks_footer_custom_js":"","smort_custom_pricelist_1":"195.44","smort_custom_pricelist_2":"195.44","smort_custom_pricelist_3":"185.67","smort_custom_pricelist_4":"279.2","smort_custom_pricelist_5":"195.44"},"anvandningsomrade":[],"bilmarken":[],"product_brand":[],"product_cat":[2483,733],"product_tag":[],"class_list":{"0":"post-2208","1":"product","2":"type-product","3":"status-publish","4":"has-post-thumbnail","6":"product_cat-xenon","7":"product_cat-halvljus-helljus","8":"pa_fargtemperatur-5000k","9":"pa_godkannande-e-markt","10":"pa_lampsockel-kontakt-d2r","11":"pa_volt-v-12-24","13":"first","14":"instock","15":"taxable","16":"shipping-taxable","17":"purchasable","18":"product-type-simple"},"bundled_by":[],"bundle_stock_status":"instock","bundle_stock_quantity":75,"bundle_virtual":false,"bundle_layout":"","bundle_add_to_cart_form_location":"","bundle_editable_in_cart":false,"bundle_sold_individually_context":"","bundle_item_grouping":"","bundle_min_size":"","bundle_max_size":"","bundle_price":[],"bundled_items":[],"bundle_sell_ids":[],"acf":[],"yoast_head":"<!-- This site is optimized with the Yoast SEO plugin v27.0 - https:\/\/yoast.com\/product\/yoast-seo-wordpress\/ -->\n<title>D2R 5000K Xenonlampor Xenonkungen\u00ae - Xenonkungen<\/title>\n<meta name=\"robots\" content=\"index, follow, max-snippet:-1, max-image-preview:large, max-video-preview:-1\" \/>\n<link rel=\"canonical\" href=\"https:\/\/xenonkungen.com\/no\/produkt\/d2r-5000k-xenonlamper-xenonkongen\/\" \/>\n<meta property=\"og:locale\" content=\"nb_NO\" \/>\n<meta property=\"og:type\" content=\"article\" \/>\n<meta property=\"og:title\" content=\"D2R 5000K Xenonlampor Xenonkungen\u00ae - Xenonkungen\" \/>\n<meta property=\"og:description\" content=\"Uppgradera ditt billys med D2R 5000K Xenonlampor fr\u00e5n Xenonkungen! Med en imponerande ljusstyrka och en f\u00e4rgtemperatur p\u00e5 5000K, kommer dessa lampor ge din bil en modern och stilren look samtidigt som du f\u00e5r en f\u00f6rb\u00e4ttrad sikt p\u00e5 v\u00e4gen. Xenonkungens h\u00f6gkvalitativa lampor ger ocks\u00e5 en l\u00e5ng livsl\u00e4ngd och \u00e4r en enkel plug-and-play-installation. Best\u00e4ll idag och g\u00f6r din k\u00f6rupplevelse \u00e4nnu b\u00e4ttre med Xenonkungen.\" \/>\n<meta property=\"og:url\" content=\"https:\/\/xenonkungen.com\/no\/produkt\/d2r-5000k-xenonlamper-xenonkongen\/\" \/>\n<meta property=\"og:site_name\" content=\"Xenonkungen\" \/>\n<meta property=\"article:modified_time\" content=\"2026-05-08T12:25:15+00:00\" \/>\n<meta property=\"og:image\" content=\"https:\/\/xenonkungen.com\/wp-content\/uploads\/2025\/04\/167048953-origpic-aae3ff.jpg\" \/>\n\t<meta property=\"og:image:width\" content=\"1000\" \/>\n\t<meta property=\"og:image:height\" content=\"1000\" \/>\n\t<meta property=\"og:image:type\" content=\"image\/jpeg\" \/>\n<meta name=\"twitter:card\" content=\"summary_large_image\" \/>\n<meta name=\"twitter:label1\" content=\"Ansl. lesetid\" \/>\n\t<meta name=\"twitter:data1\" content=\"1 minutt\" \/>\n<script type=\"application\/ld+json\" class=\"yoast-schema-graph\">{\"@context\":\"https:\/\/schema.org\",\"@graph\":[{\"@type\":\"WebPage\",\"@id\":\"https:\/\/xenonkungen.com\/fi\/tuote\/d2r-5000k-xenonlampor-xenonkungen\/\",\"url\":\"https:\/\/xenonkungen.com\/fi\/tuote\/d2r-5000k-xenonlampor-xenonkungen\/\",\"name\":\"D2R 5000K Xenonlampor Xenonkungen\u00ae - Xenonkungen\",\"isPartOf\":{\"@id\":\"https:\/\/xenonkungen.com\/#website\"},\"primaryImageOfPage\":{\"@id\":\"https:\/\/xenonkungen.com\/fi\/tuote\/d2r-5000k-xenonlampor-xenonkungen\/#primaryimage\"},\"image\":{\"@id\":\"https:\/\/xenonkungen.com\/fi\/tuote\/d2r-5000k-xenonlampor-xenonkungen\/#primaryimage\"},\"thumbnailUrl\":\"https:\/\/xenonkungen.com\/wp-content\/uploads\/2025\/04\/167048953-origpic-aae3ff.jpg\",\"datePublished\":\"2025-04-15T08:34:24+00:00\",\"dateModified\":\"2026-05-08T12:25:15+00:00\",\"breadcrumb\":{\"@id\":\"https:\/\/xenonkungen.com\/fi\/tuote\/d2r-5000k-xenonlampor-xenonkungen\/#breadcrumb\"},\"inLanguage\":\"nb-NO\",\"potentialAction\":[{\"@type\":\"ReadAction\",\"target\":[\"https:\/\/xenonkungen.com\/fi\/tuote\/d2r-5000k-xenonlampor-xenonkungen\/\"]}]},{\"@type\":\"ImageObject\",\"inLanguage\":\"nb-NO\",\"@id\":\"https:\/\/xenonkungen.com\/fi\/tuote\/d2r-5000k-xenonlampor-xenonkungen\/#primaryimage\",\"url\":\"https:\/\/xenonkungen.com\/wp-content\/uploads\/2025\/04\/167048953-origpic-aae3ff.jpg\",\"contentUrl\":\"https:\/\/xenonkungen.com\/wp-content\/uploads\/2025\/04\/167048953-origpic-aae3ff.jpg\",\"width\":1000,\"height\":1000},{\"@type\":\"BreadcrumbList\",\"@id\":\"https:\/\/xenonkungen.com\/fi\/tuote\/d2r-5000k-xenonlampor-xenonkungen\/#breadcrumb\",\"itemListElement\":[{\"@type\":\"ListItem\",\"position\":1,\"name\":\"Hem\",\"item\":\"https:\/\/xenonkungen.com\/\"},{\"@type\":\"ListItem\",\"position\":2,\"name\":\"Shop\",\"item\":\"https:\/\/xenonkungen.com\/shop\/\"},{\"@type\":\"ListItem\",\"position\":3,\"name\":\"D2R 5000K Xenonlampor Xenonkungen\u00ae\"}]},{\"@type\":\"WebSite\",\"@id\":\"https:\/\/xenonkungen.com\/#website\",\"url\":\"https:\/\/xenonkungen.com\/\",\"name\":\"Xenonkungen\",\"description\":\"\",\"potentialAction\":[{\"@type\":\"SearchAction\",\"target\":{\"@type\":\"EntryPoint\",\"urlTemplate\":\"https:\/\/xenonkungen.com\/?s={search_term_string}\"},\"query-input\":{\"@type\":\"PropertyValueSpecification\",\"valueRequired\":true,\"valueName\":\"search_term_string\"}}],\"inLanguage\":\"nb-NO\"}]}<\/script>\n<!-- \/ Yoast SEO plugin. -->","yoast_head_json":{"title":"D2R 5000K Xenon-lamper Xenon-kongen\u00ae - Xenon-kongen","robots":{"index":"index","follow":"follow","max-snippet":"max-snippet:-1","max-image-preview":"max-image-preview:large","max-video-preview":"max-video-preview:-1"},"canonical":"https:\/\/xenonkungen.com\/no\/produkt\/d2r-5000k-xenonlamper-xenonkongen\/","og_locale":"nb_NO","og_type":"article","og_title":"D2R 5000K Xenonlampor Xenonkungen\u00ae - Xenonkungen","og_description":"Uppgradera ditt billys med D2R 5000K Xenonlampor fr\u00e5n Xenonkungen! Med en imponerande ljusstyrka och en f\u00e4rgtemperatur p\u00e5 5000K, kommer dessa lampor ge din bil en modern och stilren look samtidigt som du f\u00e5r en f\u00f6rb\u00e4ttrad sikt p\u00e5 v\u00e4gen. Xenonkungens h\u00f6gkvalitativa lampor ger ocks\u00e5 en l\u00e5ng livsl\u00e4ngd och \u00e4r en enkel plug-and-play-installation. Best\u00e4ll idag och g\u00f6r din k\u00f6rupplevelse \u00e4nnu b\u00e4ttre med Xenonkungen.","og_url":"https:\/\/xenonkungen.com\/no\/produkt\/d2r-5000k-xenonlamper-xenonkongen\/","og_site_name":"Xenonkungen","article_modified_time":"2026-05-08T12:25:15+00:00","og_image":[{"width":1000,"height":1000,"url":"https:\/\/xenonkungen.com\/wp-content\/uploads\/2025\/04\/167048953-origpic-aae3ff.jpg","type":"image\/jpeg"}],"twitter_card":"summary_large_image","twitter_misc":{"Ansl. lesetid":"1 minutt"},"schema":{"@context":"https:\/\/schema.org","@graph":[{"@type":"WebPage","@id":"https:\/\/xenonkungen.com\/fi\/tuote\/d2r-5000k-xenonlampor-xenonkungen\/","url":"https:\/\/xenonkungen.com\/fi\/tuote\/d2r-5000k-xenonlampor-xenonkungen\/","name":"D2R 5000K Xenon-lamper Xenon-kongen\u00ae - Xenon-kongen","isPartOf":{"@id":"https:\/\/xenonkungen.com\/#website"},"primaryImageOfPage":{"@id":"https:\/\/xenonkungen.com\/fi\/tuote\/d2r-5000k-xenonlampor-xenonkungen\/#primaryimage"},"image":{"@id":"https:\/\/xenonkungen.com\/fi\/tuote\/d2r-5000k-xenonlampor-xenonkungen\/#primaryimage"},"thumbnailUrl":"https:\/\/xenonkungen.com\/wp-content\/uploads\/2025\/04\/167048953-origpic-aae3ff.jpg","datePublished":"2025-04-15T08:34:24+00:00","dateModified":"2026-05-08T12:25:15+00:00","breadcrumb":{"@id":"https:\/\/xenonkungen.com\/fi\/tuote\/d2r-5000k-xenonlampor-xenonkungen\/#breadcrumb"},"inLanguage":"nb-NO","potentialAction":[{"@type":"ReadAction","target":["https:\/\/xenonkungen.com\/fi\/tuote\/d2r-5000k-xenonlampor-xenonkungen\/"]}]},{"@type":"ImageObject","inLanguage":"nb-NO","@id":"https:\/\/xenonkungen.com\/fi\/tuote\/d2r-5000k-xenonlampor-xenonkungen\/#primaryimage","url":"https:\/\/xenonkungen.com\/wp-content\/uploads\/2025\/04\/167048953-origpic-aae3ff.jpg","contentUrl":"https:\/\/xenonkungen.com\/wp-content\/uploads\/2025\/04\/167048953-origpic-aae3ff.jpg","width":1000,"height":1000},{"@type":"BreadcrumbList","@id":"https:\/\/xenonkungen.com\/fi\/tuote\/d2r-5000k-xenonlampor-xenonkungen\/#breadcrumb","itemListElement":[{"@type":"ListItem","position":1,"name":"Hem","item":"https:\/\/xenonkungen.com\/"},{"@type":"ListItem","position":2,"name":"Shop","item":"https:\/\/xenonkungen.com\/shop\/"},{"@type":"ListItem","position":3,"name":"D2R 5000K Xenonlampor Xenonkungen\u00ae"}]},{"@type":"WebSite","@id":"https:\/\/xenonkungen.com\/#website","url":"https:\/\/xenonkungen.com\/","name":"Xenonkungen","description":"","potentialAction":[{"@type":"SearchAction","target":{"@type":"EntryPoint","urlTemplate":"https:\/\/xenonkungen.com\/?s={search_term_string}"},"query-input":{"@type":"PropertyValueSpecification","valueRequired":true,"valueName":"search_term_string"}}],"inLanguage":"nb-NO"}]}},"taxonomy_info":{"product_cat":[{"value":2483,"label":"Xenon"},{"value":733,"label":"Halvljus \/ Helljus"}],"pa_fargtemperatur":[{"value":154,"label":"5000K"}],"pa_godkannande":[{"value":191,"label":"E-m\u00e4rkt"}],"pa_lampsockel-kontakt":[{"value":761,"label":"D2R"}],"pa_volt-v":[{"value":348,"label":"12, 24"}]},"featured_image_src_large":["https:\/\/xenonkungen.com\/wp-content\/uploads\/2025\/04\/167048953-origpic-aae3ff.jpg",1000,1000,false],"author_info":[],"comment_info":4,"_links":{"self":[{"href":"https:\/\/xenonkungen.com\/no\/wp-json\/wp\/v2\/product\/2208","targetHints":{"allow":["GET"]}}],"collection":[{"href":"https:\/\/xenonkungen.com\/no\/wp-json\/wp\/v2\/product"}],"about":[{"href":"https:\/\/xenonkungen.com\/no\/wp-json\/wp\/v2\/types\/product"}],"replies":[{"embeddable":true,"href":"https:\/\/xenonkungen.com\/no\/wp-json\/wp\/v2\/comments?post=2208"}],"wp:featuredmedia":[{"embeddable":true,"href":"https:\/\/xenonkungen.com\/no\/wp-json\/wp\/v2\/media\/2209"}],"wp:attachment":[{"href":"https:\/\/xenonkungen.com\/no\/wp-json\/wp\/v2\/media?parent=2208"}],"wp:term":[{"taxonomy":"anvandningsomrade","embeddable":true,"href":"https:\/\/xenonkungen.com\/no\/wp-json\/wp\/v2\/anvandningsomrade?post=2208"},{"taxonomy":"bilmarken","embeddable":true,"href":"https:\/\/xenonkungen.com\/no\/wp-json\/wp\/v2\/bilmarken?post=2208"},{"taxonomy":"product_brand","embeddable":true,"href":"https:\/\/xenonkungen.com\/no\/wp-json\/wp\/v2\/product_brand?post=2208"},{"taxonomy":"product_cat","embeddable":true,"href":"https:\/\/xenonkungen.com\/no\/wp-json\/wp\/v2\/product_cat?post=2208"},{"taxonomy":"product_tag","embeddable":true,"href":"https:\/\/xenonkungen.com\/no\/wp-json\/wp\/v2\/product_tag?post=2208"}],"curies":[{"name":"wp","href":"https:\/\/api.w.org\/{rel}","templated":true}]}}