{"id":2273,"date":"2025-04-15T08:35:25","date_gmt":"2025-04-15T08:35:25","guid":{"rendered":"https:\/\/xenonkungen.com\/product\/bay15d1157-30smd-12-24v-rod-rod\/"},"modified":"2026-05-13T12:10:43","modified_gmt":"2026-05-13T11:10:43","slug":"bay15d1157-30smd-12-24v-stang-stang","status":"publish","type":"product","link":"https:\/\/xenonkungen.com\/no\/produkt\/bay15d1157-30smd-12-24v-stang-stang\/","title":{"rendered":"BAY15D|1157 30SMD 12-24V R\u00f8d\/R\u00f8d"},"content":{"rendered":"<p>BAY15D 2-polet r\u00f8d diodelampe som kan erstatte gl\u00f8delampe P21\/5W etc.<br \/>\nDenne kvalitetslampen er trygg for str\u00f8mtopper p\u00e5 opptil 32 V og har konstant str\u00f8mregulering.<\/p>\n<p>Resultatet er en rimelig diodelampe av h\u00f8y kvalitet og utf\u00f8relse som ikke kan sammenlignes med lignende lamper p\u00e5 markedet.<\/p>\n<p>Det kan gj\u00f8res unntak for canbus-effekten.<br \/>\nVi lister opp kjente unntak her:<br \/>\n&#8211;<\/p>\n<p>For best resultat b\u00f8r du alltid velge samme farge p\u00e5 diodelampen som linsen, f.eks. r\u00f8d LED til r\u00f8d linse.<\/p>","protected":false},"excerpt":{"rendered":"<p>BAY15D 2-polig R\u00f6d diodlampa som kan ers\u00e4tta gl\u00f6dlampa P21\/5W m.fl. Denna kvalitetslampa \u00e4r s\u00e4ker f\u00f6r str\u00f6mtoppar upp till 32V samt har konstant str\u00f6mreglering. Resultatet \u00e4r en prisv\u00e4rd diodlampa av h\u00f6g kvalitet och utf\u00f6rande och ej j\u00e4mf\u00f6rbar med liknande lampor p\u00e5 marknaden. Undantag kan f\u00f6rekomma vad g\u00e4ller canbus effekten. Vi listar av oss k\u00e4nda undantag h\u00e4r: [&hellip;]<\/p>","protected":false},"featured_media":2274,"comment_status":"closed","ping_status":"closed","template":"","meta":{"_acf_changed":false,"_smort_price_nok":"262","_smort_price_dkk":"166","_smort_price_eur":"22.27","_smort_sale_price_nok":"","_smort_sale_price_dkk":"","_smort_sale_price_eur":"","smort_restorder":"","shipmondo_restorder":"","_kad_blocks_custom_css":"","_kad_blocks_head_custom_js":"","_kad_blocks_body_custom_js":"","_kad_blocks_footer_custom_js":"","smort_custom_pricelist_1":"156.8","smort_custom_pricelist_2":"137.2","smort_custom_pricelist_3":"130.34","smort_custom_pricelist_4":"196","smort_custom_pricelist_5":"137.2"},"anvandningsomrade":[],"bilmarken":[],"product_brand":[117],"product_cat":[2518,2519,338],"product_tag":[],"class_list":{"0":"post-2273","1":"product","2":"type-product","3":"status-publish","4":"has-post-thumbnail","6":"product_brand-xenonkungen","7":"product_cat-bay15d","8":"product_cat-p21-5w","9":"product_cat-diodlampor","10":"pa_faktisk-effekts-forbrukning-751","11":"pa_fargtemperatur-red","12":"pa_lampsockel-kontakt-bay15d-p21-5w-1157","13":"pa_ljusspridning-grader-752","14":"pa_storlek-mm-38x18","15":"pa_volt-v-12-24","17":"first","18":"instock","19":"taxable","20":"shipping-taxable","21":"purchasable","22":"product-type-simple"},"bundled_by":[],"bundle_stock_status":"instock","bundle_stock_quantity":77,"bundle_virtual":false,"bundle_layout":"","bundle_add_to_cart_form_location":"","bundle_editable_in_cart":false,"bundle_sold_individually_context":"","bundle_item_grouping":"","bundle_min_size":"","bundle_max_size":"","bundle_price":[],"bundled_items":[],"bundle_sell_ids":[],"acf":[],"yoast_head":"<!-- This site is optimized with the Yoast SEO plugin v27.0 - https:\/\/yoast.com\/product\/yoast-seo-wordpress\/ -->\n<title>BAY15D|1157 30SMD 12-24V R\u00f6d\/R\u00f6d - Xenonkungen<\/title>\n<meta name=\"robots\" content=\"index, follow, max-snippet:-1, max-image-preview:large, max-video-preview:-1\" \/>\n<link rel=\"canonical\" href=\"https:\/\/xenonkungen.com\/no\/produkt\/bay15d1157-30smd-12-24v-stang-stang\/\" \/>\n<meta property=\"og:locale\" content=\"nb_NO\" \/>\n<meta property=\"og:type\" content=\"article\" \/>\n<meta property=\"og:title\" content=\"BAY15D|1157 30SMD 12-24V R\u00f6d\/R\u00f6d - Xenonkungen\" \/>\n<meta property=\"og:description\" content=\"BAY15D 2-polig R\u00f6d diodlampa som kan ers\u00e4tta gl\u00f6dlampa P21\/5W m.fl. Denna kvalitetslampa \u00e4r s\u00e4ker f\u00f6r str\u00f6mtoppar upp till 32V samt har konstant str\u00f6mreglering. Resultatet \u00e4r en prisv\u00e4rd diodlampa av h\u00f6g kvalitet och utf\u00f6rande och ej j\u00e4mf\u00f6rbar med liknande lampor p\u00e5 marknaden. Undantag kan f\u00f6rekomma vad g\u00e4ller canbus effekten. Vi listar av oss k\u00e4nda undantag h\u00e4r: [&hellip;]\" \/>\n<meta property=\"og:url\" content=\"https:\/\/xenonkungen.com\/no\/produkt\/bay15d1157-30smd-12-24v-stang-stang\/\" \/>\n<meta property=\"og:site_name\" content=\"Xenonkungen\" \/>\n<meta property=\"article:modified_time\" content=\"2026-05-13T11:10:43+00:00\" \/>\n<meta property=\"og:image\" content=\"https:\/\/xenonkungen.com\/wp-content\/uploads\/2025\/04\/22364524-origpic-02ead4.png\" \/>\n\t<meta property=\"og:image:width\" content=\"1000\" \/>\n\t<meta property=\"og:image:height\" content=\"1000\" \/>\n\t<meta property=\"og:image:type\" content=\"image\/png\" \/>\n<meta name=\"twitter:card\" content=\"summary_large_image\" \/>\n<meta name=\"twitter:label1\" content=\"Ansl. lesetid\" \/>\n\t<meta name=\"twitter:data1\" content=\"1 minutt\" \/>\n<script type=\"application\/ld+json\" class=\"yoast-schema-graph\">{\"@context\":\"https:\/\/schema.org\",\"@graph\":[{\"@type\":\"WebPage\",\"@id\":\"https:\/\/xenonkungen.com\/produkt\/bay15d1157-30smd-12-24v-rod-rod\/\",\"url\":\"https:\/\/xenonkungen.com\/produkt\/bay15d1157-30smd-12-24v-rod-rod\/\",\"name\":\"BAY15D|1157 30SMD 12-24V R\u00f6d\/R\u00f6d - Xenonkungen\",\"isPartOf\":{\"@id\":\"https:\/\/xenonkungen.com\/#website\"},\"primaryImageOfPage\":{\"@id\":\"https:\/\/xenonkungen.com\/produkt\/bay15d1157-30smd-12-24v-rod-rod\/#primaryimage\"},\"image\":{\"@id\":\"https:\/\/xenonkungen.com\/produkt\/bay15d1157-30smd-12-24v-rod-rod\/#primaryimage\"},\"thumbnailUrl\":\"https:\/\/xenonkungen.com\/wp-content\/uploads\/2025\/04\/22364524-origpic-02ead4.png\",\"datePublished\":\"2025-04-15T08:35:25+00:00\",\"dateModified\":\"2026-05-13T11:10:43+00:00\",\"breadcrumb\":{\"@id\":\"https:\/\/xenonkungen.com\/produkt\/bay15d1157-30smd-12-24v-rod-rod\/#breadcrumb\"},\"inLanguage\":\"nb-NO\",\"potentialAction\":[{\"@type\":\"ReadAction\",\"target\":[\"https:\/\/xenonkungen.com\/produkt\/bay15d1157-30smd-12-24v-rod-rod\/\"]}]},{\"@type\":\"ImageObject\",\"inLanguage\":\"nb-NO\",\"@id\":\"https:\/\/xenonkungen.com\/produkt\/bay15d1157-30smd-12-24v-rod-rod\/#primaryimage\",\"url\":\"https:\/\/xenonkungen.com\/wp-content\/uploads\/2025\/04\/22364524-origpic-02ead4.png\",\"contentUrl\":\"https:\/\/xenonkungen.com\/wp-content\/uploads\/2025\/04\/22364524-origpic-02ead4.png\",\"width\":1000,\"height\":1000},{\"@type\":\"BreadcrumbList\",\"@id\":\"https:\/\/xenonkungen.com\/produkt\/bay15d1157-30smd-12-24v-rod-rod\/#breadcrumb\",\"itemListElement\":[{\"@type\":\"ListItem\",\"position\":1,\"name\":\"Hem\",\"item\":\"https:\/\/xenonkungen.com\/\"},{\"@type\":\"ListItem\",\"position\":2,\"name\":\"Shop\",\"item\":\"https:\/\/xenonkungen.com\/shop\/\"},{\"@type\":\"ListItem\",\"position\":3,\"name\":\"BAY15D|1157 30SMD 12-24V R\u00f6d\/R\u00f6d\"}]},{\"@type\":\"WebSite\",\"@id\":\"https:\/\/xenonkungen.com\/#website\",\"url\":\"https:\/\/xenonkungen.com\/\",\"name\":\"Xenonkungen\",\"description\":\"\",\"potentialAction\":[{\"@type\":\"SearchAction\",\"target\":{\"@type\":\"EntryPoint\",\"urlTemplate\":\"https:\/\/xenonkungen.com\/?s={search_term_string}\"},\"query-input\":{\"@type\":\"PropertyValueSpecification\",\"valueRequired\":true,\"valueName\":\"search_term_string\"}}],\"inLanguage\":\"nb-NO\"}]}<\/script>\n<!-- \/ Yoast SEO plugin. -->","yoast_head_json":{"title":"BAY15D|1157 30SMD 12-24V R\u00f8d\/R\u00f8d - Xenonp\u00e6re","robots":{"index":"index","follow":"follow","max-snippet":"max-snippet:-1","max-image-preview":"max-image-preview:large","max-video-preview":"max-video-preview:-1"},"canonical":"https:\/\/xenonkungen.com\/no\/produkt\/bay15d1157-30smd-12-24v-stang-stang\/","og_locale":"nb_NO","og_type":"article","og_title":"BAY15D|1157 30SMD 12-24V R\u00f6d\/R\u00f6d - Xenonkungen","og_description":"BAY15D 2-polig R\u00f6d diodlampa som kan ers\u00e4tta gl\u00f6dlampa P21\/5W m.fl. Denna kvalitetslampa \u00e4r s\u00e4ker f\u00f6r str\u00f6mtoppar upp till 32V samt har konstant str\u00f6mreglering. Resultatet \u00e4r en prisv\u00e4rd diodlampa av h\u00f6g kvalitet och utf\u00f6rande och ej j\u00e4mf\u00f6rbar med liknande lampor p\u00e5 marknaden. Undantag kan f\u00f6rekomma vad g\u00e4ller canbus effekten. Vi listar av oss k\u00e4nda undantag h\u00e4r: [&hellip;]","og_url":"https:\/\/xenonkungen.com\/no\/produkt\/bay15d1157-30smd-12-24v-stang-stang\/","og_site_name":"Xenonkungen","article_modified_time":"2026-05-13T11:10:43+00:00","og_image":[{"width":1000,"height":1000,"url":"https:\/\/xenonkungen.com\/wp-content\/uploads\/2025\/04\/22364524-origpic-02ead4.png","type":"image\/png"}],"twitter_card":"summary_large_image","twitter_misc":{"Ansl. lesetid":"1 minutt"},"schema":{"@context":"https:\/\/schema.org","@graph":[{"@type":"WebPage","@id":"https:\/\/xenonkungen.com\/produkt\/bay15d1157-30smd-12-24v-rod-rod\/","url":"https:\/\/xenonkungen.com\/produkt\/bay15d1157-30smd-12-24v-rod-rod\/","name":"BAY15D|1157 30SMD 12-24V R\u00f8d\/R\u00f8d - Xenonp\u00e6re","isPartOf":{"@id":"https:\/\/xenonkungen.com\/#website"},"primaryImageOfPage":{"@id":"https:\/\/xenonkungen.com\/produkt\/bay15d1157-30smd-12-24v-rod-rod\/#primaryimage"},"image":{"@id":"https:\/\/xenonkungen.com\/produkt\/bay15d1157-30smd-12-24v-rod-rod\/#primaryimage"},"thumbnailUrl":"https:\/\/xenonkungen.com\/wp-content\/uploads\/2025\/04\/22364524-origpic-02ead4.png","datePublished":"2025-04-15T08:35:25+00:00","dateModified":"2026-05-13T11:10:43+00:00","breadcrumb":{"@id":"https:\/\/xenonkungen.com\/produkt\/bay15d1157-30smd-12-24v-rod-rod\/#breadcrumb"},"inLanguage":"nb-NO","potentialAction":[{"@type":"ReadAction","target":["https:\/\/xenonkungen.com\/produkt\/bay15d1157-30smd-12-24v-rod-rod\/"]}]},{"@type":"ImageObject","inLanguage":"nb-NO","@id":"https:\/\/xenonkungen.com\/produkt\/bay15d1157-30smd-12-24v-rod-rod\/#primaryimage","url":"https:\/\/xenonkungen.com\/wp-content\/uploads\/2025\/04\/22364524-origpic-02ead4.png","contentUrl":"https:\/\/xenonkungen.com\/wp-content\/uploads\/2025\/04\/22364524-origpic-02ead4.png","width":1000,"height":1000},{"@type":"BreadcrumbList","@id":"https:\/\/xenonkungen.com\/produkt\/bay15d1157-30smd-12-24v-rod-rod\/#breadcrumb","itemListElement":[{"@type":"ListItem","position":1,"name":"Hem","item":"https:\/\/xenonkungen.com\/"},{"@type":"ListItem","position":2,"name":"Shop","item":"https:\/\/xenonkungen.com\/shop\/"},{"@type":"ListItem","position":3,"name":"BAY15D|1157 30SMD 12-24V R\u00f6d\/R\u00f6d"}]},{"@type":"WebSite","@id":"https:\/\/xenonkungen.com\/#website","url":"https:\/\/xenonkungen.com\/","name":"Xenonkungen","description":"","potentialAction":[{"@type":"SearchAction","target":{"@type":"EntryPoint","urlTemplate":"https:\/\/xenonkungen.com\/?s={search_term_string}"},"query-input":{"@type":"PropertyValueSpecification","valueRequired":true,"valueName":"search_term_string"}}],"inLanguage":"nb-NO"}]}},"taxonomy_info":{"product_brand":[{"value":117,"label":"Xenonkungen"}],"product_cat":[{"value":2518,"label":"BAY15D"},{"value":2519,"label":"P21\/5W"},{"value":338,"label":"Diodlampor"}],"pa_faktisk-effekts-forbrukning":[{"value":751,"label":"3,9"}],"pa_fargtemperatur":[{"value":365,"label":"Red"}],"pa_lampsockel-kontakt":[{"value":754,"label":"BAY15D, P21\/5W, 1157"}],"pa_ljusspridning-grader":[{"value":752,"label":"270"}],"pa_storlek-mm":[{"value":744,"label":"38x18"}],"pa_volt-v":[{"value":348,"label":"12, 24"}]},"featured_image_src_large":["https:\/\/xenonkungen.com\/wp-content\/uploads\/2025\/04\/22364524-origpic-02ead4.png",1000,1000,false],"author_info":[],"comment_info":0,"_links":{"self":[{"href":"https:\/\/xenonkungen.com\/no\/wp-json\/wp\/v2\/product\/2273","targetHints":{"allow":["GET"]}}],"collection":[{"href":"https:\/\/xenonkungen.com\/no\/wp-json\/wp\/v2\/product"}],"about":[{"href":"https:\/\/xenonkungen.com\/no\/wp-json\/wp\/v2\/types\/product"}],"replies":[{"embeddable":true,"href":"https:\/\/xenonkungen.com\/no\/wp-json\/wp\/v2\/comments?post=2273"}],"wp:featuredmedia":[{"embeddable":true,"href":"https:\/\/xenonkungen.com\/no\/wp-json\/wp\/v2\/media\/2274"}],"wp:attachment":[{"href":"https:\/\/xenonkungen.com\/no\/wp-json\/wp\/v2\/media?parent=2273"}],"wp:term":[{"taxonomy":"anvandningsomrade","embeddable":true,"href":"https:\/\/xenonkungen.com\/no\/wp-json\/wp\/v2\/anvandningsomrade?post=2273"},{"taxonomy":"bilmarken","embeddable":true,"href":"https:\/\/xenonkungen.com\/no\/wp-json\/wp\/v2\/bilmarken?post=2273"},{"taxonomy":"product_brand","embeddable":true,"href":"https:\/\/xenonkungen.com\/no\/wp-json\/wp\/v2\/product_brand?post=2273"},{"taxonomy":"product_cat","embeddable":true,"href":"https:\/\/xenonkungen.com\/no\/wp-json\/wp\/v2\/product_cat?post=2273"},{"taxonomy":"product_tag","embeddable":true,"href":"https:\/\/xenonkungen.com\/no\/wp-json\/wp\/v2\/product_tag?post=2273"}],"curies":[{"name":"wp","href":"https:\/\/api.w.org\/{rel}","templated":true}]}}