{"id":2391,"date":"2025-04-15T08:36:54","date_gmt":"2025-04-15T08:36:54","guid":{"rendered":"https:\/\/xenonkungen.com\/product\/xk-ballast-panasonic-eana090a0350-m-fl\/"},"modified":"2026-04-24T16:32:21","modified_gmt":"2026-04-24T15:32:21","slug":"xk-ballast-panasonic-eana090a0350-osv","status":"publish","type":"product","link":"https:\/\/xenonkungen.com\/no\/produkt\/xk-ballast-panasonic-eana090a0350-osv\/","title":{"rendered":"XK Ballast Panasonic EANA090A0350 og andre"},"content":{"rendered":"<p>For oppf\u00f8rte Nissan- og Infiniti-modeller. Ettermarkeds xenon-ballast i henhold til originalmodellen som erstatter biler utstyrt med lignende modell av Panasonic\/Matsushita EANA090A0350<br \/>eller EANA2X512637.<\/p>\n<p>12 V LIKESTR\u00d8M.<\/p>\n<p>OEM-fabrikater av denne ballasten finnes i f\u00f8lgende biler:<\/p>\n<p><strong>Chevrolet<\/strong><br \/>Camaro 2010-2012<\/p>\n<p><strong>Dodge<\/strong><br \/>Durango 2011-2013<\/p>\n<p><strong>MAZDA<\/strong><br \/>2007-09 Mazda CX-7<\/p>\n<p><strong>SUBARU<\/strong><br \/>2004-12 Subaru Impreza Sti<\/p>\n<p><strong>NISSAN<\/strong><br \/>2007-12 Nissan Altima<br \/>2008-10 Nissan Roque<br \/>2009-13 Nissan GTR<br \/>2004-12 Nissan Maxima<br \/>2010-13 Nissan 370z<br \/>2003-09 Nissan 350z<br \/>2003-12 Nissan Murano<\/p>\n<p><strong>INFINITI<\/strong><br \/>2012-13 Infiniti JX35<br \/>2004-10 Infiniti QX56<br \/>2005-06 Infiniti G35 Sedan<br \/>2008-13 Infiniti FX35 FX45<br \/>2003-09 Infiniti M35 M45<br \/>2007-08 Infiniti G35 Sedan<br \/>2003-06 Infiniti G35 Coup\u00e9<br \/>2008-12 Infiniti G37 Sedan Coup\u00e9\/EX35<\/p>\n<p><strong>2 \u00e5rs garanti<\/strong><\/p>\n<p><strong>Garanti<\/strong><br \/>Denne typen kopier av originale produkter er tilgjengelig p\u00e5 markedet. Det vanligste trekket ved originaler og kopier er det ytre foringsr\u00f8ret. Det som skiller dem er komponentene, programmeringen og kvaliteten.<br \/>Og dette gjelder ogs\u00e5 mellom ulike produsenter av replikaer.<br \/>Originalen er fullt funksjonell for alle oppf\u00f8rte kj\u00f8ret\u00f8y, men enkelte kopier kan ha begrenset funksjonalitet for enkelte merker eller modeller, avhengig av blant annet produsentens tekniske kunnskap og ambisjoner.<br \/>V\u00e5re XK-forkoblinger er dyrere i innkj\u00f8p og derfor generelt bedre enn billigere alternativer - som for \u00f8vrig ogs\u00e5 kan v\u00e6re dyrere hos konkurrentene.<\/p>","protected":false},"excerpt":{"rendered":"<p>Ettermarked xenonballast i henhold til original Panasonic-modell for oppf\u00f8rte japanske bilmodeller.  <b>Original erstatning<\/b> <b>H\u00f8y kvalitet<\/b> <b>Passer til mange forskjellige bilmodeller<\/b> <b>2 \u00e5rs garanti<\/b><\/p>","protected":false},"featured_media":2392,"comment_status":"closed","ping_status":"open","template":"","meta":{"_acf_changed":false,"_smort_price_nok":"742","_smort_price_dkk":"472","_smort_price_eur":"63.18","_smort_sale_price_nok":"","_smort_sale_price_dkk":"","_smort_sale_price_eur":"","smort_restorder":"","shipmondo_restorder":"","_kad_blocks_custom_css":"","_kad_blocks_head_custom_js":"","_kad_blocks_body_custom_js":"","_kad_blocks_footer_custom_js":"","smort_custom_pricelist_1":"389.2","smort_custom_pricelist_2":"389.2","smort_custom_pricelist_3":"369.74","smort_custom_pricelist_4":"556","smort_custom_pricelist_5":"389.2"},"anvandningsomrade":[],"bilmarken":[],"product_brand":[117],"product_cat":[2484,2485,789,733],"product_tag":[],"class_list":{"0":"post-2391","1":"product","2":"type-product","3":"status-publish","4":"has-post-thumbnail","6":"product_brand-xenonkungen","7":"product_cat-ballast-halvljus-helljus","8":"product_cat-xenonkonventering","9":"product_cat-ballast","10":"product_cat-halvljus-helljus","11":"pa_volt-v-159","13":"first","14":"instock","15":"taxable","16":"shipping-taxable","17":"purchasable","18":"product-type-simple"},"bundled_by":[],"bundle_stock_status":"instock","bundle_stock_quantity":16,"bundle_virtual":false,"bundle_layout":"","bundle_add_to_cart_form_location":"","bundle_editable_in_cart":false,"bundle_sold_individually_context":"","bundle_item_grouping":"","bundle_min_size":"","bundle_max_size":"","bundle_price":[],"bundled_items":[],"bundle_sell_ids":[],"acf":[],"yoast_head":"<!-- This site is optimized with the Yoast SEO plugin v27.0 - https:\/\/yoast.com\/product\/yoast-seo-wordpress\/ -->\n<title>XK Ballast Panasonic EANA090A0350 m.fl. - Xenonkungen<\/title>\n<meta name=\"robots\" content=\"index, follow, max-snippet:-1, max-image-preview:large, max-video-preview:-1\" \/>\n<link rel=\"canonical\" href=\"https:\/\/xenonkungen.com\/no\/produkt\/xk-ballast-panasonic-eana090a0350-osv\/\" \/>\n<meta property=\"og:locale\" content=\"nb_NO\" \/>\n<meta property=\"og:type\" content=\"article\" \/>\n<meta property=\"og:title\" content=\"XK Ballast Panasonic EANA090A0350 m.fl. - Xenonkungen\" \/>\n<meta property=\"og:description\" content=\"Eftermarknads xenon ballast enligt original Panasonic f\u00f6rlaga f\u00f6r listade Japanska bilmodeller. Orginalers\u00e4ttning H\u00f6g kvalitet Passar m\u00e5nga olika bilmodeller 2 \u00e5rs garanti\" \/>\n<meta property=\"og:url\" content=\"https:\/\/xenonkungen.com\/no\/produkt\/xk-ballast-panasonic-eana090a0350-osv\/\" \/>\n<meta property=\"og:site_name\" content=\"Xenonkungen\" \/>\n<meta property=\"article:modified_time\" content=\"2026-04-24T15:32:21+00:00\" \/>\n<meta property=\"og:image\" content=\"https:\/\/xenonkungen.com\/wp-content\/uploads\/2025\/04\/155985262-origpic-ed5ea8.png\" \/>\n\t<meta property=\"og:image:width\" content=\"1000\" \/>\n\t<meta property=\"og:image:height\" content=\"1000\" \/>\n\t<meta property=\"og:image:type\" content=\"image\/png\" \/>\n<meta name=\"twitter:card\" content=\"summary_large_image\" \/>\n<meta name=\"twitter:label1\" content=\"Ansl. lesetid\" \/>\n\t<meta name=\"twitter:data1\" content=\"1 minutt\" \/>\n<script type=\"application\/ld+json\" class=\"yoast-schema-graph\">{\"@context\":\"https:\/\/schema.org\",\"@graph\":[{\"@type\":\"WebPage\",\"@id\":\"https:\/\/xenonkungen.com\/no\/produkt\/xk-ballast-panasonic-eana090a0350-osv\/\",\"url\":\"https:\/\/xenonkungen.com\/no\/produkt\/xk-ballast-panasonic-eana090a0350-osv\/\",\"name\":\"XK Ballast Panasonic EANA090A0350 m.fl. - Xenonkungen\",\"isPartOf\":{\"@id\":\"https:\/\/xenonkungen.com\/#website\"},\"primaryImageOfPage\":{\"@id\":\"https:\/\/xenonkungen.com\/no\/produkt\/xk-ballast-panasonic-eana090a0350-osv\/#primaryimage\"},\"image\":{\"@id\":\"https:\/\/xenonkungen.com\/no\/produkt\/xk-ballast-panasonic-eana090a0350-osv\/#primaryimage\"},\"thumbnailUrl\":\"https:\/\/xenonkungen.com\/wp-content\/uploads\/2025\/04\/155985262-origpic-ed5ea8.png\",\"datePublished\":\"2025-04-15T08:36:54+00:00\",\"dateModified\":\"2026-04-24T15:32:21+00:00\",\"breadcrumb\":{\"@id\":\"https:\/\/xenonkungen.com\/no\/produkt\/xk-ballast-panasonic-eana090a0350-osv\/#breadcrumb\"},\"inLanguage\":\"nb-NO\",\"potentialAction\":[{\"@type\":\"ReadAction\",\"target\":[\"https:\/\/xenonkungen.com\/no\/produkt\/xk-ballast-panasonic-eana090a0350-osv\/\"]}]},{\"@type\":\"ImageObject\",\"inLanguage\":\"nb-NO\",\"@id\":\"https:\/\/xenonkungen.com\/no\/produkt\/xk-ballast-panasonic-eana090a0350-osv\/#primaryimage\",\"url\":\"https:\/\/xenonkungen.com\/wp-content\/uploads\/2025\/04\/155985262-origpic-ed5ea8.png\",\"contentUrl\":\"https:\/\/xenonkungen.com\/wp-content\/uploads\/2025\/04\/155985262-origpic-ed5ea8.png\",\"width\":1000,\"height\":1000},{\"@type\":\"BreadcrumbList\",\"@id\":\"https:\/\/xenonkungen.com\/no\/produkt\/xk-ballast-panasonic-eana090a0350-osv\/#breadcrumb\",\"itemListElement\":[{\"@type\":\"ListItem\",\"position\":1,\"name\":\"Hem\",\"item\":\"https:\/\/xenonkungen.com\/\"},{\"@type\":\"ListItem\",\"position\":2,\"name\":\"Shop\",\"item\":\"https:\/\/xenonkungen.com\/shop\/\"},{\"@type\":\"ListItem\",\"position\":3,\"name\":\"XK Ballast Panasonic EANA090A0350 m.fl.\"}]},{\"@type\":\"WebSite\",\"@id\":\"https:\/\/xenonkungen.com\/#website\",\"url\":\"https:\/\/xenonkungen.com\/\",\"name\":\"Xenonkungen\",\"description\":\"\",\"potentialAction\":[{\"@type\":\"SearchAction\",\"target\":{\"@type\":\"EntryPoint\",\"urlTemplate\":\"https:\/\/xenonkungen.com\/?s={search_term_string}\"},\"query-input\":{\"@type\":\"PropertyValueSpecification\",\"valueRequired\":true,\"valueName\":\"search_term_string\"}}],\"inLanguage\":\"nb-NO\"}]}<\/script>\n<!-- \/ Yoast SEO plugin. -->","yoast_head_json":{"title":"XK Ballast Panasonic EANA090A0350 etc. - Xenonkongen","robots":{"index":"index","follow":"follow","max-snippet":"max-snippet:-1","max-image-preview":"max-image-preview:large","max-video-preview":"max-video-preview:-1"},"canonical":"https:\/\/xenonkungen.com\/no\/produkt\/xk-ballast-panasonic-eana090a0350-osv\/","og_locale":"nb_NO","og_type":"article","og_title":"XK Ballast Panasonic EANA090A0350 m.fl. - Xenonkungen","og_description":"Eftermarknads xenon ballast enligt original Panasonic f\u00f6rlaga f\u00f6r listade Japanska bilmodeller. Orginalers\u00e4ttning H\u00f6g kvalitet Passar m\u00e5nga olika bilmodeller 2 \u00e5rs garanti","og_url":"https:\/\/xenonkungen.com\/no\/produkt\/xk-ballast-panasonic-eana090a0350-osv\/","og_site_name":"Xenonkungen","article_modified_time":"2026-04-24T15:32:21+00:00","og_image":[{"width":1000,"height":1000,"url":"https:\/\/xenonkungen.com\/wp-content\/uploads\/2025\/04\/155985262-origpic-ed5ea8.png","type":"image\/png"}],"twitter_card":"summary_large_image","twitter_misc":{"Ansl. lesetid":"1 minutt"},"schema":{"@context":"https:\/\/schema.org","@graph":[{"@type":"WebPage","@id":"https:\/\/xenonkungen.com\/no\/produkt\/xk-ballast-panasonic-eana090a0350-osv\/","url":"https:\/\/xenonkungen.com\/no\/produkt\/xk-ballast-panasonic-eana090a0350-osv\/","name":"XK Ballast Panasonic EANA090A0350 etc. - Xenonkongen","isPartOf":{"@id":"https:\/\/xenonkungen.com\/#website"},"primaryImageOfPage":{"@id":"https:\/\/xenonkungen.com\/no\/produkt\/xk-ballast-panasonic-eana090a0350-osv\/#primaryimage"},"image":{"@id":"https:\/\/xenonkungen.com\/no\/produkt\/xk-ballast-panasonic-eana090a0350-osv\/#primaryimage"},"thumbnailUrl":"https:\/\/xenonkungen.com\/wp-content\/uploads\/2025\/04\/155985262-origpic-ed5ea8.png","datePublished":"2025-04-15T08:36:54+00:00","dateModified":"2026-04-24T15:32:21+00:00","breadcrumb":{"@id":"https:\/\/xenonkungen.com\/no\/produkt\/xk-ballast-panasonic-eana090a0350-osv\/#breadcrumb"},"inLanguage":"nb-NO","potentialAction":[{"@type":"ReadAction","target":["https:\/\/xenonkungen.com\/no\/produkt\/xk-ballast-panasonic-eana090a0350-osv\/"]}]},{"@type":"ImageObject","inLanguage":"nb-NO","@id":"https:\/\/xenonkungen.com\/no\/produkt\/xk-ballast-panasonic-eana090a0350-osv\/#primaryimage","url":"https:\/\/xenonkungen.com\/wp-content\/uploads\/2025\/04\/155985262-origpic-ed5ea8.png","contentUrl":"https:\/\/xenonkungen.com\/wp-content\/uploads\/2025\/04\/155985262-origpic-ed5ea8.png","width":1000,"height":1000},{"@type":"BreadcrumbList","@id":"https:\/\/xenonkungen.com\/no\/produkt\/xk-ballast-panasonic-eana090a0350-osv\/#breadcrumb","itemListElement":[{"@type":"ListItem","position":1,"name":"Hem","item":"https:\/\/xenonkungen.com\/"},{"@type":"ListItem","position":2,"name":"Shop","item":"https:\/\/xenonkungen.com\/shop\/"},{"@type":"ListItem","position":3,"name":"XK Ballast Panasonic EANA090A0350 m.fl."}]},{"@type":"WebSite","@id":"https:\/\/xenonkungen.com\/#website","url":"https:\/\/xenonkungen.com\/","name":"Xenonkungen","description":"","potentialAction":[{"@type":"SearchAction","target":{"@type":"EntryPoint","urlTemplate":"https:\/\/xenonkungen.com\/?s={search_term_string}"},"query-input":{"@type":"PropertyValueSpecification","valueRequired":true,"valueName":"search_term_string"}}],"inLanguage":"nb-NO"}]}},"taxonomy_info":{"product_brand":[{"value":117,"label":"Xenonkungen"}],"product_cat":[{"value":2484,"label":"Ballast"},{"value":2485,"label":"Xenonkonvertering"},{"value":789,"label":"Ballast"},{"value":733,"label":"Halvljus \/ Helljus"}],"pa_volt-v":[{"value":159,"label":"12"}]},"featured_image_src_large":["https:\/\/xenonkungen.com\/wp-content\/uploads\/2025\/04\/155985262-origpic-ed5ea8.png",1000,1000,false],"author_info":[],"comment_info":0,"_links":{"self":[{"href":"https:\/\/xenonkungen.com\/no\/wp-json\/wp\/v2\/product\/2391","targetHints":{"allow":["GET"]}}],"collection":[{"href":"https:\/\/xenonkungen.com\/no\/wp-json\/wp\/v2\/product"}],"about":[{"href":"https:\/\/xenonkungen.com\/no\/wp-json\/wp\/v2\/types\/product"}],"replies":[{"embeddable":true,"href":"https:\/\/xenonkungen.com\/no\/wp-json\/wp\/v2\/comments?post=2391"}],"wp:featuredmedia":[{"embeddable":true,"href":"https:\/\/xenonkungen.com\/no\/wp-json\/wp\/v2\/media\/2392"}],"wp:attachment":[{"href":"https:\/\/xenonkungen.com\/no\/wp-json\/wp\/v2\/media?parent=2391"}],"wp:term":[{"taxonomy":"anvandningsomrade","embeddable":true,"href":"https:\/\/xenonkungen.com\/no\/wp-json\/wp\/v2\/anvandningsomrade?post=2391"},{"taxonomy":"bilmarken","embeddable":true,"href":"https:\/\/xenonkungen.com\/no\/wp-json\/wp\/v2\/bilmarken?post=2391"},{"taxonomy":"product_brand","embeddable":true,"href":"https:\/\/xenonkungen.com\/no\/wp-json\/wp\/v2\/product_brand?post=2391"},{"taxonomy":"product_cat","embeddable":true,"href":"https:\/\/xenonkungen.com\/no\/wp-json\/wp\/v2\/product_cat?post=2391"},{"taxonomy":"product_tag","embeddable":true,"href":"https:\/\/xenonkungen.com\/no\/wp-json\/wp\/v2\/product_tag?post=2391"}],"curies":[{"name":"wp","href":"https:\/\/api.w.org\/{rel}","templated":true}]}}