{"id":24493,"date":"2026-01-12T09:20:16","date_gmt":"2026-01-12T08:20:16","guid":{"rendered":"https:\/\/xenonkungen.com\/?post_type=product&#038;p=24493"},"modified":"2026-04-17T12:09:49","modified_gmt":"2026-04-17T11:09:49","slug":"osram-roadflare-v16-iot","status":"publish","type":"product","link":"https:\/\/xenonkungen.com\/no\/produkt\/osram-roadflare-v16-iot\/","title":{"rendered":"Osram Roadflare V16 IOT"},"content":{"rendered":"<h3><b>Om produktet<\/b><\/h3>\n<p class=\"p3\">Fra <span class=\"s2\">1. januar 2026<\/span> V16-varsellampen er obligatorisk i Spania. Den erstatter den klassiske varseltrekanten og lar deg varsle andre trafikanter. <span class=\"s2\">uten at du m\u00e5 forlate kj\u00f8ret\u00f8yet<\/span>.<\/p>\n<p class=\"p3\">Denne V16 IoT-lampen er <span class=\"s2\">DGT 3.0-sertifisert<\/span> og koblet direkte til Spanias offisielle trafikksystem. N\u00e5r lyset aktiveres, sendes kj\u00f8ret\u00f8yets posisjon anonymt og i sanntid til DGT, noe som \u00f8ker sikkerheten ved ulykker og nedetid.<\/p>\n<p class=\"p3\">Lampen avgir en kraftig <span class=\"s2\">360\u00b0 blinkende gult lys<\/span>, synlig opptil <span class=\"s2\">1000 meter<\/span>, og er designet for \u00e5 fungere i t\u00f8ffe v\u00e6rforhold som regn, sn\u00f8 og t\u00e5ke.<\/p>\n<h3><b>Viktige funksjoner<\/b><\/h3>\n<ul>\n<li>\n<p class=\"p1\">Obligatorisk i Spania fra 1. januar 2026<\/p>\n<\/li>\n<li>\n<p class=\"p1\">Erstatter varseltrekant<\/p>\n<\/li>\n<li>\n<p class=\"p1\"><b>DGT 3.0 og V16-sertifisert<\/b><b><\/b><\/p>\n<\/li>\n<li>\n<p class=\"p1\">Innebygd SIM-kort (tilkobling opptil 12 \u00e5r)<\/p>\n<\/li>\n<li>\n<p class=\"p1\">Anonym dataoverf\u00f8ring til DGT 3.0-plattformen<\/p>\n<\/li>\n<li>\n<p class=\"p1\">Posisjonering av kj\u00f8ret\u00f8yet i sanntid<\/p>\n<\/li>\n<li>\n<p class=\"p1\">360\u00b0 blinkende varsellampe (gul)<\/p>\n<\/li>\n<li>\n<p class=\"p1\">Lysstyrke: <span class=\"s1\"><b>140 lumen<\/b><b><\/b><\/span><\/p>\n<\/li>\n<li>\n<p class=\"p1\">Rekkevidde: opptil <span class=\"s1\"><b>1000 meter<\/b><b><\/b><\/span><\/p>\n<\/li>\n<li>\n<p class=\"p1\">Lys farge: <span class=\"s1\"><b>1900K<\/b><b><\/b><\/span><\/p>\n<\/li>\n<li>\n<p class=\"p1\">10 h\u00f8ytytende LED-lys<\/p>\n<\/li>\n<li>\n<p class=\"p1\">Batterilevetid opptil <span class=\"s1\"><b>2,5 timer<\/b><b><\/b><\/span><\/p>\n<\/li>\n<li>\n<p class=\"p1\">Batteriindikator<\/p>\n<\/li>\n<li>\n<p class=\"p1\"><b>1 \u00d7 9V batteri inkludert<\/b><b><\/b><\/p>\n<\/li>\n<li>\n<p class=\"p1\">Magnetisk base for rask montering i taket<\/p>\n<\/li>\n<li>\n<p class=\"p1\">Kompakt, lett og enkel \u00e5 bruke<\/p>\n<\/li>\n<li>\n<p class=\"p1\">T\u00e5ler regn, sn\u00f8 og t\u00e5ke<\/p>\n<\/li>\n<li>\n<p class=\"p1\">CE-merket<\/p>\n<\/li>\n<\/ul>\n<h3><b>Bruk og regler<\/b><\/h3>\n<ul>\n<li>\n<p class=\"p1\">Obligatorisk for alle sj\u00e5f\u00f8rer i Spania fra 2026<\/p>\n<\/li>\n<li>\n<p class=\"p1\">Gjelder ogs\u00e5 for sj\u00e5f\u00f8rer fra andre land som kj\u00f8rer i Spania<\/p>\n<\/li>\n<li>\n<p class=\"p1\">F\u00f8reren trenger ikke \u00e5 g\u00e5 ut av bilen i tilfelle en ulykke eller motorstopp<\/p>\n<\/li>\n<li>\n<p class=\"p1\">Lampen signaliserer kj\u00f8ret\u00f8yets posisjon digitalt til DGT 3.0<\/p>\n<\/li>\n<li>\n<p class=\"p1\">Synlig advarsel opptil 1 km<\/p>\n<\/li>\n<li>\n<p class=\"p1\">Erstatter <span class=\"s1\"><b>ikke<\/b><\/span> kontakt med politi, ambulanse eller redningstjenester<\/p>\n<\/li>\n<\/ul>\n<p class=\"p3\">V\u00e6r oppmerksom p\u00e5 at regelverket kan variere mellom land. Sjekk alltid lokale lovkrav n\u00e5r du bruker produktet utenfor Spania.<\/p>","protected":false},"excerpt":{"rendered":"<p>Om produkten Fr\u00e5n och med 1 januari 2026 \u00e4r V16-varningslampa obligatorisk i Spanien. Den ers\u00e4tter den klassiska varningstriangeln och g\u00f6r det m\u00f6jligt att varna andra trafikanter utan att du beh\u00f6ver l\u00e4mna fordonet. Denna V16 IoT-lampa \u00e4r DGT 3.0-certifierad och ansluten direkt till Spaniens officiella trafiksystem. N\u00e4r lampan aktiveras skickas fordonets position anonymt och i realtid [&hellip;]<\/p>","protected":false},"featured_media":24844,"comment_status":"open","ping_status":"closed","template":"","meta":{"_acf_changed":false,"_smort_price_nok":"601","_smort_price_dkk":"","_smort_price_eur":"","_smort_sale_price_nok":"601","_smort_sale_price_dkk":"","_smort_sale_price_eur":"","smort_restorder":"","shipmondo_restorder":"","_kad_blocks_custom_css":"","_kad_blocks_head_custom_js":"","_kad_blocks_body_custom_js":"","_kad_blocks_footer_custom_js":"","smort_custom_pricelist_1":"508.8","smort_custom_pricelist_2":"445.2","smort_custom_pricelist_3":"413.4","smort_custom_pricelist_4":"636","smort_custom_pricelist_5":"445.2"},"anvandningsomrade":[],"bilmarken":[],"product_brand":[108],"product_cat":[2587,2579,2554,16,934,1061],"product_tag":[],"class_list":{"0":"post-24493","1":"product","2":"type-product","3":"status-publish","4":"has-post-thumbnail","6":"product_brand-osram","7":"product_cat-blixtljus-varningsljus-varningsljus","8":"product_cat-blixtljus-varningsljus","9":"product_cat-portabla-varningsljus","10":"product_cat-uncategorized","11":"product_cat-blixtljus","12":"product_cat-varningsljus","14":"first","15":"instock","16":"taxable","17":"shipping-taxable","18":"purchasable","19":"product-type-simple"},"bundled_by":[],"bundle_stock_status":"instock","bundle_stock_quantity":10,"bundle_virtual":false,"bundle_layout":"","bundle_add_to_cart_form_location":"","bundle_editable_in_cart":false,"bundle_sold_individually_context":"","bundle_item_grouping":"","bundle_min_size":"","bundle_max_size":"","bundle_price":[],"bundled_items":[],"bundle_sell_ids":[],"acf":[],"yoast_head":"<!-- This site is optimized with the Yoast SEO plugin v27.0 - https:\/\/yoast.com\/product\/yoast-seo-wordpress\/ -->\n<title>Osram Roadflare V16 IOT - Xenonkungen<\/title>\n<meta name=\"robots\" content=\"index, follow, max-snippet:-1, max-image-preview:large, max-video-preview:-1\" \/>\n<link rel=\"canonical\" href=\"https:\/\/xenonkungen.com\/no\/produkt\/osram-roadflare-v16-iot\/\" \/>\n<meta property=\"og:locale\" content=\"nb_NO\" \/>\n<meta property=\"og:type\" content=\"article\" \/>\n<meta property=\"og:title\" content=\"Osram Roadflare V16 IOT - Xenonkungen\" \/>\n<meta property=\"og:description\" content=\"Om produkten Fr\u00e5n och med 1 januari 2026 \u00e4r V16-varningslampa obligatorisk i Spanien. Den ers\u00e4tter den klassiska varningstriangeln och g\u00f6r det m\u00f6jligt att varna andra trafikanter utan att du beh\u00f6ver l\u00e4mna fordonet. Denna V16 IoT-lampa \u00e4r DGT 3.0-certifierad och ansluten direkt till Spaniens officiella trafiksystem. N\u00e4r lampan aktiveras skickas fordonets position anonymt och i realtid [&hellip;]\" \/>\n<meta property=\"og:url\" content=\"https:\/\/xenonkungen.com\/no\/produkt\/osram-roadflare-v16-iot\/\" \/>\n<meta property=\"og:site_name\" content=\"Xenonkungen\" \/>\n<meta property=\"article:modified_time\" content=\"2026-04-17T11:09:49+00:00\" \/>\n<meta property=\"og:image\" content=\"https:\/\/xenonkungen.com\/wp-content\/uploads\/2026\/01\/Small-for-web-and-ppt-PI_ARF-2023-02160_LEDguardian_ROAD_FLARE_Signal_V16_IoT_LEDSL105_Top_Light_02.jpg\" \/>\n\t<meta property=\"og:image:width\" content=\"1024\" \/>\n\t<meta property=\"og:image:height\" content=\"1024\" \/>\n\t<meta property=\"og:image:type\" content=\"image\/jpeg\" \/>\n<meta name=\"twitter:card\" content=\"summary_large_image\" \/>\n<meta name=\"twitter:label1\" content=\"Ansl. lesetid\" \/>\n\t<meta name=\"twitter:data1\" content=\"2 minutter\" \/>\n<script type=\"application\/ld+json\" class=\"yoast-schema-graph\">{\"@context\":\"https:\/\/schema.org\",\"@graph\":[{\"@type\":\"WebPage\",\"@id\":\"https:\/\/xenonkungen.com\/produkt\/osram-roadflare-v16-iot\/\",\"url\":\"https:\/\/xenonkungen.com\/produkt\/osram-roadflare-v16-iot\/\",\"name\":\"Osram Roadflare V16 IOT - Xenonkungen\",\"isPartOf\":{\"@id\":\"https:\/\/xenonkungen.com\/#website\"},\"primaryImageOfPage\":{\"@id\":\"https:\/\/xenonkungen.com\/produkt\/osram-roadflare-v16-iot\/#primaryimage\"},\"image\":{\"@id\":\"https:\/\/xenonkungen.com\/produkt\/osram-roadflare-v16-iot\/#primaryimage\"},\"thumbnailUrl\":\"https:\/\/xenonkungen.com\/wp-content\/uploads\/2026\/01\/Small-for-web-and-ppt-PI_ARF-2023-02160_LEDguardian_ROAD_FLARE_Signal_V16_IoT_LEDSL105_Top_Light_02.jpg\",\"datePublished\":\"2026-01-12T08:20:16+00:00\",\"dateModified\":\"2026-04-17T11:09:49+00:00\",\"breadcrumb\":{\"@id\":\"https:\/\/xenonkungen.com\/produkt\/osram-roadflare-v16-iot\/#breadcrumb\"},\"inLanguage\":\"nb-NO\",\"potentialAction\":[{\"@type\":\"ReadAction\",\"target\":[\"https:\/\/xenonkungen.com\/produkt\/osram-roadflare-v16-iot\/\"]}]},{\"@type\":\"ImageObject\",\"inLanguage\":\"nb-NO\",\"@id\":\"https:\/\/xenonkungen.com\/produkt\/osram-roadflare-v16-iot\/#primaryimage\",\"url\":\"https:\/\/xenonkungen.com\/wp-content\/uploads\/2026\/01\/Small-for-web-and-ppt-PI_ARF-2023-02160_LEDguardian_ROAD_FLARE_Signal_V16_IoT_LEDSL105_Top_Light_02.jpg\",\"contentUrl\":\"https:\/\/xenonkungen.com\/wp-content\/uploads\/2026\/01\/Small-for-web-and-ppt-PI_ARF-2023-02160_LEDguardian_ROAD_FLARE_Signal_V16_IoT_LEDSL105_Top_Light_02.jpg\",\"width\":1024,\"height\":1024},{\"@type\":\"BreadcrumbList\",\"@id\":\"https:\/\/xenonkungen.com\/produkt\/osram-roadflare-v16-iot\/#breadcrumb\",\"itemListElement\":[{\"@type\":\"ListItem\",\"position\":1,\"name\":\"Hem\",\"item\":\"https:\/\/xenonkungen.com\/\"},{\"@type\":\"ListItem\",\"position\":2,\"name\":\"Shop\",\"item\":\"https:\/\/xenonkungen.com\/shop\/\"},{\"@type\":\"ListItem\",\"position\":3,\"name\":\"Osram Roadflare V16 IOT\"}]},{\"@type\":\"WebSite\",\"@id\":\"https:\/\/xenonkungen.com\/#website\",\"url\":\"https:\/\/xenonkungen.com\/\",\"name\":\"Xenonkungen\",\"description\":\"\",\"potentialAction\":[{\"@type\":\"SearchAction\",\"target\":{\"@type\":\"EntryPoint\",\"urlTemplate\":\"https:\/\/xenonkungen.com\/?s={search_term_string}\"},\"query-input\":{\"@type\":\"PropertyValueSpecification\",\"valueRequired\":true,\"valueName\":\"search_term_string\"}}],\"inLanguage\":\"nb-NO\"}]}<\/script>\n<!-- \/ Yoast SEO plugin. -->","yoast_head_json":{"title":"Osram Roadflare V16 IOT \u2013 Xenon-kongen","robots":{"index":"index","follow":"follow","max-snippet":"max-snippet:-1","max-image-preview":"max-image-preview:large","max-video-preview":"max-video-preview:-1"},"canonical":"https:\/\/xenonkungen.com\/no\/produkt\/osram-roadflare-v16-iot\/","og_locale":"nb_NO","og_type":"article","og_title":"Osram Roadflare V16 IOT - Xenonkungen","og_description":"Om produkten Fr\u00e5n och med 1 januari 2026 \u00e4r V16-varningslampa obligatorisk i Spanien. Den ers\u00e4tter den klassiska varningstriangeln och g\u00f6r det m\u00f6jligt att varna andra trafikanter utan att du beh\u00f6ver l\u00e4mna fordonet. Denna V16 IoT-lampa \u00e4r DGT 3.0-certifierad och ansluten direkt till Spaniens officiella trafiksystem. N\u00e4r lampan aktiveras skickas fordonets position anonymt och i realtid [&hellip;]","og_url":"https:\/\/xenonkungen.com\/no\/produkt\/osram-roadflare-v16-iot\/","og_site_name":"Xenonkungen","article_modified_time":"2026-04-17T11:09:49+00:00","og_image":[{"width":1024,"height":1024,"url":"https:\/\/xenonkungen.com\/wp-content\/uploads\/2026\/01\/Small-for-web-and-ppt-PI_ARF-2023-02160_LEDguardian_ROAD_FLARE_Signal_V16_IoT_LEDSL105_Top_Light_02.jpg","type":"image\/jpeg"}],"twitter_card":"summary_large_image","twitter_misc":{"Ansl. lesetid":"2 minutter"},"schema":{"@context":"https:\/\/schema.org","@graph":[{"@type":"WebPage","@id":"https:\/\/xenonkungen.com\/produkt\/osram-roadflare-v16-iot\/","url":"https:\/\/xenonkungen.com\/produkt\/osram-roadflare-v16-iot\/","name":"Osram Roadflare V16 IOT \u2013 Xenon-kongen","isPartOf":{"@id":"https:\/\/xenonkungen.com\/#website"},"primaryImageOfPage":{"@id":"https:\/\/xenonkungen.com\/produkt\/osram-roadflare-v16-iot\/#primaryimage"},"image":{"@id":"https:\/\/xenonkungen.com\/produkt\/osram-roadflare-v16-iot\/#primaryimage"},"thumbnailUrl":"https:\/\/xenonkungen.com\/wp-content\/uploads\/2026\/01\/Small-for-web-and-ppt-PI_ARF-2023-02160_LEDguardian_ROAD_FLARE_Signal_V16_IoT_LEDSL105_Top_Light_02.jpg","datePublished":"2026-01-12T08:20:16+00:00","dateModified":"2026-04-17T11:09:49+00:00","breadcrumb":{"@id":"https:\/\/xenonkungen.com\/produkt\/osram-roadflare-v16-iot\/#breadcrumb"},"inLanguage":"nb-NO","potentialAction":[{"@type":"ReadAction","target":["https:\/\/xenonkungen.com\/produkt\/osram-roadflare-v16-iot\/"]}]},{"@type":"ImageObject","inLanguage":"nb-NO","@id":"https:\/\/xenonkungen.com\/produkt\/osram-roadflare-v16-iot\/#primaryimage","url":"https:\/\/xenonkungen.com\/wp-content\/uploads\/2026\/01\/Small-for-web-and-ppt-PI_ARF-2023-02160_LEDguardian_ROAD_FLARE_Signal_V16_IoT_LEDSL105_Top_Light_02.jpg","contentUrl":"https:\/\/xenonkungen.com\/wp-content\/uploads\/2026\/01\/Small-for-web-and-ppt-PI_ARF-2023-02160_LEDguardian_ROAD_FLARE_Signal_V16_IoT_LEDSL105_Top_Light_02.jpg","width":1024,"height":1024},{"@type":"BreadcrumbList","@id":"https:\/\/xenonkungen.com\/produkt\/osram-roadflare-v16-iot\/#breadcrumb","itemListElement":[{"@type":"ListItem","position":1,"name":"Hem","item":"https:\/\/xenonkungen.com\/"},{"@type":"ListItem","position":2,"name":"Shop","item":"https:\/\/xenonkungen.com\/shop\/"},{"@type":"ListItem","position":3,"name":"Osram Roadflare V16 IOT"}]},{"@type":"WebSite","@id":"https:\/\/xenonkungen.com\/#website","url":"https:\/\/xenonkungen.com\/","name":"Xenonkungen","description":"","potentialAction":[{"@type":"SearchAction","target":{"@type":"EntryPoint","urlTemplate":"https:\/\/xenonkungen.com\/?s={search_term_string}"},"query-input":{"@type":"PropertyValueSpecification","valueRequired":true,"valueName":"search_term_string"}}],"inLanguage":"nb-NO"}]}},"taxonomy_info":{"product_brand":[{"value":108,"label":"OSRAM"}],"product_cat":[{"value":2587,"label":"Blixtljus\/Varningsljus"},{"value":2579,"label":"Blixtljus\/Varningsljus"},{"value":2554,"label":"Portabla varningsljus"},{"value":16,"label":"Uncategorized"},{"value":934,"label":"Blixtljus"},{"value":1061,"label":"Varningsljus"}]},"featured_image_src_large":["https:\/\/xenonkungen.com\/wp-content\/uploads\/2026\/01\/Small-for-web-and-ppt-PI_ARF-2023-02160_LEDguardian_ROAD_FLARE_Signal_V16_IoT_LEDSL105_Top_Light_02.jpg",1024,1024,false],"author_info":[],"comment_info":0,"_links":{"self":[{"href":"https:\/\/xenonkungen.com\/no\/wp-json\/wp\/v2\/product\/24493","targetHints":{"allow":["GET"]}}],"collection":[{"href":"https:\/\/xenonkungen.com\/no\/wp-json\/wp\/v2\/product"}],"about":[{"href":"https:\/\/xenonkungen.com\/no\/wp-json\/wp\/v2\/types\/product"}],"replies":[{"embeddable":true,"href":"https:\/\/xenonkungen.com\/no\/wp-json\/wp\/v2\/comments?post=24493"}],"wp:featuredmedia":[{"embeddable":true,"href":"https:\/\/xenonkungen.com\/no\/wp-json\/wp\/v2\/media\/24844"}],"wp:attachment":[{"href":"https:\/\/xenonkungen.com\/no\/wp-json\/wp\/v2\/media?parent=24493"}],"wp:term":[{"taxonomy":"anvandningsomrade","embeddable":true,"href":"https:\/\/xenonkungen.com\/no\/wp-json\/wp\/v2\/anvandningsomrade?post=24493"},{"taxonomy":"bilmarken","embeddable":true,"href":"https:\/\/xenonkungen.com\/no\/wp-json\/wp\/v2\/bilmarken?post=24493"},{"taxonomy":"product_brand","embeddable":true,"href":"https:\/\/xenonkungen.com\/no\/wp-json\/wp\/v2\/product_brand?post=24493"},{"taxonomy":"product_cat","embeddable":true,"href":"https:\/\/xenonkungen.com\/no\/wp-json\/wp\/v2\/product_cat?post=24493"},{"taxonomy":"product_tag","embeddable":true,"href":"https:\/\/xenonkungen.com\/no\/wp-json\/wp\/v2\/product_tag?post=24493"}],"curies":[{"name":"wp","href":"https:\/\/api.w.org\/{rel}","templated":true}]}}