{"id":2475,"date":"2025-04-15T08:37:55","date_gmt":"2025-04-15T08:37:55","guid":{"rendered":"https:\/\/xenonkungen.com\/product\/luxtar-d-serie-sidofaste\/"},"modified":"2026-04-26T13:32:33","modified_gmt":"2026-04-26T12:32:33","slug":"luxtar-d-serien-sidemontering","status":"publish","type":"product","link":"https:\/\/xenonkungen.com\/no\/produkt\/luxtar-d-serien-sidemontering\/","title":{"rendered":"LUXTAR\u00ae D-seriens sidebraketter"},"content":{"rendered":"<h1>Sidebraketter for h\u00e5ndlister i D-serien<\/h1>\n<p>Festeben for montering av Luxtar-lysbjelken p\u00e5 kortsidene.<\/p>\n<p>Passer for alle <strong>Reflex Bar<\/strong> lysramper (D22, D32, D42 og D52).<br \/>Rustfritt st\u00e5l.<\/p>\n<p>Se info p\u00e5 bildet hvis du har tenkt \u00e5 montere sidebenet p\u00e5 modell D22-D52.<\/p>\n<p>Sett for vest\/h\u00f8yside inkl. skruer etc.<\/p>","protected":false},"excerpt":{"rendered":"<p>Sidebraketter for D-seriens leddete bommer. Monteringsben for montering av Luxtar-lysbjelken p\u00e5 kortsidene. Passer til alle Reflex Bar-lysbjelker (D22, D32, D42 og D52). Rustfritt st\u00e5l. Se informasjon p\u00e5 bildet hvis du har tenkt \u00e5 montere sideben p\u00e5 modell D22-D52. Sett for venstre\/h\u00f8yre side inkl. skruer osv.<\/p>","protected":false},"featured_media":2476,"comment_status":"closed","ping_status":"open","template":"","meta":{"_acf_changed":false,"_smort_price_nok":"101","_smort_price_dkk":"64","_smort_price_eur":"8.64","_smort_sale_price_nok":"","_smort_sale_price_dkk":"","_smort_sale_price_eur":"","smort_restorder":"","shipmondo_restorder":"","_kad_blocks_custom_css":"","_kad_blocks_head_custom_js":"","_kad_blocks_body_custom_js":"","_kad_blocks_footer_custom_js":"","smort_custom_pricelist_1":"60.8","smort_custom_pricelist_2":"45.6","smort_custom_pricelist_3":"43.32","smort_custom_pricelist_4":"76","smort_custom_pricelist_5":"45.6"},"anvandningsomrade":[],"bilmarken":[],"product_brand":[103],"product_cat":[2971,2826,390],"product_tag":[],"class_list":{"0":"post-2475","1":"product","2":"type-product","3":"status-publish","4":"has-post-thumbnail","6":"product_brand-luxtar","7":"product_cat-ledramp-fasten","8":"product_cat-luxtar","9":"product_cat-installation","11":"first","12":"instock","13":"taxable","14":"shipping-taxable","15":"purchasable","16":"product-type-simple"},"bundled_by":[],"bundle_stock_status":"instock","bundle_stock_quantity":4,"bundle_virtual":false,"bundle_layout":"","bundle_add_to_cart_form_location":"","bundle_editable_in_cart":false,"bundle_sold_individually_context":"","bundle_item_grouping":"","bundle_min_size":"","bundle_max_size":"","bundle_price":[],"bundled_items":[],"bundle_sell_ids":[],"acf":[],"yoast_head":"<!-- This site is optimized with the Yoast SEO plugin v27.0 - https:\/\/yoast.com\/product\/yoast-seo-wordpress\/ -->\n<title>LUXTAR\u00ae D-Serie Sidof\u00e4ste - Xenonkungen<\/title>\n<meta name=\"robots\" content=\"index, follow, max-snippet:-1, max-image-preview:large, max-video-preview:-1\" \/>\n<link rel=\"canonical\" href=\"https:\/\/xenonkungen.com\/no\/produkt\/luxtar-d-serien-sidemontering\/\" \/>\n<meta property=\"og:locale\" content=\"nb_NO\" \/>\n<meta property=\"og:type\" content=\"article\" \/>\n<meta property=\"og:title\" content=\"LUXTAR\u00ae D-Serie Sidof\u00e4ste - Xenonkungen\" \/>\n<meta property=\"og:description\" content=\"Sidof\u00e4sten f\u00f6r D-serie ledramper F\u00e4stben f\u00f6r montage av din Luxtar ljusramp p\u00e5 dess kortsidor. Passar alla Reflex Bar ljusramper (D22, D32, D42 och D52).Rostfritt st\u00e5l. Se info p\u00e5 bild om du avser montera sidoben p\u00e5 modell D22-D52. Set f\u00f6r v\u00e4\/h\u00f6 sida inkl. skruv mm.\" \/>\n<meta property=\"og:url\" content=\"https:\/\/xenonkungen.com\/no\/produkt\/luxtar-d-serien-sidemontering\/\" \/>\n<meta property=\"og:site_name\" content=\"Xenonkungen\" \/>\n<meta property=\"article:modified_time\" content=\"2026-04-26T12:32:33+00:00\" \/>\n<meta property=\"og:image\" content=\"https:\/\/xenonkungen.com\/wp-content\/uploads\/2025\/04\/31978657-origpic-4dd25f.jpg\" \/>\n\t<meta property=\"og:image:width\" content=\"1000\" \/>\n\t<meta property=\"og:image:height\" content=\"1000\" \/>\n\t<meta property=\"og:image:type\" content=\"image\/jpeg\" \/>\n<meta name=\"twitter:card\" content=\"summary_large_image\" \/>\n<script type=\"application\/ld+json\" class=\"yoast-schema-graph\">{\"@context\":\"https:\/\/schema.org\",\"@graph\":[{\"@type\":\"WebPage\",\"@id\":\"https:\/\/xenonkungen.com\/produkt\/luxtar-d-serie-sidofaste\/\",\"url\":\"https:\/\/xenonkungen.com\/produkt\/luxtar-d-serie-sidofaste\/\",\"name\":\"LUXTAR\u00ae D-Serie Sidof\u00e4ste - Xenonkungen\",\"isPartOf\":{\"@id\":\"https:\/\/xenonkungen.com\/#website\"},\"primaryImageOfPage\":{\"@id\":\"https:\/\/xenonkungen.com\/produkt\/luxtar-d-serie-sidofaste\/#primaryimage\"},\"image\":{\"@id\":\"https:\/\/xenonkungen.com\/produkt\/luxtar-d-serie-sidofaste\/#primaryimage\"},\"thumbnailUrl\":\"https:\/\/xenonkungen.com\/wp-content\/uploads\/2025\/04\/31978657-origpic-4dd25f.jpg\",\"datePublished\":\"2025-04-15T08:37:55+00:00\",\"dateModified\":\"2026-04-26T12:32:33+00:00\",\"breadcrumb\":{\"@id\":\"https:\/\/xenonkungen.com\/produkt\/luxtar-d-serie-sidofaste\/#breadcrumb\"},\"inLanguage\":\"nb-NO\",\"potentialAction\":[{\"@type\":\"ReadAction\",\"target\":[\"https:\/\/xenonkungen.com\/produkt\/luxtar-d-serie-sidofaste\/\"]}]},{\"@type\":\"ImageObject\",\"inLanguage\":\"nb-NO\",\"@id\":\"https:\/\/xenonkungen.com\/produkt\/luxtar-d-serie-sidofaste\/#primaryimage\",\"url\":\"https:\/\/xenonkungen.com\/wp-content\/uploads\/2025\/04\/31978657-origpic-4dd25f.jpg\",\"contentUrl\":\"https:\/\/xenonkungen.com\/wp-content\/uploads\/2025\/04\/31978657-origpic-4dd25f.jpg\",\"width\":1000,\"height\":1000},{\"@type\":\"BreadcrumbList\",\"@id\":\"https:\/\/xenonkungen.com\/produkt\/luxtar-d-serie-sidofaste\/#breadcrumb\",\"itemListElement\":[{\"@type\":\"ListItem\",\"position\":1,\"name\":\"Hem\",\"item\":\"https:\/\/xenonkungen.com\/\"},{\"@type\":\"ListItem\",\"position\":2,\"name\":\"Shop\",\"item\":\"https:\/\/xenonkungen.com\/shop\/\"},{\"@type\":\"ListItem\",\"position\":3,\"name\":\"LUXTAR\u00ae D-Serie Sidof\u00e4ste\"}]},{\"@type\":\"WebSite\",\"@id\":\"https:\/\/xenonkungen.com\/#website\",\"url\":\"https:\/\/xenonkungen.com\/\",\"name\":\"Xenonkungen\",\"description\":\"\",\"potentialAction\":[{\"@type\":\"SearchAction\",\"target\":{\"@type\":\"EntryPoint\",\"urlTemplate\":\"https:\/\/xenonkungen.com\/?s={search_term_string}\"},\"query-input\":{\"@type\":\"PropertyValueSpecification\",\"valueRequired\":true,\"valueName\":\"search_term_string\"}}],\"inLanguage\":\"nb-NO\"}]}<\/script>\n<!-- \/ Yoast SEO plugin. -->","yoast_head_json":{"title":"LUXTAR\u00ae D-serien sidemontering \u2013 Xenon-kongen","robots":{"index":"index","follow":"follow","max-snippet":"max-snippet:-1","max-image-preview":"max-image-preview:large","max-video-preview":"max-video-preview:-1"},"canonical":"https:\/\/xenonkungen.com\/no\/produkt\/luxtar-d-serien-sidemontering\/","og_locale":"nb_NO","og_type":"article","og_title":"LUXTAR\u00ae D-Serie Sidof\u00e4ste - Xenonkungen","og_description":"Sidof\u00e4sten f\u00f6r D-serie ledramper F\u00e4stben f\u00f6r montage av din Luxtar ljusramp p\u00e5 dess kortsidor. Passar alla Reflex Bar ljusramper (D22, D32, D42 och D52).Rostfritt st\u00e5l. Se info p\u00e5 bild om du avser montera sidoben p\u00e5 modell D22-D52. Set f\u00f6r v\u00e4\/h\u00f6 sida inkl. skruv mm.","og_url":"https:\/\/xenonkungen.com\/no\/produkt\/luxtar-d-serien-sidemontering\/","og_site_name":"Xenonkungen","article_modified_time":"2026-04-26T12:32:33+00:00","og_image":[{"width":1000,"height":1000,"url":"https:\/\/xenonkungen.com\/wp-content\/uploads\/2025\/04\/31978657-origpic-4dd25f.jpg","type":"image\/jpeg"}],"twitter_card":"summary_large_image","schema":{"@context":"https:\/\/schema.org","@graph":[{"@type":"WebPage","@id":"https:\/\/xenonkungen.com\/produkt\/luxtar-d-serie-sidofaste\/","url":"https:\/\/xenonkungen.com\/produkt\/luxtar-d-serie-sidofaste\/","name":"LUXTAR\u00ae D-serien sidemontering \u2013 Xenon-kongen","isPartOf":{"@id":"https:\/\/xenonkungen.com\/#website"},"primaryImageOfPage":{"@id":"https:\/\/xenonkungen.com\/produkt\/luxtar-d-serie-sidofaste\/#primaryimage"},"image":{"@id":"https:\/\/xenonkungen.com\/produkt\/luxtar-d-serie-sidofaste\/#primaryimage"},"thumbnailUrl":"https:\/\/xenonkungen.com\/wp-content\/uploads\/2025\/04\/31978657-origpic-4dd25f.jpg","datePublished":"2025-04-15T08:37:55+00:00","dateModified":"2026-04-26T12:32:33+00:00","breadcrumb":{"@id":"https:\/\/xenonkungen.com\/produkt\/luxtar-d-serie-sidofaste\/#breadcrumb"},"inLanguage":"nb-NO","potentialAction":[{"@type":"ReadAction","target":["https:\/\/xenonkungen.com\/produkt\/luxtar-d-serie-sidofaste\/"]}]},{"@type":"ImageObject","inLanguage":"nb-NO","@id":"https:\/\/xenonkungen.com\/produkt\/luxtar-d-serie-sidofaste\/#primaryimage","url":"https:\/\/xenonkungen.com\/wp-content\/uploads\/2025\/04\/31978657-origpic-4dd25f.jpg","contentUrl":"https:\/\/xenonkungen.com\/wp-content\/uploads\/2025\/04\/31978657-origpic-4dd25f.jpg","width":1000,"height":1000},{"@type":"BreadcrumbList","@id":"https:\/\/xenonkungen.com\/produkt\/luxtar-d-serie-sidofaste\/#breadcrumb","itemListElement":[{"@type":"ListItem","position":1,"name":"Hem","item":"https:\/\/xenonkungen.com\/"},{"@type":"ListItem","position":2,"name":"Shop","item":"https:\/\/xenonkungen.com\/shop\/"},{"@type":"ListItem","position":3,"name":"LUXTAR\u00ae D-Serie Sidof\u00e4ste"}]},{"@type":"WebSite","@id":"https:\/\/xenonkungen.com\/#website","url":"https:\/\/xenonkungen.com\/","name":"Xenonkungen","description":"","potentialAction":[{"@type":"SearchAction","target":{"@type":"EntryPoint","urlTemplate":"https:\/\/xenonkungen.com\/?s={search_term_string}"},"query-input":{"@type":"PropertyValueSpecification","valueRequired":true,"valueName":"search_term_string"}}],"inLanguage":"nb-NO"}]}},"taxonomy_info":{"product_brand":[{"value":103,"label":"LUXTAR"}],"product_cat":[{"value":2971,"label":"F\u00e4ste till ledramp"},{"value":2826,"label":"LUXTAR"},{"value":390,"label":"Installation"}]},"featured_image_src_large":["https:\/\/xenonkungen.com\/wp-content\/uploads\/2025\/04\/31978657-origpic-4dd25f.jpg",1000,1000,false],"author_info":[],"comment_info":0,"_links":{"self":[{"href":"https:\/\/xenonkungen.com\/no\/wp-json\/wp\/v2\/product\/2475","targetHints":{"allow":["GET"]}}],"collection":[{"href":"https:\/\/xenonkungen.com\/no\/wp-json\/wp\/v2\/product"}],"about":[{"href":"https:\/\/xenonkungen.com\/no\/wp-json\/wp\/v2\/types\/product"}],"replies":[{"embeddable":true,"href":"https:\/\/xenonkungen.com\/no\/wp-json\/wp\/v2\/comments?post=2475"}],"wp:featuredmedia":[{"embeddable":true,"href":"https:\/\/xenonkungen.com\/no\/wp-json\/wp\/v2\/media\/2476"}],"wp:attachment":[{"href":"https:\/\/xenonkungen.com\/no\/wp-json\/wp\/v2\/media?parent=2475"}],"wp:term":[{"taxonomy":"anvandningsomrade","embeddable":true,"href":"https:\/\/xenonkungen.com\/no\/wp-json\/wp\/v2\/anvandningsomrade?post=2475"},{"taxonomy":"bilmarken","embeddable":true,"href":"https:\/\/xenonkungen.com\/no\/wp-json\/wp\/v2\/bilmarken?post=2475"},{"taxonomy":"product_brand","embeddable":true,"href":"https:\/\/xenonkungen.com\/no\/wp-json\/wp\/v2\/product_brand?post=2475"},{"taxonomy":"product_cat","embeddable":true,"href":"https:\/\/xenonkungen.com\/no\/wp-json\/wp\/v2\/product_cat?post=2475"},{"taxonomy":"product_tag","embeddable":true,"href":"https:\/\/xenonkungen.com\/no\/wp-json\/wp\/v2\/product_tag?post=2475"}],"curies":[{"name":"wp","href":"https:\/\/api.w.org\/{rel}","templated":true}]}}