{"id":24879,"date":"2026-01-21T14:12:26","date_gmt":"2026-01-21T13:12:26","guid":{"rendered":"https:\/\/xenonkungen.com\/?post_type=product&#038;p=24879"},"modified":"2026-04-24T17:43:37","modified_gmt":"2026-04-24T16:43:37","slug":"osram-startkabel-150a-pose","status":"publish","type":"product","link":"https:\/\/xenonkungen.com\/no\/produkt\/osram-startkabel-150a-pose\/","title":{"rendered":"OSRAM STARTERkabel 150A (POSE)"},"content":{"rendered":"<h3 data-start=\"342\" data-end=\"439\">Startkabler OSRAM BATTERYstart PROFESSIONAL 150A \u2013 p\u00e5litelig startkabel for biler og motorsykler<\/h3>\n<p data-start=\"441\" data-end=\"749\"><strong data-start=\"441\" data-end=\"494\">OSRAM BATTERYstart PROFESJONELL STARTERkabel 150A<\/strong> er en h\u00f8ykvalitets starthjelp for de som trenger en trygg og effektiv l\u00f8sning n\u00e5r bilbatteriet er utladet. Disse starthjelpene er utviklet for b\u00e5de privat og profesjonell bruk og er egnet for motorsykler, personbiler og lettere kj\u00f8ret\u00f8y med bensinmotorer.<\/p>\n<p data-start=\"751\" data-end=\"1018\">Med OSRAM startkabler kan du raskt og enkelt overf\u00f8re str\u00f8m fra et donorbil til et mottakerbil og komme i gang igjen uten problemer. Takket v\u00e6re den gjennomtenkte designen og slitesterke materialene gir startkablene stabil ytelse n\u00e5r det virkelig trengs.<\/p>\n<p data-start=\"1020\" data-end=\"1457\">Startkablene er laget av kobberbelagt aluminium, som gir lav elektrisk motstand og sikrer jevn og effektiv kraftoverf\u00f8ring. Med en lengde p\u00e5 2,5 meter og et tverrsnittsareal p\u00e5 6 mm\u00b2 er startkablene egnet for bensinmotorer opptil 1,6 liters slagvolum. De t\u00e5ler en toppstr\u00f8m p\u00e5 opptil 150 A og en kontinuerlig str\u00f8m p\u00e5 75 A, noe som gj\u00f8r dem ideelle som startkabel til biler i hverdagssituasjoner.<\/p>\n<p data-start=\"1459\" data-end=\"1825\">OSRAM BATTERYstart PROFESSIONAL STARTER-kabelen 150A er kompatibel med b\u00e5de 6 V og 12 V systemer og kan brukes p\u00e5 flere typer kj\u00f8ret\u00f8y. For \u00f8kt sikkerhet er kablene innkapslet i fleksibel og slitesterk PVC, mens de isolerte klemmene beskytter mot utilsiktet kontakt. Tydelig fargekoding p\u00e5 kabler og klemmer reduserer risikoen for feil tilkobling mellom pluss- og minuspolene.<\/p>\n<p data-start=\"1827\" data-end=\"2047\">De medf\u00f8lgende startkablene leveres i en praktisk oppbevaringspose som gj\u00f8r dem enkle \u00e5 oppbevare i bilen uten \u00e5 ta un\u00f8dvendig plass. Bruksanvisningen er festet p\u00e5 baksiden av vesken og er alltid lett tilgjengelig ved behov.<\/p>\n<p data-start=\"2049\" data-end=\"2188\">Med 2 \u00e5rs garanti fra <strong data-start=\"2072\" data-end=\"2113\"><span class=\"hover:entity-accent entity-underline inline cursor-pointer align-baseline\"><span class=\"whitespace-normal\">OSRAM<\/span><\/span><\/strong> Du f\u00e5r en startkabel som kombinerer kvalitet, sikkerhet og lang levetid.<\/p>\n<h3 data-start=\"2190\" data-end=\"2212\">Viktige funksjoner<\/h3>\n<ul data-start=\"2213\" data-end=\"2581\">\n<li data-start=\"2213\" data-end=\"2251\">\n<p data-start=\"2215\" data-end=\"2251\">Starthjelpemidler for biler og motorsykler<\/p>\n<\/li>\n<li data-start=\"2252\" data-end=\"2280\">\n<p data-start=\"2254\" data-end=\"2280\">Toppstr\u00f8m opptil 150 A<\/p>\n<\/li>\n<li data-start=\"2281\" data-end=\"2314\">\n<p data-start=\"2283\" data-end=\"2314\">Kontinuerlig str\u00f8m 75 A<\/p>\n<\/li>\n<li data-start=\"2315\" data-end=\"2355\">\n<p data-start=\"2317\" data-end=\"2355\">For bensinmotorer opptil 1,6 liter<\/p>\n<\/li>\n<li data-start=\"2356\" data-end=\"2380\">\n<p data-start=\"2358\" data-end=\"2380\">Kabellengde 2,5 meter<\/p>\n<\/li>\n<li data-start=\"2381\" data-end=\"2405\">\n<p data-start=\"2383\" data-end=\"2405\">Tverrsnittsareal 6 mm\u00b2<\/p>\n<\/li>\n<li data-start=\"2406\" data-end=\"2461\">\n<p data-start=\"2408\" data-end=\"2461\">Kobberbelagt aluminium for effektiv kraftoverf\u00f8ring<\/p>\n<\/li>\n<li data-start=\"2462\" data-end=\"2493\">\n<p data-start=\"2464\" data-end=\"2493\">Kompatibel med 6V og 12V<\/p>\n<\/li>\n<li data-start=\"2494\" data-end=\"2537\">\n<p data-start=\"2496\" data-end=\"2537\">Isolerte klemmer og fargekodede kabler<\/p>\n<\/li>\n<li data-start=\"2538\" data-end=\"2563\">\n<p data-start=\"2540\" data-end=\"2563\">Oppbevaringspose inkludert<\/p>\n<\/li>\n<li data-start=\"2564\" data-end=\"2581\">\n<p data-start=\"2566\" data-end=\"2581\">2 \u00e5rs garanti<\/p>\n<\/li>\n<\/ul>","protected":false},"excerpt":{"rendered":"<p>Startkablar OSRAM BATTERYstart PROFESSIONAL 150A \u2013 p\u00e5litlig startkabel f\u00f6r bil och motorcykel OSRAM BATTERYstart PROFESSIONAL STARTERcable 150A \u00e4r en h\u00f6gkvalitativ startkabel f\u00f6r dig som beh\u00f6ver en s\u00e4ker och effektiv l\u00f6sning n\u00e4r bilbatteriet \u00e4r urladdat. Dessa startkablar \u00e4r utvecklade f\u00f6r b\u00e5de privat och professionellt bruk och passar motorcyklar, personbilar och l\u00e4ttare fordon med bensinmotor. Med OSRAMs [&hellip;]<\/p>","protected":false},"featured_media":24882,"comment_status":"open","ping_status":"closed","template":"","meta":{"_acf_changed":false,"_smort_price_nok":"159","_smort_price_dkk":"","_smort_price_eur":"","_smort_sale_price_nok":"","_smort_sale_price_dkk":"","_smort_sale_price_eur":"","smort_restorder":"","shipmondo_restorder":"","_kad_blocks_custom_css":"","_kad_blocks_head_custom_js":"","_kad_blocks_body_custom_js":"","_kad_blocks_footer_custom_js":"","smort_custom_pricelist_1":"95.36","smort_custom_pricelist_2":"83.44","smort_custom_pricelist_3":"77.48","smort_custom_pricelist_4":"119.2","smort_custom_pricelist_5":"83.44"},"anvandningsomrade":[],"bilmarken":[],"product_brand":[108],"product_cat":[377],"product_tag":[],"class_list":{"0":"post-24879","1":"product","2":"type-product","3":"status-publish","4":"has-post-thumbnail","6":"product_brand-osram","7":"product_cat-biltillbehor","9":"first","10":"onbackorder","11":"taxable","12":"shipping-taxable","13":"purchasable","14":"product-type-simple"},"bundled_by":[],"bundle_stock_status":"onbackorder","bundle_stock_quantity":0,"bundle_virtual":false,"bundle_layout":"","bundle_add_to_cart_form_location":"","bundle_editable_in_cart":false,"bundle_sold_individually_context":"","bundle_item_grouping":"","bundle_min_size":"","bundle_max_size":"","bundle_price":[],"bundled_items":[],"bundle_sell_ids":[],"acf":[],"yoast_head":"<!-- This site is optimized with the Yoast SEO plugin v27.0 - https:\/\/yoast.com\/product\/yoast-seo-wordpress\/ -->\n<title>OSRAM STARTERcable 150A (BAG) - Xenonkungen<\/title>\n<meta name=\"robots\" content=\"index, follow, max-snippet:-1, max-image-preview:large, max-video-preview:-1\" \/>\n<link rel=\"canonical\" href=\"https:\/\/xenonkungen.com\/no\/produkt\/osram-startkabel-150a-pose\/\" \/>\n<meta property=\"og:locale\" content=\"nb_NO\" \/>\n<meta property=\"og:type\" content=\"article\" \/>\n<meta property=\"og:title\" content=\"OSRAM STARTERcable 150A (BAG) - Xenonkungen\" \/>\n<meta property=\"og:description\" content=\"Startkablar OSRAM BATTERYstart PROFESSIONAL 150A \u2013 p\u00e5litlig startkabel f\u00f6r bil och motorcykel OSRAM BATTERYstart PROFESSIONAL STARTERcable 150A \u00e4r en h\u00f6gkvalitativ startkabel f\u00f6r dig som beh\u00f6ver en s\u00e4ker och effektiv l\u00f6sning n\u00e4r bilbatteriet \u00e4r urladdat. Dessa startkablar \u00e4r utvecklade f\u00f6r b\u00e5de privat och professionellt bruk och passar motorcyklar, personbilar och l\u00e4ttare fordon med bensinmotor. Med OSRAMs [&hellip;]\" \/>\n<meta property=\"og:url\" content=\"https:\/\/xenonkungen.com\/no\/produkt\/osram-startkabel-150a-pose\/\" \/>\n<meta property=\"og:site_name\" content=\"Xenonkungen\" \/>\n<meta property=\"article:modified_time\" content=\"2026-04-24T16:43:37+00:00\" \/>\n<meta property=\"og:image\" content=\"https:\/\/xenonkungen.com\/wp-content\/uploads\/2026\/01\/Small-for-web-and-ppt-PI_ARF-2021-01596_BATTERYstart_STARTER_CABLE_150A_OSC060.jpg\" \/>\n\t<meta property=\"og:image:width\" content=\"1024\" \/>\n\t<meta property=\"og:image:height\" content=\"1024\" \/>\n\t<meta property=\"og:image:type\" content=\"image\/jpeg\" \/>\n<meta name=\"twitter:card\" content=\"summary_large_image\" \/>\n<meta name=\"twitter:label1\" content=\"Ansl. lesetid\" \/>\n\t<meta name=\"twitter:data1\" content=\"2 minutter\" \/>\n<script type=\"application\/ld+json\" class=\"yoast-schema-graph\">{\"@context\":\"https:\/\/schema.org\",\"@graph\":[{\"@type\":\"WebPage\",\"@id\":\"https:\/\/xenonkungen.com\/produkt\/osram-startercable-150a-bag\/\",\"url\":\"https:\/\/xenonkungen.com\/produkt\/osram-startercable-150a-bag\/\",\"name\":\"OSRAM STARTERcable 150A (BAG) - Xenonkungen\",\"isPartOf\":{\"@id\":\"https:\/\/xenonkungen.com\/#website\"},\"primaryImageOfPage\":{\"@id\":\"https:\/\/xenonkungen.com\/produkt\/osram-startercable-150a-bag\/#primaryimage\"},\"image\":{\"@id\":\"https:\/\/xenonkungen.com\/produkt\/osram-startercable-150a-bag\/#primaryimage\"},\"thumbnailUrl\":\"https:\/\/xenonkungen.com\/wp-content\/uploads\/2026\/01\/Small-for-web-and-ppt-PI_ARF-2021-01596_BATTERYstart_STARTER_CABLE_150A_OSC060.jpg\",\"datePublished\":\"2026-01-21T13:12:26+00:00\",\"dateModified\":\"2026-04-24T16:43:37+00:00\",\"breadcrumb\":{\"@id\":\"https:\/\/xenonkungen.com\/produkt\/osram-startercable-150a-bag\/#breadcrumb\"},\"inLanguage\":\"nb-NO\",\"potentialAction\":[{\"@type\":\"ReadAction\",\"target\":[\"https:\/\/xenonkungen.com\/produkt\/osram-startercable-150a-bag\/\"]}]},{\"@type\":\"ImageObject\",\"inLanguage\":\"nb-NO\",\"@id\":\"https:\/\/xenonkungen.com\/produkt\/osram-startercable-150a-bag\/#primaryimage\",\"url\":\"https:\/\/xenonkungen.com\/wp-content\/uploads\/2026\/01\/Small-for-web-and-ppt-PI_ARF-2021-01596_BATTERYstart_STARTER_CABLE_150A_OSC060.jpg\",\"contentUrl\":\"https:\/\/xenonkungen.com\/wp-content\/uploads\/2026\/01\/Small-for-web-and-ppt-PI_ARF-2021-01596_BATTERYstart_STARTER_CABLE_150A_OSC060.jpg\",\"width\":1024,\"height\":1024},{\"@type\":\"BreadcrumbList\",\"@id\":\"https:\/\/xenonkungen.com\/produkt\/osram-startercable-150a-bag\/#breadcrumb\",\"itemListElement\":[{\"@type\":\"ListItem\",\"position\":1,\"name\":\"Hem\",\"item\":\"https:\/\/xenonkungen.com\/\"},{\"@type\":\"ListItem\",\"position\":2,\"name\":\"Shop\",\"item\":\"https:\/\/xenonkungen.com\/shop\/\"},{\"@type\":\"ListItem\",\"position\":3,\"name\":\"OSRAM STARTERcable 150A (BAG)\"}]},{\"@type\":\"WebSite\",\"@id\":\"https:\/\/xenonkungen.com\/#website\",\"url\":\"https:\/\/xenonkungen.com\/\",\"name\":\"Xenonkungen\",\"description\":\"\",\"potentialAction\":[{\"@type\":\"SearchAction\",\"target\":{\"@type\":\"EntryPoint\",\"urlTemplate\":\"https:\/\/xenonkungen.com\/?s={search_term_string}\"},\"query-input\":{\"@type\":\"PropertyValueSpecification\",\"valueRequired\":true,\"valueName\":\"search_term_string\"}}],\"inLanguage\":\"nb-NO\"}]}<\/script>\n<!-- \/ Yoast SEO plugin. -->","yoast_head_json":{"title":"OSRAM STARTERkabel 150A (POSE) - Xenon-kongen","robots":{"index":"index","follow":"follow","max-snippet":"max-snippet:-1","max-image-preview":"max-image-preview:large","max-video-preview":"max-video-preview:-1"},"canonical":"https:\/\/xenonkungen.com\/no\/produkt\/osram-startkabel-150a-pose\/","og_locale":"nb_NO","og_type":"article","og_title":"OSRAM STARTERcable 150A (BAG) - Xenonkungen","og_description":"Startkablar OSRAM BATTERYstart PROFESSIONAL 150A \u2013 p\u00e5litlig startkabel f\u00f6r bil och motorcykel OSRAM BATTERYstart PROFESSIONAL STARTERcable 150A \u00e4r en h\u00f6gkvalitativ startkabel f\u00f6r dig som beh\u00f6ver en s\u00e4ker och effektiv l\u00f6sning n\u00e4r bilbatteriet \u00e4r urladdat. Dessa startkablar \u00e4r utvecklade f\u00f6r b\u00e5de privat och professionellt bruk och passar motorcyklar, personbilar och l\u00e4ttare fordon med bensinmotor. Med OSRAMs [&hellip;]","og_url":"https:\/\/xenonkungen.com\/no\/produkt\/osram-startkabel-150a-pose\/","og_site_name":"Xenonkungen","article_modified_time":"2026-04-24T16:43:37+00:00","og_image":[{"width":1024,"height":1024,"url":"https:\/\/xenonkungen.com\/wp-content\/uploads\/2026\/01\/Small-for-web-and-ppt-PI_ARF-2021-01596_BATTERYstart_STARTER_CABLE_150A_OSC060.jpg","type":"image\/jpeg"}],"twitter_card":"summary_large_image","twitter_misc":{"Ansl. lesetid":"2 minutter"},"schema":{"@context":"https:\/\/schema.org","@graph":[{"@type":"WebPage","@id":"https:\/\/xenonkungen.com\/produkt\/osram-startercable-150a-bag\/","url":"https:\/\/xenonkungen.com\/produkt\/osram-startercable-150a-bag\/","name":"OSRAM STARTERkabel 150A (POSE) - Xenon-kongen","isPartOf":{"@id":"https:\/\/xenonkungen.com\/#website"},"primaryImageOfPage":{"@id":"https:\/\/xenonkungen.com\/produkt\/osram-startercable-150a-bag\/#primaryimage"},"image":{"@id":"https:\/\/xenonkungen.com\/produkt\/osram-startercable-150a-bag\/#primaryimage"},"thumbnailUrl":"https:\/\/xenonkungen.com\/wp-content\/uploads\/2026\/01\/Small-for-web-and-ppt-PI_ARF-2021-01596_BATTERYstart_STARTER_CABLE_150A_OSC060.jpg","datePublished":"2026-01-21T13:12:26+00:00","dateModified":"2026-04-24T16:43:37+00:00","breadcrumb":{"@id":"https:\/\/xenonkungen.com\/produkt\/osram-startercable-150a-bag\/#breadcrumb"},"inLanguage":"nb-NO","potentialAction":[{"@type":"ReadAction","target":["https:\/\/xenonkungen.com\/produkt\/osram-startercable-150a-bag\/"]}]},{"@type":"ImageObject","inLanguage":"nb-NO","@id":"https:\/\/xenonkungen.com\/produkt\/osram-startercable-150a-bag\/#primaryimage","url":"https:\/\/xenonkungen.com\/wp-content\/uploads\/2026\/01\/Small-for-web-and-ppt-PI_ARF-2021-01596_BATTERYstart_STARTER_CABLE_150A_OSC060.jpg","contentUrl":"https:\/\/xenonkungen.com\/wp-content\/uploads\/2026\/01\/Small-for-web-and-ppt-PI_ARF-2021-01596_BATTERYstart_STARTER_CABLE_150A_OSC060.jpg","width":1024,"height":1024},{"@type":"BreadcrumbList","@id":"https:\/\/xenonkungen.com\/produkt\/osram-startercable-150a-bag\/#breadcrumb","itemListElement":[{"@type":"ListItem","position":1,"name":"Hem","item":"https:\/\/xenonkungen.com\/"},{"@type":"ListItem","position":2,"name":"Shop","item":"https:\/\/xenonkungen.com\/shop\/"},{"@type":"ListItem","position":3,"name":"OSRAM STARTERcable 150A (BAG)"}]},{"@type":"WebSite","@id":"https:\/\/xenonkungen.com\/#website","url":"https:\/\/xenonkungen.com\/","name":"Xenonkungen","description":"","potentialAction":[{"@type":"SearchAction","target":{"@type":"EntryPoint","urlTemplate":"https:\/\/xenonkungen.com\/?s={search_term_string}"},"query-input":{"@type":"PropertyValueSpecification","valueRequired":true,"valueName":"search_term_string"}}],"inLanguage":"nb-NO"}]}},"taxonomy_info":{"product_brand":[{"value":108,"label":"OSRAM"}],"product_cat":[{"value":377,"label":"Biltillbeh\u00f6r"}]},"featured_image_src_large":["https:\/\/xenonkungen.com\/wp-content\/uploads\/2026\/01\/Small-for-web-and-ppt-PI_ARF-2021-01596_BATTERYstart_STARTER_CABLE_150A_OSC060.jpg",1024,1024,false],"author_info":[],"comment_info":0,"_links":{"self":[{"href":"https:\/\/xenonkungen.com\/no\/wp-json\/wp\/v2\/product\/24879","targetHints":{"allow":["GET"]}}],"collection":[{"href":"https:\/\/xenonkungen.com\/no\/wp-json\/wp\/v2\/product"}],"about":[{"href":"https:\/\/xenonkungen.com\/no\/wp-json\/wp\/v2\/types\/product"}],"replies":[{"embeddable":true,"href":"https:\/\/xenonkungen.com\/no\/wp-json\/wp\/v2\/comments?post=24879"}],"wp:featuredmedia":[{"embeddable":true,"href":"https:\/\/xenonkungen.com\/no\/wp-json\/wp\/v2\/media\/24882"}],"wp:attachment":[{"href":"https:\/\/xenonkungen.com\/no\/wp-json\/wp\/v2\/media?parent=24879"}],"wp:term":[{"taxonomy":"anvandningsomrade","embeddable":true,"href":"https:\/\/xenonkungen.com\/no\/wp-json\/wp\/v2\/anvandningsomrade?post=24879"},{"taxonomy":"bilmarken","embeddable":true,"href":"https:\/\/xenonkungen.com\/no\/wp-json\/wp\/v2\/bilmarken?post=24879"},{"taxonomy":"product_brand","embeddable":true,"href":"https:\/\/xenonkungen.com\/no\/wp-json\/wp\/v2\/product_brand?post=24879"},{"taxonomy":"product_cat","embeddable":true,"href":"https:\/\/xenonkungen.com\/no\/wp-json\/wp\/v2\/product_cat?post=24879"},{"taxonomy":"product_tag","embeddable":true,"href":"https:\/\/xenonkungen.com\/no\/wp-json\/wp\/v2\/product_tag?post=24879"}],"curies":[{"name":"wp","href":"https:\/\/api.w.org\/{rel}","templated":true}]}}