{"id":2494,"date":"2025-04-15T08:38:06","date_gmt":"2025-04-15T08:38:06","guid":{"rendered":"https:\/\/xenonkungen.com\/product\/dtp-4-kontakt-hona-set-4-pin\/"},"modified":"2026-04-17T12:05:30","modified_gmt":"2026-04-17T11:05:30","slug":"dtp-4-kontakt-hunnsett-4-pinner","status":"publish","type":"product","link":"https:\/\/xenonkungen.com\/no\/produkt\/dtp-4-kontakt-hunnsett-4-pinner\/","title":{"rendered":"DTP-4 Kontaktsett for hunnkontakter | 4-PIN"},"content":{"rendered":"<h1>L\u00f8se DTP-4-kontakter for kundetilpassede tilkoblinger<\/h1>\n<p>Hvis du har behov for \u00e5 tilpasse den elektriske installasjonen din, men finner ut at kontaktene p\u00e5 ledningsnettet ikke passer til utstyret ditt, finnes det en enkel l\u00f8sning - bytt ut de inkompatible kontaktene med v\u00e5re l\u00f8se kontakter <span class=\"highlight\">DTP-4-kontakter<\/span>. Ved \u00e5 kutte bort de eksisterende kontaktene og montere nye kompatible DTP-4-kontakter, sikrer du en stabil og sikker tilkobling.<\/p>\n<p>V\u00e5re l\u00f8se DTP-4-kontakter er utviklet for \u00e5 garantere en <span class=\"highlight\">p\u00e5litelig og robust tilkobling<\/span>De er ideelle for bruk i kj\u00f8ret\u00f8y, industri og tungt maskineri. Enten du skal oppgradere eller bytte ut eksisterende kontakter, f\u00e5r du en l\u00f8sning som er b\u00e5de holdbar og enkel \u00e5 installere.<\/p>\n<h2>Hvert sett inneholder:<\/h2>\n<ul>\n<li>1 kvinne<\/li>\n<li>4 x str\u00f8mpinner<\/li>\n<li>Tetningsgummi<\/li>\n<\/ul>\n<p>Disse komponentene gir deg alt du trenger for en <span class=\"highlight\">profesjonell og langvarig installasjon<\/span>, noe som sikrer optimal ytelse og p\u00e5litelighet.<\/p>\n<p>Ved \u00e5 bruke v\u00e5re l\u00f8se DTP-4-kontakter f\u00e5r du <span class=\"highlight\">full fleksibilitet<\/span> kombinere ulike komponenter og tilpasse systemet etter behov - uten at det g\u00e5r p\u00e5 bekostning av sikkerhet eller funksjonalitet.<\/p>","protected":false},"excerpt":{"rendered":"<p>L\u00f6sa DTP-4 Kontakter f\u00f6r Anpassade Anslutningar Om du beh\u00f6ver anpassa din elektriska installation men uppt\u00e4cker att kontakterna p\u00e5 kablaget inte matchar din utrustning, finns en enkel l\u00f6sning \u2013 byt ut de inkompatibla kontakterna mot v\u00e5ra l\u00f6sa DTP-4 kontakter. Genom att klippa bort de befintliga kontakterna och montera nya kompatibla DTP-4-kontakter s\u00e4kerst\u00e4ller du en stabil och [&hellip;]<\/p>","protected":false},"featured_media":2495,"comment_status":"closed","ping_status":"open","template":"","meta":{"_acf_changed":false,"_smort_price_nok":"170","_smort_price_dkk":"108","_smort_price_eur":"14.45","_smort_sale_price_nok":"","_smort_sale_price_dkk":"","_smort_sale_price_eur":"","smort_restorder":"","shipmondo_restorder":"","_kad_blocks_custom_css":"","_kad_blocks_head_custom_js":"","_kad_blocks_body_custom_js":"","_kad_blocks_footer_custom_js":"","smort_custom_pricelist_1":"89.04","smort_custom_pricelist_2":"76.32","smort_custom_pricelist_3":"63.6","smort_custom_pricelist_4":"127.2","smort_custom_pricelist_5":"76.32"},"anvandningsomrade":[],"bilmarken":[],"product_brand":[103],"product_cat":[2493,2826,2823,390],"product_tag":[],"class_list":{"0":"post-2494","1":"product","2":"type-product","3":"status-publish","4":"has-post-thumbnail","6":"product_brand-luxtar","7":"product_cat-kontakter-installation","8":"product_cat-luxtar","9":"product_cat-luxtar-ovriga-produkter","10":"product_cat-installation","11":"pa_lampsockel-kontakt-dtp-4","13":"first","14":"instock","15":"taxable","16":"shipping-taxable","17":"purchasable","18":"product-type-simple"},"bundled_by":[],"bundle_stock_status":"instock","bundle_stock_quantity":74,"bundle_virtual":false,"bundle_layout":"","bundle_add_to_cart_form_location":"","bundle_editable_in_cart":false,"bundle_sold_individually_context":"","bundle_item_grouping":"","bundle_min_size":"","bundle_max_size":"","bundle_price":[],"bundled_items":[],"bundle_sell_ids":[],"acf":[],"yoast_head":"<!-- This site is optimized with the Yoast SEO plugin v27.0 - https:\/\/yoast.com\/product\/yoast-seo-wordpress\/ -->\n<title>DTP-4 Kontakt Hona set | 4-PIN - Xenonkungen<\/title>\n<meta name=\"robots\" content=\"index, follow, max-snippet:-1, max-image-preview:large, max-video-preview:-1\" \/>\n<link rel=\"canonical\" href=\"https:\/\/xenonkungen.com\/no\/produkt\/dtp-4-kontakt-hunnsett-4-pinner\/\" \/>\n<meta property=\"og:locale\" content=\"nb_NO\" \/>\n<meta property=\"og:type\" content=\"article\" \/>\n<meta property=\"og:title\" content=\"DTP-4 Kontakt Hona set | 4-PIN - Xenonkungen\" \/>\n<meta property=\"og:description\" content=\"L\u00f6sa DTP-4 Kontakter f\u00f6r Anpassade Anslutningar Om du beh\u00f6ver anpassa din elektriska installation men uppt\u00e4cker att kontakterna p\u00e5 kablaget inte matchar din utrustning, finns en enkel l\u00f6sning \u2013 byt ut de inkompatibla kontakterna mot v\u00e5ra l\u00f6sa DTP-4 kontakter. Genom att klippa bort de befintliga kontakterna och montera nya kompatibla DTP-4-kontakter s\u00e4kerst\u00e4ller du en stabil och [&hellip;]\" \/>\n<meta property=\"og:url\" content=\"https:\/\/xenonkungen.com\/no\/produkt\/dtp-4-kontakt-hunnsett-4-pinner\/\" \/>\n<meta property=\"og:site_name\" content=\"Xenonkungen\" \/>\n<meta property=\"article:modified_time\" content=\"2026-04-17T11:05:30+00:00\" \/>\n<meta property=\"og:image\" content=\"https:\/\/xenonkungen.com\/wp-content\/uploads\/2025\/04\/Z_MQxaNg.png\" \/>\n\t<meta property=\"og:image:width\" content=\"600\" \/>\n\t<meta property=\"og:image:height\" content=\"600\" \/>\n\t<meta property=\"og:image:type\" content=\"image\/png\" \/>\n<meta name=\"twitter:card\" content=\"summary_large_image\" \/>\n<meta name=\"twitter:label1\" content=\"Ansl. lesetid\" \/>\n\t<meta name=\"twitter:data1\" content=\"1 minutt\" \/>\n<script type=\"application\/ld+json\" class=\"yoast-schema-graph\">{\"@context\":\"https:\/\/schema.org\",\"@graph\":[{\"@type\":\"WebPage\",\"@id\":\"https:\/\/xenonkungen.com\/produkt\/dtp-4-kontakt-hona-set-4-pin\/\",\"url\":\"https:\/\/xenonkungen.com\/produkt\/dtp-4-kontakt-hona-set-4-pin\/\",\"name\":\"DTP-4 Kontakt Hona set | 4-PIN - Xenonkungen\",\"isPartOf\":{\"@id\":\"https:\/\/xenonkungen.com\/#website\"},\"primaryImageOfPage\":{\"@id\":\"https:\/\/xenonkungen.com\/produkt\/dtp-4-kontakt-hona-set-4-pin\/#primaryimage\"},\"image\":{\"@id\":\"https:\/\/xenonkungen.com\/produkt\/dtp-4-kontakt-hona-set-4-pin\/#primaryimage\"},\"thumbnailUrl\":\"https:\/\/xenonkungen.com\/wp-content\/uploads\/2025\/04\/Z_MQxaNg.png\",\"datePublished\":\"2025-04-15T08:38:06+00:00\",\"dateModified\":\"2026-04-17T11:05:30+00:00\",\"breadcrumb\":{\"@id\":\"https:\/\/xenonkungen.com\/produkt\/dtp-4-kontakt-hona-set-4-pin\/#breadcrumb\"},\"inLanguage\":\"nb-NO\",\"potentialAction\":[{\"@type\":\"ReadAction\",\"target\":[\"https:\/\/xenonkungen.com\/produkt\/dtp-4-kontakt-hona-set-4-pin\/\"]}]},{\"@type\":\"ImageObject\",\"inLanguage\":\"nb-NO\",\"@id\":\"https:\/\/xenonkungen.com\/produkt\/dtp-4-kontakt-hona-set-4-pin\/#primaryimage\",\"url\":\"https:\/\/xenonkungen.com\/wp-content\/uploads\/2025\/04\/Z_MQxaNg.png\",\"contentUrl\":\"https:\/\/xenonkungen.com\/wp-content\/uploads\/2025\/04\/Z_MQxaNg.png\",\"width\":600,\"height\":600},{\"@type\":\"BreadcrumbList\",\"@id\":\"https:\/\/xenonkungen.com\/produkt\/dtp-4-kontakt-hona-set-4-pin\/#breadcrumb\",\"itemListElement\":[{\"@type\":\"ListItem\",\"position\":1,\"name\":\"Hem\",\"item\":\"https:\/\/xenonkungen.com\/\"},{\"@type\":\"ListItem\",\"position\":2,\"name\":\"Shop\",\"item\":\"https:\/\/xenonkungen.com\/shop\/\"},{\"@type\":\"ListItem\",\"position\":3,\"name\":\"DTP-4 Kontakt Hona set | 4-PIN\"}]},{\"@type\":\"WebSite\",\"@id\":\"https:\/\/xenonkungen.com\/#website\",\"url\":\"https:\/\/xenonkungen.com\/\",\"name\":\"Xenonkungen\",\"description\":\"\",\"potentialAction\":[{\"@type\":\"SearchAction\",\"target\":{\"@type\":\"EntryPoint\",\"urlTemplate\":\"https:\/\/xenonkungen.com\/?s={search_term_string}\"},\"query-input\":{\"@type\":\"PropertyValueSpecification\",\"valueRequired\":true,\"valueName\":\"search_term_string\"}}],\"inLanguage\":\"nb-NO\"}]}<\/script>\n<!-- \/ Yoast SEO plugin. -->","yoast_head_json":{"title":"DTP-4 hunnkontaktsett | 4-pinners - Xenonkungen","robots":{"index":"index","follow":"follow","max-snippet":"max-snippet:-1","max-image-preview":"max-image-preview:large","max-video-preview":"max-video-preview:-1"},"canonical":"https:\/\/xenonkungen.com\/no\/produkt\/dtp-4-kontakt-hunnsett-4-pinner\/","og_locale":"nb_NO","og_type":"article","og_title":"DTP-4 Kontakt Hona set | 4-PIN - Xenonkungen","og_description":"L\u00f6sa DTP-4 Kontakter f\u00f6r Anpassade Anslutningar Om du beh\u00f6ver anpassa din elektriska installation men uppt\u00e4cker att kontakterna p\u00e5 kablaget inte matchar din utrustning, finns en enkel l\u00f6sning \u2013 byt ut de inkompatibla kontakterna mot v\u00e5ra l\u00f6sa DTP-4 kontakter. Genom att klippa bort de befintliga kontakterna och montera nya kompatibla DTP-4-kontakter s\u00e4kerst\u00e4ller du en stabil och [&hellip;]","og_url":"https:\/\/xenonkungen.com\/no\/produkt\/dtp-4-kontakt-hunnsett-4-pinner\/","og_site_name":"Xenonkungen","article_modified_time":"2026-04-17T11:05:30+00:00","og_image":[{"width":600,"height":600,"url":"https:\/\/xenonkungen.com\/wp-content\/uploads\/2025\/04\/Z_MQxaNg.png","type":"image\/png"}],"twitter_card":"summary_large_image","twitter_misc":{"Ansl. lesetid":"1 minutt"},"schema":{"@context":"https:\/\/schema.org","@graph":[{"@type":"WebPage","@id":"https:\/\/xenonkungen.com\/produkt\/dtp-4-kontakt-hona-set-4-pin\/","url":"https:\/\/xenonkungen.com\/produkt\/dtp-4-kontakt-hona-set-4-pin\/","name":"DTP-4 hunnkontaktsett | 4-pinners - Xenonkungen","isPartOf":{"@id":"https:\/\/xenonkungen.com\/#website"},"primaryImageOfPage":{"@id":"https:\/\/xenonkungen.com\/produkt\/dtp-4-kontakt-hona-set-4-pin\/#primaryimage"},"image":{"@id":"https:\/\/xenonkungen.com\/produkt\/dtp-4-kontakt-hona-set-4-pin\/#primaryimage"},"thumbnailUrl":"https:\/\/xenonkungen.com\/wp-content\/uploads\/2025\/04\/Z_MQxaNg.png","datePublished":"2025-04-15T08:38:06+00:00","dateModified":"2026-04-17T11:05:30+00:00","breadcrumb":{"@id":"https:\/\/xenonkungen.com\/produkt\/dtp-4-kontakt-hona-set-4-pin\/#breadcrumb"},"inLanguage":"nb-NO","potentialAction":[{"@type":"ReadAction","target":["https:\/\/xenonkungen.com\/produkt\/dtp-4-kontakt-hona-set-4-pin\/"]}]},{"@type":"ImageObject","inLanguage":"nb-NO","@id":"https:\/\/xenonkungen.com\/produkt\/dtp-4-kontakt-hona-set-4-pin\/#primaryimage","url":"https:\/\/xenonkungen.com\/wp-content\/uploads\/2025\/04\/Z_MQxaNg.png","contentUrl":"https:\/\/xenonkungen.com\/wp-content\/uploads\/2025\/04\/Z_MQxaNg.png","width":600,"height":600},{"@type":"BreadcrumbList","@id":"https:\/\/xenonkungen.com\/produkt\/dtp-4-kontakt-hona-set-4-pin\/#breadcrumb","itemListElement":[{"@type":"ListItem","position":1,"name":"Hem","item":"https:\/\/xenonkungen.com\/"},{"@type":"ListItem","position":2,"name":"Shop","item":"https:\/\/xenonkungen.com\/shop\/"},{"@type":"ListItem","position":3,"name":"DTP-4 Kontakt Hona set | 4-PIN"}]},{"@type":"WebSite","@id":"https:\/\/xenonkungen.com\/#website","url":"https:\/\/xenonkungen.com\/","name":"Xenonkungen","description":"","potentialAction":[{"@type":"SearchAction","target":{"@type":"EntryPoint","urlTemplate":"https:\/\/xenonkungen.com\/?s={search_term_string}"},"query-input":{"@type":"PropertyValueSpecification","valueRequired":true,"valueName":"search_term_string"}}],"inLanguage":"nb-NO"}]}},"taxonomy_info":{"product_brand":[{"value":103,"label":"LUXTAR"}],"product_cat":[{"value":2493,"label":"Kontakter"},{"value":2826,"label":"LUXTAR"},{"value":2823,"label":"Luxtar - \u00d6vriga produkter"},{"value":390,"label":"Installation"}],"pa_lampsockel-kontakt":[{"value":358,"label":"DTP-4"}]},"featured_image_src_large":["https:\/\/xenonkungen.com\/wp-content\/uploads\/2025\/04\/Z_MQxaNg.png",600,600,false],"author_info":[],"comment_info":1,"_links":{"self":[{"href":"https:\/\/xenonkungen.com\/no\/wp-json\/wp\/v2\/product\/2494","targetHints":{"allow":["GET"]}}],"collection":[{"href":"https:\/\/xenonkungen.com\/no\/wp-json\/wp\/v2\/product"}],"about":[{"href":"https:\/\/xenonkungen.com\/no\/wp-json\/wp\/v2\/types\/product"}],"replies":[{"embeddable":true,"href":"https:\/\/xenonkungen.com\/no\/wp-json\/wp\/v2\/comments?post=2494"}],"wp:featuredmedia":[{"embeddable":true,"href":"https:\/\/xenonkungen.com\/no\/wp-json\/wp\/v2\/media\/2495"}],"wp:attachment":[{"href":"https:\/\/xenonkungen.com\/no\/wp-json\/wp\/v2\/media?parent=2494"}],"wp:term":[{"taxonomy":"anvandningsomrade","embeddable":true,"href":"https:\/\/xenonkungen.com\/no\/wp-json\/wp\/v2\/anvandningsomrade?post=2494"},{"taxonomy":"bilmarken","embeddable":true,"href":"https:\/\/xenonkungen.com\/no\/wp-json\/wp\/v2\/bilmarken?post=2494"},{"taxonomy":"product_brand","embeddable":true,"href":"https:\/\/xenonkungen.com\/no\/wp-json\/wp\/v2\/product_brand?post=2494"},{"taxonomy":"product_cat","embeddable":true,"href":"https:\/\/xenonkungen.com\/no\/wp-json\/wp\/v2\/product_cat?post=2494"},{"taxonomy":"product_tag","embeddable":true,"href":"https:\/\/xenonkungen.com\/no\/wp-json\/wp\/v2\/product_tag?post=2494"}],"curies":[{"name":"wp","href":"https:\/\/api.w.org\/{rel}","templated":true}]}}