{"id":24940,"date":"2026-01-22T11:42:10","date_gmt":"2026-01-22T10:42:10","guid":{"rendered":"https:\/\/xenonkungen.com\/?post_type=product&#038;p=24940"},"modified":"2026-04-24T17:40:08","modified_gmt":"2026-04-24T16:40:08","slug":"osram-original-line-h10-sammenleggbar-boks","status":"publish","type":"product","link":"https:\/\/xenonkungen.com\/no\/produkt\/osram-original-line-h10-sammenleggbar-boks\/","title":{"rendered":"Osram ORIGINAL LINE H10 (SAMMENLEGGINGSESK)"},"content":{"rendered":"<h3 data-start=\"120\" data-end=\"168\">Rimelig kvalitet du kan stole p\u00e5 \u2013 hver dag<\/h3>\n<p data-start=\"170\" data-end=\"471\">Med <strong data-start=\"174\" data-end=\"229\"><span class=\"hover:entity-accent entity-underline inline cursor-pointer align-baseline\"><span class=\"whitespace-normal\">OSRAM<\/span><\/span> ORIGINAL LINE<\/strong> Halogenp\u00e6rer gir deg p\u00e5litelig belysning som leverer \u2013 uten \u00e5 koste mer enn n\u00f8dvendig. Disse robuste og kostnadseffektive originalp\u00e6rene er designet for daglig bruk og kan h\u00e5ndtere normale kj\u00f8reforhold med jevn og sikker ytelse.<\/p>\n<p data-start=\"473\" data-end=\"728\">ORIGINAL LINE brukes allerede i <strong data-start=\"503\" data-end=\"540\">millioner av nye biler over hele verden<\/strong>, b\u00e5de som standardutstyr og som originale reservedeler fra ledende bilprodusenter. Det er et tydelig bevis p\u00e5 den h\u00f8ye OEM-kvaliteten og p\u00e5liteligheten som bilindustrien krever.<\/p>\n<p data-start=\"730\" data-end=\"764\">Velg ORIGINAL LINJE n\u00e5r du vil:<\/p>\n<ul>\n<li data-start=\"767\" data-end=\"798\">OEM-kvalitet du kan stole p\u00e5<\/li>\n<li data-start=\"799\" data-end=\"824\">\n<p data-start=\"801\" data-end=\"824\">Utmerket valuta for pengene<\/p>\n<\/li>\n<li data-start=\"825\" data-end=\"870\">\n<p data-start=\"827\" data-end=\"870\">Stabil lysytelse og lang levetid<\/p>\n<\/li>\n<li data-start=\"871\" data-end=\"922\">\n<p data-start=\"873\" data-end=\"922\">Et bredt utvalg for de fleste bilmodeller<\/p>\n<\/li>\n<\/ul>\n<p data-start=\"924\" data-end=\"1018\" data-is-last-node=\"\" data-is-only-node=\"\"><strong data-start=\"924\" data-end=\"1018\" data-is-last-node=\"\">Et trygt valg for de som \u00f8nsker en original f\u00f8lelse, sikkerhet og kvalitet \u2013 til riktig pris.<\/strong><\/p>","protected":false},"excerpt":{"rendered":"<p>Rimelig kvalitet du kan stole p\u00e5 \u2013 hver dag Med OSRAM ORIGINAL LINE halogenlamper f\u00e5r du p\u00e5litelig belysning som leverer \u2013 uten \u00e5 bruke mer enn n\u00f8dvendig. Disse robuste og kostnadseffektive originallampene er utviklet for daglig bruk og kan h\u00e5ndtere normale kj\u00f8reforhold med jevn og sikker ytelse. ORIGINAL LINE brukes allerede i millioner av nye biler over hele verden [\u2026]<\/p>","protected":false},"featured_media":24941,"comment_status":"open","ping_status":"closed","template":"","meta":{"_acf_changed":false,"_smort_price_nok":"101","_smort_price_dkk":"","_smort_price_eur":"","_smort_sale_price_nok":"","_smort_sale_price_dkk":"","_smort_sale_price_eur":"","smort_restorder":"","shipmondo_restorder":"","_kad_blocks_custom_css":"","_kad_blocks_head_custom_js":"","_kad_blocks_body_custom_js":"","_kad_blocks_footer_custom_js":"","smort_custom_pricelist_1":"60.8","smort_custom_pricelist_2":"53.2","smort_custom_pricelist_3":"49.4","smort_custom_pricelist_4":"76","smort_custom_pricelist_5":"53.2"},"anvandningsomrade":[],"bilmarken":[],"product_brand":[108],"product_cat":[2543,733],"product_tag":[],"class_list":{"0":"post-24940","1":"product","2":"type-product","3":"status-publish","4":"has-post-thumbnail","6":"product_brand-osram","7":"product_cat-halogen-halvljus-helljus","8":"product_cat-halvljus-helljus","10":"first","11":"instock","12":"taxable","13":"shipping-taxable","14":"purchasable","15":"product-type-simple"},"bundled_by":[],"bundle_stock_status":"instock","bundle_stock_quantity":6,"bundle_virtual":false,"bundle_layout":"","bundle_add_to_cart_form_location":"","bundle_editable_in_cart":false,"bundle_sold_individually_context":"","bundle_item_grouping":"","bundle_min_size":"","bundle_max_size":"","bundle_price":[],"bundled_items":[],"bundle_sell_ids":[],"acf":[],"yoast_head":"<!-- This site is optimized with the Yoast SEO plugin v27.0 - https:\/\/yoast.com\/product\/yoast-seo-wordpress\/ -->\n<title>Osram ORIGINAL LINE H10 (FOLDING BOX) - Xenonkungen<\/title>\n<meta name=\"robots\" content=\"index, follow, max-snippet:-1, max-image-preview:large, max-video-preview:-1\" \/>\n<link rel=\"canonical\" href=\"https:\/\/xenonkungen.com\/no\/produkt\/osram-original-line-h10-sammenleggbar-boks\/\" \/>\n<meta property=\"og:locale\" content=\"nb_NO\" \/>\n<meta property=\"og:type\" content=\"article\" \/>\n<meta property=\"og:title\" content=\"Osram ORIGINAL LINE H10 (FOLDING BOX) - Xenonkungen\" \/>\n<meta property=\"og:description\" content=\"Prisv\u00e4rd kvalitet du kan lita p\u00e5 \u2013 varje dag Med OSRAM ORIGINAL LINE halogenlampor f\u00e5r du p\u00e5litlig belysning som levererar \u2013 utan att kosta mer \u00e4n n\u00f6dv\u00e4ndigt. Dessa robusta och kostnadseffektiva originallampor \u00e4r utvecklade f\u00f6r daglig anv\u00e4ndning och klarar normala k\u00f6rf\u00f6rh\u00e5llanden med j\u00e4mn och s\u00e4ker prestanda. ORIGINAL LINE anv\u00e4nds redan i miljontals nya bilar v\u00e4rlden [&hellip;]\" \/>\n<meta property=\"og:url\" content=\"https:\/\/xenonkungen.com\/no\/produkt\/osram-original-line-h10-sammenleggbar-boks\/\" \/>\n<meta property=\"og:site_name\" content=\"Xenonkungen\" \/>\n<meta property=\"article:modified_time\" content=\"2026-04-24T16:40:08+00:00\" \/>\n<meta property=\"og:image\" content=\"https:\/\/xenonkungen.com\/wp-content\/uploads\/2026\/01\/Small-for-web-and-ppt-724806_ORIGINAL-H10-9145RD.jpg\" \/>\n\t<meta property=\"og:image:width\" content=\"1024\" \/>\n\t<meta property=\"og:image:height\" content=\"1024\" \/>\n\t<meta property=\"og:image:type\" content=\"image\/jpeg\" \/>\n<meta name=\"twitter:card\" content=\"summary_large_image\" \/>\n<meta name=\"twitter:label1\" content=\"Ansl. lesetid\" \/>\n\t<meta name=\"twitter:data1\" content=\"1 minutt\" \/>\n<script type=\"application\/ld+json\" class=\"yoast-schema-graph\">{\"@context\":\"https:\/\/schema.org\",\"@graph\":[{\"@type\":\"WebPage\",\"@id\":\"https:\/\/xenonkungen.com\/produkt\/osram-original-line-h10-folding-box\/\",\"url\":\"https:\/\/xenonkungen.com\/produkt\/osram-original-line-h10-folding-box\/\",\"name\":\"Osram ORIGINAL LINE H10 (FOLDING BOX) - Xenonkungen\",\"isPartOf\":{\"@id\":\"https:\/\/xenonkungen.com\/#website\"},\"primaryImageOfPage\":{\"@id\":\"https:\/\/xenonkungen.com\/produkt\/osram-original-line-h10-folding-box\/#primaryimage\"},\"image\":{\"@id\":\"https:\/\/xenonkungen.com\/produkt\/osram-original-line-h10-folding-box\/#primaryimage\"},\"thumbnailUrl\":\"https:\/\/xenonkungen.com\/wp-content\/uploads\/2026\/01\/Small-for-web-and-ppt-724806_ORIGINAL-H10-9145RD.jpg\",\"datePublished\":\"2026-01-22T10:42:10+00:00\",\"dateModified\":\"2026-04-24T16:40:08+00:00\",\"breadcrumb\":{\"@id\":\"https:\/\/xenonkungen.com\/produkt\/osram-original-line-h10-folding-box\/#breadcrumb\"},\"inLanguage\":\"nb-NO\",\"potentialAction\":[{\"@type\":\"ReadAction\",\"target\":[\"https:\/\/xenonkungen.com\/produkt\/osram-original-line-h10-folding-box\/\"]}]},{\"@type\":\"ImageObject\",\"inLanguage\":\"nb-NO\",\"@id\":\"https:\/\/xenonkungen.com\/produkt\/osram-original-line-h10-folding-box\/#primaryimage\",\"url\":\"https:\/\/xenonkungen.com\/wp-content\/uploads\/2026\/01\/Small-for-web-and-ppt-724806_ORIGINAL-H10-9145RD.jpg\",\"contentUrl\":\"https:\/\/xenonkungen.com\/wp-content\/uploads\/2026\/01\/Small-for-web-and-ppt-724806_ORIGINAL-H10-9145RD.jpg\",\"width\":1024,\"height\":1024},{\"@type\":\"BreadcrumbList\",\"@id\":\"https:\/\/xenonkungen.com\/produkt\/osram-original-line-h10-folding-box\/#breadcrumb\",\"itemListElement\":[{\"@type\":\"ListItem\",\"position\":1,\"name\":\"Hem\",\"item\":\"https:\/\/xenonkungen.com\/\"},{\"@type\":\"ListItem\",\"position\":2,\"name\":\"Shop\",\"item\":\"https:\/\/xenonkungen.com\/shop\/\"},{\"@type\":\"ListItem\",\"position\":3,\"name\":\"Osram ORIGINAL LINE H10 (FOLDING BOX)\"}]},{\"@type\":\"WebSite\",\"@id\":\"https:\/\/xenonkungen.com\/#website\",\"url\":\"https:\/\/xenonkungen.com\/\",\"name\":\"Xenonkungen\",\"description\":\"\",\"potentialAction\":[{\"@type\":\"SearchAction\",\"target\":{\"@type\":\"EntryPoint\",\"urlTemplate\":\"https:\/\/xenonkungen.com\/?s={search_term_string}\"},\"query-input\":{\"@type\":\"PropertyValueSpecification\",\"valueRequired\":true,\"valueName\":\"search_term_string\"}}],\"inLanguage\":\"nb-NO\"}]}<\/script>\n<!-- \/ Yoast SEO plugin. -->","yoast_head_json":{"title":"Osram ORIGINAL LINE H10 (SAMMENLEGGBOX) - Xenon-kongen","robots":{"index":"index","follow":"follow","max-snippet":"max-snippet:-1","max-image-preview":"max-image-preview:large","max-video-preview":"max-video-preview:-1"},"canonical":"https:\/\/xenonkungen.com\/no\/produkt\/osram-original-line-h10-sammenleggbar-boks\/","og_locale":"nb_NO","og_type":"article","og_title":"Osram ORIGINAL LINE H10 (FOLDING BOX) - Xenonkungen","og_description":"Prisv\u00e4rd kvalitet du kan lita p\u00e5 \u2013 varje dag Med OSRAM ORIGINAL LINE halogenlampor f\u00e5r du p\u00e5litlig belysning som levererar \u2013 utan att kosta mer \u00e4n n\u00f6dv\u00e4ndigt. Dessa robusta och kostnadseffektiva originallampor \u00e4r utvecklade f\u00f6r daglig anv\u00e4ndning och klarar normala k\u00f6rf\u00f6rh\u00e5llanden med j\u00e4mn och s\u00e4ker prestanda. ORIGINAL LINE anv\u00e4nds redan i miljontals nya bilar v\u00e4rlden [&hellip;]","og_url":"https:\/\/xenonkungen.com\/no\/produkt\/osram-original-line-h10-sammenleggbar-boks\/","og_site_name":"Xenonkungen","article_modified_time":"2026-04-24T16:40:08+00:00","og_image":[{"width":1024,"height":1024,"url":"https:\/\/xenonkungen.com\/wp-content\/uploads\/2026\/01\/Small-for-web-and-ppt-724806_ORIGINAL-H10-9145RD.jpg","type":"image\/jpeg"}],"twitter_card":"summary_large_image","twitter_misc":{"Ansl. lesetid":"1 minutt"},"schema":{"@context":"https:\/\/schema.org","@graph":[{"@type":"WebPage","@id":"https:\/\/xenonkungen.com\/produkt\/osram-original-line-h10-folding-box\/","url":"https:\/\/xenonkungen.com\/produkt\/osram-original-line-h10-folding-box\/","name":"Osram ORIGINAL LINE H10 (SAMMENLEGGBOX) - Xenon-kongen","isPartOf":{"@id":"https:\/\/xenonkungen.com\/#website"},"primaryImageOfPage":{"@id":"https:\/\/xenonkungen.com\/produkt\/osram-original-line-h10-folding-box\/#primaryimage"},"image":{"@id":"https:\/\/xenonkungen.com\/produkt\/osram-original-line-h10-folding-box\/#primaryimage"},"thumbnailUrl":"https:\/\/xenonkungen.com\/wp-content\/uploads\/2026\/01\/Small-for-web-and-ppt-724806_ORIGINAL-H10-9145RD.jpg","datePublished":"2026-01-22T10:42:10+00:00","dateModified":"2026-04-24T16:40:08+00:00","breadcrumb":{"@id":"https:\/\/xenonkungen.com\/produkt\/osram-original-line-h10-folding-box\/#breadcrumb"},"inLanguage":"nb-NO","potentialAction":[{"@type":"ReadAction","target":["https:\/\/xenonkungen.com\/produkt\/osram-original-line-h10-folding-box\/"]}]},{"@type":"ImageObject","inLanguage":"nb-NO","@id":"https:\/\/xenonkungen.com\/produkt\/osram-original-line-h10-folding-box\/#primaryimage","url":"https:\/\/xenonkungen.com\/wp-content\/uploads\/2026\/01\/Small-for-web-and-ppt-724806_ORIGINAL-H10-9145RD.jpg","contentUrl":"https:\/\/xenonkungen.com\/wp-content\/uploads\/2026\/01\/Small-for-web-and-ppt-724806_ORIGINAL-H10-9145RD.jpg","width":1024,"height":1024},{"@type":"BreadcrumbList","@id":"https:\/\/xenonkungen.com\/produkt\/osram-original-line-h10-folding-box\/#breadcrumb","itemListElement":[{"@type":"ListItem","position":1,"name":"Hem","item":"https:\/\/xenonkungen.com\/"},{"@type":"ListItem","position":2,"name":"Shop","item":"https:\/\/xenonkungen.com\/shop\/"},{"@type":"ListItem","position":3,"name":"Osram ORIGINAL LINE H10 (FOLDING BOX)"}]},{"@type":"WebSite","@id":"https:\/\/xenonkungen.com\/#website","url":"https:\/\/xenonkungen.com\/","name":"Xenonkungen","description":"","potentialAction":[{"@type":"SearchAction","target":{"@type":"EntryPoint","urlTemplate":"https:\/\/xenonkungen.com\/?s={search_term_string}"},"query-input":{"@type":"PropertyValueSpecification","valueRequired":true,"valueName":"search_term_string"}}],"inLanguage":"nb-NO"}]}},"taxonomy_info":{"product_brand":[{"value":108,"label":"OSRAM"}],"product_cat":[{"value":2543,"label":"Halogen"},{"value":733,"label":"Halvljus \/ Helljus"}]},"featured_image_src_large":["https:\/\/xenonkungen.com\/wp-content\/uploads\/2026\/01\/Small-for-web-and-ppt-724806_ORIGINAL-H10-9145RD.jpg",1024,1024,false],"author_info":[],"comment_info":0,"_links":{"self":[{"href":"https:\/\/xenonkungen.com\/no\/wp-json\/wp\/v2\/product\/24940","targetHints":{"allow":["GET"]}}],"collection":[{"href":"https:\/\/xenonkungen.com\/no\/wp-json\/wp\/v2\/product"}],"about":[{"href":"https:\/\/xenonkungen.com\/no\/wp-json\/wp\/v2\/types\/product"}],"replies":[{"embeddable":true,"href":"https:\/\/xenonkungen.com\/no\/wp-json\/wp\/v2\/comments?post=24940"}],"wp:featuredmedia":[{"embeddable":true,"href":"https:\/\/xenonkungen.com\/no\/wp-json\/wp\/v2\/media\/24941"}],"wp:attachment":[{"href":"https:\/\/xenonkungen.com\/no\/wp-json\/wp\/v2\/media?parent=24940"}],"wp:term":[{"taxonomy":"anvandningsomrade","embeddable":true,"href":"https:\/\/xenonkungen.com\/no\/wp-json\/wp\/v2\/anvandningsomrade?post=24940"},{"taxonomy":"bilmarken","embeddable":true,"href":"https:\/\/xenonkungen.com\/no\/wp-json\/wp\/v2\/bilmarken?post=24940"},{"taxonomy":"product_brand","embeddable":true,"href":"https:\/\/xenonkungen.com\/no\/wp-json\/wp\/v2\/product_brand?post=24940"},{"taxonomy":"product_cat","embeddable":true,"href":"https:\/\/xenonkungen.com\/no\/wp-json\/wp\/v2\/product_cat?post=24940"},{"taxonomy":"product_tag","embeddable":true,"href":"https:\/\/xenonkungen.com\/no\/wp-json\/wp\/v2\/product_tag?post=24940"}],"curies":[{"name":"wp","href":"https:\/\/api.w.org\/{rel}","templated":true}]}}