{"id":2511,"date":"2025-04-15T08:38:32","date_gmt":"2025-04-15T08:38:32","guid":{"rendered":"https:\/\/xenonkungen.com\/product\/lamphallare-bmw-e39-01-04-xenonkonvertering\/"},"modified":"2026-04-24T16:34:05","modified_gmt":"2026-04-24T15:34:05","slug":"lampeholder-bmw-e39-01-04-xenonkonvertering","status":"publish","type":"product","link":"https:\/\/xenonkungen.com\/no\/produkt\/lampeholder-bmw-e39-01-04-xenonkonvertering\/","title":{"rendered":"Lampeholder BMW E39 01-04 | Xenon-konvertering"},"content":{"rendered":"<p>Erstatter original H7-lampeholder ved konvertering til xenonlys i BMW E39 n\u00e6rlys eller fjernlys \u00e5rsmodell 2001-2004 (facelift).<\/p>\n<p>Passer angivelig ogs\u00e5 til Opel Astra G og Corsa C.<\/p>\n<p>Merk! Lampeholderne er ikke kompatible med LED-konverteringssett.<\/p>\n<p>Levering per par.<\/p>","protected":false},"excerpt":{"rendered":"<p>Erstatter original H7-lampeholder ved konvertering til xenonlys i BMW E39 n\u00e6rlys eller fjernlys modell\u00e5r 2001-2004 (facelift). Passer ogs\u00e5 til Opel Astra G og Corsa C. Merk! Lampeholdere er ikke kompatible med LED-konverteringssett. Levering per par.<\/p>","protected":false},"featured_media":2512,"comment_status":"closed","ping_status":"closed","template":"","meta":{"_acf_changed":false,"_smort_price_nok":"80","_smort_price_dkk":"51","_smort_price_eur":"6.82","_smort_sale_price_nok":"","_smort_sale_price_dkk":"","_smort_sale_price_eur":"","smort_restorder":"","shipmondo_restorder":"","_kad_blocks_custom_css":"","_kad_blocks_head_custom_js":"","_kad_blocks_body_custom_js":"","_kad_blocks_footer_custom_js":"","smort_custom_pricelist_1":"48","smort_custom_pricelist_2":"42","smort_custom_pricelist_3":"39.9","smort_custom_pricelist_4":"60","smort_custom_pricelist_5":"42"},"anvandningsomrade":[],"bilmarken":[],"product_brand":[],"product_cat":[2494,2485],"product_tag":[],"class_list":{"0":"post-2511","1":"product","2":"type-product","3":"status-publish","4":"has-post-thumbnail","6":"product_cat-lamphallare-xenonkonventering","7":"product_cat-xenonkonventering","8":"pa_lampsockel-kontakt-h7","10":"first","11":"instock","12":"taxable","13":"shipping-taxable","14":"purchasable","15":"product-type-simple"},"bundled_by":[],"bundle_stock_status":"instock","bundle_stock_quantity":6,"bundle_virtual":false,"bundle_layout":"","bundle_add_to_cart_form_location":"","bundle_editable_in_cart":false,"bundle_sold_individually_context":"","bundle_item_grouping":"","bundle_min_size":"","bundle_max_size":"","bundle_price":[],"bundled_items":[],"bundle_sell_ids":[],"acf":[],"yoast_head":"<!-- This site is optimized with the Yoast SEO plugin v27.0 - https:\/\/yoast.com\/product\/yoast-seo-wordpress\/ -->\n<title>Lamph\u00e5llare BMW E39 01-04 | Xenonkonvertering - Xenonkungen<\/title>\n<meta name=\"robots\" content=\"index, follow, max-snippet:-1, max-image-preview:large, max-video-preview:-1\" \/>\n<link rel=\"canonical\" href=\"https:\/\/xenonkungen.com\/no\/produkt\/lampeholder-bmw-e39-01-04-xenonkonvertering\/\" \/>\n<meta property=\"og:locale\" content=\"nb_NO\" \/>\n<meta property=\"og:type\" content=\"article\" \/>\n<meta property=\"og:title\" content=\"Lamph\u00e5llare BMW E39 01-04 | Xenonkonvertering - Xenonkungen\" \/>\n<meta property=\"og:description\" content=\"Ers\u00e4tter original H7 lamph\u00e5llare vid konvertering till xenonljus i BMW E39 halvljus eller helljus \u00e5rsmodell 2001-2004 (facelift). Passar enligt uppgift \u00e4ven Opel Astra G och Corsa C. Obs! Lamph\u00e5llare \u00e4r ej kompatibla med LED konverterings kit. Leverans per par.\" \/>\n<meta property=\"og:url\" content=\"https:\/\/xenonkungen.com\/no\/produkt\/lampeholder-bmw-e39-01-04-xenonkonvertering\/\" \/>\n<meta property=\"og:site_name\" content=\"Xenonkungen\" \/>\n<meta property=\"article:modified_time\" content=\"2026-04-24T15:34:05+00:00\" \/>\n<meta property=\"og:image\" content=\"https:\/\/xenonkungen.com\/wp-content\/uploads\/2025\/04\/6091511-origpic-9831fd.jpg\" \/>\n\t<meta property=\"og:image:width\" content=\"500\" \/>\n\t<meta property=\"og:image:height\" content=\"500\" \/>\n\t<meta property=\"og:image:type\" content=\"image\/jpeg\" \/>\n<meta name=\"twitter:card\" content=\"summary_large_image\" \/>\n<script type=\"application\/ld+json\" class=\"yoast-schema-graph\">{\"@context\":\"https:\/\/schema.org\",\"@graph\":[{\"@type\":\"WebPage\",\"@id\":\"https:\/\/xenonkungen.com\/fi\/tuote\/lampunpidin-bmw-e39-01-04-xenon-muunnos\/\",\"url\":\"https:\/\/xenonkungen.com\/fi\/tuote\/lampunpidin-bmw-e39-01-04-xenon-muunnos\/\",\"name\":\"Lamph\u00e5llare BMW E39 01-04 | Xenonkonvertering - Xenonkungen\",\"isPartOf\":{\"@id\":\"https:\/\/xenonkungen.com\/#website\"},\"primaryImageOfPage\":{\"@id\":\"https:\/\/xenonkungen.com\/fi\/tuote\/lampunpidin-bmw-e39-01-04-xenon-muunnos\/#primaryimage\"},\"image\":{\"@id\":\"https:\/\/xenonkungen.com\/fi\/tuote\/lampunpidin-bmw-e39-01-04-xenon-muunnos\/#primaryimage\"},\"thumbnailUrl\":\"https:\/\/xenonkungen.com\/wp-content\/uploads\/2025\/04\/6091511-origpic-9831fd.jpg\",\"datePublished\":\"2025-04-15T08:38:32+00:00\",\"dateModified\":\"2026-04-24T15:34:05+00:00\",\"breadcrumb\":{\"@id\":\"https:\/\/xenonkungen.com\/fi\/tuote\/lampunpidin-bmw-e39-01-04-xenon-muunnos\/#breadcrumb\"},\"inLanguage\":\"nb-NO\",\"potentialAction\":[{\"@type\":\"ReadAction\",\"target\":[\"https:\/\/xenonkungen.com\/fi\/tuote\/lampunpidin-bmw-e39-01-04-xenon-muunnos\/\"]}]},{\"@type\":\"ImageObject\",\"inLanguage\":\"nb-NO\",\"@id\":\"https:\/\/xenonkungen.com\/fi\/tuote\/lampunpidin-bmw-e39-01-04-xenon-muunnos\/#primaryimage\",\"url\":\"https:\/\/xenonkungen.com\/wp-content\/uploads\/2025\/04\/6091511-origpic-9831fd.jpg\",\"contentUrl\":\"https:\/\/xenonkungen.com\/wp-content\/uploads\/2025\/04\/6091511-origpic-9831fd.jpg\",\"width\":500,\"height\":500},{\"@type\":\"BreadcrumbList\",\"@id\":\"https:\/\/xenonkungen.com\/fi\/tuote\/lampunpidin-bmw-e39-01-04-xenon-muunnos\/#breadcrumb\",\"itemListElement\":[{\"@type\":\"ListItem\",\"position\":1,\"name\":\"Hem\",\"item\":\"https:\/\/xenonkungen.com\/\"},{\"@type\":\"ListItem\",\"position\":2,\"name\":\"Shop\",\"item\":\"https:\/\/xenonkungen.com\/shop\/\"},{\"@type\":\"ListItem\",\"position\":3,\"name\":\"Lamph\u00e5llare BMW E39 01-04 | Xenonkonvertering\"}]},{\"@type\":\"WebSite\",\"@id\":\"https:\/\/xenonkungen.com\/#website\",\"url\":\"https:\/\/xenonkungen.com\/\",\"name\":\"Xenonkungen\",\"description\":\"\",\"potentialAction\":[{\"@type\":\"SearchAction\",\"target\":{\"@type\":\"EntryPoint\",\"urlTemplate\":\"https:\/\/xenonkungen.com\/?s={search_term_string}\"},\"query-input\":{\"@type\":\"PropertyValueSpecification\",\"valueRequired\":true,\"valueName\":\"search_term_string\"}}],\"inLanguage\":\"nb-NO\"}]}<\/script>\n<!-- \/ Yoast SEO plugin. -->","yoast_head_json":{"title":"Lampeholder BMW E39 01-04 | Xenon-konvertering - Xenonkongen","robots":{"index":"index","follow":"follow","max-snippet":"max-snippet:-1","max-image-preview":"max-image-preview:large","max-video-preview":"max-video-preview:-1"},"canonical":"https:\/\/xenonkungen.com\/no\/produkt\/lampeholder-bmw-e39-01-04-xenonkonvertering\/","og_locale":"nb_NO","og_type":"article","og_title":"Lamph\u00e5llare BMW E39 01-04 | Xenonkonvertering - Xenonkungen","og_description":"Ers\u00e4tter original H7 lamph\u00e5llare vid konvertering till xenonljus i BMW E39 halvljus eller helljus \u00e5rsmodell 2001-2004 (facelift). Passar enligt uppgift \u00e4ven Opel Astra G och Corsa C. Obs! Lamph\u00e5llare \u00e4r ej kompatibla med LED konverterings kit. Leverans per par.","og_url":"https:\/\/xenonkungen.com\/no\/produkt\/lampeholder-bmw-e39-01-04-xenonkonvertering\/","og_site_name":"Xenonkungen","article_modified_time":"2026-04-24T15:34:05+00:00","og_image":[{"width":500,"height":500,"url":"https:\/\/xenonkungen.com\/wp-content\/uploads\/2025\/04\/6091511-origpic-9831fd.jpg","type":"image\/jpeg"}],"twitter_card":"summary_large_image","schema":{"@context":"https:\/\/schema.org","@graph":[{"@type":"WebPage","@id":"https:\/\/xenonkungen.com\/fi\/tuote\/lampunpidin-bmw-e39-01-04-xenon-muunnos\/","url":"https:\/\/xenonkungen.com\/fi\/tuote\/lampunpidin-bmw-e39-01-04-xenon-muunnos\/","name":"Lampeholder BMW E39 01-04 | Xenon-konvertering - Xenonkongen","isPartOf":{"@id":"https:\/\/xenonkungen.com\/#website"},"primaryImageOfPage":{"@id":"https:\/\/xenonkungen.com\/fi\/tuote\/lampunpidin-bmw-e39-01-04-xenon-muunnos\/#primaryimage"},"image":{"@id":"https:\/\/xenonkungen.com\/fi\/tuote\/lampunpidin-bmw-e39-01-04-xenon-muunnos\/#primaryimage"},"thumbnailUrl":"https:\/\/xenonkungen.com\/wp-content\/uploads\/2025\/04\/6091511-origpic-9831fd.jpg","datePublished":"2025-04-15T08:38:32+00:00","dateModified":"2026-04-24T15:34:05+00:00","breadcrumb":{"@id":"https:\/\/xenonkungen.com\/fi\/tuote\/lampunpidin-bmw-e39-01-04-xenon-muunnos\/#breadcrumb"},"inLanguage":"nb-NO","potentialAction":[{"@type":"ReadAction","target":["https:\/\/xenonkungen.com\/fi\/tuote\/lampunpidin-bmw-e39-01-04-xenon-muunnos\/"]}]},{"@type":"ImageObject","inLanguage":"nb-NO","@id":"https:\/\/xenonkungen.com\/fi\/tuote\/lampunpidin-bmw-e39-01-04-xenon-muunnos\/#primaryimage","url":"https:\/\/xenonkungen.com\/wp-content\/uploads\/2025\/04\/6091511-origpic-9831fd.jpg","contentUrl":"https:\/\/xenonkungen.com\/wp-content\/uploads\/2025\/04\/6091511-origpic-9831fd.jpg","width":500,"height":500},{"@type":"BreadcrumbList","@id":"https:\/\/xenonkungen.com\/fi\/tuote\/lampunpidin-bmw-e39-01-04-xenon-muunnos\/#breadcrumb","itemListElement":[{"@type":"ListItem","position":1,"name":"Hem","item":"https:\/\/xenonkungen.com\/"},{"@type":"ListItem","position":2,"name":"Shop","item":"https:\/\/xenonkungen.com\/shop\/"},{"@type":"ListItem","position":3,"name":"Lamph\u00e5llare BMW E39 01-04 | Xenonkonvertering"}]},{"@type":"WebSite","@id":"https:\/\/xenonkungen.com\/#website","url":"https:\/\/xenonkungen.com\/","name":"Xenonkungen","description":"","potentialAction":[{"@type":"SearchAction","target":{"@type":"EntryPoint","urlTemplate":"https:\/\/xenonkungen.com\/?s={search_term_string}"},"query-input":{"@type":"PropertyValueSpecification","valueRequired":true,"valueName":"search_term_string"}}],"inLanguage":"nb-NO"}]}},"taxonomy_info":{"product_cat":[{"value":2494,"label":"Lamph\u00e5llare"},{"value":2485,"label":"Xenonkonvertering"}],"pa_lampsockel-kontakt":[{"value":206,"label":"H7"}]},"featured_image_src_large":["https:\/\/xenonkungen.com\/wp-content\/uploads\/2025\/04\/6091511-origpic-9831fd.jpg",500,500,false],"author_info":[],"comment_info":0,"_links":{"self":[{"href":"https:\/\/xenonkungen.com\/no\/wp-json\/wp\/v2\/product\/2511","targetHints":{"allow":["GET"]}}],"collection":[{"href":"https:\/\/xenonkungen.com\/no\/wp-json\/wp\/v2\/product"}],"about":[{"href":"https:\/\/xenonkungen.com\/no\/wp-json\/wp\/v2\/types\/product"}],"replies":[{"embeddable":true,"href":"https:\/\/xenonkungen.com\/no\/wp-json\/wp\/v2\/comments?post=2511"}],"wp:featuredmedia":[{"embeddable":true,"href":"https:\/\/xenonkungen.com\/no\/wp-json\/wp\/v2\/media\/2512"}],"wp:attachment":[{"href":"https:\/\/xenonkungen.com\/no\/wp-json\/wp\/v2\/media?parent=2511"}],"wp:term":[{"taxonomy":"anvandningsomrade","embeddable":true,"href":"https:\/\/xenonkungen.com\/no\/wp-json\/wp\/v2\/anvandningsomrade?post=2511"},{"taxonomy":"bilmarken","embeddable":true,"href":"https:\/\/xenonkungen.com\/no\/wp-json\/wp\/v2\/bilmarken?post=2511"},{"taxonomy":"product_brand","embeddable":true,"href":"https:\/\/xenonkungen.com\/no\/wp-json\/wp\/v2\/product_brand?post=2511"},{"taxonomy":"product_cat","embeddable":true,"href":"https:\/\/xenonkungen.com\/no\/wp-json\/wp\/v2\/product_cat?post=2511"},{"taxonomy":"product_tag","embeddable":true,"href":"https:\/\/xenonkungen.com\/no\/wp-json\/wp\/v2\/product_tag?post=2511"}],"curies":[{"name":"wp","href":"https:\/\/api.w.org\/{rel}","templated":true}]}}