{"id":2525,"date":"2025-04-15T08:39:00","date_gmt":"2025-04-15T08:39:00","guid":{"rendered":"https:\/\/xenonkungen.com\/product\/lamphallare-hyundai-i40\/"},"modified":"2026-04-10T17:42:13","modified_gmt":"2026-04-10T16:42:13","slug":"lampeholder-hyundai-i40","status":"publish","type":"product","link":"https:\/\/xenonkungen.com\/no\/produkt\/lampeholder-hyundai-i40\/","title":{"rendered":"Lampeholder Hyundai i40"},"content":{"rendered":"<p>Erstatter eksisterende lampeholdere for halogen H7 i Hyundai i30 og i40 modell\u00e5r 2011-2013 for xenonkonvertering av fjernlys.<\/p>\n<p>Merk! Modell\u00e5r 2013 - lampesokkel HB4\/9006 ble introdusert i fjernlyset.<br \/>- Se varenr. 125517 Canbus xenonsett 50W &gt; 9006 4300K.<\/p>\n<p>Velg xenonlysfarge 4300K, s\u00e5 passer den best til bilens egne xenonlys.<\/p>\n<p>Denne lampeholderen kan ogs\u00e5 passe til andre Hyundai- eller Kia-modeller hvis det er aktuelt? Sammenlign OEM-bildet med de som sitter i bilen din.<\/p>\n<p>Laget i Korea.<\/p>","protected":false},"excerpt":{"rendered":"<p>Ers\u00e4tter befintliga lamph\u00e5llare f\u00f6r halogen H7 i Hyundai i30 och i40 \u00e5rsmodell 2011-2013 vid xenonkonvertering av helljus. Obs! Modell\u00e5r 2013- inf\u00f6rdes lampsockel HB4\/9006 i helljusen.&#8211; Se artnr 125517 Canbus xenonkit 50W &gt; 9006 4300K. V\u00e4lj xenon ljusf\u00e4rg 4300K s\u00e5 \u00f6verensst\u00e4mmer det b\u00e4st med bilens egna xenonljus. Denna lamph\u00e5llare kan i f\u00f6rekommande fall \u00e4ven passa andra [&hellip;]<\/p>","protected":false},"featured_media":2526,"comment_status":"closed","ping_status":"open","template":"","meta":{"_acf_changed":false,"_smort_price_nok":"101","_smort_price_dkk":"64","_smort_price_eur":"8.64","_smort_sale_price_nok":"","_smort_sale_price_dkk":"","_smort_sale_price_eur":"","smort_restorder":"","shipmondo_restorder":"","_kad_blocks_custom_css":"","_kad_blocks_head_custom_js":"","_kad_blocks_body_custom_js":"","_kad_blocks_footer_custom_js":"","smort_custom_pricelist_1":"60.8","smort_custom_pricelist_2":"53.2","smort_custom_pricelist_3":"50.54","smort_custom_pricelist_4":"76","smort_custom_pricelist_5":"53.2"},"anvandningsomrade":[],"bilmarken":[],"product_brand":[],"product_cat":[2494,2485],"product_tag":[],"class_list":{"0":"post-2525","1":"product","2":"type-product","3":"status-publish","4":"has-post-thumbnail","6":"product_cat-lamphallare-xenonkonventering","7":"product_cat-xenonkonventering","8":"pa_lampsockel-kontakt-h7","10":"first","11":"instock","12":"taxable","13":"shipping-taxable","14":"purchasable","15":"product-type-simple"},"bundled_by":[],"bundle_stock_status":"instock","bundle_stock_quantity":1,"bundle_virtual":false,"bundle_layout":"","bundle_add_to_cart_form_location":"","bundle_editable_in_cart":false,"bundle_sold_individually_context":"","bundle_item_grouping":"","bundle_min_size":"","bundle_max_size":"","bundle_price":[],"bundled_items":[],"bundle_sell_ids":[],"acf":[],"yoast_head":"<!-- This site is optimized with the Yoast SEO plugin v27.0 - https:\/\/yoast.com\/product\/yoast-seo-wordpress\/ -->\n<title>Lamph\u00e5llare Hyundai i40 - Xenonkungen<\/title>\n<meta name=\"robots\" content=\"index, follow, max-snippet:-1, max-image-preview:large, max-video-preview:-1\" \/>\n<link rel=\"canonical\" href=\"https:\/\/xenonkungen.com\/no\/produkt\/lampeholder-hyundai-i40\/\" \/>\n<meta property=\"og:locale\" content=\"nb_NO\" \/>\n<meta property=\"og:type\" content=\"article\" \/>\n<meta property=\"og:title\" content=\"Lamph\u00e5llare Hyundai i40 - Xenonkungen\" \/>\n<meta property=\"og:description\" content=\"Ers\u00e4tter befintliga lamph\u00e5llare f\u00f6r halogen H7 i Hyundai i30 och i40 \u00e5rsmodell 2011-2013 vid xenonkonvertering av helljus. Obs! Modell\u00e5r 2013- inf\u00f6rdes lampsockel HB4\/9006 i helljusen.&#8211; Se artnr 125517 Canbus xenonkit 50W &gt; 9006 4300K. V\u00e4lj xenon ljusf\u00e4rg 4300K s\u00e5 \u00f6verensst\u00e4mmer det b\u00e4st med bilens egna xenonljus. Denna lamph\u00e5llare kan i f\u00f6rekommande fall \u00e4ven passa andra [&hellip;]\" \/>\n<meta property=\"og:url\" content=\"https:\/\/xenonkungen.com\/no\/produkt\/lampeholder-hyundai-i40\/\" \/>\n<meta property=\"og:site_name\" content=\"Xenonkungen\" \/>\n<meta property=\"article:modified_time\" content=\"2026-04-10T16:42:13+00:00\" \/>\n<meta property=\"og:image\" content=\"https:\/\/xenonkungen.com\/wp-content\/uploads\/2025\/04\/10004291-origpic-f15088.jpg\" \/>\n\t<meta property=\"og:image:width\" content=\"500\" \/>\n\t<meta property=\"og:image:height\" content=\"500\" \/>\n\t<meta property=\"og:image:type\" content=\"image\/jpeg\" \/>\n<meta name=\"twitter:card\" content=\"summary_large_image\" \/>\n<script type=\"application\/ld+json\" class=\"yoast-schema-graph\">{\"@context\":\"https:\/\/schema.org\",\"@graph\":[{\"@type\":\"WebPage\",\"@id\":\"https:\/\/xenonkungen.com\/nl\/product\/lamphallare-hyundai-i40\/\",\"url\":\"https:\/\/xenonkungen.com\/nl\/product\/lamphallare-hyundai-i40\/\",\"name\":\"Lamph\u00e5llare Hyundai i40 - Xenonkungen\",\"isPartOf\":{\"@id\":\"https:\/\/xenonkungen.com\/#website\"},\"primaryImageOfPage\":{\"@id\":\"https:\/\/xenonkungen.com\/nl\/product\/lamphallare-hyundai-i40\/#primaryimage\"},\"image\":{\"@id\":\"https:\/\/xenonkungen.com\/nl\/product\/lamphallare-hyundai-i40\/#primaryimage\"},\"thumbnailUrl\":\"https:\/\/xenonkungen.com\/wp-content\/uploads\/2025\/04\/10004291-origpic-f15088.jpg\",\"datePublished\":\"2025-04-15T08:39:00+00:00\",\"dateModified\":\"2026-04-10T16:42:13+00:00\",\"breadcrumb\":{\"@id\":\"https:\/\/xenonkungen.com\/nl\/product\/lamphallare-hyundai-i40\/#breadcrumb\"},\"inLanguage\":\"nb-NO\",\"potentialAction\":[{\"@type\":\"ReadAction\",\"target\":[\"https:\/\/xenonkungen.com\/nl\/product\/lamphallare-hyundai-i40\/\"]}]},{\"@type\":\"ImageObject\",\"inLanguage\":\"nb-NO\",\"@id\":\"https:\/\/xenonkungen.com\/nl\/product\/lamphallare-hyundai-i40\/#primaryimage\",\"url\":\"https:\/\/xenonkungen.com\/wp-content\/uploads\/2025\/04\/10004291-origpic-f15088.jpg\",\"contentUrl\":\"https:\/\/xenonkungen.com\/wp-content\/uploads\/2025\/04\/10004291-origpic-f15088.jpg\",\"width\":500,\"height\":500},{\"@type\":\"BreadcrumbList\",\"@id\":\"https:\/\/xenonkungen.com\/nl\/product\/lamphallare-hyundai-i40\/#breadcrumb\",\"itemListElement\":[{\"@type\":\"ListItem\",\"position\":1,\"name\":\"Hem\",\"item\":\"https:\/\/xenonkungen.com\/\"},{\"@type\":\"ListItem\",\"position\":2,\"name\":\"Shop\",\"item\":\"https:\/\/xenonkungen.com\/shop\/\"},{\"@type\":\"ListItem\",\"position\":3,\"name\":\"Lamph\u00e5llare Hyundai i40\"}]},{\"@type\":\"WebSite\",\"@id\":\"https:\/\/xenonkungen.com\/#website\",\"url\":\"https:\/\/xenonkungen.com\/\",\"name\":\"Xenonkungen\",\"description\":\"\",\"potentialAction\":[{\"@type\":\"SearchAction\",\"target\":{\"@type\":\"EntryPoint\",\"urlTemplate\":\"https:\/\/xenonkungen.com\/?s={search_term_string}\"},\"query-input\":{\"@type\":\"PropertyValueSpecification\",\"valueRequired\":true,\"valueName\":\"search_term_string\"}}],\"inLanguage\":\"nb-NO\"}]}<\/script>\n<!-- \/ Yoast SEO plugin. -->","yoast_head_json":{"title":"Lampeholder Hyundai i40 - Xenonkungen","robots":{"index":"index","follow":"follow","max-snippet":"max-snippet:-1","max-image-preview":"max-image-preview:large","max-video-preview":"max-video-preview:-1"},"canonical":"https:\/\/xenonkungen.com\/no\/produkt\/lampeholder-hyundai-i40\/","og_locale":"nb_NO","og_type":"article","og_title":"Lamph\u00e5llare Hyundai i40 - Xenonkungen","og_description":"Ers\u00e4tter befintliga lamph\u00e5llare f\u00f6r halogen H7 i Hyundai i30 och i40 \u00e5rsmodell 2011-2013 vid xenonkonvertering av helljus. Obs! Modell\u00e5r 2013- inf\u00f6rdes lampsockel HB4\/9006 i helljusen.&#8211; Se artnr 125517 Canbus xenonkit 50W &gt; 9006 4300K. V\u00e4lj xenon ljusf\u00e4rg 4300K s\u00e5 \u00f6verensst\u00e4mmer det b\u00e4st med bilens egna xenonljus. Denna lamph\u00e5llare kan i f\u00f6rekommande fall \u00e4ven passa andra [&hellip;]","og_url":"https:\/\/xenonkungen.com\/no\/produkt\/lampeholder-hyundai-i40\/","og_site_name":"Xenonkungen","article_modified_time":"2026-04-10T16:42:13+00:00","og_image":[{"width":500,"height":500,"url":"https:\/\/xenonkungen.com\/wp-content\/uploads\/2025\/04\/10004291-origpic-f15088.jpg","type":"image\/jpeg"}],"twitter_card":"summary_large_image","schema":{"@context":"https:\/\/schema.org","@graph":[{"@type":"WebPage","@id":"https:\/\/xenonkungen.com\/nl\/product\/lamphallare-hyundai-i40\/","url":"https:\/\/xenonkungen.com\/nl\/product\/lamphallare-hyundai-i40\/","name":"Lampeholder Hyundai i40 - Xenonkungen","isPartOf":{"@id":"https:\/\/xenonkungen.com\/#website"},"primaryImageOfPage":{"@id":"https:\/\/xenonkungen.com\/nl\/product\/lamphallare-hyundai-i40\/#primaryimage"},"image":{"@id":"https:\/\/xenonkungen.com\/nl\/product\/lamphallare-hyundai-i40\/#primaryimage"},"thumbnailUrl":"https:\/\/xenonkungen.com\/wp-content\/uploads\/2025\/04\/10004291-origpic-f15088.jpg","datePublished":"2025-04-15T08:39:00+00:00","dateModified":"2026-04-10T16:42:13+00:00","breadcrumb":{"@id":"https:\/\/xenonkungen.com\/nl\/product\/lamphallare-hyundai-i40\/#breadcrumb"},"inLanguage":"nb-NO","potentialAction":[{"@type":"ReadAction","target":["https:\/\/xenonkungen.com\/nl\/product\/lamphallare-hyundai-i40\/"]}]},{"@type":"ImageObject","inLanguage":"nb-NO","@id":"https:\/\/xenonkungen.com\/nl\/product\/lamphallare-hyundai-i40\/#primaryimage","url":"https:\/\/xenonkungen.com\/wp-content\/uploads\/2025\/04\/10004291-origpic-f15088.jpg","contentUrl":"https:\/\/xenonkungen.com\/wp-content\/uploads\/2025\/04\/10004291-origpic-f15088.jpg","width":500,"height":500},{"@type":"BreadcrumbList","@id":"https:\/\/xenonkungen.com\/nl\/product\/lamphallare-hyundai-i40\/#breadcrumb","itemListElement":[{"@type":"ListItem","position":1,"name":"Hem","item":"https:\/\/xenonkungen.com\/"},{"@type":"ListItem","position":2,"name":"Shop","item":"https:\/\/xenonkungen.com\/shop\/"},{"@type":"ListItem","position":3,"name":"Lamph\u00e5llare Hyundai i40"}]},{"@type":"WebSite","@id":"https:\/\/xenonkungen.com\/#website","url":"https:\/\/xenonkungen.com\/","name":"Xenonkungen","description":"","potentialAction":[{"@type":"SearchAction","target":{"@type":"EntryPoint","urlTemplate":"https:\/\/xenonkungen.com\/?s={search_term_string}"},"query-input":{"@type":"PropertyValueSpecification","valueRequired":true,"valueName":"search_term_string"}}],"inLanguage":"nb-NO"}]}},"taxonomy_info":{"product_cat":[{"value":2494,"label":"Lamph\u00e5llare"},{"value":2485,"label":"XENONKONVENTERING"}],"pa_lampsockel-kontakt":[{"value":206,"label":"H7"}]},"featured_image_src_large":["https:\/\/xenonkungen.com\/wp-content\/uploads\/2025\/04\/10004291-origpic-f15088.jpg",500,500,false],"author_info":[],"comment_info":0,"_links":{"self":[{"href":"https:\/\/xenonkungen.com\/no\/wp-json\/wp\/v2\/product\/2525","targetHints":{"allow":["GET"]}}],"collection":[{"href":"https:\/\/xenonkungen.com\/no\/wp-json\/wp\/v2\/product"}],"about":[{"href":"https:\/\/xenonkungen.com\/no\/wp-json\/wp\/v2\/types\/product"}],"replies":[{"embeddable":true,"href":"https:\/\/xenonkungen.com\/no\/wp-json\/wp\/v2\/comments?post=2525"}],"wp:featuredmedia":[{"embeddable":true,"href":"https:\/\/xenonkungen.com\/no\/wp-json\/wp\/v2\/media\/2526"}],"wp:attachment":[{"href":"https:\/\/xenonkungen.com\/no\/wp-json\/wp\/v2\/media?parent=2525"}],"wp:term":[{"taxonomy":"anvandningsomrade","embeddable":true,"href":"https:\/\/xenonkungen.com\/no\/wp-json\/wp\/v2\/anvandningsomrade?post=2525"},{"taxonomy":"bilmarken","embeddable":true,"href":"https:\/\/xenonkungen.com\/no\/wp-json\/wp\/v2\/bilmarken?post=2525"},{"taxonomy":"product_brand","embeddable":true,"href":"https:\/\/xenonkungen.com\/no\/wp-json\/wp\/v2\/product_brand?post=2525"},{"taxonomy":"product_cat","embeddable":true,"href":"https:\/\/xenonkungen.com\/no\/wp-json\/wp\/v2\/product_cat?post=2525"},{"taxonomy":"product_tag","embeddable":true,"href":"https:\/\/xenonkungen.com\/no\/wp-json\/wp\/v2\/product_tag?post=2525"}],"curies":[{"name":"wp","href":"https:\/\/api.w.org\/{rel}","templated":true}]}}