{"id":2548,"date":"2025-04-15T08:39:08","date_gmt":"2025-04-15T08:39:08","guid":{"rendered":"https:\/\/xenonkungen.com\/product\/lamphallare-honda\/"},"modified":"2026-05-08T13:26:09","modified_gmt":"2026-05-08T12:26:09","slug":"lampeholder-honda","status":"publish","type":"product","link":"https:\/\/xenonkungen.com\/no\/produkt\/lampeholder-honda\/","title":{"rendered":"Lampeholder Honda"},"content":{"rendered":"<p>Lengre versjon av artikkel 103158. Denne lampeholderen er relativt ny for oss, og det er ikke bekreftet at den er kompatibel med biler p\u00e5 det europeiske markedet?<\/p>\n<p>Ta ut den eksisterende lampeholderen i bilen din og sammenlign den med den som er avbildet her.<\/p>\n<p>Hvis likheten er rimelig konsistent, vennligst bestill, installer og gi oss beskjed p\u00e5 tlf. 0300-30860 slik at usikkerheten kan fjernes for nye kunder.<\/p>\n<p>De fleste lampeholdere kan passe til helt andre merker\/modeller enn det som er angitt. Vi tar dette til etter hvert som vi f\u00e5r mer kunnskap om dette.<\/p>\n<p>Passer til f\u00f8lgende biler:<br \/>Honda Accord (CL9) 2003-2008<br \/>Honda CR-V<br \/>Honda Odyssey -2004<br \/>&#8211;<\/p>\n<p>Merk! Lampeholderne er ikke kompatible med Focus Eye xenonlamper, da disse er bredere i bunnen.<\/p>\n<p>Levering per par.<\/p>","protected":false},"excerpt":{"rendered":"<p>L\u00e4ngre version av artikel 103158. Denna lamph\u00e5llare \u00e4r relativt ny f\u00f6r oss och den \u00e4r inte bekr\u00e4ftat kompatibel med bilar p\u00e5 den europeiska marknaden? Tag ut den befintliga lamph\u00e5llaren i din bil och j\u00e4mf\u00f6r med den som avbildas h\u00e4r. Om likheten \u00e4r n\u00e5gorlunda \u00f6verensst\u00e4mmande s\u00e5 best\u00e4ll, montera och meddela g\u00e4rna oss p\u00e5 tel. 0300-30860 s\u00e5 [&hellip;]<\/p>","protected":false},"featured_media":2549,"comment_status":"closed","ping_status":"open","template":"","meta":{"_acf_changed":false,"_smort_price_nok":"53","_smort_price_dkk":"34","_smort_price_eur":"4.55","_smort_sale_price_nok":"","_smort_sale_price_dkk":"","_smort_sale_price_eur":"","smort_restorder":"","shipmondo_restorder":"","_kad_blocks_custom_css":"","_kad_blocks_head_custom_js":"","_kad_blocks_body_custom_js":"","_kad_blocks_footer_custom_js":"","smort_custom_pricelist_1":"32","smort_custom_pricelist_2":"28","smort_custom_pricelist_3":"26.6","smort_custom_pricelist_4":"40","smort_custom_pricelist_5":"28"},"anvandningsomrade":[],"bilmarken":[],"product_brand":[],"product_cat":[2494,2485],"product_tag":[],"class_list":{"0":"post-2548","1":"product","2":"type-product","3":"status-publish","4":"has-post-thumbnail","6":"product_cat-lamphallare-xenonkonventering","7":"product_cat-xenonkonventering","9":"first","10":"instock","11":"taxable","12":"shipping-taxable","13":"purchasable","14":"product-type-simple"},"bundled_by":[],"bundle_stock_status":"instock","bundle_stock_quantity":7,"bundle_virtual":false,"bundle_layout":"","bundle_add_to_cart_form_location":"","bundle_editable_in_cart":false,"bundle_sold_individually_context":"","bundle_item_grouping":"","bundle_min_size":"","bundle_max_size":"","bundle_price":[],"bundled_items":[],"bundle_sell_ids":[],"acf":[],"yoast_head":"<!-- This site is optimized with the Yoast SEO plugin v27.0 - https:\/\/yoast.com\/product\/yoast-seo-wordpress\/ -->\n<title>Lamph\u00e5llare Honda - Xenonkungen<\/title>\n<meta name=\"robots\" content=\"index, follow, max-snippet:-1, max-image-preview:large, max-video-preview:-1\" \/>\n<link rel=\"canonical\" href=\"https:\/\/xenonkungen.com\/no\/produkt\/lampeholder-honda\/\" \/>\n<meta property=\"og:locale\" content=\"nb_NO\" \/>\n<meta property=\"og:type\" content=\"article\" \/>\n<meta property=\"og:title\" content=\"Lamph\u00e5llare Honda - Xenonkungen\" \/>\n<meta property=\"og:description\" content=\"L\u00e4ngre version av artikel 103158. Denna lamph\u00e5llare \u00e4r relativt ny f\u00f6r oss och den \u00e4r inte bekr\u00e4ftat kompatibel med bilar p\u00e5 den europeiska marknaden? Tag ut den befintliga lamph\u00e5llaren i din bil och j\u00e4mf\u00f6r med den som avbildas h\u00e4r. Om likheten \u00e4r n\u00e5gorlunda \u00f6verensst\u00e4mmande s\u00e5 best\u00e4ll, montera och meddela g\u00e4rna oss p\u00e5 tel. 0300-30860 s\u00e5 [&hellip;]\" \/>\n<meta property=\"og:url\" content=\"https:\/\/xenonkungen.com\/no\/produkt\/lampeholder-honda\/\" \/>\n<meta property=\"og:site_name\" content=\"Xenonkungen\" \/>\n<meta property=\"article:modified_time\" content=\"2026-05-08T12:26:09+00:00\" \/>\n<meta property=\"og:image\" content=\"https:\/\/xenonkungen.com\/wp-content\/uploads\/2025\/04\/6161076-origpic-29c3dc.jpg\" \/>\n\t<meta property=\"og:image:width\" content=\"500\" \/>\n\t<meta property=\"og:image:height\" content=\"500\" \/>\n\t<meta property=\"og:image:type\" content=\"image\/jpeg\" \/>\n<meta name=\"twitter:card\" content=\"summary_large_image\" \/>\n<meta name=\"twitter:label1\" content=\"Ansl. lesetid\" \/>\n\t<meta name=\"twitter:data1\" content=\"1 minutt\" \/>\n<script type=\"application\/ld+json\" class=\"yoast-schema-graph\">{\"@context\":\"https:\/\/schema.org\",\"@graph\":[{\"@type\":\"WebPage\",\"@id\":\"https:\/\/xenonkungen.com\/es\/producto\/portalamparas-honda\/\",\"url\":\"https:\/\/xenonkungen.com\/es\/producto\/portalamparas-honda\/\",\"name\":\"Lamph\u00e5llare Honda - Xenonkungen\",\"isPartOf\":{\"@id\":\"https:\/\/xenonkungen.com\/#website\"},\"primaryImageOfPage\":{\"@id\":\"https:\/\/xenonkungen.com\/es\/producto\/portalamparas-honda\/#primaryimage\"},\"image\":{\"@id\":\"https:\/\/xenonkungen.com\/es\/producto\/portalamparas-honda\/#primaryimage\"},\"thumbnailUrl\":\"https:\/\/xenonkungen.com\/wp-content\/uploads\/2025\/04\/6161076-origpic-29c3dc.jpg\",\"datePublished\":\"2025-04-15T08:39:08+00:00\",\"dateModified\":\"2026-05-08T12:26:09+00:00\",\"breadcrumb\":{\"@id\":\"https:\/\/xenonkungen.com\/es\/producto\/portalamparas-honda\/#breadcrumb\"},\"inLanguage\":\"nb-NO\",\"potentialAction\":[{\"@type\":\"ReadAction\",\"target\":[\"https:\/\/xenonkungen.com\/es\/producto\/portalamparas-honda\/\"]}]},{\"@type\":\"ImageObject\",\"inLanguage\":\"nb-NO\",\"@id\":\"https:\/\/xenonkungen.com\/es\/producto\/portalamparas-honda\/#primaryimage\",\"url\":\"https:\/\/xenonkungen.com\/wp-content\/uploads\/2025\/04\/6161076-origpic-29c3dc.jpg\",\"contentUrl\":\"https:\/\/xenonkungen.com\/wp-content\/uploads\/2025\/04\/6161076-origpic-29c3dc.jpg\",\"width\":500,\"height\":500},{\"@type\":\"BreadcrumbList\",\"@id\":\"https:\/\/xenonkungen.com\/es\/producto\/portalamparas-honda\/#breadcrumb\",\"itemListElement\":[{\"@type\":\"ListItem\",\"position\":1,\"name\":\"Hem\",\"item\":\"https:\/\/xenonkungen.com\/\"},{\"@type\":\"ListItem\",\"position\":2,\"name\":\"Shop\",\"item\":\"https:\/\/xenonkungen.com\/shop\/\"},{\"@type\":\"ListItem\",\"position\":3,\"name\":\"Lamph\u00e5llare Honda\"}]},{\"@type\":\"WebSite\",\"@id\":\"https:\/\/xenonkungen.com\/#website\",\"url\":\"https:\/\/xenonkungen.com\/\",\"name\":\"Xenonkungen\",\"description\":\"\",\"potentialAction\":[{\"@type\":\"SearchAction\",\"target\":{\"@type\":\"EntryPoint\",\"urlTemplate\":\"https:\/\/xenonkungen.com\/?s={search_term_string}\"},\"query-input\":{\"@type\":\"PropertyValueSpecification\",\"valueRequired\":true,\"valueName\":\"search_term_string\"}}],\"inLanguage\":\"nb-NO\"}]}<\/script>\n<!-- \/ Yoast SEO plugin. -->","yoast_head_json":{"title":"Lampeholder Honda - Xenon King","robots":{"index":"index","follow":"follow","max-snippet":"max-snippet:-1","max-image-preview":"max-image-preview:large","max-video-preview":"max-video-preview:-1"},"canonical":"https:\/\/xenonkungen.com\/no\/produkt\/lampeholder-honda\/","og_locale":"nb_NO","og_type":"article","og_title":"Lamph\u00e5llare Honda - Xenonkungen","og_description":"L\u00e4ngre version av artikel 103158. Denna lamph\u00e5llare \u00e4r relativt ny f\u00f6r oss och den \u00e4r inte bekr\u00e4ftat kompatibel med bilar p\u00e5 den europeiska marknaden? Tag ut den befintliga lamph\u00e5llaren i din bil och j\u00e4mf\u00f6r med den som avbildas h\u00e4r. Om likheten \u00e4r n\u00e5gorlunda \u00f6verensst\u00e4mmande s\u00e5 best\u00e4ll, montera och meddela g\u00e4rna oss p\u00e5 tel. 0300-30860 s\u00e5 [&hellip;]","og_url":"https:\/\/xenonkungen.com\/no\/produkt\/lampeholder-honda\/","og_site_name":"Xenonkungen","article_modified_time":"2026-05-08T12:26:09+00:00","og_image":[{"width":500,"height":500,"url":"https:\/\/xenonkungen.com\/wp-content\/uploads\/2025\/04\/6161076-origpic-29c3dc.jpg","type":"image\/jpeg"}],"twitter_card":"summary_large_image","twitter_misc":{"Ansl. lesetid":"1 minutt"},"schema":{"@context":"https:\/\/schema.org","@graph":[{"@type":"WebPage","@id":"https:\/\/xenonkungen.com\/es\/producto\/portalamparas-honda\/","url":"https:\/\/xenonkungen.com\/es\/producto\/portalamparas-honda\/","name":"Lampeholder Honda - Xenon King","isPartOf":{"@id":"https:\/\/xenonkungen.com\/#website"},"primaryImageOfPage":{"@id":"https:\/\/xenonkungen.com\/es\/producto\/portalamparas-honda\/#primaryimage"},"image":{"@id":"https:\/\/xenonkungen.com\/es\/producto\/portalamparas-honda\/#primaryimage"},"thumbnailUrl":"https:\/\/xenonkungen.com\/wp-content\/uploads\/2025\/04\/6161076-origpic-29c3dc.jpg","datePublished":"2025-04-15T08:39:08+00:00","dateModified":"2026-05-08T12:26:09+00:00","breadcrumb":{"@id":"https:\/\/xenonkungen.com\/es\/producto\/portalamparas-honda\/#breadcrumb"},"inLanguage":"nb-NO","potentialAction":[{"@type":"ReadAction","target":["https:\/\/xenonkungen.com\/es\/producto\/portalamparas-honda\/"]}]},{"@type":"ImageObject","inLanguage":"nb-NO","@id":"https:\/\/xenonkungen.com\/es\/producto\/portalamparas-honda\/#primaryimage","url":"https:\/\/xenonkungen.com\/wp-content\/uploads\/2025\/04\/6161076-origpic-29c3dc.jpg","contentUrl":"https:\/\/xenonkungen.com\/wp-content\/uploads\/2025\/04\/6161076-origpic-29c3dc.jpg","width":500,"height":500},{"@type":"BreadcrumbList","@id":"https:\/\/xenonkungen.com\/es\/producto\/portalamparas-honda\/#breadcrumb","itemListElement":[{"@type":"ListItem","position":1,"name":"Hem","item":"https:\/\/xenonkungen.com\/"},{"@type":"ListItem","position":2,"name":"Shop","item":"https:\/\/xenonkungen.com\/shop\/"},{"@type":"ListItem","position":3,"name":"Lamph\u00e5llare Honda"}]},{"@type":"WebSite","@id":"https:\/\/xenonkungen.com\/#website","url":"https:\/\/xenonkungen.com\/","name":"Xenonkungen","description":"","potentialAction":[{"@type":"SearchAction","target":{"@type":"EntryPoint","urlTemplate":"https:\/\/xenonkungen.com\/?s={search_term_string}"},"query-input":{"@type":"PropertyValueSpecification","valueRequired":true,"valueName":"search_term_string"}}],"inLanguage":"nb-NO"}]}},"taxonomy_info":{"product_cat":[{"value":2494,"label":"Lamph\u00e5llare"},{"value":2485,"label":"Xenonkonvertering"}]},"featured_image_src_large":["https:\/\/xenonkungen.com\/wp-content\/uploads\/2025\/04\/6161076-origpic-29c3dc.jpg",500,500,false],"author_info":[],"comment_info":0,"_links":{"self":[{"href":"https:\/\/xenonkungen.com\/no\/wp-json\/wp\/v2\/product\/2548","targetHints":{"allow":["GET"]}}],"collection":[{"href":"https:\/\/xenonkungen.com\/no\/wp-json\/wp\/v2\/product"}],"about":[{"href":"https:\/\/xenonkungen.com\/no\/wp-json\/wp\/v2\/types\/product"}],"replies":[{"embeddable":true,"href":"https:\/\/xenonkungen.com\/no\/wp-json\/wp\/v2\/comments?post=2548"}],"wp:featuredmedia":[{"embeddable":true,"href":"https:\/\/xenonkungen.com\/no\/wp-json\/wp\/v2\/media\/2549"}],"wp:attachment":[{"href":"https:\/\/xenonkungen.com\/no\/wp-json\/wp\/v2\/media?parent=2548"}],"wp:term":[{"taxonomy":"anvandningsomrade","embeddable":true,"href":"https:\/\/xenonkungen.com\/no\/wp-json\/wp\/v2\/anvandningsomrade?post=2548"},{"taxonomy":"bilmarken","embeddable":true,"href":"https:\/\/xenonkungen.com\/no\/wp-json\/wp\/v2\/bilmarken?post=2548"},{"taxonomy":"product_brand","embeddable":true,"href":"https:\/\/xenonkungen.com\/no\/wp-json\/wp\/v2\/product_brand?post=2548"},{"taxonomy":"product_cat","embeddable":true,"href":"https:\/\/xenonkungen.com\/no\/wp-json\/wp\/v2\/product_cat?post=2548"},{"taxonomy":"product_tag","embeddable":true,"href":"https:\/\/xenonkungen.com\/no\/wp-json\/wp\/v2\/product_tag?post=2548"}],"curies":[{"name":"wp","href":"https:\/\/api.w.org\/{rel}","templated":true}]}}