{"id":2562,"date":"2025-04-15T08:39:12","date_gmt":"2025-04-15T08:39:12","guid":{"rendered":"https:\/\/xenonkungen.com\/product\/lamphallare-mondeo-h1-2\/"},"modified":"2026-03-04T16:38:03","modified_gmt":"2026-03-04T15:38:03","slug":"lampeholder-mondeo-h1-2","status":"publish","type":"product","link":"https:\/\/xenonkungen.com\/no\/produkt\/lampeholder-mondeo-h1-2\/","title":{"rendered":"Lampeholder Mondeo H1"},"content":{"rendered":"<p>Denne lampeholderen er relativt ny for oss, og det er ikke bekreftet at den er kompatibel med biler p\u00e5 det europeiske markedet?<\/p>\n<p>Ta ut den eksisterende lampeholderen i bilen din og sammenlign den med den som er avbildet her.<\/p>\n<p>Hvis likheten er rimelig konsistent, vennligst bestill, installer og gi oss beskjed p\u00e5 tlf. 0300-30860 slik at usikkerheten kan fjernes for nye kunder.<\/p>\n<p>De fleste lampeholdere kan passe til helt andre merker\/modeller enn det som er angitt. Vi tar dette til etter hvert som vi f\u00e5r mer kunnskap om dette.<\/p>\n<p>Passer til f\u00f8lgende biler:<br \/>&#8211;<br \/>&#8211;<\/p>\n<p>Merk! Lampeholderne er ikke kompatible med Focus Eye xenonlamper, da disse er bredere i bunnen.<\/p>\n<p>Levering per par.<\/p>","protected":false},"excerpt":{"rendered":"<p>Denna lamph\u00e5llare \u00e4r relativt ny f\u00f6r oss och den \u00e4r inte bekr\u00e4ftat kompatibel med bilar p\u00e5 den europeiska marknaden? Tag ut den befintliga lamph\u00e5llaren i din bil och j\u00e4mf\u00f6r med den som avbildas h\u00e4r. Om likheten \u00e4r n\u00e5gorlunda \u00f6verensst\u00e4mmande s\u00e5 best\u00e4ll, montera och meddela g\u00e4rna oss p\u00e5 tel. 0300-30860 s\u00e5 att os\u00e4kerheten kan skingras f\u00f6r [&hellip;]<\/p>","protected":false},"featured_media":2563,"comment_status":"closed","ping_status":"open","template":"","meta":{"_acf_changed":false,"_smort_price_nok":"123","_smort_price_dkk":"78","_smort_price_eur":"10.45","_smort_sale_price_nok":"","_smort_sale_price_dkk":"","_smort_sale_price_eur":"","smort_restorder":"","shipmondo_restorder":"","_kad_blocks_custom_css":"","_kad_blocks_head_custom_js":"","_kad_blocks_body_custom_js":"","_kad_blocks_footer_custom_js":"","smort_custom_pricelist_1":"73.6","smort_custom_pricelist_2":"64.4","smort_custom_pricelist_3":"61.18","smort_custom_pricelist_4":"92","smort_custom_pricelist_5":"64.4"},"anvandningsomrade":[165,236,237,207,166,234,167,238,235],"bilmarken":[564],"product_brand":[],"product_cat":[411],"product_tag":[],"class_list":{"0":"post-2562","1":"product","2":"type-product","3":"status-publish","4":"has-post-thumbnail","6":"anvandningsomrade-atv","7":"anvandningsomrade-entreprenad","8":"anvandningsomrade-fritid","9":"anvandningsomrade-husbil","10":"anvandningsomrade-lastbil","11":"anvandningsomrade-mc","12":"anvandningsomrade-personbil","13":"anvandningsomrade-slap","14":"anvandningsomrade-snoskoter","15":"bilmarken-ford-mondeo","16":"product_cat-lamphallare","17":"pa_lampsockel-kontakt-h1","19":"first","20":"instock","21":"taxable","22":"shipping-taxable","23":"purchasable","24":"product-type-simple"},"bundled_by":[],"bundle_stock_status":"instock","bundle_stock_quantity":6,"bundle_virtual":false,"bundle_layout":"","bundle_add_to_cart_form_location":"","bundle_editable_in_cart":false,"bundle_sold_individually_context":"","bundle_item_grouping":"","bundle_min_size":"","bundle_max_size":"","bundle_price":[],"bundled_items":[],"bundle_sell_ids":[],"acf":[],"yoast_head":"<!-- This site is optimized with the Yoast SEO plugin v27.0 - https:\/\/yoast.com\/product\/yoast-seo-wordpress\/ -->\n<title>Lamph\u00e5llare Mondeo H1 - Xenonkungen<\/title>\n<meta name=\"robots\" content=\"index, follow, max-snippet:-1, max-image-preview:large, max-video-preview:-1\" \/>\n<link rel=\"canonical\" href=\"https:\/\/xenonkungen.com\/no\/produkt\/lampeholder-mondeo-h1-2\/\" \/>\n<meta property=\"og:locale\" content=\"nb_NO\" \/>\n<meta property=\"og:type\" content=\"article\" \/>\n<meta property=\"og:title\" content=\"Lamph\u00e5llare Mondeo H1 - Xenonkungen\" \/>\n<meta property=\"og:description\" content=\"Denna lamph\u00e5llare \u00e4r relativt ny f\u00f6r oss och den \u00e4r inte bekr\u00e4ftat kompatibel med bilar p\u00e5 den europeiska marknaden? Tag ut den befintliga lamph\u00e5llaren i din bil och j\u00e4mf\u00f6r med den som avbildas h\u00e4r. Om likheten \u00e4r n\u00e5gorlunda \u00f6verensst\u00e4mmande s\u00e5 best\u00e4ll, montera och meddela g\u00e4rna oss p\u00e5 tel. 0300-30860 s\u00e5 att os\u00e4kerheten kan skingras f\u00f6r [&hellip;]\" \/>\n<meta property=\"og:url\" content=\"https:\/\/xenonkungen.com\/no\/produkt\/lampeholder-mondeo-h1-2\/\" \/>\n<meta property=\"og:site_name\" content=\"Xenonkungen\" \/>\n<meta property=\"article:modified_time\" content=\"2026-03-04T15:38:03+00:00\" \/>\n<meta property=\"og:image\" content=\"https:\/\/xenonkungen.com\/wp-content\/uploads\/2025\/04\/6773238-origpic-803d29.jpg\" \/>\n\t<meta property=\"og:image:width\" content=\"500\" \/>\n\t<meta property=\"og:image:height\" content=\"500\" \/>\n\t<meta property=\"og:image:type\" content=\"image\/jpeg\" \/>\n<meta name=\"twitter:card\" content=\"summary_large_image\" \/>\n<meta name=\"twitter:label1\" content=\"Ansl. lesetid\" \/>\n\t<meta name=\"twitter:data1\" content=\"1 minutt\" \/>\n<script type=\"application\/ld+json\" class=\"yoast-schema-graph\">{\"@context\":\"https:\/\/schema.org\",\"@graph\":[{\"@type\":\"WebPage\",\"@id\":\"https:\/\/xenonkungen.com\/produkt\/lamphallare-mondeo-h1-2\/\",\"url\":\"https:\/\/xenonkungen.com\/produkt\/lamphallare-mondeo-h1-2\/\",\"name\":\"Lamph\u00e5llare Mondeo H1 - Xenonkungen\",\"isPartOf\":{\"@id\":\"https:\/\/xenonkungen.com\/#website\"},\"primaryImageOfPage\":{\"@id\":\"https:\/\/xenonkungen.com\/produkt\/lamphallare-mondeo-h1-2\/#primaryimage\"},\"image\":{\"@id\":\"https:\/\/xenonkungen.com\/produkt\/lamphallare-mondeo-h1-2\/#primaryimage\"},\"thumbnailUrl\":\"https:\/\/xenonkungen.com\/wp-content\/uploads\/2025\/04\/6773238-origpic-803d29.jpg\",\"datePublished\":\"2025-04-15T08:39:12+00:00\",\"dateModified\":\"2026-03-04T15:38:03+00:00\",\"breadcrumb\":{\"@id\":\"https:\/\/xenonkungen.com\/produkt\/lamphallare-mondeo-h1-2\/#breadcrumb\"},\"inLanguage\":\"nb-NO\",\"potentialAction\":[{\"@type\":\"ReadAction\",\"target\":[\"https:\/\/xenonkungen.com\/produkt\/lamphallare-mondeo-h1-2\/\"]}]},{\"@type\":\"ImageObject\",\"inLanguage\":\"nb-NO\",\"@id\":\"https:\/\/xenonkungen.com\/produkt\/lamphallare-mondeo-h1-2\/#primaryimage\",\"url\":\"https:\/\/xenonkungen.com\/wp-content\/uploads\/2025\/04\/6773238-origpic-803d29.jpg\",\"contentUrl\":\"https:\/\/xenonkungen.com\/wp-content\/uploads\/2025\/04\/6773238-origpic-803d29.jpg\",\"width\":500,\"height\":500},{\"@type\":\"BreadcrumbList\",\"@id\":\"https:\/\/xenonkungen.com\/produkt\/lamphallare-mondeo-h1-2\/#breadcrumb\",\"itemListElement\":[{\"@type\":\"ListItem\",\"position\":1,\"name\":\"Hem\",\"item\":\"https:\/\/xenonkungen.com\/\"},{\"@type\":\"ListItem\",\"position\":2,\"name\":\"Shop\",\"item\":\"https:\/\/xenonkungen.com\/shop\/\"},{\"@type\":\"ListItem\",\"position\":3,\"name\":\"Lamph\u00e5llare Mondeo H1\"}]},{\"@type\":\"WebSite\",\"@id\":\"https:\/\/xenonkungen.com\/#website\",\"url\":\"https:\/\/xenonkungen.com\/\",\"name\":\"Xenonkungen\",\"description\":\"\",\"potentialAction\":[{\"@type\":\"SearchAction\",\"target\":{\"@type\":\"EntryPoint\",\"urlTemplate\":\"https:\/\/xenonkungen.com\/?s={search_term_string}\"},\"query-input\":{\"@type\":\"PropertyValueSpecification\",\"valueRequired\":true,\"valueName\":\"search_term_string\"}}],\"inLanguage\":\"nb-NO\"}]}<\/script>\n<!-- \/ Yoast SEO plugin. -->","yoast_head_json":{"title":"Lampeholder Mondeo H1 - Xenonkungen","robots":{"index":"index","follow":"follow","max-snippet":"max-snippet:-1","max-image-preview":"max-image-preview:large","max-video-preview":"max-video-preview:-1"},"canonical":"https:\/\/xenonkungen.com\/no\/produkt\/lampeholder-mondeo-h1-2\/","og_locale":"nb_NO","og_type":"article","og_title":"Lamph\u00e5llare Mondeo H1 - Xenonkungen","og_description":"Denna lamph\u00e5llare \u00e4r relativt ny f\u00f6r oss och den \u00e4r inte bekr\u00e4ftat kompatibel med bilar p\u00e5 den europeiska marknaden? Tag ut den befintliga lamph\u00e5llaren i din bil och j\u00e4mf\u00f6r med den som avbildas h\u00e4r. Om likheten \u00e4r n\u00e5gorlunda \u00f6verensst\u00e4mmande s\u00e5 best\u00e4ll, montera och meddela g\u00e4rna oss p\u00e5 tel. 0300-30860 s\u00e5 att os\u00e4kerheten kan skingras f\u00f6r [&hellip;]","og_url":"https:\/\/xenonkungen.com\/no\/produkt\/lampeholder-mondeo-h1-2\/","og_site_name":"Xenonkungen","article_modified_time":"2026-03-04T15:38:03+00:00","og_image":[{"width":500,"height":500,"url":"https:\/\/xenonkungen.com\/wp-content\/uploads\/2025\/04\/6773238-origpic-803d29.jpg","type":"image\/jpeg"}],"twitter_card":"summary_large_image","twitter_misc":{"Ansl. lesetid":"1 minutt"},"schema":{"@context":"https:\/\/schema.org","@graph":[{"@type":"WebPage","@id":"https:\/\/xenonkungen.com\/produkt\/lamphallare-mondeo-h1-2\/","url":"https:\/\/xenonkungen.com\/produkt\/lamphallare-mondeo-h1-2\/","name":"Lampeholder Mondeo H1 - Xenonkungen","isPartOf":{"@id":"https:\/\/xenonkungen.com\/#website"},"primaryImageOfPage":{"@id":"https:\/\/xenonkungen.com\/produkt\/lamphallare-mondeo-h1-2\/#primaryimage"},"image":{"@id":"https:\/\/xenonkungen.com\/produkt\/lamphallare-mondeo-h1-2\/#primaryimage"},"thumbnailUrl":"https:\/\/xenonkungen.com\/wp-content\/uploads\/2025\/04\/6773238-origpic-803d29.jpg","datePublished":"2025-04-15T08:39:12+00:00","dateModified":"2026-03-04T15:38:03+00:00","breadcrumb":{"@id":"https:\/\/xenonkungen.com\/produkt\/lamphallare-mondeo-h1-2\/#breadcrumb"},"inLanguage":"nb-NO","potentialAction":[{"@type":"ReadAction","target":["https:\/\/xenonkungen.com\/produkt\/lamphallare-mondeo-h1-2\/"]}]},{"@type":"ImageObject","inLanguage":"nb-NO","@id":"https:\/\/xenonkungen.com\/produkt\/lamphallare-mondeo-h1-2\/#primaryimage","url":"https:\/\/xenonkungen.com\/wp-content\/uploads\/2025\/04\/6773238-origpic-803d29.jpg","contentUrl":"https:\/\/xenonkungen.com\/wp-content\/uploads\/2025\/04\/6773238-origpic-803d29.jpg","width":500,"height":500},{"@type":"BreadcrumbList","@id":"https:\/\/xenonkungen.com\/produkt\/lamphallare-mondeo-h1-2\/#breadcrumb","itemListElement":[{"@type":"ListItem","position":1,"name":"Hem","item":"https:\/\/xenonkungen.com\/"},{"@type":"ListItem","position":2,"name":"Shop","item":"https:\/\/xenonkungen.com\/shop\/"},{"@type":"ListItem","position":3,"name":"Lamph\u00e5llare Mondeo H1"}]},{"@type":"WebSite","@id":"https:\/\/xenonkungen.com\/#website","url":"https:\/\/xenonkungen.com\/","name":"Xenonkungen","description":"","potentialAction":[{"@type":"SearchAction","target":{"@type":"EntryPoint","urlTemplate":"https:\/\/xenonkungen.com\/?s={search_term_string}"},"query-input":{"@type":"PropertyValueSpecification","valueRequired":true,"valueName":"search_term_string"}}],"inLanguage":"nb-NO"}]}},"taxonomy_info":{"anvandningsomrade":[{"value":165,"label":"ATV"},{"value":236,"label":"Entreprenad"},{"value":237,"label":"Fritid"},{"value":207,"label":"Husbil"},{"value":166,"label":"Lastbil"},{"value":234,"label":"MC"},{"value":167,"label":"PERSONBIL"},{"value":238,"label":"SL\u00c4P"},{"value":235,"label":"SN\u00d6SKOTER"}],"bilmarken":[{"value":564,"label":"Ford Mondeo"}],"product_cat":[{"value":411,"label":"Lamph\u00e5llare"}],"pa_lampsockel-kontakt":[{"value":336,"label":"H1"}]},"featured_image_src_large":["https:\/\/xenonkungen.com\/wp-content\/uploads\/2025\/04\/6773238-origpic-803d29.jpg",500,500,false],"author_info":[],"comment_info":0,"_links":{"self":[{"href":"https:\/\/xenonkungen.com\/no\/wp-json\/wp\/v2\/product\/2562","targetHints":{"allow":["GET"]}}],"collection":[{"href":"https:\/\/xenonkungen.com\/no\/wp-json\/wp\/v2\/product"}],"about":[{"href":"https:\/\/xenonkungen.com\/no\/wp-json\/wp\/v2\/types\/product"}],"replies":[{"embeddable":true,"href":"https:\/\/xenonkungen.com\/no\/wp-json\/wp\/v2\/comments?post=2562"}],"wp:featuredmedia":[{"embeddable":true,"href":"https:\/\/xenonkungen.com\/no\/wp-json\/wp\/v2\/media\/2563"}],"wp:attachment":[{"href":"https:\/\/xenonkungen.com\/no\/wp-json\/wp\/v2\/media?parent=2562"}],"wp:term":[{"taxonomy":"anvandningsomrade","embeddable":true,"href":"https:\/\/xenonkungen.com\/no\/wp-json\/wp\/v2\/anvandningsomrade?post=2562"},{"taxonomy":"bilmarken","embeddable":true,"href":"https:\/\/xenonkungen.com\/no\/wp-json\/wp\/v2\/bilmarken?post=2562"},{"taxonomy":"product_brand","embeddable":true,"href":"https:\/\/xenonkungen.com\/no\/wp-json\/wp\/v2\/product_brand?post=2562"},{"taxonomy":"product_cat","embeddable":true,"href":"https:\/\/xenonkungen.com\/no\/wp-json\/wp\/v2\/product_cat?post=2562"},{"taxonomy":"product_tag","embeddable":true,"href":"https:\/\/xenonkungen.com\/no\/wp-json\/wp\/v2\/product_tag?post=2562"}],"curies":[{"name":"wp","href":"https:\/\/api.w.org\/{rel}","templated":true}]}}