{"id":25797,"date":"2026-02-02T15:16:44","date_gmt":"2026-02-02T14:16:44","guid":{"rendered":"https:\/\/xenonkungen.com\/?post_type=product&#038;p=25797"},"modified":"2026-04-29T08:45:40","modified_gmt":"2026-04-29T07:45:40","slug":"w-lys-ekstrem-w9-rad2","status":"publish","type":"product","link":"https:\/\/xenonkungen.com\/no\/produkt\/w-lys-ekstrem-w9-rad2\/","title":{"rendered":"W-Light XTREME W9 RAD2"},"content":{"rendered":"<h2 data-start=\"187\" data-end=\"247\">W-Light XTREME W9 RAD2 \u2013 kompromissl\u00f8s kraft og rekkevidde<\/h2>\n<p data-start=\"249\" data-end=\"550\"><strong data-start=\"249\" data-end=\"305\"><span class=\"hover:entity-accent entity-underline inline cursor-pointer align-baseline\"><span class=\"whitespace-normal\">W-Light<\/span><\/span> XTREME W9 RAD2<\/strong> er designet for sj\u00e5f\u00f8rer som ikke n\u00f8yer seg med \u00abnok\u00bb. Med ekstrem lysstyrke, avansert optikk og et design som signaliserer ytelse, gir dette ekstralyset trygg sikt langt utover forventningene \u2013 selv under de t\u00f8ffeste forhold.<\/p>\n<p data-start=\"552\" data-end=\"805\">Det oppdaterte lysm\u00f8nsteret gir et bredt og komfortabelt lysfelt som lyser opp b\u00e5de veien og veikanten, samtidig som rekkevidden utvides langt foran. Resultatet er bedre oversikt, raskere reaksjonstid og en kj\u00f8reopplevelse med full kontroll i m\u00f8rket.<\/p>\n<h3 data-start=\"807\" data-end=\"826\">Kraft som er merkbar<\/h3>\n<p data-start=\"827\" data-end=\"1102\">Med <strong data-start=\"831\" data-end=\"861\">15 000 lumen per ekstralys<\/strong> og et imponerende utvalg av <strong data-start=\"893\" data-end=\"918\">over 1,5 km ved 1 lux<\/strong>, forvandler W9 RAD2 natten til en arbeidsplass med krystallklar sikt. Den \u00f8yevennlige fargetemperaturen til <strong data-start=\"1027\" data-end=\"1037\">5500K<\/strong> Gir naturlig lys som reduserer tretthet under lange kj\u00f8returer.<\/p>\n<h3 data-start=\"1104\" data-end=\"1126\">Design med holdning<\/h3>\n<p data-start=\"1127\" data-end=\"1363\">Den stilige <strong data-start=\"1140\" data-end=\"1162\">Dark Look-designet<\/strong> gir et eksklusivt og moderne utseende som passer b\u00e5de personbiler og transportkj\u00f8ret\u00f8y. <strong data-start=\"1252\" data-end=\"1279\">tofarget posisjonslys<\/strong> Du kan velge mellom hvitt eller oransje og sette ditt eget preg p\u00e5 fronten av kj\u00f8ret\u00f8yet.<\/p>\n<h3 data-start=\"1365\" data-end=\"1400\">Bygget for nordiske forhold<\/h3>\n<p data-start=\"1401\" data-end=\"1697\">XTREME W9 RAD2 er designet for \u00e5 t\u00e5le t\u00f8ffe milj\u00f8er. Det forsterkede chassiset, den slitesterke overflaten og den forbedrede ventilasjonen sikrer lang levetid og stabil ytelse i regn, kulde og sn\u00f8. Takket v\u00e6re <strong data-start=\"1628\" data-end=\"1654\">integrert DT4-kontakt<\/strong> Installasjonen er rask, sikker og problemfri.<\/p>\n<h3 data-start=\"1699\" data-end=\"1721\">Viktige funksjoner<\/h3>\n<ul data-start=\"1722\" data-end=\"2120\">\n<li data-start=\"1722\" data-end=\"1765\">\n<p data-start=\"1724\" data-end=\"1765\">Opp til <strong data-start=\"1733\" data-end=\"1749\">15 000 lumen<\/strong> per ekstra lys<\/p>\n<\/li>\n<li data-start=\"1766\" data-end=\"1818\">\n<p data-start=\"1768\" data-end=\"1818\">Omfang: <strong data-start=\"1778\" data-end=\"1816\">1509 m @ 1 lux \/ 2889 m @ 0,25 lux<\/strong><\/p>\n<\/li>\n<li data-start=\"1819\" data-end=\"1876\">\n<p data-start=\"1821\" data-end=\"1876\">Optimalisert lysm\u00f8nster for bred og komfortabel belysning<\/p>\n<\/li>\n<li data-start=\"1877\" data-end=\"1939\">\n<p data-start=\"1879\" data-end=\"1939\">Fargetemperatur <strong data-start=\"1894\" data-end=\"1904\">5500K<\/strong> \u2013 naturlig og \u00f8yevennlig lys<\/p>\n<\/li>\n<li data-start=\"1940\" data-end=\"1981\">\n<p data-start=\"1942\" data-end=\"1981\">Posisjonslys i <strong data-start=\"1958\" data-end=\"1979\">hvit eller oransje<\/strong><\/p>\n<\/li>\n<li data-start=\"1982\" data-end=\"2034\">\n<p data-start=\"1984\" data-end=\"2034\">Robust konstruksjon tilpasset nordisk klima<\/p>\n<\/li>\n<li data-start=\"2035\" data-end=\"2082\">\n<p data-start=\"2037\" data-end=\"2082\">Forbedret kj\u00f8ling for lengre LED-levetid<\/p>\n<\/li>\n<li data-start=\"2083\" data-end=\"2120\">\n<p data-start=\"2085\" data-end=\"2120\">Enkel montering med <strong data-start=\"2105\" data-end=\"2120\">DT4-kontakt<\/strong><\/p>\n<\/li>\n<\/ul>\n<p data-start=\"2122\" data-end=\"2217\"><strong data-start=\"2122\" data-end=\"2215\">W-Light XTREME W9 RAD2 \u2013 for de som vil se lenger, kj\u00f8re tryggere og skille seg ut med stil.<\/strong><\/p>","protected":false},"excerpt":{"rendered":"<p><strong data-start=\"110\" data-end=\"166\"><span class=\"hover:entity-accent entity-underline inline cursor-pointer align-baseline\"><span class=\"whitespace-normal\">W-Light<\/span><\/span> XTREME W9 RAD2<\/strong> er et kraftig LED-ekstralys med imponerende rekkevidde og moderne Dark Look-design. Med opptil <strong data-start=\"266\" data-end=\"282\" data-is-only-node=\"\">15 000 lumen<\/strong>, optimalisert belysning og <strong data-start=\"307\" data-end=\"348\">tofarget posisjonslys (hvitt\/oransje)<\/strong> gir utmerket sikt og et eksklusivt utseende. Robust konstruksjon, behagelig for \u00f8ynene <strong data-start=\"430\" data-end=\"445\">5500 K lys<\/strong> og enkel montering med <strong data-start=\"470\" data-end=\"485\">DT4-kontakt<\/strong> gj\u00f8r W9 RAD2 til et opplagt valg for krevende kj\u00f8ring under alle forhold.<\/p>","protected":false},"featured_media":25798,"comment_status":"open","ping_status":"closed","template":"","meta":{"_acf_changed":false,"_smort_price_nok":"7942","_smort_price_dkk":"","_smort_price_eur":"","_smort_sale_price_nok":"","_smort_sale_price_dkk":"","_smort_sale_price_eur":"","smort_restorder":"","shipmondo_restorder":"","_kad_blocks_custom_css":"","_kad_blocks_head_custom_js":"","_kad_blocks_body_custom_js":"","_kad_blocks_footer_custom_js":"","smort_custom_pricelist_1":"4758.4","smort_custom_pricelist_2":"4163.6","smort_custom_pricelist_3":"3866.2","smort_custom_pricelist_4":"5948","smort_custom_pricelist_5":"4163.6"},"anvandningsomrade":[],"bilmarken":[],"product_brand":[114,115,117],"product_cat":[1859],"product_tag":[],"class_list":{"0":"post-25797","1":"product","2":"type-product","3":"status-publish","4":"has-post-thumbnail","6":"product_brand-w-light","7":"product_brand-xbb","8":"product_brand-xenonkungen","9":"product_cat-extraljuspaket","11":"first","12":"outofstock","13":"virtual","14":"taxable","15":"purchasable","16":"product-type-bundle"},"bundled_by":[],"bundle_stock_status":"outofstock","bundle_stock_quantity":0,"bundle_virtual":false,"bundle_layout":"default","bundle_add_to_cart_form_location":"default","bundle_editable_in_cart":false,"bundle_sold_individually_context":"product","bundle_item_grouping":"parent","bundle_min_size":"","bundle_max_size":"","bundle_price":{"price":{"min":{"incl_tax":"7941.55","excl_tax":"6353.23825116"},"max":{"incl_tax":"7941.55","excl_tax":"6353.23825116"}},"regular_price":{"min":{"incl_tax":"7941.55","excl_tax":"6353.23825116"},"max":{"incl_tax":"7941.55","excl_tax":"6353.23825116"}}},"bundled_items":[{"bundled_item_id":547,"product_id":1065,"menu_order":0,"quantity_min":1,"quantity_max":1,"quantity_default":1,"priced_individually":false,"shipped_individually":false,"override_title":false,"title":"Luxtar rel\u00e9kabelsett DT-4 X2 12V 80A rel\u00e9","override_description":false,"description":"","optional":false,"hide_thumbnail":false,"discount":"","override_variations":false,"allowed_variations":[],"override_default_variation_attributes":false,"default_variation_attributes":[],"single_product_visibility":"visible","cart_visibility":"visible","order_visibility":"visible","single_product_price_visibility":"visible","cart_price_visibility":"visible","order_price_visibility":"visible","stock_status":"in_stock"},{"bundled_item_id":548,"product_id":3043,"menu_order":1,"quantity_min":1,"quantity_max":1,"quantity_default":1,"priced_individually":false,"shipped_individually":false,"override_title":false,"title":"Ekstra lysbrakett for 2 x 225 mm|9\"","override_description":false,"description":"","optional":false,"hide_thumbnail":false,"discount":"","override_variations":false,"allowed_variations":[],"override_default_variation_attributes":false,"default_variation_attributes":[],"single_product_visibility":"visible","cart_visibility":"visible","order_visibility":"visible","single_product_price_visibility":"visible","cart_price_visibility":"visible","order_price_visibility":"visible","stock_status":"on_backorder"},{"bundled_item_id":549,"product_id":1538,"menu_order":2,"quantity_min":1,"quantity_max":1,"quantity_default":1,"priced_individually":false,"shipped_individually":false,"override_title":false,"title":"XBB OBD-II-dongle + PowerUnit","override_description":false,"description":"","optional":false,"hide_thumbnail":false,"discount":"","override_variations":false,"allowed_variations":[],"override_default_variation_attributes":false,"default_variation_attributes":[],"single_product_visibility":"visible","cart_visibility":"visible","order_visibility":"visible","single_product_price_visibility":"visible","cart_price_visibility":"visible","order_price_visibility":"visible","stock_status":"on_backorder"},{"bundled_item_id":550,"product_id":2605,"menu_order":3,"quantity_min":1,"quantity_max":1,"quantity_default":1,"priced_individually":false,"shipped_individually":false,"override_title":false,"title":"Kabelsett for XBB Power Unit - DT","override_description":false,"description":"","optional":false,"hide_thumbnail":false,"discount":"","override_variations":false,"allowed_variations":[],"override_default_variation_attributes":false,"default_variation_attributes":[],"single_product_visibility":"visible","cart_visibility":"visible","order_visibility":"visible","single_product_price_visibility":"visible","cart_price_visibility":"visible","order_price_visibility":"visible","stock_status":"in_stock"}],"bundle_sell_ids":[],"acf":[],"yoast_head":"<!-- This site is optimized with the Yoast SEO plugin v27.0 - https:\/\/yoast.com\/product\/yoast-seo-wordpress\/ -->\n<title>W-Light XTREME W9 RAD2 - Xenonkungen<\/title>\n<meta name=\"robots\" content=\"index, follow, max-snippet:-1, max-image-preview:large, max-video-preview:-1\" \/>\n<link rel=\"canonical\" href=\"https:\/\/xenonkungen.com\/no\/produkt\/w-lys-ekstrem-w9-rad2\/\" \/>\n<meta property=\"og:locale\" content=\"nb_NO\" \/>\n<meta property=\"og:type\" content=\"article\" \/>\n<meta property=\"og:title\" content=\"W-Light XTREME W9 RAD2 - Xenonkungen\" \/>\n<meta property=\"og:description\" content=\"W-Light XTREME W9 RAD2 \u00e4r ett kraftfullt LED-extraljus med imponerande r\u00e4ckvidd och modern Dark Look-design. Med upp till 15 000 lumen, optimerad ljusbild och tv\u00e5f\u00e4rgat positionsljus (vitt\/orange) ger det utm\u00e4rkt sikt och ett exklusivt uttryck. Robust konstruktion, \u00f6gonv\u00e4nligt 5500 K-ljus och enkel montering med DT4-kontakt g\u00f6r W9 RAD2 till ett sj\u00e4lvklart val f\u00f6r kr\u00e4vande k\u00f6rning i alla f\u00f6rh\u00e5llanden.\" \/>\n<meta property=\"og:url\" content=\"https:\/\/xenonkungen.com\/no\/produkt\/w-lys-ekstrem-w9-rad2\/\" \/>\n<meta property=\"og:site_name\" content=\"Xenonkungen\" \/>\n<meta property=\"article:modified_time\" content=\"2026-04-29T07:45:40+00:00\" \/>\n<meta property=\"og:image\" content=\"https:\/\/xenonkungen.com\/wp-content\/uploads\/2026\/02\/2stx9tum-W-Light-w9-Phoenix-Paket-PNNG-1024x917.png\" \/>\n\t<meta property=\"og:image:width\" content=\"1024\" \/>\n\t<meta property=\"og:image:height\" content=\"917\" \/>\n\t<meta property=\"og:image:type\" content=\"image\/png\" \/>\n<meta name=\"twitter:card\" content=\"summary_large_image\" \/>\n<meta name=\"twitter:label1\" content=\"Ansl. lesetid\" \/>\n\t<meta name=\"twitter:data1\" content=\"2 minutter\" \/>\n<script type=\"application\/ld+json\" class=\"yoast-schema-graph\">{\"@context\":\"https:\/\/schema.org\",\"@graph\":[{\"@type\":\"WebPage\",\"@id\":\"https:\/\/xenonkungen.com\/produkt\/w-light-xtreme-w9-rad2\/\",\"url\":\"https:\/\/xenonkungen.com\/produkt\/w-light-xtreme-w9-rad2\/\",\"name\":\"W-Light XTREME W9 RAD2 - Xenonkungen\",\"isPartOf\":{\"@id\":\"https:\/\/xenonkungen.com\/#website\"},\"primaryImageOfPage\":{\"@id\":\"https:\/\/xenonkungen.com\/produkt\/w-light-xtreme-w9-rad2\/#primaryimage\"},\"image\":{\"@id\":\"https:\/\/xenonkungen.com\/produkt\/w-light-xtreme-w9-rad2\/#primaryimage\"},\"thumbnailUrl\":\"https:\/\/xenonkungen.com\/wp-content\/uploads\/2026\/02\/2stx9tum-W-Light-w9-Phoenix-Paket-PNNG.png\",\"datePublished\":\"2026-02-02T14:16:44+00:00\",\"dateModified\":\"2026-04-29T07:45:40+00:00\",\"breadcrumb\":{\"@id\":\"https:\/\/xenonkungen.com\/produkt\/w-light-xtreme-w9-rad2\/#breadcrumb\"},\"inLanguage\":\"nb-NO\",\"potentialAction\":[{\"@type\":\"ReadAction\",\"target\":[\"https:\/\/xenonkungen.com\/produkt\/w-light-xtreme-w9-rad2\/\"]}]},{\"@type\":\"ImageObject\",\"inLanguage\":\"nb-NO\",\"@id\":\"https:\/\/xenonkungen.com\/produkt\/w-light-xtreme-w9-rad2\/#primaryimage\",\"url\":\"https:\/\/xenonkungen.com\/wp-content\/uploads\/2026\/02\/2stx9tum-W-Light-w9-Phoenix-Paket-PNNG.png\",\"contentUrl\":\"https:\/\/xenonkungen.com\/wp-content\/uploads\/2026\/02\/2stx9tum-W-Light-w9-Phoenix-Paket-PNNG.png\",\"width\":1920,\"height\":1720},{\"@type\":\"BreadcrumbList\",\"@id\":\"https:\/\/xenonkungen.com\/produkt\/w-light-xtreme-w9-rad2\/#breadcrumb\",\"itemListElement\":[{\"@type\":\"ListItem\",\"position\":1,\"name\":\"Hem\",\"item\":\"https:\/\/xenonkungen.com\/\"},{\"@type\":\"ListItem\",\"position\":2,\"name\":\"Shop\",\"item\":\"https:\/\/xenonkungen.com\/shop\/\"},{\"@type\":\"ListItem\",\"position\":3,\"name\":\"W-Light XTREME W9 RAD2\"}]},{\"@type\":\"WebSite\",\"@id\":\"https:\/\/xenonkungen.com\/#website\",\"url\":\"https:\/\/xenonkungen.com\/\",\"name\":\"Xenonkungen\",\"description\":\"\",\"potentialAction\":[{\"@type\":\"SearchAction\",\"target\":{\"@type\":\"EntryPoint\",\"urlTemplate\":\"https:\/\/xenonkungen.com\/?s={search_term_string}\"},\"query-input\":{\"@type\":\"PropertyValueSpecification\",\"valueRequired\":true,\"valueName\":\"search_term_string\"}}],\"inLanguage\":\"nb-NO\"}]}<\/script>\n<!-- \/ Yoast SEO plugin. -->","yoast_head_json":{"title":"W-Light XTREME W9 RAD2 \u2013 Xenon-kongen","robots":{"index":"index","follow":"follow","max-snippet":"max-snippet:-1","max-image-preview":"max-image-preview:large","max-video-preview":"max-video-preview:-1"},"canonical":"https:\/\/xenonkungen.com\/no\/produkt\/w-lys-ekstrem-w9-rad2\/","og_locale":"nb_NO","og_type":"article","og_title":"W-Light XTREME W9 RAD2 - Xenonkungen","og_description":"W-Light XTREME W9 RAD2 \u00e4r ett kraftfullt LED-extraljus med imponerande r\u00e4ckvidd och modern Dark Look-design. Med upp till 15 000 lumen, optimerad ljusbild och tv\u00e5f\u00e4rgat positionsljus (vitt\/orange) ger det utm\u00e4rkt sikt och ett exklusivt uttryck. Robust konstruktion, \u00f6gonv\u00e4nligt 5500 K-ljus och enkel montering med DT4-kontakt g\u00f6r W9 RAD2 till ett sj\u00e4lvklart val f\u00f6r kr\u00e4vande k\u00f6rning i alla f\u00f6rh\u00e5llanden.","og_url":"https:\/\/xenonkungen.com\/no\/produkt\/w-lys-ekstrem-w9-rad2\/","og_site_name":"Xenonkungen","article_modified_time":"2026-04-29T07:45:40+00:00","og_image":[{"width":1024,"height":917,"url":"https:\/\/xenonkungen.com\/wp-content\/uploads\/2026\/02\/2stx9tum-W-Light-w9-Phoenix-Paket-PNNG-1024x917.png","type":"image\/png"}],"twitter_card":"summary_large_image","twitter_misc":{"Ansl. lesetid":"2 minutter"},"schema":{"@context":"https:\/\/schema.org","@graph":[{"@type":"WebPage","@id":"https:\/\/xenonkungen.com\/produkt\/w-light-xtreme-w9-rad2\/","url":"https:\/\/xenonkungen.com\/produkt\/w-light-xtreme-w9-rad2\/","name":"W-Light XTREME W9 RAD2 \u2013 Xenon-kongen","isPartOf":{"@id":"https:\/\/xenonkungen.com\/#website"},"primaryImageOfPage":{"@id":"https:\/\/xenonkungen.com\/produkt\/w-light-xtreme-w9-rad2\/#primaryimage"},"image":{"@id":"https:\/\/xenonkungen.com\/produkt\/w-light-xtreme-w9-rad2\/#primaryimage"},"thumbnailUrl":"https:\/\/xenonkungen.com\/wp-content\/uploads\/2026\/02\/2stx9tum-W-Light-w9-Phoenix-Paket-PNNG.png","datePublished":"2026-02-02T14:16:44+00:00","dateModified":"2026-04-29T07:45:40+00:00","breadcrumb":{"@id":"https:\/\/xenonkungen.com\/produkt\/w-light-xtreme-w9-rad2\/#breadcrumb"},"inLanguage":"nb-NO","potentialAction":[{"@type":"ReadAction","target":["https:\/\/xenonkungen.com\/produkt\/w-light-xtreme-w9-rad2\/"]}]},{"@type":"ImageObject","inLanguage":"nb-NO","@id":"https:\/\/xenonkungen.com\/produkt\/w-light-xtreme-w9-rad2\/#primaryimage","url":"https:\/\/xenonkungen.com\/wp-content\/uploads\/2026\/02\/2stx9tum-W-Light-w9-Phoenix-Paket-PNNG.png","contentUrl":"https:\/\/xenonkungen.com\/wp-content\/uploads\/2026\/02\/2stx9tum-W-Light-w9-Phoenix-Paket-PNNG.png","width":1920,"height":1720},{"@type":"BreadcrumbList","@id":"https:\/\/xenonkungen.com\/produkt\/w-light-xtreme-w9-rad2\/#breadcrumb","itemListElement":[{"@type":"ListItem","position":1,"name":"Hem","item":"https:\/\/xenonkungen.com\/"},{"@type":"ListItem","position":2,"name":"Shop","item":"https:\/\/xenonkungen.com\/shop\/"},{"@type":"ListItem","position":3,"name":"W-Light XTREME W9 RAD2"}]},{"@type":"WebSite","@id":"https:\/\/xenonkungen.com\/#website","url":"https:\/\/xenonkungen.com\/","name":"Xenonkungen","description":"","potentialAction":[{"@type":"SearchAction","target":{"@type":"EntryPoint","urlTemplate":"https:\/\/xenonkungen.com\/?s={search_term_string}"},"query-input":{"@type":"PropertyValueSpecification","valueRequired":true,"valueName":"search_term_string"}}],"inLanguage":"nb-NO"}]}},"taxonomy_info":{"product_brand":[{"value":114,"label":"W-Light"},{"value":115,"label":"XBB"},{"value":117,"label":"Xenonkungen"}],"product_cat":[{"value":1859,"label":"Extraljuspaket"}]},"featured_image_src_large":["https:\/\/xenonkungen.com\/wp-content\/uploads\/2026\/02\/2stx9tum-W-Light-w9-Phoenix-Paket-PNNG-1024x917.png",1024,917,true],"author_info":[],"comment_info":0,"_links":{"self":[{"href":"https:\/\/xenonkungen.com\/no\/wp-json\/wp\/v2\/product\/25797","targetHints":{"allow":["GET"]}}],"collection":[{"href":"https:\/\/xenonkungen.com\/no\/wp-json\/wp\/v2\/product"}],"about":[{"href":"https:\/\/xenonkungen.com\/no\/wp-json\/wp\/v2\/types\/product"}],"replies":[{"embeddable":true,"href":"https:\/\/xenonkungen.com\/no\/wp-json\/wp\/v2\/comments?post=25797"}],"wp:featuredmedia":[{"embeddable":true,"href":"https:\/\/xenonkungen.com\/no\/wp-json\/wp\/v2\/media\/25798"}],"wp:attachment":[{"href":"https:\/\/xenonkungen.com\/no\/wp-json\/wp\/v2\/media?parent=25797"}],"wp:term":[{"taxonomy":"anvandningsomrade","embeddable":true,"href":"https:\/\/xenonkungen.com\/no\/wp-json\/wp\/v2\/anvandningsomrade?post=25797"},{"taxonomy":"bilmarken","embeddable":true,"href":"https:\/\/xenonkungen.com\/no\/wp-json\/wp\/v2\/bilmarken?post=25797"},{"taxonomy":"product_brand","embeddable":true,"href":"https:\/\/xenonkungen.com\/no\/wp-json\/wp\/v2\/product_brand?post=25797"},{"taxonomy":"product_cat","embeddable":true,"href":"https:\/\/xenonkungen.com\/no\/wp-json\/wp\/v2\/product_cat?post=25797"},{"taxonomy":"product_tag","embeddable":true,"href":"https:\/\/xenonkungen.com\/no\/wp-json\/wp\/v2\/product_tag?post=25797"}],"curies":[{"name":"wp","href":"https:\/\/api.w.org\/{rel}","templated":true}]}}