{"id":2585,"date":"2025-04-15T08:39:30","date_gmt":"2025-04-15T08:39:30","guid":{"rendered":"https:\/\/xenonkungen.com\/product\/xbb-smart-button\/"},"modified":"2026-05-13T08:01:17","modified_gmt":"2026-05-13T07:01:17","slug":"xbb-smartknapp","status":"publish","type":"product","link":"https:\/\/xenonkungen.com\/no\/produkt\/xbb-smartknapp\/","title":{"rendered":"XBB Smart Button"},"content":{"rendered":"<h1>XBB Smart Button<\/h1>\n<p>Styr lys eller tilkoblet utstyr ved hjelp av en tr\u00e5dl\u00f8s trykknapp. Kommuniserer med XBB-donglen via Bluetooth, slik at du ikke trenger \u00e5 kutte ledninger for \u00e5 koble til en tradisjonell, kablet bryter.<\/p>\n<p>Knappen kan programmeres til \u00e5 aktivere eller deaktivere utgang 1 og 2 p\u00e5 PowerUnits. Du har dermed flere funksjoner i samme knapp!<\/p>\n<p>Nedenfor er noen eksempler p\u00e5 hvordan du kan bruke knappen<\/p>\n<p>Sl\u00e5 av ekstralysene eller LED-rampen mens fjernlyset er aktivert, f.eks. ved sn\u00f8fall.<br \/>Sl\u00e5 p\u00e5 rygge-\/arbeidslys uten \u00e5 rygge eller v\u00e6re i kj\u00f8ret\u00f8yet.<br \/>Sl\u00e5 av Halo-funksjonen\/DRL i ekstralysene\/LED-rampen.<br \/>Knappen kan brukes uten \u00e5 laste inn en oppskrift i XBB-donglen.<br \/>Dette gj\u00f8r at du kan bruke XBB Dongle &amp; XBB PowerUnit uten at bilmodellen din er representert i oppskriftsdatabasen!<br \/>Rask guide<\/p>\n<p>Installer XBB Smart Button via XBB Configurator-appen<\/p>\n<p>Start XBB Configurator-appen (tilgjengelig p\u00e5 Google Play eller App Store).<br \/>Koble til XBB Dongle med telefonen din<br \/>Velg PowerUnit-fanen, og klikk deretter p\u00e5 for \u00e5 legge til en enhet.<br \/>Klikk p\u00e5 Legg til XBB-knapp, XBB Dongle begynner \u00e5 s\u00f8ke etter knappen<br \/>Trykk 1 gang p\u00e5 XBB Smart Button, klikk OK n\u00e5r knappen er funnet<br \/>Klikk p\u00e5 innstillinger p\u00e5 PowerUnit<br \/>Velg hva som skal skje ved 1 eller 2 trykk, og lagre innstillingene.<br \/>Gj\u00f8r en funksjonstest. Lykke til!<br \/>Godt \u00e5 vite<\/p>\n<p>MERK! Bruk kun v\u00e5r XBB Configurator-app for \u00e5 koble til knappen.<br \/>Du kan bare koble \u00e9n knapp til systemet.<br \/>Hvis du bruker 1 XBB Smart Button, kan du koble maksimalt 3 XBB PowerUnit til systemet.<br \/>Hvis du trykker p\u00e5 knappen og holder den inne i 2 sekunder, avbrytes alle tastetrykk hvis du er usikker p\u00e5 om en funksjon er aktivert eller ikke.<br \/>N\u00e5r du skal skifte batteri, plasserer du knappen p\u00e5 et underlag og vrir den mot venstre. Batteriet er av typen CR2032.<br \/>Den er IKKE vanntett.<\/p>","protected":false},"excerpt":{"rendered":"<p>Praktisk l\u00f8sning for deg som ikke alltid \u00f8nsker \u00e5 ha ekstra lys eller LED-rampen i gang!<\/p>","protected":false},"featured_media":2586,"comment_status":"closed","ping_status":"closed","template":"","meta":{"_acf_changed":false,"_smort_price_nok":"918","_smort_price_dkk":"583","_smort_price_eur":"78.09","_smort_sale_price_nok":"","_smort_sale_price_dkk":"","_smort_sale_price_eur":"","smort_restorder":"","shipmondo_restorder":"","_kad_blocks_custom_css":"","_kad_blocks_head_custom_js":"","_kad_blocks_body_custom_js":"","_kad_blocks_footer_custom_js":"","smort_custom_pricelist_1":"549.76","smort_custom_pricelist_2":"481.04","smort_custom_pricelist_3":"446.68","smort_custom_pricelist_4":"687.2","smort_custom_pricelist_5":"481.04"},"anvandningsomrade":[],"bilmarken":[],"product_brand":[115],"product_cat":[2487,2841,2828,2497,477,390],"product_tag":[],"class_list":{"0":"post-2585","1":"product","2":"type-product","3":"status-publish","4":"has-post-thumbnail","6":"product_brand-xbb","7":"product_cat-canbus-installation","8":"product_cat-installation-extraljus","9":"product_cat-installation-led-ramper","10":"product_cat-xbb","11":"product_cat-canbus-emc","12":"product_cat-installation","14":"first","15":"instock","16":"taxable","17":"shipping-taxable","18":"purchasable","19":"product-type-simple"},"bundled_by":[],"bundle_stock_status":"instock","bundle_stock_quantity":59,"bundle_virtual":false,"bundle_layout":"","bundle_add_to_cart_form_location":"","bundle_editable_in_cart":false,"bundle_sold_individually_context":"","bundle_item_grouping":"","bundle_min_size":"","bundle_max_size":"","bundle_price":[],"bundled_items":[],"bundle_sell_ids":[],"acf":[],"yoast_head":"<!-- This site is optimized with the Yoast SEO plugin v27.0 - https:\/\/yoast.com\/product\/yoast-seo-wordpress\/ -->\n<title>XBB Smart Button - Xenonkungen<\/title>\n<meta name=\"robots\" content=\"index, follow, max-snippet:-1, max-image-preview:large, max-video-preview:-1\" \/>\n<link rel=\"canonical\" href=\"https:\/\/xenonkungen.com\/no\/produkt\/xbb-smartknapp\/\" \/>\n<meta property=\"og:locale\" content=\"nb_NO\" \/>\n<meta property=\"og:type\" content=\"article\" \/>\n<meta property=\"og:title\" content=\"XBB Smart Button - Xenonkungen\" \/>\n<meta property=\"og:description\" content=\"Smidig l\u00f6sning f\u00f6r er som inte alltid vill ha Extraljusen eller Ledrampen ig\u00e5ng!\" \/>\n<meta property=\"og:url\" content=\"https:\/\/xenonkungen.com\/no\/produkt\/xbb-smartknapp\/\" \/>\n<meta property=\"og:site_name\" content=\"Xenonkungen\" \/>\n<meta property=\"article:modified_time\" content=\"2026-05-13T07:01:17+00:00\" \/>\n<meta property=\"og:image\" content=\"https:\/\/xenonkungen.com\/wp-content\/uploads\/2025\/04\/185172801-origpic-8373bb.png\" \/>\n\t<meta property=\"og:image:width\" content=\"2560\" \/>\n\t<meta property=\"og:image:height\" content=\"1920\" \/>\n\t<meta property=\"og:image:type\" content=\"image\/png\" \/>\n<meta name=\"twitter:card\" content=\"summary_large_image\" \/>\n<meta name=\"twitter:label1\" content=\"Ansl. lesetid\" \/>\n\t<meta name=\"twitter:data1\" content=\"2 minutter\" \/>\n<script type=\"application\/ld+json\" class=\"yoast-schema-graph\">{\"@context\":\"https:\/\/schema.org\",\"@graph\":[{\"@type\":\"WebPage\",\"@id\":\"https:\/\/xenonkungen.com\/produkt\/xbb-smart-button\/\",\"url\":\"https:\/\/xenonkungen.com\/produkt\/xbb-smart-button\/\",\"name\":\"XBB Smart Button - Xenonkungen\",\"isPartOf\":{\"@id\":\"https:\/\/xenonkungen.com\/#website\"},\"primaryImageOfPage\":{\"@id\":\"https:\/\/xenonkungen.com\/produkt\/xbb-smart-button\/#primaryimage\"},\"image\":{\"@id\":\"https:\/\/xenonkungen.com\/produkt\/xbb-smart-button\/#primaryimage\"},\"thumbnailUrl\":\"https:\/\/xenonkungen.com\/wp-content\/uploads\/2025\/04\/185172801-origpic-8373bb.png\",\"datePublished\":\"2025-04-15T08:39:30+00:00\",\"dateModified\":\"2026-05-13T07:01:17+00:00\",\"breadcrumb\":{\"@id\":\"https:\/\/xenonkungen.com\/produkt\/xbb-smart-button\/#breadcrumb\"},\"inLanguage\":\"nb-NO\",\"potentialAction\":[{\"@type\":\"ReadAction\",\"target\":[\"https:\/\/xenonkungen.com\/produkt\/xbb-smart-button\/\"]}]},{\"@type\":\"ImageObject\",\"inLanguage\":\"nb-NO\",\"@id\":\"https:\/\/xenonkungen.com\/produkt\/xbb-smart-button\/#primaryimage\",\"url\":\"https:\/\/xenonkungen.com\/wp-content\/uploads\/2025\/04\/185172801-origpic-8373bb.png\",\"contentUrl\":\"https:\/\/xenonkungen.com\/wp-content\/uploads\/2025\/04\/185172801-origpic-8373bb.png\",\"width\":2560,\"height\":1920},{\"@type\":\"BreadcrumbList\",\"@id\":\"https:\/\/xenonkungen.com\/produkt\/xbb-smart-button\/#breadcrumb\",\"itemListElement\":[{\"@type\":\"ListItem\",\"position\":1,\"name\":\"Hem\",\"item\":\"https:\/\/xenonkungen.com\/\"},{\"@type\":\"ListItem\",\"position\":2,\"name\":\"Shop\",\"item\":\"https:\/\/xenonkungen.com\/shop\/\"},{\"@type\":\"ListItem\",\"position\":3,\"name\":\"XBB Smart Button\"}]},{\"@type\":\"WebSite\",\"@id\":\"https:\/\/xenonkungen.com\/#website\",\"url\":\"https:\/\/xenonkungen.com\/\",\"name\":\"Xenonkungen\",\"description\":\"\",\"potentialAction\":[{\"@type\":\"SearchAction\",\"target\":{\"@type\":\"EntryPoint\",\"urlTemplate\":\"https:\/\/xenonkungen.com\/?s={search_term_string}\"},\"query-input\":{\"@type\":\"PropertyValueSpecification\",\"valueRequired\":true,\"valueName\":\"search_term_string\"}}],\"inLanguage\":\"nb-NO\"}]}<\/script>\n<!-- \/ Yoast SEO plugin. -->","yoast_head_json":{"title":"XBB Smart-knapp \u2013 Xenon-kongen","robots":{"index":"index","follow":"follow","max-snippet":"max-snippet:-1","max-image-preview":"max-image-preview:large","max-video-preview":"max-video-preview:-1"},"canonical":"https:\/\/xenonkungen.com\/no\/produkt\/xbb-smartknapp\/","og_locale":"nb_NO","og_type":"article","og_title":"XBB Smart Button - Xenonkungen","og_description":"Smidig l\u00f6sning f\u00f6r er som inte alltid vill ha Extraljusen eller Ledrampen ig\u00e5ng!","og_url":"https:\/\/xenonkungen.com\/no\/produkt\/xbb-smartknapp\/","og_site_name":"Xenonkungen","article_modified_time":"2026-05-13T07:01:17+00:00","og_image":[{"width":2560,"height":1920,"url":"https:\/\/xenonkungen.com\/wp-content\/uploads\/2025\/04\/185172801-origpic-8373bb.png","type":"image\/png"}],"twitter_card":"summary_large_image","twitter_misc":{"Ansl. lesetid":"2 minutter"},"schema":{"@context":"https:\/\/schema.org","@graph":[{"@type":"WebPage","@id":"https:\/\/xenonkungen.com\/produkt\/xbb-smart-button\/","url":"https:\/\/xenonkungen.com\/produkt\/xbb-smart-button\/","name":"XBB Smart-knapp \u2013 Xenon-kongen","isPartOf":{"@id":"https:\/\/xenonkungen.com\/#website"},"primaryImageOfPage":{"@id":"https:\/\/xenonkungen.com\/produkt\/xbb-smart-button\/#primaryimage"},"image":{"@id":"https:\/\/xenonkungen.com\/produkt\/xbb-smart-button\/#primaryimage"},"thumbnailUrl":"https:\/\/xenonkungen.com\/wp-content\/uploads\/2025\/04\/185172801-origpic-8373bb.png","datePublished":"2025-04-15T08:39:30+00:00","dateModified":"2026-05-13T07:01:17+00:00","breadcrumb":{"@id":"https:\/\/xenonkungen.com\/produkt\/xbb-smart-button\/#breadcrumb"},"inLanguage":"nb-NO","potentialAction":[{"@type":"ReadAction","target":["https:\/\/xenonkungen.com\/produkt\/xbb-smart-button\/"]}]},{"@type":"ImageObject","inLanguage":"nb-NO","@id":"https:\/\/xenonkungen.com\/produkt\/xbb-smart-button\/#primaryimage","url":"https:\/\/xenonkungen.com\/wp-content\/uploads\/2025\/04\/185172801-origpic-8373bb.png","contentUrl":"https:\/\/xenonkungen.com\/wp-content\/uploads\/2025\/04\/185172801-origpic-8373bb.png","width":2560,"height":1920},{"@type":"BreadcrumbList","@id":"https:\/\/xenonkungen.com\/produkt\/xbb-smart-button\/#breadcrumb","itemListElement":[{"@type":"ListItem","position":1,"name":"Hem","item":"https:\/\/xenonkungen.com\/"},{"@type":"ListItem","position":2,"name":"Shop","item":"https:\/\/xenonkungen.com\/shop\/"},{"@type":"ListItem","position":3,"name":"XBB Smart Button"}]},{"@type":"WebSite","@id":"https:\/\/xenonkungen.com\/#website","url":"https:\/\/xenonkungen.com\/","name":"Xenonkungen","description":"","potentialAction":[{"@type":"SearchAction","target":{"@type":"EntryPoint","urlTemplate":"https:\/\/xenonkungen.com\/?s={search_term_string}"},"query-input":{"@type":"PropertyValueSpecification","valueRequired":true,"valueName":"search_term_string"}}],"inLanguage":"nb-NO"}]}},"taxonomy_info":{"product_brand":[{"value":115,"label":"XBB"}],"product_cat":[{"value":2487,"label":"Canbus"},{"value":2841,"label":"Installation extraljus"},{"value":2828,"label":"Installation LED-ramper"},{"value":2497,"label":"XBB"},{"value":477,"label":"Canbus | EMC"},{"value":390,"label":"Installation"}]},"featured_image_src_large":["https:\/\/xenonkungen.com\/wp-content\/uploads\/2025\/04\/185172801-origpic-8373bb-1024x768.png",1024,768,true],"author_info":[],"comment_info":6,"_links":{"self":[{"href":"https:\/\/xenonkungen.com\/no\/wp-json\/wp\/v2\/product\/2585","targetHints":{"allow":["GET"]}}],"collection":[{"href":"https:\/\/xenonkungen.com\/no\/wp-json\/wp\/v2\/product"}],"about":[{"href":"https:\/\/xenonkungen.com\/no\/wp-json\/wp\/v2\/types\/product"}],"replies":[{"embeddable":true,"href":"https:\/\/xenonkungen.com\/no\/wp-json\/wp\/v2\/comments?post=2585"}],"wp:featuredmedia":[{"embeddable":true,"href":"https:\/\/xenonkungen.com\/no\/wp-json\/wp\/v2\/media\/2586"}],"wp:attachment":[{"href":"https:\/\/xenonkungen.com\/no\/wp-json\/wp\/v2\/media?parent=2585"}],"wp:term":[{"taxonomy":"anvandningsomrade","embeddable":true,"href":"https:\/\/xenonkungen.com\/no\/wp-json\/wp\/v2\/anvandningsomrade?post=2585"},{"taxonomy":"bilmarken","embeddable":true,"href":"https:\/\/xenonkungen.com\/no\/wp-json\/wp\/v2\/bilmarken?post=2585"},{"taxonomy":"product_brand","embeddable":true,"href":"https:\/\/xenonkungen.com\/no\/wp-json\/wp\/v2\/product_brand?post=2585"},{"taxonomy":"product_cat","embeddable":true,"href":"https:\/\/xenonkungen.com\/no\/wp-json\/wp\/v2\/product_cat?post=2585"},{"taxonomy":"product_tag","embeddable":true,"href":"https:\/\/xenonkungen.com\/no\/wp-json\/wp\/v2\/product_tag?post=2585"}],"curies":[{"name":"wp","href":"https:\/\/api.w.org\/{rel}","templated":true}]}}