{"id":2612,"date":"2025-04-15T08:39:48","date_gmt":"2025-04-15T08:39:48","guid":{"rendered":"https:\/\/xenonkungen.com\/product\/extraljussats-60w-xenon-speedstart-12-24v\/"},"modified":"2026-05-13T15:57:57","modified_gmt":"2026-05-13T14:57:57","slug":"ekstralyssett-60w-xenon-speedstart-12-24v","status":"publish","type":"product","link":"https:\/\/xenonkungen.com\/no\/produkt\/ekstralyssett-60w-xenon-speedstart-12-24v\/","title":{"rendered":"Ekstra lyskaster 60W Xenon SpeedStart | 12\/24V"},"content":{"rendered":"<h1>Premium 60W ekstra lyskit<\/h1>\n<p>Forkoblingsenheten HNS-6 har en effekt p\u00e5 60 W (effektiv ~60 W), og lampen har tilsvarende effektomr\u00e5de og egenskaper.<\/p>\n<p>Gir opptil ca. <strong>450% mer lys<\/strong> sammenlignet med 55 W halogen. Vanligvis f\u00e5r du ogs\u00e5 et mye bredere og lengre lysbilde, avhengig av lampens egenskaper.<\/p>\n<p>En unik egenskap ved HNS-6 er at den kan betjene alle xenonlamper, inkludert blyfrie (D1\/D2\/D3\/D4). Dette krever imidlertid spesialkabler, og oppgaven er gitt her for \u00e5 demonstrere den avanserte teknologien til HNS-6.<\/p>\n<p><strong>Spesifikasjoner<\/strong><br \/>Ballast: HNS-6 Superrask start<br \/>Effekt: 60W (~60W), 42V\/85V AC<br \/>Volt: 9-32V DC<br \/>Driftsmilj\u00f8: -40 til +85<br \/><span>Str\u00f8mforbruk: 5,2 A\/12 V<\/span><\/p>\n<p><strong>For ekstra lys med lampefot:<\/strong><br \/>D2H\/D2Y (NBB 225 og andre)<br \/>H1<br \/>H3<br \/>H7<\/p>\n<p><strong>Valgfri fargetemperatur (K = Kelvin):<\/strong><br \/>4300K = 5600\u00b1100 lm, standard hvit<br \/>5000K = 5200\u00b1100 lm, lys hvit<br \/>6000K = 4700\u00b1100 lm, diamanthvit<br \/><em>Faktiske verdier<\/em> if\u00f8lge spektroanalyse.<br \/>- Vi anbefaler 4300K.<\/p>\n<p><em>Hvis du har en ekstra lampe med bl\u00e5tt glass, anbefaler vi 4300K, og det bl\u00e5 glasset gir da en lysfarge p\u00e5 ca. 4800K.<\/em><\/p>\n<p><strong>Merk!<\/strong> Rel\u00e9kabler for standard halogen ekstralys er uegnet for xenonlys. De fleste av supportsp\u00f8rsm\u00e5lene gjelder dette. Derfor b\u00f8r du kj\u00f8pe en av v\u00e5re <em>skreddersydd<\/em> kabling for rel\u00e9. Tilgjengelig for 1, 2 eller 3 ekstra lys.<br \/>Hvis du bruker egne ledninger, skal du bruke 2,5 mm\u00b2 kabel og sikring med 15A <em>av<\/em> ballast.<\/p>\n<p><strong>Innhold\/sett:<\/strong><br \/>1st Ballast HNS-6 Super rask start 9-32V \/ Multivolt<br \/>1. Power xenon-lampe (spesielt ekstra lys)<br \/>1. Str\u00f8mkabel<\/p>\n<p>Garanti 3 \u00e5r ballast | 1 \u00e5r lampe<\/p>\n<p>Konverter din NBB 225 med dette settet! <br \/><iframe loading=\"lazy\" frameborder=\"0\" height=\"315\" allow=\"accelerometer; autoplay; clipboard-write; encrypted-media; gyroscope; picture-in-picture\" src=\"https:\/\/www.youtube.com\/embed\/16ww_o6qDYg\" title=\"YouTube-videospiller\" width=\"560\" allowfullscreen=\"allowfullscreen\"><\/iframe><\/p>","protected":false},"excerpt":{"rendered":"<p>Premium xenon-sett eksklusivt hos Xenonkungen. B\u00e5de ballast og lamper er av typen Super fast start og High brightness: rask start og med h\u00f8yere lysstyrke.<\/p>","protected":false},"featured_media":2613,"comment_status":"closed","ping_status":"closed","template":"","meta":{"_acf_changed":false,"_smort_price_nok":"561","_smort_price_dkk":"356","_smort_price_eur":"47.73","_smort_sale_price_nok":"","_smort_sale_price_dkk":"","_smort_sale_price_eur":"","smort_restorder":"","shipmondo_restorder":"","_kad_blocks_custom_css":"","_kad_blocks_head_custom_js":"","_kad_blocks_body_custom_js":"","_kad_blocks_footer_custom_js":"","smort_custom_pricelist_1":"336","smort_custom_pricelist_2":"294","smort_custom_pricelist_3":"279.3","smort_custom_pricelist_4":"420","smort_custom_pricelist_5":"294"},"anvandningsomrade":[],"bilmarken":[],"product_brand":[],"product_cat":[2485],"product_tag":[],"class_list":{"0":"post-2612","1":"product","2":"type-product","3":"status-publish","4":"has-post-thumbnail","6":"product_cat-xenonkonventering","7":"pa_fargtemperatur-5000k","8":"pa_fargtemperatur-6000k","9":"pa_fargtemperatur-4300k","10":"pa_fuktskydd-varde-ipxx-ip67","11":"pa_lampsockel-kontakt-h7","12":"pa_lampsockel-kontakt-d2h","13":"pa_lampsockel-kontakt-h1","14":"pa_lampsockel-kontakt-h3","15":"pa_volt-v-12-24-multivolt","17":"first","18":"onbackorder","19":"taxable","20":"shipping-taxable","21":"purchasable","22":"product-type-variable"},"bundled_by":[],"bundle_stock_status":"onbackorder","bundle_stock_quantity":-427,"bundle_virtual":false,"bundle_layout":"","bundle_add_to_cart_form_location":"","bundle_editable_in_cart":false,"bundle_sold_individually_context":"","bundle_item_grouping":"","bundle_min_size":"","bundle_max_size":"","bundle_price":[],"bundled_items":[],"bundle_sell_ids":[],"acf":[],"yoast_head":"<!-- This site is optimized with the Yoast SEO plugin v27.0 - https:\/\/yoast.com\/product\/yoast-seo-wordpress\/ -->\n<title>Extraljussats 60W Xenon SpeedStart | 12\/24V - Xenonkungen<\/title>\n<meta name=\"robots\" content=\"index, follow, max-snippet:-1, max-image-preview:large, max-video-preview:-1\" \/>\n<link rel=\"canonical\" href=\"https:\/\/xenonkungen.com\/no\/produkt\/ekstralyssett-60w-xenon-speedstart-12-24v\/\" \/>\n<meta property=\"og:locale\" content=\"nb_NO\" \/>\n<meta property=\"og:type\" content=\"article\" \/>\n<meta property=\"og:title\" content=\"Extraljussats 60W Xenon SpeedStart | 12\/24V - Xenonkungen\" \/>\n<meta property=\"og:description\" content=\"Premium xenonkit exklusivt hos Xenonkungen. B\u00e5de ballast och lampor \u00e4r av typ Super fast start och High brightness: snabbstartande och med h\u00f6gre ljusstyrka.\" \/>\n<meta property=\"og:url\" content=\"https:\/\/xenonkungen.com\/no\/produkt\/ekstralyssett-60w-xenon-speedstart-12-24v\/\" \/>\n<meta property=\"og:site_name\" content=\"Xenonkungen\" \/>\n<meta property=\"article:modified_time\" content=\"2026-05-13T14:57:57+00:00\" \/>\n<meta property=\"og:image\" content=\"https:\/\/xenonkungen.com\/wp-content\/uploads\/2025\/04\/77276113-origpic-6c59c8.jpg\" \/>\n\t<meta property=\"og:image:width\" content=\"600\" \/>\n\t<meta property=\"og:image:height\" content=\"600\" \/>\n\t<meta property=\"og:image:type\" content=\"image\/jpeg\" \/>\n<meta name=\"twitter:card\" content=\"summary_large_image\" \/>\n<meta name=\"twitter:label1\" content=\"Ansl. lesetid\" \/>\n\t<meta name=\"twitter:data1\" content=\"2 minutter\" \/>\n<script type=\"application\/ld+json\" class=\"yoast-schema-graph\">{\"@context\":\"https:\/\/schema.org\",\"@graph\":[{\"@type\":\"WebPage\",\"@id\":\"https:\/\/xenonkungen.com\/dk\/vare\/extraljussats-60w-xenon-speedstart-12-24v\/\",\"url\":\"https:\/\/xenonkungen.com\/dk\/vare\/extraljussats-60w-xenon-speedstart-12-24v\/\",\"name\":\"Extraljussats 60W Xenon SpeedStart | 12\/24V - Xenonkungen\",\"isPartOf\":{\"@id\":\"https:\/\/xenonkungen.com\/#website\"},\"primaryImageOfPage\":{\"@id\":\"https:\/\/xenonkungen.com\/dk\/vare\/extraljussats-60w-xenon-speedstart-12-24v\/#primaryimage\"},\"image\":{\"@id\":\"https:\/\/xenonkungen.com\/dk\/vare\/extraljussats-60w-xenon-speedstart-12-24v\/#primaryimage\"},\"thumbnailUrl\":\"https:\/\/xenonkungen.com\/wp-content\/uploads\/2025\/04\/77276113-origpic-6c59c8.jpg\",\"datePublished\":\"2025-04-15T08:39:48+00:00\",\"dateModified\":\"2026-05-13T14:57:57+00:00\",\"breadcrumb\":{\"@id\":\"https:\/\/xenonkungen.com\/dk\/vare\/extraljussats-60w-xenon-speedstart-12-24v\/#breadcrumb\"},\"inLanguage\":\"nb-NO\",\"potentialAction\":[{\"@type\":\"ReadAction\",\"target\":[\"https:\/\/xenonkungen.com\/dk\/vare\/extraljussats-60w-xenon-speedstart-12-24v\/\"]}]},{\"@type\":\"ImageObject\",\"inLanguage\":\"nb-NO\",\"@id\":\"https:\/\/xenonkungen.com\/dk\/vare\/extraljussats-60w-xenon-speedstart-12-24v\/#primaryimage\",\"url\":\"https:\/\/xenonkungen.com\/wp-content\/uploads\/2025\/04\/77276113-origpic-6c59c8.jpg\",\"contentUrl\":\"https:\/\/xenonkungen.com\/wp-content\/uploads\/2025\/04\/77276113-origpic-6c59c8.jpg\",\"width\":600,\"height\":600},{\"@type\":\"BreadcrumbList\",\"@id\":\"https:\/\/xenonkungen.com\/dk\/vare\/extraljussats-60w-xenon-speedstart-12-24v\/#breadcrumb\",\"itemListElement\":[{\"@type\":\"ListItem\",\"position\":1,\"name\":\"Hem\",\"item\":\"https:\/\/xenonkungen.com\/\"},{\"@type\":\"ListItem\",\"position\":2,\"name\":\"Shop\",\"item\":\"https:\/\/xenonkungen.com\/shop\/\"},{\"@type\":\"ListItem\",\"position\":3,\"name\":\"Extraljussats 60W Xenon SpeedStart | 12\/24V\"}]},{\"@type\":\"WebSite\",\"@id\":\"https:\/\/xenonkungen.com\/#website\",\"url\":\"https:\/\/xenonkungen.com\/\",\"name\":\"Xenonkungen\",\"description\":\"\",\"potentialAction\":[{\"@type\":\"SearchAction\",\"target\":{\"@type\":\"EntryPoint\",\"urlTemplate\":\"https:\/\/xenonkungen.com\/?s={search_term_string}\"},\"query-input\":{\"@type\":\"PropertyValueSpecification\",\"valueRequired\":true,\"valueName\":\"search_term_string\"}}],\"inLanguage\":\"nb-NO\"}]}<\/script>\n<!-- \/ Yoast SEO plugin. -->","yoast_head_json":{"title":"Ekstralyssett 60W Xenon SpeedStart | 12\/24V - Xenonkongen","robots":{"index":"index","follow":"follow","max-snippet":"max-snippet:-1","max-image-preview":"max-image-preview:large","max-video-preview":"max-video-preview:-1"},"canonical":"https:\/\/xenonkungen.com\/no\/produkt\/ekstralyssett-60w-xenon-speedstart-12-24v\/","og_locale":"nb_NO","og_type":"article","og_title":"Extraljussats 60W Xenon SpeedStart | 12\/24V - Xenonkungen","og_description":"Premium xenonkit exklusivt hos Xenonkungen. B\u00e5de ballast och lampor \u00e4r av typ Super fast start och High brightness: snabbstartande och med h\u00f6gre ljusstyrka.","og_url":"https:\/\/xenonkungen.com\/no\/produkt\/ekstralyssett-60w-xenon-speedstart-12-24v\/","og_site_name":"Xenonkungen","article_modified_time":"2026-05-13T14:57:57+00:00","og_image":[{"width":600,"height":600,"url":"https:\/\/xenonkungen.com\/wp-content\/uploads\/2025\/04\/77276113-origpic-6c59c8.jpg","type":"image\/jpeg"}],"twitter_card":"summary_large_image","twitter_misc":{"Ansl. lesetid":"2 minutter"},"schema":{"@context":"https:\/\/schema.org","@graph":[{"@type":"WebPage","@id":"https:\/\/xenonkungen.com\/dk\/vare\/extraljussats-60w-xenon-speedstart-12-24v\/","url":"https:\/\/xenonkungen.com\/dk\/vare\/extraljussats-60w-xenon-speedstart-12-24v\/","name":"Ekstralyssett 60W Xenon SpeedStart | 12\/24V - Xenonkongen","isPartOf":{"@id":"https:\/\/xenonkungen.com\/#website"},"primaryImageOfPage":{"@id":"https:\/\/xenonkungen.com\/dk\/vare\/extraljussats-60w-xenon-speedstart-12-24v\/#primaryimage"},"image":{"@id":"https:\/\/xenonkungen.com\/dk\/vare\/extraljussats-60w-xenon-speedstart-12-24v\/#primaryimage"},"thumbnailUrl":"https:\/\/xenonkungen.com\/wp-content\/uploads\/2025\/04\/77276113-origpic-6c59c8.jpg","datePublished":"2025-04-15T08:39:48+00:00","dateModified":"2026-05-13T14:57:57+00:00","breadcrumb":{"@id":"https:\/\/xenonkungen.com\/dk\/vare\/extraljussats-60w-xenon-speedstart-12-24v\/#breadcrumb"},"inLanguage":"nb-NO","potentialAction":[{"@type":"ReadAction","target":["https:\/\/xenonkungen.com\/dk\/vare\/extraljussats-60w-xenon-speedstart-12-24v\/"]}]},{"@type":"ImageObject","inLanguage":"nb-NO","@id":"https:\/\/xenonkungen.com\/dk\/vare\/extraljussats-60w-xenon-speedstart-12-24v\/#primaryimage","url":"https:\/\/xenonkungen.com\/wp-content\/uploads\/2025\/04\/77276113-origpic-6c59c8.jpg","contentUrl":"https:\/\/xenonkungen.com\/wp-content\/uploads\/2025\/04\/77276113-origpic-6c59c8.jpg","width":600,"height":600},{"@type":"BreadcrumbList","@id":"https:\/\/xenonkungen.com\/dk\/vare\/extraljussats-60w-xenon-speedstart-12-24v\/#breadcrumb","itemListElement":[{"@type":"ListItem","position":1,"name":"Hem","item":"https:\/\/xenonkungen.com\/"},{"@type":"ListItem","position":2,"name":"Shop","item":"https:\/\/xenonkungen.com\/shop\/"},{"@type":"ListItem","position":3,"name":"Extraljussats 60W Xenon SpeedStart | 12\/24V"}]},{"@type":"WebSite","@id":"https:\/\/xenonkungen.com\/#website","url":"https:\/\/xenonkungen.com\/","name":"Xenonkungen","description":"","potentialAction":[{"@type":"SearchAction","target":{"@type":"EntryPoint","urlTemplate":"https:\/\/xenonkungen.com\/?s={search_term_string}"},"query-input":{"@type":"PropertyValueSpecification","valueRequired":true,"valueName":"search_term_string"}}],"inLanguage":"nb-NO"}]}},"taxonomy_info":{"product_cat":[{"value":2485,"label":"Xenonkonvertering"}],"pa_fargtemperatur":[{"value":154,"label":"5000K"},{"value":188,"label":"6000K"},{"value":755,"label":"4300K"}],"pa_fuktskydd-varde-ipxx":[{"value":333,"label":"IP67"}],"pa_lampsockel-kontakt":[{"value":206,"label":"H7"},{"value":1216,"label":"D2H"},{"value":336,"label":"H1"},{"value":339,"label":"H3"}],"pa_volt-v":[{"value":367,"label":"12, 24, Multivolt"}]},"featured_image_src_large":["https:\/\/xenonkungen.com\/wp-content\/uploads\/2025\/04\/77276113-origpic-6c59c8.jpg",600,600,false],"author_info":[],"comment_info":2,"_links":{"self":[{"href":"https:\/\/xenonkungen.com\/no\/wp-json\/wp\/v2\/product\/2612","targetHints":{"allow":["GET"]}}],"collection":[{"href":"https:\/\/xenonkungen.com\/no\/wp-json\/wp\/v2\/product"}],"about":[{"href":"https:\/\/xenonkungen.com\/no\/wp-json\/wp\/v2\/types\/product"}],"replies":[{"embeddable":true,"href":"https:\/\/xenonkungen.com\/no\/wp-json\/wp\/v2\/comments?post=2612"}],"wp:featuredmedia":[{"embeddable":true,"href":"https:\/\/xenonkungen.com\/no\/wp-json\/wp\/v2\/media\/2613"}],"wp:attachment":[{"href":"https:\/\/xenonkungen.com\/no\/wp-json\/wp\/v2\/media?parent=2612"}],"wp:term":[{"taxonomy":"anvandningsomrade","embeddable":true,"href":"https:\/\/xenonkungen.com\/no\/wp-json\/wp\/v2\/anvandningsomrade?post=2612"},{"taxonomy":"bilmarken","embeddable":true,"href":"https:\/\/xenonkungen.com\/no\/wp-json\/wp\/v2\/bilmarken?post=2612"},{"taxonomy":"product_brand","embeddable":true,"href":"https:\/\/xenonkungen.com\/no\/wp-json\/wp\/v2\/product_brand?post=2612"},{"taxonomy":"product_cat","embeddable":true,"href":"https:\/\/xenonkungen.com\/no\/wp-json\/wp\/v2\/product_cat?post=2612"},{"taxonomy":"product_tag","embeddable":true,"href":"https:\/\/xenonkungen.com\/no\/wp-json\/wp\/v2\/product_tag?post=2612"}],"curies":[{"name":"wp","href":"https:\/\/api.w.org\/{rel}","templated":true}]}}