{"id":2686,"date":"2025-04-15T08:40:58","date_gmt":"2025-04-15T08:40:58","guid":{"rendered":"https:\/\/xenonkungen.com\/product\/offroad-halogen-h7\/"},"modified":"2026-05-08T13:18:30","modified_gmt":"2026-05-08T12:18:30","slug":"offroad-halogen-h7","status":"publish","type":"product","link":"https:\/\/xenonkungen.com\/no\/produkt\/offroad-halogen-h7\/","title":{"rendered":"Offroad Halogen | H7"},"content":{"rendered":"<p>V\u00e5r nye serie med halogen offroad (yellowlook).<br \/>Perfekt for \u00e5 gi bilen din et mer personlig utseende. Hvis du vil etterligne utseendet til bilene som kj\u00f8rer LeMans, eller liker \u00e5 ha gule lys n\u00e5r det sn\u00f8r, er dette lysene for deg. <\/p>\n<p>Offroad H7 er designet for \u00e5 erstatte din originale halogenlampe, med samme effekt. Det eneste som endres er utseendet. <\/p>\n<p>Hvis du er ute etter et mer kj\u00f8lig hvitt lys for \u00e5 etterligne utseendet til biler med Xenon, er v\u00e5r \"Xenonlook\"-serie tilgjengelig.<\/p>\n<p><strong>Godt \u00e5 vite<\/strong><br \/>Denne lampen er ikke E-godkjent, s\u00e5 i henhold til forskriftene kan den ikke brukes p\u00e5 offentlig vei.<\/p>","protected":false},"excerpt":{"rendered":"<p>Offroad halogenlampe med god ytelse og gult lys! For deg som \u00f8nsker \u00e5 endre utseendet til noe mer klassisk, eller foretrekker gult lys under sn\u00f8fall.<\/p>\n<p>Samme effekt som original halogen<\/p>\n<p>God levetid 4-500 timer<\/p>\n<p>Gult lys<\/p>\n<p>H\u00f8y kvalitet<\/p>","protected":false},"featured_media":2687,"comment_status":"closed","ping_status":"closed","template":"","meta":{"_acf_changed":false,"_smort_price_nok":"69","_smort_price_dkk":"112","_smort_price_eur":"15","_smort_sale_price_nok":"69","_smort_sale_price_dkk":"","_smort_sale_price_eur":"5.91","smort_restorder":"","shipmondo_restorder":"","_kad_blocks_custom_css":"","_kad_blocks_head_custom_js":"","_kad_blocks_body_custom_js":"","_kad_blocks_footer_custom_js":"","smort_custom_pricelist_1":"105.6","smort_custom_pricelist_2":"92.4","smort_custom_pricelist_3":"87.78","smort_custom_pricelist_4":"132","smort_custom_pricelist_5":"92.4"},"anvandningsomrade":[],"bilmarken":[],"product_brand":[2793],"product_cat":[2543,733],"product_tag":[],"class_list":{"0":"post-2686","1":"product","2":"type-product","3":"status-publish","4":"has-post-thumbnail","6":"product_brand-ovrigt","7":"product_cat-halogen-halvljus-helljus","8":"product_cat-halvljus-helljus","9":"pa_faktisk-effekts-forbrukning-841","10":"pa_fargtemperatur-3000k","11":"pa_lampsockel-kontakt-h7","12":"pa_volt-v-12v","14":"first","15":"instock","16":"sale","17":"taxable","18":"shipping-taxable","19":"purchasable","20":"product-type-simple"},"bundled_by":[],"bundle_stock_status":"instock","bundle_stock_quantity":180,"bundle_virtual":false,"bundle_layout":"","bundle_add_to_cart_form_location":"","bundle_editable_in_cart":false,"bundle_sold_individually_context":"","bundle_item_grouping":"","bundle_min_size":"","bundle_max_size":"","bundle_price":[],"bundled_items":[],"bundle_sell_ids":[],"acf":[],"yoast_head":"<!-- This site is optimized with the Yoast SEO plugin v27.0 - https:\/\/yoast.com\/product\/yoast-seo-wordpress\/ -->\n<title>Offroad Halogen | H7 - Xenonkungen<\/title>\n<meta name=\"robots\" content=\"index, follow, max-snippet:-1, max-image-preview:large, max-video-preview:-1\" \/>\n<link rel=\"canonical\" href=\"https:\/\/xenonkungen.com\/no\/produkt\/offroad-halogen-h7\/\" \/>\n<meta property=\"og:locale\" content=\"nb_NO\" \/>\n<meta property=\"og:type\" content=\"article\" \/>\n<meta property=\"og:title\" content=\"Offroad Halogen | H7 - Xenonkungen\" \/>\n<meta property=\"og:description\" content=\"Offroad Halogenlampa med god prestanda och Gult ljus! F\u00f6r dig som vill \u00e4ndra utseendet till n\u00e5got mer klassiskt, eller f\u00f6redrar gult ljus vid sn\u00f6fall. Samma effekt som original halogen God livsl\u00e4ngd 4-500 timmar Gult ljus H\u00f6g kvalitet\" \/>\n<meta property=\"og:url\" content=\"https:\/\/xenonkungen.com\/no\/produkt\/offroad-halogen-h7\/\" \/>\n<meta property=\"og:site_name\" content=\"Xenonkungen\" \/>\n<meta property=\"article:modified_time\" content=\"2026-05-08T12:18:30+00:00\" \/>\n<meta property=\"og:image\" content=\"https:\/\/xenonkungen.com\/wp-content\/uploads\/2025\/04\/167049059-origpic-7ac17d.png\" \/>\n\t<meta property=\"og:image:width\" content=\"1000\" \/>\n\t<meta property=\"og:image:height\" content=\"1000\" \/>\n\t<meta property=\"og:image:type\" content=\"image\/png\" \/>\n<meta name=\"twitter:card\" content=\"summary_large_image\" \/>\n<meta name=\"twitter:label1\" content=\"Ansl. lesetid\" \/>\n\t<meta name=\"twitter:data1\" content=\"1 minutt\" \/>\n<script type=\"application\/ld+json\" class=\"yoast-schema-graph\">{\"@context\":\"https:\/\/schema.org\",\"@graph\":[{\"@type\":\"WebPage\",\"@id\":\"https:\/\/xenonkungen.com\/fi\/tuote\/maastohalogeeni-h7\/\",\"url\":\"https:\/\/xenonkungen.com\/fi\/tuote\/maastohalogeeni-h7\/\",\"name\":\"Offroad Halogen | H7 - Xenonkungen\",\"isPartOf\":{\"@id\":\"https:\/\/xenonkungen.com\/#website\"},\"primaryImageOfPage\":{\"@id\":\"https:\/\/xenonkungen.com\/fi\/tuote\/maastohalogeeni-h7\/#primaryimage\"},\"image\":{\"@id\":\"https:\/\/xenonkungen.com\/fi\/tuote\/maastohalogeeni-h7\/#primaryimage\"},\"thumbnailUrl\":\"https:\/\/xenonkungen.com\/wp-content\/uploads\/2025\/04\/167049059-origpic-7ac17d.png\",\"datePublished\":\"2025-04-15T08:40:58+00:00\",\"dateModified\":\"2026-05-08T12:18:30+00:00\",\"breadcrumb\":{\"@id\":\"https:\/\/xenonkungen.com\/fi\/tuote\/maastohalogeeni-h7\/#breadcrumb\"},\"inLanguage\":\"nb-NO\",\"potentialAction\":[{\"@type\":\"ReadAction\",\"target\":[\"https:\/\/xenonkungen.com\/fi\/tuote\/maastohalogeeni-h7\/\"]}]},{\"@type\":\"ImageObject\",\"inLanguage\":\"nb-NO\",\"@id\":\"https:\/\/xenonkungen.com\/fi\/tuote\/maastohalogeeni-h7\/#primaryimage\",\"url\":\"https:\/\/xenonkungen.com\/wp-content\/uploads\/2025\/04\/167049059-origpic-7ac17d.png\",\"contentUrl\":\"https:\/\/xenonkungen.com\/wp-content\/uploads\/2025\/04\/167049059-origpic-7ac17d.png\",\"width\":1000,\"height\":1000},{\"@type\":\"BreadcrumbList\",\"@id\":\"https:\/\/xenonkungen.com\/fi\/tuote\/maastohalogeeni-h7\/#breadcrumb\",\"itemListElement\":[{\"@type\":\"ListItem\",\"position\":1,\"name\":\"Hem\",\"item\":\"https:\/\/xenonkungen.com\/\"},{\"@type\":\"ListItem\",\"position\":2,\"name\":\"Shop\",\"item\":\"https:\/\/xenonkungen.com\/shop\/\"},{\"@type\":\"ListItem\",\"position\":3,\"name\":\"Offroad Halogen | H7\"}]},{\"@type\":\"WebSite\",\"@id\":\"https:\/\/xenonkungen.com\/#website\",\"url\":\"https:\/\/xenonkungen.com\/\",\"name\":\"Xenonkungen\",\"description\":\"\",\"potentialAction\":[{\"@type\":\"SearchAction\",\"target\":{\"@type\":\"EntryPoint\",\"urlTemplate\":\"https:\/\/xenonkungen.com\/?s={search_term_string}\"},\"query-input\":{\"@type\":\"PropertyValueSpecification\",\"valueRequired\":true,\"valueName\":\"search_term_string\"}}],\"inLanguage\":\"nb-NO\"}]}<\/script>\n<!-- \/ Yoast SEO plugin. -->","yoast_head_json":{"title":"Terrenghalogen | H7 \u2013 Xenon-kongen","robots":{"index":"index","follow":"follow","max-snippet":"max-snippet:-1","max-image-preview":"max-image-preview:large","max-video-preview":"max-video-preview:-1"},"canonical":"https:\/\/xenonkungen.com\/no\/produkt\/offroad-halogen-h7\/","og_locale":"nb_NO","og_type":"article","og_title":"Offroad Halogen | H7 - Xenonkungen","og_description":"Offroad Halogenlampa med god prestanda och Gult ljus! F\u00f6r dig som vill \u00e4ndra utseendet till n\u00e5got mer klassiskt, eller f\u00f6redrar gult ljus vid sn\u00f6fall. Samma effekt som original halogen God livsl\u00e4ngd 4-500 timmar Gult ljus H\u00f6g kvalitet","og_url":"https:\/\/xenonkungen.com\/no\/produkt\/offroad-halogen-h7\/","og_site_name":"Xenonkungen","article_modified_time":"2026-05-08T12:18:30+00:00","og_image":[{"width":1000,"height":1000,"url":"https:\/\/xenonkungen.com\/wp-content\/uploads\/2025\/04\/167049059-origpic-7ac17d.png","type":"image\/png"}],"twitter_card":"summary_large_image","twitter_misc":{"Ansl. lesetid":"1 minutt"},"schema":{"@context":"https:\/\/schema.org","@graph":[{"@type":"WebPage","@id":"https:\/\/xenonkungen.com\/fi\/tuote\/maastohalogeeni-h7\/","url":"https:\/\/xenonkungen.com\/fi\/tuote\/maastohalogeeni-h7\/","name":"Terrenghalogen | H7 \u2013 Xenon-kongen","isPartOf":{"@id":"https:\/\/xenonkungen.com\/#website"},"primaryImageOfPage":{"@id":"https:\/\/xenonkungen.com\/fi\/tuote\/maastohalogeeni-h7\/#primaryimage"},"image":{"@id":"https:\/\/xenonkungen.com\/fi\/tuote\/maastohalogeeni-h7\/#primaryimage"},"thumbnailUrl":"https:\/\/xenonkungen.com\/wp-content\/uploads\/2025\/04\/167049059-origpic-7ac17d.png","datePublished":"2025-04-15T08:40:58+00:00","dateModified":"2026-05-08T12:18:30+00:00","breadcrumb":{"@id":"https:\/\/xenonkungen.com\/fi\/tuote\/maastohalogeeni-h7\/#breadcrumb"},"inLanguage":"nb-NO","potentialAction":[{"@type":"ReadAction","target":["https:\/\/xenonkungen.com\/fi\/tuote\/maastohalogeeni-h7\/"]}]},{"@type":"ImageObject","inLanguage":"nb-NO","@id":"https:\/\/xenonkungen.com\/fi\/tuote\/maastohalogeeni-h7\/#primaryimage","url":"https:\/\/xenonkungen.com\/wp-content\/uploads\/2025\/04\/167049059-origpic-7ac17d.png","contentUrl":"https:\/\/xenonkungen.com\/wp-content\/uploads\/2025\/04\/167049059-origpic-7ac17d.png","width":1000,"height":1000},{"@type":"BreadcrumbList","@id":"https:\/\/xenonkungen.com\/fi\/tuote\/maastohalogeeni-h7\/#breadcrumb","itemListElement":[{"@type":"ListItem","position":1,"name":"Hem","item":"https:\/\/xenonkungen.com\/"},{"@type":"ListItem","position":2,"name":"Shop","item":"https:\/\/xenonkungen.com\/shop\/"},{"@type":"ListItem","position":3,"name":"Offroad Halogen | H7"}]},{"@type":"WebSite","@id":"https:\/\/xenonkungen.com\/#website","url":"https:\/\/xenonkungen.com\/","name":"Xenonkungen","description":"","potentialAction":[{"@type":"SearchAction","target":{"@type":"EntryPoint","urlTemplate":"https:\/\/xenonkungen.com\/?s={search_term_string}"},"query-input":{"@type":"PropertyValueSpecification","valueRequired":true,"valueName":"search_term_string"}}],"inLanguage":"nb-NO"}]}},"taxonomy_info":{"product_brand":[{"value":2793,"label":"\u00d6VRIGT"}],"product_cat":[{"value":2543,"label":"Halogen"},{"value":733,"label":"Halvljus \/ Helljus"}],"pa_faktisk-effekts-forbrukning":[{"value":841,"label":"55"}],"pa_fargtemperatur":[{"value":852,"label":"3000K"}],"pa_lampsockel-kontakt":[{"value":206,"label":"H7"}],"pa_volt-v":[{"value":843,"label":"12V"}]},"featured_image_src_large":["https:\/\/xenonkungen.com\/wp-content\/uploads\/2025\/04\/167049059-origpic-7ac17d.png",1000,1000,false],"author_info":[],"comment_info":0,"_links":{"self":[{"href":"https:\/\/xenonkungen.com\/no\/wp-json\/wp\/v2\/product\/2686","targetHints":{"allow":["GET"]}}],"collection":[{"href":"https:\/\/xenonkungen.com\/no\/wp-json\/wp\/v2\/product"}],"about":[{"href":"https:\/\/xenonkungen.com\/no\/wp-json\/wp\/v2\/types\/product"}],"replies":[{"embeddable":true,"href":"https:\/\/xenonkungen.com\/no\/wp-json\/wp\/v2\/comments?post=2686"}],"wp:featuredmedia":[{"embeddable":true,"href":"https:\/\/xenonkungen.com\/no\/wp-json\/wp\/v2\/media\/2687"}],"wp:attachment":[{"href":"https:\/\/xenonkungen.com\/no\/wp-json\/wp\/v2\/media?parent=2686"}],"wp:term":[{"taxonomy":"anvandningsomrade","embeddable":true,"href":"https:\/\/xenonkungen.com\/no\/wp-json\/wp\/v2\/anvandningsomrade?post=2686"},{"taxonomy":"bilmarken","embeddable":true,"href":"https:\/\/xenonkungen.com\/no\/wp-json\/wp\/v2\/bilmarken?post=2686"},{"taxonomy":"product_brand","embeddable":true,"href":"https:\/\/xenonkungen.com\/no\/wp-json\/wp\/v2\/product_brand?post=2686"},{"taxonomy":"product_cat","embeddable":true,"href":"https:\/\/xenonkungen.com\/no\/wp-json\/wp\/v2\/product_cat?post=2686"},{"taxonomy":"product_tag","embeddable":true,"href":"https:\/\/xenonkungen.com\/no\/wp-json\/wp\/v2\/product_tag?post=2686"}],"curies":[{"name":"wp","href":"https:\/\/api.w.org\/{rel}","templated":true}]}}