{"id":2712,"date":"2025-04-15T08:41:15","date_gmt":"2025-04-15T08:41:15","guid":{"rendered":"https:\/\/xenonkungen.com\/product\/stenskottsskydd-nbb-225-alpha\/"},"modified":"2026-04-24T16:45:07","modified_gmt":"2026-04-24T15:45:07","slug":"steinsprutbeskyttelse-nbb-225-alpha","status":"publish","type":"product","link":"https:\/\/xenonkungen.com\/no\/produkt\/steinsprutbeskyttelse-nbb-225-alpha\/","title":{"rendered":"Beskyttelse av steinskott NBB 225 Alpha"},"content":{"rendered":"<h1>Beskytt din NBB\/ABL Alpha 225 med gjennomsiktig steinmurbeskyttelse<\/h1>\n<p>Beskytt NBB\/ABL Alpha 225-kj\u00f8relysene og Pencil-lyktene dine effektivt med en gjennomsiktig steinbeskyttelse. Dette dekselet, som er tilgjengelig hos Xenon King, er en ideell l\u00f8sning for \u00e5 forlenge levetiden og bevare kvaliteten p\u00e5 lampene dine. Det passer perfekt til b\u00e5de halogen- og xenonvariantene av lampen, noe som gj\u00f8r det til et allsidig valg for ulike typer kj\u00f8ret\u00f8y.<\/p>\n<p>Denne steinsprutbeskyttelsen av h\u00f8y kvalitet er skreddersydd for \u00e5 gi optimal passform og maksimal beskyttelse uten \u00e5 redusere lysstyrken. Den gjennomsiktige designen s\u00f8rger for at lyktens utseende opprettholdes, samtidig som den gir p\u00e5litelig beskyttelse mot steinsprut og andre skader som kan oppst\u00e5 under kj\u00f8ring.<\/p>\n<p>Kunder som velger dette steinkuleskjoldet fra Xenon King, kan nyte godt av flere fordeler, som gratis frakt p\u00e5 visse kj\u00f8p, sjener\u00f8se returregler og sikre betalingsalternativer. I tillegg kan kundene alltid regne med \u00e5 ha tilgang til Xenon Kings utmerkede kundeservice for alle sp\u00f8rsm\u00e5l og bekymringer.<\/p>\n<p>Ved \u00e5 velge dette gjennomsiktige steindekselet til NBB\/ABL Alpha 225 investerer du i b\u00e5de funksjonalitet og estetikk for kj\u00f8ret\u00f8yet ditt, samtidig som du beskytter de dyrebare lysene dine mot de t\u00f8ffe forholdene p\u00e5 veien. Det er et uunnv\u00e6rlig produkt for alle som setter pris p\u00e5 bilutstyret sitt og vil s\u00f8rge for at det holder seg i best mulig stand i lang tid.<\/p>","protected":false},"excerpt":{"rendered":"<p>Skydda dina NBB\/ABL Alpha 225 med Transparent Stenskottsskydd Skydda dina NBB\/ABL Alpha 225 fj\u00e4rrljus och Pencil-str\u00e5lkastare effektivt med ett transparent stenskottsskydd. Detta skydd, tillg\u00e4ngligt p\u00e5 Xenonkungen, \u00e4r en idealisk l\u00f6sning f\u00f6r att f\u00f6rl\u00e4nga livsl\u00e4ngden och bevara kvaliteten p\u00e5 dina lyktor. Det passar utm\u00e4rkt f\u00f6r b\u00e5de halogen- och xenonvarianterna av lyktan, vilket g\u00f6r det till ett [&hellip;]<\/p>","protected":false},"featured_media":2713,"comment_status":"closed","ping_status":"open","template":"","meta":{"_acf_changed":false,"_smort_price_nok":"422","_smort_price_dkk":"268","_smort_price_eur":"35.91","_smort_sale_price_nok":"","_smort_sale_price_dkk":"","_smort_sale_price_eur":"26.93","smort_restorder":"","shipmondo_restorder":"","_kad_blocks_custom_css":"","_kad_blocks_head_custom_js":"","_kad_blocks_body_custom_js":"","_kad_blocks_footer_custom_js":"","smort_custom_pricelist_1":"252.8","smort_custom_pricelist_2":"221.2","smort_custom_pricelist_3":"205.4","smort_custom_pricelist_4":"316","smort_custom_pricelist_5":"221.2"},"anvandningsomrade":[],"bilmarken":[],"product_brand":[104],"product_cat":[2545,2546,142],"product_tag":[],"class_list":{"0":"post-2712","1":"product","2":"type-product","3":"status-publish","4":"has-post-thumbnail","6":"product_brand-nbb","7":"product_cat-tillbehor-installation","8":"product_cat-ovriga-tillbehor-tillbehor-installation","9":"product_cat-extraljus","11":"first","12":"instock","13":"taxable","14":"shipping-taxable","15":"purchasable","16":"product-type-simple"},"bundled_by":[],"bundle_stock_status":"instock","bundle_stock_quantity":70,"bundle_virtual":false,"bundle_layout":"","bundle_add_to_cart_form_location":"","bundle_editable_in_cart":false,"bundle_sold_individually_context":"","bundle_item_grouping":"","bundle_min_size":"","bundle_max_size":"","bundle_price":[],"bundled_items":[],"bundle_sell_ids":[],"acf":[],"yoast_head":"<!-- This site is optimized with the Yoast SEO plugin v27.0 - https:\/\/yoast.com\/product\/yoast-seo-wordpress\/ -->\n<title>Stenskottsskydd NBB 225 Alpha - Xenonkungen<\/title>\n<meta name=\"robots\" content=\"index, follow, max-snippet:-1, max-image-preview:large, max-video-preview:-1\" \/>\n<link rel=\"canonical\" href=\"https:\/\/xenonkungen.com\/no\/produkt\/steinsprutbeskyttelse-nbb-225-alpha\/\" \/>\n<meta property=\"og:locale\" content=\"nb_NO\" \/>\n<meta property=\"og:type\" content=\"article\" \/>\n<meta property=\"og:title\" content=\"Stenskottsskydd NBB 225 Alpha - Xenonkungen\" \/>\n<meta property=\"og:description\" content=\"Skydda dina NBB\/ABL Alpha 225 med Transparent Stenskottsskydd Skydda dina NBB\/ABL Alpha 225 fj\u00e4rrljus och Pencil-str\u00e5lkastare effektivt med ett transparent stenskottsskydd. Detta skydd, tillg\u00e4ngligt p\u00e5 Xenonkungen, \u00e4r en idealisk l\u00f6sning f\u00f6r att f\u00f6rl\u00e4nga livsl\u00e4ngden och bevara kvaliteten p\u00e5 dina lyktor. Det passar utm\u00e4rkt f\u00f6r b\u00e5de halogen- och xenonvarianterna av lyktan, vilket g\u00f6r det till ett [&hellip;]\" \/>\n<meta property=\"og:url\" content=\"https:\/\/xenonkungen.com\/no\/produkt\/steinsprutbeskyttelse-nbb-225-alpha\/\" \/>\n<meta property=\"og:site_name\" content=\"Xenonkungen\" \/>\n<meta property=\"article:modified_time\" content=\"2026-04-24T15:45:07+00:00\" \/>\n<meta property=\"og:image\" content=\"https:\/\/xenonkungen.com\/wp-content\/uploads\/2025\/04\/3388099-origpic-4f1dbb.png\" \/>\n\t<meta property=\"og:image:width\" content=\"1200\" \/>\n\t<meta property=\"og:image:height\" content=\"1200\" \/>\n\t<meta property=\"og:image:type\" content=\"image\/png\" \/>\n<meta name=\"twitter:card\" content=\"summary_large_image\" \/>\n<meta name=\"twitter:label1\" content=\"Ansl. lesetid\" \/>\n\t<meta name=\"twitter:data1\" content=\"1 minutt\" \/>\n<script type=\"application\/ld+json\" class=\"yoast-schema-graph\">{\"@context\":\"https:\/\/schema.org\",\"@graph\":[{\"@type\":\"WebPage\",\"@id\":\"https:\/\/xenonkungen.com\/produkt\/stenskottsskydd-nbb-225-alpha\/\",\"url\":\"https:\/\/xenonkungen.com\/produkt\/stenskottsskydd-nbb-225-alpha\/\",\"name\":\"Stenskottsskydd NBB 225 Alpha - Xenonkungen\",\"isPartOf\":{\"@id\":\"https:\/\/xenonkungen.com\/#website\"},\"primaryImageOfPage\":{\"@id\":\"https:\/\/xenonkungen.com\/produkt\/stenskottsskydd-nbb-225-alpha\/#primaryimage\"},\"image\":{\"@id\":\"https:\/\/xenonkungen.com\/produkt\/stenskottsskydd-nbb-225-alpha\/#primaryimage\"},\"thumbnailUrl\":\"https:\/\/xenonkungen.com\/wp-content\/uploads\/2025\/04\/3388099-origpic-4f1dbb.png\",\"datePublished\":\"2025-04-15T08:41:15+00:00\",\"dateModified\":\"2026-04-24T15:45:07+00:00\",\"breadcrumb\":{\"@id\":\"https:\/\/xenonkungen.com\/produkt\/stenskottsskydd-nbb-225-alpha\/#breadcrumb\"},\"inLanguage\":\"nb-NO\",\"potentialAction\":[{\"@type\":\"ReadAction\",\"target\":[\"https:\/\/xenonkungen.com\/produkt\/stenskottsskydd-nbb-225-alpha\/\"]}]},{\"@type\":\"ImageObject\",\"inLanguage\":\"nb-NO\",\"@id\":\"https:\/\/xenonkungen.com\/produkt\/stenskottsskydd-nbb-225-alpha\/#primaryimage\",\"url\":\"https:\/\/xenonkungen.com\/wp-content\/uploads\/2025\/04\/3388099-origpic-4f1dbb.png\",\"contentUrl\":\"https:\/\/xenonkungen.com\/wp-content\/uploads\/2025\/04\/3388099-origpic-4f1dbb.png\",\"width\":1200,\"height\":1200},{\"@type\":\"BreadcrumbList\",\"@id\":\"https:\/\/xenonkungen.com\/produkt\/stenskottsskydd-nbb-225-alpha\/#breadcrumb\",\"itemListElement\":[{\"@type\":\"ListItem\",\"position\":1,\"name\":\"Hem\",\"item\":\"https:\/\/xenonkungen.com\/\"},{\"@type\":\"ListItem\",\"position\":2,\"name\":\"Shop\",\"item\":\"https:\/\/xenonkungen.com\/shop\/\"},{\"@type\":\"ListItem\",\"position\":3,\"name\":\"Stenskottsskydd NBB 225 Alpha\"}]},{\"@type\":\"WebSite\",\"@id\":\"https:\/\/xenonkungen.com\/#website\",\"url\":\"https:\/\/xenonkungen.com\/\",\"name\":\"Xenonkungen\",\"description\":\"\",\"potentialAction\":[{\"@type\":\"SearchAction\",\"target\":{\"@type\":\"EntryPoint\",\"urlTemplate\":\"https:\/\/xenonkungen.com\/?s={search_term_string}\"},\"query-input\":{\"@type\":\"PropertyValueSpecification\",\"valueRequired\":true,\"valueName\":\"search_term_string\"}}],\"inLanguage\":\"nb-NO\"}]}<\/script>\n<!-- \/ Yoast SEO plugin. -->","yoast_head_json":{"title":"Steinbeskyttelse NBB 225 Alpha - Xenonkungen","robots":{"index":"index","follow":"follow","max-snippet":"max-snippet:-1","max-image-preview":"max-image-preview:large","max-video-preview":"max-video-preview:-1"},"canonical":"https:\/\/xenonkungen.com\/no\/produkt\/steinsprutbeskyttelse-nbb-225-alpha\/","og_locale":"nb_NO","og_type":"article","og_title":"Stenskottsskydd NBB 225 Alpha - Xenonkungen","og_description":"Skydda dina NBB\/ABL Alpha 225 med Transparent Stenskottsskydd Skydda dina NBB\/ABL Alpha 225 fj\u00e4rrljus och Pencil-str\u00e5lkastare effektivt med ett transparent stenskottsskydd. Detta skydd, tillg\u00e4ngligt p\u00e5 Xenonkungen, \u00e4r en idealisk l\u00f6sning f\u00f6r att f\u00f6rl\u00e4nga livsl\u00e4ngden och bevara kvaliteten p\u00e5 dina lyktor. Det passar utm\u00e4rkt f\u00f6r b\u00e5de halogen- och xenonvarianterna av lyktan, vilket g\u00f6r det till ett [&hellip;]","og_url":"https:\/\/xenonkungen.com\/no\/produkt\/steinsprutbeskyttelse-nbb-225-alpha\/","og_site_name":"Xenonkungen","article_modified_time":"2026-04-24T15:45:07+00:00","og_image":[{"width":1200,"height":1200,"url":"https:\/\/xenonkungen.com\/wp-content\/uploads\/2025\/04\/3388099-origpic-4f1dbb.png","type":"image\/png"}],"twitter_card":"summary_large_image","twitter_misc":{"Ansl. lesetid":"1 minutt"},"schema":{"@context":"https:\/\/schema.org","@graph":[{"@type":"WebPage","@id":"https:\/\/xenonkungen.com\/produkt\/stenskottsskydd-nbb-225-alpha\/","url":"https:\/\/xenonkungen.com\/produkt\/stenskottsskydd-nbb-225-alpha\/","name":"Steinbeskyttelse NBB 225 Alpha - Xenonkungen","isPartOf":{"@id":"https:\/\/xenonkungen.com\/#website"},"primaryImageOfPage":{"@id":"https:\/\/xenonkungen.com\/produkt\/stenskottsskydd-nbb-225-alpha\/#primaryimage"},"image":{"@id":"https:\/\/xenonkungen.com\/produkt\/stenskottsskydd-nbb-225-alpha\/#primaryimage"},"thumbnailUrl":"https:\/\/xenonkungen.com\/wp-content\/uploads\/2025\/04\/3388099-origpic-4f1dbb.png","datePublished":"2025-04-15T08:41:15+00:00","dateModified":"2026-04-24T15:45:07+00:00","breadcrumb":{"@id":"https:\/\/xenonkungen.com\/produkt\/stenskottsskydd-nbb-225-alpha\/#breadcrumb"},"inLanguage":"nb-NO","potentialAction":[{"@type":"ReadAction","target":["https:\/\/xenonkungen.com\/produkt\/stenskottsskydd-nbb-225-alpha\/"]}]},{"@type":"ImageObject","inLanguage":"nb-NO","@id":"https:\/\/xenonkungen.com\/produkt\/stenskottsskydd-nbb-225-alpha\/#primaryimage","url":"https:\/\/xenonkungen.com\/wp-content\/uploads\/2025\/04\/3388099-origpic-4f1dbb.png","contentUrl":"https:\/\/xenonkungen.com\/wp-content\/uploads\/2025\/04\/3388099-origpic-4f1dbb.png","width":1200,"height":1200},{"@type":"BreadcrumbList","@id":"https:\/\/xenonkungen.com\/produkt\/stenskottsskydd-nbb-225-alpha\/#breadcrumb","itemListElement":[{"@type":"ListItem","position":1,"name":"Hem","item":"https:\/\/xenonkungen.com\/"},{"@type":"ListItem","position":2,"name":"Shop","item":"https:\/\/xenonkungen.com\/shop\/"},{"@type":"ListItem","position":3,"name":"Stenskottsskydd NBB 225 Alpha"}]},{"@type":"WebSite","@id":"https:\/\/xenonkungen.com\/#website","url":"https:\/\/xenonkungen.com\/","name":"Xenonkungen","description":"","potentialAction":[{"@type":"SearchAction","target":{"@type":"EntryPoint","urlTemplate":"https:\/\/xenonkungen.com\/?s={search_term_string}"},"query-input":{"@type":"PropertyValueSpecification","valueRequired":true,"valueName":"search_term_string"}}],"inLanguage":"nb-NO"}]}},"taxonomy_info":{"product_brand":[{"value":104,"label":"NBB"}],"product_cat":[{"value":2545,"label":"INSTALLATION"},{"value":2546,"label":"\u00d6vriga Tillbeh\u00f6r"},{"value":142,"label":"Extraljus"}]},"featured_image_src_large":["https:\/\/xenonkungen.com\/wp-content\/uploads\/2025\/04\/3388099-origpic-4f1dbb-1024x1024.png",1024,1024,true],"author_info":[],"comment_info":0,"_links":{"self":[{"href":"https:\/\/xenonkungen.com\/no\/wp-json\/wp\/v2\/product\/2712","targetHints":{"allow":["GET"]}}],"collection":[{"href":"https:\/\/xenonkungen.com\/no\/wp-json\/wp\/v2\/product"}],"about":[{"href":"https:\/\/xenonkungen.com\/no\/wp-json\/wp\/v2\/types\/product"}],"replies":[{"embeddable":true,"href":"https:\/\/xenonkungen.com\/no\/wp-json\/wp\/v2\/comments?post=2712"}],"wp:featuredmedia":[{"embeddable":true,"href":"https:\/\/xenonkungen.com\/no\/wp-json\/wp\/v2\/media\/2713"}],"wp:attachment":[{"href":"https:\/\/xenonkungen.com\/no\/wp-json\/wp\/v2\/media?parent=2712"}],"wp:term":[{"taxonomy":"anvandningsomrade","embeddable":true,"href":"https:\/\/xenonkungen.com\/no\/wp-json\/wp\/v2\/anvandningsomrade?post=2712"},{"taxonomy":"bilmarken","embeddable":true,"href":"https:\/\/xenonkungen.com\/no\/wp-json\/wp\/v2\/bilmarken?post=2712"},{"taxonomy":"product_brand","embeddable":true,"href":"https:\/\/xenonkungen.com\/no\/wp-json\/wp\/v2\/product_brand?post=2712"},{"taxonomy":"product_cat","embeddable":true,"href":"https:\/\/xenonkungen.com\/no\/wp-json\/wp\/v2\/product_cat?post=2712"},{"taxonomy":"product_tag","embeddable":true,"href":"https:\/\/xenonkungen.com\/no\/wp-json\/wp\/v2\/product_tag?post=2712"}],"curies":[{"name":"wp","href":"https:\/\/api.w.org\/{rel}","templated":true}]}}