{"id":27187,"date":"2026-03-05T13:57:49","date_gmt":"2026-03-05T12:57:49","guid":{"rendered":"https:\/\/xenonkungen.com\/?post_type=product&#038;p=27187"},"modified":"2026-04-26T04:01:23","modified_gmt":"2026-04-26T03:01:23","slug":"luxtar-master-slave-x1-xbb-stromforsyningsdongle","status":"publish","type":"product","link":"https:\/\/xenonkungen.com\/no\/produkt\/luxtar-master-slave-x1-xbb-stromforsyningsdongle\/","title":{"rendered":"Luxtar Master &amp; Slave x1 + XBB PowerUnit &amp; Dongle"},"content":{"rendered":"<h2 data-start=\"586\" data-end=\"618\">Smart lysstyring via OBD-II<\/h2>\n<p data-start=\"620\" data-end=\"866\">Denne pakken kombinerer XBB OBD-II-dongelen og XBB PowerUnit med Luxtars avanserte rel\u00e9kabelsett Master &amp; Slave x1. L\u00f8sningen lar deg styre ekstralys, LED-ramper, arbeidslys og ryggelys tr\u00e5dl\u00f8st via bilens OBD-kontakt og XBB-appen.<\/p>\n<p data-start=\"868\" data-end=\"1119\">Installasjonen skjer uten tilkobling til bilens fjernlyssignal, noe som gj\u00f8r systemet ideelt for moderne kj\u00f8ret\u00f8y med CAN-buss. Donglen leser bilens signaler direkte via OBD-kontakten og sender dem tr\u00e5dl\u00f8st til PowerUnit-rel\u00e9et som styrer belysningen.<\/p>\n<p data-start=\"1121\" data-end=\"1216\">Systemet fungerer p\u00e5 b\u00e5de 12V og 24V og kan styre opptil fire PowerUnits fra samme dongle.<\/p>\n<h2 data-start=\"1218\" data-end=\"1252\">Master og slave x1 \u2013 for h\u00f8y effekt<\/h2>\n<p data-start=\"1254\" data-end=\"1432\">For kraftige ekstralys er ofte ikke et standard rel\u00e9 nok. Luxtar Relay Cable Kit Master &amp; Slave er derfor utstyrt med et kraftig 80A slaverel\u00e9 som styres via XBB PowerUnit.<\/p>\n<p data-start=\"1434\" data-end=\"1535\">Dette gj\u00f8r det mulig \u00e5 installere betydelig sterkere belysning enn et standard XBB-rel\u00e9 kan h\u00e5ndtere.<\/p>\n<p data-start=\"1537\" data-end=\"1583\">Systemet muliggj\u00f8r for eksempel installasjon av:<\/p>\n<ul data-start=\"1585\" data-end=\"1664\">\n<li data-start=\"1585\" data-end=\"1623\">\n<p data-start=\"1587\" data-end=\"1623\">opp til <strong data-start=\"1596\" data-end=\"1621\">40A \/ 500W (1 utgang)<\/strong><\/p>\n<\/li>\n<li data-start=\"1624\" data-end=\"1664\">\n<p data-start=\"1626\" data-end=\"1664\">opp til <strong data-start=\"1635\" data-end=\"1662\">60A \/ 750W (4 utganger)<\/strong><\/p>\n<\/li>\n<\/ul>\n<p data-start=\"1666\" data-end=\"1780\">Resultatet er en stabil, sikker og fremtidssikker installasjon selv for sv\u00e6rt kraftige LED-ramper og tilleggslys.<\/p>\n<h2 data-start=\"1782\" data-end=\"1825\">Enkel installasjon og fleksibel kontroll<\/h2>\n<p data-start=\"1827\" data-end=\"2017\">Installasjonen er plug-and-play, og krever bare at donglen kobles til bilens OBD-kontakt. PowerUnit kobles deretter til i XBB-appen, hvor du kan velge hvilke funksjoner som skal aktivere belysningen.<\/p>\n<p data-start=\"2019\" data-end=\"2054\">For eksempel kan du styre lyset via:<\/p>\n<ul data-start=\"2056\" data-end=\"2161\">\n<li data-start=\"2056\" data-end=\"2067\">\n<p data-start=\"2058\" data-end=\"2067\">fjernlys<\/p>\n<\/li>\n<li data-start=\"2068\" data-end=\"2081\">\n<p data-start=\"2070\" data-end=\"2081\">reversgir<\/p>\n<\/li>\n<li data-start=\"2082\" data-end=\"2099\">\n<p data-start=\"2084\" data-end=\"2099\">posisjonslys<\/p>\n<\/li>\n<li data-start=\"2100\" data-end=\"2107\">\n<p data-start=\"2102\" data-end=\"2107\">Kj\u00f8relys<\/p>\n<\/li>\n<li data-start=\"2108\" data-end=\"2161\">\n<p data-start=\"2110\" data-end=\"2161\">manuell aktivering via app eller XBB Smart Button<\/p>\n<\/li>\n<\/ul>\n<p data-start=\"2163\" data-end=\"2311\">Rel\u00e9kabelsettet er dimensjonert for h\u00f8ye belastninger og leveres med vanntette Deutsch-kontakter for profesjonell og p\u00e5litelig installasjon.<\/p>\n<h2 data-start=\"2313\" data-end=\"2337\">Dette er inkludert i pakken<\/h2>\n<ul data-start=\"2339\" data-end=\"2764\">\n<li data-start=\"2339\" data-end=\"2364\">\n<p data-start=\"2341\" data-end=\"2364\">1 \u00d7 XBB OBD-II-dongle<\/p>\n<\/li>\n<li data-start=\"2365\" data-end=\"2402\">\n<p data-start=\"2367\" data-end=\"2402\">1 \u00d7 XBB PowerUnit (tr\u00e5dl\u00f8st rel\u00e9)<\/p>\n<\/li>\n<li data-start=\"2403\" data-end=\"2448\">\n<p data-start=\"2405\" data-end=\"2448\">1 \u00d7 Luxtar rel\u00e9kabelsett master og slave x1<\/p>\n<\/li>\n<li data-start=\"2449\" data-end=\"2481\">\n<p data-start=\"2451\" data-end=\"2481\">1 \u00d7 80A rel\u00e9 med rel\u00e9holder<\/p>\n<\/li>\n<li data-start=\"2482\" data-end=\"2538\">\n<p data-start=\"2484\" data-end=\"2538\">1 \u00d7 ekstra rel\u00e9holder for styring via XBB PowerUnit<\/p>\n<\/li>\n<li data-start=\"2539\" data-end=\"2578\">\n<p data-start=\"2541\" data-end=\"2578\">1 \u00d7 40A sikring med sikringsholder<\/p>\n<\/li>\n<li data-start=\"2579\" data-end=\"2603\">\n<p data-start=\"2581\" data-end=\"2603\">2 m tilkoblingskabel<\/p>\n<\/li>\n<li data-start=\"2604\" data-end=\"2636\">\n<p data-start=\"2606\" data-end=\"2636\">Str\u00f8mkabler og signalkabler<\/p>\n<\/li>\n<li data-start=\"2637\" data-end=\"2708\">\n<p data-start=\"2639\" data-end=\"2708\">Monteringsmateriell (krympeslang, kabelbindere, ringterminaler og skj\u00f8tehylser)<\/p>\n<\/li>\n<li data-start=\"2709\" data-end=\"2764\">\n<p data-start=\"2711\" data-end=\"2764\">Valgbar Deutsch-kontakt: DT-3 | DT-4 | DTP-2 | DTP-4<\/p>\n<\/li>\n<\/ul>\n<h2 data-start=\"2766\" data-end=\"2783\">Kompatibilitet<\/h2>\n<p data-start=\"2785\" data-end=\"2933\">Systemet er utviklet for moderne kj\u00f8ret\u00f8y med OBD-kontakter og st\u00f8ttes av XBBs kj\u00f8ret\u00f8ydatabase. Nye kj\u00f8ret\u00f8yprofiler legges til kontinuerlig via appoppdateringer.<\/p>","protected":false},"excerpt":{"rendered":"<p>Komplett ekstralyspakke med XBB OBD-II-dongel, PowerUnit og Luxtar-rel\u00e9kabelsett Master &amp; Slave x1. En smart plug-and-play-l\u00f8sning for CAN-bussstyrte kj\u00f8ret\u00f8y som gir tr\u00e5dl\u00f8s lyskontroll og kapasitet for kraftige LED-s\u00f8yler og ekstralys.<\/p>","protected":false},"featured_media":27188,"comment_status":"open","ping_status":"closed","template":"","meta":{"_acf_changed":false,"_smort_price_nok":"3087","_smort_price_dkk":"","_smort_price_eur":"","_smort_sale_price_nok":"","_smort_sale_price_dkk":"","_smort_sale_price_eur":"","smort_restorder":"","shipmondo_restorder":"","_kad_blocks_custom_css":"","_kad_blocks_head_custom_js":"","_kad_blocks_body_custom_js":"","_kad_blocks_footer_custom_js":"","smort_custom_pricelist_1":"1849.6","smort_custom_pricelist_2":"1618.4","smort_custom_pricelist_3":"1502.8","smort_custom_pricelist_4":"2312","smort_custom_pricelist_5":"1618.4"},"anvandningsomrade":[],"bilmarken":[],"product_brand":[115],"product_cat":[2487,2795,2490,2497,477,390],"product_tag":[],"class_list":{"0":"post-27187","1":"product","2":"type-product","3":"status-publish","4":"has-post-thumbnail","6":"product_brand-xbb","7":"product_cat-canbus-installation","8":"product_cat-kablar-rela","9":"product_cat-relasats-2","10":"product_cat-xbb","11":"product_cat-canbus-emc","12":"product_cat-installation","14":"first","15":"onbackorder","16":"taxable","17":"shipping-taxable","18":"purchasable","19":"product-type-bundle"},"bundled_by":[],"bundle_stock_status":"instock","bundle_stock_quantity":"","bundle_virtual":false,"bundle_layout":"default","bundle_add_to_cart_form_location":"default","bundle_editable_in_cart":false,"bundle_sold_individually_context":"product","bundle_item_grouping":"parent","bundle_min_size":"","bundle_max_size":"","bundle_price":{"price":{"min":{"incl_tax":"3086.9","excl_tax":"2469.51695304"},"max":{"incl_tax":"3086.9","excl_tax":"2469.51695304"}},"regular_price":{"min":{"incl_tax":"3086.9","excl_tax":"2469.51695304"},"max":{"incl_tax":"3086.9","excl_tax":"2469.51695304"}}},"bundled_items":[{"bundled_item_id":605,"product_id":26249,"menu_order":0,"quantity_min":1,"quantity_max":1,"quantity_default":1,"priced_individually":false,"shipped_individually":false,"override_title":false,"title":"Luxtar rel\u00e9kabelsett master og slave x 1 | 12V | 80A rel\u00e9","override_description":false,"description":"","optional":false,"hide_thumbnail":false,"discount":"","override_variations":false,"allowed_variations":[],"override_default_variation_attributes":false,"default_variation_attributes":[],"single_product_visibility":"visible","cart_visibility":"visible","order_visibility":"visible","single_product_price_visibility":"visible","cart_price_visibility":"visible","order_price_visibility":"visible","stock_status":"in_stock"},{"bundled_item_id":606,"product_id":1538,"menu_order":1,"quantity_min":1,"quantity_max":1,"quantity_default":1,"priced_individually":false,"shipped_individually":false,"override_title":false,"title":"XBB OBD-II-dongle + PowerUnit","override_description":false,"description":"","optional":false,"hide_thumbnail":false,"discount":"","override_variations":false,"allowed_variations":[],"override_default_variation_attributes":false,"default_variation_attributes":[],"single_product_visibility":"visible","cart_visibility":"visible","order_visibility":"visible","single_product_price_visibility":"visible","cart_price_visibility":"visible","order_price_visibility":"visible","stock_status":"on_backorder"}],"bundle_sell_ids":[],"acf":[],"yoast_head":"<!-- This site is optimized with the Yoast SEO plugin v27.0 - https:\/\/yoast.com\/product\/yoast-seo-wordpress\/ -->\n<title>Luxtar Master &amp; Slave x1 + XBB PowerUnit &amp; Dongel - Xenonkungen Extraljuspaket XBB OBD-II Dongel, PowerUnit &amp; Relay Cable Kit Master &amp; Slave, Luxtar - Xenonkungen<\/title>\n<meta name=\"description\" content=\"K\u00f6p extraljuspaket med XBB OBD-II Dongel, PowerUnit och Luxtar Relay Cable Kit Master &amp; Slave. Smart CAN-busstyrning och h\u00f6g effekt f\u00f6r LED-ramper. Snabb leverans. \u00d6ppet k\u00f6p 30 dagar.\" \/>\n<meta name=\"robots\" content=\"index, follow, max-snippet:-1, max-image-preview:large, max-video-preview:-1\" \/>\n<link rel=\"canonical\" href=\"https:\/\/xenonkungen.com\/no\/produkt\/luxtar-master-slave-x1-xbb-stromforsyningsdongle\/\" \/>\n<meta property=\"og:locale\" content=\"nb_NO\" \/>\n<meta property=\"og:type\" content=\"article\" \/>\n<meta property=\"og:title\" content=\"Luxtar Master &amp; Slave x1 + XBB PowerUnit &amp; Dongel - Xenonkungen Extraljuspaket XBB OBD-II Dongel, PowerUnit &amp; Relay Cable Kit Master &amp; Slave, Luxtar - Xenonkungen\" \/>\n<meta property=\"og:description\" content=\"K\u00f6p extraljuspaket med XBB OBD-II Dongel, PowerUnit och Luxtar Relay Cable Kit Master &amp; Slave. Smart CAN-busstyrning och h\u00f6g effekt f\u00f6r LED-ramper. Snabb leverans. \u00d6ppet k\u00f6p 30 dagar.\" \/>\n<meta property=\"og:url\" content=\"https:\/\/xenonkungen.com\/no\/produkt\/luxtar-master-slave-x1-xbb-stromforsyningsdongle\/\" \/>\n<meta property=\"og:site_name\" content=\"Xenonkungen\" \/>\n<meta property=\"article:modified_time\" content=\"2026-04-26T03:01:23+00:00\" \/>\n<meta property=\"og:image\" content=\"https:\/\/xenonkungen.com\/wp-content\/uploads\/2026\/03\/103220-XBB.png\" \/>\n\t<meta property=\"og:image:width\" content=\"2048\" \/>\n\t<meta property=\"og:image:height\" content=\"1293\" \/>\n\t<meta property=\"og:image:type\" content=\"image\/png\" \/>\n<meta name=\"twitter:card\" content=\"summary_large_image\" \/>\n<meta name=\"twitter:label1\" content=\"Ansl. lesetid\" \/>\n\t<meta name=\"twitter:data1\" content=\"2 minutter\" \/>\n<script type=\"application\/ld+json\" class=\"yoast-schema-graph\">{\"@context\":\"https:\/\/schema.org\",\"@graph\":[{\"@type\":\"WebPage\",\"@id\":\"https:\/\/xenonkungen.com\/produkt\/luxtar-master-slave-x1-xbb-powerunit-dongel\/\",\"url\":\"https:\/\/xenonkungen.com\/produkt\/luxtar-master-slave-x1-xbb-powerunit-dongel\/\",\"name\":\"Luxtar Master & Slave x1 + XBB PowerUnit & Dongel - Xenonkungen Extraljuspaket XBB OBD-II Dongel, PowerUnit & Relay Cable Kit Master & Slave, Luxtar - Xenonkungen\",\"isPartOf\":{\"@id\":\"https:\/\/xenonkungen.com\/#website\"},\"primaryImageOfPage\":{\"@id\":\"https:\/\/xenonkungen.com\/produkt\/luxtar-master-slave-x1-xbb-powerunit-dongel\/#primaryimage\"},\"image\":{\"@id\":\"https:\/\/xenonkungen.com\/produkt\/luxtar-master-slave-x1-xbb-powerunit-dongel\/#primaryimage\"},\"thumbnailUrl\":\"https:\/\/xenonkungen.com\/wp-content\/uploads\/2026\/03\/103220-XBB.png\",\"datePublished\":\"2026-03-05T12:57:49+00:00\",\"dateModified\":\"2026-04-26T03:01:23+00:00\",\"description\":\"K\u00f6p extraljuspaket med XBB OBD-II Dongel, PowerUnit och Luxtar Relay Cable Kit Master & Slave. Smart CAN-busstyrning och h\u00f6g effekt f\u00f6r LED-ramper. Snabb leverans. \u00d6ppet k\u00f6p 30 dagar.\",\"breadcrumb\":{\"@id\":\"https:\/\/xenonkungen.com\/produkt\/luxtar-master-slave-x1-xbb-powerunit-dongel\/#breadcrumb\"},\"inLanguage\":\"nb-NO\",\"potentialAction\":[{\"@type\":\"ReadAction\",\"target\":[\"https:\/\/xenonkungen.com\/produkt\/luxtar-master-slave-x1-xbb-powerunit-dongel\/\"]}]},{\"@type\":\"ImageObject\",\"inLanguage\":\"nb-NO\",\"@id\":\"https:\/\/xenonkungen.com\/produkt\/luxtar-master-slave-x1-xbb-powerunit-dongel\/#primaryimage\",\"url\":\"https:\/\/xenonkungen.com\/wp-content\/uploads\/2026\/03\/103220-XBB.png\",\"contentUrl\":\"https:\/\/xenonkungen.com\/wp-content\/uploads\/2026\/03\/103220-XBB.png\",\"width\":2048,\"height\":1293},{\"@type\":\"BreadcrumbList\",\"@id\":\"https:\/\/xenonkungen.com\/produkt\/luxtar-master-slave-x1-xbb-powerunit-dongel\/#breadcrumb\",\"itemListElement\":[{\"@type\":\"ListItem\",\"position\":1,\"name\":\"Hem\",\"item\":\"https:\/\/xenonkungen.com\/\"},{\"@type\":\"ListItem\",\"position\":2,\"name\":\"Shop\",\"item\":\"https:\/\/xenonkungen.com\/shop\/\"},{\"@type\":\"ListItem\",\"position\":3,\"name\":\"Luxtar Master &#038; Slave x1 + XBB PowerUnit &#038; Dongel\"}]},{\"@type\":\"WebSite\",\"@id\":\"https:\/\/xenonkungen.com\/#website\",\"url\":\"https:\/\/xenonkungen.com\/\",\"name\":\"Xenonkungen\",\"description\":\"\",\"potentialAction\":[{\"@type\":\"SearchAction\",\"target\":{\"@type\":\"EntryPoint\",\"urlTemplate\":\"https:\/\/xenonkungen.com\/?s={search_term_string}\"},\"query-input\":{\"@type\":\"PropertyValueSpecification\",\"valueRequired\":true,\"valueName\":\"search_term_string\"}}],\"inLanguage\":\"nb-NO\"}]}<\/script>\n<!-- \/ Yoast SEO plugin. -->","yoast_head_json":{"title":"Luxtar Master &amp; Slave x1 + XBB PowerUnit &amp; Dongle \u2013 Xenon King Ekstra lyspakke XBB OBD-II Dongle, PowerUnit &amp; Rel\u00e9kabelsett Master &amp; Slave, Luxtar \u2013 Xenon King","description":"Kj\u00f8p ekstra lyspakke med XBB OBD-II Dongel, PowerUnit og Luxtar Relay Cable Kit Master &amp; Slave. Smart CAN-busskontroll og h\u00f8y effekt for LED-ramper. Rask levering. \u00c5pent kj\u00f8p i 30 dager.","robots":{"index":"index","follow":"follow","max-snippet":"max-snippet:-1","max-image-preview":"max-image-preview:large","max-video-preview":"max-video-preview:-1"},"canonical":"https:\/\/xenonkungen.com\/no\/produkt\/luxtar-master-slave-x1-xbb-stromforsyningsdongle\/","og_locale":"nb_NO","og_type":"article","og_title":"Luxtar Master & Slave x1 + XBB PowerUnit & Dongel - Xenonkungen Extraljuspaket XBB OBD-II Dongel, PowerUnit & Relay Cable Kit Master & Slave, Luxtar - Xenonkungen","og_description":"K\u00f6p extraljuspaket med XBB OBD-II Dongel, PowerUnit och Luxtar Relay Cable Kit Master & Slave. Smart CAN-busstyrning och h\u00f6g effekt f\u00f6r LED-ramper. Snabb leverans. \u00d6ppet k\u00f6p 30 dagar.","og_url":"https:\/\/xenonkungen.com\/no\/produkt\/luxtar-master-slave-x1-xbb-stromforsyningsdongle\/","og_site_name":"Xenonkungen","article_modified_time":"2026-04-26T03:01:23+00:00","og_image":[{"width":2048,"height":1293,"url":"https:\/\/xenonkungen.com\/wp-content\/uploads\/2026\/03\/103220-XBB.png","type":"image\/png"}],"twitter_card":"summary_large_image","twitter_misc":{"Ansl. lesetid":"2 minutter"},"schema":{"@context":"https:\/\/schema.org","@graph":[{"@type":"WebPage","@id":"https:\/\/xenonkungen.com\/produkt\/luxtar-master-slave-x1-xbb-powerunit-dongel\/","url":"https:\/\/xenonkungen.com\/produkt\/luxtar-master-slave-x1-xbb-powerunit-dongel\/","name":"Luxtar Master &amp; Slave x1 + XBB PowerUnit &amp; Dongle \u2013 Xenon King Ekstra lyspakke XBB OBD-II Dongle, PowerUnit &amp; Rel\u00e9kabelsett Master &amp; Slave, Luxtar \u2013 Xenon King","isPartOf":{"@id":"https:\/\/xenonkungen.com\/#website"},"primaryImageOfPage":{"@id":"https:\/\/xenonkungen.com\/produkt\/luxtar-master-slave-x1-xbb-powerunit-dongel\/#primaryimage"},"image":{"@id":"https:\/\/xenonkungen.com\/produkt\/luxtar-master-slave-x1-xbb-powerunit-dongel\/#primaryimage"},"thumbnailUrl":"https:\/\/xenonkungen.com\/wp-content\/uploads\/2026\/03\/103220-XBB.png","datePublished":"2026-03-05T12:57:49+00:00","dateModified":"2026-04-26T03:01:23+00:00","description":"Kj\u00f8p ekstra lyspakke med XBB OBD-II Dongel, PowerUnit og Luxtar Relay Cable Kit Master &amp; Slave. Smart CAN-busskontroll og h\u00f8y effekt for LED-ramper. Rask levering. \u00c5pent kj\u00f8p i 30 dager.","breadcrumb":{"@id":"https:\/\/xenonkungen.com\/produkt\/luxtar-master-slave-x1-xbb-powerunit-dongel\/#breadcrumb"},"inLanguage":"nb-NO","potentialAction":[{"@type":"ReadAction","target":["https:\/\/xenonkungen.com\/produkt\/luxtar-master-slave-x1-xbb-powerunit-dongel\/"]}]},{"@type":"ImageObject","inLanguage":"nb-NO","@id":"https:\/\/xenonkungen.com\/produkt\/luxtar-master-slave-x1-xbb-powerunit-dongel\/#primaryimage","url":"https:\/\/xenonkungen.com\/wp-content\/uploads\/2026\/03\/103220-XBB.png","contentUrl":"https:\/\/xenonkungen.com\/wp-content\/uploads\/2026\/03\/103220-XBB.png","width":2048,"height":1293},{"@type":"BreadcrumbList","@id":"https:\/\/xenonkungen.com\/produkt\/luxtar-master-slave-x1-xbb-powerunit-dongel\/#breadcrumb","itemListElement":[{"@type":"ListItem","position":1,"name":"Hem","item":"https:\/\/xenonkungen.com\/"},{"@type":"ListItem","position":2,"name":"Shop","item":"https:\/\/xenonkungen.com\/shop\/"},{"@type":"ListItem","position":3,"name":"Luxtar Master &#038; Slave x1 + XBB PowerUnit &#038; Dongel"}]},{"@type":"WebSite","@id":"https:\/\/xenonkungen.com\/#website","url":"https:\/\/xenonkungen.com\/","name":"Xenonkungen","description":"","potentialAction":[{"@type":"SearchAction","target":{"@type":"EntryPoint","urlTemplate":"https:\/\/xenonkungen.com\/?s={search_term_string}"},"query-input":{"@type":"PropertyValueSpecification","valueRequired":true,"valueName":"search_term_string"}}],"inLanguage":"nb-NO"}]}},"taxonomy_info":{"product_brand":[{"value":115,"label":"XBB"}],"product_cat":[{"value":2487,"label":"Canbus"},{"value":2795,"label":"Kablar och Rel\u00e4"},{"value":2490,"label":"Rel\u00e4satser"},{"value":2497,"label":"XBB"},{"value":477,"label":"Canbus | EMC"},{"value":390,"label":"Installation"}]},"featured_image_src_large":["https:\/\/xenonkungen.com\/wp-content\/uploads\/2026\/03\/103220-XBB-1024x647.png",1024,647,true],"author_info":[],"comment_info":0,"_links":{"self":[{"href":"https:\/\/xenonkungen.com\/no\/wp-json\/wp\/v2\/product\/27187","targetHints":{"allow":["GET"]}}],"collection":[{"href":"https:\/\/xenonkungen.com\/no\/wp-json\/wp\/v2\/product"}],"about":[{"href":"https:\/\/xenonkungen.com\/no\/wp-json\/wp\/v2\/types\/product"}],"replies":[{"embeddable":true,"href":"https:\/\/xenonkungen.com\/no\/wp-json\/wp\/v2\/comments?post=27187"}],"wp:featuredmedia":[{"embeddable":true,"href":"https:\/\/xenonkungen.com\/no\/wp-json\/wp\/v2\/media\/27188"}],"wp:attachment":[{"href":"https:\/\/xenonkungen.com\/no\/wp-json\/wp\/v2\/media?parent=27187"}],"wp:term":[{"taxonomy":"anvandningsomrade","embeddable":true,"href":"https:\/\/xenonkungen.com\/no\/wp-json\/wp\/v2\/anvandningsomrade?post=27187"},{"taxonomy":"bilmarken","embeddable":true,"href":"https:\/\/xenonkungen.com\/no\/wp-json\/wp\/v2\/bilmarken?post=27187"},{"taxonomy":"product_brand","embeddable":true,"href":"https:\/\/xenonkungen.com\/no\/wp-json\/wp\/v2\/product_brand?post=27187"},{"taxonomy":"product_cat","embeddable":true,"href":"https:\/\/xenonkungen.com\/no\/wp-json\/wp\/v2\/product_cat?post=27187"},{"taxonomy":"product_tag","embeddable":true,"href":"https:\/\/xenonkungen.com\/no\/wp-json\/wp\/v2\/product_tag?post=27187"}],"curies":[{"name":"wp","href":"https:\/\/api.w.org\/{rel}","templated":true}]}}