{"id":2725,"date":"2025-04-15T08:41:34","date_gmt":"2025-04-15T08:41:34","guid":{"rendered":"https:\/\/xenonkungen.com\/product\/extraljusfaste-till-x20-ledramp-infallnadsfaste\/"},"modified":"2026-03-25T09:21:22","modified_gmt":"2026-03-25T08:21:22","slug":"ekstra-lysarmatur-for-x20-led-rampe-innfelt-armatur","status":"publish","type":"product","link":"https:\/\/xenonkungen.com\/no\/produkt\/ekstra-lysarmatur-for-x20-led-rampe-innfelt-armatur\/","title":{"rendered":"Ekstra lysbrakett for X20 LED rampe | Innfelt brakett"},"content":{"rendered":"<h1>Ekstra lysbrakett | Innfelt brakett for Luxtar X20 LED-rampe<\/h1>\n<p>Denne ekstralysbraketten er spesialdesignet for \u00e5 passe til Luxtar X20 LED-lysbjelken v\u00e5r. Braketten er laget av pulverlakkert metallplate og gir en robust og holdbar montering i tillegg til en estetisk tiltalende l\u00f8sning for diskret montering av lyktestangen bak nummerskiltet.<\/p>\n<p>Braketten gir et elegant og innfelt utseende, som ikke bare ser bra ut, men som ogs\u00e5 er funksjonelt og holder lyktestangen sikkert p\u00e5 plass under alle kj\u00f8reforhold.<\/p>","protected":false},"excerpt":{"rendered":"<p>V\u00e5r spesialtilpassede brakett for Luxtar X20, for de som \u00f8nsker \u00e5 ha h\u00e5ndlisten innfelt i fronten, slik at den ikke p\u00e5virker bilens utseende.<\/p>","protected":false},"featured_media":2726,"comment_status":"closed","ping_status":"open","template":"","meta":{"_acf_changed":false,"_smort_price_nok":"533","_smort_price_dkk":"339","_smort_price_eur":"45.36","_smort_sale_price_nok":"","_smort_sale_price_dkk":"","_smort_sale_price_eur":"","smort_restorder":"","shipmondo_restorder":"","_kad_blocks_custom_css":"","_kad_blocks_head_custom_js":"","_kad_blocks_body_custom_js":"","_kad_blocks_footer_custom_js":"","smort_custom_pricelist_1":"319.36","smort_custom_pricelist_2":"259.48","smort_custom_pricelist_3":"246.51","smort_custom_pricelist_4":"399.2","smort_custom_pricelist_5":"259.48"},"anvandningsomrade":[],"bilmarken":[],"product_brand":[],"product_cat":[2534,2461,2535,2536,390],"product_tag":[],"class_list":{"0":"post-2725","1":"product","2":"type-product","3":"status-publish","4":"has-post-thumbnail","6":"product_cat-extraljusfaste-extraljus","7":"product_cat-fasten-installation","8":"product_cat-tillbehor-ledramper","9":"product_cat-tillbehor-tillbehor-ledramper","10":"product_cat-installation","12":"first","13":"instock","14":"taxable","15":"shipping-taxable","16":"purchasable","17":"product-type-simple"},"bundled_by":[],"bundle_stock_status":"instock","bundle_stock_quantity":25,"bundle_virtual":false,"bundle_layout":"","bundle_add_to_cart_form_location":"","bundle_editable_in_cart":false,"bundle_sold_individually_context":"","bundle_item_grouping":"","bundle_min_size":"","bundle_max_size":"","bundle_price":[],"bundled_items":[],"bundle_sell_ids":[],"acf":[],"yoast_head":"<!-- This site is optimized with the Yoast SEO plugin v27.0 - https:\/\/yoast.com\/product\/yoast-seo-wordpress\/ -->\n<title>Extraljusf\u00e4ste till X20 LEDramp | Inf\u00e4llnadsf\u00e4ste - Xenonkungen<\/title>\n<meta name=\"robots\" content=\"index, follow, max-snippet:-1, max-image-preview:large, max-video-preview:-1\" \/>\n<link rel=\"canonical\" href=\"http:\/\/xenonkungen.com\/no\/produkt\/ekstra-lysarmatur-for-x20-led-rampe-innfelt-armatur\/\" \/>\n<meta property=\"og:locale\" content=\"nb_NO\" \/>\n<meta property=\"og:type\" content=\"article\" \/>\n<meta property=\"og:title\" content=\"Extraljusf\u00e4ste till X20 LEDramp | Inf\u00e4llnadsf\u00e4ste - Xenonkungen\" \/>\n<meta property=\"og:description\" content=\"V\u00e5rt modellanpassade f\u00e4ste f\u00f6r Luxtar X20, f\u00f6r dig som vill ha din ledramp inf\u00e4lld i fronten, f\u00f6r att inte p\u00e5verka utseendet p\u00e5 bilen.\" \/>\n<meta property=\"og:url\" content=\"http:\/\/xenonkungen.com\/no\/produkt\/ekstra-lysarmatur-for-x20-led-rampe-innfelt-armatur\/\" \/>\n<meta property=\"og:site_name\" content=\"Xenonkungen\" \/>\n<meta property=\"article:modified_time\" content=\"2026-03-25T08:21:22+00:00\" \/>\n<meta property=\"og:image\" content=\"https:\/\/xenonkungen.com\/wp-content\/uploads\/2025\/04\/167049069-origpic-96c6fa.png\" \/>\n\t<meta property=\"og:image:width\" content=\"1000\" \/>\n\t<meta property=\"og:image:height\" content=\"1000\" \/>\n\t<meta property=\"og:image:type\" content=\"image\/png\" \/>\n<meta name=\"twitter:card\" content=\"summary_large_image\" \/>\n<script type=\"application\/ld+json\" class=\"yoast-schema-graph\">{\"@context\":\"https:\/\/schema.org\",\"@graph\":[{\"@type\":\"WebPage\",\"@id\":\"http:\/\/xenonkungen.com\/no\/produkt\/ekstra-lysarmatur-for-x20-led-rampe-innfelt-armatur\/\",\"url\":\"http:\/\/xenonkungen.com\/no\/produkt\/ekstra-lysarmatur-for-x20-led-rampe-innfelt-armatur\/\",\"name\":\"Extraljusf\u00e4ste till X20 LEDramp | Inf\u00e4llnadsf\u00e4ste - Xenonkungen\",\"isPartOf\":{\"@id\":\"https:\/\/xenonkungen.com\/#website\"},\"primaryImageOfPage\":{\"@id\":\"http:\/\/xenonkungen.com\/no\/produkt\/ekstra-lysarmatur-for-x20-led-rampe-innfelt-armatur\/#primaryimage\"},\"image\":{\"@id\":\"http:\/\/xenonkungen.com\/no\/produkt\/ekstra-lysarmatur-for-x20-led-rampe-innfelt-armatur\/#primaryimage\"},\"thumbnailUrl\":\"https:\/\/xenonkungen.com\/wp-content\/uploads\/2025\/04\/167049069-origpic-96c6fa.png\",\"datePublished\":\"2025-04-15T08:41:34+00:00\",\"dateModified\":\"2026-03-25T08:21:22+00:00\",\"breadcrumb\":{\"@id\":\"http:\/\/xenonkungen.com\/no\/produkt\/ekstra-lysarmatur-for-x20-led-rampe-innfelt-armatur\/#breadcrumb\"},\"inLanguage\":\"nb-NO\",\"potentialAction\":[{\"@type\":\"ReadAction\",\"target\":[\"http:\/\/xenonkungen.com\/no\/produkt\/ekstra-lysarmatur-for-x20-led-rampe-innfelt-armatur\/\"]}]},{\"@type\":\"ImageObject\",\"inLanguage\":\"nb-NO\",\"@id\":\"http:\/\/xenonkungen.com\/no\/produkt\/ekstra-lysarmatur-for-x20-led-rampe-innfelt-armatur\/#primaryimage\",\"url\":\"https:\/\/xenonkungen.com\/wp-content\/uploads\/2025\/04\/167049069-origpic-96c6fa.png\",\"contentUrl\":\"https:\/\/xenonkungen.com\/wp-content\/uploads\/2025\/04\/167049069-origpic-96c6fa.png\",\"width\":1000,\"height\":1000},{\"@type\":\"BreadcrumbList\",\"@id\":\"http:\/\/xenonkungen.com\/no\/produkt\/ekstra-lysarmatur-for-x20-led-rampe-innfelt-armatur\/#breadcrumb\",\"itemListElement\":[{\"@type\":\"ListItem\",\"position\":1,\"name\":\"Hem\",\"item\":\"https:\/\/xenonkungen.com\/\"},{\"@type\":\"ListItem\",\"position\":2,\"name\":\"Shop\",\"item\":\"https:\/\/xenonkungen.com\/shop\/\"},{\"@type\":\"ListItem\",\"position\":3,\"name\":\"Extraljusf\u00e4ste till X20 LEDramp | Inf\u00e4llnadsf\u00e4ste\"}]},{\"@type\":\"WebSite\",\"@id\":\"https:\/\/xenonkungen.com\/#website\",\"url\":\"https:\/\/xenonkungen.com\/\",\"name\":\"Xenonkungen\",\"description\":\"\",\"potentialAction\":[{\"@type\":\"SearchAction\",\"target\":{\"@type\":\"EntryPoint\",\"urlTemplate\":\"https:\/\/xenonkungen.com\/?s={search_term_string}\"},\"query-input\":{\"@type\":\"PropertyValueSpecification\",\"valueRequired\":true,\"valueName\":\"search_term_string\"}}],\"inLanguage\":\"nb-NO\"}]}<\/script>\n<!-- \/ Yoast SEO plugin. -->","yoast_head_json":{"title":"Ekstralysbrakett for X20 LED-rampe | Innfelt brakett - Xenonkungen","robots":{"index":"index","follow":"follow","max-snippet":"max-snippet:-1","max-image-preview":"max-image-preview:large","max-video-preview":"max-video-preview:-1"},"canonical":"http:\/\/xenonkungen.com\/no\/produkt\/ekstra-lysarmatur-for-x20-led-rampe-innfelt-armatur\/","og_locale":"nb_NO","og_type":"article","og_title":"Extraljusf\u00e4ste till X20 LEDramp | Inf\u00e4llnadsf\u00e4ste - Xenonkungen","og_description":"V\u00e5rt modellanpassade f\u00e4ste f\u00f6r Luxtar X20, f\u00f6r dig som vill ha din ledramp inf\u00e4lld i fronten, f\u00f6r att inte p\u00e5verka utseendet p\u00e5 bilen.","og_url":"http:\/\/xenonkungen.com\/no\/produkt\/ekstra-lysarmatur-for-x20-led-rampe-innfelt-armatur\/","og_site_name":"Xenonkungen","article_modified_time":"2026-03-25T08:21:22+00:00","og_image":[{"width":1000,"height":1000,"url":"https:\/\/xenonkungen.com\/wp-content\/uploads\/2025\/04\/167049069-origpic-96c6fa.png","type":"image\/png"}],"twitter_card":"summary_large_image","schema":{"@context":"https:\/\/schema.org","@graph":[{"@type":"WebPage","@id":"http:\/\/xenonkungen.com\/no\/produkt\/ekstra-lysarmatur-for-x20-led-rampe-innfelt-armatur\/","url":"http:\/\/xenonkungen.com\/no\/produkt\/ekstra-lysarmatur-for-x20-led-rampe-innfelt-armatur\/","name":"Ekstralysbrakett for X20 LED-rampe | Innfelt brakett - Xenonkungen","isPartOf":{"@id":"https:\/\/xenonkungen.com\/#website"},"primaryImageOfPage":{"@id":"http:\/\/xenonkungen.com\/no\/produkt\/ekstra-lysarmatur-for-x20-led-rampe-innfelt-armatur\/#primaryimage"},"image":{"@id":"http:\/\/xenonkungen.com\/no\/produkt\/ekstra-lysarmatur-for-x20-led-rampe-innfelt-armatur\/#primaryimage"},"thumbnailUrl":"https:\/\/xenonkungen.com\/wp-content\/uploads\/2025\/04\/167049069-origpic-96c6fa.png","datePublished":"2025-04-15T08:41:34+00:00","dateModified":"2026-03-25T08:21:22+00:00","breadcrumb":{"@id":"http:\/\/xenonkungen.com\/no\/produkt\/ekstra-lysarmatur-for-x20-led-rampe-innfelt-armatur\/#breadcrumb"},"inLanguage":"nb-NO","potentialAction":[{"@type":"ReadAction","target":["http:\/\/xenonkungen.com\/no\/produkt\/ekstra-lysarmatur-for-x20-led-rampe-innfelt-armatur\/"]}]},{"@type":"ImageObject","inLanguage":"nb-NO","@id":"http:\/\/xenonkungen.com\/no\/produkt\/ekstra-lysarmatur-for-x20-led-rampe-innfelt-armatur\/#primaryimage","url":"https:\/\/xenonkungen.com\/wp-content\/uploads\/2025\/04\/167049069-origpic-96c6fa.png","contentUrl":"https:\/\/xenonkungen.com\/wp-content\/uploads\/2025\/04\/167049069-origpic-96c6fa.png","width":1000,"height":1000},{"@type":"BreadcrumbList","@id":"http:\/\/xenonkungen.com\/no\/produkt\/ekstra-lysarmatur-for-x20-led-rampe-innfelt-armatur\/#breadcrumb","itemListElement":[{"@type":"ListItem","position":1,"name":"Hem","item":"https:\/\/xenonkungen.com\/"},{"@type":"ListItem","position":2,"name":"Shop","item":"https:\/\/xenonkungen.com\/shop\/"},{"@type":"ListItem","position":3,"name":"Extraljusf\u00e4ste till X20 LEDramp | Inf\u00e4llnadsf\u00e4ste"}]},{"@type":"WebSite","@id":"https:\/\/xenonkungen.com\/#website","url":"https:\/\/xenonkungen.com\/","name":"Xenonkungen","description":"","potentialAction":[{"@type":"SearchAction","target":{"@type":"EntryPoint","urlTemplate":"https:\/\/xenonkungen.com\/?s={search_term_string}"},"query-input":{"@type":"PropertyValueSpecification","valueRequired":true,"valueName":"search_term_string"}}],"inLanguage":"nb-NO"}]}},"taxonomy_info":{"product_cat":[{"value":2534,"label":"Extraljusf\u00e4ste"},{"value":2461,"label":"F\u00e4sten"},{"value":2535,"label":"LEDRAMPER"},{"value":2536,"label":"Tillbeh\u00f6r"},{"value":390,"label":"Installation"}]},"featured_image_src_large":["https:\/\/xenonkungen.com\/wp-content\/uploads\/2025\/04\/167049069-origpic-96c6fa.png",1000,1000,false],"author_info":[],"comment_info":3,"_links":{"self":[{"href":"https:\/\/xenonkungen.com\/no\/wp-json\/wp\/v2\/product\/2725","targetHints":{"allow":["GET"]}}],"collection":[{"href":"https:\/\/xenonkungen.com\/no\/wp-json\/wp\/v2\/product"}],"about":[{"href":"https:\/\/xenonkungen.com\/no\/wp-json\/wp\/v2\/types\/product"}],"replies":[{"embeddable":true,"href":"https:\/\/xenonkungen.com\/no\/wp-json\/wp\/v2\/comments?post=2725"}],"wp:featuredmedia":[{"embeddable":true,"href":"https:\/\/xenonkungen.com\/no\/wp-json\/wp\/v2\/media\/2726"}],"wp:attachment":[{"href":"https:\/\/xenonkungen.com\/no\/wp-json\/wp\/v2\/media?parent=2725"}],"wp:term":[{"taxonomy":"anvandningsomrade","embeddable":true,"href":"https:\/\/xenonkungen.com\/no\/wp-json\/wp\/v2\/anvandningsomrade?post=2725"},{"taxonomy":"bilmarken","embeddable":true,"href":"https:\/\/xenonkungen.com\/no\/wp-json\/wp\/v2\/bilmarken?post=2725"},{"taxonomy":"product_brand","embeddable":true,"href":"https:\/\/xenonkungen.com\/no\/wp-json\/wp\/v2\/product_brand?post=2725"},{"taxonomy":"product_cat","embeddable":true,"href":"https:\/\/xenonkungen.com\/no\/wp-json\/wp\/v2\/product_cat?post=2725"},{"taxonomy":"product_tag","embeddable":true,"href":"https:\/\/xenonkungen.com\/no\/wp-json\/wp\/v2\/product_tag?post=2725"}],"curies":[{"name":"wp","href":"https:\/\/api.w.org\/{rel}","templated":true}]}}