{"id":27709,"date":"2026-03-13T15:09:58","date_gmt":"2026-03-13T14:09:58","guid":{"rendered":"https:\/\/xenonkungen.com\/?post_type=product&#038;p=27709"},"modified":"2026-05-11T10:37:08","modified_gmt":"2026-05-11T09:37:08","slug":"tershine-amplify-vatlakk-500-ml","status":"publish","type":"product","link":"https:\/\/xenonkungen.com\/no\/produkt\/tershine-amplify-vatlakk-500-ml\/","title":{"rendered":"Tershine Amplify \u2013 V\u00e5tlakk 500 ml"},"content":{"rendered":"<p>Beskytt kj\u00f8ret\u00f8yet ditt p\u00e5 kort tid, spray p\u00e5 v\u00e5t overflate og skyll av! Ekstremt enkel \u00e5 bruke og fungerer p\u00e5 s\u00e5 godt som alle typer overflater som lakk, plast og glass!<\/p>\n<p><strong>Skaper enorm avrenning og masse glans<br \/>\nFortynnbar<br \/>\nEkstremt enkel \u00e5 p\u00e5f\u00f8re<br \/>\nFungerer p\u00e5 alle overflater og kj\u00f8ret\u00f8y<br \/>\nLang holdbarhet<br \/>\nProduktet er ikke klassifisert som merkepliktig i henhold til CLP-forordning (EF) 1272\/2008.<br \/>\nDet\/de overflateaktive stoffet\/stoffene i dette preparatet oppfyller kriteriene for biologisk nedbrytbarhet i EU-forordning (EF) nr. 648\/2004 om vaske- og rengj\u00f8ringsmidler.<\/p>\n<p><\/strong><\/p>\n<p><strong>Slik bruker du Amplify \u2013 Wet Coat\u00a0<\/strong><\/p>\n<p><strong>1.\u00a0<\/strong>Vask kj\u00f8ret\u00f8yet med alle trinnene, unng\u00e5 sjampoer med avrenningsmiddel som Purify S+ osv. (kan bli litt for mye av det gode)! Selvf\u00f8lgelig kan du det, men fortynn deretter Amplify med vann for \u00e5 v\u00e6re p\u00e5 den sikre siden.\u00a0<strong><br \/>\n2.\u00a0<\/strong>Spray p\u00e5 v\u00e5t overflate<strong><br \/>\n3.\u00a0<\/strong>Skyll grundig.<strong><br \/>\n4.\u00a0<\/strong>T\u00f8rk av med en mikrofiberklut etter eget valg<strong><br \/>\n5.\u00a0<\/strong>Ja, vi vet, det er helt spr\u00f8tt!<\/p>\n<p><strong>Hva er Amplify \u2013 Wet Coat?<\/strong><\/p>\n<p>Amplify \u2013 Wet Coat er et keramisk v\u00e5tt str\u00f8k som er den enkleste m\u00e5ten \u00e5 f\u00e5 lakkbeskyttelse og glans p\u00e5 kort tid.<\/p>\n<p>Veldig enkel \u00e5 bruke og gir fantastisk drenering, glans og beskyttelse uten ekstra dilldolls. Fungerer like bra p\u00e5 wraps, PPF, matt maling, plast, glass og felger. Kan fortynnes helt opp til 1:10 (rimelig!).<\/p>\n<p>Lukter fantastisk av eksotiske frukter, tenk Fanta Exotic (nok). Fungerer p\u00e5 nesten alle materialer som maling, glass, plast, gelcoat, aluminium, gummi osv. Husk at produktet er veldig tykt, s\u00e5 du kommer langt med bare en liten dusj. Finn ut hva du liker, og test gjerne p\u00e5 ett panel om gangen f\u00f8r du blir kjent med produktet. Som vanlig med produktene v\u00e5re, mindre er mer!<\/p>\n<p>Kan fortynnes med vann opptil 1:10, men pr\u00f8v gjerne ut det du liker best selv. Det kommer an p\u00e5 hvor god basen er. Hvis du har all v\u00e5r beskyttelse under, som Magnify \u2013 Coating, Refract \u2013 Ceramic spray paint Protection osv., fungerer det fint \u00e5 fortynne med vann. Den er imidlertid ment \u00e5 brukes som den er, s\u00e5 igjen, pr\u00f8v gjerne ut det du liker best selv. Unng\u00e5 direkte sollys under bruk eller veldig sterk vind.<\/p>\n<p><strong>Tupp<\/strong>S\u00f8rg for at overflaten er kj\u00f8lig og grundig rengjort (skyll grundig). Start alltid med ett eller to paneler og skyll deretter av, slik at du vet hvordan det fungerer i ditt spesifikke milj\u00f8. Husk at det er superpotent, mindre er mer, og unng\u00e5 sol\/vind.<\/p>\n<p>Hvis det mot formodning skulle oppst\u00e5 en eller annen form for flamme, er det bare \u00e5 pusse den bort n\u00e5r du t\u00f8rker bilen med mikrofiberkluten, eller hvis den allerede har herdet, er den enkleste m\u00e5ten \u00e5 bruke en fuktig klut og Apex+ \u2013 Gloss Booster! Hvis det ikke fungerer, svamp inn Dissolve \u2013 Cold Degreasing eller Prime \u2013 Panel Wipe, s\u00e5 vil den forsvinne.<\/p>\n<p>Husk at hvis du er utend\u00f8rs, vil vind og varme fremskynde blinketiden. Hvis du er litt ukjent med produktet, kan du gjerne bruke ett eller to paneler om gangen og deretter dusje av.<\/p>\n<p>Unng\u00e5 Purify S+ eller andre sjampoer med \u00ablakkbeskyttelse\/drenering\u00bb f\u00f8r bruk. Det fungerer vanligvis, men kan bli litt for mye av det gode! De f\u00f8rste gangene du pr\u00f8ver det, kan det v\u00e6re lurt \u00e5 starte med ett lag om gangen eller fortynne det litt til du er forn\u00f8yd.<\/p>","protected":false},"excerpt":{"rendered":"<p>Keramisk spraymalingsbeskyttelse \/ v\u00e5tlakk som gir en vannavvisende overflate og fantastisk glans p\u00e5 bare noen f\u00e5 sekunder. Spray p\u00e5 en ren og v\u00e5t overflate, vent noen sekunder - og skyll av!<\/p>","protected":false},"featured_media":27710,"comment_status":"open","ping_status":"closed","template":"","meta":{"_acf_changed":false,"_smort_price_nok":"","_smort_price_dkk":"","_smort_price_eur":"","_smort_sale_price_nok":"","_smort_sale_price_dkk":"","_smort_sale_price_eur":"","smort_restorder":"","shipmondo_restorder":"","_kad_blocks_custom_css":"","_kad_blocks_head_custom_js":"","_kad_blocks_body_custom_js":"","_kad_blocks_footer_custom_js":"","smort_custom_pricelist_1":"127.36","smort_custom_pricelist_2":"127.36","smort_custom_pricelist_3":"127.36","smort_custom_pricelist_4":"159.2","smort_custom_pricelist_5":"127.36"},"anvandningsomrade":[],"bilmarken":[],"product_brand":[2893],"product_cat":[2989,2614,378],"product_tag":[],"class_list":{"0":"post-27709","1":"product","2":"type-product","3":"status-publish","4":"has-post-thumbnail","6":"product_brand-tershine","7":"product_cat-avfettning","8":"product_cat-lackskydd","9":"product_cat-bilvard","11":"first","12":"instock","13":"taxable","14":"shipping-taxable","15":"purchasable","16":"product-type-simple"},"bundled_by":[],"bundle_stock_status":"instock","bundle_stock_quantity":6,"bundle_virtual":false,"bundle_layout":"","bundle_add_to_cart_form_location":"","bundle_editable_in_cart":false,"bundle_sold_individually_context":"","bundle_item_grouping":"","bundle_min_size":"","bundle_max_size":"","bundle_price":[],"bundled_items":[],"bundle_sell_ids":[],"acf":[],"yoast_head":"<!-- This site is optimized with the Yoast SEO plugin v27.0 - https:\/\/yoast.com\/product\/yoast-seo-wordpress\/ -->\n<title>Tershine Amplify - Wet Coat 500 ml - Xenonkungen<\/title>\n<meta name=\"robots\" content=\"index, follow, max-snippet:-1, max-image-preview:large, max-video-preview:-1\" \/>\n<link rel=\"canonical\" href=\"https:\/\/xenonkungen.com\/no\/produkt\/tershine-amplify-vatlakk-500-ml\/\" \/>\n<meta property=\"og:locale\" content=\"nb_NO\" \/>\n<meta property=\"og:type\" content=\"article\" \/>\n<meta property=\"og:title\" content=\"Tershine Amplify - Wet Coat 500 ml - Xenonkungen\" \/>\n<meta property=\"og:description\" content=\"Keramiskt spraylackskydd \/ Wet Coat som ger en vattenavvisande yta och fantastisk glans p\u00e5 bara n\u00e5gra sekunder. Spraya p\u00e5 ren och v\u00e5t yta, v\u00e4nta n\u00e5gra sekunder - och spola av!\" \/>\n<meta property=\"og:url\" content=\"https:\/\/xenonkungen.com\/no\/produkt\/tershine-amplify-vatlakk-500-ml\/\" \/>\n<meta property=\"og:site_name\" content=\"Xenonkungen\" \/>\n<meta property=\"article:modified_time\" content=\"2026-05-11T09:37:08+00:00\" \/>\n<meta property=\"og:image\" content=\"https:\/\/xenonkungen.com\/wp-content\/uploads\/2026\/03\/LzyWVCupLRI2VzAMDWpr0mEzylC9m5F9LnrLD8RC.webp\" \/>\n\t<meta property=\"og:image:width\" content=\"1024\" \/>\n\t<meta property=\"og:image:height\" content=\"1024\" \/>\n\t<meta property=\"og:image:type\" content=\"image\/webp\" \/>\n<meta name=\"twitter:card\" content=\"summary_large_image\" \/>\n<meta name=\"twitter:label1\" content=\"Ansl. lesetid\" \/>\n\t<meta name=\"twitter:data1\" content=\"3 minutter\" \/>\n<script type=\"application\/ld+json\" class=\"yoast-schema-graph\">{\"@context\":\"https:\/\/schema.org\",\"@graph\":[{\"@type\":\"WebPage\",\"@id\":\"https:\/\/xenonkungen.com\/produkt\/tershine-amplify-wet-coat-500-ml\/\",\"url\":\"https:\/\/xenonkungen.com\/produkt\/tershine-amplify-wet-coat-500-ml\/\",\"name\":\"Tershine Amplify - Wet Coat 500 ml - Xenonkungen\",\"isPartOf\":{\"@id\":\"https:\/\/xenonkungen.com\/#website\"},\"primaryImageOfPage\":{\"@id\":\"https:\/\/xenonkungen.com\/produkt\/tershine-amplify-wet-coat-500-ml\/#primaryimage\"},\"image\":{\"@id\":\"https:\/\/xenonkungen.com\/produkt\/tershine-amplify-wet-coat-500-ml\/#primaryimage\"},\"thumbnailUrl\":\"https:\/\/xenonkungen.com\/wp-content\/uploads\/2026\/03\/LzyWVCupLRI2VzAMDWpr0mEzylC9m5F9LnrLD8RC.webp\",\"datePublished\":\"2026-03-13T14:09:58+00:00\",\"dateModified\":\"2026-05-11T09:37:08+00:00\",\"breadcrumb\":{\"@id\":\"https:\/\/xenonkungen.com\/produkt\/tershine-amplify-wet-coat-500-ml\/#breadcrumb\"},\"inLanguage\":\"nb-NO\",\"potentialAction\":[{\"@type\":\"ReadAction\",\"target\":[\"https:\/\/xenonkungen.com\/produkt\/tershine-amplify-wet-coat-500-ml\/\"]}]},{\"@type\":\"ImageObject\",\"inLanguage\":\"nb-NO\",\"@id\":\"https:\/\/xenonkungen.com\/produkt\/tershine-amplify-wet-coat-500-ml\/#primaryimage\",\"url\":\"https:\/\/xenonkungen.com\/wp-content\/uploads\/2026\/03\/LzyWVCupLRI2VzAMDWpr0mEzylC9m5F9LnrLD8RC.webp\",\"contentUrl\":\"https:\/\/xenonkungen.com\/wp-content\/uploads\/2026\/03\/LzyWVCupLRI2VzAMDWpr0mEzylC9m5F9LnrLD8RC.webp\",\"width\":1024,\"height\":1024},{\"@type\":\"BreadcrumbList\",\"@id\":\"https:\/\/xenonkungen.com\/produkt\/tershine-amplify-wet-coat-500-ml\/#breadcrumb\",\"itemListElement\":[{\"@type\":\"ListItem\",\"position\":1,\"name\":\"Hem\",\"item\":\"https:\/\/xenonkungen.com\/\"},{\"@type\":\"ListItem\",\"position\":2,\"name\":\"Shop\",\"item\":\"https:\/\/xenonkungen.com\/shop\/\"},{\"@type\":\"ListItem\",\"position\":3,\"name\":\"Tershine Amplify &#8211; Wet Coat 500 ml\"}]},{\"@type\":\"WebSite\",\"@id\":\"https:\/\/xenonkungen.com\/#website\",\"url\":\"https:\/\/xenonkungen.com\/\",\"name\":\"Xenonkungen\",\"description\":\"\",\"potentialAction\":[{\"@type\":\"SearchAction\",\"target\":{\"@type\":\"EntryPoint\",\"urlTemplate\":\"https:\/\/xenonkungen.com\/?s={search_term_string}\"},\"query-input\":{\"@type\":\"PropertyValueSpecification\",\"valueRequired\":true,\"valueName\":\"search_term_string\"}}],\"inLanguage\":\"nb-NO\"}]}<\/script>\n<!-- \/ Yoast SEO plugin. -->","yoast_head_json":{"title":"Tershine Amplify - V\u00e5tlakk 500 ml - Xenonkongen","robots":{"index":"index","follow":"follow","max-snippet":"max-snippet:-1","max-image-preview":"max-image-preview:large","max-video-preview":"max-video-preview:-1"},"canonical":"https:\/\/xenonkungen.com\/no\/produkt\/tershine-amplify-vatlakk-500-ml\/","og_locale":"nb_NO","og_type":"article","og_title":"Tershine Amplify - Wet Coat 500 ml - Xenonkungen","og_description":"Keramiskt spraylackskydd \/ Wet Coat som ger en vattenavvisande yta och fantastisk glans p\u00e5 bara n\u00e5gra sekunder. Spraya p\u00e5 ren och v\u00e5t yta, v\u00e4nta n\u00e5gra sekunder - och spola av!","og_url":"https:\/\/xenonkungen.com\/no\/produkt\/tershine-amplify-vatlakk-500-ml\/","og_site_name":"Xenonkungen","article_modified_time":"2026-05-11T09:37:08+00:00","og_image":[{"width":1024,"height":1024,"url":"https:\/\/xenonkungen.com\/wp-content\/uploads\/2026\/03\/LzyWVCupLRI2VzAMDWpr0mEzylC9m5F9LnrLD8RC.webp","type":"image\/webp"}],"twitter_card":"summary_large_image","twitter_misc":{"Ansl. lesetid":"3 minutter"},"schema":{"@context":"https:\/\/schema.org","@graph":[{"@type":"WebPage","@id":"https:\/\/xenonkungen.com\/produkt\/tershine-amplify-wet-coat-500-ml\/","url":"https:\/\/xenonkungen.com\/produkt\/tershine-amplify-wet-coat-500-ml\/","name":"Tershine Amplify - V\u00e5tlakk 500 ml - Xenonkongen","isPartOf":{"@id":"https:\/\/xenonkungen.com\/#website"},"primaryImageOfPage":{"@id":"https:\/\/xenonkungen.com\/produkt\/tershine-amplify-wet-coat-500-ml\/#primaryimage"},"image":{"@id":"https:\/\/xenonkungen.com\/produkt\/tershine-amplify-wet-coat-500-ml\/#primaryimage"},"thumbnailUrl":"https:\/\/xenonkungen.com\/wp-content\/uploads\/2026\/03\/LzyWVCupLRI2VzAMDWpr0mEzylC9m5F9LnrLD8RC.webp","datePublished":"2026-03-13T14:09:58+00:00","dateModified":"2026-05-11T09:37:08+00:00","breadcrumb":{"@id":"https:\/\/xenonkungen.com\/produkt\/tershine-amplify-wet-coat-500-ml\/#breadcrumb"},"inLanguage":"nb-NO","potentialAction":[{"@type":"ReadAction","target":["https:\/\/xenonkungen.com\/produkt\/tershine-amplify-wet-coat-500-ml\/"]}]},{"@type":"ImageObject","inLanguage":"nb-NO","@id":"https:\/\/xenonkungen.com\/produkt\/tershine-amplify-wet-coat-500-ml\/#primaryimage","url":"https:\/\/xenonkungen.com\/wp-content\/uploads\/2026\/03\/LzyWVCupLRI2VzAMDWpr0mEzylC9m5F9LnrLD8RC.webp","contentUrl":"https:\/\/xenonkungen.com\/wp-content\/uploads\/2026\/03\/LzyWVCupLRI2VzAMDWpr0mEzylC9m5F9LnrLD8RC.webp","width":1024,"height":1024},{"@type":"BreadcrumbList","@id":"https:\/\/xenonkungen.com\/produkt\/tershine-amplify-wet-coat-500-ml\/#breadcrumb","itemListElement":[{"@type":"ListItem","position":1,"name":"Hem","item":"https:\/\/xenonkungen.com\/"},{"@type":"ListItem","position":2,"name":"Shop","item":"https:\/\/xenonkungen.com\/shop\/"},{"@type":"ListItem","position":3,"name":"Tershine Amplify &#8211; Wet Coat 500 ml"}]},{"@type":"WebSite","@id":"https:\/\/xenonkungen.com\/#website","url":"https:\/\/xenonkungen.com\/","name":"Xenonkungen","description":"","potentialAction":[{"@type":"SearchAction","target":{"@type":"EntryPoint","urlTemplate":"https:\/\/xenonkungen.com\/?s={search_term_string}"},"query-input":{"@type":"PropertyValueSpecification","valueRequired":true,"valueName":"search_term_string"}}],"inLanguage":"nb-NO"}]}},"taxonomy_info":{"product_brand":[{"value":2893,"label":"Tershine"}],"product_cat":[{"value":2989,"label":"2 | Avfettning"},{"value":2614,"label":"4 | Bilvax &amp; Lackskydd"},{"value":378,"label":"Bilv\u00e5rd"}]},"featured_image_src_large":["https:\/\/xenonkungen.com\/wp-content\/uploads\/2026\/03\/LzyWVCupLRI2VzAMDWpr0mEzylC9m5F9LnrLD8RC.webp",1024,1024,false],"author_info":[],"comment_info":0,"_links":{"self":[{"href":"https:\/\/xenonkungen.com\/no\/wp-json\/wp\/v2\/product\/27709","targetHints":{"allow":["GET"]}}],"collection":[{"href":"https:\/\/xenonkungen.com\/no\/wp-json\/wp\/v2\/product"}],"about":[{"href":"https:\/\/xenonkungen.com\/no\/wp-json\/wp\/v2\/types\/product"}],"replies":[{"embeddable":true,"href":"https:\/\/xenonkungen.com\/no\/wp-json\/wp\/v2\/comments?post=27709"}],"wp:featuredmedia":[{"embeddable":true,"href":"https:\/\/xenonkungen.com\/no\/wp-json\/wp\/v2\/media\/27710"}],"wp:attachment":[{"href":"https:\/\/xenonkungen.com\/no\/wp-json\/wp\/v2\/media?parent=27709"}],"wp:term":[{"taxonomy":"anvandningsomrade","embeddable":true,"href":"https:\/\/xenonkungen.com\/no\/wp-json\/wp\/v2\/anvandningsomrade?post=27709"},{"taxonomy":"bilmarken","embeddable":true,"href":"https:\/\/xenonkungen.com\/no\/wp-json\/wp\/v2\/bilmarken?post=27709"},{"taxonomy":"product_brand","embeddable":true,"href":"https:\/\/xenonkungen.com\/no\/wp-json\/wp\/v2\/product_brand?post=27709"},{"taxonomy":"product_cat","embeddable":true,"href":"https:\/\/xenonkungen.com\/no\/wp-json\/wp\/v2\/product_cat?post=27709"},{"taxonomy":"product_tag","embeddable":true,"href":"https:\/\/xenonkungen.com\/no\/wp-json\/wp\/v2\/product_tag?post=27709"}],"curies":[{"name":"wp","href":"https:\/\/api.w.org\/{rel}","templated":true}]}}