{"id":27714,"date":"2026-03-13T15:28:28","date_gmt":"2026-03-13T14:28:28","guid":{"rendered":"https:\/\/xenonkungen.com\/?post_type=product&#038;p=27714"},"modified":"2026-04-24T17:46:59","modified_gmt":"2026-04-24T16:46:59","slug":"tershine-apc-universalrengjoringsmiddel-500-ml","status":"publish","type":"product","link":"https:\/\/xenonkungen.com\/no\/produkt\/tershine-apc-universalrengjoringsmiddel-500-ml\/","title":{"rendered":"Tershine APC \u2013 Universalrengj\u00f8ringsmiddel 500 ml"},"content":{"rendered":"<p style=\"box-sizing: inherit; scroll-behavior: smooth; margin: 0px 0px 1em; padding: 0px; color: #171717; font-family: Manrope, serif;\"><span style=\"box-sizing: border-box; scroll-behavior: smooth; font-style: inherit; font-weight: inherit;\">APC er et supereffektivt plantebasert universalrengj\u00f8ringsmiddel som kommer i flere forskjellige herlige dufter.<\/span><span style=\"box-sizing: border-box; scroll-behavior: smooth; color: #363636; font-weight: bold;\"><br style=\"box-sizing: inherit; scroll-behavior: smooth;\" \/><br style=\"box-sizing: inherit; scroll-behavior: smooth;\" \/><span style=\"box-sizing: inherit; scroll-behavior: smooth;\">Multirens mot de fleste typer smuss<br style=\"box-sizing: inherit; scroll-behavior: smooth;\" \/>Perfekt for bilinteri\u00f8r, kj\u00f8kken, bad, skinn og tekstiler\u00a0\u00a0<br style=\"box-sizing: inherit; scroll-behavior: smooth;\" \/>Fortynnbar!<br style=\"box-sizing: inherit; scroll-behavior: smooth;\" \/>Etterlater ingen irriterende rester<br style=\"box-sizing: inherit; scroll-behavior: smooth;\" \/>Luktblokkerende funksjon eliminerer u\u00f8nsket lukt<br style=\"box-sizing: inherit; scroll-behavior: smooth;\" \/>Plantebaserte r\u00e5varer<\/span><\/span><span style=\"box-sizing: border-box; scroll-behavior: smooth; color: #363636; font-weight: bold;\"><span style=\"box-sizing: inherit; scroll-behavior: smooth;\"><br style=\"box-sizing: inherit; scroll-behavior: smooth;\" \/>Produktet er ikke klassifisert som merkepliktig i henhold til CLP-forordning (EF) 1272\/2008.<br style=\"box-sizing: inherit; scroll-behavior: smooth;\" \/><br style=\"box-sizing: inherit; scroll-behavior: smooth;\" \/><\/span><br style=\"box-sizing: inherit; scroll-behavior: smooth;\" \/>Hva brukes APC \u2013 Allroundrengj\u00f8ring til?<br style=\"box-sizing: inherit; scroll-behavior: smooth;\" \/><br style=\"box-sizing: inherit; scroll-behavior: smooth;\" \/><\/span><span style=\"box-sizing: border-box; scroll-behavior: smooth; font-style: inherit; font-weight: inherit;\">Interi\u00f8ret i alle typer kj\u00f8ret\u00f8y<\/span><span style=\"box-sizing: border-box; scroll-behavior: smooth; font-style: inherit; font-weight: inherit;\"><br style=\"box-sizing: inherit; scroll-behavior: smooth;\" \/>L\u00e6r, tekstil og alcantara<\/span><span style=\"box-sizing: border-box; scroll-behavior: smooth; font-style: inherit; font-weight: inherit;\"><br style=\"box-sizing: inherit; scroll-behavior: smooth;\" \/>Plast og gummi<\/span><span style=\"box-sizing: border-box; scroll-behavior: smooth; font-style: inherit; font-weight: inherit;\"><br style=\"box-sizing: inherit; scroll-behavior: smooth;\" \/>Kj\u00f8kken og bad<\/span><span style=\"box-sizing: border-box; scroll-behavior: smooth; font-style: inherit; font-weight: inherit;\"><br style=\"box-sizing: inherit; scroll-behavior: smooth;\" \/>Mugg<\/span><span style=\"box-sizing: border-box; scroll-behavior: smooth; font-style: inherit; font-weight: inherit;\"><br style=\"box-sizing: inherit; scroll-behavior: smooth;\" \/>Illeluktende overflater eller s\u00f8l<\/span><span style=\"box-sizing: border-box; scroll-behavior: smooth; font-style: inherit; font-weight: inherit;\"><br style=\"box-sizing: inherit; scroll-behavior: smooth;\" \/>Fungerer p\u00e5 nesten alt<\/span><span style=\"box-sizing: border-box; scroll-behavior: smooth; color: #363636; font-weight: bold;\"><br style=\"box-sizing: inherit; scroll-behavior: smooth;\" \/><br style=\"box-sizing: inherit; scroll-behavior: smooth;\" \/>Slik bruker du APC \u2013 Universalrengj\u00f8ring<\/span><span style=\"box-sizing: border-box; scroll-behavior: smooth; color: #363636; font-weight: bold;\"><br style=\"box-sizing: inherit; scroll-behavior: smooth;\" \/><br style=\"box-sizing: inherit; scroll-behavior: smooth;\" \/>1.\u00a0<\/span><span style=\"box-sizing: border-box; scroll-behavior: smooth; font-style: inherit; font-weight: inherit;\">Dusj p\u00e5 hvilken som helst overflate (eller i en klut)<\/span><br style=\"box-sizing: border-box; scroll-behavior: smooth;\" \/><span style=\"box-sizing: border-box; scroll-behavior: smooth; color: #363636; font-weight: bold;\">2.\u00a0<\/span><span style=\"box-sizing: border-box; scroll-behavior: smooth; font-style: inherit; font-weight: inherit;\">Bruk en b\u00f8rste til \u00e5 rufse overflaten hvis den er veldig skitten.<\/span><br style=\"box-sizing: border-box; scroll-behavior: smooth;\" \/><span style=\"box-sizing: border-box; scroll-behavior: smooth; color: #363636; font-weight: bold;\">3.\u00a0<\/span><span style=\"box-sizing: border-box; scroll-behavior: smooth; font-style: inherit; font-weight: inherit;\">T\u00f8rk av med en mikrofiberklut.<\/span><br style=\"box-sizing: border-box; scroll-behavior: smooth;\" \/><span style=\"box-sizing: border-box; scroll-behavior: smooth; color: #363636; font-weight: bold;\">4.\u00a0<\/span><span style=\"box-sizing: border-box; scroll-behavior: smooth; font-style: inherit; font-weight: inherit;\">Ja, jeg vet, superenkel \u00e5 bruke!<\/span><br style=\"box-sizing: inherit; scroll-behavior: smooth;\" \/><br style=\"box-sizing: inherit; scroll-behavior: smooth;\" \/>APC \u2013 All-purpose cleaner er et sv\u00e6rt effektivt og plantebasert allrengj\u00f8ringsmiddel som ble brukt p\u00e5 innsiden av kj\u00f8ret\u00f8yet, men som fungerer like bra p\u00e5 kj\u00f8kkenet, dusjen, badet, b\u00e5ten eller ja, stort sett hvor som helst!<br style=\"box-sizing: inherit; scroll-behavior: smooth;\" \/>Helt trygg p\u00e5 materialer som tekstiler, l\u00e6r, Alcantara, plast, gummi osv. Rengj\u00f8r i \u00e9n omgang og etterlater ingen irriterende hinne.<br style=\"box-sizing: inherit; scroll-behavior: smooth;\" \/><br style=\"box-sizing: inherit; scroll-behavior: smooth;\" \/>Inneholder en helt fantastisk luktfjerningsfunksjon, blokkerer og &quot;dreper&quot; vond lukt, men holder den frisk. Finnes i duftene: Lime, Gr\u00f8nt eple, Fiolett, Melon, Bergamott, Eukalyptus eller Sedertre. Helt fri for faremerking (advarselssymboler p\u00e5 baksiden) og selvf\u00f8lgelig ingen hormonforstyrrende stoffer, som er vanligere enn du tror i universalrengj\u00f8ringsmidler p\u00e5 markedet.<br style=\"box-sizing: inherit; scroll-behavior: smooth;\" \/><br style=\"box-sizing: inherit; scroll-behavior: smooth;\" \/>Den er enkel \u00e5 fortynne hvis du har lyst. Du kan pr\u00f8ve den ut for \u00e5 se hva du liker best, men husk at jo mer du fortynner den, desto d\u00e5rligere vil luktblokkeringsfunksjonen v\u00e6re! Men alt mellom 1:1 og 1:25, avhengig av hvor skitten den er. Tilgjengelig i 500 ml og 5 l pakker.<br style=\"box-sizing: inherit; scroll-behavior: smooth;\" \/><br style=\"box-sizing: inherit; scroll-behavior: smooth;\" \/>Hvis du vil forsterke luktblokkeringsfunksjonen litt ekstra, kan du pr\u00f8ve \u00e5 spraye teppene i bilen og bruke viftens resirkuleringsfunksjon (slik at det kan sirkulere gjennom kanaler, filtre osv.). T\u00f8rk dem deretter av og nyt den friske duften.<br style=\"box-sizing: inherit; scroll-behavior: smooth;\" \/><br style=\"box-sizing: inherit; scroll-behavior: smooth;\" \/>Husk \u00e5 ikke bruke for mye trykk med kluten hvis du rengj\u00f8r en slitt innside. V\u00e6r litt forsiktig og bruk b\u00f8rster osv. for \u00e5 f\u00e5 ut smusset! Og selvf\u00f8lgelig ikke i direkte sollys osv.<span style=\"box-sizing: border-box; scroll-behavior: smooth; font-style: inherit; font-weight: inherit;\"><br style=\"box-sizing: inherit; scroll-behavior: smooth;\" \/><span style=\"box-sizing: inherit; scroll-behavior: smooth; color: #363636; font-weight: bold;\"><br style=\"box-sizing: inherit; scroll-behavior: smooth;\" \/>Selvf\u00f8lgelig fungerer det utmerket hjemme ogs\u00e5!<\/span><\/span><span style=\"box-sizing: inherit; scroll-behavior: smooth; color: #363636; font-weight: bold;\"><br style=\"box-sizing: inherit; scroll-behavior: smooth;\" \/><\/span><em style=\"box-sizing: inherit; scroll-behavior: smooth;\"><br style=\"box-sizing: inherit; scroll-behavior: smooth;\" \/><\/em>Oppbevares frostfritt<br style=\"box-sizing: inherit; scroll-behavior: smooth;\" \/><br style=\"box-sizing: inherit; scroll-behavior: smooth;\" \/><span style=\"box-sizing: inherit; scroll-behavior: smooth; color: #363636; font-weight: bold;\">Produktinformasjon og bruk<\/span><br style=\"box-sizing: inherit; scroll-behavior: smooth;\" \/><br style=\"box-sizing: inherit; scroll-behavior: smooth;\" \/>APC All-Purpose Cleaner er et sv\u00e6rt effektivt, plantebasert allrengj\u00f8ringsmiddel som er utviklet for \u00e5 rengj\u00f8re interi\u00f8ret i kj\u00f8ret\u00f8yet, men som ogs\u00e5 fungerer utmerket p\u00e5 kj\u00f8kkenet, i dusjen, p\u00e5 badet, i b\u00e5ten eller andre overflater. Rengj\u00f8ringsmiddelet er trygt \u00e5 bruke p\u00e5 materialer som tekstiler, l\u00e6r, Alcantara, plast, gummi og mer. APC Interior Cleaner etterlater ingen irriterende hinne og inneholder en fantastisk luktfjernende funksjon som blokkerer og \u00abdreper\u00bb vond lukt. Rengj\u00f8ringsmiddelet er tilgjengelig i f\u00f8lgende dufter: Lime, Gr\u00f8nt eple, Fiolett, Melon, Bergamott, Eukalyptus eller Sedertre.<\/p>\n<h2 style=\"box-sizing: inherit; scroll-behavior: smooth; margin: 1.1428em 0px clamp(1.5rem, 1.178rem + 1.322vw, 2.5rem); padding: 0px; font-size: 30.0265px; font-weight: 500; font-family: Manrope, serif; color: #363636; line-height: 33.0292px;\">Fordeler med APC universalrengj\u00f8ring<br style=\"box-sizing: inherit; scroll-behavior: smooth;\" \/><br style=\"box-sizing: inherit; scroll-behavior: smooth;\" \/><\/h2>\n<ul style=\"box-sizing: inherit; scroll-behavior: smooth; margin: 1em 0px 1em 2em; padding: 0px; list-style-position: outside; list-style-image: initial; color: #171717; font-family: Manrope, serif;\">\n<li style=\"box-sizing: inherit; scroll-behavior: smooth; margin: 0px; padding: 0px;\">\n<p style=\"box-sizing: inherit; scroll-behavior: smooth; margin: 0px 0px 20px; padding: 0px;\">H\u00f8y effektiv rengj\u00f8ring av kj\u00f8ret\u00f8yets interi\u00f8r og andre overflater<\/p>\n<\/li>\n<li style=\"box-sizing: inherit; scroll-behavior: smooth; margin: unset; padding: 0px;\">\n<p style=\"box-sizing: inherit; scroll-behavior: smooth; margin: 0px 0px 20px; padding: 0px;\">Trygg \u00e5 bruke p\u00e5 materialer som tekstiler, l\u00e6r, Alcantara, plast, gummi og mer<\/p>\n<\/li>\n<li style=\"box-sizing: inherit; scroll-behavior: smooth; margin: unset; padding: 0px;\">\n<p style=\"box-sizing: inherit; scroll-behavior: smooth; margin: 0px 0px 20px; padding: 0px;\">Etterlater ingen irriterende rester<\/p>\n<\/li>\n<li style=\"box-sizing: inherit; scroll-behavior: smooth; margin: unset; padding: 0px;\">\n<p style=\"box-sizing: inherit; scroll-behavior: smooth; margin: 0px 0px 20px; padding: 0px;\">Inneholder en fantastisk luktfjerningsfunksjon som blokkerer og \u00abdreper\u00bb vond lukt<\/p>\n<\/li>\n<li style=\"box-sizing: inherit; scroll-behavior: smooth; margin: unset; padding: 0px;\">\n<p style=\"box-sizing: inherit; scroll-behavior: smooth; margin: 0px 0px 20px; padding: 0px;\">Tilgjengelig i flere forskjellige dufter<\/p>\n<\/li>\n<\/ul>","protected":false},"excerpt":{"rendered":"<p>APC universalrengj\u00f8ringsmiddel for innsiden av kj\u00f8ret\u00f8yet, hjemmet ditt og ja, stort sett hvor som helst! Luktfjernende og plantebasert i mange naturlige dufter!<\/p>","protected":false},"featured_media":27715,"comment_status":"open","ping_status":"closed","template":"","meta":{"_acf_changed":false,"_smort_price_nok":"","_smort_price_dkk":"","_smort_price_eur":"","_smort_sale_price_nok":"","_smort_sale_price_dkk":"","_smort_sale_price_eur":"","smort_restorder":"","shipmondo_restorder":"","_kad_blocks_custom_css":"","_kad_blocks_head_custom_js":"","_kad_blocks_body_custom_js":"","_kad_blocks_footer_custom_js":"","smort_custom_pricelist_1":null,"smort_custom_pricelist_2":null,"smort_custom_pricelist_3":null,"smort_custom_pricelist_4":null,"smort_custom_pricelist_5":null},"anvandningsomrade":[],"bilmarken":[],"product_brand":[2893],"product_cat":[2988,378],"product_tag":[],"class_list":{"0":"post-27714","1":"product","2":"type-product","3":"status-publish","4":"has-post-thumbnail","6":"product_brand-tershine","7":"product_cat-biltvatt","8":"product_cat-bilvard","10":"first","11":"instock","12":"taxable","13":"shipping-taxable","14":"purchasable","15":"product-type-variable"},"bundled_by":[],"bundle_stock_status":"instock","bundle_stock_quantity":1,"bundle_virtual":false,"bundle_layout":"","bundle_add_to_cart_form_location":"","bundle_editable_in_cart":false,"bundle_sold_individually_context":"","bundle_item_grouping":"","bundle_min_size":"","bundle_max_size":"","bundle_price":[],"bundled_items":[],"bundle_sell_ids":[],"acf":[],"yoast_head":"<!-- This site is optimized with the Yoast SEO plugin v27.0 - https:\/\/yoast.com\/product\/yoast-seo-wordpress\/ -->\n<title>Tershine APC - Allreng\u00f6ring 500ml - Xenonkungen<\/title>\n<meta name=\"robots\" content=\"index, follow, max-snippet:-1, max-image-preview:large, max-video-preview:-1\" \/>\n<link rel=\"canonical\" href=\"https:\/\/xenonkungen.com\/no\/produkt\/tershine-apc-universalrengjoringsmiddel-500-ml\/\" \/>\n<meta property=\"og:locale\" content=\"nb_NO\" \/>\n<meta property=\"og:type\" content=\"article\" \/>\n<meta property=\"og:title\" content=\"Tershine APC - Allreng\u00f6ring 500ml - Xenonkungen\" \/>\n<meta property=\"og:description\" content=\"APC allreng\u00f6ringsmedel f\u00f6r insidan av fordonet, i hemmet och ja, i stort sett \u00f6verallt! Od\u00f6reliminerande och plantbaserad i m\u00e5nga naturliga dofter!\" \/>\n<meta property=\"og:url\" content=\"https:\/\/xenonkungen.com\/no\/produkt\/tershine-apc-universalrengjoringsmiddel-500-ml\/\" \/>\n<meta property=\"og:site_name\" content=\"Xenonkungen\" \/>\n<meta property=\"article:modified_time\" content=\"2026-04-24T16:46:59+00:00\" \/>\n<meta property=\"og:image\" content=\"https:\/\/xenonkungen.com\/wp-content\/uploads\/2026\/03\/CtyuKCbvDretWKcc2A5HJ1Zzl1tC4bhSqzTG24hj.webp\" \/>\n\t<meta property=\"og:image:width\" content=\"1024\" \/>\n\t<meta property=\"og:image:height\" content=\"1024\" \/>\n\t<meta property=\"og:image:type\" content=\"image\/webp\" \/>\n<meta name=\"twitter:card\" content=\"summary_large_image\" \/>\n<meta name=\"twitter:label1\" content=\"Ansl. lesetid\" \/>\n\t<meta name=\"twitter:data1\" content=\"3 minutter\" \/>\n<script type=\"application\/ld+json\" class=\"yoast-schema-graph\">{\"@context\":\"https:\/\/schema.org\",\"@graph\":[{\"@type\":\"WebPage\",\"@id\":\"https:\/\/xenonkungen.com\/produkt\/tershine-apc-allrengoring-500ml\/\",\"url\":\"https:\/\/xenonkungen.com\/produkt\/tershine-apc-allrengoring-500ml\/\",\"name\":\"Tershine APC - Allreng\u00f6ring 500ml - Xenonkungen\",\"isPartOf\":{\"@id\":\"https:\/\/xenonkungen.com\/#website\"},\"primaryImageOfPage\":{\"@id\":\"https:\/\/xenonkungen.com\/produkt\/tershine-apc-allrengoring-500ml\/#primaryimage\"},\"image\":{\"@id\":\"https:\/\/xenonkungen.com\/produkt\/tershine-apc-allrengoring-500ml\/#primaryimage\"},\"thumbnailUrl\":\"https:\/\/xenonkungen.com\/wp-content\/uploads\/2026\/03\/CtyuKCbvDretWKcc2A5HJ1Zzl1tC4bhSqzTG24hj.webp\",\"datePublished\":\"2026-03-13T14:28:28+00:00\",\"dateModified\":\"2026-04-24T16:46:59+00:00\",\"breadcrumb\":{\"@id\":\"https:\/\/xenonkungen.com\/produkt\/tershine-apc-allrengoring-500ml\/#breadcrumb\"},\"inLanguage\":\"nb-NO\",\"potentialAction\":[{\"@type\":\"ReadAction\",\"target\":[\"https:\/\/xenonkungen.com\/produkt\/tershine-apc-allrengoring-500ml\/\"]}]},{\"@type\":\"ImageObject\",\"inLanguage\":\"nb-NO\",\"@id\":\"https:\/\/xenonkungen.com\/produkt\/tershine-apc-allrengoring-500ml\/#primaryimage\",\"url\":\"https:\/\/xenonkungen.com\/wp-content\/uploads\/2026\/03\/CtyuKCbvDretWKcc2A5HJ1Zzl1tC4bhSqzTG24hj.webp\",\"contentUrl\":\"https:\/\/xenonkungen.com\/wp-content\/uploads\/2026\/03\/CtyuKCbvDretWKcc2A5HJ1Zzl1tC4bhSqzTG24hj.webp\",\"width\":1024,\"height\":1024},{\"@type\":\"BreadcrumbList\",\"@id\":\"https:\/\/xenonkungen.com\/produkt\/tershine-apc-allrengoring-500ml\/#breadcrumb\",\"itemListElement\":[{\"@type\":\"ListItem\",\"position\":1,\"name\":\"Hem\",\"item\":\"https:\/\/xenonkungen.com\/\"},{\"@type\":\"ListItem\",\"position\":2,\"name\":\"Shop\",\"item\":\"https:\/\/xenonkungen.com\/shop\/\"},{\"@type\":\"ListItem\",\"position\":3,\"name\":\"Tershine APC &#8211; Allreng\u00f6ring 500ml\"}]},{\"@type\":\"WebSite\",\"@id\":\"https:\/\/xenonkungen.com\/#website\",\"url\":\"https:\/\/xenonkungen.com\/\",\"name\":\"Xenonkungen\",\"description\":\"\",\"potentialAction\":[{\"@type\":\"SearchAction\",\"target\":{\"@type\":\"EntryPoint\",\"urlTemplate\":\"https:\/\/xenonkungen.com\/?s={search_term_string}\"},\"query-input\":{\"@type\":\"PropertyValueSpecification\",\"valueRequired\":true,\"valueName\":\"search_term_string\"}}],\"inLanguage\":\"nb-NO\"}]}<\/script>\n<!-- \/ Yoast SEO plugin. -->","yoast_head_json":{"title":"Tershine APC - Universalrengj\u00f8ringsmiddel 500ml - Xenon-kongen","robots":{"index":"index","follow":"follow","max-snippet":"max-snippet:-1","max-image-preview":"max-image-preview:large","max-video-preview":"max-video-preview:-1"},"canonical":"https:\/\/xenonkungen.com\/no\/produkt\/tershine-apc-universalrengjoringsmiddel-500-ml\/","og_locale":"nb_NO","og_type":"article","og_title":"Tershine APC - Allreng\u00f6ring 500ml - Xenonkungen","og_description":"APC allreng\u00f6ringsmedel f\u00f6r insidan av fordonet, i hemmet och ja, i stort sett \u00f6verallt! Od\u00f6reliminerande och plantbaserad i m\u00e5nga naturliga dofter!","og_url":"https:\/\/xenonkungen.com\/no\/produkt\/tershine-apc-universalrengjoringsmiddel-500-ml\/","og_site_name":"Xenonkungen","article_modified_time":"2026-04-24T16:46:59+00:00","og_image":[{"width":1024,"height":1024,"url":"https:\/\/xenonkungen.com\/wp-content\/uploads\/2026\/03\/CtyuKCbvDretWKcc2A5HJ1Zzl1tC4bhSqzTG24hj.webp","type":"image\/webp"}],"twitter_card":"summary_large_image","twitter_misc":{"Ansl. lesetid":"3 minutter"},"schema":{"@context":"https:\/\/schema.org","@graph":[{"@type":"WebPage","@id":"https:\/\/xenonkungen.com\/produkt\/tershine-apc-allrengoring-500ml\/","url":"https:\/\/xenonkungen.com\/produkt\/tershine-apc-allrengoring-500ml\/","name":"Tershine APC - Universalrengj\u00f8ringsmiddel 500ml - Xenon-kongen","isPartOf":{"@id":"https:\/\/xenonkungen.com\/#website"},"primaryImageOfPage":{"@id":"https:\/\/xenonkungen.com\/produkt\/tershine-apc-allrengoring-500ml\/#primaryimage"},"image":{"@id":"https:\/\/xenonkungen.com\/produkt\/tershine-apc-allrengoring-500ml\/#primaryimage"},"thumbnailUrl":"https:\/\/xenonkungen.com\/wp-content\/uploads\/2026\/03\/CtyuKCbvDretWKcc2A5HJ1Zzl1tC4bhSqzTG24hj.webp","datePublished":"2026-03-13T14:28:28+00:00","dateModified":"2026-04-24T16:46:59+00:00","breadcrumb":{"@id":"https:\/\/xenonkungen.com\/produkt\/tershine-apc-allrengoring-500ml\/#breadcrumb"},"inLanguage":"nb-NO","potentialAction":[{"@type":"ReadAction","target":["https:\/\/xenonkungen.com\/produkt\/tershine-apc-allrengoring-500ml\/"]}]},{"@type":"ImageObject","inLanguage":"nb-NO","@id":"https:\/\/xenonkungen.com\/produkt\/tershine-apc-allrengoring-500ml\/#primaryimage","url":"https:\/\/xenonkungen.com\/wp-content\/uploads\/2026\/03\/CtyuKCbvDretWKcc2A5HJ1Zzl1tC4bhSqzTG24hj.webp","contentUrl":"https:\/\/xenonkungen.com\/wp-content\/uploads\/2026\/03\/CtyuKCbvDretWKcc2A5HJ1Zzl1tC4bhSqzTG24hj.webp","width":1024,"height":1024},{"@type":"BreadcrumbList","@id":"https:\/\/xenonkungen.com\/produkt\/tershine-apc-allrengoring-500ml\/#breadcrumb","itemListElement":[{"@type":"ListItem","position":1,"name":"Hem","item":"https:\/\/xenonkungen.com\/"},{"@type":"ListItem","position":2,"name":"Shop","item":"https:\/\/xenonkungen.com\/shop\/"},{"@type":"ListItem","position":3,"name":"Tershine APC &#8211; Allreng\u00f6ring 500ml"}]},{"@type":"WebSite","@id":"https:\/\/xenonkungen.com\/#website","url":"https:\/\/xenonkungen.com\/","name":"Xenonkungen","description":"","potentialAction":[{"@type":"SearchAction","target":{"@type":"EntryPoint","urlTemplate":"https:\/\/xenonkungen.com\/?s={search_term_string}"},"query-input":{"@type":"PropertyValueSpecification","valueRequired":true,"valueName":"search_term_string"}}],"inLanguage":"nb-NO"}]}},"taxonomy_info":{"product_brand":[{"value":2893,"label":"Tershine"}],"product_cat":[{"value":2988,"label":"1 | Biltv\u00e4tt"},{"value":378,"label":"Bilv\u00e5rd"}]},"featured_image_src_large":["https:\/\/xenonkungen.com\/wp-content\/uploads\/2026\/03\/CtyuKCbvDretWKcc2A5HJ1Zzl1tC4bhSqzTG24hj.webp",1024,1024,false],"author_info":[],"comment_info":0,"_links":{"self":[{"href":"https:\/\/xenonkungen.com\/no\/wp-json\/wp\/v2\/product\/27714","targetHints":{"allow":["GET"]}}],"collection":[{"href":"https:\/\/xenonkungen.com\/no\/wp-json\/wp\/v2\/product"}],"about":[{"href":"https:\/\/xenonkungen.com\/no\/wp-json\/wp\/v2\/types\/product"}],"replies":[{"embeddable":true,"href":"https:\/\/xenonkungen.com\/no\/wp-json\/wp\/v2\/comments?post=27714"}],"wp:featuredmedia":[{"embeddable":true,"href":"https:\/\/xenonkungen.com\/no\/wp-json\/wp\/v2\/media\/27715"}],"wp:attachment":[{"href":"https:\/\/xenonkungen.com\/no\/wp-json\/wp\/v2\/media?parent=27714"}],"wp:term":[{"taxonomy":"anvandningsomrade","embeddable":true,"href":"https:\/\/xenonkungen.com\/no\/wp-json\/wp\/v2\/anvandningsomrade?post=27714"},{"taxonomy":"bilmarken","embeddable":true,"href":"https:\/\/xenonkungen.com\/no\/wp-json\/wp\/v2\/bilmarken?post=27714"},{"taxonomy":"product_brand","embeddable":true,"href":"https:\/\/xenonkungen.com\/no\/wp-json\/wp\/v2\/product_brand?post=27714"},{"taxonomy":"product_cat","embeddable":true,"href":"https:\/\/xenonkungen.com\/no\/wp-json\/wp\/v2\/product_cat?post=27714"},{"taxonomy":"product_tag","embeddable":true,"href":"https:\/\/xenonkungen.com\/no\/wp-json\/wp\/v2\/product_tag?post=27714"}],"curies":[{"name":"wp","href":"https:\/\/api.w.org\/{rel}","templated":true}]}}